{"id":1915,"date":"2024-12-26T00:50:23","date_gmt":"2024-12-26T00:50:23","guid":{"rendered":"https:\/\/fmp-components.com\/?page_id=8"},"modified":"2024-12-26T00:50:23","modified_gmt":"2024-12-26T00:50:23","slug":"rotary-mower-gearbox-replacement-of-comer-code-lf-139a","status":"publish","type":"product","link":"https:\/\/fmp-components.com\/hu\/product\/rotary-mower-gearbox-replacement-of-comer-code-lf-139a\/","title":{"rendered":"Rot\u00e1ci\u00f3s f\u0171ny\u00edr\u00f3 sebess\u00e9gv\u00e1lt\u00f3 \u2013 Comer LF-139A k\u00f3d\u00fa v\u00e1lt\u00f3 cser\u00e9je"},"content":{"rendered":"<h2>LF-139A forg\u00f3f\u0171ny\u00edr\u00f3 sebess\u00e9gv\u00e1lt\u00f3 specifik\u00e1ci\u00f3i<\/h2>\n<p><img loading=\"lazy\" decoding=\"async\" class=\"alignnone size-full wp-image-1920\" src=\"https:\/\/fmp-components.com\/wp-content\/uploads\/2024\/12\/rotary-mower-gearbox-specification-1.webp\" alt=\"rot\u00e1ci\u00f3s-f\u0171ny\u00edr\u00f3-sebess\u00e9gv\u00e1lt\u00f3-specifik\u00e1ci\u00f3\" width=\"947\" height=\"492\" title=\"\" srcset=\"https:\/\/fmp-components.com\/wp-content\/uploads\/2024\/12\/rotary-mower-gearbox-specification-1.webp 947w, https:\/\/fmp-components.com\/wp-content\/uploads\/2024\/12\/rotary-mower-gearbox-specification-1-480x249.webp 480w\" sizes=\"(min-width: 0px) and (max-width: 480px) 480px, (min-width: 481px) 947px, 100vw\" \/><\/p>\n<table style=\"width: 100%; height: 137px;\" border=\"1\" width=\"100%\" cellspacing=\"0\" cellpadding=\"0\">\n<tbody>\n<tr style=\"height: 23px;\">\n<td style=\"height: 46px;\" rowspan=\"2\"><strong>\u00e9n<\/strong><\/td>\n<td style=\"height: 46px;\" rowspan=\"2\"><strong>\u00c9<sub>1<\/sub>[fordulat]<\/strong><\/td>\n<td style=\"height: 46px;\" rowspan=\"2\"><strong>P<sub>1<\/sub>[kW]<\/strong><\/td>\n<td style=\"height: 46px;\" rowspan=\"2\"><strong>M<sub>2<\/sub>[Nm]<\/strong><\/td>\n<td style=\"height: 23px;\" colspan=\"2\"><strong>Tengely t\u00edpusa<\/strong><\/td>\n<td style=\"height: 46px;\" rowspan=\"2\"><strong>Bemenet<\/strong><\/td>\n<\/tr>\n<tr style=\"height: 23px;\">\n<td style=\"height: 23px;\"><strong>X<\/strong><\/td>\n<td style=\"height: 23px;\"><strong>Z<\/strong><\/td>\n<\/tr>\n<tr style=\"height: 68px;\">\n<td style=\"height: 68px;\">1.50<\/td>\n<td style=\"height: 68px;\">540<\/td>\n<td style=\"height: 68px;\">66<\/td>\n<td style=\"height: 68px;\">755<\/td>\n<td style=\"height: 68px;\">1\u201d 3\/8 Z6<\/p>\n<p>1\u201d 3\/4\" Z20<\/td>\n<td style=\"height: 68px;\">Hub kapcsolat<\/td>\n<td style=\"height: 68px;\">X<\/td>\n<\/tr>\n<tr style=\"height: 23px;\">\n<td style=\"height: 23px;\">1.20<\/td>\n<td style=\"height: 23px;\">1000<\/td>\n<td style=\"height: 23px;\">66<\/td>\n<td style=\"height: 23px;\">509<\/td>\n<td style=\"height: 23px;\">1\u201d 3\/4\" Z20<\/td>\n<td style=\"height: 23px;\">Hub kapcsolat<\/td>\n<td style=\"height: 23px;\">X<\/td>\n<\/tr>\n<\/tbody>\n<\/table>\n<h3>Rot\u00e1ci\u00f3s f\u0171ny\u00edr\u00f3 sebess\u00e9gv\u00e1lt\u00f3j\u00e1nak ellen\u0151rz\u00e9se \u00e9s karbantart\u00e1sa<\/h3>\n<ol>\n<li><strong>Olajszint ellen\u0151rz\u00e9se (olajszintellen\u0151rz\u0151 csavarral ell\u00e1tott sebess\u00e9gv\u00e1lt\u00f3k eset\u00e9n)<\/strong> Az optim\u00e1lis ken\u00e9s biztos\u00edt\u00e1sa \u00e9rdek\u00e9ben elengedhetetlen a forg\u00f3f\u0171ny\u00edr\u00f3 hajt\u00f3m\u0171v\u00e9nek olajszintj\u00e9nek rendszeres ellen\u0151rz\u00e9se. El\u0151sz\u00f6r ellen\u0151rizze, hogy az olajszint megfelel\u0151-e \u00e9s az olaj min\u0151s\u00e9ge megfelel\u0151-e. Ha az olajszint alacsony, akkor az aj\u00e1nlott olajt\u00edpussal kell felt\u00f6lteni. Az ellen\u0151rz\u00e9s ut\u00e1n biztons\u00e1gosan csavarja vissza az olajszint-ellen\u0151rz\u0151 csavart, hogy elker\u00fclje a sziv\u00e1rg\u00e1st vagy szennyez\u0151d\u00e9st.<\/li>\n<li><strong>Olajcsere<\/strong> A sebess\u00e9gv\u00e1lt\u00f3 olaj\u00e1nak cser\u00e9je elengedhetetlen a megfelel\u0151 m\u0171k\u00f6d\u00e9s fenntart\u00e1s\u00e1hoz \u00e9s az \u00e9lettartam meghosszabb\u00edt\u00e1s\u00e1hoz. Az olajcser\u00e9t mindig \u00fczemmeleg sebess\u00e9gv\u00e1lt\u00f3 eset\u00e9n v\u00e9gezze el, hogy biztos\u00edtsa a teljes olajleereszt\u00e9st. A csere megkezd\u00e9se el\u0151tt gy\u0151z\u0151dj\u00f6n meg arr\u00f3l, hogy a t\u00e1pell\u00e1t\u00e1s le van kapcsolva az \u00e1ram\u00fct\u00e9s vesz\u00e9ly\u00e9nek elker\u00fcl\u00e9se \u00e9rdek\u00e9ben. Miut\u00e1n a sebess\u00e9gv\u00e1lt\u00f3 leh\u0171lt \u00e9s biztons\u00e1gosan kezelhet\u0151, az olaj viszkozit\u00e1sa megn\u0151, ami megnehez\u00edti az leereszt\u00e9st. Ez\u00e9rt hagyja a sebess\u00e9gv\u00e1lt\u00f3t teljesen leh\u0171lni, miel\u0151tt elt\u00e1vol\u00edtja a leereszt\u0151 csavart \u00e9s kicser\u00e9li az olajat. Az optim\u00e1lis teljes\u00edtm\u00e9ny \u00e9rdek\u00e9ben haszn\u00e1lja a gy\u00e1rt\u00f3 \u00e1ltal aj\u00e1nlott olajt\u00edpust.<\/li>\n<li><strong>Olajszint-ellen\u0151rz\u00e9s<\/strong> A sebess\u00e9gv\u00e1lt\u00f3 olajszintj\u00e9nek ellen\u0151rz\u00e9s\u00e9hez el\u0151sz\u00f6r gy\u0151z\u0151dj\u00f6n meg arr\u00f3l, hogy a t\u00e1pell\u00e1t\u00e1s ki van kapcsolva az \u00e1ram\u00fct\u00e9s elker\u00fcl\u00e9se \u00e9rdek\u00e9ben. V\u00e1rja meg, am\u00edg a f\u0171ny\u00edr\u00f3 sebess\u00e9gv\u00e1lt\u00f3ja leh\u0171l, majd vegye ki az olajszint-ellen\u0151rz\u0151 csavart az olajszint ellen\u0151rz\u00e9s\u00e9hez. Ha az olajszint alacsony, t\u00f6ltse fel a gy\u00e1rt\u00f3 utas\u00edt\u00e1sai szerint. Miut\u00e1n az olajszintet be\u00e1ll\u00edtotta, gondosan z\u00e1rja el az olajszint-ellen\u0151rz\u0151 csavart, hogy m\u0171k\u00f6d\u00e9s k\u00f6zben ne forduljon el\u0151 sziv\u00e1rg\u00e1s.<\/li>\n<li><strong>Olajmin\u0151s\u00e9g-ellen\u0151rz\u00e9s<\/strong> Az olajmin\u0151s\u00e9g rendszeres ellen\u0151rz\u00e9se elengedhetetlen a szennyez\u0151d\u00e9s vagy a leboml\u00e1s jeleinek \u00e9szlel\u00e9s\u00e9hez. Miut\u00e1n kikapcsolta a motort \u00e9s hagyta leh\u0171lni a sebess\u00e9gv\u00e1lt\u00f3t, vegyen ki egy olajmint\u00e1t. Ellen\u0151rizze az elsz\u00ednez\u0151d\u00e9st, zavaross\u00e1got vagy r\u00e9szecsk\u00e9k jelenl\u00e9t\u00e9t. Ha az olaj zavarosnak t\u0171nik, vagy t\u00falzott kop\u00e1s jeleit mutatja, elengedhetetlen az azonnali cser\u00e9je a sebess\u00e9gv\u00e1lt\u00f3 k\u00e1rosod\u00e1s\u00e1nak elker\u00fcl\u00e9se \u00e9rdek\u00e9ben. A viszkozit\u00e1si index \u00e9s az olaj egy\u00e9b tulajdons\u00e1gainak ellen\u0151rz\u00e9se biztos\u00edtja a z\u00f6kken\u0151mentes m\u0171k\u00f6d\u00e9st \u00e9s minimaliz\u00e1lja a sebess\u00e9gv\u00e1lt\u00f3 meghib\u00e1sod\u00e1s\u00e1nak kock\u00e1zat\u00e1t.<\/li>\n<\/ol>\n<h2>Kard\u00e1ntengelyek \u00e9s forg\u00f3f\u0171ny\u00edr\u00f3 hajt\u00f3m\u0171vek<\/h2>\n<p>Amikor forg\u00f3 f\u0171ny\u00edr\u00f3 sebess\u00e9gv\u00e1lt\u00f3j\u00e1hoz PTO (teljes\u00edtm\u00e9nylead\u00f3 tengely) v\u00e1laszt, sz\u00e1mos kulcsfontoss\u00e1g\u00fa t\u00e9nyez\u0151t kell figyelembe venni a megfelel\u0151 m\u0171k\u00f6d\u00e9s \u00e9s hossz\u00fa \u00e9lettartam biztos\u00edt\u00e1sa \u00e9rdek\u00e9ben. El\u0151sz\u00f6r is ellen\u0151rizze, hogy a PTO tengely hossza megfelel\u0151-e az adott be\u00e1ll\u00edt\u00e1shoz. M\u00e9rje meg a traktor PTO tengely\u00e9nek k\u00f6zep\u00e9t\u0151l a sebess\u00e9gv\u00e1lt\u00f3 bemeneti tengely\u00e9nek k\u00f6zep\u00e9ig terjed\u0151 hosszt a megfelel\u0151 be\u00e1ll\u00edt\u00e1s biztos\u00edt\u00e1sa \u00e9rdek\u00e9ben.<\/p>\n<p>A kard\u00e1ntengely \u00e1tm\u00e9r\u0151j\u00e9nek meg kell egyeznie a traktor teljes\u00edtm\u00e9ny\u00e9vel \u00e9s a sebess\u00e9gv\u00e1lt\u00f3 nyomat\u00e9kk\u00f6vetelm\u00e9nyeivel. Ez az inform\u00e1ci\u00f3 \u00e1ltal\u00e1ban a gy\u00e1rt\u00f3 specifik\u00e1ci\u00f3iban tal\u00e1lhat\u00f3, amelyek seg\u00edtenek a megfelel\u0151 tengelym\u00e9ret kiv\u00e1laszt\u00e1s\u00e1ban. A helytelen m\u00e9ret\u0171 kard\u00e1ntengely haszn\u00e1lata nem hat\u00e9kony m\u0171k\u00f6d\u00e9shez, t\u00falzott kop\u00e1shoz \u00e9s ak\u00e1r mechanikai meghib\u00e1sod\u00e1shoz is vezethet.<\/p>\n<p>A megfelel\u0151 m\u00e9ret kiv\u00e1laszt\u00e1s\u00e1n t\u00fal fontos a kard\u00e1ntengely rendszeres ellen\u0151rz\u00e9se kop\u00e1s, s\u00e9r\u00fcl\u00e9s vagy hib\u00e1s be\u00e1ll\u00edt\u00e1s jelei szempontj\u00e1b\u00f3l. Ellen\u0151rizze, hogy nincsenek-e rajta reped\u00e9sek, g\u00f6rb\u00fcl\u00e9sek vagy t\u00falzott ken\u00e9svesztes\u00e9g, \u00e9s gy\u0151z\u0151dj\u00f6n meg arr\u00f3l, hogy a csatlakoz\u00e1sok biztons\u00e1gosan r\u00f6gz\u00edtve vannak. A rendszeres karbantart\u00e1s seg\u00edt megel\u0151zni az \u00e1ll\u00e1sid\u0151t, \u00e9s biztos\u00edtja mind a kard\u00e1ntengely, mind a forg\u00f3f\u0171ny\u00edr\u00f3 sebess\u00e9gv\u00e1lt\u00f3j\u00e1nak biztons\u00e1gos \u00e9s hat\u00e9kony m\u0171k\u00f6d\u00e9s\u00e9t.<\/p>\n<p>Az FMP forg\u00f3f\u0171ny\u00edr\u00f3 hajt\u00f3m\u0171vek \u00e9s kard\u00e1ntengelyek sz\u00e9les v\u00e1laszt\u00e9k\u00e1t k\u00edn\u00e1lja, bele\u00e9rtve az LF 139A modellt, valamint sz\u00e1mos m\u00e1s, mez\u0151gazdas\u00e1gi alkalmaz\u00e1sokhoz tervezett, nagy teljes\u00edtm\u00e9ny\u0171 term\u00e9ket. A megfelel\u0151 karbantart\u00e1s biztos\u00edt\u00e1sa \u00e9s az alkatr\u00e9szek kiv\u00e1laszt\u00e1sa maximaliz\u00e1lja berendez\u00e9se hat\u00e9konys\u00e1g\u00e1t \u00e9s \u00e9lettartam\u00e1t, \u00edgy a f\u00f6ldter\u00fcletek karbantart\u00e1sa k\u00f6nnyebb \u00e9s k\u00f6lts\u00e9ghat\u00e9konyabb.<\/p>\n<p><img loading=\"lazy\" decoding=\"async\" class=\"alignnone size-full wp-image-1921\" src=\"https:\/\/fmp-components.com\/wp-content\/uploads\/2024\/12\/pto-and-rotary-mower-gearbox-1.webp\" alt=\"TLT-\u00e9s-forg\u00f3f\u0171ny\u00edr\u00f3-hajt\u00f3m\u0171\" width=\"920\" height=\"690\" title=\"\" srcset=\"https:\/\/fmp-components.com\/wp-content\/uploads\/2024\/12\/pto-and-rotary-mower-gearbox-1.webp 920w, https:\/\/fmp-components.com\/wp-content\/uploads\/2024\/12\/pto-and-rotary-mower-gearbox-1-480x360.webp 480w\" sizes=\"(min-width: 0px) and (max-width: 480px) 480px, (min-width: 481px) 920px, 100vw\" \/><\/p>\n<h3>Az FMP-r\u0151l<\/h3>\n<p>Az olaszorsz\u00e1gi sz\u00e9khely\u0171 FMP vezet\u0151 v\u00e1llalat, amely a sebess\u00e9gv\u00e1lt\u00f3k, reduktorok \u00e9s g\u00e9p\u00e9szeti g\u00e9pek kutat\u00e1sa, fejleszt\u00e9se \u00e9s gy\u00e1rt\u00e1sa ter\u00e9n szerzett szak\u00e9rtelm\u00e9r\u0151l ismert. Az innov\u00e1ci\u00f3, a min\u0151s\u00e9g \u00e9s a tehets\u00e9ggondoz\u00e1s ir\u00e1nti elk\u00f6telezetts\u00e9g\u00e9vel az FMP kulcsfontoss\u00e1g\u00fa szerepl\u0151v\u00e9 v\u00e1lt a g\u00e9p\u00e9szm\u00e9rn\u00f6ki iparban. A v\u00e1llalat folyamatos fejleszt\u00e9s \u00e9s kiv\u00e1l\u00f3s\u00e1g ir\u00e1nti elk\u00f6telezetts\u00e9ge er\u0151s h\u00edrnevet szerzett neki mind a hazai, mind a nemzetk\u00f6zi piacokon.<\/p>\n<p><strong>\u00c1tfog\u00f3 term\u00e9kportf\u00f3li\u00f3<\/strong><\/p>\n<p>Az FMP sz\u00e9les v\u00e1laszt\u00e9kban k\u00edn\u00e1l nagy teljes\u00edtm\u00e9ny\u0171 term\u00e9keket, amelyeket a k\u00fcl\u00f6nb\u00f6z\u0151 ipar\u00e1gak ig\u00e9nyeinek kiel\u00e9g\u00edt\u00e9s\u00e9re terveztek. Term\u00e9kportf\u00f3li\u00f3ja a k\u00f6vetkez\u0151ket tartalmazza:<\/p>\n<ul>\n<li>Spir\u00e1lis k\u00fapkerekes hajt\u00f3m\u0171vek<\/li>\n<li>Homlokkerekes sebess\u00e9gv\u00e1lt\u00f3k<\/li>\n<li>Csigahajt\u00f3m\u0171vek<\/li>\n<li>Hengeres sebess\u00e9gv\u00e1lt\u00f3k<\/li>\n<li>Nagynyom\u00e1s\u00fa \u00f6nt\u00f6tt szeleptestek \u00e9s h\u00e1zak<\/li>\n<\/ul>\n<p>Minden term\u00e9k\u00fcnket prec\u00edzen tervezz\u00fck, biztos\u00edtva a megb\u00edzhat\u00f3 \u00e9s hat\u00e9kony teljes\u00edtm\u00e9nyt. Ak\u00e1r nagy ig\u00e9nybev\u00e9tel\u0171 ipari felhaszn\u00e1l\u00e1sr\u00f3l, ak\u00e1r speci\u00e1lis alkalmaz\u00e1sokr\u00f3l van sz\u00f3, az FMP sebess\u00e9gv\u00e1lt\u00f3i \u00e9s alkatr\u00e9szei optim\u00e1lis eredm\u00e9nyek el\u00e9r\u00e9s\u00e9re k\u00e9sz\u00fclnek.<\/p>\n<p><strong>Sz\u00e9les k\u00f6r\u0171 alkalmaz\u00e1sok az ipar\u00e1gakban<\/strong><\/p>\n<p>Az FMP term\u00e9keinek sokoldal\u00fas\u00e1ga sz\u00e9les k\u00f6r\u0171 ipar\u00e1gak sz\u00e1m\u00e1ra alkalmass\u00e1 teszi \u0151ket. A mez\u0151gazdas\u00e1gi szektorban sebess\u00e9gv\u00e1lt\u00f3ik olyan alapvet\u0151 g\u00e9peket hajtanak, mint a forg\u00f3f\u0171ny\u00edr\u00f3k, h\u00f3sepr\u0151k, m\u0171tr\u00e1gyasz\u00f3r\u00f3k \u00e9s gabonasz\u00e1ll\u00edt\u00f3k. A mez\u0151gazdas\u00e1g mellett az FMP ipari g\u00e9palkatr\u00e9szeket is sz\u00e1ll\u00edt olajkitermel\u00e9shez, tengeri rendszerekhez \u00e9s v\u00edz\u00e9p\u00edt\u00e9si projektekhez. Ez a sz\u00e9lesk\u00f6r\u0171 felhaszn\u00e1l\u00e1si k\u00f6r bizony\u00edtja az FMP term\u00e9kk\u00edn\u00e1lat\u00e1nak alkalmazkod\u00f3k\u00e9pess\u00e9g\u00e9t \u00e9s sz\u00e9les k\u00f6r\u0171 vonzerej\u00e9t.<\/p>\n<p><strong>Fejlett gy\u00e1rt\u00e1si kiv\u00e1l\u00f3s\u00e1g<\/strong><\/p>\n<p>Az FMP min\u0151s\u00e9g ir\u00e1nti elk\u00f6telezetts\u00e9ge a fejlett gy\u00e1rt\u00e1si folyamatokban is megmutatkozik. A kezdeti tervez\u00e9si f\u00e1zist\u00f3l a v\u00e9gs\u0151 \u00f6sszeszerel\u00e9sig minden term\u00e9k prec\u00edz kivitelez\u00e9s\u0171. A v\u00e1llalat kiz\u00e1r\u00f3lag kiv\u00e1l\u00f3 min\u0151s\u00e9g\u0171 anyagokat, p\u00e9ld\u00e1ul \u00f6nt\u00f6ttvasat \u00e9s alum\u00ednium\u00f6tv\u00f6zeteket haszn\u00e1l a tart\u00f3ss\u00e1g \u00e9s a teljes\u00edtm\u00e9ny biztos\u00edt\u00e1sa \u00e9rdek\u00e9ben. Fejlett megmunk\u00e1l\u00e1si technik\u00e1kat, bele\u00e9rtve az eszterg\u00e1l\u00e1st \u00e9s a mar\u00e1st, alkalmaznak minden egyes alkatr\u00e9sz szigor\u00fa szabv\u00e1nyoknak megfelel\u0151 gy\u00e1rt\u00e1s\u00e1hoz. Az \u00f6sszeszerel\u00e9si folyamat a megfelel\u0151 illeszt\u00e9sre \u00e9s ken\u00e9sre \u00f6sszpontos\u00edt a z\u00f6kken\u0151mentes m\u0171k\u00f6d\u00e9s \u00e9rdek\u00e9ben, m\u00edg a h\u0151kezel\u00e9s \u00e9s a fel\u00fcleti bevonatok fokozz\u00e1k a szil\u00e1rds\u00e1got, a kop\u00e1s\u00e1ll\u00f3s\u00e1got \u00e9s a megjelen\u00e9st. Szigor\u00fa min\u0151s\u00e9gellen\u0151rz\u00e9si elj\u00e1r\u00e1sok biztos\u00edtj\u00e1k, hogy minden term\u00e9k megfeleljen a legmagasabb teljes\u00edtm\u00e9nyk\u00f6vetelm\u00e9nyeknek a stabilit\u00e1s, a megb\u00edzhat\u00f3s\u00e1g \u00e9s a hossz\u00fa \u00e9lettartam tekintet\u00e9ben.<\/p>\n<p><strong>Ipar\u00e1gi h\u00edrn\u00e9v \u00e9s glob\u00e1lis partners\u00e9gek<\/strong><\/p>\n<p>Az FMP elk\u00f6telezett a kiv\u00e1l\u00f3 term\u00e9kek sz\u00e1ll\u00edt\u00e1sa \u00e9s a kiv\u00e9teles \u00fcgyf\u00e9lszolg\u00e1lat ir\u00e1nt, ami kiv\u00e1l\u00f3 h\u00edrnevet szerzett a gy\u00e1rt\u00f3iparban. A v\u00e1llalat szak\u00e9rtelemre, innov\u00e1ci\u00f3ra \u00e9s \u00fcgyf\u00e9l-el\u00e9gedetts\u00e9gre val\u00f3 \u00f6sszpontos\u00edt\u00e1sa folyamatos siker\u00e9nek motorja. Az FMP \u00fcdv\u00f6zli a glob\u00e1lis partners\u00e9geket, \u00e9s elk\u00f6telezett amellett, hogy olyan testreszabott megold\u00e1sokat ny\u00fajtson, amelyek megfelelnek az \u00fcgyfelek egyedi ig\u00e9nyeinek vil\u00e1gszerte. Term\u00e9keivel \u00e9s szolg\u00e1ltat\u00e1saival kapcsolatos tov\u00e1bbi inform\u00e1ci\u00f3k\u00e9rt a leend\u0151 partnerek k\u00f6nnyen kapcsolatba l\u00e9phetnek az FMP-vel telefonon vagy e-mailben, meger\u0151s\u00edtve a v\u00e1llalat elk\u00f6telezetts\u00e9g\u00e9t az \u00fcgyf\u00e9lk\u00f6zpont\u00fa kiv\u00e1l\u00f3s\u00e1g ir\u00e1nt.<\/p>\n<p><img loading=\"lazy\" decoding=\"async\" class=\"alignnone size-full wp-image-1861\" src=\"https:\/\/fmp-components.com\/wp-content\/uploads\/2024\/12\/Other-Agricultural-Gearboxes.webp\" sizes=\"(min-width: 0px) and (max-width: 480px) 480px, (min-width: 481px) and (max-width: 980px) 980px, (min-width: 981px) 1200px, 100vw\" srcset=\"https:\/\/fmp-components.com\/wp-content\/uploads\/2024\/12\/Other-Agricultural-Gearboxes.webp 1200w, https:\/\/fmp-components.com\/wp-content\/uploads\/2024\/12\/Other-Agricultural-Gearboxes-980x1143.webp 980w, https:\/\/fmp-components.com\/wp-content\/uploads\/2024\/12\/Other-Agricultural-Gearboxes-480x560.webp 480w\" alt=\"Egy\u00e9b-Mez\u0151gazdas\u00e1gi-Sebess\u00e9gv\u00e1lt\u00f3k\" width=\"1200\" height=\"1400\" title=\"\"><\/p>\n<p>Szerz\u0151: CX<\/p>","protected":false},"excerpt":{"rendered":"<p>Rotary Mower Gearbox LF-139A\u00a0Specifications i N1[rpm] P1[kW] M2[Nm] Shaft Type Input X Z 1.50 540 66 755 1&#8221; 3\/8 Z6 1&#8221; 3\/4 Z20 Hub connection X 1.20 1000 66 509 1&#8221; 3\/4 Z20 Hub connection X Rotary Mower Gearbox Inspection and Maintenance Oil Level Check (For Gearboxes with Oil Level Plugs) It is essential to [&hellip;]<\/p>","protected":false},"featured_media":1922,"comment_status":"open","ping_status":"closed","template":"","meta":{"_et_pb_use_builder":"","_et_pb_old_content":"","_et_gb_content_width":""},"product_brand":[],"product_cat":[51],"product_tag":[],"class_list":{"0":"post-1915","1":"product","2":"type-product","3":"status-publish","4":"has-post-thumbnail","6":"product_cat-rotary-mower-gearbox","8":"first","9":"instock","10":"shipping-taxable","11":"product-type-simple"},"_links":{"self":[{"href":"https:\/\/fmp-components.com\/hu\/wp-json\/wp\/v2\/product\/1915","targetHints":{"allow":["GET"]}}],"collection":[{"href":"https:\/\/fmp-components.com\/hu\/wp-json\/wp\/v2\/product"}],"about":[{"href":"https:\/\/fmp-components.com\/hu\/wp-json\/wp\/v2\/types\/product"}],"replies":[{"embeddable":true,"href":"https:\/\/fmp-components.com\/hu\/wp-json\/wp\/v2\/comments?post=1915"}],"wp:featuredmedia":[{"embeddable":true,"href":"https:\/\/fmp-components.com\/hu\/wp-json\/wp\/v2\/media\/1922"}],"wp:attachment":[{"href":"https:\/\/fmp-components.com\/hu\/wp-json\/wp\/v2\/media?parent=1915"}],"wp:term":[{"taxonomy":"product_brand","embeddable":true,"href":"https:\/\/fmp-components.com\/hu\/wp-json\/wp\/v2\/product_brand?post=1915"},{"taxonomy":"product_cat","embeddable":true,"href":"https:\/\/fmp-components.com\/hu\/wp-json\/wp\/v2\/product_cat?post=1915"},{"taxonomy":"product_tag","embeddable":true,"href":"https:\/\/fmp-components.com\/hu\/wp-json\/wp\/v2\/product_tag?post=1915"}],"curies":[{"name":"munkaf\u00fczet","href":"https:\/\/api.w.org\/{rel}","templated":true}]}}