{"id":1900,"date":"2024-12-24T08:58:11","date_gmt":"2024-12-24T08:58:11","guid":{"rendered":"https:\/\/fmp-components.com\/?page_id=8"},"modified":"2024-12-24T09:04:04","modified_gmt":"2024-12-24T09:04:04","slug":"rotary-mower-gearboxes-replacement-of-comer-code-lf-199a","status":"publish","type":"product","link":"https:\/\/fmp-components.com\/hu\/product\/rotary-mower-gearboxes-replacement-of-comer-code-lf-199a\/","title":{"rendered":"Rot\u00e1ci\u00f3s f\u0171ny\u00edr\u00f3 hajt\u00f3m\u0171vek \u2013 Comer LF-199A k\u00f3d\u00fa hajt\u00f3m\u0171vek cser\u00e9je"},"content":{"rendered":"<p><img loading=\"lazy\" decoding=\"async\" class=\"size-full wp-image-1905 aligncenter\" src=\"https:\/\/fmp-components.com\/wp-content\/uploads\/2024\/12\/Rotary-Mower-Gearboxes-Replacement-of-Comer-Code-LF-199A.webp\" alt=\"Rot\u00e1ci\u00f3s-F\u0171ny\u00edr\u00f3-Sebess\u00e9gv\u00e1lt\u00f3k-Comer-Code-LF-199A csere\" width=\"600\" height=\"600\" title=\"\" srcset=\"https:\/\/fmp-components.com\/wp-content\/uploads\/2024\/12\/Rotary-Mower-Gearboxes-Replacement-of-Comer-Code-LF-199A.webp 600w, https:\/\/fmp-components.com\/wp-content\/uploads\/2024\/12\/Rotary-Mower-Gearboxes-Replacement-of-Comer-Code-LF-199A-480x480.webp 480w\" sizes=\"(min-width: 0px) and (max-width: 480px) 480px, (min-width: 481px) 600px, 100vw\" \/><\/p>\n<h2>Az LF-199A forg\u00f3f\u0171ny\u00edr\u00f3 sebess\u00e9gv\u00e1lt\u00f3 m\u0171szaki adatai\u00a0<img loading=\"lazy\" decoding=\"async\" class=\"alignnone size-full wp-image-1904\" src=\"https:\/\/fmp-components.com\/wp-content\/uploads\/2024\/12\/Specifications-of-Rotary-Mower-Gearbox-LF-199A.webp\" alt=\"Az LF-199A forg\u00f3f\u0171ny\u00edr\u00f3 sebess\u00e9gv\u00e1lt\u00f3j\u00e1nak m\u0171szaki adatai\" width=\"1311\" height=\"879\" title=\"\" srcset=\"https:\/\/fmp-components.com\/wp-content\/uploads\/2024\/12\/Specifications-of-Rotary-Mower-Gearbox-LF-199A.webp 1311w, https:\/\/fmp-components.com\/wp-content\/uploads\/2024\/12\/Specifications-of-Rotary-Mower-Gearbox-LF-199A-1280x858.webp 1280w, https:\/\/fmp-components.com\/wp-content\/uploads\/2024\/12\/Specifications-of-Rotary-Mower-Gearbox-LF-199A-980x657.webp 980w, https:\/\/fmp-components.com\/wp-content\/uploads\/2024\/12\/Specifications-of-Rotary-Mower-Gearbox-LF-199A-480x322.webp 480w\" sizes=\"(min-width: 0px) and (max-width: 480px) 480px, (min-width: 481px) and (max-width: 980px) 980px, (min-width: 981px) and (max-width: 1280px) 1280px, (min-width: 1281px) 1311px, 100vw\" \/><\/h2>\n<p><img loading=\"lazy\" decoding=\"async\" class=\"alignnone size-full wp-image-1903\" src=\"https:\/\/fmp-components.com\/wp-content\/uploads\/2024\/12\/Specifications-of-Rotary-Mower-Gearbox-LF-199A-1.webp\" alt=\"Az LF-199A-1 forg\u00f3f\u0171ny\u00edr\u00f3 sebess\u00e9gv\u00e1lt\u00f3j\u00e1nak m\u0171szaki adatai\" width=\"1333\" height=\"506\" title=\"\" srcset=\"https:\/\/fmp-components.com\/wp-content\/uploads\/2024\/12\/Specifications-of-Rotary-Mower-Gearbox-LF-199A-1.webp 1333w, https:\/\/fmp-components.com\/wp-content\/uploads\/2024\/12\/Specifications-of-Rotary-Mower-Gearbox-LF-199A-1-1280x486.webp 1280w, https:\/\/fmp-components.com\/wp-content\/uploads\/2024\/12\/Specifications-of-Rotary-Mower-Gearbox-LF-199A-1-980x372.webp 980w, https:\/\/fmp-components.com\/wp-content\/uploads\/2024\/12\/Specifications-of-Rotary-Mower-Gearbox-LF-199A-1-480x182.webp 480w\" sizes=\"(min-width: 0px) and (max-width: 480px) 480px, (min-width: 481px) and (max-width: 980px) 980px, (min-width: 981px) and (max-width: 1280px) 1280px, (min-width: 1281px) 1333px, 100vw\" \/><\/p>\n<table border=\"1\" cellspacing=\"0\" cellpadding=\"0\">\n<tbody>\n<tr>\n<td>Modell:<\/td>\n<td>Comer LF-199A forg\u00f3f\u0171ny\u00edr\u00f3 sebess\u00e9gv\u00e1lt\u00f3 csere<\/td>\n<\/tr>\n<tr>\n<td>Alkalmaz\u00e1s t\u00edpusa:<\/td>\n<td>Sebess\u00e9gn\u00f6vel\u0151 egys\u00e9g<\/td>\n<\/tr>\n<tr>\n<td>Bemeneti teljes\u00edtm\u00e9ny:<\/td>\n<td>\u00a045 LE - 33 kW (540 fordulat\/perc)<\/td>\n<\/tr>\n<tr>\n<td>H\u00e1nyados:<\/td>\n<td>3,00<\/td>\n<\/tr>\n<tr>\n<td>Kimenetek:<\/td>\n<td>2<\/td>\n<\/tr>\n<tr>\n<td>Forg\u00e1s:<\/td>\n<td>A forg\u00e1st az \u00f3ramutat\u00f3 j\u00e1r\u00e1s\u00e1val megegyez\u0151 vagy azzal ellent\u00e9tes ir\u00e1nyban defini\u00e1ljuk, ha a mozg\u00f3 alkatr\u00e9szekbe (tengely, sz\u00edjt\u00e1rcsa vagy l\u00e1ncker\u00e9k) \u201ebelen\u00e9z\u00fcnk\u201d, a sebess\u00e9gv\u00e1lt\u00f3val az alkatr\u00e9sz m\u00f6g\u00f6tt.<\/td>\n<\/tr>\n<tr>\n<td>Tengelyek forg\u00e1sa:<\/td>\n<td>\u00a0T\u00f6ltse le az adatlapot a lehets\u00e9ges el\u00e9rhet\u0151 forg\u00e1sir\u00e1ny ellen\u0151rz\u00e9s\u00e9hez.<\/td>\n<\/tr>\n<tr>\n<td>Anyag:<\/td>\n<td>\u00a0\u00d6nt\u00f6ttvas<\/td>\n<\/tr>\n<tr>\n<td>Sz\u00e1raz t\u00f6meg:<\/td>\n<td>\u00a027,5 kg<\/td>\n<\/tr>\n<tr>\n<td>Ken\u0151anyag n\u00e9lk\u00fcl sz\u00e1ll\u00edtjuk<\/td>\n<td>\u2022 El\u00e9rhet\u0151 reduktoros egys\u00e9gekhez (k\u00e9rj\u00fck, \u00e9rdekl\u0151dj\u00f6n m\u0171szaki oszt\u00e1lyunkn\u00e1l)<\/p>\n<p>\u2022 K\u00fcl\u00f6nb\u00f6z\u0151 tengelyforg\u00e1si m\u00f3dok el\u00e9rhet\u0151k (k\u00e9rj\u00fck, \u00e9rdekl\u0151dj\u00f6n m\u0171szaki oszt\u00e1lyunkn\u00e1l)<\/td>\n<\/tr>\n<\/tbody>\n<\/table>\n<h3>Az LF-199A forg\u00f3f\u0171ny\u00edr\u00f3 sebess\u00e9gv\u00e1lt\u00f3 jellemz\u0151i<\/h3>\n<p>Az LF-199A forg\u00f3f\u0171ny\u00edr\u00f3 hajt\u00f3m\u0171 egy nagy teljes\u00edtm\u00e9ny\u0171, strapab\u00edr\u00f3 hajt\u00f3m\u0171, amelyet kifejezetten forg\u00f3f\u0171ny\u00edr\u00f3khoz terveztek. \u00dagy tervezt\u00e9k, hogy elviselje a neh\u00e9z mez\u0151gazdas\u00e1gi \u00e9s ipari feladatokat, megb\u00edzhat\u00f3 er\u0151\u00e1tvitelt biztos\u00edt a hat\u00e9kony f\u0171ny\u00edr\u00e1shoz. Az LF-199A egy k\u00f6zvetlen hajt\u00e1s\u00fa hajt\u00f3m\u0171, ami azt jelenti, hogy a teljes\u00edtm\u00e9nyt k\u00f6zvetlen\u00fcl a motorr\u00f3l a k\u00e9sekre tov\u00e1bb\u00edtja, \u00edgy nincs sz\u00fcks\u00e9g sz\u00edjakra vagy l\u00e1ncokra. Ez nemcsak n\u00f6veli a hat\u00e9konys\u00e1got, hanem cs\u00f6kkenti a zajt \u00e9s a rezg\u00e9st is, biztos\u00edtva a sim\u00e1bb \u00e9s csendesebb m\u0171k\u00f6d\u00e9st.<\/p>\n<p>A kiv\u00e1l\u00f3 min\u0151s\u00e9g\u0171 anyagokb\u00f3l k\u00e9sz\u00fclt LF-199A sebess\u00e9gv\u00e1lt\u00f3 ide\u00e1lis mind kereskedelmi, mind lakoss\u00e1gi alkalmaz\u00e1sokhoz, tart\u00f3ss\u00e1got, megb\u00edzhat\u00f3s\u00e1got \u00e9s k\u00f6nny\u0171 haszn\u00e1latot biztos\u00edtva. Az al\u00e1bbiakban felsorolunk n\u00e9h\u00e1ny f\u0151bb jellemz\u0151t, amelyek miatt az LF-199A n\u00e9pszer\u0171 v\u00e1laszt\u00e1s a rot\u00e1ci\u00f3s f\u0171ny\u00edr\u00f3 tulajdonosok k\u00f6r\u00e9ben:<\/p>\n<h4>F\u0151bb jellemz\u0151k:<\/h4>\n<ol>\n<li>Egysebess\u00e9ges kialak\u00edt\u00e1s: Az LF-199A egysebess\u00e9ges kialak\u00edt\u00e1s\u00fa, amely \u00e1lland\u00f3 \u00e9s megb\u00edzhat\u00f3 m\u0171k\u00f6d\u00e9st biztos\u00edt fix sebess\u00e9gen. Ez leegyszer\u0171s\u00edti a be\u00e1ll\u00edt\u00e1st \u00e9s a m\u0171k\u00f6dtet\u00e9st, \u00edgy a legt\u00f6bb forg\u00f3f\u0171ny\u00edr\u00f3hoz egyszer\u0171 v\u00e1laszt\u00e1s.<\/li>\n<li>Nagy nyomat\u00e9k\u00fa kapacit\u00e1s: A nagy nyomat\u00e9k\u00fa teljes\u00edtm\u00e9nyre tervezett LF-199A hat\u00e9konyan k\u00e9pes tov\u00e1bb\u00edtani a teljes\u00edtm\u00e9nyt a motort\u00f3l a f\u0171ny\u00edr\u00f3k\u00e9sekhez. Ez a kapacit\u00e1s lehet\u0151v\u00e9 teszi a sebess\u00e9gv\u00e1lt\u00f3 sz\u00e1m\u00e1ra, hogy a neh\u00e9z f\u0171ny\u00edr\u00e1si feladatokat is megbirk\u00f3zzon, m\u00e9g kih\u00edv\u00e1st jelent\u0151 k\u00f6r\u00fclm\u00e9nyek k\u00f6z\u00f6tt is, a hat\u00e9konys\u00e1g fel\u00e1ldoz\u00e1sa n\u00e9lk\u00fcl.<\/li>\n<li>Tart\u00f3s konstrukci\u00f3: Pr\u00e9mium anyagokb\u00f3l, p\u00e9ld\u00e1ul \u00f6nt\u00f6ttvasb\u00f3l vagy alum\u00ednium\u00f6tv\u00f6zetekb\u0151l k\u00e9sz\u00fclt, az LF-199A tart\u00f3s haszn\u00e1latra k\u00e9sz\u00fclt. Robusztus konstrukci\u00f3ja biztos\u00edtja, hogy ellen\u00e1lljon a rendszeres haszn\u00e1lat okozta kop\u00e1snak \u00e9s elhaszn\u00e1l\u00f3d\u00e1snak, \u00edgy hossz\u00fa t\u00e1v\u00fa teljes\u00edtm\u00e9nyt ny\u00fajt ig\u00e9nyes k\u00f6rnyezetben.<\/li>\n<li>K\u00f6nny\u0171 telep\u00edt\u00e9s: Az LF-199A k\u00e9sz\u00fcl\u00e9ket a k\u00f6nny\u0171 telep\u00edt\u00e9s szem el\u0151tt tart\u00e1s\u00e1val tervezt\u00e9k. Felhaszn\u00e1l\u00f3bar\u00e1t r\u00f6gz\u00edt\u00e9si lehet\u0151s\u00e9gei lehet\u0151v\u00e9 teszik a gyors be\u00e1ll\u00edt\u00e1st, cs\u00f6kkentve az \u00e1ll\u00e1sid\u0151t \u00e9s a karbantart\u00e1si k\u00f6lts\u00e9geket. Ez a funkci\u00f3 k\u00fcl\u00f6n\u00f6sen el\u0151ny\u00f6s a kereskedelmi \u00fczemeltet\u0151k sz\u00e1m\u00e1ra, akiknek biztos\u00edtaniuk kell a berendez\u00e9sek z\u00f6kken\u0151mentes m\u0171k\u00f6d\u00e9s\u00e9t.<\/li>\n<li>Sima \u00e9s csendes m\u0171k\u00f6d\u00e9s: Az LF-199A sebess\u00e9gv\u00e1lt\u00f3 egyik kiemelked\u0151 tulajdons\u00e1ga a sima m\u0171k\u00f6d\u00e9s. A zaj \u00e9s a rezg\u00e9s minimaliz\u00e1l\u00e1s\u00e1ra tervezt\u00e9k, \u00edgy csendesebb \u00e9s k\u00e9nyelmesebb f\u0171ny\u00edr\u00e1st biztos\u00edt, ami k\u00fcl\u00f6n\u00f6sen el\u0151ny\u00f6s zaj\u00e9rz\u00e9keny k\u00f6rnyezetben.<\/li>\n<li>Testreszabhat\u00f3 \u00e1tt\u00e9telek \u00e9s nyomat\u00e9kkapacit\u00e1sok: Az LF-199A sebess\u00e9gv\u00e1lt\u00f3 sz\u00e1mos konfigur\u00e1ci\u00f3ban kaphat\u00f3, bele\u00e9rtve a k\u00fcl\u00f6nb\u00f6z\u0151 \u00e1tt\u00e9teleket \u00e9s nyomat\u00e9kkapacit\u00e1sokat. Ez a testreszab\u00e1s lehet\u0151v\u00e9 teszi, hogy a sebess\u00e9gv\u00e1lt\u00f3t a k\u00fcl\u00f6nb\u00f6z\u0151 forg\u00f3f\u0171ny\u00edr\u00f3k egyedi ig\u00e9nyeihez igaz\u00edts\u00e1k, \u00edgy sokoldal\u00fa opci\u00f3t k\u00edn\u00e1l sz\u00e9les k\u00f6r\u0171 alkalmaz\u00e1sokhoz.<\/li>\n<li>Kevesebb karbantart\u00e1s \u00e9s hosszabb \u00e9lettartam: A k\u00f6zvetlen hajt\u00e1s\u00fa kialak\u00edt\u00e1s \u00e9s a kiv\u00e1l\u00f3 min\u0151s\u00e9g\u0171 anyagok cs\u00f6kkentik a mozg\u00f3 alkatr\u00e9szek kop\u00e1s\u00e1t, meghosszabb\u00edtva a sebess\u00e9gv\u00e1lt\u00f3 \u00e9lettartam\u00e1t. Ez alacsonyabb karbantart\u00e1si ig\u00e9nyt \u00e9s alacsonyabb \u00fczemeltet\u00e9si k\u00f6lts\u00e9geket eredm\u00e9nyez.<\/li>\n<li>Sokoldal\u00fas\u00e1g az alkalmaz\u00e1sok k\u00f6z\u00f6tt: Ak\u00e1r kereskedelmi, ipari vagy lakoss\u00e1gi k\u00f6rnyezetben haszn\u00e1lja az LF-199A-t, sokoldal\u00fas\u00e1g\u00e1nak k\u00f6sz\u00f6nhet\u0151en sz\u00e1mos forg\u00f3f\u0171ny\u00edr\u00f3 t\u00edpushoz ide\u00e1lis megold\u00e1s. Robusztus kialak\u00edt\u00e1sa alkalmas mind nagy\u00fczemi m\u0171veletekhez, mind kisebb, lakoss\u00e1gi f\u0171ny\u00edr\u00f3khoz.<\/li>\n<\/ol>\n<p>\u00d6sszefoglalva, az LF-199A forg\u00f3f\u0171ny\u00edr\u00f3 hajt\u00f3m\u0171 egy tart\u00f3s, hat\u00e9kony \u00e9s k\u00f6nnyen karbantarthat\u00f3 hajt\u00f3m\u0171, amely kiv\u00e1l\u00f3 er\u0151\u00e1tvitelt, sima m\u0171k\u00f6d\u00e9st \u00e9s sokoldal\u00fas\u00e1got k\u00edn\u00e1l. Testreszabhat\u00f3 funkci\u00f3ival \u00e9s robusztus fel\u00e9p\u00edt\u00e9s\u00e9vel ide\u00e1lis v\u00e1laszt\u00e1s mindazok sz\u00e1m\u00e1ra, akik megb\u00edzhat\u00f3 teljes\u00edtm\u00e9nyt keresnek forg\u00f3f\u0171ny\u00edr\u00f3jukt\u00f3l.<\/p>\n<p><img loading=\"lazy\" decoding=\"async\" class=\"alignnone size-full wp-image-1907\" src=\"https:\/\/fmp-components.com\/wp-content\/uploads\/2024\/12\/Rotary-Mower-Gearbox16.webp\" alt=\"Rot\u00e1ci\u00f3s f\u0171ny\u00edr\u00f3 sebess\u00e9gv\u00e1lt\u00f3\" width=\"1278\" height=\"471\" title=\"\" srcset=\"https:\/\/fmp-components.com\/wp-content\/uploads\/2024\/12\/Rotary-Mower-Gearbox16.webp 1278w, https:\/\/fmp-components.com\/wp-content\/uploads\/2024\/12\/Rotary-Mower-Gearbox16-980x361.webp 980w, https:\/\/fmp-components.com\/wp-content\/uploads\/2024\/12\/Rotary-Mower-Gearbox16-480x177.webp 480w\" sizes=\"(min-width: 0px) and (max-width: 480px) 480px, (min-width: 481px) and (max-width: 980px) 980px, (min-width: 981px) 1278px, 100vw\" \/><\/p>\n<h3>Rot\u00e1ci\u00f3s f\u0171ny\u00edr\u00f3 sebess\u00e9gv\u00e1lt\u00f3k alkalmaz\u00e1sai<\/h3>\n<p>A forg\u00f3f\u0171ny\u00edr\u00f3k sebess\u00e9gv\u00e1lt\u00f3i kritikus szerepet j\u00e1tszanak a k\u00fcl\u00f6nf\u00e9le mez\u0151gazdas\u00e1gi \u00e9s ipari berendez\u00e9sekben, mivel biztos\u00edtj\u00e1k a sz\u00fcks\u00e9ges nyomat\u00e9kot \u00e9s sebess\u00e9get a g\u00e9pek hat\u00e9kony m\u0171k\u00f6dtet\u00e9s\u00e9hez. Ezek a sebess\u00e9gv\u00e1lt\u00f3k elengedhetetlenek a forg\u00f3f\u0171ny\u00edr\u00f3k v\u00e1g\u00f3pengeinek meghajt\u00e1s\u00e1hoz, biztos\u00edtva az optim\u00e1lis teljes\u00edtm\u00e9nyt a neh\u00e9z feladatok sor\u00e1n. Az al\u00e1bbiakban n\u00e9h\u00e1ny kulcsfontoss\u00e1g\u00fa alkalmaz\u00e1si ter\u00fcletet mutatunk be, ahol a forg\u00f3f\u0171ny\u00edr\u00f3k sebess\u00e9gv\u00e1lt\u00f3it gyakran haszn\u00e1lj\u00e1k:<\/p>\n<h4>1. F\u0171ny\u00edr\u00f3k:<\/h4>\n<p>A forg\u00f3f\u0171ny\u00edr\u00f3k sebess\u00e9gv\u00e1lt\u00f3it sz\u00e9les k\u00f6rben haszn\u00e1lj\u00e1k a f\u0171ny\u00edr\u00f3kban a peng\u00e9k meghajt\u00e1s\u00e1ra, lehet\u0151v\u00e9 t\u00e9ve a f\u0171 egyenletes \u00e9s hat\u00e9kony v\u00e1g\u00e1s\u00e1t. Ezeket a sebess\u00e9gv\u00e1lt\u00f3kat \u00fagy tervezt\u00e9k, hogy a megfelel\u0151 nyomat\u00e9kot \u00e9s sebess\u00e9get biztos\u00edts\u00e1k, biztos\u00edtva a tiszta, sima v\u00e1g\u00e1st minim\u00e1lis rezg\u00e9ssel \u00e9s zajjal.<\/p>\n<h4>2. Mez\u0151gazdas\u00e1gi berendez\u00e9sek:<\/h4>\n<p>A forg\u00f3kasz\u00e1k sebess\u00e9gv\u00e1lt\u00f3i kulcsfontoss\u00e1g\u00fa alkatr\u00e9szek a mez\u0151gazdas\u00e1gi g\u00e9pekben, p\u00e9ld\u00e1ul a sz\u00e9nakasz\u00e1l\u00f3kban, a t\u00e1rcs\u00e1s f\u0171ny\u00edr\u00f3kban \u00e9s m\u00e1s n\u00f6v\u00e9nyv\u00e1g\u00f3 g\u00e9pekben. Ezek hajtj\u00e1k a k\u00e9seket a sz\u00e9na, a f\u0171 \u00e9s m\u00e1s n\u00f6v\u00e9nyek kasz\u00e1l\u00e1s\u00e1hoz, biztos\u00edtva az egyenletes \u00e9s hat\u00e9kony v\u00e1g\u00e1st, ami elengedhetetlen a mez\u0151gazdas\u00e1gi m\u0171veletekhez.<\/p>\n<h4>3. Kert\u00e9szeti felszerel\u00e9s:<\/h4>\n<p>A kert\u00e9szeti berendez\u00e9sekben, mint p\u00e9ld\u00e1ul a boz\u00f3tv\u00e1g\u00f3kban, s\u00f6v\u00e9nyv\u00e1g\u00f3kban \u00e9s kerti f\u0171ny\u00edr\u00f3kban, a forg\u00f3f\u0171ny\u00edr\u00f3k hajt\u00f3m\u0171vei biztos\u00edtj\u00e1k a v\u00e1g\u00f3peng\u00e9k m\u0171k\u00f6dtet\u00e9s\u00e9hez sz\u00fcks\u00e9ges teljes\u00edtm\u00e9nyt. Ezek a hajt\u00f3m\u0171vek seg\u00edtenek a gyep, kertek \u00e9s t\u00e1jk\u00e9pek karbantart\u00e1s\u00e1ban az\u00e1ltal, hogy lehet\u0151v\u00e9 teszik a prec\u00edz v\u00e1g\u00e1st \u00e9s ny\u00edr\u00e1st, \u00edgy \u00e9rt\u00e9kes eszk\u00f6zz\u00e9 v\u00e1lnak mind a profi kert\u00e9szek, mind a h\u00e1ztulajdonosok sz\u00e1m\u00e1ra.<\/p>\n<h4>4. Sz\u00e1rnyas f\u0171ny\u00edr\u00f3k:<\/h4>\n<p>Az els\u0151sorban s\u0171r\u0171 n\u00f6v\u00e9nyzet irt\u00e1s\u00e1ra haszn\u00e1lt sz\u00e1rz\u00faz\u00f3 f\u0171ny\u00edr\u00f3k forg\u00f3f\u0171ny\u00edr\u00f3-hajt\u00f3m\u0171vekre t\u00e1maszkodnak, amelyek a f\u00fcvet, gyomokat \u00e9s egy\u00e9b n\u00f6v\u00e9nyi anyagokat apr\u00edtj\u00e1k \u00e9s apr\u00edtj\u00e1k. A hajt\u00f3m\u0171 biztos\u00edtja, hogy elegend\u0151 nyomat\u00e9k \u00e1lljon rendelkez\u00e9sre a nehezen kezelhet\u0151, ben\u0151tt ter\u00fcletek kezel\u00e9s\u00e9hez.<\/p>\n<h4>5. M\u0171tr\u00e1gyasz\u00f3r\u00f3k:<\/h4>\n<p>N\u00e9h\u00e1ny m\u0171tr\u00e1gyasz\u00f3r\u00f3 forg\u00f3 f\u0171ny\u00edr\u00f3 sebess\u00e9gv\u00e1lt\u00f3kat haszn\u00e1l a sz\u00f3r\u00f3mechanizmus meghajt\u00e1s\u00e1ra, biztos\u00edtva a m\u0171tr\u00e1gya egyenletes \u00e9s k\u00f6vetkezetes eloszl\u00e1s\u00e1t nagy ter\u00fcleteken. A sebess\u00e9gv\u00e1lt\u00f3 biztos\u00edtja a sz\u00fcks\u00e9ges nyomat\u00e9kot a sz\u00f3r\u00f3 mozg\u00e1s\u00e1nak szab\u00e1lyoz\u00e1s\u00e1hoz, biztos\u00edtva a pontoss\u00e1got \u00e9s a hat\u00e9konys\u00e1got.<\/p>\n<h4>6. Takarm\u00e1nykever\u0151k:<\/h4>\n<p>A takarm\u00e1nykever\u0151kben forg\u00f3 f\u0171ny\u00edr\u00f3 hajt\u00f3m\u0171veket alkalmaznak a kever\u0151lap\u00e1tok hajt\u00e1s\u00e1ra, el\u0151seg\u00edtve az \u00e1llati takarm\u00e1ny-\u00f6sszetev\u0151k egyenletes kever\u00e9s\u00e9t. A hajt\u00f3m\u0171 biztos\u00edtja, hogy a kever\u0151lap\u00e1tok a megfelel\u0151 sebess\u00e9ggel \u00e9s nyomat\u00e9kkal forogjanak, jav\u00edtva a takarm\u00e1nykever\u00e9k \u00e1llag\u00e1t.<\/p>\n<h4>7. Ut\u00f3f\u00far\u00f3k:<\/h4>\n<p>A forg\u00f3f\u0171ny\u00edr\u00f3k sebess\u00e9gv\u00e1lt\u00f3it oszlopf\u00far\u00f3kban is haszn\u00e1lj\u00e1k, ahol ezek hajtj\u00e1k a f\u00far\u00f3fejeket, amelyek ker\u00edt\u00e9sekhez, \u00fcltet\u00e9shez vagy egy\u00e9b alkalmaz\u00e1sokhoz f\u00farnak lyukakat. A sebess\u00e9gv\u00e1lt\u00f3 nagy nyomat\u00e9kk\u00e9pess\u00e9ge biztos\u00edtja, hogy a f\u00far\u00f3fej hat\u00e9konyan hatoljon be a kem\u00e9ny talajba.<\/p>\n<h4>8. Talajmar\u00f3k:<\/h4>\n<p>A talajm\u0171vel\u0151kben, amelyeket a talaj el\u0151k\u00e9sz\u00edt\u00e9s\u00e9re haszn\u00e1lnak az \u00fcltet\u00e9shez, a forg\u00f3 f\u0171ny\u00edr\u00f3 hajt\u00f3m\u0171vei hajtj\u00e1k a talajm\u0171vel\u0151 peng\u00e9ket, biztos\u00edtva a hat\u00e9kony talajm\u0171vel\u00e9st. Ezek a hajt\u00f3m\u0171vek seg\u00edtik a talajm\u0171vel\u0151 peng\u00e9ket a sz\u00fcks\u00e9ges sebess\u00e9ggel \u00e9s nyomat\u00e9kkal forogni, hogy fellaz\u00edts\u00e1k a talajt \u00e9s bekeverj\u00e9k a szerves anyagokat.<\/p>\n<h4>9. H\u00f3sepr\u0151k:<\/h4>\n<p>N\u00e9h\u00e1ny h\u00f3eltakar\u00edt\u00f3 berendez\u00e9s, mint p\u00e9ld\u00e1ul <strong>h\u00f3sepr\u0151k<\/strong>, forg\u00f3 f\u0171ny\u00edr\u00f3 sebess\u00e9gv\u00e1lt\u00f3kat haszn\u00e1l a forg\u00f3 kef\u00e9k vagy csig\u00e1k hajt\u00e1s\u00e1ra, amelyek eltakar\u00edtj\u00e1k a havat az utakr\u00f3l, parkol\u00f3kb\u00f3l \u00e9s j\u00e1rd\u00e1kr\u00f3l. A sebess\u00e9gv\u00e1lt\u00f3 biztos\u00edtja, hogy elegend\u0151 teljes\u00edtm\u00e9ny ker\u00fclj\u00f6n \u00e1tvitelre a h\u00f3 hat\u00e9kony elt\u00e1vol\u00edt\u00e1s\u00e1hoz hideg, neh\u00e9z k\u00f6r\u00fclm\u00e9nyek k\u00f6z\u00f6tt.<\/p>\n<p>A forg\u00f3f\u0171ny\u00edr\u00f3k sebess\u00e9gv\u00e1lt\u00f3i sokoldal\u00fa alkatr\u00e9szek, amelyek a mez\u0151gazdas\u00e1gi, tereprendez\u00e9si \u00e9s ipari berendez\u00e9sek sz\u00e9les sk\u00e1l\u00e1j\u00e1nak v\u00e1g\u00f3- \u00e9s forg\u00f3 mechanizmusait hajtj\u00e1k. A f\u0171ny\u00edr\u00f3kt\u00f3l a takarm\u00e1nykever\u0151k\u00f6n \u00e1t a sz\u00e1rz\u00faz\u00f3 f\u0171ny\u00edr\u00f3kig ezek a sebess\u00e9gv\u00e1lt\u00f3k biztos\u00edtj\u00e1k a sz\u00fcks\u00e9ges nyomat\u00e9kot \u00e9s sebess\u00e9get a megb\u00edzhat\u00f3 \u00e9s hat\u00e9kony teljes\u00edtm\u00e9nyhez ig\u00e9nyes k\u00f6rnyezetben. Robusztus kialak\u00edt\u00e1suk \u00e9s a hat\u00e9kony er\u0151\u00e1tviteli k\u00e9pess\u00e9g\u00fck kulcsfontoss\u00e1g\u00fa r\u00e9sz\u00e9v\u00e9 teszi \u0151ket mind a kereskedelmi, mind a lakoss\u00e1gi alkalmaz\u00e1sokban haszn\u00e1lt berendez\u00e9seknek.<\/p>\n<p><img loading=\"lazy\" decoding=\"async\" class=\"alignnone size-full wp-image-1906\" src=\"https:\/\/fmp-components.com\/wp-content\/uploads\/2024\/12\/Rotary-Mower-Gearbox17.webp\" alt=\"Rot\u00e1ci\u00f3s f\u0171ny\u00edr\u00f3 sebess\u00e9gv\u00e1lt\u00f3\" width=\"1280\" height=\"463\" title=\"\" srcset=\"https:\/\/fmp-components.com\/wp-content\/uploads\/2024\/12\/Rotary-Mower-Gearbox17.webp 1280w, https:\/\/fmp-components.com\/wp-content\/uploads\/2024\/12\/Rotary-Mower-Gearbox17-980x354.webp 980w, https:\/\/fmp-components.com\/wp-content\/uploads\/2024\/12\/Rotary-Mower-Gearbox17-480x174.webp 480w\" sizes=\"(min-width: 0px) and (max-width: 480px) 480px, (min-width: 481px) and (max-width: 980px) 980px, (min-width: 981px) 1280px, 100vw\" \/><\/p>\n<h3><strong>Az FMP-r\u0151l<\/strong><\/h3>\n<p>Az olaszorsz\u00e1gi sz\u00e9khely\u0171 FMP j\u00f3l ismert vezet\u0151 szerepet t\u00f6lt be a sebess\u00e9gv\u00e1lt\u00f3k, reduktorok \u00e9s g\u00e9p\u00e9szeti g\u00e9pek kutat\u00e1s\u00e1ban, fejleszt\u00e9s\u00e9ben \u00e9s gy\u00e1rt\u00e1s\u00e1ban. A v\u00e1llalat az innov\u00e1ci\u00f3ra, a min\u0151s\u00e9gre \u00e9s a tehets\u00e9ggondoz\u00e1s ir\u00e1nti elk\u00f6telezetts\u00e9gre \u00f6sszpontos\u00edtva \u00e9p\u00edtette fel h\u00edrnev\u00e9t, \u00e9s kulcsszerepl\u0151k\u00e9nt pozicion\u00e1lta mag\u00e1t a ter\u00fcleten.<\/p>\n<p><strong>\u00c1tfog\u00f3 term\u00e9kportf\u00f3li\u00f3<\/strong><\/p>\n<p>Az FMP term\u00e9kk\u00edn\u00e1lata a k\u00f6vetkez\u0151ket tartalmazza:<\/p>\n<ul>\n<li>Spir\u00e1lis k\u00fapkerekes hajt\u00f3m\u0171vek<\/li>\n<li>Homlokkerekes sebess\u00e9gv\u00e1lt\u00f3k<\/li>\n<li>Csigahajt\u00f3m\u0171vek<\/li>\n<li>Hengeres sebess\u00e9gv\u00e1lt\u00f3k<\/li>\n<li>Nagynyom\u00e1s\u00fa \u00f6nt\u00f6tt szeleptestek \u00e9s h\u00e1zak<\/li>\n<\/ul>\n<p><strong>Sz\u00e9les k\u00f6r\u0171 alkalmaz\u00e1sok az ipar\u00e1gakban<\/strong><\/p>\n<p>Az FMP term\u00e9kei rendk\u00edv\u00fcl sokoldal\u00faak, \u00e9s sz\u00e1mos ipar\u00e1gat kiszolg\u00e1lnak, p\u00e9ld\u00e1ul:<\/p>\n<ul>\n<li><strong>Mez\u0151gazdas\u00e1g<\/strong>F\u0171ny\u00edr\u00f3k, h\u00f3sepr\u0151k, m\u0171tr\u00e1gyasz\u00f3r\u00f3k \u00e9s gabonasz\u00e1ll\u00edt\u00f3k.<\/li>\n<li><strong>Ipari berendez\u00e9sek<\/strong>Olajkitermel\u00e9sben, tengeri alkalmaz\u00e1sokban \u00e9s m\u00e9rn\u00f6ki projektek hidraulikus alkatr\u00e9szeiben haszn\u00e1lt g\u00e9pek.<\/li>\n<\/ul>\n<p><strong>Fejlett gy\u00e1rt\u00e1si kiv\u00e1l\u00f3s\u00e1g<\/strong><\/p>\n<p>Az FMP b\u00fcszke robusztus m\u0171szaki \u00e9s K+F k\u00e9pess\u00e9geire, amelyek biztos\u00edtj\u00e1k a megb\u00edzhat\u00f3, kiv\u00e1l\u00f3 min\u0151s\u00e9g\u0171 term\u00e9kek gy\u00e1rt\u00e1s\u00e1t. Gy\u00e1rt\u00e1si folyamatuk a k\u00f6vetkez\u0151ket foglalja mag\u00e1ban:<\/p>\n<ul>\n<li><strong>Term\u00e9ktervez\u00e9s<\/strong>Egyedi specifik\u00e1ci\u00f3kat dolgoznak ki, bele\u00e9rtve a sebess\u00e9gv\u00e1lt\u00f3 t\u00edpus\u00e1t, anyag\u00e1t \u00e9s m\u00e9reteit.<\/li>\n<li><strong>Anyagv\u00e1laszt\u00e1s<\/strong>Az optim\u00e1lis teljes\u00edtm\u00e9ny \u00e9rdek\u00e9ben kiv\u00e1l\u00f3 min\u0151s\u00e9g\u0171 anyagokat, p\u00e9ld\u00e1ul \u00f6nt\u00f6ttvasat \u00e9s alum\u00ednium\u00f6tv\u00f6zeteket v\u00e1lasztottunk.<\/li>\n<li><strong>Prec\u00edzi\u00f3s megmunk\u00e1l\u00e1s<\/strong>A prec\u00edz alkatr\u00e9szgy\u00e1rt\u00e1shoz olyan fejlett technik\u00e1kat alkalmaznak, mint az eszterg\u00e1l\u00e1s \u00e9s a mar\u00e1s.<\/li>\n<li><strong>K\u00f6zgy\u0171l\u00e9s<\/strong>A fogaskerekek, csap\u00e1gyak \u00e9s tengelyek apr\u00f3l\u00e9kosan vannak \u00f6sszeszerelve, biztos\u00edtva a megfelel\u0151 be\u00e1ll\u00edt\u00e1st \u00e9s ken\u00e9st.<\/li>\n<li><strong>H\u0151kezel\u00e9s<\/strong>A sebess\u00e9gv\u00e1lt\u00f3kat a szil\u00e1rds\u00e1g \u00e9s a kop\u00e1s\u00e1ll\u00f3s\u00e1g fokoz\u00e1sa \u00e9rdek\u00e9ben kezelik.<\/li>\n<li><strong>Fel\u00fcletkezel\u00e9s<\/strong>A pol\u00edroz\u00e1s \u00e9s a porbevonat jav\u00edtja mind a megjelen\u00e9st, mind a korr\u00f3zi\u00f3\u00e1ll\u00f3s\u00e1got.<\/li>\n<li><strong>Min\u0151s\u00e9gellen\u0151rz\u00e9s<\/strong>Szigor\u00fa ellen\u0151rz\u00e9si \u00e9s tesztel\u00e9si folyamat biztos\u00edtja, hogy minden term\u00e9k megfeleljen a stabilit\u00e1s \u00e9s pontoss\u00e1g tekintet\u00e9ben el\u0151\u00edrt teljes\u00edtm\u00e9nyszabv\u00e1nyoknak.<\/li>\n<\/ul>\n<p><strong>Ipar\u00e1gi h\u00edrn\u00e9v<\/strong><\/p>\n<p>Az FMP elk\u00f6telezetts\u00e9ge a min\u0151s\u00e9g, az innov\u00e1ci\u00f3 \u00e9s az \u00fcgyf\u00e9l-el\u00e9gedetts\u00e9g ir\u00e1nt megszil\u00e1rd\u00edtotta h\u00edrnev\u00e9t, mint az ipar\u00e1g vezet\u0151 gy\u00e1rt\u00f3ja. A v\u00e1llalat szak\u00e9rtelemre \u00e9s fejlett technol\u00f3gi\u00e1ra val\u00f3 \u00f6sszpontos\u00edt\u00e1sa a tart\u00f3s \u00e9rt\u00e9kteremt\u00e9s ir\u00e1nti elk\u00f6telezetts\u00e9g\u00e9t er\u0151s\u00edti.<\/p>\n<p><strong>Legyen vel\u00fcnk partner<\/strong><\/p>\n<p>Az FMP nyitott a glob\u00e1lis partners\u00e9gekre \u00e9s egy\u00fcttm\u0171k\u00f6d\u00e9sekre. Term\u00e9keinkkel \u00e9s szolg\u00e1ltat\u00e1sainkkal kapcsolatos tov\u00e1bbi inform\u00e1ci\u00f3k\u00e9rt forduljon hozz\u00e1nk bizalommal telefonon vagy e-mailben. Elk\u00f6telezettek vagyunk azir\u00e1nt, hogy szem\u00e9lyre szabott megold\u00e1sokat k\u00edn\u00e1ljunk \u00fcgyfeleink egyedi ig\u00e9nyeinek kiel\u00e9g\u00edt\u00e9s\u00e9re.<\/p>\n<p><img loading=\"lazy\" decoding=\"async\" class=\"alignnone size-full wp-image-1861\" src=\"https:\/\/fmp-components.com\/wp-content\/uploads\/2024\/12\/Other-Agricultural-Gearboxes.webp\" alt=\"Egy\u00e9b-Mez\u0151gazdas\u00e1gi-Sebess\u00e9gv\u00e1lt\u00f3k\" width=\"1200\" height=\"1400\" title=\"\" srcset=\"https:\/\/fmp-components.com\/wp-content\/uploads\/2024\/12\/Other-Agricultural-Gearboxes.webp 1200w, https:\/\/fmp-components.com\/wp-content\/uploads\/2024\/12\/Other-Agricultural-Gearboxes-980x1143.webp 980w, https:\/\/fmp-components.com\/wp-content\/uploads\/2024\/12\/Other-Agricultural-Gearboxes-480x560.webp 480w\" sizes=\"(min-width: 0px) and (max-width: 480px) 480px, (min-width: 481px) and (max-width: 980px) 980px, (min-width: 981px) 1200px, 100vw\" \/><\/p>\n<p>Szerz\u0151: CX<\/p>","protected":false},"excerpt":{"rendered":"<p>Specifications of\u00a0Rotary Mower Gearbox LF-199A\u00a0 Model: Rotary Mower Gearbox Replacement of Comer Gearboxes LF-199A Type of application: Speed increasing unit Input power rate: \u00a045Cv-33Kw (540RPM) Ratio: 3,00 Outputs: 2 Rotation: The rotation is defined as either clocwise or counter-clockwise by looking &#8220;into&#8221; the components in motion ( shaft, pulley, or sprocket), with the gearbox behind [&hellip;]<\/p>","protected":false},"featured_media":1905,"comment_status":"open","ping_status":"closed","template":"","meta":{"_et_pb_use_builder":"","_et_pb_old_content":"","_et_gb_content_width":""},"product_brand":[],"product_cat":[51],"product_tag":[],"class_list":{"0":"post-1900","1":"product","2":"type-product","3":"status-publish","4":"has-post-thumbnail","6":"product_cat-rotary-mower-gearbox","8":"first","9":"instock","10":"shipping-taxable","11":"product-type-simple"},"_links":{"self":[{"href":"https:\/\/fmp-components.com\/hu\/wp-json\/wp\/v2\/product\/1900","targetHints":{"allow":["GET"]}}],"collection":[{"href":"https:\/\/fmp-components.com\/hu\/wp-json\/wp\/v2\/product"}],"about":[{"href":"https:\/\/fmp-components.com\/hu\/wp-json\/wp\/v2\/types\/product"}],"replies":[{"embeddable":true,"href":"https:\/\/fmp-components.com\/hu\/wp-json\/wp\/v2\/comments?post=1900"}],"wp:featuredmedia":[{"embeddable":true,"href":"https:\/\/fmp-components.com\/hu\/wp-json\/wp\/v2\/media\/1905"}],"wp:attachment":[{"href":"https:\/\/fmp-components.com\/hu\/wp-json\/wp\/v2\/media?parent=1900"}],"wp:term":[{"taxonomy":"product_brand","embeddable":true,"href":"https:\/\/fmp-components.com\/hu\/wp-json\/wp\/v2\/product_brand?post=1900"},{"taxonomy":"product_cat","embeddable":true,"href":"https:\/\/fmp-components.com\/hu\/wp-json\/wp\/v2\/product_cat?post=1900"},{"taxonomy":"product_tag","embeddable":true,"href":"https:\/\/fmp-components.com\/hu\/wp-json\/wp\/v2\/product_tag?post=1900"}],"curies":[{"name":"munkaf\u00fczet","href":"https:\/\/api.w.org\/{rel}","templated":true}]}}