{"id":1859,"date":"2024-12-24T07:46:32","date_gmt":"2024-12-24T07:46:32","guid":{"rendered":"https:\/\/fmp-components.com\/?page_id=8"},"modified":"2024-12-24T07:59:12","modified_gmt":"2024-12-24T07:59:12","slug":"rotary-mower-gearboxes-replacement-of-comer-code-lf-151a-13","status":"publish","type":"product","link":"https:\/\/fmp-components.com\/hu\/product\/rotary-mower-gearboxes-replacement-of-comer-code-lf-151a-13\/","title":{"rendered":"Rot\u00e1ci\u00f3s f\u0171ny\u00edr\u00f3 hajt\u00f3m\u0171vek \u2013 Comer LF-151A 1:3 k\u00f3d\u00fa v\u00e1lt\u00f3m\u0171 cser\u00e9je"},"content":{"rendered":"<p><img loading=\"lazy\" decoding=\"async\" class=\"size-full wp-image-1865 aligncenter\" src=\"https:\/\/fmp-components.com\/wp-content\/uploads\/2024\/12\/Rotary-Mower-Gearboxes-Replacement-of-Comer-Gearbox-LF-151A.webp\" alt=\"Rot\u00e1ci\u00f3s f\u0171ny\u00edr\u00f3 sebess\u00e9gv\u00e1lt\u00f33\" width=\"600\" height=\"600\" title=\"\" srcset=\"https:\/\/fmp-components.com\/wp-content\/uploads\/2024\/12\/Rotary-Mower-Gearboxes-Replacement-of-Comer-Gearbox-LF-151A.webp 600w, https:\/\/fmp-components.com\/wp-content\/uploads\/2024\/12\/Rotary-Mower-Gearboxes-Replacement-of-Comer-Gearbox-LF-151A-480x480.webp 480w\" sizes=\"(min-width: 0px) and (max-width: 480px) 480px, (min-width: 481px) 600px, 100vw\" \/><\/p>\n<h2>Az LF-151A (1:3) forg\u00f3f\u0171ny\u00edr\u00f3 sebess\u00e9gv\u00e1lt\u00f3 m\u0171szaki adatai<\/h2>\n<p><img loading=\"lazy\" decoding=\"async\" class=\"alignnone size-full wp-image-1863\" src=\"https:\/\/fmp-components.com\/wp-content\/uploads\/2024\/12\/Rotary-Mower-Gearboxes-\u2013-Replacement-of-Comer-Code-LF-151A.webp\" alt=\"Rot\u00e1ci\u00f3s f\u0171ny\u00edr\u00f3 hajt\u00f3m\u0171vek \u2013 Comer LF-151A k\u00f3d\u00fa hajt\u00f3m\u0171vek cser\u00e9je\" width=\"1291\" height=\"356\" title=\"\" srcset=\"https:\/\/fmp-components.com\/wp-content\/uploads\/2024\/12\/Rotary-Mower-Gearboxes-\u2013-Replacement-of-Comer-Code-LF-151A.webp 1291w, https:\/\/fmp-components.com\/wp-content\/uploads\/2024\/12\/Rotary-Mower-Gearboxes-\u2013-Replacement-of-Comer-Code-LF-151A-300x83.webp 300w, https:\/\/fmp-components.com\/wp-content\/uploads\/2024\/12\/Rotary-Mower-Gearboxes-\u2013-Replacement-of-Comer-Code-LF-151A-1024x282.webp 1024w, https:\/\/fmp-components.com\/wp-content\/uploads\/2024\/12\/Rotary-Mower-Gearboxes-\u2013-Replacement-of-Comer-Code-LF-151A-768x212.webp 768w, https:\/\/fmp-components.com\/wp-content\/uploads\/2024\/12\/Rotary-Mower-Gearboxes-\u2013-Replacement-of-Comer-Code-LF-151A-18x5.webp 18w, https:\/\/fmp-components.com\/wp-content\/uploads\/2024\/12\/Rotary-Mower-Gearboxes-\u2013-Replacement-of-Comer-Code-LF-151A-1080x298.webp 1080w, https:\/\/fmp-components.com\/wp-content\/uploads\/2024\/12\/Rotary-Mower-Gearboxes-\u2013-Replacement-of-Comer-Code-LF-151A-1280x353.webp 1280w, https:\/\/fmp-components.com\/wp-content\/uploads\/2024\/12\/Rotary-Mower-Gearboxes-\u2013-Replacement-of-Comer-Code-LF-151A-980x270.webp 980w, https:\/\/fmp-components.com\/wp-content\/uploads\/2024\/12\/Rotary-Mower-Gearboxes-\u2013-Replacement-of-Comer-Code-LF-151A-480x132.webp 480w, https:\/\/fmp-components.com\/wp-content\/uploads\/2024\/12\/Rotary-Mower-Gearboxes-\u2013-Replacement-of-Comer-Code-LF-151A-600x165.webp 600w\" sizes=\"(max-width: 1291px) 100vw, 1291px\" \/><\/p>\n<table class=\"kh-1xzm1su\" border=\"1\" cellspacing=\"0\" cellpadding=\"0\" data-intent=\"lists-product-attributes\" data-test-id=\"attributes-list\">\n<tbody class=\"kh-1ago99h\">\n<tr id=\"alexis#custom#item-id\" class=\"kh-bwvum6\" data-test-id=\"attribute-row\">\n<th class=\"kh-10oizfy\">Term\u00e9kle\u00edr\u00e1s<\/th>\n<td class=\"kh-1f5nhat\">\n<div class=\"kh-pkx4zo\">Rot\u00e1ci\u00f3s f\u0171ny\u00edr\u00f3 sebess\u00e9gv\u00e1lt\u00f3k \u2013 Comer sebess\u00e9gv\u00e1lt\u00f3 LF-151A 1:3 cser\u00e9je<\/div>\n<\/td>\n<\/tr>\n<tr id=\"attProductDetails\" class=\"kh-bwvum6\" data-test-id=\"attribute-row\">\n<th class=\"kh-10oizfy\">Term\u00e9kadatok<\/th>\n<td class=\"kh-1f5nhat\">\n<ul>\n<li class=\"kh-16zd49f\">Minden sebess\u00e9gv\u00e1lt\u00f3 olaj n\u00e9lk\u00fcl ker\u00fcl kisz\u00e1ll\u00edt\u00e1sra.<\/li>\n<li class=\"kh-16zd49f\">El\u0151sz\u00f6r 50-70 \u00fczem\u00f3ra ut\u00e1n, majd 500-700 \u00fczem\u00f3ra ut\u00e1n vagy legal\u00e1bb \u00e9vente egyszer kell olajat cser\u00e9lni.<\/li>\n<li class=\"kh-16zd49f\">Elt\u00e9r\u0151 fordulatsz\u00e1m\u00fa teljes\u00edtm\u00e9ny\u00e9rt vegye fel vel\u00fcnk a kapcsolatot.<\/li>\n<\/ul>\n<\/td>\n<\/tr>\n<tr id=\"attApplicationRange\" class=\"kh-bwvum6\" data-test-id=\"attribute-row\">\n<th class=\"kh-10oizfy\">Alkalmaz\u00e1si tartom\u00e1ny<\/th>\n<td class=\"kh-1f5nhat\">\n<div class=\"kh-pkx4zo\">F\u0171ny\u00edr\u00f3k<\/div>\n<\/td>\n<\/tr>\n<tr id=\"attConsistsOf\" class=\"kh-bwvum6\" data-test-id=\"attribute-row\">\n<th class=\"kh-10oizfy\">Tartalmaz<\/th>\n<td class=\"kh-1f5nhat\">\n<ul>\n<li class=\"kh-16zd49f\">Sebess\u00e9gv\u00e1lt\u00f3<\/li>\n<li class=\"kh-16zd49f\">Olaj n\u00e9lk\u00fcl<\/li>\n<\/ul>\n<\/td>\n<\/tr>\n<tr id=\"taContainsOil\" class=\"kh-bwvum6\" data-test-id=\"attribute-row\">\n<th class=\"kh-10oizfy\">Olajat tartalmaz<\/th>\n<td class=\"kh-1f5nhat\">\n<div class=\"kh-pkx4zo\">Nem<\/div>\n<\/td>\n<\/tr>\n<tr id=\"taMaxOilCapacityL\" class=\"kh-bwvum6\" data-test-id=\"attribute-row\">\n<th class=\"kh-10oizfy\">Max. olajkapacit\u00e1s<\/th>\n<td class=\"kh-1f5nhat\">\n<div class=\"kh-pkx4zo\">1,3 liter<\/div>\n<\/td>\n<\/tr>\n<tr id=\"taMaxOilChangeIntervalH\" class=\"kh-bwvum6\" data-test-id=\"attribute-row\">\n<th class=\"kh-10oizfy\">Max. olajcsere-intervallum<\/th>\n<td class=\"kh-1f5nhat\">\n<div class=\"kh-pkx4zo\">500 \u00f3ra<\/div>\n<\/td>\n<\/tr>\n<tr id=\"taOilSAEViscosityGrade\" class=\"kh-bwvum6\" data-test-id=\"attribute-row\">\n<th class=\"kh-10oizfy\">SAE viszkozit\u00e1si oszt\u00e1ly\u00fa olaj<\/th>\n<td class=\"kh-1f5nhat\">\n<div class=\"kh-pkx4zo\">80W-90<\/div>\n<\/td>\n<\/tr>\n<tr id=\"taHousingMaterial_16\" class=\"kh-bwvum6\" data-test-id=\"attribute-row\">\n<th class=\"kh-10oizfy\">H\u00e1z anyaga<\/th>\n<td class=\"kh-1f5nhat\">\n<div class=\"kh-pkx4zo\">\u00d6nt\u00f6ttvas GG25<\/div>\n<\/td>\n<\/tr>\n<tr id=\"taWeightKg_75\" class=\"kh-bwvum6\" data-test-id=\"attribute-row\">\n<th class=\"kh-10oizfy\">S\u00faly<\/th>\n<td class=\"kh-1f5nhat\">\n<div class=\"kh-pkx4zo\">21,5 kg<\/div>\n<\/td>\n<\/tr>\n<tr id=\"taGearArrangementInc\" class=\"kh-bwvum6\" data-test-id=\"attribute-row\">\n<th class=\"kh-10oizfy\">Fogasker\u00e9k-elrendez\u00e9s N\u00f6vekv\u0151<\/th>\n<td class=\"kh-1f5nhat\">\n<div class=\"kh-pkx4zo\">21 &#8211; 22<\/div>\n<\/td>\n<\/tr>\n<tr id=\"taInputPowerKwHpInc\" class=\"kh-bwvum6\" data-test-id=\"attribute-row\">\n<th class=\"kh-10oizfy\">Bemeneti teljes\u00edtm\u00e9ny kW \/ LE N\u00f6vekv\u0151<\/th>\n<td class=\"kh-1f5nhat\">\n<div class=\"kh-pkx4zo\">33,1 \/ 45 kW\/LE<\/div>\n<\/td>\n<\/tr>\n<tr id=\"taInputShaftIncreasi\" class=\"kh-bwvum6\" data-test-id=\"attribute-row\">\n<th class=\"kh-10oizfy\">Bemeneti tengely N\u00f6vekv\u0151<\/th>\n<td class=\"kh-1f5nhat\">\n<div class=\"kh-pkx4zo\">Y<\/div>\n<\/td>\n<\/tr>\n<tr id=\"taNSOutputTorqueDaNm_1\" class=\"kh-bwvum6\" data-test-id=\"attribute-row\">\n<th class=\"kh-10oizfy\">Kimeneti nyomat\u00e9k DaNm n\u00f6vekv\u0151<\/th>\n<td class=\"kh-1f5nhat\">\n<div class=\"kh-pkx4zo\">18,9 daNm<\/div>\n<\/td>\n<\/tr>\n<tr id=\"taRatioIncreasing\" class=\"kh-bwvum6\" data-test-id=\"attribute-row\">\n<th class=\"kh-10oizfy\">Ar\u00e1ny n\u00f6vel\u00e9se<\/th>\n<td class=\"kh-1f5nhat\">\n<div class=\"kh-pkx4zo\">1: 3<\/div>\n<\/td>\n<\/tr>\n<tr id=\"taRatioReducing\" class=\"kh-bwvum6\" data-test-id=\"attribute-row\">\n<th class=\"kh-10oizfy\">Ar\u00e1nycs\u00f6kkent\u00e9s<\/th>\n<td class=\"kh-1f5nhat\">\n<div class=\"kh-pkx4zo\">3: 1<\/div>\n<\/td>\n<\/tr>\n<tr id=\"taShaftY\" class=\"kh-bwvum6\" data-test-id=\"attribute-row\">\n<th class=\"kh-10oizfy\">Y tengely<\/th>\n<td class=\"kh-1f5nhat\">\n<div class=\"kh-pkx4zo\">1 3\/8\u2033 (6) (A)<\/div>\n<\/td>\n<\/tr>\n<tr id=\"taShaftZ\" class=\"kh-bwvum6\" data-test-id=\"attribute-row\">\n<th class=\"kh-10oizfy\">Z tengely<\/th>\n<td class=\"kh-1f5nhat\">\n<div class=\"kh-pkx4zo\">35 (B)<\/div>\n<\/td>\n<\/tr>\n<\/tbody>\n<\/table>\n<h3>Az LF-151A (1:3) forg\u00f3f\u0171ny\u00edr\u00f3 hajt\u00f3m\u0171 el\u0151nyei<\/h3>\n<p>Az LF-151A forg\u00f3f\u0171ny\u00edr\u00f3 sebess\u00e9gv\u00e1lt\u00f3 sz\u00e1mos el\u0151nnyel j\u00e1r, \u00edgy a forg\u00f3f\u0171ny\u00edr\u00f3k kedvelt v\u00e1laszt\u00e1sa k\u00fcl\u00f6nf\u00e9le alkalmaz\u00e1sokban. \u00cdme a legfontosabb el\u0151nyei:<\/p>\n<h4>1. Nagy hat\u00e9konys\u00e1g<\/h4>\n<p>Az LF-151A sebess\u00e9gv\u00e1lt\u00f3 hat\u00e9konyan tov\u00e1bb\u00edtja a teljes\u00edtm\u00e9nyt a traktorr\u00f3l a f\u0171ny\u00edr\u00f3ra, biztos\u00edtva a nagy teljes\u00edtm\u00e9nyt. Ez a hat\u00e9konys\u00e1g cs\u00f6kkenti a nagy ter\u00fcletek lefed\u00e9s\u00e9hez sz\u00fcks\u00e9ges id\u0151t \u00e9s energi\u00e1t, n\u00f6velve a termel\u00e9kenys\u00e9get.<\/p>\n<h4>2. Z\u00f6kken\u0151mentes m\u0171k\u00f6d\u00e9s<\/h4>\n<p>A stabilit\u00e1sra tervezett LF-151A minim\u00e1lis vibr\u00e1ci\u00f3val j\u00e1r\u00f3 sima f\u0171ny\u00edr\u00f3 m\u0171k\u00f6d\u00e9st biztos\u00edt. Ez fokozza a kezel\u0151 k\u00e9nyelm\u00e9t \u00e9s k\u00f6vetkezetes v\u00e1g\u00e1si \u00e9lm\u00e9nyt ny\u00fajt.<\/p>\n<h4>3. Fokozott tart\u00f3ss\u00e1g<\/h4>\n<p>A kiv\u00e1l\u00f3 min\u0151s\u00e9g\u0171 anyagokb\u00f3l \u00e9s prec\u00edzi\u00f3s m\u00e9rn\u00f6ki munk\u00e1val k\u00e9sz\u00fclt LF-151A kiv\u00e9telesen tart\u00f3s. Robusztus kialak\u00edt\u00e1s\u00e1nak k\u00f6sz\u00f6nhet\u0151en ellen\u00e1ll a neh\u00e9z terepi k\u00f6r\u00fclm\u00e9nyeknek, cs\u00f6kkentve a gyakori cser\u00e9k vagy jav\u00edt\u00e1sok sz\u00fcks\u00e9gess\u00e9g\u00e9t.<\/p>\n<h4>4. Alacsony karbantart\u00e1si ig\u00e9ny<\/h4>\n<p>Az LF-151A k\u00f6nnyen karbantarthat\u00f3, minim\u00e1lis ken\u00e9st ig\u00e9nyel, \u00e9s k\u00f6nny\u0171 hozz\u00e1f\u00e9r\u00e9st biztos\u00edt a kulcsfontoss\u00e1g\u00fa alkatr\u00e9szekhez. Ez az egyszer\u0171s\u00e9g cs\u00f6kkenti az \u00e1ll\u00e1sid\u0151t \u00e9s gondtalan karbantart\u00e1st biztos\u00edt.<\/p>\n<h4>5. Csendes teljes\u00edtm\u00e9ny<\/h4>\n<p>A cs\u00f6kkentett zajszintnek k\u00f6sz\u00f6nhet\u0151en az LF-151A ide\u00e1lis v\u00e1laszt\u00e1s zaj\u00e9rz\u00e9keny k\u00f6rnyezetekbe, p\u00e9ld\u00e1ul lak\u00f3\u00f6vezetekbe, iskol\u00e1kba \u00e9s k\u00f3rh\u00e1zakba, kellemesebb \u00e9lm\u00e9nyt ny\u00fajtva.<\/p>\n<h4>6. Sokoldal\u00fas\u00e1g<\/h4>\n<p>Ez a sebess\u00e9gv\u00e1lt\u00f3 sokoldal\u00fa \u00e9s k\u00fcl\u00f6nf\u00e9le f\u0171ny\u00edr\u00f3 t\u00edpusokkal kompatibilis. J\u00f3l alkalmazkodik a k\u00fcl\u00f6nb\u00f6z\u0151 terepviszonyokhoz \u00e9s sz\u00e1nt\u00f3f\u00f6ldek m\u00e9ret\u00e9hez, \u00edgy sokf\u00e9le alkalmaz\u00e1sra alkalmas.<\/p>\n<h4>7. Cs\u00f6kkentett kop\u00e1s<\/h4>\n<p>Az LF-151A minimaliz\u00e1lja a f\u0171ny\u00edr\u00f3 alkatr\u00e9szeinek, p\u00e9ld\u00e1ul a k\u00e9seknek \u00e9s a v\u00e1g\u00f3\u00e9leknek a kop\u00e1s\u00e1t, meghosszabb\u00edtva azok \u00e9lettartam\u00e1t \u00e9s biztos\u00edtva az \u00e1lland\u00f3 v\u00e1g\u00e1si min\u0151s\u00e9get.<\/p>\n<p>Az LF-151A forg\u00f3f\u0171ny\u00edr\u00f3 sebess\u00e9gv\u00e1lt\u00f3ja egy alapvet\u0151 alkatr\u00e9sz, amely n\u00f6veli a forg\u00f3f\u0171ny\u00edr\u00f3k teljes\u00edtm\u00e9ny\u00e9t, megb\u00edzhat\u00f3s\u00e1g\u00e1t \u00e9s hossz\u00fa \u00e9lettartam\u00e1t. Hat\u00e9konys\u00e1ga, tart\u00f3ss\u00e1ga \u00e9s k\u00f6nny\u0171 karbantart\u00e1sa \u00e9rt\u00e9kes befektet\u00e9ss\u00e9 teszi az optim\u00e1lis ny\u00edr\u00e1si eredm\u00e9nyek el\u00e9r\u00e9s\u00e9hez k\u00fcl\u00f6nf\u00e9le be\u00e1ll\u00edt\u00e1sokban.<\/p>\n<p><img loading=\"lazy\" decoding=\"async\" class=\"alignnone size-full wp-image-1868\" src=\"https:\/\/fmp-components.com\/wp-content\/uploads\/2024\/12\/Rotary-Mower-Gearbox4.webp\" alt=\"Rot\u00e1ci\u00f3s f\u0171ny\u00edr\u00f3 sebess\u00e9gv\u00e1lt\u00f34\" width=\"1278\" height=\"483\" title=\"\" srcset=\"https:\/\/fmp-components.com\/wp-content\/uploads\/2024\/12\/Rotary-Mower-Gearbox4.webp 1278w, https:\/\/fmp-components.com\/wp-content\/uploads\/2024\/12\/Rotary-Mower-Gearbox4-980x370.webp 980w, https:\/\/fmp-components.com\/wp-content\/uploads\/2024\/12\/Rotary-Mower-Gearbox4-480x181.webp 480w\" sizes=\"(min-width: 0px) and (max-width: 480px) 480px, (min-width: 481px) and (max-width: 980px) 980px, (min-width: 981px) 1278px, 100vw\" \/><\/p>\n<h3>Az LF-151A (1:3) forg\u00f3f\u0171ny\u00edr\u00f3 hajt\u00f3m\u0171 alkalmaz\u00e1sai<\/h3>\n<p>Az LF-151A forg\u00f3f\u0171ny\u00edr\u00f3 sebess\u00e9gv\u00e1lt\u00f3ja egy sokoldal\u00fa \u00e9s megb\u00edzhat\u00f3 alkatr\u00e9sz, amelyet sz\u00e9les k\u00f6r\u0171 alkalmaz\u00e1sokhoz terveztek. \u00cdme n\u00e9h\u00e1ny f\u0151bb felhaszn\u00e1l\u00e1si m\u00f3dja:<\/p>\n<h4>1. F\u0171ny\u00edr\u00f3k<\/h4>\n<p>Az LF-151A ide\u00e1lis mind lakoss\u00e1gi, mind kereskedelmi f\u0171ny\u00edr\u00f3khoz, prec\u00edz \u00e9s hat\u00e9kony, \u00edgy t\u00f6k\u00e9letes nagy mez\u0151k vagy z\u00f6ldter\u00fcletek karbantart\u00e1s\u00e1hoz.<\/p>\n<h4>2. Traktorra szerelt f\u0171ny\u00edr\u00f3k<\/h4>\n<p>Az LF-151A j\u00f3l illeszkedik traktorokra val\u00f3 felszerel\u00e9shez, \u00edgy kiv\u00e1l\u00f3 v\u00e1laszt\u00e1s nagy ter\u00fcletek, p\u00e9ld\u00e1ul mez\u0151k, gy\u00fcm\u00f6lcs\u00f6s\u00f6k \u00e9s sz\u0151l\u0151\u00fcltetv\u00e9nyek egyszer\u0171 f\u0171ny\u00edr\u00e1s\u00e1ra.<\/p>\n<h4>3. Mez\u0151gazdas\u00e1gi karbantart\u00e1s<\/h4>\n<p>Ez a sebess\u00e9gv\u00e1lt\u00f3 kompatibilis a durva v\u00e1g\u00e1s\u00fa f\u0171ny\u00edr\u00f3kkal \u00e9s a k\u00f6rk\u00e9ses kasz\u00e1kkal, \u00edgy ide\u00e1lis mez\u0151gazdas\u00e1gi ter\u00fcletek, legel\u0151k \u00e9s m\u00e1s nagym\u00e9ret\u0171 mez\u0151gazdas\u00e1gi ter\u00fcletek karbantart\u00e1s\u00e1hoz.<\/p>\n<h4>4. Nyilv\u00e1nos terek<\/h4>\n<p>Zajcs\u00f6kkent\u0151 k\u00e9pess\u00e9g\u00e9nek k\u00f6sz\u00f6nhet\u0151en az LF-151A t\u00f6k\u00e9letes v\u00e1laszt\u00e1s nyilv\u00e1nos helyeken, p\u00e9ld\u00e1ul iskol\u00e1kban, k\u00f3rh\u00e1zakban \u00e9s parkokban val\u00f3 haszn\u00e1latra, ahol a halkabb m\u0171k\u00f6d\u00e9s elengedhetetlen.<\/p>\n<h4>5. Kert\u00e9p\u00edt\u00e9si feladatok<\/h4>\n<p>Az LF-151A sokoldal\u00fa v\u00e1laszt\u00e1s k\u00fcl\u00f6nf\u00e9le tereprendez\u00e9si ig\u00e9nyekhez, bele\u00e9rtve a s\u00f6v\u00e9nyny\u00edr\u00e1st, a boz\u00f3ttiszt\u00edt\u00e1st \u00e9s a boz\u00f3tv\u00e1g\u00e1st, megb\u00edzhat\u00f3 teljes\u00edtm\u00e9nyt ny\u00fajtva a legk\u00fcl\u00f6nb\u00f6z\u0151bb terepeken.<\/p>\n<p>Az LF-151A forg\u00f3f\u0171ny\u00edr\u00f3 sebess\u00e9gv\u00e1lt\u00f3 egy megb\u00edzhat\u00f3 \u00e9s sokoldal\u00fa alkatr\u00e9sz, amely alkalmas a f\u0171ny\u00edr\u00f3k hat\u00e9konys\u00e1g\u00e1nak, megb\u00edzhat\u00f3s\u00e1g\u00e1nak \u00e9s tart\u00f3ss\u00e1g\u00e1nak n\u00f6vel\u00e9s\u00e9re sz\u00e1mos alkalmaz\u00e1sban. Legyen sz\u00f3 lakoss\u00e1gi, mez\u0151gazdas\u00e1gi vagy k\u00f6zc\u00e9l\u00fa haszn\u00e1latr\u00f3l, kiv\u00e1l\u00f3 teljes\u00edtm\u00e9nyt \u00e9s tart\u00f3s eredm\u00e9nyeket biztos\u00edt.<\/p>\n<p><img loading=\"lazy\" decoding=\"async\" class=\"alignnone size-full wp-image-1869\" src=\"https:\/\/fmp-components.com\/wp-content\/uploads\/2024\/12\/Rotary-Mower-Gearbox-LF-151A-Applications-1.webp\" alt=\"Rot\u00e1ci\u00f3s-F\u0171ny\u00edr\u00f3-Sebess\u00e9gv\u00e1lt\u00f3-LF-151A-Alkalmaz\u00e1s-1\" width=\"2560\" height=\"1472\" title=\"\" srcset=\"https:\/\/fmp-components.com\/wp-content\/uploads\/2024\/12\/Rotary-Mower-Gearbox-LF-151A-Applications-1.webp 2560w, https:\/\/fmp-components.com\/wp-content\/uploads\/2024\/12\/Rotary-Mower-Gearbox-LF-151A-Applications-1-1280x736.webp 1280w, https:\/\/fmp-components.com\/wp-content\/uploads\/2024\/12\/Rotary-Mower-Gearbox-LF-151A-Applications-1-980x564.webp 980w, https:\/\/fmp-components.com\/wp-content\/uploads\/2024\/12\/Rotary-Mower-Gearbox-LF-151A-Applications-1-480x276.webp 480w\" sizes=\"(min-width: 0px) and (max-width: 480px) 480px, (min-width: 481px) and (max-width: 980px) 980px, (min-width: 981px) and (max-width: 1280px) 1280px, (min-width: 1281px) 2560px, 100vw\" \/><\/p>\n<h3>Az FMP-r\u0151l<\/h3>\n<p>Az olaszorsz\u00e1gi sz\u00e9khely\u0171 FMP egy elismert v\u00e1llalat, amely sebess\u00e9gv\u00e1lt\u00f3k, reduktorok \u00e9s g\u00e9p\u00e9szeti g\u00e9pek kutat\u00e1s\u00e1ra, fejleszt\u00e9s\u00e9re \u00e9s gy\u00e1rt\u00e1s\u00e1ra specializ\u00e1l\u00f3dott. A tehets\u00e9ggondoz\u00e1s \u00e9s az innov\u00e1ci\u00f3 el\u0151mozd\u00edt\u00e1sa ir\u00e1nti er\u0151s elk\u00f6telezetts\u00e9g\u00e9vel az FMP vezet\u0151v\u00e9 v\u00e1lt a ter\u00fclet\u00e9n.<\/p>\n<h3>Soksz\u00edn\u0171 term\u00e9kportf\u00f3li\u00f3<\/h3>\n<p>A c\u00e9g term\u00e9kpalett\u00e1ja a k\u00f6vetkez\u0151ket tartalmazza:<\/p>\n<ul>\n<li><strong>Spir\u00e1lis k\u00fapkerekes hajt\u00f3m\u0171vek<\/strong><\/li>\n<li><strong>Homlokkerekes sebess\u00e9gv\u00e1lt\u00f3k<\/strong><\/li>\n<li><strong>Csigahajt\u00f3m\u0171vek<\/strong><\/li>\n<li><strong>Hengeres sebess\u00e9gv\u00e1lt\u00f3k<\/strong><\/li>\n<li><strong>Nagynyom\u00e1s\u00fa \u00f6nt\u00f6tt szeleptestek \u00e9s h\u00e1zak<\/strong><\/li>\n<\/ul>\n<h3>Sz\u00e9lesk\u00f6r\u0171 alkalmaz\u00e1sok<\/h3>\n<p>Az FMP term\u00e9kek rendk\u00edv\u00fcl sokoldal\u00faak \u00e9s sz\u00e1mos ipar\u00e1gat szolg\u00e1lnak ki, bele\u00e9rtve:<\/p>\n<ul>\n<li><strong>Mez\u0151gazdas\u00e1g<\/strong>: Rot\u00e1ci\u00f3s f\u0171ny\u00edr\u00f3kban, h\u00f3sepr\u0151kben, m\u0171tr\u00e1gyasz\u00f3r\u00f3kban \u00e9s gabonasz\u00e1ll\u00edt\u00f3kban haszn\u00e1lj\u00e1k.<\/li>\n<li><strong>Ipari berendez\u00e9sek<\/strong>Olajkitermel\u00e9shez, tengeri alkalmaz\u00e1sokhoz \u00e9s hidraulikus alkatr\u00e9szekhez haszn\u00e1lt g\u00e9pek t\u00e1mogat\u00e1sa m\u00e9rn\u00f6ki projektekhez.<\/li>\n<\/ul>\n<h3>Fejlett gy\u00e1rt\u00e1si folyamatok<\/h3>\n<p>Az FMP b\u00fcszke robusztus m\u0171szaki \u00e9s K+F k\u00e9pess\u00e9geire, \u00e9s apr\u00f3l\u00e9kos gy\u00e1rt\u00e1si folyamaton kereszt\u00fcl megb\u00edzhat\u00f3, kiv\u00e1l\u00f3 min\u0151s\u00e9g\u0171 term\u00e9keket \u00e1ll\u00edt el\u0151:<\/p>\n<ol>\n<li><strong>Term\u00e9ktervez\u00e9s<\/strong>Egyedi specifik\u00e1ci\u00f3kat dolgoznak ki, bele\u00e9rtve a sebess\u00e9gv\u00e1lt\u00f3 t\u00edpus\u00e1t, anyag\u00e1t \u00e9s m\u00e9reteit.<\/li>\n<li><strong>Anyagel\u0151k\u00e9sz\u00edt\u00e9s<\/strong>Kiv\u00e1l\u00f3 min\u0151s\u00e9g\u0171 anyagokat, p\u00e9ld\u00e1ul \u00f6nt\u00f6ttvasat \u00e9s alum\u00ednium\u00f6tv\u00f6zeteket v\u00e1lasztunk ki \u00e9s k\u00e9sz\u00edt\u00fcnk el\u0151.<\/li>\n<li><strong>Prec\u00edzi\u00f3s megmunk\u00e1l\u00e1s<\/strong>Az olyan alkatr\u00e9szeket, mint a fogasker\u00e9ktengelyek \u00e9s -h\u00e1zak, fejlett technik\u00e1kkal, p\u00e9ld\u00e1ul eszterg\u00e1l\u00e1ssal \u00e9s mar\u00e1ssal munk\u00e1lj\u00e1k meg.<\/li>\n<li><strong>K\u00f6zgy\u0171l\u00e9s<\/strong>A fogaskerekek, csap\u00e1gyak \u00e9s tengelyek a h\u00e1zba vannak szerelve, biztos\u00edtva a pontos illeszt\u00e9st \u00e9s a megfelel\u0151 ken\u00e9st.<\/li>\n<li><strong>H\u0151kezel\u00e9s<\/strong>A sebess\u00e9gv\u00e1lt\u00f3k h\u0151kezel\u00e9sen esnek \u00e1t a szil\u00e1rds\u00e1g \u00e9s a kop\u00e1s\u00e1ll\u00f3s\u00e1g n\u00f6vel\u00e9se \u00e9rdek\u00e9ben.<\/li>\n<li><strong>Fel\u00fcletkezel\u00e9s<\/strong>Az olyan elj\u00e1r\u00e1sok, mint a pol\u00edroz\u00e1s \u00e9s a porbevonat, jav\u00edtj\u00e1k a megjelen\u00e9st \u00e9s a korr\u00f3zi\u00f3\u00e1ll\u00f3s\u00e1got.<\/li>\n<li><strong>Min\u0151s\u00e9gellen\u0151rz\u00e9s<\/strong>Szigor\u00fa ellen\u0151rz\u00e9sek \u00e9s tesztel\u00e9sek biztos\u00edtj\u00e1k a stabilit\u00e1st, a pontoss\u00e1got \u00e9s a teljes\u00edtm\u00e9nyszabv\u00e1nyoknak val\u00f3 megfelel\u00e9st.<\/li>\n<\/ol>\n<h3>Ipar\u00e1gi h\u00edrn\u00e9v<\/h3>\n<p>Az FMP elk\u00f6telezett a min\u0151s\u00e9g, az innov\u00e1ci\u00f3 \u00e9s az \u00fcgyf\u00e9l-el\u00e9gedetts\u00e9g ir\u00e1nt, ami kiv\u00e1l\u00f3 h\u00edrnevet szerzett neki a gy\u00e1rt\u00e1si szektorban. A v\u00e1llalat filoz\u00f3fi\u00e1ja a k\u00e9zm\u0171vess\u00e9gre, a fejlett technol\u00f3gi\u00e1ra \u00e9s a tart\u00f3s \u00e9rt\u00e9kteremt\u00e9sre \u00f6sszpontos\u00edt.<\/p>\n<h3>Legyen vel\u00fcnk partner<\/h3>\n<p>Az FMP \u00f6r\u00f6mmel fogadja az egy\u00fcttm\u0171k\u00f6d\u00e9si lehet\u0151s\u00e9geket glob\u00e1lis \u00fcgyfelekkel \u00e9s partnerekkel. Term\u00e9keinkkel \u00e9s szolg\u00e1ltat\u00e1sainkkal kapcsolatos k\u00e9rd\u00e9seivel k\u00e9rj\u00fck, vegye fel vel\u00fcnk a kapcsolatot telefonon vagy e-mailben. Elk\u00f6telezettek vagyunk az \u00d6n ig\u00e9nyeinek megfelel\u0151, szem\u00e9lyre szabott megold\u00e1sok ny\u00fajt\u00e1sa ir\u00e1nt.<\/p>\n<p><img loading=\"lazy\" decoding=\"async\" class=\"alignnone size-full wp-image-1861\" src=\"https:\/\/fmp-components.com\/wp-content\/uploads\/2024\/12\/Other-Agricultural-Gearboxes.webp\" alt=\"Egy\u00e9b-Mez\u0151gazdas\u00e1gi-Sebess\u00e9gv\u00e1lt\u00f3k\" width=\"1200\" height=\"1400\" title=\"\" srcset=\"https:\/\/fmp-components.com\/wp-content\/uploads\/2024\/12\/Other-Agricultural-Gearboxes.webp 1200w, https:\/\/fmp-components.com\/wp-content\/uploads\/2024\/12\/Other-Agricultural-Gearboxes-980x1143.webp 980w, https:\/\/fmp-components.com\/wp-content\/uploads\/2024\/12\/Other-Agricultural-Gearboxes-480x560.webp 480w\" sizes=\"(min-width: 0px) and (max-width: 480px) 480px, (min-width: 481px) and (max-width: 980px) 980px, (min-width: 981px) 1200px, 100vw\" \/><\/p>\n<p>Szerz\u0151: CX<\/p>","protected":false},"excerpt":{"rendered":"<p>Specifications of Rotary Mower Gearbox LF-151A (1:3) Product Description Rotary Mower Gearboxes &#8211; Replacement of Comer Gearbox LF-151A 1:3 Product details All gearboxes are supplied without oil. First, the oil change after 50-70 operating hours, then after 500-700 operating hours or at least once a year. Contact us for power at a different RPM. Application [&hellip;]<\/p>","protected":false},"featured_media":1864,"comment_status":"open","ping_status":"closed","template":"","meta":{"_et_pb_use_builder":"","_et_pb_old_content":"","_et_gb_content_width":""},"product_brand":[],"product_cat":[51],"product_tag":[],"class_list":{"0":"post-1859","1":"product","2":"type-product","3":"status-publish","4":"has-post-thumbnail","6":"product_cat-rotary-mower-gearbox","8":"first","9":"instock","10":"shipping-taxable","11":"product-type-simple"},"_links":{"self":[{"href":"https:\/\/fmp-components.com\/hu\/wp-json\/wp\/v2\/product\/1859","targetHints":{"allow":["GET"]}}],"collection":[{"href":"https:\/\/fmp-components.com\/hu\/wp-json\/wp\/v2\/product"}],"about":[{"href":"https:\/\/fmp-components.com\/hu\/wp-json\/wp\/v2\/types\/product"}],"replies":[{"embeddable":true,"href":"https:\/\/fmp-components.com\/hu\/wp-json\/wp\/v2\/comments?post=1859"}],"wp:featuredmedia":[{"embeddable":true,"href":"https:\/\/fmp-components.com\/hu\/wp-json\/wp\/v2\/media\/1864"}],"wp:attachment":[{"href":"https:\/\/fmp-components.com\/hu\/wp-json\/wp\/v2\/media?parent=1859"}],"wp:term":[{"taxonomy":"product_brand","embeddable":true,"href":"https:\/\/fmp-components.com\/hu\/wp-json\/wp\/v2\/product_brand?post=1859"},{"taxonomy":"product_cat","embeddable":true,"href":"https:\/\/fmp-components.com\/hu\/wp-json\/wp\/v2\/product_cat?post=1859"},{"taxonomy":"product_tag","embeddable":true,"href":"https:\/\/fmp-components.com\/hu\/wp-json\/wp\/v2\/product_tag?post=1859"}],"curies":[{"name":"munkaf\u00fczet","href":"https:\/\/api.w.org\/{rel}","templated":true}]}}