{"id":1853,"date":"2024-12-24T07:33:41","date_gmt":"2024-12-24T07:33:41","guid":{"rendered":"https:\/\/fmp-components.com\/?page_id=8"},"modified":"2025-05-07T14:12:19","modified_gmt":"2025-05-07T14:12:19","slug":"rotary-mower-gearboxes-replacement-of-comer-code-lf-211j","status":"publish","type":"product","link":"https:\/\/fmp-components.com\/hu\/product\/rotary-mower-gearboxes-replacement-of-comer-code-lf-211j\/","title":{"rendered":"Rot\u00e1ci\u00f3s f\u0171ny\u00edr\u00f3 hajt\u00f3m\u0171vek \u2013 Comer LF-211J k\u00f3d\u00fa hajt\u00f3m\u0171vek cser\u00e9je"},"content":{"rendered":"<p><img loading=\"lazy\" decoding=\"async\" class=\"alignnone size-full wp-image-1856\" src=\"https:\/\/fmp-components.com\/wp-content\/uploads\/2024\/12\/Rotary-Mower-Gearbox2.webp\" alt=\"Rot\u00e1ci\u00f3s f\u0171ny\u00edr\u00f3 sebess\u00e9gv\u00e1lt\u00f3\" width=\"1261\" height=\"655\" title=\"\" srcset=\"https:\/\/fmp-components.com\/wp-content\/uploads\/2024\/12\/Rotary-Mower-Gearbox2.webp 1261w, https:\/\/fmp-components.com\/wp-content\/uploads\/2024\/12\/Rotary-Mower-Gearbox2-980x509.webp 980w, https:\/\/fmp-components.com\/wp-content\/uploads\/2024\/12\/Rotary-Mower-Gearbox2-480x249.webp 480w\" sizes=\"(min-width: 0px) and (max-width: 480px) 480px, (min-width: 481px) and (max-width: 980px) 980px, (min-width: 981px) 1261px, 100vw\" \/><\/p>\n<p><img loading=\"lazy\" decoding=\"async\" class=\"alignnone size-full wp-image-1854\" src=\"https:\/\/fmp-components.com\/wp-content\/uploads\/2024\/12\/Specifications-of-Rotary-Mower-Gearbox-LF-211J.webp\" alt=\"Az LF-211J forg\u00f3f\u0171ny\u00edr\u00f3 sebess\u00e9gv\u00e1lt\u00f3j\u00e1nak m\u0171szaki adatai\" width=\"1000\" height=\"590\" title=\"\" srcset=\"https:\/\/fmp-components.com\/wp-content\/uploads\/2024\/12\/Specifications-of-Rotary-Mower-Gearbox-LF-211J.webp 1000w, https:\/\/fmp-components.com\/wp-content\/uploads\/2024\/12\/Specifications-of-Rotary-Mower-Gearbox-LF-211J-980x578.webp 980w, https:\/\/fmp-components.com\/wp-content\/uploads\/2024\/12\/Specifications-of-Rotary-Mower-Gearbox-LF-211J-480x283.webp 480w\" sizes=\"(min-width: 0px) and (max-width: 480px) 480px, (min-width: 481px) and (max-width: 980px) 980px, (min-width: 981px) 1000px, 100vw\" \/><\/p>\n<h2>Term\u00e9kle\u00edr\u00e1s<\/h2>\n<table class=\"kh-1xzm1su\" style=\"width: 100.272%; height: 542px;\" border=\"1\" cellspacing=\"0\" cellpadding=\"0\" data-intent=\"lists-product-attributes\" data-test-id=\"attributes-list\">\n<tbody class=\"kh-1ago99h\">\n<tr id=\"alexis#custom#item-id\" class=\"kh-bwvum6\" style=\"height: 23px;\" data-test-id=\"attribute-row\">\n<th class=\"kh-10oizfy\" style=\"width: 23.4341%; height: 23px;\">Term\u00e9kle\u00edr\u00e1s<\/th>\n<td class=\"kh-1f5nhat\" style=\"width: 76.3499%; height: 23px;\">\n<div class=\"kh-pkx4zo\"><a href=\"https:\/\/fmp-components.com\/hu\/product-category\/agricultural-gearbox\/rotary-mower-gearbox\/\">Rot\u00e1ci\u00f3s f\u0171ny\u00edr\u00f3 sebess\u00e9gv\u00e1lt\u00f3k<\/a> \u2013 Comer LF-211J sebess\u00e9gv\u00e1lt\u00f3 csere<\/div>\n<\/td>\n<\/tr>\n<tr id=\"attProductDetails\" class=\"kh-bwvum6\" style=\"height: 99px;\" data-test-id=\"attribute-row\">\n<th class=\"kh-10oizfy\" style=\"width: 23.4341%; height: 99px;\">Term\u00e9kadatok<\/th>\n<td class=\"kh-1f5nhat\" style=\"width: 76.3499%; height: 99px;\">\n<ul>\n<li class=\"kh-16zd49f\">Minden sebess\u00e9gv\u00e1lt\u00f3 olaj n\u00e9lk\u00fcl ker\u00fcl kisz\u00e1ll\u00edt\u00e1sra.<\/li>\n<li class=\"kh-16zd49f\">El\u0151sz\u00f6r 50-70 \u00fczem\u00f3ra ut\u00e1n, majd 500-700 \u00fczem\u00f3ra ut\u00e1n vagy legal\u00e1bb \u00e9vente egyszer kell olajat cser\u00e9lni.<\/li>\n<li class=\"kh-16zd49f\">Elt\u00e9r\u0151 fordulatsz\u00e1m\u00fa teljes\u00edtm\u00e9ny\u00e9rt vegye fel vel\u00fcnk a kapcsolatot.<\/li>\n<\/ul>\n<\/td>\n<\/tr>\n<tr id=\"attApplicationRange\" class=\"kh-bwvum6\" style=\"height: 23px;\" data-test-id=\"attribute-row\">\n<th class=\"kh-10oizfy\" style=\"width: 23.4341%; height: 23px;\">Alkalmaz\u00e1si tartom\u00e1ny<\/th>\n<td class=\"kh-1f5nhat\" style=\"width: 76.3499%; height: 23px;\">\n<div class=\"kh-pkx4zo\">F\u0171ny\u00edr\u00f3k<\/div>\n<\/td>\n<\/tr>\n<tr id=\"attConsistsOf\" class=\"kh-bwvum6\" style=\"height: 75px;\" data-test-id=\"attribute-row\">\n<th class=\"kh-10oizfy\" style=\"width: 23.4341%; height: 75px;\">Tartalmaz<\/th>\n<td class=\"kh-1f5nhat\" style=\"width: 76.3499%; height: 75px;\">\n<ul>\n<li class=\"kh-16zd49f\">Sebess\u00e9gv\u00e1lt\u00f3<\/li>\n<li class=\"kh-16zd49f\">Olaj n\u00e9lk\u00fcl<\/li>\n<\/ul>\n<\/td>\n<\/tr>\n<tr id=\"taContainsOil\" class=\"kh-bwvum6\" style=\"height: 23px;\" data-test-id=\"attribute-row\">\n<th class=\"kh-10oizfy\" style=\"width: 23.4341%; height: 23px;\">Olajat tartalmaz<\/th>\n<td class=\"kh-1f5nhat\" style=\"width: 76.3499%; height: 23px;\">\n<div class=\"kh-pkx4zo\">Nem<\/div>\n<\/td>\n<\/tr>\n<tr id=\"taMaxOilCapacityL\" class=\"kh-bwvum6\" style=\"height: 23px;\" data-test-id=\"attribute-row\">\n<th class=\"kh-10oizfy\" style=\"width: 23.4341%; height: 23px;\">Max. olajkapacit\u00e1s<\/th>\n<td class=\"kh-1f5nhat\" style=\"width: 76.3499%; height: 23px;\">\n<div class=\"kh-pkx4zo\">0,8 liter<\/div>\n<\/td>\n<\/tr>\n<tr id=\"taMaxOilChangeIntervalH\" class=\"kh-bwvum6\" style=\"height: 23px;\" data-test-id=\"attribute-row\">\n<th class=\"kh-10oizfy\" style=\"width: 23.4341%; height: 23px;\">Max. olajcsere-intervallum<\/th>\n<td class=\"kh-1f5nhat\" style=\"width: 76.3499%; height: 23px;\">\n<div class=\"kh-pkx4zo\">500 \u00f3ra<\/div>\n<\/td>\n<\/tr>\n<tr id=\"taOilSAEViscosityGrade\" class=\"kh-bwvum6\" style=\"height: 23px;\" data-test-id=\"attribute-row\">\n<th class=\"kh-10oizfy\" style=\"width: 23.4341%; height: 23px;\">SAE viszkozit\u00e1si oszt\u00e1ly\u00fa olaj<\/th>\n<td class=\"kh-1f5nhat\" style=\"width: 76.3499%; height: 23px;\">\n<div class=\"kh-pkx4zo\">80W-90<\/div>\n<\/td>\n<\/tr>\n<tr id=\"taHousingMaterial_16\" class=\"kh-bwvum6\" style=\"height: 23px;\" data-test-id=\"attribute-row\">\n<th class=\"kh-10oizfy\" style=\"width: 23.4341%; height: 23px;\">H\u00e1z anyaga<\/th>\n<td class=\"kh-1f5nhat\" style=\"width: 76.3499%; height: 23px;\">\n<div class=\"kh-pkx4zo\"><a href=\"https:\/\/fmp-components.com\/hu\/cast-iron\/\">\u00d6nt\u00f6ttvas<\/a> GGG40<\/div>\n<\/td>\n<\/tr>\n<tr id=\"taWeightKg_75\" class=\"kh-bwvum6\" style=\"height: 23px;\" data-test-id=\"attribute-row\">\n<th class=\"kh-10oizfy\" style=\"width: 23.4341%; height: 23px;\">S\u00faly<\/th>\n<td class=\"kh-1f5nhat\" style=\"width: 76.3499%; height: 23px;\">\n<div class=\"kh-pkx4zo\">14 kg<\/div>\n<\/td>\n<\/tr>\n<tr id=\"taGearArrangementInc\" class=\"kh-bwvum6\" style=\"height: 23px;\" data-test-id=\"attribute-row\">\n<th class=\"kh-10oizfy\" style=\"width: 23.4341%; height: 23px;\">Fogasker\u00e9k-elrendez\u00e9s N\u00f6vekv\u0151<\/th>\n<td class=\"kh-1f5nhat\" style=\"width: 76.3499%; height: 23px;\">\n<div class=\"kh-pkx4zo\">3<\/div>\n<\/td>\n<\/tr>\n<tr id=\"taInputPowerKwHpInc\" class=\"kh-bwvum6\" style=\"height: 23px;\" data-test-id=\"attribute-row\">\n<th class=\"kh-10oizfy\" style=\"width: 23.4341%; height: 23px;\">Bemeneti teljes\u00edtm\u00e9ny kW \/ LE N\u00f6vekv\u0151<\/th>\n<td class=\"kh-1f5nhat\" style=\"width: 76.3499%; height: 23px;\">\n<div class=\"kh-pkx4zo\">14,7 \/ 20 kW\/LE<\/div>\n<\/td>\n<\/tr>\n<tr id=\"taInputShaftIncreasi\" class=\"kh-bwvum6\" style=\"height: 23px;\" data-test-id=\"attribute-row\">\n<th class=\"kh-10oizfy\" style=\"width: 23.4341%; height: 23px;\">Bemeneti tengely N\u00f6vekv\u0151<\/th>\n<td class=\"kh-1f5nhat\" style=\"width: 76.3499%; height: 23px;\">\n<div class=\"kh-pkx4zo\">X<\/div>\n<\/td>\n<\/tr>\n<tr id=\"taNSOutputTorqueDaNm_1\" class=\"kh-bwvum6\" style=\"height: 23px;\" data-test-id=\"attribute-row\">\n<th class=\"kh-10oizfy\" style=\"width: 23.4341%; height: 23px;\">Kimeneti nyomat\u00e9k DaNm n\u00f6vekv\u0151<\/th>\n<td class=\"kh-1f5nhat\" style=\"width: 76.3499%; height: 23px;\">\n<div class=\"kh-pkx4zo\">8,9 daNm<\/div>\n<\/td>\n<\/tr>\n<tr id=\"taRatioIncreasing\" class=\"kh-bwvum6\" style=\"height: 23px;\" data-test-id=\"attribute-row\">\n<th class=\"kh-10oizfy\" style=\"width: 23.4341%; height: 23px;\">Ar\u00e1ny n\u00f6vel\u00e9se<\/th>\n<td class=\"kh-1f5nhat\" style=\"width: 76.3499%; height: 23px;\">\n<div class=\"kh-pkx4zo\">1: 2.83<\/div>\n<\/td>\n<\/tr>\n<tr id=\"taRatioReducing\" class=\"kh-bwvum6\" style=\"height: 23px;\" data-test-id=\"attribute-row\">\n<th class=\"kh-10oizfy\" style=\"width: 23.4341%; height: 23px;\">Ar\u00e1nycs\u00f6kkent\u00e9s<\/th>\n<td class=\"kh-1f5nhat\" style=\"width: 76.3499%; height: 23px;\">\n<div class=\"kh-pkx4zo\">2.83 : 1<\/div>\n<\/td>\n<\/tr>\n<tr id=\"taShaftX\" class=\"kh-bwvum6\" style=\"height: 23px;\" data-test-id=\"attribute-row\">\n<th class=\"kh-10oizfy\" style=\"width: 23.4341%; height: 23px;\">X tengely<\/th>\n<td class=\"kh-1f5nhat\" style=\"width: 76.3499%; height: 23px;\">\n<div class=\"kh-pkx4zo\">1 3\/8&#8243; (6)<\/div>\n<\/td>\n<\/tr>\n<tr id=\"taShaftZ\" class=\"kh-bwvum6\" style=\"height: 23px;\" data-test-id=\"attribute-row\">\n<th class=\"kh-10oizfy\" style=\"width: 23.4341%; height: 23px;\">Z tengely<\/th>\n<td class=\"kh-1f5nhat\" style=\"width: 76.3499%; height: 23px;\">\n<div class=\"kh-pkx4zo\">33 \u00f3ra 7<\/div>\n<\/td>\n<\/tr>\n<\/tbody>\n<\/table>\n<h2>Az LF-211J forg\u00f3f\u0171ny\u00edr\u00f3 sebess\u00e9gv\u00e1lt\u00f3 jellemz\u0151i<\/h2>\n<p>Az LF-211J egy nagy teljes\u00edtm\u00e9ny\u0171 forg\u00f3f\u0171ny\u00edr\u00f3 sebess\u00e9gv\u00e1lt\u00f3, amelyet mez\u0151gazdas\u00e1gi \u00e9s ipari alkalmaz\u00e1sokhoz terveztek, megb\u00edzhat\u00f3 \u00e9s hat\u00e9kony er\u0151\u00e1tvitelt biztos\u00edtva a forg\u00f3f\u0171ny\u00edr\u00f3k sz\u00e1m\u00e1ra. F\u0151bb jellemz\u0151i:<\/p>\n<ul>\n<li><strong>\u00c1tt\u00e9tel<\/strong>A sebess\u00e9gv\u00e1lt\u00f3 \u00e1tt\u00e9tele 1:2,83, ami azt jelenti, hogy a kimeneti sebess\u00e9g k\u00f6r\u00fclbel\u00fcl 2,83-szorosa a bemeneti sebess\u00e9gnek.<\/li>\n<li><strong>Teljes\u00edtm\u00e9nykapacit\u00e1s<\/strong>Maxim\u00e1lis bemeneti teljes\u00edtm\u00e9nye 14,7 kW (20 LE), maxim\u00e1lis kimeneti nyomat\u00e9ka pedig 8,9 daNm.<\/li>\n<li><strong>\u00c9p\u00edt\u00e9s<\/strong>A h\u00e1z GGG40 \u00f6nt\u00f6ttvasb\u00f3l k\u00e9sz\u00fclt, amely tart\u00f3ss\u00e1g\u00e1r\u00f3l \u00e9s szil\u00e1rds\u00e1g\u00e1r\u00f3l ismert, biztos\u00edtva a hossz\u00fa \u00e9lettartamot \u00e9s a kop\u00e1s\u00e1ll\u00f3s\u00e1got.<\/li>\n<li><strong>Olajkapacit\u00e1s \u00e9s karbantart\u00e1s<\/strong>A sebess\u00e9gv\u00e1lt\u00f3 maxim\u00e1lis olajkapacit\u00e1sa 0,8 liter, \u00e9s SAE 80W-90 hajt\u00f3m\u0171olajat haszn\u00e1l. Az els\u0151 olajcser\u00e9t 50-70 \u00fczem\u00f3ra ut\u00e1n, majd 500-700 \u00f3r\u00e1nk\u00e9nt, vagy legal\u00e1bb \u00e9vente egyszer aj\u00e1nlott elv\u00e9gezni.<\/li>\n<li><strong>S\u00faly<\/strong>A k\u00e9sz\u00fcl\u00e9k s\u00falya k\u00f6r\u00fclbel\u00fcl 14 kg, \u00edgy viszonylag k\u00f6nnyen kezelhet\u0151 \u00e9s telep\u00edthet\u0151.<\/li>\n<li><strong>Tengely specifik\u00e1ci\u00f3k<\/strong>A bemen\u0151 tengely 1 3\/8 h\u00fcvelykes (6 bord\u00e1s) csatlakoz\u00e1shoz van kialak\u00edtva, m\u00edg a kimen\u0151 tengely \u00e1tm\u00e9r\u0151je 33 mm, \u00edgy kompatibilis a szabv\u00e1nyos forg\u00f3f\u0171ny\u00edr\u00f3 alkatr\u00e9szekkel.<\/li>\n<\/ul>\n<p>Ezek a jellemz\u0151k teszik az LF-211J sebess\u00e9gv\u00e1lt\u00f3t megb\u00edzhat\u00f3 v\u00e1laszt\u00e1ss\u00e1 a forg\u00f3f\u0171ny\u00edr\u00f3k teljes\u00edtm\u00e9ny\u00e9nek \u00e9s hat\u00e9konys\u00e1g\u00e1nak n\u00f6vel\u00e9s\u00e9re k\u00fcl\u00f6nf\u00e9le mez\u0151gazdas\u00e1gi k\u00f6rnyezetben.<\/p>\n<p><img loading=\"lazy\" decoding=\"async\" class=\"alignnone size-full wp-image-1855\" src=\"https:\/\/fmp-components.com\/wp-content\/uploads\/2024\/12\/PTO-Shaft-for-Rotary-Mower-Gearbox-35.webp\" alt=\"Kard\u00e1ntengely-forg\u00f3f\u0171ny\u00edr\u00f3-hajt\u00f3m\u0171h\u00f6z\" width=\"2200\" height=\"1100\" title=\"\" srcset=\"https:\/\/fmp-components.com\/wp-content\/uploads\/2024\/12\/PTO-Shaft-for-Rotary-Mower-Gearbox-35.webp 2200w, https:\/\/fmp-components.com\/wp-content\/uploads\/2024\/12\/PTO-Shaft-for-Rotary-Mower-Gearbox-35-1280x640.webp 1280w, https:\/\/fmp-components.com\/wp-content\/uploads\/2024\/12\/PTO-Shaft-for-Rotary-Mower-Gearbox-35-980x490.webp 980w, https:\/\/fmp-components.com\/wp-content\/uploads\/2024\/12\/PTO-Shaft-for-Rotary-Mower-Gearbox-35-480x240.webp 480w\" sizes=\"(min-width: 0px) and (max-width: 480px) 480px, (min-width: 481px) and (max-width: 980px) 980px, (min-width: 981px) and (max-width: 1280px) 1280px, (min-width: 1281px) 2200px, 100vw\" \/><\/p>\n<h3>Hogyan t\u00e1vol\u00edtsuk el a forg\u00f3f\u0171ny\u00edr\u00f3 sebess\u00e9gv\u00e1lt\u00f3j\u00e1t<\/h3>\n<p>A forg\u00f3f\u0171ny\u00edr\u00f3 sebess\u00e9gv\u00e1lt\u00f3j\u00e1nak elt\u00e1vol\u00edt\u00e1sa egyszer\u0171 folyamat, ha gondosan \u00e9s szisztematikusan v\u00e9gzik. A biztons\u00e1g \u00e9s a hat\u00e9konys\u00e1g \u00e9rdek\u00e9ben k\u00f6vesse az al\u00e1bbi l\u00e9p\u00e9seket:<\/p>\n<h4>1. H\u00fazza ki a t\u00e1pegys\u00e9get<\/h4>\n<p>Ind\u00edt\u00e1s el\u0151tt v\u00e1lassza le a f\u0171ny\u00edr\u00f3 \u00e1ramforr\u00e1s\u00e1t a v\u00e9letlen m\u0171k\u00f6d\u00e9s elker\u00fcl\u00e9se \u00e9rdek\u00e9ben. Ez mag\u00e1ban foglalhatja a motor kikapcsol\u00e1s\u00e1t, a t\u00e1pk\u00e1bel kih\u00faz\u00e1s\u00e1t vagy az akkumul\u00e1tor lev\u00e1laszt\u00e1s\u00e1t.<\/p>\n<h4>2. T\u00e1vol\u00edtsa el a v\u00e1g\u00f3k\u00e9seket<\/h4>\n<p>A sebess\u00e9gv\u00e1lt\u00f3hoz val\u00f3 hozz\u00e1f\u00e9r\u00e9shez v\u00e1lassza le a v\u00e1g\u00f3peng\u00e9ket a f\u0171ny\u00edr\u00f3h\u00e1zr\u00f3l. Gy\u0151z\u0151dj\u00f6n meg arr\u00f3l, hogy a f\u0171ny\u00edr\u00f3 stabil, \u00e9s haszn\u00e1ljon megfelel\u0151 szersz\u00e1mokat a peng\u00e9k biztons\u00e1gos elt\u00e1vol\u00edt\u00e1s\u00e1hoz.<\/p>\n<h4>3. Laz\u00edtsa meg a sebess\u00e9gv\u00e1lt\u00f3 r\u00f6gz\u00edt\u0151csavarjait<\/h4>\n<p>Azonos\u00edtsa a sebess\u00e9gv\u00e1lt\u00f3t a f\u0171ny\u00edr\u00f3asztalhoz r\u00f6gz\u00edt\u0151 r\u00f6gz\u00edt\u0151csavarokat. Egy vill\u00e1skulcs vagy dug\u00f3kulcs seg\u00edts\u00e9g\u00e9vel laz\u00edtsa meg \u00e9s t\u00e1vol\u00edtsa el ezeket a csavarokat.<\/p>\n<h4>4. V\u00e1lassza le a be- \u00e9s kimen\u0151 tengelyeket<\/h4>\n<p>V\u00e1lasszuk le a sebess\u00e9gv\u00e1lt\u00f3hoz csatlakoztatott be- \u00e9s kimen\u0151 tengelyeket. El\u0151fordulhat, hogy el kell t\u00e1vol\u00edtani a tengelykapcsol\u00f3kat, csapokat vagy egy\u00e9b tartoz\u00e9kokat. A k\u00f6nnyebb \u00f6sszeszerel\u00e9s \u00e9rdek\u00e9ben jegyezz\u00fck meg a tengelyek csatlakoztat\u00e1s\u00e1nak m\u00f3dj\u00e1t.<\/p>\n<h4>5. Vegye le a sebess\u00e9gv\u00e1lt\u00f3t a fed\u00e9lzetr\u0151l<\/h4>\n<p>\u00d3vatosan emelje le a sebess\u00e9gv\u00e1lt\u00f3t a f\u0171ny\u00edr\u00f3asztalr\u00f3l. A sebess\u00e9gv\u00e1lt\u00f3 m\u00e9ret\u00e9t\u0151l \u00e9s s\u00faly\u00e1t\u00f3l f\u00fcgg\u0151en a biztons\u00e1gos kezel\u00e9s \u00e9rdek\u00e9ben sz\u00fcks\u00e9g lehet egy m\u00e1sik szem\u00e9ly seg\u00edts\u00e9g\u00e9re.<\/p>\n<h4>6. Ellen\u0151rizze a sebess\u00e9gv\u00e1lt\u00f3t<\/h4>\n<p>Vizsg\u00e1lja meg a sebess\u00e9gv\u00e1lt\u00f3t kop\u00e1s vagy s\u00e9r\u00fcl\u00e9s jelei ut\u00e1n kutatva, p\u00e9ld\u00e1ul kopott fogaskerekek, s\u00e9r\u00fclt t\u00f6m\u00edt\u00e9sek vagy hib\u00e1s csap\u00e1gyak szempontj\u00e1b\u00f3l. Ez a l\u00e9p\u00e9s kulcsfontoss\u00e1g\u00fa annak meg\u00e1llap\u00edt\u00e1s\u00e1hoz, hogy a sebess\u00e9gv\u00e1lt\u00f3 jav\u00edthat\u00f3-e vagy cser\u00e9re szorul.<\/p>\n<h4>7. Jav\u00edtsa meg vagy cser\u00e9lje ki a sebess\u00e9gv\u00e1lt\u00f3t<\/h4>\n<p>Ha a sebess\u00e9gv\u00e1lt\u00f3 s\u00e9r\u00fclt, k\u00f6vesse a gy\u00e1rt\u00f3 jav\u00edt\u00e1si vagy csere\u00fatmutat\u00f3j\u00e1t. \u00dajratelep\u00edt\u00e9s el\u0151tt gy\u0151z\u0151dj\u00f6n meg arr\u00f3l, hogy minden alkatr\u00e9sz megfelel\u0151en m\u0171k\u00f6dik.<\/p>\n<h4>8. Szerelje vissza a sebess\u00e9gv\u00e1lt\u00f3t<\/h4>\n<p>Az \u00fajratelep\u00edt\u00e9shez k\u00f6vesse az elt\u00e1vol\u00edt\u00e1si l\u00e9p\u00e9seket ford\u00edtott sorrendben:<\/p>\n<ul>\n<li>Helyezze a sebess\u00e9gv\u00e1lt\u00f3t a f\u0171ny\u00edr\u00f3asztalra.<\/li>\n<li>H\u00fazza meg a r\u00f6gz\u00edt\u0151csavarokat a gy\u00e1rt\u00f3 \u00e1ltal aj\u00e1nlott nyomat\u00e9kkal, a csavarok megh\u00faz\u00e1s\u00e1val.<\/li>\n<li>Csatlakoztassa \u00fajra a be- \u00e9s kimen\u0151 tengelyeket, \u00fcgyelve arra, hogy minden csatlakoz\u00f3 \u00e9s tartoz\u00e9k megfelel\u0151en illeszkedjen.<\/li>\n<li>Szerelje vissza biztons\u00e1gosan a v\u00e1g\u00f3peng\u00e9ket.<\/li>\n<\/ul>\n<h4>9. A f\u0171ny\u00edr\u00f3 tesztel\u00e9se<\/h4>\n<p>Az \u00fajratelep\u00edt\u00e9s ut\u00e1n ellen\u0151rizze a f\u0171ny\u00edr\u00f3t, hogy a sebess\u00e9gv\u00e1lt\u00f3 sim\u00e1n m\u0171k\u00f6dik-e, \u00e9s nincsenek-e szokatlan zajok vagy rezg\u00e9sek.<\/p>\n<h3>Biztons\u00e1gi tippek<\/h3>\n<ul>\n<li>A folyamat sor\u00e1n mindig viseljen v\u00e9d\u0151keszty\u0171t \u00e9s v\u00e9d\u0151szem\u00fcveget.<\/li>\n<li>Haszn\u00e1ljon stabil t\u00e1maszt\u00e9kokat a f\u0171ny\u00edr\u00f3 felborul\u00e1s\u00e1nak megakad\u00e1lyoz\u00e1s\u00e1ra.<\/li>\n<li>A kompatibilit\u00e1s \u00e9s a biztons\u00e1g biztos\u00edt\u00e1sa \u00e9rdek\u00e9ben k\u00f6vesse a f\u0171ny\u00edr\u00f3 haszn\u00e1lati \u00fatmutat\u00f3j\u00e1ban tal\u00e1lhat\u00f3 konkr\u00e9t utas\u00edt\u00e1sokat.<\/li>\n<\/ul>\n<p>A l\u00e9p\u00e9sek gondos betart\u00e1s\u00e1val \u00e9s a biztons\u00e1gi \u00f3vint\u00e9zked\u00e9sek betart\u00e1s\u00e1val sikeresen elt\u00e1vol\u00edthatja, ellen\u0151rizheti \u00e9s kicser\u00e9lheti vagy jav\u00edthatja a forg\u00f3f\u0171ny\u00edr\u00f3 sebess\u00e9gv\u00e1lt\u00f3j\u00e1t, ha sz\u00fcks\u00e9ges.<\/p>\n<p><img loading=\"lazy\" decoding=\"async\" class=\"alignnone size-full wp-image-1857\" src=\"https:\/\/fmp-components.com\/wp-content\/uploads\/2024\/12\/Rotary-Mower-Gearbox1.webp\" alt=\"Rot\u00e1ci\u00f3s f\u0171ny\u00edr\u00f3 sebess\u00e9gv\u00e1lt\u00f3\" width=\"1275\" height=\"428\" title=\"\" srcset=\"https:\/\/fmp-components.com\/wp-content\/uploads\/2024\/12\/Rotary-Mower-Gearbox1.webp 1275w, https:\/\/fmp-components.com\/wp-content\/uploads\/2024\/12\/Rotary-Mower-Gearbox1-980x329.webp 980w, https:\/\/fmp-components.com\/wp-content\/uploads\/2024\/12\/Rotary-Mower-Gearbox1-480x161.webp 480w\" sizes=\"(min-width: 0px) and (max-width: 480px) 480px, (min-width: 481px) and (max-width: 980px) 980px, (min-width: 981px) 1275px, 100vw\" \/><\/p>\n<h3>Az FMP-r\u0151l<\/h3>\n<p>Az FMP egy kiemelked\u0151 olaszorsz\u00e1gi sz\u00e9khely\u0171 v\u00e1llalat, amely k\u00fcl\u00f6nf\u00e9le sebess\u00e9gv\u00e1lt\u00f3k, reduktorok \u00e9s g\u00e9p\u00e9szeti g\u00e9pek kutat\u00e1s\u00e1ra, fejleszt\u00e9s\u00e9re \u00e9s gy\u00e1rt\u00e1s\u00e1ra specializ\u00e1l\u00f3dott. A v\u00e1llalat elk\u00f6telezett a m\u0171szaki tehets\u00e9gek gondoz\u00e1sa ir\u00e1nt is, hogy el\u0151seg\u00edtse az innov\u00e1ci\u00f3t \u00e9s a kiv\u00e1l\u00f3s\u00e1got a ter\u00fclet\u00e9n. Az FMP term\u00e9kportf\u00f3li\u00f3j\u00e1ba tartoznak a spir\u00e1lis k\u00fapkerekes sebess\u00e9gv\u00e1lt\u00f3k, a homlokkerekes sebess\u00e9gv\u00e1lt\u00f3k, <a href=\"https:\/\/fmp-components.com\/hu\/worm-gearbox\/\">csigahajt\u00f3m\u0171vek<\/a>, hengeres sebess\u00e9gv\u00e1lt\u00f3k, valamint nagynyom\u00e1s\u00fa \u00f6nt\u00f6tt szeleptestek \u00e9s h\u00e1zak.<\/p>\n<h4>Kiterjedt alkalmaz\u00e1sok<\/h4>\n<p>Az FMP term\u00e9keit sz\u00e9les k\u00f6rben haszn\u00e1lj\u00e1k k\u00fcl\u00f6nf\u00e9le alkalmaz\u00e1sokban, bele\u00e9rtve:<\/p>\n<ul>\n<li>Mez\u0151gazdas\u00e1gi g\u00e9pek, p\u00e9ld\u00e1ul forg\u00f3f\u0171ny\u00edr\u00f3k, h\u00f3sepr\u0151k, m\u0171tr\u00e1gyasz\u00f3r\u00f3k \u00e9s gabonasz\u00e1ll\u00edt\u00f3k.<\/li>\n<li>Ipari berendez\u00e9sek, olajkitermel\u0151 g\u00e9pek, tengeri ipari eszk\u00f6z\u00f6k \u00e9s hidraulikus alkatr\u00e9szek m\u00e9rn\u00f6ki projektekhez.<\/li>\n<\/ul>\n<h4>Fejlett gy\u00e1rt\u00e1s \u00e9s technol\u00f3gia<\/h4>\n<p>Az FMP b\u00fcszke robusztus m\u0171szaki \u00e9s K+F k\u00e9pess\u00e9geire, amelyek megb\u00edzhat\u00f3 \u00e9s kiv\u00e1l\u00f3 min\u0151s\u00e9g\u0171 term\u00e9keket biztos\u00edtanak, amelyek megfelelnek a modern ipar\u00e1gak ig\u00e9nyeinek. A v\u00e1llalat apr\u00f3l\u00e9kos \u00e9s kifinomult gy\u00e1rt\u00e1si folyamatot alkalmaz, bele\u00e9rtve:<\/p>\n<ol>\n<li><strong>Term\u00e9ktervez\u00e9s<\/strong>Egyedi specifik\u00e1ci\u00f3k, anyagok \u00e9s m\u00e9retek kidolgoz\u00e1sa az \u00fcgyf\u00e9l ig\u00e9nyeinek megfelel\u0151en.<\/li>\n<li><strong>Anyagel\u0151k\u00e9sz\u00edt\u00e9s<\/strong>Pr\u00e9mium min\u0151s\u00e9g\u0171 anyagok, p\u00e9ld\u00e1ul \u00f6nt\u00f6ttvas vagy alum\u00ednium\u00f6tv\u00f6zetek felhaszn\u00e1l\u00e1s\u00e1val.<\/li>\n<li><strong>Prec\u00edzi\u00f3s megmunk\u00e1l\u00e1s<\/strong>Fejlett eszterg\u00e1l\u00e1si, mar\u00e1si \u00e9s egy\u00e9b megmunk\u00e1l\u00e1si technik\u00e1k alkalmaz\u00e1sa kulcsfontoss\u00e1g\u00fa alkatr\u00e9szek, p\u00e9ld\u00e1ul fogaskerekek \u00e9s h\u00e1zak el\u0151\u00e1ll\u00edt\u00e1s\u00e1hoz.<\/li>\n<li><strong>K\u00f6zgy\u0171l\u00e9s<\/strong>Fogaskerekek, csap\u00e1gyak \u00e9s tengelyek \u00f6sszeszerel\u00e9se a h\u00e1zba prec\u00edzi\u00f3s be\u00e1ll\u00edt\u00e1ssal, kalibr\u00e1l\u00e1ssal \u00e9s megfelel\u0151 ken\u00e9ssel.<\/li>\n<li><strong>Folyamatkezel\u00e9s<\/strong>H\u0151kezel\u00e9s elv\u00e9gz\u00e9se a szil\u00e1rds\u00e1g \u00e9s a kop\u00e1s\u00e1ll\u00f3s\u00e1g fokoz\u00e1sa \u00e9rdek\u00e9ben.<\/li>\n<li><strong>Fel\u00fcletkezel\u00e9s<\/strong>Pol\u00edroz\u00e1s, porfest\u00e9s \u00e9s egy\u00e9b fel\u00fcletkezel\u00e9sek alkalmaz\u00e1sa a jobb megjelen\u00e9s \u00e9s korr\u00f3zi\u00f3\u00e1ll\u00f3s\u00e1g \u00e9rdek\u00e9ben.<\/li>\n<li><strong>Min\u0151s\u00e9gellen\u0151rz\u00e9s<\/strong>Szigor\u00fa ellen\u0151rz\u00e9seket \u00e9s teszteket hajtunk v\u00e9gre a m\u00e9retek, a pontoss\u00e1g, a zaj \u00e9s a rezg\u00e9s tekintet\u00e9ben a stabilit\u00e1s, a biztons\u00e1g \u00e9s az \u00e1lland\u00f3 min\u0151s\u00e9g biztos\u00edt\u00e1sa \u00e9rdek\u00e9ben.<\/li>\n<\/ol>\n<h4>Ipar\u00e1gi h\u00edrn\u00e9v<\/h4>\n<p>Az FMP elk\u00f6telezett a min\u0151s\u00e9g, az innov\u00e1ci\u00f3 \u00e9s az \u00fcgyf\u00e9l-el\u00e9gedetts\u00e9g ir\u00e1nt, ami kiv\u00e1l\u00f3 h\u00edrnevet szerzett a gy\u00e1rt\u00f3iparban. A v\u00e1llalat egyedi \u00fczleti filoz\u00f3fi\u00e1j\u00e1t k\u00f6veti, amely a megb\u00edzhat\u00f3s\u00e1got, a szak\u00e9rtelmet \u00e9s a kiv\u00e1l\u00f3s\u00e1got hangs\u00falyozza.<\/p>\n<p>Sz\u00edvesen fogadjuk \u00fcgyfeleink \u00e9s partnereink megkeres\u00e9seit \u00e9s egy\u00fcttm\u0171k\u00f6d\u00e9si lehet\u0151s\u00e9geit vil\u00e1gszerte. K\u00e9rj\u00fck, forduljon hozz\u00e1nk bizalommal telefonon vagy e-mailben, ha tov\u00e1bbi inform\u00e1ci\u00f3t szeretne kapni term\u00e9keinkr\u0151l \u00e9s szolg\u00e1ltat\u00e1sainkr\u00f3l.<\/p>\n<p><img loading=\"lazy\" decoding=\"async\" class=\"alignnone size-full wp-image-1861\" src=\"https:\/\/fmp-components.com\/wp-content\/uploads\/2024\/12\/Other-Agricultural-Gearboxes.webp\" alt=\"Egy\u00e9b-Mez\u0151gazdas\u00e1gi-Sebess\u00e9gv\u00e1lt\u00f3k\" width=\"1200\" height=\"1400\" title=\"\" srcset=\"https:\/\/fmp-components.com\/wp-content\/uploads\/2024\/12\/Other-Agricultural-Gearboxes.webp 1200w, https:\/\/fmp-components.com\/wp-content\/uploads\/2024\/12\/Other-Agricultural-Gearboxes-980x1143.webp 980w, https:\/\/fmp-components.com\/wp-content\/uploads\/2024\/12\/Other-Agricultural-Gearboxes-480x560.webp 480w\" sizes=\"(min-width: 0px) and (max-width: 480px) 480px, (min-width: 481px) and (max-width: 980px) 980px, (min-width: 981px) 1200px, 100vw\" \/><\/p>\n<p>Szerz\u0151: CX<\/p>","protected":false},"excerpt":{"rendered":"<p>Product Specification Product Description Rotary Mower Gearboxes &#8211; Replacement of Comer Gearbox LF-211J Product details All gearboxes are supplied without oil. First, the oil change after 50-70 operating hours, then after 500-700 operating hours or at least once a year. Contact us for power at a different RPM. Application range Mowers Consists of Gearbox Without [&hellip;]<\/p>","protected":false},"featured_media":1858,"comment_status":"open","ping_status":"closed","template":"","meta":{"_et_pb_use_builder":"","_et_pb_old_content":"","_et_gb_content_width":""},"product_brand":[],"product_cat":[51],"product_tag":[],"class_list":{"0":"post-1853","1":"product","2":"type-product","3":"status-publish","4":"has-post-thumbnail","6":"product_cat-rotary-mower-gearbox","8":"first","9":"instock","10":"shipping-taxable","11":"product-type-simple"},"_links":{"self":[{"href":"https:\/\/fmp-components.com\/hu\/wp-json\/wp\/v2\/product\/1853","targetHints":{"allow":["GET"]}}],"collection":[{"href":"https:\/\/fmp-components.com\/hu\/wp-json\/wp\/v2\/product"}],"about":[{"href":"https:\/\/fmp-components.com\/hu\/wp-json\/wp\/v2\/types\/product"}],"replies":[{"embeddable":true,"href":"https:\/\/fmp-components.com\/hu\/wp-json\/wp\/v2\/comments?post=1853"}],"wp:featuredmedia":[{"embeddable":true,"href":"https:\/\/fmp-components.com\/hu\/wp-json\/wp\/v2\/media\/1858"}],"wp:attachment":[{"href":"https:\/\/fmp-components.com\/hu\/wp-json\/wp\/v2\/media?parent=1853"}],"wp:term":[{"taxonomy":"product_brand","embeddable":true,"href":"https:\/\/fmp-components.com\/hu\/wp-json\/wp\/v2\/product_brand?post=1853"},{"taxonomy":"product_cat","embeddable":true,"href":"https:\/\/fmp-components.com\/hu\/wp-json\/wp\/v2\/product_cat?post=1853"},{"taxonomy":"product_tag","embeddable":true,"href":"https:\/\/fmp-components.com\/hu\/wp-json\/wp\/v2\/product_tag?post=1853"}],"curies":[{"name":"munkaf\u00fczet","href":"https:\/\/api.w.org\/{rel}","templated":true}]}}