{"id":1843,"date":"2024-12-24T06:35:24","date_gmt":"2024-12-24T06:35:24","guid":{"rendered":"https:\/\/fmp-components.com\/?page_id=8"},"modified":"2024-12-24T06:51:56","modified_gmt":"2024-12-24T06:51:56","slug":"post-hole-digger-gearbox-replacement-of-comer-code-t-290f","status":"publish","type":"product","link":"https:\/\/fmp-components.com\/hu\/product\/post-hole-digger-gearbox-replacement-of-comer-code-t-290f\/","title":{"rendered":"Post Hole Digger sebess\u00e9gv\u00e1lt\u00f3 \u2013 Comer Code T-290F csere"},"content":{"rendered":"<p>A Comer Code T-290F ut\u00f3f\u00far\u00f3 hajt\u00f3m\u0171v\u00fcnket kifejezetten a f\u00far\u00f3fej ut\u00f3dj\u00e1nak tervezt\u00fck. Ez a hajt\u00f3m\u0171 kiemelked\u0151 teljes\u00edtm\u00e9nyt \u00e9s tart\u00f3ss\u00e1got biztos\u00edt k\u00fcl\u00f6nf\u00e9le f\u00far\u00e1si alkalmaz\u00e1sokhoz.<\/p>\n<h3>F\u0151bb jellemz\u0151k:<\/h3>\n<ul>\n<li><strong>Nagy nyomat\u00e9kkimenet<\/strong>A kiv\u00e9teles nyomat\u00e9k biztos\u00edt\u00e1s\u00e1ra tervezett sebess\u00e9gv\u00e1lt\u00f3 hat\u00e9konyan tov\u00e1bb\u00edtja a teljes\u00edtm\u00e9nyt a traktorr\u00f3l a csig\u00e1ra, \u00edgy ide\u00e1lis a neh\u00e9z talajviszonyokhoz.<\/li>\n<li><strong>Robusztus konstrukci\u00f3<\/strong>Kiv\u00e1l\u00f3 min\u0151s\u00e9g\u0171 anyagokb\u00f3l k\u00e9sz\u00fclt sebess\u00e9gv\u00e1lt\u00f3nk kiemelked\u0151 szil\u00e1rds\u00e1got \u00e9s kop\u00e1s\u00e1ll\u00f3s\u00e1got k\u00edn\u00e1l, \u00edgy hossz\u00fa \u00e9lettartamot biztos\u00edt.<\/li>\n<li><strong>Prec\u00edzi\u00f3s megmunk\u00e1l\u00e1s<\/strong>Minden egys\u00e9g prec\u00edzen gy\u00e1rtott, hogy garant\u00e1lja a z\u00f6kken\u0151mentes m\u0171k\u00f6d\u00e9st \u00e9s az optim\u00e1lis teljes\u00edtm\u00e9nyt, minimaliz\u00e1lva az energiavesztes\u00e9get haszn\u00e1lat k\u00f6zben.<\/li>\n<li><strong>Kompakt kialak\u00edt\u00e1s<\/strong>A kompakt m\u00e9retek lehet\u0151v\u00e9 teszik a k\u00f6nny\u0171 telep\u00edt\u00e9st \u00e9s a k\u00fcl\u00f6nf\u00e9le oszlopf\u00far\u00f3 rendszerekkel val\u00f3 kompatibilit\u00e1st an\u00e9lk\u00fcl, hogy extra helyet foglalna el.<\/li>\n<li><strong>Sokoldal\u00fa kompatibilit\u00e1s<\/strong>: \u00dagy tervezt\u00e9k, hogy sz\u00e1mos traktorhoz \u00e9s kotr\u00f3g\u00e9phez illeszkedjen, \u00edgy alkalmass\u00e1 teszi sz\u00e1mos mez\u0151gazdas\u00e1gi \u00e9s \u00e9p\u00edt\u0151ipari alkalmaz\u00e1sra.<\/li>\n<li><strong>Hat\u00e9kony t\u00f6m\u00edt\u0151rendszer<\/strong>Az integr\u00e1lt t\u00f6m\u00edt\u00e9sek megakad\u00e1lyozz\u00e1k a szennyez\u0151d\u00e9sek bejut\u00e1s\u00e1t a sebess\u00e9gv\u00e1lt\u00f3ba, ez\u00e1ltal el\u0151seg\u00edtve a ken\u00e9s fenntart\u00e1s\u00e1t \u00e9s a bels\u0151 alkatr\u00e9szek \u00e9lettartam\u00e1nak n\u00f6vel\u00e9s\u00e9t.<\/li>\n<li><strong>Alacsony karbantart\u00e1si ig\u00e9ny<\/strong>A tart\u00f3ss\u00e1gra tervezett sebess\u00e9gv\u00e1lt\u00f3 minim\u00e1lis karbantart\u00e1st ig\u00e9nyel, \u00edgy a felhaszn\u00e1l\u00f3k a feladataikra koncentr\u00e1lhatnak gyakori \u00e1ll\u00e1sid\u0151 n\u00e9lk\u00fcl.<\/li>\n<\/ul>\n<p>A Comer Code T-290F ut\u00e1nf\u00far\u00f3 hajt\u00f3m\u0171v\u00fcnket nagy teljes\u00edtm\u00e9nyre \u00e9s megb\u00edzhat\u00f3s\u00e1gra tervezt\u00fck. Robusztus kialak\u00edt\u00e1s\u00e1nak \u00e9s prec\u00edz m\u00e9rn\u00f6ki munk\u00e1j\u00e1nak k\u00f6sz\u00f6nhet\u0151en ide\u00e1lis megold\u00e1s minden f\u00far\u00e1si ig\u00e9ny\u00e9re. Tov\u00e1bbi inform\u00e1ci\u00f3\u00e9rt vagy megrendel\u00e9shez k\u00e9rj\u00fck, vegye fel vel\u00fcnk a kapcsolatot m\u00e9g ma!<\/p>\n<h2>Term\u00e9kspecifik\u00e1ci\u00f3k:<\/h2>\n<table style=\"width: 100%;\" border=\"1\" width=\"100%\" cellspacing=\"0\" cellpadding=\"0\">\n<tbody>\n<tr>\n<th>Le\u00edr\u00e1s<\/th>\n<td>Post Hole Digger sebess\u00e9gv\u00e1lt\u00f3 \u2013 Comer Code T-290F csere<\/td>\n<\/tr>\n<tr>\n<th>Alkalmaz\u00e1s<\/th>\n<td>K\u00fcl\u00f6nb\u00f6z\u0151 (mez\u0151gazdas\u00e1gi) alkalmaz\u00e1sok<\/td>\n<\/tr>\n<tr>\n<th>Tartalmaz<\/th>\n<td>Sebess\u00e9gv\u00e1lt\u00f3<\/td>\n<\/tr>\n<tr>\n<th>Olaj n\u00e9lk\u00fcl<\/th>\n<td>M\u0171szaki inform\u00e1ci\u00f3k<\/td>\n<\/tr>\n<tr>\n<th>Max. bemeneti teljes\u00edtm\u00e9ny<\/th>\n<td>66,2 kW<\/td>\n<\/tr>\n<tr>\n<th>Max. kimeneti nyomat\u00e9k<\/th>\n<td>1135 nm<\/td>\n<\/tr>\n<tr>\n<th>Olajat tartalmaz<\/th>\n<td>Nem<\/td>\n<\/tr>\n<tr>\n<th>Max. olajkapacit\u00e1s<\/th>\n<td>2,3 liter<\/td>\n<\/tr>\n<tr>\n<th>Max. olajcsere-intervallum<\/th>\n<td>500 \u00f3ra<\/td>\n<\/tr>\n<tr>\n<th>Olaj SAE viszkozit\u00e1si fokozat<\/th>\n<td>80W-90<\/td>\n<\/tr>\n<tr>\n<th>H\u00e1z anyaga<\/th>\n<td>\u00d6nt\u00f6ttvas GG25<\/td>\n<\/tr>\n<tr>\n<th>S\u00faly<\/th>\n<td>30 kg<\/td>\n<\/tr>\n<tr>\n<th>Fogasker\u00e9k-elrendez\u00e9s<\/th>\n<td>5 &#8211; 6<\/td>\n<\/tr>\n<tr>\n<th>H\u00e1nyados<\/th>\n<td>1: 1<\/td>\n<\/tr>\n<tr>\n<th>Bemeneti tengely<\/th>\n<td>Z<\/td>\n<\/tr>\n<tr>\n<th>X tengely<\/th>\n<td>1 3\/8\u2033 (6) (A)<\/td>\n<\/tr>\n<tr>\n<th>Y tengely<\/th>\n<td>1 3\/8\u2033 (6) (A)<\/td>\n<\/tr>\n<tr>\n<th>Z tengely<\/th>\n<td>1 3\/8\u2033 (6) (B)<\/td>\n<\/tr>\n<\/tbody>\n<\/table>\n<h2>Az FMP-r\u0151l<\/h2>\n<p>Az olaszorsz\u00e1gi sz\u00e9khely\u0171 FMP vezet\u0151 szerepet t\u00f6lt be a sebess\u00e9gv\u00e1lt\u00f3k, reduktorok \u00e9s g\u00e9p\u00e9szeti g\u00e9pek sz\u00e9les v\u00e1laszt\u00e9k\u00e1nak kutat\u00e1s\u00e1ban, fejleszt\u00e9s\u00e9ben \u00e9s gy\u00e1rt\u00e1s\u00e1ban. Az innov\u00e1ci\u00f3 \u00e9s a kiv\u00e1l\u00f3s\u00e1g ir\u00e1nti elk\u00f6telezetts\u00e9g\u00fcnkkel sz\u00e9les term\u00e9kk\u00edn\u00e1latot k\u00edn\u00e1lunk, amely a k\u00f6vetkez\u0151ket tartalmazza:<\/p>\n<ul>\n<li><strong>Spir\u00e1lis k\u00fapkerekes hajt\u00f3m\u0171vek<\/strong><\/li>\n<li><strong>Egyenes sebess\u00e9gv\u00e1lt\u00f3k<\/strong><\/li>\n<li><strong>Csigahajt\u00f3m\u0171vek<\/strong><\/li>\n<li><strong>Hengeres sebess\u00e9gv\u00e1lt\u00f3k<\/strong><\/li>\n<li><strong>Nagynyom\u00e1s\u00fa \u00f6nt\u00f6tt szeleptestek \u00e9s h\u00e1zak<\/strong><\/li>\n<\/ul>\n<p>Term\u00e9keinket sz\u00e1mos alkalmaz\u00e1sra tervezt\u00fck, olyan ipar\u00e1gakban, mint a mez\u0151gazdas\u00e1g, az \u00e9p\u00edt\u0151ipar \u00e9s a tenger\u00e9szet. \u00c1ltal\u00e1ban mez\u0151gazdas\u00e1gi f\u0171ny\u00edr\u00f3kban, h\u00f3ek\u00e9kben, m\u0171tr\u00e1gyasz\u00f3r\u00f3kban, gabonasz\u00e1ll\u00edt\u00f3kban, ipari g\u00e9pekben, olajkitermel\u0151 berendez\u00e9sekben \u00e9s hidraulikus rendszerekben haszn\u00e1lj\u00e1k \u0151ket.<\/p>\n<p>Az FMP-n\u00e9l b\u00fcszk\u00e9k vagyunk robusztus m\u0171szaki \u00e9s kutat\u00e1si k\u00e9pess\u00e9geinkre. A megb\u00edzhat\u00f3, kiv\u00e1l\u00f3 min\u0151s\u00e9g\u0171 term\u00e9kek gy\u00e1rt\u00e1sa ir\u00e1nti rend\u00edthetetlen elk\u00f6telezetts\u00e9g\u00fcnk elismert n\u00e9vv\u00e9 tett minket a gy\u00e1rt\u00e1si szektorban. Egyed\u00fcl\u00e1ll\u00f3 \u00fczleti filoz\u00f3fi\u00e1nkat valljuk, amely az innov\u00e1ci\u00f3t, a min\u0151s\u00e9get \u00e9s az \u00fcgyf\u00e9l-el\u00e9gedetts\u00e9get helyezi el\u0151t\u00e9rbe, lehet\u0151v\u00e9 t\u00e9ve sz\u00e1munkra, hogy alkalmazkodjunk \u00fcgyfeleink v\u00e1ltoz\u00f3 ig\u00e9nyeihez.<\/p>\n<p><img loading=\"lazy\" decoding=\"async\" class=\"alignnone wp-image-1840\" src=\"https:\/\/fmp-components.com\/wp-content\/uploads\/2024\/12\/Post-Hole-Digger-Gearbox-6.webp\" alt=\"Ut\u00f3f\u00far\u00f3 sebess\u00e9gv\u00e1lt\u00f3\" width=\"884\" height=\"582\" title=\"\" srcset=\"https:\/\/fmp-components.com\/wp-content\/uploads\/2024\/12\/Post-Hole-Digger-Gearbox-6.webp 884w, https:\/\/fmp-components.com\/wp-content\/uploads\/2024\/12\/Post-Hole-Digger-Gearbox-6-480x316.webp 480w\" sizes=\"(min-width: 0px) and (max-width: 480px) 480px, (min-width: 481px) 884px, 100vw\" \/><\/p>\n<h3>Mez\u0151gazdas\u00e1gi sebess\u00e9gv\u00e1lt\u00f3k gy\u00e1rt\u00e1si folyamata<\/h3>\n<p>A mez\u0151gazdas\u00e1gi sebess\u00e9gv\u00e1lt\u00f3k gy\u00e1rt\u00e1sa egy apr\u00f3l\u00e9kos folyamat, amely sz\u00e1mos kritikus l\u00e9p\u00e9st foglal mag\u00e1ban, amelyek mindegyike a legmagasabb min\u0151s\u00e9g \u00e9s teljes\u00edtm\u00e9ny biztos\u00edt\u00e1s\u00e1t szolg\u00e1lja:<\/p>\n<p><strong>Term\u00e9ktervez\u00e9s<\/strong><br \/>\nA kezdeti szakasz a specifik\u00e1ci\u00f3k meghat\u00e1roz\u00e1s\u00e1ra, az anyagok kiv\u00e1laszt\u00e1s\u00e1ra \u00e9s az adott alkalmaz\u00e1si k\u00f6vetelm\u00e9nyekhez igaz\u00edtott m\u00e9retek meghat\u00e1roz\u00e1s\u00e1ra \u00f6sszpontos\u00edt. Tervez\u0151csapatunk szorosan egy\u00fcttm\u0171k\u00f6dik az \u00fcgyfelekkel, hogy meg\u00e9rtse ig\u00e9nyeiket \u00e9s be\u00e9p\u00edtse a leg\u00fajabb technol\u00f3giai fejleszt\u00e9seket.<\/p>\n<p><strong>Nyersanyag-el\u0151k\u00e9sz\u00edt\u00e9s<\/strong><br \/>\nGondosan v\u00e1logatjuk \u00f6ssze a n\u00e9lk\u00fcl\u00f6zhetetlen anyagokat, els\u0151sorban az \u00f6nt\u00f6ttvasat \u00e9s az alum\u00ednium\u00f6tv\u00f6zetet, biztos\u00edtva, hogy azok megfeleljenek szigor\u00fa min\u0151s\u00e9gi el\u0151\u00edr\u00e1sainknak. Minden egyes t\u00e9telt felhaszn\u00e1l\u00e1s el\u0151tt alaposan ellen\u0151riz\u00fcnk, hogy garant\u00e1ljuk term\u00e9keink optim\u00e1lis teljes\u00edtm\u00e9ny\u00e9t.<\/p>\n<p><strong>Prec\u00edzi\u00f3s megmunk\u00e1l\u00e1s<\/strong><br \/>\nA nyersanyagok prec\u00edzi\u00f3s megmunk\u00e1l\u00e1son esnek \u00e1t, bele\u00e9rtve az eszterg\u00e1l\u00e1st \u00e9s a mar\u00e1st, hogy kiv\u00e9teles pontoss\u00e1ggal hozzanak l\u00e9tre fogaskerekeket, tengelyeket \u00e9s h\u00e1zakat. Korszer\u0171 g\u00e9peink \u00e9s k\u00e9pzett technikusaink biztos\u00edtj\u00e1k, hogy minden alkatr\u00e9sz t\u00f6k\u00e9letesre legyen kidolgozva.<\/p>\n<p><strong>K\u00f6zgy\u0171l\u00e9s<\/strong><br \/>\nAz \u00f6sszeszerel\u00e9s sor\u00e1n az olyan alkatr\u00e9szeket, mint a fogaskerekek, csap\u00e1gyak \u00e9s tengelyek, apr\u00f3l\u00e9kosan \u00f6sszeszerelik a h\u00e1zban. Ez a szakasz szigor\u00fa prec\u00edzi\u00f3s ellen\u0151rz\u00e9seket \u00e9s kalibr\u00e1l\u00e1sokat foglal mag\u00e1ban, valamint megfelel\u0151 ken\u0151anyagok alkalmaz\u00e1s\u00e1t a z\u00f6kken\u0151mentes \u00e9s hat\u00e9kony m\u0171k\u00f6d\u00e9s biztos\u00edt\u00e1sa \u00e9rdek\u00e9ben.<\/p>\n<p><strong>Folyamatkezel\u00e9s<\/strong><br \/>\nA szil\u00e1rds\u00e1g \u00e9s a kop\u00e1s\u00e1ll\u00f3s\u00e1g fokoz\u00e1sa \u00e9rdek\u00e9ben a sebess\u00e9gv\u00e1lt\u00f3kat fejlett h\u0151kezel\u00e9si elj\u00e1r\u00e1soknak vetik al\u00e1. Ez a kritikus l\u00e9p\u00e9s biztos\u00edtja, hogy term\u00e9keink ellen\u00e1lljanak a nagy ig\u00e9nybev\u00e9tel\u0171 alkalmaz\u00e1sok megpr\u00f3b\u00e1ltat\u00e1sainak.<\/p>\n<p><strong>Fel\u00fcletkezel\u00e9s<\/strong><br \/>\nFel\u00fcletkezel\u00e9seket alkalmazunk, p\u00e9ld\u00e1ul pol\u00edroz\u00e1st \u00e9s porfest\u00e9st, jav\u00edtva a sebess\u00e9gv\u00e1lt\u00f3k eszt\u00e9tikai megjelen\u00e9s\u00e9t \u00e9s korr\u00f3zi\u00f3\u00e1ll\u00f3s\u00e1g\u00e1t. Ez nemcsak a tart\u00f3ss\u00e1got n\u00f6veli, hanem term\u00e9keink \u00e9lettartam\u00e1t is meghosszabb\u00edtja k\u00fcl\u00f6nb\u00f6z\u0151 k\u00f6rnyezetekben.<\/p>\n<p><strong>Min\u0151s\u00e9gellen\u0151rz\u00e9s<\/strong><br \/>\nA gy\u00e1rt\u00e1s minden szakasz\u00e1ban \u00e1tfog\u00f3 ellen\u0151rz\u00e9seket v\u00e9gz\u00fcnk, m\u00e9rve a m\u00e9reteket, a pontoss\u00e1got, a zajszintet \u00e9s a rezg\u00e9st. Ez a szigor\u00fa min\u0151s\u00e9gellen\u0151rz\u00e9si folyamat garant\u00e1lja, hogy sebess\u00e9gv\u00e1lt\u00f3ink megfelelnek a szigor\u00fa biztons\u00e1gi \u00e9s teljes\u00edtm\u00e9nyi szabv\u00e1nyoknak.<\/p>\n<p>\u00d6sszess\u00e9g\u00e9ben a mez\u0151gazdas\u00e1gi sebess\u00e9gv\u00e1lt\u00f3k gy\u00e1rt\u00e1sa az FMP-n\u00e9l \u00f6sszetett feladat, amely szakk\u00e9pzett k\u00e9zm\u0171ves munk\u00e1t, fejlett gy\u00e1rt\u00e1stechnol\u00f3gi\u00e1t \u00e9s alapos min\u0151s\u00e9gellen\u0151rz\u00e9si rendszert ig\u00e9nyel. Apr\u00f3l\u00e9kos megk\u00f6zel\u00edt\u00e9s\u00fcnk biztos\u00edtja, hogy olyan sebess\u00e9gv\u00e1lt\u00f3kat sz\u00e1ll\u00edtsunk, amelyek kiv\u00e9teles teljes\u00edtm\u00e9nyt \u00e9s megb\u00edzhat\u00f3s\u00e1got ny\u00fajtanak, megfelelve \u00fcgyfeleink \u00e1ltal elv\u00e1rt magas k\u00f6vetelm\u00e9nyeknek.<\/p>\n<p>Szerz\u0151: CX<\/p>","protected":false},"excerpt":{"rendered":"<p>Our Post Hole Digger Gearbox, designed specifically as a replacement for the Comer Code T-290F. This gearbox ensures outstanding performance and durability for various drilling applications. Key Features: High Torque Output: Engineered to provide exceptional torque, this gearbox effectively transfers power from the tractor to the auger, making it ideal for tough soil conditions. Robust [&hellip;]<\/p>","protected":false},"featured_media":1844,"comment_status":"open","ping_status":"closed","template":"","meta":{"_et_pb_use_builder":"","_et_pb_old_content":"","_et_gb_content_width":""},"product_brand":[],"product_cat":[15],"product_tag":[],"class_list":{"0":"post-1843","1":"product","2":"type-product","3":"status-publish","4":"has-post-thumbnail","6":"product_cat-uncategorized","8":"first","9":"instock","10":"shipping-taxable","11":"product-type-simple"},"_links":{"self":[{"href":"https:\/\/fmp-components.com\/hu\/wp-json\/wp\/v2\/product\/1843","targetHints":{"allow":["GET"]}}],"collection":[{"href":"https:\/\/fmp-components.com\/hu\/wp-json\/wp\/v2\/product"}],"about":[{"href":"https:\/\/fmp-components.com\/hu\/wp-json\/wp\/v2\/types\/product"}],"replies":[{"embeddable":true,"href":"https:\/\/fmp-components.com\/hu\/wp-json\/wp\/v2\/comments?post=1843"}],"wp:featuredmedia":[{"embeddable":true,"href":"https:\/\/fmp-components.com\/hu\/wp-json\/wp\/v2\/media\/1844"}],"wp:attachment":[{"href":"https:\/\/fmp-components.com\/hu\/wp-json\/wp\/v2\/media?parent=1843"}],"wp:term":[{"taxonomy":"product_brand","embeddable":true,"href":"https:\/\/fmp-components.com\/hu\/wp-json\/wp\/v2\/product_brand?post=1843"},{"taxonomy":"product_cat","embeddable":true,"href":"https:\/\/fmp-components.com\/hu\/wp-json\/wp\/v2\/product_cat?post=1843"},{"taxonomy":"product_tag","embeddable":true,"href":"https:\/\/fmp-components.com\/hu\/wp-json\/wp\/v2\/product_tag?post=1843"}],"curies":[{"name":"munkaf\u00fczet","href":"https:\/\/api.w.org\/{rel}","templated":true}]}}