{"id":1841,"date":"2024-12-24T06:24:49","date_gmt":"2024-12-24T06:24:49","guid":{"rendered":"https:\/\/fmp-components.com\/?page_id=8"},"modified":"2024-12-24T06:51:07","modified_gmt":"2024-12-24T06:51:07","slug":"post-hole-diggers-gearboxes-replacement-of-comer-code-t-278a-11","status":"publish","type":"product","link":"https:\/\/fmp-components.com\/hu\/product\/post-hole-diggers-gearboxes-replacement-of-comer-code-t-278a-11\/","title":{"rendered":"Oszlopf\u00far\u00f3 hajt\u00f3m\u0171vek \u2013 A T-278A sarokk\u00f3d 1:1 cser\u00e9je"},"content":{"rendered":"<p>A Comer Code T-278A 1:1 k\u00f6zvetlen cser\u00e9j\u00e9re tervezett Post Hole Diggers sebess\u00e9gv\u00e1lt\u00f3nk kiv\u00e9teles teljes\u00edtm\u00e9nyt \u00e9s megb\u00edzhat\u00f3s\u00e1got biztos\u00edt k\u00fcl\u00f6nf\u00e9le f\u00far\u00e1si alkalmaz\u00e1sokban.<\/p>\n<h3>F\u0151bb jellemz\u0151k:<\/h3>\n<ul>\n<li><strong>Nagy nyomat\u00e9kkapacit\u00e1s<\/strong>K\u00e9pes kezelni az ig\u00e9nyes f\u00far\u00e1si feladatokat, biztos\u00edtva a hat\u00e9kony er\u0151\u00e1tvitelt a traktorr\u00f3l a f\u00far\u00f3csig.<\/li>\n<li><strong>Tart\u00f3s konstrukci\u00f3<\/strong>Kiv\u00e1l\u00f3 min\u0151s\u00e9g\u0171 anyagokb\u00f3l k\u00e9sz\u00fclt sebess\u00e9gv\u00e1lt\u00f3nk kiemelked\u0151 szil\u00e1rds\u00e1got \u00e9s kop\u00e1s\u00e1ll\u00f3s\u00e1got k\u00edn\u00e1l, \u00edgy hossz\u00fa \u00e9lettartamot biztos\u00edt.<\/li>\n<li><strong>Prec\u00edzi\u00f3s m\u00e9rn\u00f6ki munka<\/strong>Minden egyes sebess\u00e9gv\u00e1lt\u00f3 prec\u00edzen megmunk\u00e1lt, hogy biztos\u00edtsa a sima m\u0171k\u00f6d\u00e9st \u00e9s az optim\u00e1lis teljes\u00edtm\u00e9nyt, cs\u00f6kkentve az energiavesztes\u00e9get haszn\u00e1lat k\u00f6zben.<\/li>\n<li><strong>Kompakt kialak\u00edt\u00e1s<\/strong>A kompakt kialak\u00edt\u00e1s lehet\u0151v\u00e9 teszi a k\u00f6nny\u0171 telep\u00edt\u00e9st \u00e9s integr\u00e1l\u00e1st a megl\u00e9v\u0151 g\u00f6d\u00f6r\u00e1s\u00f3 berendez\u00e9sekkel an\u00e9lk\u00fcl, hogy n\u00f6veln\u00e9 a m\u00e9retet.<\/li>\n<li><strong>Sokoldal\u00fa kompatibilit\u00e1s<\/strong>: \u00dagy tervezt\u00e9k, hogy k\u00fcl\u00f6nf\u00e9le traktorokhoz \u00e9s kotr\u00f3g\u00e9pekhez illeszkedjen, \u00edgy alkalmass\u00e1 teszi k\u00fcl\u00f6nf\u00e9le mez\u0151gazdas\u00e1gi \u00e9s \u00e9p\u00edt\u0151ipari alkalmaz\u00e1sokhoz.<\/li>\n<li><strong>Hat\u00e9kony t\u00f6m\u00edt\u00e9s<\/strong>Az integr\u00e1lt t\u00f6m\u00edt\u00e9sek megakad\u00e1lyozz\u00e1k a szennyez\u0151d\u00e9s \u00e9s a nedvess\u00e9g bejut\u00e1s\u00e1t a sebess\u00e9gv\u00e1lt\u00f3ba, fenntartva a ken\u00e9st \u00e9s meghosszabb\u00edtva a bels\u0151 alkatr\u00e9szek \u00e9lettartam\u00e1t.<\/li>\n<li><strong>Alacsony karbantart\u00e1si ig\u00e9ny\u0171<\/strong>A tart\u00f3ss\u00e1gra tervezett sebess\u00e9gv\u00e1lt\u00f3 minim\u00e1lis karbantart\u00e1st ig\u00e9nyel, \u00edgy a felhaszn\u00e1l\u00f3k gyakori megszak\u00edt\u00e1sok n\u00e9lk\u00fcl a munk\u00e1jukra koncentr\u00e1lhatnak.<\/li>\n<\/ul>\n<h2>Term\u00e9kspecifik\u00e1ci\u00f3k:<\/h2>\n<table style=\"width: 100%;\" border=\"1\" width=\"100%\" cellspacing=\"0\" cellpadding=\"0\">\n<tbody>\n<tr>\n<th>Le\u00edr\u00e1s<\/th>\n<td>Oszlopf\u00far\u00f3 hajt\u00f3m\u0171vek \u2013 A T-278A sarokk\u00f3d 1:1 cser\u00e9je<\/td>\n<\/tr>\n<tr>\n<th>Alkalmaz\u00e1s<\/th>\n<td>K\u00fcl\u00f6nb\u00f6z\u0151 (mez\u0151gazdas\u00e1gi) alkalmaz\u00e1sok<\/td>\n<\/tr>\n<tr>\n<th>Tartalmaz<\/th>\n<td>Sebess\u00e9gv\u00e1lt\u00f3<\/td>\n<\/tr>\n<tr>\n<th>Olaj n\u00e9lk\u00fcl<\/th>\n<td>M\u0171szaki inform\u00e1ci\u00f3k<\/td>\n<\/tr>\n<tr>\n<th>Max. bemeneti teljes\u00edtm\u00e9ny<\/th>\n<td>40,5 kW<\/td>\n<\/tr>\n<tr>\n<th>Max. kimeneti nyomat\u00e9k<\/th>\n<td>693 nm<\/td>\n<\/tr>\n<tr>\n<th>Olajat tartalmaz<\/th>\n<td>Nem<\/td>\n<\/tr>\n<tr>\n<th>Max. olajkapacit\u00e1s<\/th>\n<td>1,7 liter<\/td>\n<\/tr>\n<tr>\n<th>Max. olajcsere-intervallum<\/th>\n<td>500 \u00f3ra<\/td>\n<\/tr>\n<tr>\n<th>Olaj SAE viszkozit\u00e1si fokozat<\/th>\n<td>80W-90<\/td>\n<\/tr>\n<tr>\n<th>H\u00e1z anyaga<\/th>\n<td>\u00d6nt\u00f6ttvas GG25<\/td>\n<\/tr>\n<tr>\n<th>S\u00faly<\/th>\n<td>23,5 kg<\/td>\n<\/tr>\n<tr>\n<th>Fogasker\u00e9k-elrendez\u00e9s<\/th>\n<td>1 &#8211; 2<\/td>\n<\/tr>\n<tr>\n<th>H\u00e1nyados<\/th>\n<td>1 : 1<\/td>\n<\/tr>\n<tr>\n<th>Bemeneti tengely<\/th>\n<td>Z<\/td>\n<\/tr>\n<tr>\n<th>X tengely<\/th>\n<td>1 3\/8\u2033 (6) (A)<\/td>\n<\/tr>\n<tr>\n<th>Z tengely<\/th>\n<td>1 3\/8\u2033 (6) (B)<\/td>\n<\/tr>\n<\/tbody>\n<\/table>\n<h2>Az FMP-r\u0151l<\/h2>\n<p>Az olaszorsz\u00e1gi sz\u00e9khely\u0171 FMP k\u00fcl\u00f6nf\u00e9le sebess\u00e9gv\u00e1lt\u00f3k, reduktorok \u00e9s g\u00e9p\u00e9szeti g\u00e9pek kutat\u00e1s\u00e1ra, fejleszt\u00e9s\u00e9re \u00e9s gy\u00e1rt\u00e1s\u00e1ra specializ\u00e1l\u00f3dott. Kiterjedt term\u00e9kpalett\u00e1nk a k\u00f6vetkez\u0151ket tartalmazza:<\/p>\n<ul>\n<li><strong>Spir\u00e1lis k\u00fapkerekes hajt\u00f3m\u0171vek<\/strong><\/li>\n<li><strong>Egyenes sebess\u00e9gv\u00e1lt\u00f3k<\/strong><\/li>\n<li><strong>Csigahajt\u00f3m\u0171vek<\/strong><\/li>\n<li><strong>Hengeres sebess\u00e9gv\u00e1lt\u00f3k<\/strong><\/li>\n<li><strong>Nagynyom\u00e1s\u00fa \u00f6nt\u00f6tt szeleptestek \u00e9s h\u00e1zak<\/strong><\/li>\n<\/ul>\n<p>Ezeket a term\u00e9keket k\u00fcl\u00f6nf\u00e9le alkalmaz\u00e1sokhoz tervezt\u00e9k, bele\u00e9rtve a mez\u0151gazdas\u00e1gi f\u0171ny\u00edr\u00f3kat, h\u00f3ek\u00e9ket, m\u0171tr\u00e1gyasz\u00f3r\u00f3kat, gabonasz\u00e1ll\u00edt\u00f3kat, ipari g\u00e9peket, olajkitermel\u0151 berendez\u00e9seket, haj\u00f3ipari alkatr\u00e9szeket \u00e9s hidraulikus rendszereket a m\u00e9rn\u00f6ki munk\u00e1khoz.<\/p>\n<p>Az FMP-n\u00e9l b\u00fcszk\u00e9k vagyunk er\u0151s m\u0171szaki \u00e9s kutat\u00e1si k\u00e9pess\u00e9geinkre. Elk\u00f6telezetts\u00e9g\u00fcnk a megb\u00edzhat\u00f3 \u00e9s kiv\u00e1l\u00f3 min\u0151s\u00e9g\u0171 term\u00e9kek gy\u00e1rt\u00e1sa ir\u00e1nt elismert vezet\u0151v\u00e9 tett minket a gy\u00e1rt\u00f3iparban. Egyed\u00fcl\u00e1ll\u00f3 \u00fczleti filoz\u00f3fi\u00e1nkat k\u00f6vetj\u00fck, amely az innov\u00e1ci\u00f3t, a min\u0151s\u00e9get \u00e9s az \u00fcgyf\u00e9l-el\u00e9gedetts\u00e9get helyezi el\u0151t\u00e9rbe, biztos\u00edtva, hogy hat\u00e9konyan megfelelj\u00fcnk \u00fcgyfeleink v\u00e1ltoz\u00f3 ig\u00e9nyeinek.<\/p>\n<p><img loading=\"lazy\" decoding=\"async\" class=\"alignnone wp-image-1840\" src=\"https:\/\/fmp-components.com\/wp-content\/uploads\/2024\/12\/Post-Hole-Digger-Gearbox-6.webp\" alt=\"Ut\u00f3f\u00far\u00f3 sebess\u00e9gv\u00e1lt\u00f3\" width=\"884\" height=\"582\" title=\"\" srcset=\"https:\/\/fmp-components.com\/wp-content\/uploads\/2024\/12\/Post-Hole-Digger-Gearbox-6.webp 884w, https:\/\/fmp-components.com\/wp-content\/uploads\/2024\/12\/Post-Hole-Digger-Gearbox-6-480x316.webp 480w\" sizes=\"(min-width: 0px) and (max-width: 480px) 480px, (min-width: 481px) 884px, 100vw\" \/><\/p>\n<h3>Mez\u0151gazdas\u00e1gi sebess\u00e9gv\u00e1lt\u00f3k gy\u00e1rt\u00e1si folyamata<\/h3>\n<p>A mez\u0151gazdas\u00e1gi sebess\u00e9gv\u00e1lt\u00f3k gy\u00e1rt\u00e1sa egy r\u00e9szletes folyamat, amely t\u00f6bb kritikus l\u00e9p\u00e9st foglal mag\u00e1ban:<\/p>\n<p><strong>Term\u00e9ktervez\u00e9s<\/strong><br \/>\nA kezdeti f\u00e1zis a specifik\u00e1ci\u00f3k, anyagok \u00e9s m\u00e9retek kiv\u00e1laszt\u00e1s\u00e1ra \u00f6sszpontos\u00edt, az adott alkalmaz\u00e1si ig\u00e9nyekhez igaz\u00edtva.<\/p>\n<p><strong>Nyersanyag-el\u0151k\u00e9sz\u00edt\u00e9s<\/strong><br \/>\nN\u00e9lk\u00fcl\u00f6zhetetlen anyagokat, els\u0151sorban \u00f6nt\u00f6ttvasat \u00e9s alum\u00ednium\u00f6tv\u00f6zetet szerz\u00fcnk be, biztos\u00edtva, hogy azok megfeleljenek szigor\u00fa min\u0151s\u00e9gi el\u0151\u00edr\u00e1sainknak.<\/p>\n<p><strong>Prec\u00edzi\u00f3s megmunk\u00e1l\u00e1s<\/strong><br \/>\nA nyersanyagok prec\u00edzi\u00f3s megmunk\u00e1l\u00e1si m\u0171veleteken esnek \u00e1t, bele\u00e9rtve az eszterg\u00e1l\u00e1st \u00e9s a mar\u00e1st, hogy kiv\u00e9teles pontoss\u00e1ggal hozzanak l\u00e9tre fogaskerekeket, tengelyeket \u00e9s h\u00e1zakat.<\/p>\n<p><strong>K\u00f6zgy\u0171l\u00e9s<\/strong><br \/>\nAz olyan alkatr\u00e9szeket, mint a fogaskerekek, csap\u00e1gyak \u00e9s tengelyek, gondosan \u00f6sszeszerelik a h\u00e1zban. Ebben a szakaszban prec\u00edzi\u00f3s ellen\u0151rz\u00e9seket \u00e9s kalibr\u00e1l\u00e1sokat v\u00e9geznek, valamint megfelel\u0151 ken\u0151anyagokat alkalmaznak az optim\u00e1lis m\u0171k\u00f6d\u00e9s \u00e9rdek\u00e9ben.<\/p>\n<p><strong>Folyamatkezel\u00e9s<\/strong><br \/>\nA sebess\u00e9gv\u00e1lt\u00f3kat h\u0151kezel\u00e9snek vetik al\u00e1, hogy n\u00f6velj\u00e9k szil\u00e1rds\u00e1gukat \u00e9s kop\u00e1s\u00e1ll\u00f3s\u00e1gukat, biztos\u00edtva ezzel a hossz\u00fa t\u00e1v\u00fa teljes\u00edtm\u00e9nyt.<\/p>\n<p><strong>Fel\u00fcletkezel\u00e9s<\/strong><br \/>\nFel\u00fcletkezel\u00e9seket, p\u00e9ld\u00e1ul pol\u00edroz\u00e1st \u00e9s porfest\u00e9st alkalmazunk a sebess\u00e9gv\u00e1lt\u00f3k eszt\u00e9tikai megjelen\u00e9s\u00e9nek \u00e9s korr\u00f3zi\u00f3\u00e1ll\u00f3s\u00e1g\u00e1nak fokoz\u00e1sa \u00e9rdek\u00e9ben.<\/p>\n<p><strong>Min\u0151s\u00e9gellen\u0151rz\u00e9s<\/strong><br \/>\n\u00c1tfog\u00f3 ellen\u0151rz\u00e9seket v\u00e9gz\u00fcnk a m\u00e9retek, a pontoss\u00e1g, a zaj \u00e9s a rezg\u00e9s m\u00e9r\u00e9s\u00e9re, biztos\u00edtva, hogy sebess\u00e9gv\u00e1lt\u00f3ink megfeleljenek a szigor\u00fa biztons\u00e1gi \u00e9s teljes\u00edtm\u00e9nyi el\u0151\u00edr\u00e1soknak.<\/p>\n<p>\u00d6sszess\u00e9g\u00e9ben a mez\u0151gazdas\u00e1gi sebess\u00e9gv\u00e1lt\u00f3k gy\u00e1rt\u00e1sa \u00f6sszetett feladat, amely szakk\u00e9pzett k\u00e9zm\u0171ves munk\u00e1t, fejlett gy\u00e1rt\u00e1stechnol\u00f3gi\u00e1t \u00e9s alapos min\u0151s\u00e9gellen\u0151rz\u00e9si rendszert ig\u00e9nyel. Ez a apr\u00f3l\u00e9kos megk\u00f6zel\u00edt\u00e9s garant\u00e1lja, hogy sebess\u00e9gv\u00e1lt\u00f3ink kiv\u00e9teles teljes\u00edtm\u00e9nyt \u00e9s megb\u00edzhat\u00f3s\u00e1got ny\u00fajtanak.<\/p>\n<p>Szerz\u0151: CX<\/p>","protected":false},"excerpt":{"rendered":"<p>Our Post Hole Diggers Gearbox, designed as a direct replacement for the Comer Code T-278A 1:1. This gearbox is engineered to deliver exceptional performance and reliability in various drilling applications. Key Features: High Torque Capacity: Capable of handling demanding drilling tasks, ensuring efficient power transfer from the tractor to the auger. Durable Construction: Made from [&hellip;]<\/p>","protected":false},"featured_media":1842,"comment_status":"open","ping_status":"closed","template":"","meta":{"_et_pb_use_builder":"","_et_pb_old_content":"","_et_gb_content_width":""},"product_brand":[],"product_cat":[50],"product_tag":[],"class_list":{"0":"post-1841","1":"product","2":"type-product","3":"status-publish","4":"has-post-thumbnail","6":"product_cat-post-hole-digger-gearbox","8":"first","9":"instock","10":"shipping-taxable","11":"product-type-simple"},"_links":{"self":[{"href":"https:\/\/fmp-components.com\/hu\/wp-json\/wp\/v2\/product\/1841","targetHints":{"allow":["GET"]}}],"collection":[{"href":"https:\/\/fmp-components.com\/hu\/wp-json\/wp\/v2\/product"}],"about":[{"href":"https:\/\/fmp-components.com\/hu\/wp-json\/wp\/v2\/types\/product"}],"replies":[{"embeddable":true,"href":"https:\/\/fmp-components.com\/hu\/wp-json\/wp\/v2\/comments?post=1841"}],"wp:featuredmedia":[{"embeddable":true,"href":"https:\/\/fmp-components.com\/hu\/wp-json\/wp\/v2\/media\/1842"}],"wp:attachment":[{"href":"https:\/\/fmp-components.com\/hu\/wp-json\/wp\/v2\/media?parent=1841"}],"wp:term":[{"taxonomy":"product_brand","embeddable":true,"href":"https:\/\/fmp-components.com\/hu\/wp-json\/wp\/v2\/product_brand?post=1841"},{"taxonomy":"product_cat","embeddable":true,"href":"https:\/\/fmp-components.com\/hu\/wp-json\/wp\/v2\/product_cat?post=1841"},{"taxonomy":"product_tag","embeddable":true,"href":"https:\/\/fmp-components.com\/hu\/wp-json\/wp\/v2\/product_tag?post=1841"}],"curies":[{"name":"munkaf\u00fczet","href":"https:\/\/api.w.org\/{rel}","templated":true}]}}