{"id":1831,"date":"2024-12-24T05:44:59","date_gmt":"2024-12-24T05:44:59","guid":{"rendered":"https:\/\/fmp-components.com\/?page_id=8"},"modified":"2024-12-24T06:47:52","modified_gmt":"2024-12-24T06:47:52","slug":"75-hp-heavy-duty-post-hole-digger-gearbox-for-3-point-post-hole-digger","status":"publish","type":"product","link":"https:\/\/fmp-components.com\/hu\/product\/75-hp-heavy-duty-post-hole-digger-gearbox-for-3-point-post-hole-digger\/","title":{"rendered":"75 LE-s nagy teherb\u00edr\u00e1s\u00fa oszlopf\u00far\u00f3 hajt\u00f3m\u0171 3 pontos oszlopf\u00far\u00f3hoz"},"content":{"rendered":"<p><img loading=\"lazy\" decoding=\"async\" class=\"size-full wp-image-1838 aligncenter\" src=\"https:\/\/fmp-components.com\/wp-content\/uploads\/2024\/12\/Heavy-Duty-Post-Hole-Digger-Gearbox-Parts-2.webp\" alt=\"Nagy teherb\u00edr\u00e1s\u00fa g\u00f6d\u00f6rf\u00far\u00f3 sebess\u00e9gv\u00e1lt\u00f3 alkatr\u00e9szek\" width=\"600\" height=\"600\" title=\"\" srcset=\"https:\/\/fmp-components.com\/wp-content\/uploads\/2024\/12\/Heavy-Duty-Post-Hole-Digger-Gearbox-Parts-2.webp 600w, https:\/\/fmp-components.com\/wp-content\/uploads\/2024\/12\/Heavy-Duty-Post-Hole-Digger-Gearbox-Parts-2-480x480.webp 480w\" sizes=\"(min-width: 0px) and (max-width: 480px) 480px, (min-width: 481px) 600px, 100vw\" \/><\/p>\n<h2>75 LE-s nagy teherb\u00edr\u00e1s\u00fa oszlopf\u00far\u00f3 hajt\u00f3m\u0171 m\u00e9retei<\/h2>\n<p><img loading=\"lazy\" decoding=\"async\" class=\"alignnone size-full wp-image-1832\" src=\"https:\/\/fmp-components.com\/wp-content\/uploads\/2024\/12\/Post-Hole-Digger-Gearbox-1.webp\" alt=\"Ut\u00f3f\u00far\u00f3 sebess\u00e9gv\u00e1lt\u00f3\" width=\"1012\" height=\"872\" title=\"\" srcset=\"https:\/\/fmp-components.com\/wp-content\/uploads\/2024\/12\/Post-Hole-Digger-Gearbox-1.webp 1012w, https:\/\/fmp-components.com\/wp-content\/uploads\/2024\/12\/Post-Hole-Digger-Gearbox-1-980x844.webp 980w, https:\/\/fmp-components.com\/wp-content\/uploads\/2024\/12\/Post-Hole-Digger-Gearbox-1-480x414.webp 480w\" sizes=\"(min-width: 0px) and (max-width: 480px) 480px, (min-width: 481px) and (max-width: 980px) 980px, (min-width: 981px) 1012px, 100vw\" \/><\/p>\n<h2>Term\u00e9kspecifik\u00e1ci\u00f3k:<\/h2>\n<div><span class=\"Apple-style-span\">Ez a g\u00f6d\u00f6rf\u00far\u00f3 sebess\u00e9gv\u00e1lt\u00f3 egy 75 l\u00f3er\u0151s, der\u00e9ksz\u00f6g\u0171 sebess\u00e9gv\u00e1lt\u00f3, amelyet sz\u00e1mos g\u00f6d\u00f6rf\u00far\u00f3 tartoz\u00e9kon haszn\u00e1lnak. Ez a nagy teherb\u00edr\u00e1s\u00fa g\u00f6d\u00f6rf\u00far\u00f3 sebess\u00e9gv\u00e1lt\u00f3 sz\u00e1mos gy\u00e1rt\u00f3 k\u00f6zvetlen helyettese. Csak ellen\u0151rizze a saj\u00e1tj\u00e1n tal\u00e1lhat\u00f3 m\u00e9reteket, hogy megbizonyosodjon arr\u00f3l, hogy k\u00f6zvetlen\u00fcl illeszkedik.<\/span><\/div>\n<p>\u2013 75 LE teljes\u00edtm\u00e9ny<\/p>\n<p>\u2013 Tartalmazza az \u0151r\u00f6ket<\/p>\n<p>\u2013 3:1 ar\u00e1ny<\/p>\n<p>\u2013 1-1\/4\u2033 kerek bemeneti tengely 3\/8\u2033-es r\u00f6gz\u00edt\u0151furattal<\/p>\n<p>\u2013 2 h\u00fcvelykes kerek kimeneti tengely kett\u0151s 1\/2 h\u00fcvelykes furattal a f\u00far\u00f3fejek r\u00f6gz\u00edt\u00e9s\u00e9hez<\/p>\n<p>\u2013 7\/8\u2033 r\u00f6gz\u00edt\u0151csap, 7-1\/2\u2033 hossz\u00fa<\/p>\n<p>\u2013 R\u00f6gz\u00edt\u0151f\u00fclek bel\u00fcl 5-3\/8\u2033 \u00e9s k\u00edv\u00fcl 6-5\/8\u2033 t\u00e1vols\u00e1gra egym\u00e1st\u00f3l kifel\u00e9.<\/p>\n<p>\u2013 Tart\u00f3s fekete fest\u00e9k<\/p>\n<p>\u2013 75 font<\/p>\n<p>\u2013 Olaj n\u00e9lk\u00fcl sz\u00e1ll\u00edtjuk (80W-90 hajt\u00f3m\u0171olaj)<\/p>\n<p><img loading=\"lazy\" decoding=\"async\" class=\"alignnone size-full wp-image-1836\" src=\"https:\/\/fmp-components.com\/wp-content\/uploads\/2024\/12\/Post-Hole-Digger-Gearbox-3.webp\" alt=\"Ut\u00f3f\u00far\u00f3 sebess\u00e9gv\u00e1lt\u00f3\" width=\"1278\" height=\"752\" title=\"\" srcset=\"https:\/\/fmp-components.com\/wp-content\/uploads\/2024\/12\/Post-Hole-Digger-Gearbox-3.webp 1278w, https:\/\/fmp-components.com\/wp-content\/uploads\/2024\/12\/Post-Hole-Digger-Gearbox-3-980x577.webp 980w, https:\/\/fmp-components.com\/wp-content\/uploads\/2024\/12\/Post-Hole-Digger-Gearbox-3-480x282.webp 480w\" sizes=\"(min-width: 0px) and (max-width: 480px) 480px, (min-width: 481px) and (max-width: 980px) 980px, (min-width: 981px) 1278px, 100vw\" \/><\/p>\n<h2>75 LE-s nagy teherb\u00edr\u00e1s\u00fa lyukf\u00far\u00f3 sebess\u00e9gv\u00e1lt\u00f3 alkatr\u00e9szek<\/h2>\n<p>A 75 LE-s, nagy teherb\u00edr\u00e1s\u00fa, oszlopf\u00far\u00f3 hajt\u00f3m\u0171 egy robusztus alkatr\u00e9sz, amelyet \u00fagy terveztek, hogy megfeleljen a neh\u00e9z talajviszonyok k\u00f6z\u00f6tti f\u00far\u00e1shoz sz\u00fcks\u00e9ges nagy nyomat\u00e9kk\u00f6vetelm\u00e9nyeknek. Az al\u00e1bbiakban a hajt\u00f3m\u0171 f\u0151 r\u00e9szei l\u00e1that\u00f3k:<\/p>\n<p>Hajt\u00f3m\u0171h\u00e1z: A sebess\u00e9gv\u00e1lt\u00f3h\u00e1z v\u00e9delmet \u00e9s szerkezeti t\u00e1maszt ny\u00fajt a bels\u0151 alkatr\u00e9szeknek. \u00c1ltal\u00e1ban tart\u00f3s anyagokb\u00f3l, p\u00e9ld\u00e1ul \u00f6nt\u00f6ttvasb\u00f3l vagy ac\u00e9lb\u00f3l k\u00e9sz\u00fcl, \u00e9s \u00fagy tervezt\u00e9k, hogy ellen\u00e1lljon a nagy ig\u00e9nybev\u00e9tel\u0171 f\u00far\u00e1si m\u0171veletek megterhel\u00e9s\u00e9nek.<\/p>\n<p>Bemeneti tengely: A traktor teljes\u00edtm\u00e9nylead\u00f3 tengely\u00e9hez (TLT) csatlakoztatva a bemen\u0151 tengely tov\u00e1bb\u00edtja a forg\u00f3 teljes\u00edtm\u00e9nyt a traktor motorj\u00e1r\u00f3l a sebess\u00e9gv\u00e1lt\u00f3ra. Ez a tengely a sebess\u00e9gv\u00e1lt\u00f3 els\u0151dleges hajt\u00e1sak\u00e9nt szolg\u00e1l, elind\u00edtva a f\u00far\u00e1si folyamatot.<\/p>\n<p>Fogaskerekek: A sebess\u00e9gv\u00e1lt\u00f3 belsej\u00e9ben egy sor fogasker\u00e9k tov\u00e1bb\u00edtja a teljes\u00edtm\u00e9nyt a bemen\u0151 tengelyr\u0151l a kimen\u0151 tengelyre, mik\u00f6zben szab\u00e1lyozza a nyomat\u00e9kot \u00e9s a sebess\u00e9get. Ezeket a fogaskerekeket apr\u00f3l\u00e9kosan \u00fagy tervezt\u00e9k, hogy biztos\u00edts\u00e1k a sz\u00fcks\u00e9ges nyomat\u00e9ker\u0151s\u00edt\u00e9st a hat\u00e9kony f\u00far\u00e1shoz k\u00fcl\u00f6nb\u00f6z\u0151 talajt\u00edpusokban.<\/p>\n<p>Kimen\u0151 tengely: A kimen\u0151 tengely a fogaskerekekt\u0151l kapja az er\u0151t, \u00e9s tov\u00e1bb\u00edtja azt a f\u00far\u00f3csig\u00e1nak. A csiga forgat\u00e1s\u00e1val ez a tengely megk\u00f6nny\u00edti a k\u00edv\u00e1nt m\u00e9lys\u00e9g\u0171 \u00e9s \u00e1tm\u00e9r\u0151j\u0171 \u00fcltet\u0151g\u00f6dr\u00f6k l\u00e9trehoz\u00e1s\u00e1t.<\/p>\n<p>Csap\u00e1gyak: A csap\u00e1gyak t\u00e1masztj\u00e1k meg a sebess\u00e9gv\u00e1lt\u00f3 tengelyeit \u00e9s fogaskerekeit, biztos\u00edtva a sima forg\u00e1st minim\u00e1lis s\u00farl\u00f3d\u00e1ssal. A kiv\u00e1l\u00f3 min\u0151s\u00e9g\u0171 csap\u00e1gyak elengedhetetlenek a sebess\u00e9gv\u00e1lt\u00f3 hat\u00e9konys\u00e1g\u00e1nak \u00e9s hossz\u00fa \u00e9lettartam\u00e1nak fenntart\u00e1s\u00e1hoz, k\u00fcl\u00f6n\u00f6sen nagy terhel\u00e9s alatt, folyamatos \u00fczem k\u00f6zben.<\/p>\n<p>T\u00f6m\u00edt\u00e9sek: A t\u00f6m\u00edt\u00e9sek elengedhetetlenek a szennyez\u0151d\u00e9sek, nedvess\u00e9g \u00e9s egy\u00e9b szennyez\u0151d\u00e9sek sebess\u00e9gv\u00e1lt\u00f3 h\u00e1zba \u00e9s ken\u0151rendszerbe jut\u00e1s\u00e1nak megakad\u00e1lyoz\u00e1s\u00e1hoz. A sebess\u00e9gv\u00e1lt\u00f3 integrit\u00e1s\u00e1nak meg\u0151rz\u00e9s\u00e9vel ezek a t\u00f6m\u00edt\u00e9sek seg\u00edtenek megel\u0151zni a bels\u0151 alkatr\u00e9szek id\u0151 el\u0151tti kop\u00e1s\u00e1t vagy k\u00e1rosod\u00e1s\u00e1t.<\/p>\n<p><img loading=\"lazy\" decoding=\"async\" class=\"alignnone size-full wp-image-1837\" src=\"https:\/\/fmp-components.com\/wp-content\/uploads\/2024\/12\/Post-Hole-Digger-Gearbox-48.webp\" alt=\"Ut\u00f3f\u00far\u00f3 sebess\u00e9gv\u00e1lt\u00f3\" width=\"2560\" height=\"1920\" title=\"\" srcset=\"https:\/\/fmp-components.com\/wp-content\/uploads\/2024\/12\/Post-Hole-Digger-Gearbox-48.webp 2560w, https:\/\/fmp-components.com\/wp-content\/uploads\/2024\/12\/Post-Hole-Digger-Gearbox-48-1280x960.webp 1280w, https:\/\/fmp-components.com\/wp-content\/uploads\/2024\/12\/Post-Hole-Digger-Gearbox-48-980x735.webp 980w, https:\/\/fmp-components.com\/wp-content\/uploads\/2024\/12\/Post-Hole-Digger-Gearbox-48-480x360.webp 480w\" sizes=\"(min-width: 0px) and (max-width: 480px) 480px, (min-width: 481px) and (max-width: 980px) 980px, (min-width: 981px) and (max-width: 1280px) 1280px, (min-width: 1281px) 2560px, 100vw\" \/><\/p>\n<h2>A 75 LE-s nagy teherb\u00edr\u00e1s\u00fa oszlopf\u00far\u00f3 hajt\u00f3m\u0171 jellemz\u0151i<\/h2>\n<p>A 75 LE-s, nagy teherb\u00edr\u00e1s\u00fa, oszlop alak\u00fa f\u00far\u00f3 hajt\u00f3m\u0171vet az optim\u00e1lis teljes\u00edtm\u00e9ny \u00e9s tart\u00f3ss\u00e1g \u00e9rdek\u00e9ben tervezt\u00e9k, ig\u00e9nyes f\u00far\u00e1si alkalmaz\u00e1sokhoz. \u00cdme a f\u0151bb jellemz\u0151i:<\/p>\n<h3>1. Nagy nyomat\u00e9kkapacit\u00e1s<\/h3>\n<p>A nagy nyomat\u00e9kig\u00e9ny kezel\u00e9s\u00e9re tervezett sebess\u00e9gv\u00e1lt\u00f3 hat\u00e9konyan viszi \u00e1t a teljes\u00edtm\u00e9nyt neh\u00e9z talajviszonyok k\u00f6z\u00f6tt t\u00f6rt\u00e9n\u0151 f\u00far\u00e1shoz, biztos\u00edtva a hat\u00e9kony m\u0171k\u00f6d\u00e9st.<\/p>\n<h3>2. Robusztus konstrukci\u00f3<\/h3>\n<p>A tart\u00f3s anyagokb\u00f3l, p\u00e9ld\u00e1ul \u00f6nt\u00f6ttvasb\u00f3l vagy ac\u00e9lb\u00f3l k\u00e9sz\u00fclt sebess\u00e9gv\u00e1lt\u00f3 h\u00e1z kiv\u00e1l\u00f3 szerkezeti integrit\u00e1st \u00e9s kop\u00e1s\u00e1ll\u00f3s\u00e1got biztos\u00edt.<\/p>\n<h3>3. Prec\u00edzi\u00f3s fogaskerekek<\/h3>\n<p>A sebess\u00e9gv\u00e1lt\u00f3 prec\u00edzen megtervezett fogaskerekekkel rendelkezik, amelyek optimaliz\u00e1lj\u00e1k a nyomat\u00e9kot \u00e9s a sebess\u00e9get, lehet\u0151v\u00e9 t\u00e9ve a hat\u00e9kony f\u00far\u00e1st, mik\u00f6zben alkalmazkodnak a k\u00fcl\u00f6nb\u00f6z\u0151 talajt\u00edpusokhoz.<\/p>\n<h3>4. Hat\u00e9kony energia\u00e1tvitel<\/h3>\n<p>A traktor TLT-j\u00e9hez csatlakoztatott megb\u00edzhat\u00f3 bemen\u0151 tengellyel a sebess\u00e9gv\u00e1lt\u00f3 z\u00f6kken\u0151mentes er\u0151\u00e1tvitelt tesz lehet\u0151v\u00e9 a traktor motorj\u00e1b\u00f3l, n\u00f6velve az \u00f6sszteljes\u00edtm\u00e9nyt.<\/p>\n<h3>5. Megn\u00f6velt \u00e9lettartam<\/h3>\n<p>A kiv\u00e1l\u00f3 min\u0151s\u00e9g\u0171 csap\u00e1gyak minimaliz\u00e1lj\u00e1k a s\u00farl\u00f3d\u00e1st \u00e9s a kop\u00e1st, hozz\u00e1j\u00e1rulva a sebess\u00e9gv\u00e1lt\u00f3 hossz\u00fa \u00e9lettartam\u00e1hoz, m\u00e9g folyamatos nagy terhel\u00e9s alatt is.<\/p>\n<h3>6. Hat\u00e9kony t\u00f6m\u00edt\u0151rendszer<\/h3>\n<p>A t\u00f6m\u00edt\u00e9sek v\u00e9dik a bels\u0151 alkatr\u00e9szeket a szennyez\u0151d\u00e9sekt\u0151l \u00e9s a nedvess\u00e9gt\u0151l, ez\u00e1ltal biztos\u00edtva a ken\u00e9st \u00e9s megel\u0151zve az id\u0151 el\u0151tti k\u00e1rosod\u00e1st.<\/p>\n<h3>7. Sokoldal\u00fa alkalmaz\u00e1s<\/h3>\n<p>K\u00fcl\u00f6nb\u00f6z\u0151 talajviszonyokhoz alkalmas, ez a sebess\u00e9gv\u00e1lt\u00f3 ide\u00e1lis mez\u0151gazdas\u00e1gi, tereprendez\u00e9si \u00e9s \u00e9p\u00edt\u0151ipari alkalmaz\u00e1sokhoz, \u00edgy sokoldal\u00fa v\u00e1laszt\u00e1s az oszlopf\u00far\u00e1shoz.<\/p>\n<h3>8. K\u00f6nny\u0171 karbantart\u00e1s<\/h3>\n<p>A kialak\u00edt\u00e1s egyszer\u0171 karbantart\u00e1st tesz lehet\u0151v\u00e9, biztos\u00edtva, hogy a felhaszn\u00e1l\u00f3k k\u00f6nnyen hozz\u00e1f\u00e9rhessenek az alkatr\u00e9szekhez ellen\u0151rz\u00e9s \u00e9s szervizel\u00e9s c\u00e9lj\u00e1b\u00f3l.<\/p>\n<p>Ezek a tulajdons\u00e1gok teszik a 75 LE-s nagy teherb\u00edr\u00e1s\u00fa oszlopf\u00far\u00f3 hajt\u00f3m\u0171vet megb\u00edzhat\u00f3 v\u00e1laszt\u00e1ss\u00e1 a hat\u00e9kony \u00e9s tart\u00f3s f\u00far\u00e1si megold\u00e1sokat ig\u00e9nyl\u0151 szakemberek sz\u00e1m\u00e1ra.<\/p>\n<p><img loading=\"lazy\" decoding=\"async\" class=\"alignnone size-full wp-image-1839\" src=\"https:\/\/fmp-components.com\/wp-content\/uploads\/2024\/12\/Post-Hole-Digger-Gearbox-5.webp\" alt=\"Nagy teherb\u00edr\u00e1s\u00fa g\u00f6d\u00f6rf\u00far\u00f3 sebess\u00e9gv\u00e1lt\u00f3 alkatr\u00e9szek\" width=\"1282\" height=\"642\" title=\"\" srcset=\"https:\/\/fmp-components.com\/wp-content\/uploads\/2024\/12\/Post-Hole-Digger-Gearbox-5.webp 1282w, https:\/\/fmp-components.com\/wp-content\/uploads\/2024\/12\/Post-Hole-Digger-Gearbox-5-1280x641.webp 1280w, https:\/\/fmp-components.com\/wp-content\/uploads\/2024\/12\/Post-Hole-Digger-Gearbox-5-980x491.webp 980w, https:\/\/fmp-components.com\/wp-content\/uploads\/2024\/12\/Post-Hole-Digger-Gearbox-5-480x240.webp 480w\" sizes=\"(min-width: 0px) and (max-width: 480px) 480px, (min-width: 481px) and (max-width: 980px) 980px, (min-width: 981px) and (max-width: 1280px) 1280px, (min-width: 1281px) 1282px, 100vw\" \/><\/p>\n<h2>Az FMP-r\u0151l<\/h2>\n<p>Az olaszorsz\u00e1gi sz\u00e9khely\u0171 FMP a sebess\u00e9gv\u00e1lt\u00f3k, reduktorok \u00e9s g\u00e9p\u00e9szeti g\u00e9pek sz\u00e9les v\u00e1laszt\u00e9k\u00e1nak kutat\u00e1s\u00e1val, fejleszt\u00e9s\u00e9vel \u00e9s gy\u00e1rt\u00e1s\u00e1val foglalkozik. Term\u00e9kportf\u00f3li\u00f3nk a k\u00f6vetkez\u0151ket tartalmazza:<\/p>\n<ul>\n<li><strong>Spir\u00e1lis k\u00fapkerekes hajt\u00f3m\u0171vek<\/strong><\/li>\n<li><strong>Egyenes sebess\u00e9gv\u00e1lt\u00f3k<\/strong><\/li>\n<li><strong>Csigahajt\u00f3m\u0171vek<\/strong><\/li>\n<li><strong>Hengeres sebess\u00e9gv\u00e1lt\u00f3k<\/strong><\/li>\n<li><strong>Nagynyom\u00e1s\u00fa \u00f6nt\u00f6tt szeleptestek \u00e9s h\u00e1zak<\/strong><\/li>\n<\/ul>\n<p>Ezek a term\u00e9kek k\u00fcl\u00f6nf\u00e9le alkalmaz\u00e1sokhoz haszn\u00e1lhat\u00f3k, bele\u00e9rtve a mez\u0151gazdas\u00e1gi f\u0171ny\u00edr\u00f3kat, h\u00f3ek\u00e9ket, m\u0171tr\u00e1gyasz\u00f3r\u00f3kat, gabonasz\u00e1ll\u00edt\u00f3kat, ipari berendez\u00e9seket, olajkitermel\u0151 g\u00e9peket, haj\u00f3ipari berendez\u00e9seket \u00e9s hidraulikus alkatr\u00e9szeket a m\u00e9rn\u00f6ki munk\u00e1khoz.<\/p>\n<p>Az FMP-n\u00e9l b\u00fcszk\u00e9k vagyunk robusztus m\u0171szaki \u00e9s kutat\u00e1si k\u00e9pess\u00e9geinkre. Elk\u00f6telezetts\u00e9g\u00fcnk a megb\u00edzhat\u00f3 \u00e9s kiv\u00e1l\u00f3 min\u0151s\u00e9g\u0171 term\u00e9kek gy\u00e1rt\u00e1sa ir\u00e1nt kiv\u00e1l\u00f3 h\u00edrnevet szerzett nek\u00fcnk a gy\u00e1rt\u00e1si szektorban. Egyed\u00fcl\u00e1ll\u00f3 \u00fczleti filoz\u00f3fi\u00e1nkat valljuk, amely az innov\u00e1ci\u00f3t, a min\u0151s\u00e9get \u00e9s az \u00fcgyf\u00e9l-el\u00e9gedetts\u00e9get hangs\u00falyozza, biztos\u00edtva, hogy megfelelj\u00fcnk \u00fcgyfeleink folyamatosan v\u00e1ltoz\u00f3 ig\u00e9nyeinek.<\/p>\n<p><img loading=\"lazy\" decoding=\"async\" class=\"alignnone wp-image-1840\" src=\"https:\/\/fmp-components.com\/wp-content\/uploads\/2024\/12\/Post-Hole-Digger-Gearbox-6.webp\" alt=\"Ut\u00f3f\u00far\u00f3 sebess\u00e9gv\u00e1lt\u00f3\" width=\"884\" height=\"582\" title=\"\" srcset=\"https:\/\/fmp-components.com\/wp-content\/uploads\/2024\/12\/Post-Hole-Digger-Gearbox-6.webp 884w, https:\/\/fmp-components.com\/wp-content\/uploads\/2024\/12\/Post-Hole-Digger-Gearbox-6-480x316.webp 480w\" sizes=\"(min-width: 0px) and (max-width: 480px) 480px, (min-width: 481px) 884px, 100vw\" \/><\/p>\n<h3>Mez\u0151gazdas\u00e1gi sebess\u00e9gv\u00e1lt\u00f3k gy\u00e1rt\u00e1si folyamata<\/h3>\n<p>A mez\u0151gazdas\u00e1gi sebess\u00e9gv\u00e1lt\u00f3k gy\u00e1rt\u00e1si folyamata bonyolult, \u00e9s t\u00f6bb kulcsfontoss\u00e1g\u00fa l\u00e9p\u00e9sb\u0151l \u00e1ll:<\/p>\n<ol>\n<li><strong>Term\u00e9ktervez\u00e9s<\/strong>Ez a kezdeti f\u00e1zis mag\u00e1ban foglalja a sebess\u00e9gv\u00e1lt\u00f3 specifik\u00e1ci\u00f3inak, anyagainak \u00e9s m\u00e9reteinek kiv\u00e1laszt\u00e1s\u00e1t, hogy megfeleljen az adott alkalmaz\u00e1si k\u00f6vetelm\u00e9nyeknek.<\/li>\n<li><strong>Nyersanyag-el\u0151k\u00e9sz\u00edt\u00e9s<\/strong>N\u00e9lk\u00fcl\u00f6zhetetlen anyagokat, f\u0151k\u00e9nt \u00f6nt\u00f6ttvasat vagy alum\u00ednium\u00f6tv\u00f6zetet k\u00e9sz\u00edt\u00fcnk el\u0151, biztos\u00edtva, hogy azok megfeleljenek szigor\u00fa min\u0151s\u00e9gi el\u0151\u00edr\u00e1sainknak.<\/li>\n<li><strong>Prec\u00edzi\u00f3s megmunk\u00e1l\u00e1s<\/strong>A nyersanyagokat prec\u00edzi\u00f3s megmunk\u00e1l\u00e1snak vetik al\u00e1, amely mag\u00e1ban foglalja az eszterg\u00e1l\u00e1st, mar\u00e1st \u00e9s egy\u00e9b m\u0171veleteket, hogy nagy pontoss\u00e1ggal gy\u00e1rts\u00e1k a fogaskerekeket, tengelyeket \u00e9s h\u00e1zakat.<\/li>\n<li><strong>K\u00f6zgy\u0171l\u00e9s<\/strong>Az olyan alkatr\u00e9szeket, mint a fogaskerekek, csap\u00e1gyak \u00e9s tengelyek, apr\u00f3l\u00e9kosan \u00f6sszeszerelj\u00fck a h\u00e1zban. Ebben a szakaszban ellen\u0151rizz\u00fck \u00e9s kalibr\u00e1ljuk a pontoss\u00e1got, \u00e9s megfelel\u0151 ken\u0151anyagokat alkalmazunk a z\u00f6kken\u0151mentes m\u0171k\u00f6d\u00e9s biztos\u00edt\u00e1sa \u00e9rdek\u00e9ben.<\/li>\n<li><strong>Folyamatkezel\u00e9s<\/strong>A sebess\u00e9gv\u00e1lt\u00f3kat h\u0151kezel\u00e9snek vetik al\u00e1, ami n\u00f6veli szil\u00e1rds\u00e1gukat \u00e9s kop\u00e1s\u00e1ll\u00f3s\u00e1gukat a hossz\u00fa t\u00e1v\u00fa teljes\u00edtm\u00e9ny \u00e9rdek\u00e9ben.<\/li>\n<li><strong>Fel\u00fcletkezel\u00e9s<\/strong>Fel\u00fcletkezel\u00e9seket, p\u00e9ld\u00e1ul pol\u00edroz\u00e1st \u00e9s porfest\u00e9st alkalmazunk a sebess\u00e9gv\u00e1lt\u00f3k eszt\u00e9tikai megjelen\u00e9s\u00e9nek \u00e9s korr\u00f3zi\u00f3\u00e1ll\u00f3s\u00e1g\u00e1nak jav\u00edt\u00e1sa \u00e9rdek\u00e9ben.<\/li>\n<li><strong>Min\u0151s\u00e9gellen\u0151rz\u00e9s<\/strong>Szigor\u00fa min\u0151s\u00e9gellen\u0151rz\u00e9seket v\u00e9gz\u00fcnk, amelyek sor\u00e1n m\u00e9rj\u00fck a m\u00e9reteket, a pontoss\u00e1got, a zajszintet \u00e9s a rezg\u00e9st, hogy biztos\u00edtsuk a sebess\u00e9gv\u00e1lt\u00f3ink biztons\u00e1gi \u00e9s teljes\u00edtm\u00e9nybeli szabv\u00e1nyainak val\u00f3 megfelel\u00e9s\u00e9t.<\/li>\n<\/ol>\n<p>\u00d6sszess\u00e9g\u00e9ben a mez\u0151gazdas\u00e1gi sebess\u00e9gv\u00e1lt\u00f3k gy\u00e1rt\u00e1sa \u00f6sszetett folyamat, amely k\u00e9pzett szakembereket, korszer\u0171 gy\u00e1rt\u00f3berendez\u00e9seket \u00e9s \u00e1tfog\u00f3 min\u0151s\u00e9gellen\u0151rz\u00e9si rendszert ig\u00e9nyel. Ez a apr\u00f3l\u00e9kos megk\u00f6zel\u00edt\u00e9s biztos\u00edtja, hogy sebess\u00e9gv\u00e1lt\u00f3ink kiv\u00e9teles teljes\u00edtm\u00e9nyt \u00e9s megb\u00edzhat\u00f3s\u00e1got ny\u00fajtsanak.<\/p>\n<p>Szerz\u0151: CX<\/p>","protected":false},"excerpt":{"rendered":"<p>75 HP Heavy Duty Post Hole Digger Gearbox Dimensions Product Specifications: This post hole digger gearbox is a 75 horsepower, right angle gearbox used on many post hole digger attachments. This heavy duty post hole digger gearbox is a direct replacement for a number of manufacturers. Just check the measurements on yours to make sure [&hellip;]<\/p>","protected":false},"featured_media":1833,"comment_status":"open","ping_status":"closed","template":"","meta":{"_et_pb_use_builder":"","_et_pb_old_content":"","_et_gb_content_width":""},"product_brand":[],"product_cat":[50],"product_tag":[],"class_list":{"0":"post-1831","1":"product","2":"type-product","3":"status-publish","4":"has-post-thumbnail","6":"product_cat-post-hole-digger-gearbox","8":"first","9":"instock","10":"shipping-taxable","11":"product-type-simple"},"_links":{"self":[{"href":"https:\/\/fmp-components.com\/hu\/wp-json\/wp\/v2\/product\/1831","targetHints":{"allow":["GET"]}}],"collection":[{"href":"https:\/\/fmp-components.com\/hu\/wp-json\/wp\/v2\/product"}],"about":[{"href":"https:\/\/fmp-components.com\/hu\/wp-json\/wp\/v2\/types\/product"}],"replies":[{"embeddable":true,"href":"https:\/\/fmp-components.com\/hu\/wp-json\/wp\/v2\/comments?post=1831"}],"wp:featuredmedia":[{"embeddable":true,"href":"https:\/\/fmp-components.com\/hu\/wp-json\/wp\/v2\/media\/1833"}],"wp:attachment":[{"href":"https:\/\/fmp-components.com\/hu\/wp-json\/wp\/v2\/media?parent=1831"}],"wp:term":[{"taxonomy":"product_brand","embeddable":true,"href":"https:\/\/fmp-components.com\/hu\/wp-json\/wp\/v2\/product_brand?post=1831"},{"taxonomy":"product_cat","embeddable":true,"href":"https:\/\/fmp-components.com\/hu\/wp-json\/wp\/v2\/product_cat?post=1831"},{"taxonomy":"product_tag","embeddable":true,"href":"https:\/\/fmp-components.com\/hu\/wp-json\/wp\/v2\/product_tag?post=1831"}],"curies":[{"name":"munkaf\u00fczet","href":"https:\/\/api.w.org\/{rel}","templated":true}]}}