{"id":1713,"date":"2024-12-23T07:01:59","date_gmt":"2024-12-23T07:01:59","guid":{"rendered":"https:\/\/fmp-components.com\/product\/high-quality-small-dump-truck-4-stage-stainless-steel-hydraulic-cylinder\/"},"modified":"2025-03-11T06:03:01","modified_gmt":"2025-03-11T06:03:01","slug":"high-quality-small-dump-truck-4-stage-stainless-steel-hydraulic-cylinder","status":"publish","type":"product","link":"https:\/\/fmp-components.com\/hu\/product\/high-quality-small-dump-truck-4-stage-stainless-steel-hydraulic-cylinder\/","title":{"rendered":"Kiv\u00e1l\u00f3 min\u0151s\u00e9g\u0171 kis d\u00f6mper 4 fokozat\u00fa rozsdamentes ac\u00e9l hidraulikus henger"},"content":{"rendered":"<h2>Bemutatjuk a kiv\u00e1l\u00f3 min\u0151s\u00e9g\u0171 kis d\u00f6mper 4 fokozat\u00fa rozsdamentes ac\u00e9l hidraulikus hengert:<\/h2>\n<p>A kiv\u00e1l\u00f3 min\u0151s\u00e9g\u0171, kis d\u00f6mperekhez val\u00f3, 4 fokozat\u00fa, rozsdamentes ac\u00e9l hidraulikus henger egy \u00e9lvonalbeli term\u00e9k, amelyet a kis d\u00f6mperek teljes\u00edtm\u00e9ny\u00e9nek \u00e9s hat\u00e9konys\u00e1g\u00e1nak n\u00f6vel\u00e9s\u00e9re terveztek. Ez a hidraulikus henger cs\u00facsmin\u0151s\u00e9g\u0171 rozsdamentes ac\u00e9lb\u00f3l k\u00e9sz\u00fclt, ami p\u00e1ratlan tart\u00f3ss\u00e1got \u00e9s korr\u00f3zi\u00f3\u00e1ll\u00f3s\u00e1got biztos\u00edt.<\/p>\n<p>Egyedi, n\u00e9gyfokozat\u00fa kialak\u00edt\u00e1s\u00e1nak k\u00f6sz\u00f6nhet\u0151en ez a hidraulikus henger kiv\u00e9teles emel\u0151er\u0151t \u00e9s prec\u00edzi\u00f3s vez\u00e9rl\u00e9st biztos\u00edt. Z\u00f6kken\u0151mentes m\u0171k\u00f6d\u00e9st tesz lehet\u0151v\u00e9, \u00edgy ide\u00e1lis v\u00e1laszt\u00e1s k\u00fcl\u00f6nf\u00e9le neh\u00e9z ig\u00e9nybev\u00e9tel\u0171 alkalmaz\u00e1sokhoz. A fejlett hidraulikus rendszer biztos\u00edtja a sima \u00e9s megb\u00edzhat\u00f3 teljes\u00edtm\u00e9nyt, biztos\u00edtva a d\u00f6mper hat\u00e9kony m\u0171k\u00f6d\u00e9s\u00e9t.<\/p>\n<p>Kompakt m\u00e9ret\u00e9nek k\u00f6sz\u00f6nhet\u0151en ez a hidraulikus henger kifejezetten kis d\u00f6mperekhez k\u00e9sz\u00fclt, lehet\u0151v\u00e9 t\u00e9ve sz\u00e1mukra a k\u00f6nny\u0171 man\u0151verez\u00e9st sz\u0171k helyeken. A rozsdamentes ac\u00e9l konstrukci\u00f3 nemcsak n\u00f6veli a hossz\u00fa \u00e9lettartam\u00e1t, hanem alkalmass\u00e1 teszi a zord k\u00f6r\u00fclm\u00e9nyek k\u00f6z\u00f6tti haszn\u00e1latra is, p\u00e9ld\u00e1ul sz\u00e9ls\u0151s\u00e9ges h\u0151m\u00e9rs\u00e9kleteken \u00e9s korroz\u00edv k\u00f6rnyezetben.<\/p>\n<p><img decoding=\"async\" src=\"https:\/\/hzpt.com\/wp-content\/uploads\/2023\/11\/Inverted-Telescopic-Cylinder-3.webp\" alt=\"\" title=\"\"><\/p>\n<p>A kiv\u00e1l\u00f3 min\u0151s\u00e9g\u0171, kis d\u00f6mperekhez val\u00f3, 4 fokozat\u00fa, rozsdamentes ac\u00e9l hidraulikus henger nagy teherb\u00edr\u00e1ssal b\u00fcszk\u00e9lkedhet, \u00edgy nagy mennyis\u00e9g\u0171 anyag kezel\u00e9s\u00e9re is alkalmas. \u00dagy tervezt\u00e9k, hogy ellen\u00e1lljon a nagy terhel\u00e9seknek an\u00e9lk\u00fcl, hogy vesz\u00e9lyeztetn\u00e9 a funkcionalit\u00e1s\u00e1t vagy a szerkezeti integrit\u00e1s\u00e1t.<\/p>\n<p>\u00d6sszefoglalva, a kiv\u00e1l\u00f3 min\u0151s\u00e9g\u0171, kis d\u00f6mperekhez val\u00f3, 4 fokozat\u00fa, rozsdamentes ac\u00e9l hidraulikus henger egy kiv\u00e1l\u00f3 term\u00e9k, amely kiv\u00e9teles teljes\u00edtm\u00e9nyt, tart\u00f3ss\u00e1got \u00e9s prec\u00edzi\u00f3s vez\u00e9rl\u00e9st k\u00edn\u00e1l. T\u00f6k\u00e9letes v\u00e1laszt\u00e1s kis d\u00f6mperekhez, biztos\u00edtva a hat\u00e9kony \u00e9s megb\u00edzhat\u00f3 m\u0171k\u00f6d\u00e9st k\u00fcl\u00f6nf\u00e9le ig\u00e9nyes k\u00f6rnyezetekben.<\/p>\n<div>\n<table style=\"width: 100%;\" border=\"1\" width=\"100%\" cellspacing=\"0\" cellpadding=\"0\">\n<tbody>\n<tr>\n<th>Term\u00e9k neve<\/th>\n<td>Kis d\u00f6mper 4 fokozat\u00fa rozsdamentes ac\u00e9l hidraulikus henger<\/td>\n<\/tr>\n<tr>\n<th>\u00c1llapot<\/th>\n<td>\u00daj (2024)<\/td>\n<\/tr>\n<tr>\n<th>S\u00faly (KG)<\/th>\n<td>40<\/td>\n<\/tr>\n<tr>\n<th>Max. tol\u00f3er\u0151<\/th>\n<td>3000<\/td>\n<\/tr>\n<tr>\n<th>Max. h\u00faz\u00f3er\u0151<\/th>\n<td>20 tonna<\/td>\n<\/tr>\n<tr>\n<th>Anyag<\/th>\n<td>Rozsdamentes ac\u00e9l<\/td>\n<\/tr>\n<tr>\n<th>Tan\u00fas\u00edtv\u00e1ny<\/th>\n<td>ISO9001:2000<\/td>\n<\/tr>\n<tr>\n<th>Alkalmazhat\u00f3 ipar\u00e1gak<\/th>\n<td>Gy\u00e1rt\u00f3\u00fczemek, G\u00e9pjav\u00edt\u00f3 m\u0171helyek, Mez\u0151gazdas\u00e1g, Energia \u00e9s b\u00e1ny\u00e1szat, G\u00e9pgy\u00e1rak<\/td>\n<\/tr>\n<tr>\n<th>Tervez\u00e9s<\/th>\n<td>4 fokozat a fokozott teljes\u00edtm\u00e9ny\u00e9rt<\/td>\n<\/tr>\n<\/tbody>\n<\/table>\n<\/div>\n<div>\n<h2>A 4 fokozat\u00fa rozsdamentes ac\u00e9l hidraulikus henger jellemz\u0151i<\/h2>\n<p>A 4 fokozat\u00fa rozsdamentes ac\u00e9l hidraulikus henger sz\u00e1mos funkci\u00f3t k\u00edn\u00e1l:<\/p>\n<ul>\n<li>Standard dugatty\u00fas henger szerkezet az optim\u00e1lis teljes\u00edtm\u00e9ny \u00e9rdek\u00e9ben<\/li>\n<li>Hidraulikus teljes\u00edtm\u00e9ny, amely nagy er\u0151t \u00e9s vez\u00e9rl\u00e9st biztos\u00edt<\/li>\n<li>Tart\u00f3s ac\u00e9l test a zord ig\u00e9nybev\u00e9telnek val\u00f3 kitart\u00e1s\u00e9rt<\/li>\n<li>Ford\u00edtott teleszk\u00f3pos hengeres kialak\u00edt\u00e1s, amely kompakt t\u00e1rol\u00e1st \u00e9s nagyobb hat\u00f3t\u00e1vols\u00e1got tesz lehet\u0151v\u00e9<\/li>\n<li>A henger k\u00fcl\u00f6nf\u00e9le csatlakoz\u00f3kon kereszt\u00fcl csatlakoztathat\u00f3, bele\u00e9rtve a G, SAE, NPT \u00e9s M csatlakoz\u00f3kat.<\/li>\n<\/ul>\n<\/div>\n<div>\n<h2>A 4 fokozat\u00fa rozsdamentes ac\u00e9l hidraulikus henger alkalmaz\u00e1sai<\/h2>\n<p>Ez a hidraulikus henger rendk\u00edv\u00fcl sokoldal\u00fa, \u00e9s sz\u00e1mos alkalmaz\u00e1sban haszn\u00e1lhat\u00f3:<\/p>\n<ul>\n<li>\n<ul>\n<li>Gy\u00e1rt\u00f3\u00fczemi m\u0171veletek neh\u00e9z emel\u00e9shez \u00e9s mozgat\u00e1shoz<\/li>\n<li>G\u00e9pjav\u00edt\u00f3 m\u0171helyek berendez\u00e9sek karbantart\u00e1s\u00e1hoz \u00e9s szervizel\u00e9s\u00e9hez<\/li>\n<li>Mez\u0151gazdas\u00e1gi feladatok a gazdas\u00e1gokban, amelyek jelent\u0151s er\u0151kifejt\u00e9st ig\u00e9nyelnek<\/li>\n<li>Energia- \u00e9s b\u00e1ny\u00e1szati \u200b\u200bipar f\u00f6ldmunk\u00e1k \u00e9s kitermel\u00e9s c\u00e9lj\u00e1b\u00f3l<\/li>\n<\/ul>\n<\/li>\n<li>G\u00e9pgy\u00e1rt\u00e1s \u00e9s gy\u00e1ri m\u0171veletek k\u00fcl\u00f6nf\u00e9le alkalmaz\u00e1sokhoz<\/li>\n<\/ul>\n<p><img decoding=\"async\" src=\"https:\/\/hzpt.com\/wp-content\/uploads\/2023\/11\/Inverted-Telescopic-Cylinder-Applications.webp\" alt=\"Teleszk\u00f3pos hengeres alkalmaz\u00e1sok\" title=\"\"><\/p>\n<\/div>\n<div>\n<h2>A 4 fokozat\u00fa rozsdamentes ac\u00e9l hidraulikus henger m\u0171k\u00f6d\u00e9si elve \u00e9s karbantart\u00e1si m\u00f3dszerei<\/h2>\n<p>A 4 fokozat\u00fa rozsdamentes ac\u00e9l hidraulikus henger h\u00e1rom f\u0151 folyamaton megy kereszt\u00fcl: konfigur\u00e1ci\u00f3, hidraulikus folyad\u00e9kbevitel \u00e9s kimeneti er\u0151. A rendszeres karbantart\u00e1s biztos\u00edtja az optim\u00e1lis teljes\u00edtm\u00e9nyt \u00e9s a hossz\u00fa \u00e9lettartamot. A karbantart\u00e1si m\u00f3dszerek a k\u00f6vetkez\u0151k:<\/p>\n<ol>\n<li>Konfigur\u00e1ci\u00f3: \u00c1ll\u00edtsa be a hengert a feladat konkr\u00e9t k\u00f6vetelm\u00e9nyeinek megfelel\u0151en.<\/li>\n<li>Hidraulikus folyad\u00e9k bemenet: Folyad\u00e9kot juttat a hengerbe, nyom\u00e1st hozva l\u00e9tre.<\/li>\n<li>Kimeneti er\u0151: A folyad\u00e9k nyom\u00e1sa er\u0151kifejt\u00e9st hoz l\u00e9tre, amely a hengert a feladata elv\u00e9gz\u00e9s\u00e9re hajtja.<\/li>\n<li>Rendszeres ellen\u0151rz\u00e9s \u00e9s tiszt\u00edt\u00e1s: A henger rendszeres ellen\u0151rz\u00e9se \u00e9s tiszt\u00edt\u00e1sa meghosszabb\u00edtja annak \u00e9lettartam\u00e1t \u00e9s optimaliz\u00e1lja a teljes\u00edtm\u00e9ny\u00e9t.<\/li>\n<li>T\u00f6m\u00edt\u00e9scsere: Cser\u00e9lje ki a t\u00f6m\u00edt\u00e9seket a sziv\u00e1rg\u00e1sok megel\u0151z\u00e9se \u00e9s a nagy teljes\u00edtm\u00e9ny fenntart\u00e1sa \u00e9rdek\u00e9ben.<\/li>\n<\/ol>\n<\/div>\n<div>\n<p><img decoding=\"async\" src=\"https:\/\/hzpt.com\/wp-content\/uploads\/2023\/11\/Inverted-Telescopic-Cylinder-10.webp\" alt=\"\" title=\"\"><\/p>\n<\/div>\n<h2>Ford\u00edtott teleszk\u00f3pos henger<\/h2>\n<p>A hidraulikus hengerek k\u00f6z\u00fcl az egyik kiemelked\u0151 t\u00edpus az inverz teleszk\u00f3pos henger. Ez az egyedi hengerkialak\u00edt\u00e1s sz\u00e1mos el\u0151nnyel rendelkezik a hagyom\u00e1nyos hengerekkel szemben, \u00edgy n\u00e9pszer\u0171 v\u00e1laszt\u00e1ss\u00e1 v\u00e1lt sz\u00e1mos ipar\u00e1gban. Ebben a blogbejegyz\u00e9sben elm\u00e9lyed\u00fcnk ennek a hengernek a bonyolults\u00e1gaiban, \u00e9s felt\u00e1rjuk a jellemz\u0151it, alkalmaz\u00e1sait \u00e9s el\u0151nyeit.<\/p>\n<h3>Az invert\u00e1lt teleszk\u00f3pos henger jellemz\u0151i<\/h3>\n<p>A ford\u00edtott teleszk\u00f3pos henger, m\u00e1s n\u00e9ven n\u00e9gyfokozat\u00fa rozsdamentes ac\u00e9l hidraulikus henger, innovat\u00edv kialak\u00edt\u00e1s\u00e1val \u00e9s kiv\u00e9teles funkcionalit\u00e1s\u00e1val t\u0171nik ki. T\u00f6bb fokozatb\u00f3l \u00e1ll, amelyek egym\u00e1sba h\u00faz\u00f3dnak, \u00edgy kompakt \u00e9s hat\u00e9kony hidraulikus rendszert hoznak l\u00e9tre. \u00cdme a henger n\u00e9h\u00e1ny f\u0151bb jellemz\u0151je:<\/p>\n<ol>\n<li><strong>Kiv\u00e1l\u00f3 min\u0151s\u00e9g:<\/strong> A ford\u00edtott teleszk\u00f3pos henger kiv\u00e1l\u00f3 min\u0151s\u00e9g\u0171 anyagokb\u00f3l k\u00e9sz\u00fcl, \u00e9s szigor\u00fa min\u0151s\u00e9gellen\u0151rz\u00e9si int\u00e9zked\u00e9seken esik \u00e1t. Ez biztos\u00edtja a tart\u00f3ss\u00e1g\u00e1t, megb\u00edzhat\u00f3s\u00e1g\u00e1t \u00e9s hossz\u00fa \u00e9lettartam\u00e1t.<\/li>\n<li><strong>Kis d\u00f6mper alkalmaz\u00e1s:<\/strong> Ezt a hengert gyakran haszn\u00e1lj\u00e1k kis d\u00f6mperekben neh\u00e9z terhek hat\u00e9kony emel\u00e9s\u00e9re \u00e9s \u00fcr\u00edt\u00e9s\u00e9re. Kompakt m\u00e9rete \u00e9s nagy teljes\u00edtm\u00e9nye ide\u00e1lis v\u00e1laszt\u00e1ss\u00e1 teszi ehhez az alkalmaz\u00e1shoz.<\/li>\n<li><strong>Rozsdamentes ac\u00e9l szerkezet:<\/strong> A henger rozsdamentes ac\u00e9lb\u00f3l k\u00e9sz\u00fclt, amely kiv\u00e1l\u00f3an ellen\u00e1ll a korr\u00f3zi\u00f3nak, a kop\u00e1snak \u00e9s a sz\u00e9ls\u0151s\u00e9ges h\u0151m\u00e9rs\u00e9kleteknek. Ez alkalmass\u00e1 teszi ig\u00e9nyes k\u00f6rnyezeti k\u00f6r\u00fclm\u00e9nyek k\u00f6z\u00f6tt val\u00f3 haszn\u00e1latra.<\/li>\n<li><strong>Hidraulikus m\u0171k\u00f6dtet\u00e9s:<\/strong> A ford\u00edtott teleszk\u00f3pos henger hidraulikus nyom\u00e1st haszn\u00e1l a szakaszok kiny\u00fajt\u00e1s\u00e1hoz \u00e9s visszah\u00faz\u00e1s\u00e1hoz. Ez a hidraulikus m\u0171k\u00f6d\u00e9s sima \u00e9s prec\u00edz mozg\u00e1st biztos\u00edt, n\u00f6velve a rendszer \u00e1ltal\u00e1nos hat\u00e9konys\u00e1g\u00e1t.<\/li>\n<\/ol>\n<h3>A ford\u00edtott teleszk\u00f3pos henger el\u0151nyei<\/h3>\n<p>A ford\u00edtott teleszk\u00f3pos henger sz\u00e1mos el\u0151nnyel j\u00e1r, amelyek miatt kedvelt v\u00e1laszt\u00e1s a k\u00fcl\u00f6nf\u00e9le hidraulikus alkalmaz\u00e1sokhoz. Vizsg\u00e1ljunk meg n\u00e9h\u00e1nyat ezek k\u00f6z\u00fcl:<\/p>\n<ul>\n<li><strong>Kompakt kialak\u00edt\u00e1s:<\/strong> A henger teleszk\u00f3pos jellege kompakt kialak\u00edt\u00e1st tesz lehet\u0151v\u00e9, \u00e9rt\u00e9kes helyet takar\u00edtva meg a berendez\u00e9sekben vagy g\u00e9pekben. Ez k\u00fcl\u00f6n\u00f6sen el\u0151ny\u00f6s a korl\u00e1tozott helyekkel rendelkez\u0151 alkalmaz\u00e1sokban.<\/li>\n<li><strong>Meghosszabb\u00edtott l\u00f6kethossz:<\/strong> A henger t\u00f6bb fokozata hosszabb l\u00f6kethosszt tesz lehet\u0151v\u00e9 a hagyom\u00e1nyos hengerekhez k\u00e9pest. Ez a meghosszabb\u00edtott l\u00f6ket nagyobb hat\u00f3t\u00e1vols\u00e1got \u00e9s rugalmass\u00e1got biztos\u00edt az emel\u00e9si vagy tol\u00e1si m\u0171veletek sor\u00e1n.<\/li>\n<li><strong>Megn\u00f6velt teherb\u00edr\u00e1s:<\/strong> A ford\u00edtott teleszk\u00f3pos henger kialak\u00edt\u00e1sa megn\u00f6velt emel\u0151kapacit\u00e1st biztos\u00edt, \u00edgy alkalmass\u00e1 teszi neh\u00e9z terhek k\u00f6nny\u0171 kezel\u00e9s\u00e9re. Massz\u00edv konstrukci\u00f3ja \u00e9s hidraulikus ereje hozz\u00e1j\u00e1rul leny\u0171g\u00f6z\u0151 emel\u0151k\u00e9pess\u00e9g\u00e9hez.<\/li>\n<li><strong>Fokozott stabilit\u00e1s:<\/strong> A henger t\u00f6bbl\u00e9pcs\u0151s kialak\u00edt\u00e1sa fokozott stabilit\u00e1st biztos\u00edt m\u0171k\u00f6d\u00e9s k\u00f6zben, minimaliz\u00e1lja a rezg\u00e9seket, \u00e9s biztos\u00edtja a sima \u00e9s kontroll\u00e1lt mozg\u00e1sokat. Ez a stabilit\u00e1s kulcsfontoss\u00e1g\u00fa azokban az alkalmaz\u00e1sokban, ahol a pontoss\u00e1g \u00e9s a biztons\u00e1g kiemelked\u0151 fontoss\u00e1g\u00fa.<\/li>\n<\/ul>\n<p>\u00d6sszefoglalva, a ford\u00edtott teleszk\u00f3pos henger egy figyelemre m\u00e9lt\u00f3 hidraulikus technol\u00f3giai eszk\u00f6z, amely egyedi tulajdons\u00e1gokat, alkalmaz\u00e1sokat \u00e9s el\u0151ny\u00f6ket k\u00edn\u00e1l. Kiv\u00e1l\u00f3 min\u0151s\u00e9g\u0171 konstrukci\u00f3ja, kis d\u00f6mperekhez val\u00f3 alkalmass\u00e1ga, rozsdamentes ac\u00e9l \u00f6sszet\u00e9tele \u00e9s hidraulikus m\u0171k\u00f6d\u00e9se kiv\u00e1l\u00f3 v\u00e1laszt\u00e1ss\u00e1 teszi sz\u00e1mos ipar\u00e1g sz\u00e1m\u00e1ra. Ak\u00e1r neh\u00e9z terhek emel\u00e9s\u00e9r\u0151l, ak\u00e1r a l\u00f6kethossz n\u00f6vel\u00e9s\u00e9r\u0151l, ak\u00e1r a stabilit\u00e1s jav\u00edt\u00e1s\u00e1r\u00f3l van sz\u00f3, ez a henger kiv\u00e9teles teljes\u00edtm\u00e9nyt ny\u00fajt. A ford\u00edtott teleszk\u00f3pos henger be\u00e9p\u00edt\u00e9se a hidraulikus rendszerekbe okos befektet\u00e9s a hat\u00e9konys\u00e1g, a megb\u00edzhat\u00f3s\u00e1g \u00e9s a termel\u00e9kenys\u00e9g \u00e9rdek\u00e9ben.<\/p>\n<h3>Az FMP-r\u0151l \u2013 Hidraulikus henger<\/h3>\n<p>Az FMP-n\u00e9l kiv\u00e1l\u00f3 min\u0151s\u00e9g\u0171 \u00e9p\u00edt\u0151ipari g\u00e9palkatr\u00e9szek \u00e9s komplett g\u00e9pek \u00e9rt\u00e9kes\u00edt\u00e9s\u00e9re \u00e9s szervizel\u00e9s\u00e9re szakosodtunk. Hidraulikus henger\u00fcnk az egyik legn\u00e9pszer\u0171bb term\u00e9k\u00fcnk, \u00e9s j\u00f3 okkal. \u00cdme \u00f6t ok, ami\u00e9rt az FMP hidraulikus hengere a legjobb v\u00e1laszt\u00e1s \u00e9p\u00edt\u0151ipari g\u00e9peihez:<\/p>\n<p>1. <strong>Kiv\u00e1l\u00f3 min\u0151s\u00e9g\u0171 anyagok<\/strong>Hidraulikus henger\u00fcnk tart\u00f3s \u00e9s megb\u00edzhat\u00f3 anyagokb\u00f3l k\u00e9sz\u00fcl, \u00edgy biztos\u00edtva a hossz\u00fa t\u00e1v\u00fa teljes\u00edtm\u00e9nyt \u00e9s a minim\u00e1lis karbantart\u00e1si ig\u00e9nyt.<\/p>\n<p>2. <strong>Testreszabhat\u00f3 be\u00e1ll\u00edt\u00e1sok<\/strong>\u00c1ll\u00edthat\u00f3 kengyeles hengereket, valamint egy\u00e9b testreszabhat\u00f3 opci\u00f3kat k\u00edn\u00e1lunk, hogy megfelelj\u00fcnk az \u00d6n egyedi ig\u00e9nyeinek. \u00c9p\u00edt\u0151ipari g\u00e9palkatr\u00e9szek ter\u00e9n szerzett szak\u00e9rtelm\u00fcnkkel egy\u00fcttm\u0171k\u00f6dve megtal\u00e1ljuk \u00d6nnel a legjobb megold\u00e1st az \u00d6n berendez\u00e9s\u00e9hez.<\/p>\n<p>3. <strong>Szak\u00e9rt\u0151i csapat<\/strong>Tapasztalt \u00e9s k\u00e9pzett \u00e9rt\u00e9kes\u00edt\u00e9si csapatunk ismeri az \u00e9p\u00edt\u0151ipari g\u00e9pipar leg\u00fajabb ipar\u00e1gi trendjeit \u00e9s \u00fcgyf\u00e9lig\u00e9nyeit. Professzion\u00e1lis term\u00e9ktan\u00e1csad\u00e1st \u00e9s intelligens v\u00e1s\u00e1rl\u00e1si javaslatokat tudnak ny\u00fajtani, hogy seg\u00edtsenek \u00d6nnek a legjobb d\u00f6nt\u00e9st meghozni v\u00e1llalkoz\u00e1sa sz\u00e1m\u00e1ra.<\/p>\n<p>4. <strong>Hat\u00e9kony logisztika<\/strong>Hat\u00e9kony logisztikai eloszt\u00e1si rendszerrel rendelkez\u00fcnk annak \u00e9rdek\u00e9ben, hogy \u00fcgyfeleink id\u0151ben \u00e9s pontosan megkapj\u00e1k a sz\u00fcks\u00e9ges alkatr\u00e9szeket. Ez minim\u00e1lis \u00e1ll\u00e1sid\u0151t jelent az \u00e9p\u00edt\u0151ipari g\u00e9pei sz\u00e1m\u00e1ra, \u00e9s z\u00f6kken\u0151mentes m\u0171k\u00f6d\u00e9st biztos\u00edt v\u00e1llalkoz\u00e1sa sz\u00e1m\u00e1ra.<\/p>\n<p>5. <strong>Szigor\u00fa min\u0151s\u00e9gellen\u0151rz\u00e9s<\/strong>Hossz\u00fa t\u00e1v\u00fa \u00e9s stabil egy\u00fcttm\u0171k\u00f6d\u00e9si kapcsolatokat \u00e9p\u00edt\u00fcnk ki sz\u00e1mos kiv\u00e1l\u00f3 min\u0151s\u00e9g\u0171 besz\u00e1ll\u00edt\u00f3val belf\u00f6ld\u00f6n \u00e9s k\u00fclf\u00f6ld\u00f6n, biztos\u00edtva, hogy minden besz\u00e1ll\u00edtott alkatr\u00e9sz, bele\u00e9rtve a hidraulikus henger\u00fcnket is, megfeleljen a szigor\u00fa min\u0151s\u00e9gi el\u0151\u00edr\u00e1soknak.<\/p>\n<p>Az FMP hidraulikus henger\u00e9vel biztos lehet \u00e9p\u00edt\u0151ipari g\u00e9pei min\u0151s\u00e9g\u00e9ben \u00e9s megb\u00edzhat\u00f3s\u00e1g\u00e1ban. L\u00e9pjen kapcsolatba vel\u00fcnk m\u00e9g ma, hogy t\u00f6bbet megtudjon term\u00e9keinkr\u0151l \u00e9s arr\u00f3l, hogyan seg\u00edthet\u00fcnk megtal\u00e1lni az \u00d6n \u00fczleti ig\u00e9nyeinek legink\u00e1bb megfelel\u0151 megold\u00e1sokat.<\/p>\n<p><img decoding=\"async\" src=\"https:\/\/fmp-components.com\/wp-content\/uploads\/2024\/12\/Adjustable-Clevis-Type-Cylinders-6.webp\" alt=\"\u00c1ll\u00edthat\u00f3 kengyeles henger\" width=\"853\" title=\"\"><br \/>\nSzerz\u0151: CX<\/p>","protected":false},"excerpt":{"rendered":"<p>Introducing the High Quality Small Dump Truck 4 Stage Stainless Steel Hydraulic Cylinder: The High Quality Small Dump Truck 4 Stage Stainless Steel Hydraulic Cylinder is a cutting-edge product designed to enhance the performance and efficiency of small dump trucks. This hydraulic cylinder is constructed with top-of-the-line stainless steel, ensuring unparalleled durability and resistance to [&hellip;]<\/p>","protected":false},"featured_media":1714,"comment_status":"closed","ping_status":"closed","template":"","meta":{"_et_pb_use_builder":"","_et_pb_old_content":"","_et_gb_content_width":""},"product_brand":[],"product_cat":[45],"product_tag":[34,48],"class_list":{"0":"post-1713","1":"product","2":"type-product","3":"status-publish","4":"has-post-thumbnail","6":"product_cat-inverted-telescopic-cylinder","7":"product_tag-hydraulic-cylinder","8":"product_tag-inverted-telescopic-cylinder","10":"first","11":"instock","12":"product-type-simple"},"_links":{"self":[{"href":"https:\/\/fmp-components.com\/hu\/wp-json\/wp\/v2\/product\/1713","targetHints":{"allow":["GET"]}}],"collection":[{"href":"https:\/\/fmp-components.com\/hu\/wp-json\/wp\/v2\/product"}],"about":[{"href":"https:\/\/fmp-components.com\/hu\/wp-json\/wp\/v2\/types\/product"}],"replies":[{"embeddable":true,"href":"https:\/\/fmp-components.com\/hu\/wp-json\/wp\/v2\/comments?post=1713"}],"wp:featuredmedia":[{"embeddable":true,"href":"https:\/\/fmp-components.com\/hu\/wp-json\/wp\/v2\/media\/1714"}],"wp:attachment":[{"href":"https:\/\/fmp-components.com\/hu\/wp-json\/wp\/v2\/media?parent=1713"}],"wp:term":[{"taxonomy":"product_brand","embeddable":true,"href":"https:\/\/fmp-components.com\/hu\/wp-json\/wp\/v2\/product_brand?post=1713"},{"taxonomy":"product_cat","embeddable":true,"href":"https:\/\/fmp-components.com\/hu\/wp-json\/wp\/v2\/product_cat?post=1713"},{"taxonomy":"product_tag","embeddable":true,"href":"https:\/\/fmp-components.com\/hu\/wp-json\/wp\/v2\/product_tag?post=1713"}],"curies":[{"name":"munkaf\u00fczet","href":"https:\/\/api.w.org\/{rel}","templated":true}]}}