{"id":1711,"date":"2024-12-23T07:01:59","date_gmt":"2024-12-23T07:01:59","guid":{"rendered":"https:\/\/fmp-components.com\/product\/factory-direct-supply-long-stroke-customized-telescopic-hydraulic-cylinder\/"},"modified":"2025-05-10T12:32:13","modified_gmt":"2025-05-10T12:32:13","slug":"factory-direct-supply-long-stroke-customized-telescopic-hydraulic-cylinder","status":"publish","type":"product","link":"https:\/\/fmp-components.com\/hu\/product\/factory-direct-supply-long-stroke-customized-telescopic-hydraulic-cylinder\/","title":{"rendered":"Gy\u00e1ri k\u00f6zvetlen sz\u00e1ll\u00edt\u00e1s\u00fa hossz\u00fa l\u00f6ket\u0171, testreszabott teleszk\u00f3pos hidraulikus henger"},"content":{"rendered":"<h2>Bemutatjuk gy\u00e1rilag k\u00f6zvetlen besz\u00e1ll\u00edt\u00f3s hossz\u00fa l\u00f6ket\u0171, testreszabott teleszk\u00f3pos hidraulikus henger\u00fcnket<\/h2>\n<p>Vadonat\u00faj hidraulikus henger\u00fcnk egy \u00e9lvonalbeli term\u00e9k, amely ide\u00e1lisan haszn\u00e1lhat\u00f3 k\u00fcl\u00f6nf\u00e9le ipar\u00e1gakban, p\u00e9ld\u00e1ul gy\u00e1rt\u00f3\u00fczemekben, g\u00e9pjav\u00edt\u00f3 m\u0171helyekben, mez\u0151gazdas\u00e1gi \u00fczemekben, energia- \u00e9s b\u00e1ny\u00e1szatban, g\u00e9pgy\u00e1rt\u00e1sban \u00e9s g\u00e9pgy\u00e1rakban. 40 kg-os s\u00faly\u00e1val ez a hidraulikus henger maxim\u00e1lis tol\u00f3ereje 3000 tonna, maxim\u00e1lis h\u00faz\u00f3ereje pedig 20 tonna. Ford\u00edtott teleszk\u00f3pos henger t\u00edpus\u00fa, \u00e9s szabv\u00e1nyos G\/SAE\/NPT\/M csatlakoz\u00f3kkal rendelkezik. A henger ISO9001:2000 tan\u00fas\u00edtv\u00e1nnyal rendelkezik, \u00e9s eleg\u00e1ns fekete sz\u00ednben kaphat\u00f3.<\/p>\n<p><img decoding=\"async\" src=\"https:\/\/hzpt.com\/wp-content\/uploads\/2023\/11\/Inverted-Telescopic-Cylinder-11.webp\" alt=\"Ford\u00edtott teleszk\u00f3pos henger\" title=\"\"><\/p>\n<h2>Hidraulikus henger\u00fcnk figyelemre m\u00e9lt\u00f3 tulajdons\u00e1gai<\/h2>\n<p>Hossz\u00fa l\u00f6ket\u0171, testreszabott teleszk\u00f3pos hidraulikus henger\u00fcnk sz\u00e1mos egyedi tulajdons\u00e1ggal rendelkezik, amelyek megk\u00fcl\u00f6nb\u00f6ztetik a t\u00f6bbit\u0151l:<\/p>\n<ul>\n<li>Standard szerkezet: Standard dugatty\u00fas hengeres szerkezettel rendelkezik, amely megb\u00edzhat\u00f3 \u00e9s hat\u00e9kony teljes\u00edtm\u00e9nyt biztos\u00edt.<\/li>\n<li>Kiv\u00e1l\u00f3 min\u0151s\u00e9g\u0171 k\u00f6zponti alkatr\u00e9szek: A henger kiv\u00e1l\u00f3 min\u0151s\u00e9g\u0171 k\u00f6zponti alkatr\u00e9szekkel van felszerelve, mint p\u00e9ld\u00e1ul a csap\u00e1gy \u00e9s a dugatty\u00fas henger.<\/li>\n<li>Tart\u00f3s testanyag: A robusztus ac\u00e9lb\u00f3l k\u00e9sz\u00fclt hidraulikus henger hossz\u00fa \u00e9lettartamot garant\u00e1l.<\/li>\n<li>Testreszabhat\u00f3 m\u00e9ret: A furatm\u00e9ret 2-6 h\u00fcvelyk, a r\u00fadm\u00e9ret 1,125-4 h\u00fcvelyk, a l\u00f6ketm\u00e9ret 6-48 h\u00fcvelyk, a csapm\u00e9ret pedig 0,5-2 h\u00fcvelyk k\u00f6z\u00f6tt mozog, \u00edgy az egyedi ig\u00e9nyeknek megfelel\u0151en testreszabhat\u00f3.<\/li>\n<li>Egy \u00e9v garancia: Ki\u00e1llunk term\u00e9keink min\u0151s\u00e9ge mellett, ez\u00e9rt egy \u00e9v garanci\u00e1t k\u00edn\u00e1lunk mind a term\u00e9kre, mind a f\u0151 alkatr\u00e9szekre.<\/li>\n<\/ul>\n<h2>Hidraulikus henger\u00fcnk alkalmaz\u00e1sai<\/h2>\n<p>Teleszk\u00f3pos hidraulikus henger\u00fcnk sokoldal\u00faan alkalmazhat\u00f3, \u00e9s sz\u00e1mos ipar\u00e1gban alkalmazhat\u00f3:<\/p>\n<ul>\n<li>Gy\u00e1rt\u00f3\u00fczemek: Neh\u00e9zg\u00e9pekben haszn\u00e1lj\u00e1k termel\u00e9si folyamatokhoz.<\/li>\n<li>G\u00e9pjav\u00edt\u00f3 m\u0171helyek: Elengedhetetlenek k\u00fcl\u00f6nf\u00e9le g\u00e9pek jav\u00edt\u00e1s\u00e1hoz \u00e9s karbantart\u00e1s\u00e1hoz.<\/li>\n<li>Gazdas\u00e1gok: Mez\u0151gazdas\u00e1gi g\u00e9pekben haszn\u00e1lj\u00e1k a hat\u00e9kony mez\u0151gazdas\u00e1gi m\u0171veletekhez.<\/li>\n<li>Energia \u00e9s b\u00e1ny\u00e1szat: Kulcsfontoss\u00e1g\u00fa szerepet j\u00e1tszik az er\u0151forr\u00e1sok kitermel\u00e9s\u00e9ben \u00e9s feldolgoz\u00e1s\u00e1ban.<\/li>\n<li>G\u00e9pgy\u00e1rt\u00e1s: K\u00fcl\u00f6nb\u00f6z\u0151 g\u00e9pek gy\u00e1rt\u00e1s\u00e1nak szerves r\u00e9sze.<\/li>\n<\/ul>\n<p><img decoding=\"async\" src=\"https:\/\/hzpt.com\/wp-content\/uploads\/2023\/11\/Inverted-Telescopic-Cylinder-Applications.webp\" alt=\"Ford\u00edtott teleszk\u00f3pos henger alkalmaz\u00e1sok\" title=\"\"><\/p>\n<h2>Hidraulikus henger\u00fcnk m\u0171k\u00f6d\u00e9si elve \u00e9s karbantart\u00e1sa<\/h2>\n<p>Hidraulikus henger\u00fcnk a hidraulikus folyad\u00e9k bemeneti \u00e9s kimeneti erej\u00e9nek elv\u00e9n m\u0171k\u00f6dik. A hidraulikus folyad\u00e9k nyom\u00e1s alatt \u00e1ll, \u00e9s a nyom\u00e1st egy dugatty\u00fa \u00e9s egy henger seg\u00edts\u00e9g\u00e9vel line\u00e1ris mozg\u00e1ss\u00e1 alak\u00edtja. A folyad\u00e9k \u00e1ltal kifejtett er\u0151 mozgatja a dugatty\u00fat, ami viszont mozgatja a hozz\u00e1 csatlakoztatott terhel\u00e9st. Hidraulikus henger\u00fcnk teljes\u00edtm\u00e9ny\u00e9nek \u00e9s hossz\u00fa \u00e9lettartam\u00e1nak meg\u0151rz\u00e9se \u00e9rdek\u00e9ben \u00edme n\u00e9h\u00e1ny alapvet\u0151 karbantart\u00e1si l\u00e9p\u00e9s:<\/p>\n<ul>\n<li>Rendszeres ellen\u0151rz\u00e9s: Rendszeresen ellen\u0151rizze a palackot sziv\u00e1rg\u00e1sok vagy s\u00e9r\u00fcl\u00e9sek szempontj\u00e1b\u00f3l.<\/li>\n<li>Tiszt\u00edt\u00e1s: Tartsa tiszt\u00e1n a hengert a szennyez\u0151d\u00e9sekt\u0151l \u00e9s t\u00f6rmel\u00e9kekt\u0151l, hogy elker\u00fclje az elt\u00f6m\u0151d\u00e9seket vagy a t\u00f6m\u00edt\u00e9sek k\u00e1rosod\u00e1s\u00e1t.<\/li>\n<li>Ken\u00e9s: A mozg\u00f3 alkatr\u00e9szeket rendszeresen kenje meg a z\u00f6kken\u0151mentes m\u0171k\u00f6d\u00e9s biztos\u00edt\u00e1sa \u00e9rdek\u00e9ben.<\/li>\n<li>Rendszeres ellen\u0151rz\u00e9sek \u00e9s jav\u00edt\u00e1sok: Rendszeresen ellen\u0151rizze az esetleges kop\u00e1sokat \u00e9s elhaszn\u00e1l\u00f3d\u00e1sokat, \u00e9s sz\u00fcks\u00e9g szerint jav\u00edtsa meg vagy cser\u00e9lje ki az alkatr\u00e9szeket.<\/li>\n<li>T\u00f6m\u00edt\u00e9scsere: A t\u00f6m\u00edt\u00e9seket rendszeres id\u0151k\u00f6z\u00f6nk\u00e9nt cser\u00e9lje ki a sziv\u00e1rg\u00e1s megel\u0151z\u00e9se \u00e9s a nyom\u00e1s fenntart\u00e1sa \u00e9rdek\u00e9ben.<\/li>\n<li>K\u00f6vesse a kezel\u00e9si \u00fatmutat\u00f3t: A biztons\u00e1gos \u00e9s hat\u00e9kony m\u0171k\u00f6d\u00e9s \u00e9rdek\u00e9ben mindig tartsa be a kezel\u00e9si \u00fatmutat\u00f3ban meghat\u00e1rozott utas\u00edt\u00e1sokat \u00e9s ir\u00e1nyelveket.<\/li>\n<\/ul>\n<p><img decoding=\"async\" class=\"aligncenter\" src=\"https:\/\/hzpt.com\/wp-content\/uploads\/2023\/11\/Inverted-Telescopic-Cylinder-25.webp\" alt=\"Ford\u00edtott teleszk\u00f3pos henger gy\u00e1rt\u00f3ja\" title=\"\"><\/p>\n<h2>Ford\u00edtott teleszk\u00f3pos henger<\/h2>\n<p>Az invert\u00e1lt teleszk\u00f3pos henger, m\u00e1s n\u00e9ven ford\u00edtott m\u0171k\u00f6d\u00e9s\u0171 teleszk\u00f3pos henger, egy olyan hidraulikus henger, amely a hagyom\u00e1nyos teleszk\u00f3pos hengerrel ellent\u00e9tes ir\u00e1nyban m\u0171k\u00f6dik. Gyakran haszn\u00e1lj\u00e1k k\u00fcl\u00f6nf\u00e9le ipari alkalmaz\u00e1sokban, ahol a helyhi\u00e1ny vagy a speci\u00e1lis m\u0171k\u00f6d\u00e9si k\u00f6vetelm\u00e9nyek elt\u00e9r\u0151 konfigur\u00e1ci\u00f3t ig\u00e9nyelnek.<\/p>\n<p>\u00cdme a ford\u00edtott teleszk\u00f3pos hengerek n\u00e9h\u00e1ny f\u0151bb jellemz\u0151je \u00e9s el\u0151nye:<\/p>\n<ul>\n<li><strong>Gy\u00e1ri k\u00f6zvetlen beszerz\u00e9s:<\/strong> A ford\u00edtott teleszk\u00f3pos hengerek k\u00f6zvetlen\u00fcl a gy\u00e1rt\u00f3kt\u00f3l szerezhet\u0151k be, ami megb\u00edzhat\u00f3 ell\u00e1t\u00e1si l\u00e1ncot biztos\u00edt \u00e9s kik\u00fcsz\u00f6b\u00f6li a felesleges k\u00f6zvet\u00edt\u0151ket.<\/li>\n<li><strong>Hossz\u00fa l\u00f6ket:<\/strong> Ezek a hengerek hosszabb l\u00f6kethosszt biztos\u00edtanak a hagyom\u00e1nyos line\u00e1ris aktu\u00e1torokhoz k\u00e9pest. Ez nagyobb mozg\u00e1startom\u00e1nyt \u00e9s rugalmass\u00e1got tesz lehet\u0151v\u00e9 a k\u00fcl\u00f6nf\u00e9le alkalmaz\u00e1sokban.<\/li>\n<li><strong>Testreszabott tervez\u00e9s:<\/strong> A ford\u00edtott teleszk\u00f3pos hengerek testreszabhat\u00f3k az olyan speci\u00e1lis k\u00f6vetelm\u00e9nyeknek megfelel\u0151en, mint a m\u00e9ret, a teherb\u00edr\u00e1s \u00e9s a r\u00f6gz\u00edt\u00e9si lehet\u0151s\u00e9gek. Ez biztos\u00edtja az optim\u00e1lis teljes\u00edtm\u00e9nyt \u00e9s integr\u00e1ci\u00f3t egy adott rendszerbe vagy g\u00e9pbe.<\/li>\n<li><strong>Teleszk\u00f3pos kialak\u00edt\u00e1s:<\/strong> A henger t\u00f6bb szakaszb\u00f3l vagy r\u00e9szb\u0151l \u00e1ll, amelyek egym\u00e1sba omlanak vagy t\u00e1gulnak, hasonl\u00f3an egy teleszk\u00f3phoz. Ez a kialak\u00edt\u00e1s lehet\u0151v\u00e9 teszi a kompakt \u00f6sszeh\u00faz\u00f3d\u00e1st \u00e9s a nagyobb hat\u00f3t\u00e1vols\u00e1got, amikor sz\u00fcks\u00e9ges.<\/li>\n<li><strong>Hidraulikus m\u0171k\u00f6dtet\u00e9s:<\/strong> A ford\u00edtott teleszk\u00f3pos hengerek hidraulikus folyad\u00e9kot haszn\u00e1lnak a m\u0171k\u00f6d\u00e9shez sz\u00fcks\u00e9ges er\u0151 el\u0151\u00e1ll\u00edt\u00e1s\u00e1hoz. Ez a hidraulikus rendszer sima \u00e9s szab\u00e1lyozott mozg\u00e1st biztos\u00edt, biztos\u00edtva a pontos pozicion\u00e1l\u00e1st \u00e9s a hat\u00e9kony teljes\u00edtm\u00e9nyt.<\/li>\n<\/ul>\n<p>A ford\u00edtott teleszk\u00f3pos hengerek egyik figyelemre m\u00e9lt\u00f3 alkalmaz\u00e1si ter\u00fclete az anyagmozgat\u00f3 berendez\u00e9sek, p\u00e9ld\u00e1ul targonc\u00e1k vagy daruk. Ezek a hengerek biztos\u00edtj\u00e1k a sz\u00fcks\u00e9ges emel\u00e9si \u00e9s s\u00fcllyeszt\u00e9si k\u00e9pess\u00e9geket, m\u00edg ford\u00edtott konfigur\u00e1ci\u00f3juk jobb kil\u00e1t\u00e1st \u00e9s man\u0151verezhet\u0151s\u00e9get biztos\u00edt sz\u0171k helyeken.<\/p>\n<p>Egy m\u00e1sik alkalmaz\u00e1si ter\u00fclet a mez\u0151gazdas\u00e1gi szektor, ahol a ford\u00edtott teleszk\u00f3pos hengereket olyan g\u00e9pekben haszn\u00e1lj\u00e1k, mint a homlokrakod\u00f3k vagy a sz\u00e9nab\u00e1l\u00e1z\u00f3k. Ezeknek a hengereknek a hossz\u00fa l\u00f6kete \u00e9s az egyedi kialak\u00edt\u00e1sa lehet\u0151v\u00e9 teszi a neh\u00e9z terhek hat\u00e9kony emel\u00e9s\u00e9t, tol\u00e1s\u00e1t vagy h\u00faz\u00e1s\u00e1t, hozz\u00e1j\u00e1rulva a gazdas\u00e1g termel\u00e9kenys\u00e9g\u00e9nek n\u00f6veked\u00e9s\u00e9hez.<\/p>\n<p>\u00d6sszefoglalva, a ford\u00edtott teleszk\u00f3pos henger egy sokoldal\u00fa hidraulikus alkatr\u00e9sz, amely egyedi el\u0151ny\u00f6ket k\u00edn\u00e1l a tervez\u00e9si rugalmass\u00e1g, a l\u00f6kethossz \u00e9s a testreszab\u00e1si lehet\u0151s\u00e9gek tekintet\u00e9ben. Gy\u00e1ri k\u00f6zvetlen bet\u00e1pl\u00e1l\u00e1sa, hossz\u00fa l\u00f6kethossza \u00e9s testreszab\u00e1si jellemz\u0151i megb\u00edzhat\u00f3 \u00e9s hat\u00e9kony v\u00e1laszt\u00e1ss\u00e1 teszik k\u00fcl\u00f6nf\u00e9le ipari alkalmaz\u00e1sokhoz. Ak\u00e1r anyagmozgat\u00f3 berendez\u00e9sekben, ak\u00e1r mez\u0151gazdas\u00e1gi g\u00e9pekben haszn\u00e1lj\u00e1k, a ford\u00edtott teleszk\u00f3pos henger fokozza a m\u0171k\u00f6d\u00e9si teljes\u00edtm\u00e9nyt, \u00e9s hozz\u00e1j\u00e1rul az \u00f6sszetett rendszerek z\u00f6kken\u0151mentes m\u0171k\u00f6d\u00e9s\u00e9hez.<\/p>\n<h3>Az FMP-r\u0151l \u2013 Hidraulikus henger<\/h3>\n<p>Az FMP-n\u00e9l kiv\u00e1l\u00f3 min\u0151s\u00e9g\u0171 \u00e9p\u00edt\u0151ipari g\u00e9palkatr\u00e9szek \u00e9s komplett g\u00e9pek \u00e9rt\u00e9kes\u00edt\u00e9s\u00e9re \u00e9s szervizel\u00e9s\u00e9re szakosodtunk. Hidraulikus henger\u00fcnk az egyik legn\u00e9pszer\u0171bb term\u00e9k\u00fcnk, \u00e9s j\u00f3 okkal. \u00cdme \u00f6t ok, ami\u00e9rt az FMP hidraulikus hengere a legjobb v\u00e1laszt\u00e1s \u00e9p\u00edt\u0151ipari g\u00e9peihez:<\/p>\n<p>1. <strong>Kiv\u00e1l\u00f3 min\u0151s\u00e9g\u0171 anyagok<\/strong>Hidraulikus henger\u00fcnk tart\u00f3s \u00e9s megb\u00edzhat\u00f3 anyagokb\u00f3l k\u00e9sz\u00fcl, \u00edgy biztos\u00edtva a hossz\u00fa t\u00e1v\u00fa teljes\u00edtm\u00e9nyt \u00e9s a minim\u00e1lis karbantart\u00e1si ig\u00e9nyt.<\/p>\n<p>2. <strong>Testreszabhat\u00f3 be\u00e1ll\u00edt\u00e1sok<\/strong>\u00c1ll\u00edthat\u00f3 kengyeles hengereket, valamint egy\u00e9b testreszabhat\u00f3 opci\u00f3kat k\u00edn\u00e1lunk, hogy megfelelj\u00fcnk az \u00d6n egyedi ig\u00e9nyeinek. \u00c9p\u00edt\u0151ipari g\u00e9palkatr\u00e9szek ter\u00e9n szerzett szak\u00e9rtelm\u00fcnkkel egy\u00fcttm\u0171k\u00f6dve megtal\u00e1ljuk \u00d6nnel a legjobb megold\u00e1st az \u00d6n berendez\u00e9s\u00e9hez.<\/p>\n<p>3. <strong>Szak\u00e9rt\u0151i csapat<\/strong>Tapasztalt \u00e9s k\u00e9pzett \u00e9rt\u00e9kes\u00edt\u00e9si csapatunk ismeri az \u00e9p\u00edt\u0151ipari g\u00e9pipar leg\u00fajabb ipar\u00e1gi trendjeit \u00e9s \u00fcgyf\u00e9lig\u00e9nyeit. Professzion\u00e1lis term\u00e9ktan\u00e1csad\u00e1st \u00e9s intelligens v\u00e1s\u00e1rl\u00e1si javaslatokat tudnak ny\u00fajtani, hogy seg\u00edtsenek \u00d6nnek a legjobb d\u00f6nt\u00e9st meghozni v\u00e1llalkoz\u00e1sa sz\u00e1m\u00e1ra.<\/p>\n<p>4. <strong>Hat\u00e9kony logisztika<\/strong>Hat\u00e9kony logisztikai eloszt\u00e1si rendszerrel rendelkez\u00fcnk annak \u00e9rdek\u00e9ben, hogy \u00fcgyfeleink id\u0151ben \u00e9s pontosan megkapj\u00e1k a sz\u00fcks\u00e9ges alkatr\u00e9szeket. Ez minim\u00e1lis \u00e1ll\u00e1sid\u0151t jelent az \u00e9p\u00edt\u0151ipari g\u00e9pei sz\u00e1m\u00e1ra, \u00e9s z\u00f6kken\u0151mentes m\u0171k\u00f6d\u00e9st biztos\u00edt v\u00e1llalkoz\u00e1sa sz\u00e1m\u00e1ra.<\/p>\n<p>5. <strong>Szigor\u00fa min\u0151s\u00e9gellen\u0151rz\u00e9s<\/strong>Hossz\u00fa t\u00e1v\u00fa \u00e9s stabil egy\u00fcttm\u0171k\u00f6d\u00e9si kapcsolatokat \u00e9p\u00edt\u00fcnk ki sz\u00e1mos kiv\u00e1l\u00f3 min\u0151s\u00e9g\u0171 besz\u00e1ll\u00edt\u00f3val belf\u00f6ld\u00f6n \u00e9s k\u00fclf\u00f6ld\u00f6n, biztos\u00edtva, hogy minden besz\u00e1ll\u00edtott alkatr\u00e9sz, bele\u00e9rtve a hidraulikus henger\u00fcnket is, megfeleljen a szigor\u00fa min\u0151s\u00e9gi el\u0151\u00edr\u00e1soknak.<\/p>\n<p>Az FMP hidraulikus henger\u00e9vel biztos lehet \u00e9p\u00edt\u0151ipari g\u00e9pei min\u0151s\u00e9g\u00e9ben \u00e9s megb\u00edzhat\u00f3s\u00e1g\u00e1ban. L\u00e9pjen kapcsolatba vel\u00fcnk m\u00e9g ma, hogy t\u00f6bbet megtudjon term\u00e9keinkr\u0151l \u00e9s arr\u00f3l, hogyan seg\u00edthet\u00fcnk megtal\u00e1lni az \u00d6n \u00fczleti ig\u00e9nyeinek legink\u00e1bb megfelel\u0151 megold\u00e1sokat.<\/p>\n<p><img decoding=\"async\" class=\"aligncenter\" src=\"https:\/\/fmp-components.com\/wp-content\/uploads\/2024\/12\/Adjustable-Clevis-Type-Cylinders-6.webp\" alt=\"\u00c1ll\u00edthat\u00f3 kengyeles henger\" width=\"853\" title=\"\"><br \/>\nSzerz\u0151: CX<\/p>","protected":false},"excerpt":{"rendered":"<p>Introducing Our Factory Direct Supply Long Stroke Customized Telescopic Hydraulic Cylinder Our brand-new hydraulic cylinder is a state-of-the-art product that is ideal for use across various industries, such as manufacturing plants, machinery repair shops, farms, energy &amp; mining, machinery manufacturing, and machinery factories. With a weight of 40kg, this hydraulic cylinder features a maximum thrust [&hellip;]<\/p>","protected":false},"featured_media":1712,"comment_status":"closed","ping_status":"closed","template":"","meta":{"_et_pb_use_builder":"","_et_pb_old_content":"","_et_gb_content_width":""},"product_brand":[],"product_cat":[45],"product_tag":[34,48],"class_list":{"0":"post-1711","1":"product","2":"type-product","3":"status-publish","4":"has-post-thumbnail","6":"product_cat-inverted-telescopic-cylinder","7":"product_tag-hydraulic-cylinder","8":"product_tag-inverted-telescopic-cylinder","10":"first","11":"instock","12":"product-type-simple"},"_links":{"self":[{"href":"https:\/\/fmp-components.com\/hu\/wp-json\/wp\/v2\/product\/1711","targetHints":{"allow":["GET"]}}],"collection":[{"href":"https:\/\/fmp-components.com\/hu\/wp-json\/wp\/v2\/product"}],"about":[{"href":"https:\/\/fmp-components.com\/hu\/wp-json\/wp\/v2\/types\/product"}],"replies":[{"embeddable":true,"href":"https:\/\/fmp-components.com\/hu\/wp-json\/wp\/v2\/comments?post=1711"}],"wp:featuredmedia":[{"embeddable":true,"href":"https:\/\/fmp-components.com\/hu\/wp-json\/wp\/v2\/media\/1712"}],"wp:attachment":[{"href":"https:\/\/fmp-components.com\/hu\/wp-json\/wp\/v2\/media?parent=1711"}],"wp:term":[{"taxonomy":"product_brand","embeddable":true,"href":"https:\/\/fmp-components.com\/hu\/wp-json\/wp\/v2\/product_brand?post=1711"},{"taxonomy":"product_cat","embeddable":true,"href":"https:\/\/fmp-components.com\/hu\/wp-json\/wp\/v2\/product_cat?post=1711"},{"taxonomy":"product_tag","embeddable":true,"href":"https:\/\/fmp-components.com\/hu\/wp-json\/wp\/v2\/product_tag?post=1711"}],"curies":[{"name":"munkaf\u00fczet","href":"https:\/\/api.w.org\/{rel}","templated":true}]}}