{"id":1709,"date":"2024-12-23T07:01:59","date_gmt":"2024-12-23T07:01:59","guid":{"rendered":"https:\/\/fmp-components.com\/product\/professional-craftsmanship-customized-mini-hydraulic-cylinder-for-dump-truck\/"},"modified":"2025-05-10T13:00:55","modified_gmt":"2025-05-10T13:00:55","slug":"professional-craftsmanship-customized-mini-hydraulic-cylinder-for-dump-truck","status":"publish","type":"product","link":"https:\/\/fmp-components.com\/hu\/product\/professional-craftsmanship-customized-mini-hydraulic-cylinder-for-dump-truck\/","title":{"rendered":"Professzion\u00e1lis k\u00e9zm\u0171ves, testreszabott mini hidraulikus henger d\u00f6mperhez"},"content":{"rendered":"<h2>Professzion\u00e1lis k\u00e9zm\u0171ves, testreszabott mini hidraulikus henger d\u00f6mperekhez<\/h2>\n<p>Bemutatjuk cs\u00facskateg\u00f3ri\u00e1s, professzion\u00e1lis, k\u00e9zm\u0171ves, szem\u00e9lyre szabott mini hidraulikus henger\u00fcnket d\u00f6mperekhez. Ez az \u00faj \u00e9s innovat\u00edv tervez\u00e9s\u0171 hidraulikus henger ide\u00e1lis k\u00fcl\u00f6nf\u00e9le ipar\u00e1gak sz\u00e1m\u00e1ra, bele\u00e9rtve a gy\u00e1rt\u00f3\u00fczemeket, g\u00e9pjav\u00edt\u00f3 m\u0171helyeket, mez\u0151gazdas\u00e1gi \u00fczemeket, energia- \u00e9s b\u00e1ny\u00e1szatot, g\u00e9pgy\u00e1rt\u00e1st \u00e9s g\u00e9pgy\u00e1rakat. A berendez\u00e9s s\u00falya k\u00f6r\u00fclbel\u00fcl 43 kg, \u00e9s 1 \u00e9v garanci\u00e1val rendelkezik. F\u0151 alkot\u00f3elemei a csap\u00e1gy \u00e9s a dugatty\u00fahenger, amelyeket a legmagasabb szint\u0171 professzionalizmussal k\u00e9sz\u00edtettek.<\/p>\n<h2>A mini hidraulikus henger jellemz\u0151i<\/h2>\n<p>Mini hidraulikus henger\u00fcnk egy szabv\u00e1nyos dugatty\u00fas henger szerkezet, sz\u00e1mos kulcsfontoss\u00e1g\u00fa jellemz\u0151vel, amelyek megk\u00fcl\u00f6nb\u00f6ztetik:<\/p>\n<p><img decoding=\"async\" class=\"aligncenter\" src=\"https:\/\/hzpt.com\/wp-content\/uploads\/2023\/11\/Inverted-Telescopic-Cylinder-18.webp\" alt=\"Ford\u00edtott teleszk\u00f3pos henger\" title=\"\"><\/p>\n<ol>\n<li>\n<ol>\n<li><b>Hatalom:<\/b> Hidraulikus er\u0151vel m\u0171k\u00f6dik, \u00edgy biztos\u00edtva a hat\u00e9kony teljes\u00edtm\u00e9nyt.<\/li>\n<li><b>Test anyaga:<\/b> A henger teste kiv\u00e1l\u00f3 min\u0151s\u00e9g\u0171 ac\u00e9lb\u00f3l k\u00e9sz\u00fclt, ami tart\u00f3ss\u00e1got \u00e9s hossz\u00fa \u00e9lettartamot biztos\u00edt.<\/li>\n<li><b>Max. tol\u00f3er\u0151:<\/b> Maxim\u00e1lis tol\u00f3ereje 3000 Nm, ami b\u0151s\u00e9ges er\u0151t biztos\u00edt a neh\u00e9z feladatokhoz.<\/li>\n<li><b>T\u00edpus:<\/b> Ez egy ford\u00edtott teleszk\u00f3pos henger, amely kompakt kialak\u00edt\u00e1s\u00e1r\u00f3l \u00e9s nagy hat\u00e9konys\u00e1g\u00e1r\u00f3l ismert.<\/li>\n<li><b>Portok:<\/b> Henger\u00fcnk t\u00f6bbf\u00e9le csatlakoz\u00f3val kaphat\u00f3 \u2013 G, SAE, NPT, M.<\/li>\n<\/ol>\n<\/li>\n<\/ol>\n<h2>A mini hidraulikus henger alkalmaz\u00e1sai<\/h2>\n<p>A mini hidraulikus henger sokoldal\u00fa, \u00e9s sz\u00e1mos alkalmaz\u00e1sban haszn\u00e1lhat\u00f3:<\/p>\n<ol>\n<li>Gy\u00e1rt\u00f3\u00fczemek: Neh\u00e9zg\u00e9pek \u00fczemeltet\u00e9s\u00e9hez \u00e9s gy\u00e1rt\u00f3sorokhoz.<\/li>\n<li>G\u00e9pjav\u00edt\u00f3 m\u0171helyek: Nagy teherb\u00edr\u00e1s\u00fa g\u00e9pek jav\u00edt\u00e1s\u00e1hoz \u00e9s fel\u00faj\u00edt\u00e1s\u00e1hoz.<\/li>\n<li>Gazdas\u00e1gok: Mez\u0151gazdas\u00e1gi g\u00e9pek \u00e9s berendez\u00e9sek \u00fczemeltet\u00e9s\u00e9hez.<\/li>\n<li>Energia \u00e9s b\u00e1ny\u00e1szat: Kitermel\u00e9shez \u00e9s energiatermel\u00e9si folyamatokhoz.<\/li>\n<li>G\u00e9pgy\u00e1rt\u00e1s \u00e9s G\u00e9pgy\u00e1r: G\u00e9palkatr\u00e9szek gy\u00e1rt\u00e1sa \u00e9s \u00f6sszeszerel\u00e9se.<\/li>\n<\/ol>\n<p><img decoding=\"async\" src=\"https:\/\/hzpt.com\/wp-content\/uploads\/2023\/11\/Inverted-Telescopic-Cylinder-Applications.webp\" alt=\"Ford\u00edtott teleszk\u00f3pos henger alkalmaz\u00e1sok\" title=\"\"><\/p>\n<h2>A mini hidraulikus henger m\u0171k\u00f6d\u00e9si elve \u00e9s karbantart\u00e1sa<\/h2>\n<p>A Mini Hidraulikus Henger a folyad\u00e9kmechanika elv\u00e9n m\u0171k\u00f6dik. Hidraulikus folyad\u00e9k bemenet\u00e9t haszn\u00e1lja a dugatty\u00fan kereszt\u00fcl kimen\u0151 er\u0151 l\u00e9trehoz\u00e1s\u00e1hoz. Ezt az er\u0151t ezut\u00e1n k\u00fcl\u00f6nf\u00e9le alkalmaz\u00e1sokban haszn\u00e1lj\u00e1k fel. A rendszeres karbantart\u00e1s elengedhetetlen a Mini Hidraulikus Henger hossz\u00fa \u00e9lettartam\u00e1hoz \u00e9s optim\u00e1lis teljes\u00edtm\u00e9ny\u00e9hez. Ez mag\u00e1ban foglalja a rendszeres ellen\u0151rz\u00e9st, tiszt\u00edt\u00e1st, ken\u00e9st, rendszeres ellen\u0151rz\u00e9seket \u00e9s jav\u00edt\u00e1sokat, a t\u00f6m\u00edt\u00e9sek cser\u00e9j\u00e9t, valamint a kezel\u00e9si \u00fatmutat\u00f3 utas\u00edt\u00e1sainak betart\u00e1s\u00e1t.<\/p>\n<p><img decoding=\"async\" class=\"aligncenter\" src=\"https:\/\/hzpt.com\/wp-content\/uploads\/2023\/11\/Inverted-Telescopic-Cylinder-15.webp\" alt=\"Ford\u00edtott teleszk\u00f3pos henger\" title=\"\"><\/p>\n<h2>Ford\u00edtott teleszk\u00f3pos henger<\/h2>\n<p>A professzion\u00e1lis, k\u00e9zm\u0171ves gy\u00e1rt\u00e1s\u00fa, egyedi mini hidraulikus henger d\u00f6mperekhez, az inverz teleszk\u00f3pos henger egy innovat\u00edv hidraulikus rendszeralkatr\u00e9sz, amely kulcsszerepet j\u00e1tszik a d\u00f6mperek hat\u00e9kony m\u0171k\u00f6d\u00e9s\u00e9ben. Egyedi kialak\u00edt\u00e1s\u00e1nak \u00e9s funkcionalit\u00e1s\u00e1nak k\u00f6sz\u00f6nhet\u0151en ez a henger fokozott teljes\u00edtm\u00e9nyt \u00e9s tart\u00f3ss\u00e1got k\u00edn\u00e1l, \u00edgy kedvelt v\u00e1laszt\u00e1s a k\u00fcl\u00f6nf\u00e9le neh\u00e9z teherb\u00edr\u00e1s\u00fa alkalmaz\u00e1sokhoz.<\/p>\n<h3>1. Bevezet\u00e9s a ford\u00edtott teleszk\u00f3pos hengerbe<\/h3>\n<p>A ford\u00edtott teleszk\u00f3pos henger, m\u00e1s n\u00e9ven t\u00f6bbfokozat\u00fa hidraulikus henger vagy kett\u0151s m\u0171k\u00f6d\u00e9s\u0171 teleszk\u00f3pos henger, kifejezetten a d\u00f6mperek \u00fczemeltet\u00e9s\u00e9hez kompakt \u00e9s megb\u00edzhat\u00f3 megold\u00e1st k\u00edn\u00e1l. A hagyom\u00e1nyos egyfokozat\u00fa hengerekkel ellent\u00e9tben ez a henger t\u00f6bb, egym\u00e1sba \u00e1gyazott fokozatb\u00f3l \u00e1ll, ami nagyobb l\u00f6kethosszt tesz lehet\u0151v\u00e9 a hely fel\u00e1ldoz\u00e1sa n\u00e9lk\u00fcl.<\/p>\n<p>Ezt a t\u00edpus\u00fa hengert gyakran haszn\u00e1lj\u00e1k d\u00f6mperekben a d\u00f6mperek plat\u00f3j\u00e1nak vagy kont\u00e9ner\u00e9nek emel\u00e9s\u00e9re \u00e9s s\u00fcllyeszt\u00e9s\u00e9re. Nagy er\u0151kifejt\u00e9sre k\u00e9pes, mik\u00f6zben meg\u0151rzi kompakt m\u00e9ret\u00e9t, \u00edgy ide\u00e1lis nagy teherb\u00edr\u00e1s\u00fa emel\u00e9si \u00e9s \u00fcr\u00edt\u00e9si alkalmaz\u00e1sokhoz.<\/p>\n<h3>2. Design \u00e9s funkcionalit\u00e1s<\/h3>\n<p>A ford\u00edtott teleszk\u00f3pos henger t\u00f6bb fokozatb\u00f3l \u00e1ll, ahol minden fokozat az el\u0151z\u0151be cs\u00faszik. A fokozatokat egy dugatty\u00far\u00fad k\u00f6ti \u00f6ssze, amely kiny\u00falik \u00e9s visszah\u00faz\u00f3dik a henger mozg\u00e1s\u00e1nak szab\u00e1lyoz\u00e1s\u00e1ra. A legk\u00fcls\u0151 fokozat \u00e1tm\u00e9r\u0151je jellemz\u0151en a legnagyobb, m\u00edg a bels\u0151 fokozatok m\u00e9rete fokozatosan cs\u00f6kken.<\/p>\n<p>Amikor a henger kiny\u00falik, a hidraulikafolyad\u00e9k a bemeneti ny\u00edl\u00e1son kereszt\u00fcl bel\u00e9p a hengerbe, nyom\u00e1st gyakorolva a dugatty\u00fara. Ez a nyom\u00e1s a dugatty\u00fat \u00e9s a csatlakoztatott fokozatokat kifel\u00e9 mozdul\u00e1sra k\u00e9szteti, meghosszabb\u00edtva a henger teljes hossz\u00e1t. Ford\u00edtva, amikor a hengert visszah\u00fazz\u00e1k, a hidraulikafolyad\u00e9k a kimeneti ny\u00edl\u00e1son kereszt\u00fcl t\u00e1vozik a hengerb\u0151l, lehet\u0151v\u00e9 t\u00e9ve a dugatty\u00fa visszah\u00faz\u00f3d\u00e1s\u00e1t \u00e9s a fokozatok egym\u00e1sba oml\u00e1s\u00e1t.<\/p>\n<p>Ez az egyedi kialak\u00edt\u00e1s lehet\u0151v\u00e9 teszi, hogy a ford\u00edtott teleszk\u00f3pos henger hosszabb l\u00f6kethosszt biztos\u00edtson a hagyom\u00e1nyos egyfokozat\u00fa hengerekhez k\u00e9pest, mik\u00f6zben tov\u00e1bbra is kompakt m\u00e9retet biztos\u00edt. Ezenk\u00edv\u00fcl a fokozatok teleszk\u00f3pos elrendez\u00e9se jobb stabilit\u00e1st \u00e9s ellen\u00e1ll\u00e1st biztos\u00edt az oldalir\u00e1ny\u00fa terhel\u00e9sekkel szemben, biztos\u00edtva a z\u00f6kken\u0151mentes \u00e9s hat\u00e9kony m\u0171k\u00f6d\u00e9st m\u00e9g neh\u00e9z k\u00f6r\u00fclm\u00e9nyek k\u00f6z\u00f6tt is.<\/p>\n<h3>3. El\u0151ny\u00f6k \u00e9s alkalmaz\u00e1sok<\/h3>\n<p>A ford\u00edtott teleszk\u00f3pos henger sz\u00e1mos el\u0151nnyel j\u00e1r, amelyek miatt el\u0151nyben r\u00e9szes\u00edtik a d\u00f6mperek alkalmaz\u00e1s\u00e1ban:<\/p>\n<ul>\n<li><strong>Nagy teljes\u00edtm\u00e9ny\u0171 kimenet:<\/strong> T\u00f6bbl\u00e9pcs\u0151s kialak\u00edt\u00e1s\u00e1nak k\u00f6sz\u00f6nhet\u0151en ez a henger nagy er\u0151kifejt\u00e9sre k\u00e9pes, \u00edgy alkalmas neh\u00e9z emel\u00e9si \u00e9s \u00fcr\u00edt\u00e9si feladatokra.<\/li>\n<li><strong>Kompakt m\u00e9ret:<\/strong> A fokozatok egym\u00e1sba \u00e1gyazott elrendez\u00e9se lehet\u0151v\u00e9 teszi a henger hosszabb l\u00f6kethossz\u00e1t an\u00e9lk\u00fcl, hogy t\u00falzott helyet foglalna el, \u00edgy ide\u00e1lis a korl\u00e1tozott beszerel\u00e9si hellyel rendelkez\u0151 j\u00e1rm\u0171vekhez.<\/li>\n<li><strong>Fokozott stabilit\u00e1s:<\/strong> A teleszk\u00f3pos kialak\u00edt\u00e1s fokozott stabilit\u00e1st \u00e9s ellen\u00e1ll\u00e1st biztos\u00edt az oldalir\u00e1ny\u00fa terhel\u00e9sekkel szemben, biztos\u00edtva a sima \u00e9s prec\u00edz m\u0171k\u00f6d\u00e9st.<\/li>\n<li><strong>Tart\u00f3s \u00e9s megb\u00edzhat\u00f3:<\/strong> Professzion\u00e1lis kivitelez\u00e9ssel k\u00e9sz\u00fclt, ez a henger zord k\u00f6r\u00fclm\u00e9nyek \u00e9s nagy ig\u00e9nybev\u00e9tel elvisel\u00e9s\u00e9re lett tervezve, hossz\u00fa \u00e9lettartamot biztos\u00edtva.<\/li>\n<\/ul>\n<p>A d\u00f6mpereken k\u00edv\u00fcl a ford\u00edtott teleszk\u00f3pos hengert sz\u00e1mos m\u00e1s ipari alkalmaz\u00e1sban is haszn\u00e1lj\u00e1k, bele\u00e9rtve az anyagmozgat\u00f3 berendez\u00e9seket, a mez\u0151gazdas\u00e1gi g\u00e9peket \u00e9s az \u00e9p\u00edt\u0151ipari berendez\u00e9seket.<\/p>\n<p>\u00d6sszefoglalva, a ford\u00edtott teleszk\u00f3pos henger egy sokoldal\u00fa \u00e9s hat\u00e9kony hidraulikus rendszeralkatr\u00e9sz, amely fokozott teljes\u00edtm\u00e9nyt \u00e9s tart\u00f3ss\u00e1got k\u00edn\u00e1l. Egyedi kialak\u00edt\u00e1sa \u00e9s funkcionalit\u00e1sa kiv\u00e1l\u00f3 v\u00e1laszt\u00e1ss\u00e1 teszi d\u00f6mperek \u00fczemeltet\u00e9s\u00e9hez \u00e9s egy\u00e9b neh\u00e9z teherg\u00e9pj\u00e1rm\u0171vekhez. Professzion\u00e1lis kidolgoz\u00e1s\u00e1nak \u00e9s egyedi megk\u00f6zel\u00edt\u00e9s\u00e9nek k\u00f6sz\u00f6nhet\u0151en ez a henger optim\u00e1lis teljes\u00edtm\u00e9nyt \u00e9s megb\u00edzhat\u00f3s\u00e1got biztos\u00edt ig\u00e9nyes k\u00f6rnyezetben.<\/p>\n<h3>Az FMP-r\u0151l \u2013 Hidraulikus henger<\/h3>\n<p>Az FMP-n\u00e9l kiv\u00e1l\u00f3 min\u0151s\u00e9g\u0171 \u00e9p\u00edt\u0151ipari g\u00e9palkatr\u00e9szek \u00e9s komplett g\u00e9pek \u00e9rt\u00e9kes\u00edt\u00e9s\u00e9re \u00e9s szervizel\u00e9s\u00e9re szakosodtunk. Hidraulikus henger\u00fcnk az egyik legn\u00e9pszer\u0171bb term\u00e9k\u00fcnk, \u00e9s j\u00f3 okkal. \u00cdme \u00f6t ok, ami\u00e9rt az FMP hidraulikus hengere a legjobb v\u00e1laszt\u00e1s \u00e9p\u00edt\u0151ipari g\u00e9peihez:<\/p>\n<p>1. <strong>Kiv\u00e1l\u00f3 min\u0151s\u00e9g\u0171 anyagok<\/strong>Hidraulikus henger\u00fcnk tart\u00f3s \u00e9s megb\u00edzhat\u00f3 anyagokb\u00f3l k\u00e9sz\u00fcl, \u00edgy biztos\u00edtva a hossz\u00fa t\u00e1v\u00fa teljes\u00edtm\u00e9nyt \u00e9s a minim\u00e1lis karbantart\u00e1si ig\u00e9nyt.<\/p>\n<p>2. <strong>Testreszabhat\u00f3 be\u00e1ll\u00edt\u00e1sok<\/strong>\u00c1ll\u00edthat\u00f3 kengyeles hengereket, valamint egy\u00e9b testreszabhat\u00f3 opci\u00f3kat k\u00edn\u00e1lunk, hogy megfelelj\u00fcnk az \u00d6n egyedi ig\u00e9nyeinek. \u00c9p\u00edt\u0151ipari g\u00e9palkatr\u00e9szek ter\u00e9n szerzett szak\u00e9rtelm\u00fcnkkel egy\u00fcttm\u0171k\u00f6dve megtal\u00e1ljuk \u00d6nnel a legjobb megold\u00e1st az \u00d6n berendez\u00e9s\u00e9hez.<\/p>\n<p>3. <strong>Szak\u00e9rt\u0151i csapat<\/strong>Tapasztalt \u00e9s k\u00e9pzett \u00e9rt\u00e9kes\u00edt\u00e9si csapatunk ismeri az \u00e9p\u00edt\u0151ipari g\u00e9pipar leg\u00fajabb ipar\u00e1gi trendjeit \u00e9s \u00fcgyf\u00e9lig\u00e9nyeit. Professzion\u00e1lis term\u00e9ktan\u00e1csad\u00e1st \u00e9s intelligens v\u00e1s\u00e1rl\u00e1si javaslatokat tudnak ny\u00fajtani, hogy seg\u00edtsenek \u00d6nnek a legjobb d\u00f6nt\u00e9st meghozni v\u00e1llalkoz\u00e1sa sz\u00e1m\u00e1ra.<\/p>\n<p>4. <strong>Hat\u00e9kony logisztika<\/strong>Hat\u00e9kony logisztikai eloszt\u00e1si rendszerrel rendelkez\u00fcnk annak \u00e9rdek\u00e9ben, hogy \u00fcgyfeleink id\u0151ben \u00e9s pontosan megkapj\u00e1k a sz\u00fcks\u00e9ges alkatr\u00e9szeket. Ez minim\u00e1lis \u00e1ll\u00e1sid\u0151t jelent az \u00e9p\u00edt\u0151ipari g\u00e9pei sz\u00e1m\u00e1ra, \u00e9s z\u00f6kken\u0151mentes m\u0171k\u00f6d\u00e9st biztos\u00edt v\u00e1llalkoz\u00e1sa sz\u00e1m\u00e1ra.<\/p>\n<p>5. <strong>Szigor\u00fa min\u0151s\u00e9gellen\u0151rz\u00e9s<\/strong>Hossz\u00fa t\u00e1v\u00fa \u00e9s stabil egy\u00fcttm\u0171k\u00f6d\u00e9si kapcsolatokat \u00e9p\u00edt\u00fcnk ki sz\u00e1mos kiv\u00e1l\u00f3 min\u0151s\u00e9g\u0171 besz\u00e1ll\u00edt\u00f3val belf\u00f6ld\u00f6n \u00e9s k\u00fclf\u00f6ld\u00f6n, biztos\u00edtva, hogy minden besz\u00e1ll\u00edtott alkatr\u00e9sz, bele\u00e9rtve a hidraulikus henger\u00fcnket is, megfeleljen a szigor\u00fa min\u0151s\u00e9gi el\u0151\u00edr\u00e1soknak.<\/p>\n<p>Az FMP hidraulikus henger\u00e9vel biztos lehet \u00e9p\u00edt\u0151ipari g\u00e9pei min\u0151s\u00e9g\u00e9ben \u00e9s megb\u00edzhat\u00f3s\u00e1g\u00e1ban. L\u00e9pjen kapcsolatba vel\u00fcnk m\u00e9g ma, hogy t\u00f6bbet megtudjon term\u00e9keinkr\u0151l \u00e9s arr\u00f3l, hogyan seg\u00edthet\u00fcnk megtal\u00e1lni az \u00d6n \u00fczleti ig\u00e9nyeinek legink\u00e1bb megfelel\u0151 megold\u00e1sokat.<\/p>\n<p><img decoding=\"async\" class=\"aligncenter\" src=\"https:\/\/fmp-components.com\/wp-content\/uploads\/2024\/12\/Adjustable-Clevis-Type-Cylinders-6.webp\" alt=\"\u00c1ll\u00edthat\u00f3 kengyeles henger\" width=\"853\" title=\"\"><br \/>\nSzerz\u0151: CX<\/p>","protected":false},"excerpt":{"rendered":"<p>Professional Craftsmanship Customized Mini Hydraulic Cylinder for Dump Trucks Introducing our top-of-the-line Professional Craftsmanship Customized Mini Hydraulic Cylinder for Dump Trucks. This new and innovatively designed hydraulic cylinder is ideal for various industries including manufacturing plants, machinery repair shops, farms, energy and mining, machinery manufacturing, and machinery factories. The equipment weighs approximately 43 KG and [&hellip;]<\/p>","protected":false},"featured_media":1710,"comment_status":"closed","ping_status":"closed","template":"","meta":{"_et_pb_use_builder":"","_et_pb_old_content":"","_et_gb_content_width":""},"product_brand":[],"product_cat":[45],"product_tag":[34,48],"class_list":{"0":"post-1709","1":"product","2":"type-product","3":"status-publish","4":"has-post-thumbnail","6":"product_cat-inverted-telescopic-cylinder","7":"product_tag-hydraulic-cylinder","8":"product_tag-inverted-telescopic-cylinder","10":"first","11":"instock","12":"product-type-simple"},"_links":{"self":[{"href":"https:\/\/fmp-components.com\/hu\/wp-json\/wp\/v2\/product\/1709","targetHints":{"allow":["GET"]}}],"collection":[{"href":"https:\/\/fmp-components.com\/hu\/wp-json\/wp\/v2\/product"}],"about":[{"href":"https:\/\/fmp-components.com\/hu\/wp-json\/wp\/v2\/types\/product"}],"replies":[{"embeddable":true,"href":"https:\/\/fmp-components.com\/hu\/wp-json\/wp\/v2\/comments?post=1709"}],"wp:featuredmedia":[{"embeddable":true,"href":"https:\/\/fmp-components.com\/hu\/wp-json\/wp\/v2\/media\/1710"}],"wp:attachment":[{"href":"https:\/\/fmp-components.com\/hu\/wp-json\/wp\/v2\/media?parent=1709"}],"wp:term":[{"taxonomy":"product_brand","embeddable":true,"href":"https:\/\/fmp-components.com\/hu\/wp-json\/wp\/v2\/product_brand?post=1709"},{"taxonomy":"product_cat","embeddable":true,"href":"https:\/\/fmp-components.com\/hu\/wp-json\/wp\/v2\/product_cat?post=1709"},{"taxonomy":"product_tag","embeddable":true,"href":"https:\/\/fmp-components.com\/hu\/wp-json\/wp\/v2\/product_tag?post=1709"}],"curies":[{"name":"munkaf\u00fczet","href":"https:\/\/api.w.org\/{rel}","templated":true}]}}