{"id":1705,"date":"2024-12-23T07:01:59","date_gmt":"2024-12-23T07:01:59","guid":{"rendered":"https:\/\/fmp-components.com\/product\/hot-sale-10-ton-dump-truck-telescope-hydraulic-cylinder\/"},"modified":"2024-12-23T07:53:10","modified_gmt":"2024-12-23T07:53:10","slug":"hot-sale-10-ton-dump-truck-telescope-hydraulic-cylinder","status":"publish","type":"product","link":"https:\/\/fmp-components.com\/hu\/product\/hot-sale-10-ton-dump-truck-telescope-hydraulic-cylinder\/","title":{"rendered":"Forr\u00f3 elad\u00f3 10 tonn\u00e1s d\u00f6mper teleszk\u00f3p hidraulikus henger"},"content":{"rendered":"<p>A Hot Sale 10 tonn\u00e1s d\u00f6mperaut\u00f3 teleszk\u00f3pos hidraulikus henger egy kiv\u00e1l\u00f3 min\u0151s\u00e9g\u0171 \u00e9s megb\u00edzhat\u00f3 term\u00e9k, amely elengedhetetlen a d\u00f6mperekhez. Kiv\u00e1l\u00f3 kialak\u00edt\u00e1s\u00e1nak \u00e9s fejlett technol\u00f3gi\u00e1j\u00e1nak k\u00f6sz\u00f6nhet\u0151en ez a hidraulikus henger kiv\u00e9teles teljes\u00edtm\u00e9nyt \u00e9s tart\u00f3ss\u00e1got k\u00edn\u00e1l.<\/p>\n<p>Kifejezetten d\u00f6mperekhez tervezett teleszk\u00f3pos hidraulikus munkahenger ak\u00e1r 10 tonn\u00e1s terhek emel\u00e9s\u00e9re is k\u00e9pes. Robusztus konstrukci\u00f3ja hossz\u00fa \u00e9lettartamot biztos\u00edt m\u00e9g a legnehezebb munkak\u00f6r\u00fclm\u00e9nyek k\u00f6z\u00f6tt is. A henger kiv\u00e1l\u00f3 min\u0151s\u00e9g\u0171 anyagokb\u00f3l k\u00e9sz\u00fclt, amelyek kiv\u00e1l\u00f3an ellen\u00e1llnak a korr\u00f3zi\u00f3nak \u00e9s a kop\u00e1snak, biztos\u00edtva, hogy hossz\u00fa ideig optim\u00e1lis \u00e1llapotban maradjon.<\/p>\n<p>Ennek a hidraulikus munkahengernek az egyik legfontosabb jellemz\u0151je a teleszk\u00f3pos kialak\u00edt\u00e1s, amely lehet\u0151v\u00e9 teszi az anyagok egyszer\u0171 \u00e9s hat\u00e9kony emel\u00e9s\u00e9t \u00e9s \u00fcr\u00edt\u00e9s\u00e9t. A henger t\u00f6bb szakaszb\u00f3l \u00e1ll, amelyek sz\u00fcks\u00e9g szerint kiny\u00falhatnak \u00e9s visszah\u00faz\u00f3dhatnak, biztos\u00edtva a sz\u00fcks\u00e9ges er\u0151t a d\u00f6mper plat\u00f3j\u00e1nak sima \u00e9s biztons\u00e1gos emel\u00e9s\u00e9hez \u00e9s s\u00fcllyeszt\u00e9s\u00e9hez.<\/p>\n<p>A Hot Sale 10 tonn\u00e1s d\u00f6mperaut\u00f3 teleszk\u00f3pos hidraulikus hengere megb\u00edzhat\u00f3 hidraulikus rendszerrel van felszerelve, amely lehet\u0151v\u00e9 teszi a sima m\u0171k\u00f6d\u00e9st \u00e9s a prec\u00edz vez\u00e9rl\u00e9st. A hidraulikus rendszer biztos\u00edtja a henger z\u00f6kken\u0151mentes mozg\u00e1s\u00e1t, lehet\u0151v\u00e9 t\u00e9ve a prec\u00edz pozicion\u00e1l\u00e1st \u00e9s az anyagok hat\u00e9kony \u00fcr\u00edt\u00e9s\u00e9t.<\/p>\n<p>Kiv\u00e9teles teljes\u00edtm\u00e9nye mellett ez a hidraulikus henger k\u00f6nnyen telep\u00edthet\u0151 \u00e9s karbantarthat\u00f3 is. Minden sz\u00fcks\u00e9ges alkatr\u00e9sszel \u00e9s telep\u00edt\u00e9si utas\u00edt\u00e1ssal egy\u00fctt \u00e9rkezik, \u00edgy a folyamat gyors \u00e9s probl\u00e9mamentes. A henger rendszeres karbantart\u00e1sa biztos\u00edtja a hossz\u00fa \u00e9lettartamot \u00e9s az optim\u00e1lis teljes\u00edtm\u00e9nyt.<\/p>\n<table style=\"width: 100%;\" border=\"1\" width=\"100%\" cellspacing=\"0\" cellpadding=\"0\">\n<tbody>\n<tr>\n<th>Term\u00e9k neve<\/th>\n<td>Forr\u00f3 elad\u00f3 10 tonn\u00e1s d\u00f6mper teleszk\u00f3p hidraulikus henger<\/td>\n<\/tr>\n<tr>\n<th>\u00c1llapot<\/th>\n<td>Vadonat\u00faj<\/td>\n<\/tr>\n<tr>\n<th>Garancia<\/th>\n<td>1 \u00e9v<\/td>\n<\/tr>\n<tr>\n<th>Emel\u00e9si kapacit\u00e1s<\/th>\n<td>10 tonna<\/td>\n<\/tr>\n<tr>\n<th>Tervez\u00e9s<\/th>\n<td>Teleszk\u00f3pos<\/td>\n<\/tr>\n<tr>\n<th>Tart\u00f3ss\u00e1g<\/th>\n<td>Robusztus konstrukci\u00f3<\/td>\n<\/tr>\n<tr>\n<th>Alkalmazhat\u00f3 ipar\u00e1gak<\/th>\n<td>\u00c9p\u00edt\u0151ipar, B\u00e1ny\u00e1szat, Sz\u00e1ll\u00edt\u00e1s, Gy\u00e1rt\u00f3\u00fczemek, G\u00e9pjav\u00edt\u00f3 m\u0171helyek, Mez\u0151gazdas\u00e1g, Energia \u00e9s b\u00e1ny\u00e1szat<\/td>\n<\/tr>\n<tr>\n<th>Min\u0151s\u00e9gbiztos\u00edt\u00e1s<\/th>\n<td>Vide\u00f3s kimen\u0151 ellen\u0151rz\u00e9si \u00e9s g\u00e9ptesztel\u00e9si jelent\u00e9s<\/td>\n<\/tr>\n<tr>\n<th>Teljes\u00edtm\u00e9ny<\/th>\n<td>Kiv\u00e1l\u00f3 teljes\u00edtm\u00e9ny \u00e9s megn\u00f6vekedett termel\u00e9kenys\u00e9g<\/td>\n<\/tr>\n<\/tbody>\n<\/table>\n<h2>A 10 tonn\u00e1s d\u00f6mperaut\u00f3 teleszk\u00f3pos hidraulikus henger\u00e9nek jellemz\u0151i<\/h2>\n<p><img decoding=\"async\" src=\"https:\/\/hzpt.com\/wp-content\/uploads\/2023\/11\/Inverted-Telescopic-Cylinder-9.webp\" alt=\"\" title=\"\"><\/p>\n<ol>\n<li>Standard \u00e9s nem szabv\u00e1nyos: Standard fel\u00e9p\u00edt\u00e9s\u0171, \u00edgy kompatibilis a k\u00fcl\u00f6nf\u00e9le g\u00e9pkonfigur\u00e1ci\u00f3kkal.<\/li>\n<li>Nagy teljes\u00edtm\u00e9ny: A hidraulikus henger hidraulikus er\u0151vel m\u0171k\u00f6dik, \u00edgy biztos\u00edtva a hat\u00e9kony \u00e9s nagy teljes\u00edtm\u00e9nyt.<\/li>\n<li>Tart\u00f3s testanyag: A henger ac\u00e9lb\u00f3l k\u00e9sz\u00fclt, ami tart\u00f3ss\u00e1got \u00e9s kop\u00e1s\u00e1ll\u00f3s\u00e1got biztos\u00edt.<\/li>\n<li>Testreszabhat\u00f3: A henger k\u00fcl\u00f6nb\u00f6z\u0151 furatm\u00e9retekben, r\u00fadm\u00e9retekben, l\u00f6ketm\u00e9retekben \u00e9s csapm\u00e9retekben kaphat\u00f3, \u00edgy a felhaszn\u00e1l\u00f3k a saj\u00e1t ig\u00e9nyeiknek megfelel\u0151en testre szabhatj\u00e1k.<\/li>\n<li>Tan\u00fas\u00edtott: A hidraulikus henger ISO9001:2000 tan\u00fas\u00edtv\u00e1nnyal rendelkezik, ami biztos\u00edtja a min\u0151s\u00e9g\u00e9t \u00e9s megb\u00edzhat\u00f3s\u00e1g\u00e1t.<\/li>\n<\/ol>\n<h2>A 10 tonn\u00e1s d\u00f6mperaut\u00f3 teleszk\u00f3pos hidraulikus henger\u00e9nek alkalmaz\u00e1sai<\/h2>\n<ol>\n<li>Gy\u00e1rt\u00f3\u00fczem: K\u00fcl\u00f6nb\u00f6z\u0151 m\u0171veletekhez \u00e9s feladatokhoz haszn\u00e1lj\u00e1k egy gy\u00e1rt\u00f3\u00fczemen bel\u00fcl.<\/li>\n<li>G\u00e9pjav\u00edt\u00f3 m\u0171helyek: N\u00e9lk\u00fcl\u00f6zhetetlenek a g\u00e9pek jav\u00edt\u00e1s\u00e1hoz \u00e9s cser\u00e9j\u00e9hez.<\/li>\n<li>Mez\u0151gazdas\u00e1g: Neh\u00e9z teherb\u00edr\u00e1s\u00fa mez\u0151gazdas\u00e1gi g\u00e9pekben haszn\u00e1lj\u00e1k k\u00fcl\u00f6nf\u00e9le mez\u0151gazdas\u00e1gi feladatokhoz.<\/li>\n<li>Energia \u00e9s b\u00e1ny\u00e1szat: B\u00e1ny\u00e1szati \u200b\u200bberendez\u00e9sekben \u00e9s energiatermel\u0151 g\u00e9pekben haszn\u00e1lj\u00e1k.<\/li>\n<li>G\u00e9pgy\u00e1rt\u00e1s: K\u00fcl\u00f6nb\u00f6z\u0151 g\u00e9pgy\u00e1rt\u00e1si folyamatok szerves r\u00e9sze.<\/li>\n<\/ol>\n<p><img decoding=\"async\" src=\"https:\/\/hzpt.com\/wp-content\/uploads\/2023\/11\/Inverted-Telescopic-Cylinder-Applications.webp\" alt=\"A 10 tonn\u00e1s d\u00f6mperaut\u00f3 teleszk\u00f3pos hidraulikus henger\u00e9nek alkalmaz\u00e1sai\" title=\"\"><\/p>\n<h2>A 10 tonn\u00e1s d\u00f6mperaut\u00f3 teleszk\u00f3pos hidraulikus henger\u00e9nek m\u0171k\u00f6d\u00e9si elve \u00e9s karbantart\u00e1sa<\/h2>\n<ol>\n<li>Konfigur\u00e1ci\u00f3: A hidraulikus henger f\u0151 alkatr\u00e9szekb\u0151l \u00e1ll, bele\u00e9rtve a csap\u00e1gyakat \u00e9s a dugatty\u00fas hengereket.<\/li>\n<li>Hidraulikus folyad\u00e9k bemenet: A henger hidraulikus energi\u00e1val m\u0171k\u00f6dik, ahol a folyad\u00e9k a rendszer kulcsfontoss\u00e1g\u00fa mozgat\u00f3eleme.<\/li>\n<li>Kimen\u0151 er\u0151: A henger maxim\u00e1lis tol\u00f3ereje 3000 tonna, maxim\u00e1lis h\u00faz\u00f3ereje pedig 20 tonna, \u00edgy b\u00e1rmilyen g\u00e9p er\u0151teljes alkatr\u00e9sze.<\/li>\n<li>Karbantart\u00e1s: A henger hat\u00e9kony m\u0171k\u00f6d\u00e9s\u00e9hez elengedhetetlen a rendszeres ellen\u0151rz\u00e9s \u00e9s tiszt\u00edt\u00e1s. Az alkatr\u00e9szek z\u00f6kken\u0151mentes m\u0171k\u00f6d\u00e9s\u00e9hez a megfelel\u0151 ken\u00e9s is sz\u00fcks\u00e9ges.<\/li>\n<li>T\u00f6m\u00edt\u00e9scsere: Id\u0151vel a henger t\u00f6m\u00edt\u00e9sei elkophatnak. A t\u00f6m\u00edt\u00e9sek rendszeres cser\u00e9je biztos\u00edthatja a henger hosszabb \u00e9lettartam\u00e1t \u00e9s jobb teljes\u00edtm\u00e9ny\u00e9t.<\/li>\n<\/ol>\n<h2>Ford\u00edtott teleszk\u00f3pos henger<\/h2>\n<p>A hidraulikus rendszerek ter\u00fclet\u00e9n az invert\u00e1lt teleszk\u00f3pos henger egy egyedi \u00e9s innovat\u00edv kialak\u00edt\u00e1s, amely sz\u00e1mos el\u0151nnyel rendelkezik a hagyom\u00e1nyos hidraulikus hengerekkel szemben. Sz\u00e9les k\u00f6rben haszn\u00e1lj\u00e1k k\u00fcl\u00f6nb\u00f6z\u0151 ipar\u00e1gakban, bele\u00e9rtve az \u00e9p\u00edt\u0151ipart, a b\u00e1ny\u00e1szatot \u00e9s a sz\u00e1ll\u00edtm\u00e1nyoz\u00e1st. Fedezz\u00fck fel ennek a figyelemre m\u00e9lt\u00f3 hidraulikus alkatr\u00e9sznek a jellemz\u0151it \u00e9s el\u0151nyeit:<\/p>\n<h3>1. Szerkezet \u00e9s m\u0171k\u00f6d\u00e9si elv<\/h3>\n<p>A ford\u00edtott teleszk\u00f3pos henger egym\u00e1sba \u00e1gyazott hengeres cs\u00f6vek sorozat\u00e1b\u00f3l \u00e1ll, amelyek egym\u00e1sba ny\u00falnak \u00e9s h\u00faz\u00f3dnak. A legk\u00fcls\u0151 cs\u0151 a legnagyobb, \u00e9s ebben tal\u00e1lhat\u00f3k a kisebb cs\u00f6vek. Ez a kialak\u00edt\u00e1s kompakt \u00e9s helytakar\u00e9kos hidraulikus rendszert tesz lehet\u0151v\u00e9.<\/p>\n<p>Hidraulikus nyom\u00e1s alkalmaz\u00e1sakor a legbels\u0151 cs\u0151 kiny\u00falik, kifel\u00e9 tolva a szomsz\u00e9dos cs\u00f6vet. Ez a folyamat addig folytat\u00f3dik, am\u00edg el nem \u00e9ri a k\u00edv\u00e1nt ny\u00fal\u00e1st. A visszah\u00faz\u00e1si folyamat ford\u00edtott, minden cs\u0151 a k\u00f6vetkez\u0151 nagyobb cs\u0151be h\u00faz\u00f3dik vissza, am\u00edg teljesen vissza nem h\u00faz\u00f3dik.<\/p>\n<p>Ez az egyed\u00fcl\u00e1ll\u00f3 teleszk\u00f3pos elrendez\u00e9s nagyobb l\u00f6kethosszt biztos\u00edt a hagyom\u00e1nyos hengerekhez k\u00e9pest, \u00edgy ide\u00e1lis olyan alkalmaz\u00e1sokhoz, amelyek nagyobb hat\u00f3t\u00e1vols\u00e1got \u00e9s emel\u0151kapacit\u00e1st ig\u00e9nyelnek.<\/p>\n<h3>2. Megn\u00f6velt teherb\u00edr\u00e1s<\/h3>\n<p>A ford\u00edtott teleszk\u00f3pos henger kiv\u00e9teles teherb\u00edr\u00e1ssal b\u00fcszk\u00e9lkedhet, \u00edgy alkalmas nagy ig\u00e9nybev\u00e9tel\u0171 alkalmaz\u00e1sokhoz, p\u00e9ld\u00e1ul d\u00f6mperekhez, darukhoz \u00e9s anyagmozgat\u00f3 berendez\u00e9sekhez. Kialak\u00edt\u00e1sa fokozott stabilit\u00e1st \u00e9s s\u00falyeloszt\u00e1st tesz lehet\u0151v\u00e9, \u00edgy megb\u00edzhat\u00f3 \u00e9s hat\u00e9kony teljes\u00edtm\u00e9nyt biztos\u00edt m\u00e9g extr\u00e9m terhel\u00e9sek eset\u00e9n is.<\/p>\n<p>P\u00e9ld\u00e1ul egy n\u00e9pszer\u0171 10 tonn\u00e1s d\u00f6mper teleszk\u00f3pos hidraulikus hengerrel a ford\u00edtott teleszk\u00f3pos kialak\u00edt\u00e1s lehet\u0151v\u00e9 teszi, hogy a henger ellen\u00e1lljon a rakom\u00e1ny hatalmas nyom\u00e1s\u00e1nak \u00e9s s\u00faly\u00e1nak, \u00edgy biztos\u00edtva a sima \u00e9s megb\u00edzhat\u00f3 emel\u00e9si \u00e9s \u00fcr\u00edt\u00e9si m\u0171veleteket.<\/p>\n<h3>3. Fokozott tart\u00f3ss\u00e1g \u00e9s t\u00f6m\u00edt\u00e9s integrit\u00e1sa<\/h3>\n<p>Az invert\u00e1lt teleszk\u00f3pos henger egyik legfontosabb el\u0151nye a kiv\u00e1l\u00f3 t\u00f6m\u00edt\u00e9s-integrit\u00e1s. A be\u00e1gyazott cs\u0151szerkezet cs\u00f6kkenti a t\u00f6m\u00edt\u00e9sek k\u00fcls\u0151 szennyez\u0151d\u00e9seknek, p\u00e9ld\u00e1ul pornak, szennyez\u0151d\u00e9snek \u00e9s nedvess\u00e9gnek val\u00f3 kitetts\u00e9g\u00e9t. Ez n\u00f6veli a henger tart\u00f3ss\u00e1g\u00e1t \u00e9s hossz\u00fa \u00e9lettartam\u00e1t, cs\u00f6kkentve a t\u00f6m\u00edt\u00e9s meghib\u00e1sod\u00e1s\u00e1nak \u00e9s a hidraulikafolyad\u00e9k sziv\u00e1rg\u00e1s\u00e1nak kock\u00e1zat\u00e1t.<\/p>\n<p>A ford\u00edtott teleszk\u00f3pos henger hossz\u00fa t\u00e1v\u00fa t\u00f6m\u00edt\u00e9si integrit\u00e1sa minim\u00e1lis karbantart\u00e1si ig\u00e9nyt biztos\u00edt, \u00e9s cs\u00f6kkenti az \u00e1ll\u00e1sid\u0151t \u00e9s a kapcsol\u00f3d\u00f3 k\u00f6lts\u00e9geket.<\/p>\n<h3>4. Kompakt kialak\u00edt\u00e1s \u00e9s helytakar\u00e9koss\u00e1g<\/h3>\n<p>A ford\u00edtott teleszk\u00f3pos henger kompakt kialak\u00edt\u00e1sa rendk\u00edv\u00fcl hat\u00e9konny\u00e1 teszi a helykihaszn\u00e1l\u00e1st. Be\u00e1gyazott cs\u0151szerkezete r\u00f6videbb beh\u00fazott hossz\u00fas\u00e1got tesz lehet\u0151v\u00e9 a hagyom\u00e1nyos hengerekhez k\u00e9pest, \u00edgy ide\u00e1lis v\u00e1laszt\u00e1s korl\u00e1tozott be\u00e9p\u00edt\u00e9si hellyel rendelkez\u0151 alkalmaz\u00e1sokhoz.<\/p>\n<p>P\u00e9ld\u00e1ul darukban vagy emel\u0151berendez\u00e9sekben, ahol sz\u0171k\u00f6s a hely, a ford\u00edtott teleszk\u00f3pos henger lehet\u0151v\u00e9 teszi a berendez\u00e9s sz\u0171k helyeken t\u00f6rt\u00e9n\u0151 m\u0171k\u00f6d\u00e9s\u00e9t a teljes\u00edtm\u00e9ny vagy az emel\u0151kapacit\u00e1s fel\u00e1ldoz\u00e1sa n\u00e9lk\u00fcl.<\/p>\n<h3>5. Fokozott kontroll \u00e9s stabilit\u00e1s<\/h3>\n<p>A ford\u00edtott teleszk\u00f3pos henger kiv\u00e1l\u00f3 ir\u00e1ny\u00edthat\u00f3s\u00e1got \u00e9s stabilit\u00e1st biztos\u00edt m\u0171k\u00f6d\u00e9s k\u00f6zben. A be\u00e1gyazott cs\u0151kialak\u00edt\u00e1s minimaliz\u00e1lja a deform\u00e1ci\u00f3 vagy elhajl\u00e1s kock\u00e1zat\u00e1t, \u00edgy biztos\u00edtva a sima \u00e9s pontos mozg\u00e1st m\u00e9g nagy terhel\u00e9s alatt is.<\/p>\n<p>Ezenk\u00edv\u00fcl a ford\u00edtott teleszk\u00f3pos henger egyedi kialak\u00edt\u00e1sa cs\u00f6kkenti az oldalir\u00e1ny\u00fa terhel\u00e9sek hat\u00e1s\u00e1t, hozz\u00e1j\u00e1rulva a jobb stabilit\u00e1shoz \u00e9s biztons\u00e1ghoz m\u0171k\u00f6d\u00e9s k\u00f6zben.<\/p>\n<p>\u00d6sszefoglalva, a ford\u00edtott teleszk\u00f3pos henger egy forradalmian \u00faj hidraulikus alkatr\u00e9sz, amely sz\u00e1mos el\u0151nnyel rendelkezik a hagyom\u00e1nyos hengerekkel szemben. Kompakt kialak\u00edt\u00e1s\u00e1nak, megn\u00f6velt teherb\u00edr\u00e1s\u00e1nak, tart\u00f3ss\u00e1g\u00e1nak, helytakar\u00e9koss\u00e1g\u00e1nak \u00e9s jobb szab\u00e1lyozhat\u00f3s\u00e1g\u00e1nak k\u00f6sz\u00f6nhet\u0151en kedvelt v\u00e1laszt\u00e1s a nagy teljes\u00edtm\u00e9ny\u0171 hidraulikus rendszereket ig\u00e9nyl\u0151 ipar\u00e1gak sz\u00e1m\u00e1ra.<\/p>\n<h3>Az FMP-r\u0151l \u2013 Hidraulikus henger<\/h3>\n<p>Az FMP-n\u00e9l kiv\u00e1l\u00f3 min\u0151s\u00e9g\u0171 \u00e9p\u00edt\u0151ipari g\u00e9palkatr\u00e9szek \u00e9s komplett g\u00e9pek \u00e9rt\u00e9kes\u00edt\u00e9s\u00e9re \u00e9s szervizel\u00e9s\u00e9re szakosodtunk. Hidraulikus henger\u00fcnk az egyik legn\u00e9pszer\u0171bb term\u00e9k\u00fcnk, \u00e9s j\u00f3 okkal. \u00cdme \u00f6t ok, ami\u00e9rt az FMP hidraulikus hengere a legjobb v\u00e1laszt\u00e1s \u00e9p\u00edt\u0151ipari g\u00e9peihez:<\/p>\n<p>1. <strong>Kiv\u00e1l\u00f3 min\u0151s\u00e9g\u0171 anyagok<\/strong>Hidraulikus henger\u00fcnk tart\u00f3s \u00e9s megb\u00edzhat\u00f3 anyagokb\u00f3l k\u00e9sz\u00fcl, \u00edgy biztos\u00edtva a hossz\u00fa t\u00e1v\u00fa teljes\u00edtm\u00e9nyt \u00e9s a minim\u00e1lis karbantart\u00e1si ig\u00e9nyt.<\/p>\n<p>2. <strong>Testreszabhat\u00f3 be\u00e1ll\u00edt\u00e1sok<\/strong>\u00c1ll\u00edthat\u00f3 kengyeles hengereket, valamint egy\u00e9b testreszabhat\u00f3 opci\u00f3kat k\u00edn\u00e1lunk, hogy megfelelj\u00fcnk az \u00d6n egyedi ig\u00e9nyeinek. \u00c9p\u00edt\u0151ipari g\u00e9palkatr\u00e9szek ter\u00e9n szerzett szak\u00e9rtelm\u00fcnkkel egy\u00fcttm\u0171k\u00f6dve megtal\u00e1ljuk \u00d6nnel a legjobb megold\u00e1st az \u00d6n berendez\u00e9s\u00e9hez.<\/p>\n<p>3. <strong>Szak\u00e9rt\u0151i csapat<\/strong>Tapasztalt \u00e9s k\u00e9pzett \u00e9rt\u00e9kes\u00edt\u00e9si csapatunk ismeri az \u00e9p\u00edt\u0151ipari g\u00e9pipar leg\u00fajabb ipar\u00e1gi trendjeit \u00e9s \u00fcgyf\u00e9lig\u00e9nyeit. Professzion\u00e1lis term\u00e9ktan\u00e1csad\u00e1st \u00e9s intelligens v\u00e1s\u00e1rl\u00e1si javaslatokat tudnak ny\u00fajtani, hogy seg\u00edtsenek \u00d6nnek a legjobb d\u00f6nt\u00e9st meghozni v\u00e1llalkoz\u00e1sa sz\u00e1m\u00e1ra.<\/p>\n<p>4. <strong>Hat\u00e9kony logisztika<\/strong>Hat\u00e9kony logisztikai eloszt\u00e1si rendszerrel rendelkez\u00fcnk annak \u00e9rdek\u00e9ben, hogy \u00fcgyfeleink id\u0151ben \u00e9s pontosan megkapj\u00e1k a sz\u00fcks\u00e9ges alkatr\u00e9szeket. Ez minim\u00e1lis \u00e1ll\u00e1sid\u0151t jelent az \u00e9p\u00edt\u0151ipari g\u00e9pei sz\u00e1m\u00e1ra, \u00e9s z\u00f6kken\u0151mentes m\u0171k\u00f6d\u00e9st biztos\u00edt v\u00e1llalkoz\u00e1sa sz\u00e1m\u00e1ra.<\/p>\n<p>5. <strong>Szigor\u00fa min\u0151s\u00e9gellen\u0151rz\u00e9s<\/strong>Hossz\u00fa t\u00e1v\u00fa \u00e9s stabil egy\u00fcttm\u0171k\u00f6d\u00e9si kapcsolatokat \u00e9p\u00edt\u00fcnk ki sz\u00e1mos kiv\u00e1l\u00f3 min\u0151s\u00e9g\u0171 besz\u00e1ll\u00edt\u00f3val belf\u00f6ld\u00f6n \u00e9s k\u00fclf\u00f6ld\u00f6n, biztos\u00edtva, hogy minden besz\u00e1ll\u00edtott alkatr\u00e9sz, bele\u00e9rtve a hidraulikus henger\u00fcnket is, megfeleljen a szigor\u00fa min\u0151s\u00e9gi el\u0151\u00edr\u00e1soknak.<\/p>\n<p>Az FMP hidraulikus henger\u00e9vel biztos lehet \u00e9p\u00edt\u0151ipari g\u00e9pei min\u0151s\u00e9g\u00e9ben \u00e9s megb\u00edzhat\u00f3s\u00e1g\u00e1ban. L\u00e9pjen kapcsolatba vel\u00fcnk m\u00e9g ma, hogy t\u00f6bbet megtudjon term\u00e9keinkr\u0151l \u00e9s arr\u00f3l, hogyan seg\u00edthet\u00fcnk megtal\u00e1lni az \u00d6n \u00fczleti ig\u00e9nyeinek legink\u00e1bb megfelel\u0151 megold\u00e1sokat.<\/p>\n<p><img decoding=\"async\" src=\"https:\/\/fmp-components.com\/wp-content\/uploads\/2024\/12\/Adjustable-Clevis-Type-Cylinders-6.webp\" alt=\"\u00c1ll\u00edthat\u00f3 kengyeles henger\" width=\"853\" title=\"\"><br \/>\nSzerz\u0151: CX<\/p>","protected":false},"excerpt":{"rendered":"<p>The Hot Sale 10 Ton Dump Truck Telescope Hydraulic Cylinder is a high-quality and reliable product that is essential for dump trucks. With its superior design and advanced technology, this hydraulic cylinder offers exceptional performance and durability. Designed specifically for dump trucks, this telescopic hydraulic cylinder is capable of lifting heavy loads up to 10 [&hellip;]<\/p>","protected":false},"featured_media":1706,"comment_status":"closed","ping_status":"closed","template":"","meta":{"_et_pb_use_builder":"","_et_pb_old_content":"","_et_gb_content_width":""},"product_brand":[],"product_cat":[15],"product_tag":[34,48],"class_list":{"0":"post-1705","1":"product","2":"type-product","3":"status-publish","4":"has-post-thumbnail","6":"product_cat-uncategorized","7":"product_tag-hydraulic-cylinder","8":"product_tag-inverted-telescopic-cylinder","10":"first","11":"instock","12":"product-type-simple"},"_links":{"self":[{"href":"https:\/\/fmp-components.com\/hu\/wp-json\/wp\/v2\/product\/1705","targetHints":{"allow":["GET"]}}],"collection":[{"href":"https:\/\/fmp-components.com\/hu\/wp-json\/wp\/v2\/product"}],"about":[{"href":"https:\/\/fmp-components.com\/hu\/wp-json\/wp\/v2\/types\/product"}],"replies":[{"embeddable":true,"href":"https:\/\/fmp-components.com\/hu\/wp-json\/wp\/v2\/comments?post=1705"}],"wp:featuredmedia":[{"embeddable":true,"href":"https:\/\/fmp-components.com\/hu\/wp-json\/wp\/v2\/media\/1706"}],"wp:attachment":[{"href":"https:\/\/fmp-components.com\/hu\/wp-json\/wp\/v2\/media?parent=1705"}],"wp:term":[{"taxonomy":"product_brand","embeddable":true,"href":"https:\/\/fmp-components.com\/hu\/wp-json\/wp\/v2\/product_brand?post=1705"},{"taxonomy":"product_cat","embeddable":true,"href":"https:\/\/fmp-components.com\/hu\/wp-json\/wp\/v2\/product_cat?post=1705"},{"taxonomy":"product_tag","embeddable":true,"href":"https:\/\/fmp-components.com\/hu\/wp-json\/wp\/v2\/product_tag?post=1705"}],"curies":[{"name":"munkaf\u00fczet","href":"https:\/\/api.w.org\/{rel}","templated":true}]}}