{"id":1703,"date":"2024-12-23T07:01:59","date_gmt":"2024-12-23T07:01:59","guid":{"rendered":"https:\/\/fmp-components.com\/product\/superior-quality-dump-truck-4-stage-hydraulic-telescopic-cylinder\/"},"modified":"2025-03-18T01:50:46","modified_gmt":"2025-03-18T01:50:46","slug":"superior-quality-dump-truck-4-stage-hydraulic-telescopic-cylinder","status":"publish","type":"product","link":"https:\/\/fmp-components.com\/hu\/product\/superior-quality-dump-truck-4-stage-hydraulic-telescopic-cylinder\/","title":{"rendered":"Kiv\u00e1l\u00f3 min\u0151s\u00e9g\u0171 d\u00f6mper 4 fokozat\u00fa hidraulikus teleszk\u00f3pos henger"},"content":{"rendered":"<p>A kiv\u00e1l\u00f3 min\u0151s\u00e9g\u0171 d\u00f6mperaut\u00f3hoz val\u00f3 4 fokozat\u00fa hidraulikus teleszk\u00f3pos munkahenger t\u00f6k\u00e9letes megold\u00e1s azok sz\u00e1m\u00e1ra, akiknek nagy teljes\u00edtm\u00e9ny\u0171 \u00e9s megb\u00edzhat\u00f3 hidraulikus munkahengerre van sz\u00fcks\u00e9g\u00fck. Innovat\u00edv kialak\u00edt\u00e1s\u00e1nak \u00e9s cs\u00facsmin\u0151s\u00e9g\u0171 anyagainak k\u00f6sz\u00f6nhet\u0151en ez a munkahenger k\u00f6nnyed\u00e9n kezeli a legnehezebb feladatokat is.<\/p>\n<p>N\u00e9gyfokozat\u00fa teleszk\u00f3pos kialak\u00edt\u00e1s\u00e1nak k\u00f6sz\u00f6nhet\u0151en ez a henger maxim\u00e1lis teljes\u00edtm\u00e9nyt \u00e9s hat\u00e9konys\u00e1got biztos\u00edt, mik\u00f6zben minimaliz\u00e1lja a helyig\u00e9nyt. A hidraulikus rendszert \u00fagy tervezt\u00e9k, hogy sima \u00e9s k\u00f6vetkezetes m\u0171k\u00f6d\u00e9st biztos\u00edtson, biztos\u00edtva a megb\u00edzhat\u00f3 teljes\u00edtm\u00e9nyt m\u00e9g a legnehezebb k\u00f6r\u00fclm\u00e9nyek k\u00f6z\u00f6tt is.<\/p>\n<p>A kiv\u00e1l\u00f3 min\u0151s\u00e9g\u0171 anyagokb\u00f3l k\u00e9sz\u00fclt, kiv\u00e1l\u00f3 min\u0151s\u00e9g\u0171 d\u00f6mperaut\u00f3hoz val\u00f3 4 fokozat\u00fa hidraulikus teleszk\u00f3pos munkahenger a legmostoh\u00e1bb k\u00f6rnyezeti felt\u00e9telek \u00e9s a legzordabb munkak\u00f6r\u00fclm\u00e9nyek elvisel\u00e9s\u00e9re k\u00e9sz\u00fclt. Fejlett funkci\u00f3ival \u00e9s kiv\u00e1l\u00f3 min\u0151s\u00e9g\u0171 konstrukci\u00f3j\u00e1val ez a munkahenger ide\u00e1lis v\u00e1laszt\u00e1s azok sz\u00e1m\u00e1ra, akiknek tart\u00f3s \u00e9s megb\u00edzhat\u00f3 hidraulikus megold\u00e1sra van sz\u00fcks\u00e9g\u00fck.<\/p>\n<p>Teh\u00e1t, ha kiv\u00e1l\u00f3 min\u0151s\u00e9g\u0171, kiemelked\u0151 teljes\u00edtm\u00e9nyt ny\u00fajt\u00f3 d\u00f6mperaut\u00f3 hidraulikus hengert keres, ne keressen tov\u00e1bb, mint a kiv\u00e1l\u00f3 min\u0151s\u00e9g\u0171 d\u00f6mperaut\u00f3 4 fokozat\u00fa hidraulikus teleszk\u00f3pos henger.<\/p>\n<p><img decoding=\"async\" src=\"https:\/\/hzpt.com\/wp-content\/uploads\/2023\/11\/Inverted-Telescopic-Cylinder-15.webp\" alt=\"\" title=\"\"><\/p>\n<h2>Kiv\u00e1l\u00f3 min\u0151s\u00e9g\u0171, 4 fokozat\u00fa hidraulikus teleszk\u00f3pos henger, d\u00f6mperekhez tervezve.<\/h2>\n<p>A 2025-\u00f6s \u00e9v \u00faj term\u00e9ke egy \u00e9v garanci\u00e1val rendelkezik, \u00e9s sz\u00e1mos ipar\u00e1gban haszn\u00e1lhat\u00f3, bele\u00e9rtve a gy\u00e1rt\u00f3\u00fczemeket, g\u00e9pjav\u00edt\u00f3 m\u0171helyeket, mez\u0151gazdas\u00e1gi \u00fczemeket, energia- \u00e9s b\u00e1ny\u00e1szatot, valamint g\u00e9pgy\u00e1rakat.<\/p>\n<p>A 43 kg-os s\u00faly\u00fa, standard fel\u00e9p\u00edt\u00e9s\u0171, dugatty\u00fas hengerrel ell\u00e1tott szerkezet robusztus teljes\u00edtm\u00e9nyt biztos\u00edt. A hidraulikus teljes\u00edtm\u00e9ny \u00e9s az ac\u00e9l h\u00e1z anyaga robusztus teljes\u00edtm\u00e9nyt biztos\u00edt. Maxim\u00e1lis tol\u00f3er\u0151 3000 Nm, \u00e9s ford\u00edtott teleszk\u00f3pos hengeres t\u00edpus.<\/p>\n<h2>A 4 fokozat\u00fa hidraulikus teleszk\u00f3pos henger f\u0151bb jellemz\u0151i<\/h2>\n<p><img decoding=\"async\" src=\"https:\/\/hzpt.com\/wp-content\/uploads\/2023\/11\/Inverted-Telescopic-Cylinder-13.webp\" alt=\"\" title=\"\"><\/p>\n<ol>\n<li><strong>Kiv\u00e1l\u00f3 min\u0151s\u00e9g:<\/strong> Ac\u00e9lb\u00f3l k\u00e9sz\u00fclt, \u00edgy tart\u00f3ss\u00e1got \u00e9s nagy teljes\u00edtm\u00e9nyt biztos\u00edt.<\/li>\n<li><strong>Er\u0151s:<\/strong> Maxim\u00e1lis tol\u00f3ereje 3000 tonn\u00e1s, maxim\u00e1lis h\u00faz\u00f3ereje pedig 20 tonna, \u00edgy robusztus teljes\u00edtm\u00e9nyt ny\u00fajt.<\/li>\n<li><strong>Standard szerkezet:<\/strong> Standard dugatty\u00fas hengerszerkezettel rendelkezik a hat\u00e9kony m\u0171k\u00f6d\u00e9s \u00e9rdek\u00e9ben.<\/li>\n<li><strong>Alapvet\u0151 \u00f6sszetev\u0151k:<\/strong> Tartalmaz egy csap\u00e1gyat \u00e9s egy dugatty\u00fas hengert a megb\u00edzhat\u00f3 m\u0171k\u00f6d\u00e9s \u00e9rdek\u00e9ben.<\/li>\n<li><strong>Sokoldal\u00fa:<\/strong> K\u00fcl\u00f6nb\u00f6z\u0151 ipar\u00e1gakban alkalmazhat\u00f3, a gy\u00e1rt\u00e1st\u00f3l az energetik\u00e1ig \u00e9s a b\u00e1ny\u00e1szatig.<\/li>\n<\/ol>\n<h2>A 4 fokozat\u00fa hidraulikus teleszk\u00f3pos henger alkalmaz\u00e1sai<\/h2>\n<ol>\n<li>Gy\u00e1rt\u00f3\u00fczemek: Hasznos neh\u00e9zg\u00e9pek \u00e9s szersz\u00e1mok kezel\u00e9s\u00e9ben.<\/li>\n<li>G\u00e9pjav\u00edt\u00f3 m\u0171helyek: N\u00e9lk\u00fcl\u00f6zhetetlenek a jav\u00edt\u00e1si \u00e9s karbantart\u00e1si feladatokhoz.<\/li>\n<li>Gazdas\u00e1gok: Seg\u00edt a mez\u0151gazdas\u00e1gi g\u00e9pek \u00e9s berendez\u00e9sek kezel\u00e9s\u00e9ben.<\/li>\n<li>Energia- \u00e9s b\u00e1ny\u00e1szati \u200b\u200bipar: L\u00e9tfontoss\u00e1g\u00fa a nagy teherb\u00edr\u00e1s\u00fa b\u00e1ny\u00e1szati \u200b\u200bberendez\u00e9sek \u00fczemeltet\u00e9s\u00e9hez.<\/li>\n<li>G\u00e9pgy\u00e1rak: K\u00fcl\u00f6nb\u00f6z\u0151 g\u00e9pek gy\u00e1rt\u00e1si folyamat\u00e1hoz sz\u00fcks\u00e9gesek.<\/li>\n<\/ol>\n<p><img decoding=\"async\" src=\"https:\/\/hzpt.com\/wp-content\/uploads\/2023\/11\/Inverted-Telescopic-Cylinder-Applications.webp\" alt=\"\" title=\"\"><\/p>\n<h2>A 4 fokozat\u00fa hidraulikus teleszk\u00f3pos henger m\u0171k\u00f6d\u00e9si elve \u00e9s karbantart\u00e1sa<\/h2>\n<p>A hidraulikus teleszk\u00f3pos henger \u00fagy m\u0171k\u00f6dik, hogy a hidraulikus folyad\u00e9k energi\u00e1j\u00e1t er\u0151v\u00e9 alak\u00edtja. A hidraulikus folyad\u00e9kot nagy nyom\u00e1son pump\u00e1lj\u00e1k a hengerbe, ami a dugatty\u00fat mozg\u00e1sba hozza \u00e9s kimeneti er\u0151t gener\u00e1l. Ezt az er\u0151t k\u00fcl\u00f6nf\u00e9le feladatok elv\u00e9gz\u00e9s\u00e9re haszn\u00e1lj\u00e1k.<\/p>\n<p>\u00cdme n\u00e9h\u00e1ny karbantart\u00e1si tipp a hengerhez:<\/p>\n<ol>\n<li><strong>Rendszeres ellen\u0151rz\u00e9s:<\/strong> Rendszeresen ellen\u0151rizze a hengert kop\u00e1s \u00e9s s\u00e9r\u00fcl\u00e9s jelei szempontj\u00e1b\u00f3l.<\/li>\n<li><strong>Tiszt\u00edt\u00e1s:<\/strong> A hat\u00e9kony m\u0171k\u00f6d\u00e9s biztos\u00edt\u00e1sa \u00e9rdek\u00e9ben tartsa tiszt\u00e1n a hengert.<\/li>\n<li><strong>Ken\u00e9s:<\/strong> Rendszeresen kenje meg a hengert a s\u00farl\u00f3d\u00e1s \u00e9s a kop\u00e1s cs\u00f6kkent\u00e9se \u00e9rdek\u00e9ben.<\/li>\n<li><strong>T\u00f6m\u00edt\u00e9s csere:<\/strong> A sziv\u00e1rg\u00e1sok megel\u0151z\u00e9se \u00e9rdek\u00e9ben sz\u00fcks\u00e9g szerint cser\u00e9lje ki a t\u00f6m\u00edt\u00e9seket.<\/li>\n<li><strong>K\u00f6vesse a kezel\u00e9si \u00fatmutat\u00f3t:<\/strong> A biztons\u00e1gos \u00e9s hat\u00e9kony m\u0171k\u00f6d\u00e9s \u00e9rdek\u00e9ben mindig k\u00f6vesse a kezel\u00e9si \u00fatmutat\u00f3t.<\/li>\n<\/ol>\n<h2>Ford\u00edtott teleszk\u00f3pos henger<\/h2>\n<p>Az invert\u00e1lt teleszk\u00f3pos henger, m\u00e1s n\u00e9ven egyszeres m\u0171k\u00f6d\u00e9s\u0171 teleszk\u00f3pos henger, egy egyedi kialak\u00edt\u00e1s\u00fa hidraulikus henger, amely sz\u00e1mos el\u0151nnyel j\u00e1r az ipari alkalmaz\u00e1sokban. Ez a t\u00edpus\u00fa henger t\u00f6bb, egym\u00e1sba oml\u00f3 szakaszb\u00f3l \u00e1ll, kompakt \u00e9s hat\u00e9kony megold\u00e1st k\u00edn\u00e1lva az er\u0151k kiny\u00fajt\u00e1s\u00e1ra \u00e9s visszah\u00faz\u00e1s\u00e1ra. Ebben a cikkben megvizsg\u00e1ljuk a invert\u00e1lt teleszk\u00f3pos henger jellemz\u0151it, el\u0151nyeit \u00e9s alkalmaz\u00e1sait, k\u00fcl\u00f6n\u00f6s tekintettel a d\u00f6mperekben bet\u00f6lt\u00f6tt szerep\u00e9re \u00e9s a kiv\u00e1l\u00f3 min\u0151s\u00e9g\u0171 d\u00f6mperekhez val\u00f3 4 fokozat\u00fa hidraulikus teleszk\u00f3pos hengerre.<\/p>\n<h3>1. A ford\u00edtott teleszk\u00f3pos henger jellemz\u0151i<\/h3>\n<p>A ford\u00edtott teleszk\u00f3pos henger jellegzetes kialak\u00edt\u00e1sa jellemzi, amely a k\u00f6vetkez\u0151ket tartalmazza:<\/p>\n<ul>\n<li><strong>T\u00f6bb szakasz:<\/strong> Ez a henger t\u00f6bb, jellemz\u0151en n\u00e9gy szakaszb\u00f3l \u00e1ll, amelyek visszah\u00fazott \u00e1llapotban egym\u00e1sba illeszkednek, ami a hagyom\u00e1nyos hengerekhez k\u00e9pest kisebb teljes hosszt eredm\u00e9nyez.<\/li>\n<li><strong>Egyszeres m\u0171k\u00f6d\u00e9s\u0171:<\/strong> A ford\u00edtott teleszk\u00f3pos henger egyetlen ir\u00e1nyban m\u0171k\u00f6dik, ami azt jelenti, hogy k\u00e9pes er\u0151t kifejteni egy ir\u00e1nyban, jellemz\u0151en kiny\u00falik. A visszah\u00faz\u00e1st \u00e1ltal\u00e1ban k\u00fcls\u0151 er\u0151k, p\u00e9ld\u00e1ul gravit\u00e1ci\u00f3 vagy tehernyom\u00e1s \u00e9rik el.<\/li>\n<li><strong>Kompakts\u00e1g:<\/strong> A be\u00e1gyazott kialak\u00edt\u00e1snak k\u00f6sz\u00f6nhet\u0151en a ford\u00edtott teleszk\u00f3pos henger kiv\u00e1l\u00f3 helytakar\u00e9kos k\u00e9pess\u00e9geket k\u00edn\u00e1l, \u00edgy ide\u00e1lis a korl\u00e1tozott be\u00e9p\u00edt\u00e9si hellyel rendelkez\u0151 alkalmaz\u00e1sokhoz.<\/li>\n<li><strong>Nagy szil\u00e1rds\u00e1g\u00fa:<\/strong> Ezek a hengerek tart\u00f3s anyagokb\u00f3l k\u00e9sz\u00fclnek, \u00edgy kiv\u00e1l\u00f3 szil\u00e1rds\u00e1got \u00e9s ellen\u00e1ll\u00e1st biztos\u00edtanak a nagy terhel\u00e9sekkel \u00e9s a zord \u00fczemi k\u00f6r\u00fclm\u00e9nyekkel szemben.<\/li>\n<\/ul>\n<h3>2. A ford\u00edtott teleszk\u00f3pos henger el\u0151nyei<\/h3>\n<p>A ford\u00edtott teleszk\u00f3pos henger sz\u00e1mos el\u0151nnyel j\u00e1r a k\u00fcl\u00f6nf\u00e9le ipari alkalmaz\u00e1sokban:<\/p>\n<ul>\n<li><strong>Cs\u00f6kkentett teljes hossz:<\/strong> A ford\u00edtott teleszk\u00f3pos henger be\u00e1gyazott kialak\u00edt\u00e1sa lehet\u0151v\u00e9 teszi a teljes hossz jelent\u0151s cs\u00f6kkent\u00e9s\u00e9t visszah\u00fazott \u00e1llapotban, lehet\u0151v\u00e9 t\u00e9ve a hely hat\u00e9kony kihaszn\u00e1l\u00e1s\u00e1t sz\u0171k telep\u00edt\u00e9sek eset\u00e9n.<\/li>\n<li><strong>Megn\u00f6velt l\u00f6kethossz:<\/strong> T\u00f6bb fokozat\u00e1nak k\u00f6sz\u00f6nhet\u0151en ez a hengert\u00edpus hosszabb l\u00f6kethosszt k\u00edn\u00e1l, ami nagyobb rugalmass\u00e1got biztos\u00edt a pozicion\u00e1l\u00e1sban \u00e9s a mozg\u00e1sban.<\/li>\n<li><strong>Fokozott stabilit\u00e1s:<\/strong> A henger egym\u00e1sba \u00e1gyazott fokozatai fokozott stabilit\u00e1st \u00e9s ellen\u00e1ll\u00e1st biztos\u00edtanak az oldalir\u00e1ny\u00fa er\u0151kkel szemben, biztos\u00edtva a sima \u00e9s megb\u00edzhat\u00f3 m\u0171k\u00f6d\u00e9st.<\/li>\n<li><strong>Jav\u00edtott s\u00falyeloszt\u00e1s:<\/strong> A ford\u00edtott teleszk\u00f3pos henger kompakt kialak\u00edt\u00e1sa jobb s\u00falyeloszt\u00e1st tesz lehet\u0151v\u00e9, ami jobb rakom\u00e1nykezel\u00e9si k\u00e9pess\u00e9gekhez \u00e9s a j\u00e1rm\u0171 \u00e1ltal\u00e1nos teljes\u00edtm\u00e9ny\u00e9hez vezet.<\/li>\n<\/ul>\n<h3>3. A ford\u00edtott teleszk\u00f3pos henger alkalmaz\u00e1sai d\u00f6mperekben<\/h3>\n<p>A ford\u00edtott teleszk\u00f3pos henger sz\u00e9les k\u00f6rben haszn\u00e1latos d\u00f6mperekben, k\u00fcl\u00f6n\u00f6sen a plat\u00f3 emel\u00e9s\u00e9\u00e9rt \u00e9s s\u00fcllyeszt\u00e9s\u00e9\u00e9rt felel\u0151s hidraulikus rendszerekben. A kiv\u00e1l\u00f3 min\u0151s\u00e9g\u0171 d\u00f6mperekhez val\u00f3 4 fokozat\u00fa hidraulikus teleszk\u00f3pos henger a k\u00f6vetkez\u0151 el\u0151ny\u00f6ket k\u00edn\u00e1lja:<\/p>\n<ul>\n<li><strong>Optimaliz\u00e1lt emel\u0151er\u0151:<\/strong> A hidraulikus teleszk\u00f3pos henger t\u00f6bbl\u00e9pcs\u0151s kialak\u00edt\u00e1sa n\u00f6veli a d\u00f6mperek emel\u0151erej\u00e9t, lehet\u0151v\u00e9 t\u00e9ve a neh\u00e9z anyagok hat\u00e9kony be- \u00e9s kirakod\u00e1s\u00e1t.<\/li>\n<li><strong>Fokozott stabilit\u00e1s:<\/strong> A be\u00e1gyazott fokozatoknak k\u00f6sz\u00f6nhet\u0151en a henger kiv\u00e1l\u00f3 stabilit\u00e1st biztos\u00edt a \u00fcr\u00edt\u00e9si folyamat sor\u00e1n, minimaliz\u00e1lva a felborul\u00e1s kock\u00e1zat\u00e1t \u00e9s biztos\u00edtva a biztons\u00e1gos m\u0171k\u00f6d\u00e9st.<\/li>\n<li><strong>Kiterjesztett el\u00e9r\u00e9s:<\/strong> A 4 fokozat\u00fa hidraulikus teleszk\u00f3pos henger meghosszabb\u00edtott l\u00f6kethossza lehet\u0151v\u00e9 teszi a d\u00f6mperek sz\u00e1m\u00e1ra a nagyobb \u00fcr\u00edt\u00e9si sz\u00f6g el\u00e9r\u00e9s\u00e9t, megk\u00f6nny\u00edtve az anyagok teljes ki\u00fcr\u00edt\u00e9s\u00e9t.<\/li>\n<li><strong>Megb\u00edzhat\u00f3 teljes\u00edtm\u00e9ny:<\/strong> A kiv\u00e1l\u00f3 min\u0151s\u00e9g\u0171 anyagokb\u00f3l \u00e9s prec\u00edz m\u00e9rn\u00f6ki munk\u00e1val k\u00e9sz\u00fclt hidraulikus teleszk\u00f3pos henger megb\u00edzhat\u00f3 \u00e9s tart\u00f3s teljes\u00edtm\u00e9nyt ny\u00fajt, m\u00e9g ig\u00e9nyes munkak\u00f6r\u00fclm\u00e9nyek k\u00f6z\u00f6tt is.<\/li>\n<\/ul>\n<p>\u00d6sszefoglalva, a ford\u00edtott teleszk\u00f3pos henger egy speci\u00e1lis hidraulikus henger, amely egyedi el\u0151ny\u00f6ket k\u00edn\u00e1l az ipari alkalmaz\u00e1sokban. T\u00f6bb fokozat\u00e1nak, kompakt kialak\u00edt\u00e1s\u00e1nak \u00e9s kiv\u00e1l\u00f3 teljes\u00edtm\u00e9ny\u00e9nek k\u00f6sz\u00f6nhet\u0151en kulcsszerepet j\u00e1tszik a d\u00f6mperek funkcionalit\u00e1s\u00e1nak \u00e9s hat\u00e9konys\u00e1g\u00e1nak jav\u00edt\u00e1s\u00e1ban. A kiv\u00e1l\u00f3 min\u0151s\u00e9g\u0171, d\u00f6mperekhez val\u00f3, 4 fokozat\u00fa hidraulikus teleszk\u00f3pos henger optimaliz\u00e1lt emel\u0151er\u0151t, fokozott stabilit\u00e1st, megn\u00f6velt kiny\u00fal\u00e1st \u00e9s megb\u00edzhat\u00f3 teljes\u00edtm\u00e9nyt biztos\u00edt, \u00edgy ide\u00e1lis v\u00e1laszt\u00e1s a d\u00f6mperek gy\u00e1rt\u00f3i \u00e9s \u00fczemeltet\u0151i sz\u00e1m\u00e1ra.<\/p>\n<h3>Az FMP-r\u0151l \u2013 Hidraulikus henger<\/h3>\n<p>Az FMP-n\u00e9l kiv\u00e1l\u00f3 min\u0151s\u00e9g\u0171 \u00e9p\u00edt\u0151ipari g\u00e9palkatr\u00e9szek \u00e9s komplett g\u00e9pek \u00e9rt\u00e9kes\u00edt\u00e9s\u00e9re \u00e9s szervizel\u00e9s\u00e9re szakosodtunk. Hidraulikus henger\u00fcnk az egyik legn\u00e9pszer\u0171bb term\u00e9k\u00fcnk, \u00e9s j\u00f3 okkal. \u00cdme \u00f6t ok, ami\u00e9rt az FMP hidraulikus hengere a legjobb v\u00e1laszt\u00e1s \u00e9p\u00edt\u0151ipari g\u00e9peihez:<\/p>\n<p>1. <strong>Kiv\u00e1l\u00f3 min\u0151s\u00e9g\u0171 anyagok<\/strong>Hidraulikus henger\u00fcnk tart\u00f3s \u00e9s megb\u00edzhat\u00f3 anyagokb\u00f3l k\u00e9sz\u00fcl, \u00edgy biztos\u00edtva a hossz\u00fa t\u00e1v\u00fa teljes\u00edtm\u00e9nyt \u00e9s a minim\u00e1lis karbantart\u00e1si ig\u00e9nyt.<\/p>\n<p>2. <strong>Testreszabhat\u00f3 be\u00e1ll\u00edt\u00e1sok<\/strong>\u00c1ll\u00edthat\u00f3 kengyeles hengereket, valamint egy\u00e9b testreszabhat\u00f3 opci\u00f3kat k\u00edn\u00e1lunk, hogy megfelelj\u00fcnk az \u00d6n egyedi ig\u00e9nyeinek. \u00c9p\u00edt\u0151ipari g\u00e9palkatr\u00e9szek ter\u00e9n szerzett szak\u00e9rtelm\u00fcnkkel egy\u00fcttm\u0171k\u00f6dve megtal\u00e1ljuk \u00d6nnel a legjobb megold\u00e1st az \u00d6n berendez\u00e9s\u00e9hez.<\/p>\n<p>3. <strong>Szak\u00e9rt\u0151i csapat<\/strong>Tapasztalt \u00e9s k\u00e9pzett \u00e9rt\u00e9kes\u00edt\u00e9si csapatunk ismeri az \u00e9p\u00edt\u0151ipari g\u00e9pipar leg\u00fajabb ipar\u00e1gi trendjeit \u00e9s \u00fcgyf\u00e9lig\u00e9nyeit. Professzion\u00e1lis term\u00e9ktan\u00e1csad\u00e1st \u00e9s intelligens v\u00e1s\u00e1rl\u00e1si javaslatokat tudnak ny\u00fajtani, hogy seg\u00edtsenek \u00d6nnek a legjobb d\u00f6nt\u00e9st meghozni v\u00e1llalkoz\u00e1sa sz\u00e1m\u00e1ra.<\/p>\n<p>4. <strong>Hat\u00e9kony logisztika<\/strong>Hat\u00e9kony logisztikai eloszt\u00e1si rendszerrel rendelkez\u00fcnk annak \u00e9rdek\u00e9ben, hogy \u00fcgyfeleink id\u0151ben \u00e9s pontosan megkapj\u00e1k a sz\u00fcks\u00e9ges alkatr\u00e9szeket. Ez minim\u00e1lis \u00e1ll\u00e1sid\u0151t jelent az \u00e9p\u00edt\u0151ipari g\u00e9pei sz\u00e1m\u00e1ra, \u00e9s z\u00f6kken\u0151mentes m\u0171k\u00f6d\u00e9st biztos\u00edt v\u00e1llalkoz\u00e1sa sz\u00e1m\u00e1ra.<\/p>\n<p>5. <strong>Szigor\u00fa min\u0151s\u00e9gellen\u0151rz\u00e9s<\/strong>Hossz\u00fa t\u00e1v\u00fa \u00e9s stabil egy\u00fcttm\u0171k\u00f6d\u00e9si kapcsolatokat \u00e9p\u00edt\u00fcnk ki sz\u00e1mos kiv\u00e1l\u00f3 min\u0151s\u00e9g\u0171 besz\u00e1ll\u00edt\u00f3val belf\u00f6ld\u00f6n \u00e9s k\u00fclf\u00f6ld\u00f6n, biztos\u00edtva, hogy minden besz\u00e1ll\u00edtott alkatr\u00e9sz, bele\u00e9rtve a hidraulikus henger\u00fcnket is, megfeleljen a szigor\u00fa min\u0151s\u00e9gi el\u0151\u00edr\u00e1soknak.<\/p>\n<p>Az FMP hidraulikus henger\u00e9vel biztos lehet \u00e9p\u00edt\u0151ipari g\u00e9pei min\u0151s\u00e9g\u00e9ben \u00e9s megb\u00edzhat\u00f3s\u00e1g\u00e1ban. L\u00e9pjen kapcsolatba vel\u00fcnk m\u00e9g ma, hogy t\u00f6bbet megtudjon term\u00e9keinkr\u0151l \u00e9s arr\u00f3l, hogyan seg\u00edthet\u00fcnk megtal\u00e1lni az \u00d6n \u00fczleti ig\u00e9nyeinek legink\u00e1bb megfelel\u0151 megold\u00e1sokat.<\/p>\n<p><img decoding=\"async\" src=\"https:\/\/fmp-components.com\/wp-content\/uploads\/2024\/12\/Adjustable-Clevis-Type-Cylinders-6.webp\" alt=\"\u00c1ll\u00edthat\u00f3 kengyeles henger\" width=\"853\" title=\"\"><br \/>\nSzerz\u0151: CX<\/p>","protected":false},"excerpt":{"rendered":"<p>The Superior Quality Dump Truck 4 Stage Hydraulic Telescopic Cylinder is the perfect solution for those in need of a powerful and reliable hydraulic cylinder. With its innovative design and top-of-the-line materials, this cylinder can handle the toughest jobs with ease. Featuring a four-stage telescopic design, this cylinder provides maximum power and efficiency while minimizing [&hellip;]<\/p>","protected":false},"featured_media":1704,"comment_status":"closed","ping_status":"closed","template":"","meta":{"_et_pb_use_builder":"","_et_pb_old_content":"","_et_gb_content_width":""},"product_brand":[],"product_cat":[45],"product_tag":[34,48],"class_list":{"0":"post-1703","1":"product","2":"type-product","3":"status-publish","4":"has-post-thumbnail","6":"product_cat-inverted-telescopic-cylinder","7":"product_tag-hydraulic-cylinder","8":"product_tag-inverted-telescopic-cylinder","10":"first","11":"instock","12":"product-type-simple"},"_links":{"self":[{"href":"https:\/\/fmp-components.com\/hu\/wp-json\/wp\/v2\/product\/1703","targetHints":{"allow":["GET"]}}],"collection":[{"href":"https:\/\/fmp-components.com\/hu\/wp-json\/wp\/v2\/product"}],"about":[{"href":"https:\/\/fmp-components.com\/hu\/wp-json\/wp\/v2\/types\/product"}],"replies":[{"embeddable":true,"href":"https:\/\/fmp-components.com\/hu\/wp-json\/wp\/v2\/comments?post=1703"}],"wp:featuredmedia":[{"embeddable":true,"href":"https:\/\/fmp-components.com\/hu\/wp-json\/wp\/v2\/media\/1704"}],"wp:attachment":[{"href":"https:\/\/fmp-components.com\/hu\/wp-json\/wp\/v2\/media?parent=1703"}],"wp:term":[{"taxonomy":"product_brand","embeddable":true,"href":"https:\/\/fmp-components.com\/hu\/wp-json\/wp\/v2\/product_brand?post=1703"},{"taxonomy":"product_cat","embeddable":true,"href":"https:\/\/fmp-components.com\/hu\/wp-json\/wp\/v2\/product_cat?post=1703"},{"taxonomy":"product_tag","embeddable":true,"href":"https:\/\/fmp-components.com\/hu\/wp-json\/wp\/v2\/product_tag?post=1703"}],"curies":[{"name":"munkaf\u00fczet","href":"https:\/\/api.w.org\/{rel}","templated":true}]}}