{"id":1701,"date":"2024-12-23T07:01:59","date_gmt":"2024-12-23T07:01:59","guid":{"rendered":"https:\/\/fmp-components.com\/product\/factory-customized-trailer-hydraulic-cylinder-for-dump-truck\/"},"modified":"2025-03-11T06:06:40","modified_gmt":"2025-03-11T06:06:40","slug":"factory-customized-trailer-hydraulic-cylinder-for-dump-truck","status":"publish","type":"product","link":"https:\/\/fmp-components.com\/hu\/product\/factory-customized-trailer-hydraulic-cylinder-for-dump-truck\/","title":{"rendered":"Gy\u00e1rilag testreszabott p\u00f3tkocsi hidraulikus henger d\u00f6mperhez"},"content":{"rendered":"<h2>Bemutatkozik a gy\u00e1rilag testreszabott p\u00f3tkocsi hidraulikus henger d\u00f6mperhez:<\/h2>\n<p>A gy\u00e1rilag testreszabott p\u00f3tkocsi hidraulikus henger d\u00f6mperekhez egy kiv\u00e1l\u00f3 min\u0151s\u00e9g\u0171 \u00e9s hat\u00e9kony hidraulikus alkatr\u00e9sz, amelyet kifejezetten d\u00f6mperekhez terveztek. Fejlett tulajdons\u00e1gaival \u00e9s robusztus konstrukci\u00f3j\u00e1val ez a hidraulikus henger l\u00e9tfontoss\u00e1g\u00fa szerepet j\u00e1tszik a d\u00f6mperek z\u00f6kken\u0151mentes m\u0171k\u00f6d\u00e9s\u00e9ben a kirakod\u00e1si folyamat sor\u00e1n.<\/p>\n<p>F\u0151bb jellemz\u0151k:<br \/>\n1. Testreszab\u00e1s: A gy\u00e1rilag testreszabott p\u00f3tkocsi hidraulikus henger testreszabhat\u00f3, hogy megfeleljen a k\u00fcl\u00f6nb\u00f6z\u0151 d\u00f6mpermodellek \u00e9s -m\u00e9retek speci\u00e1lis k\u00f6vetelm\u00e9nyeinek. Ez t\u00f6k\u00e9letes illeszked\u00e9st \u00e9s optim\u00e1lis teljes\u00edtm\u00e9nyt biztos\u00edt.<br \/>\n2. Tart\u00f3ss\u00e1g: Prec\u00edzi\u00f3s m\u00e9rn\u00f6ki munk\u00e1val \u00e9s kiv\u00e1l\u00f3 min\u0151s\u00e9g\u0171 anyagokb\u00f3l k\u00e9sz\u00fclt, ez a hidraulikus henger nagy terhel\u00e9seknek, zord k\u00f6rnyezeti k\u00f6r\u00fclm\u00e9nyeknek \u00e9s hosszan tart\u00f3 haszn\u00e1latnak is ellen\u00e1ll.<br \/>\n3. Teljes\u00edtm\u00e9ny \u00e9s hat\u00e9konys\u00e1g: A hidraulikus henger kiv\u00e9teles emel\u0151er\u0151t biztos\u00edt, lehet\u0151v\u00e9 t\u00e9ve a d\u00f6mperek sz\u00e1m\u00e1ra, hogy k\u00f6nnyed\u00e9n emelj\u00e9k \u00e9s d\u00f6nts\u00e9k a neh\u00e9z terheket a hat\u00e9kony kirakod\u00e1s \u00e9rdek\u00e9ben. Ez jav\u00edtja a termel\u00e9kenys\u00e9get \u00e9s cs\u00f6kkenti az \u00e1ll\u00e1sid\u0151t.<br \/>\n4. Biztons\u00e1g: Megb\u00edzhat\u00f3 biztons\u00e1gi mechanizmusokkal, p\u00e9ld\u00e1ul nyom\u00e1scs\u00f6kkent\u0151 szelepekkel \u00e9s t\u00falterhel\u00e9s elleni v\u00e9delemmel felszerelve, a hidraulikus henger biztos\u00edtja mind a kezel\u0151, mind a k\u00f6rnyez\u0151 k\u00f6rnyezet biztons\u00e1g\u00e1t m\u0171k\u00f6d\u00e9s k\u00f6zben.<br \/>\n5. K\u00f6nny\u0171 karbantart\u00e1s: A gy\u00e1rilag testreszabott p\u00f3tkocsi hidraulikus henger\u00e9t a k\u00f6nny\u0171 karbantart\u00e1s \u00e9s szervizel\u00e9s \u00e9rdek\u00e9ben tervezt\u00e9k, minimaliz\u00e1lva az \u00e1ll\u00e1sid\u0151t \u00e9s cs\u00f6kkentve az \u00fczemeltet\u00e9si k\u00f6lts\u00e9geket.<\/p>\n<p>Ak\u00e1r \u00e9p\u00edt\u0151iparban, b\u00e1ny\u00e1szatban, ak\u00e1r m\u00e1s olyan ipar\u00e1gakban haszn\u00e1lj\u00e1k, ahol gyakori az anyagok kirakod\u00e1sa, a gy\u00e1rilag testreszabott p\u00f3tkocsi hidraulikus henger d\u00f6mperekhez megb\u00edzhat\u00f3 \u00e9s n\u00e9lk\u00fcl\u00f6zhetetlen alkatr\u00e9sz. N\u00f6veli a d\u00f6mperek teljes\u00edtm\u00e9ny\u00e9t \u00e9s termel\u00e9kenys\u00e9g\u00e9t, \u00edgy n\u00e9lk\u00fcl\u00f6zhetetlen eszk\u00f6zz\u00e9 teszik \u0151ket b\u00e1rmilyen neh\u00e9zg\u00e9phaszn\u00e1lathoz.<\/p>\n<p>V\u00e1lassza a d\u00f6mperhez val\u00f3 gy\u00e1rilag testreszabott p\u00f3tkocsi hidraulikus hengert, \u00e9s tapasztalja meg a z\u00f6kken\u0151mentes teljes\u00edtm\u00e9ny, tart\u00f3ss\u00e1g \u00e9s hat\u00e9konys\u00e1g el\u0151nyeit.<\/p>\n<h2>Gy\u00e1rilag testreszabott p\u00f3tkocsi hidraulikus henger d\u00f6mperhez<\/h2>\n<p>Bemutatjuk a gy\u00e1rilag testreszabott p\u00f3tkocsi hidraulikus hengert d\u00f6mperekhez. Ez a vadonat\u00faj term\u00e9k kifejezetten az \u00d6n gy\u00e1rt\u00e1si, jav\u00edt\u00e1si, mez\u0151gazdas\u00e1gi, energetikai \u00e9s b\u00e1ny\u00e1szati \u200b\u200bg\u00e9pig\u00e9nyeihez k\u00e9sz\u00fclt. Az 1 \u00e9v garanci\u00e1val biztos lehet benne, hogy ez a hidraulikus henger kiv\u00e9teles teljes\u00edtm\u00e9nyt ny\u00fajt. A term\u00e9k f\u0151bb alkatr\u00e9szeire, mint p\u00e9ld\u00e1ul a csap\u00e1gyakra \u00e9s a dugatty\u00fas hengerre, szint\u00e9n 1 \u00e9v garancia vonatkozik. Ez a robusztus, ac\u00e9lb\u00f3l k\u00e9sz\u00fclt hidraulikus henger szabv\u00e1nyos dugatty\u00fas hengerk\u00e9nt van kialak\u00edtva, \u00e9s hidraulikus energi\u00e1t haszn\u00e1l. Ford\u00edtott teleszk\u00f3pos hengerekkel van felszerelve, \u00e9s maxim\u00e1lisan 3000 tol\u00f3er\u0151t, maxim\u00e1lisan 20 tonn\u00e1s h\u00faz\u00f3er\u0151t k\u00e9pes leadni. Az ISO9001:2000 szabv\u00e1ny szerint tan\u00fas\u00edtott hidraulikus henger testreszabhat\u00f3 furatm\u00e9ret, r\u00fadm\u00e9ret, l\u00f6ketm\u00e9ret, csapm\u00e9ret \u00e9s sz\u00edn tekintet\u00e9ben.<\/p>\n<h2>A szem\u00e9lyre szabott p\u00f3tkocsi hidraulikus henger jellemz\u0151i<\/h2>\n<p><img decoding=\"async\" src=\"https:\/\/hzpt.com\/wp-content\/uploads\/2023\/11\/Inverted-Telescopic-Cylinder-4.webp\" alt=\"\" title=\"\"><\/p>\n<ol>\n<li>Hidraulikus teljes\u00edtm\u00e9ny: Ez a hidraulikus henger hidraulikus teljes\u00edtm\u00e9nyt haszn\u00e1l, megb\u00edzhat\u00f3 teljes\u00edtm\u00e9nyt \u00e9s \u00e1lland\u00f3s\u00e1got biztos\u00edtva.<\/li>\n<li>Ac\u00e9l test anyaga: A test anyaga ac\u00e9l, ami tart\u00f3ss\u00e1got \u00e9s szil\u00e1rds\u00e1got biztos\u00edt.<\/li>\n<li>Maxim\u00e1lis tol\u00f3er\u0151 \u00e9s h\u00faz\u00f3er\u0151: Maxim\u00e1lis tol\u00f3er\u0151 3000 tonna, maxim\u00e1lis h\u00faz\u00f3er\u0151 pedig 20 tonna, \u00edgy b\u0151s\u00e9ges teljes\u00edtm\u00e9nyt biztos\u00edt a m\u0171veletekhez.<\/li>\n<li>ISO9001:2000 tan\u00fas\u00edtv\u00e1ny: Ez a term\u00e9k ISO9001:2000 tan\u00fas\u00edtv\u00e1nnyal rendelkezik, ami garant\u00e1lja az \u00fcgyfelek min\u0151s\u00e9g\u00e9t \u00e9s megb\u00edzhat\u00f3s\u00e1g\u00e1t.<\/li>\n<li>Testreszabhat\u00f3: Ez a hidraulikus henger testreszabhat\u00f3 furatm\u00e9ret, r\u00fadm\u00e9ret, l\u00f6ketm\u00e9ret, csapm\u00e9ret \u00e9s sz\u00edn tekintet\u00e9ben, hogy megfeleljen az adott k\u00f6vetelm\u00e9nyeknek.<\/li>\n<\/ol>\n<h2>A szem\u00e9lyre szabott p\u00f3tkocsi hidraulikus henger alkalmaz\u00e1sai<\/h2>\n<ol>\n<li>Gy\u00e1rt\u00f3\u00fczem: Ez a hidraulikus henger gy\u00e1rt\u00f3\u00fczemekben val\u00f3 haszn\u00e1latra alkalmas.<\/li>\n<li>G\u00e9pjav\u00edt\u00f3 m\u0171helyek: G\u00e9pjav\u00edt\u00f3 m\u0171helyekben k\u00fcl\u00f6nf\u00e9le jav\u00edt\u00e1si \u00e9s karbantart\u00e1si tev\u00e9kenys\u00e9gekhez haszn\u00e1lhat\u00f3.<\/li>\n<li>Gazdas\u00e1gok: Ez a hidraulikus henger k\u00fcl\u00f6nf\u00e9le mez\u0151gazdas\u00e1gi m\u0171veletekhez haszn\u00e1lhat\u00f3 gazdas\u00e1gokban.<\/li>\n<li>Energia \u00e9s b\u00e1ny\u00e1szat: Haszn\u00e1lhat\u00f3 az energia- \u00e9s b\u00e1ny\u00e1szati \u200b\u200biparban k\u00fcl\u00f6nf\u00e9le neh\u00e9z\u00fczemi m\u0171veletekhez.<\/li>\n<li>G\u00e9pgy\u00e1rt\u00e1s: Ez a hidraulikus henger ide\u00e1lis g\u00e9pgy\u00e1rt\u00e1sban val\u00f3 haszn\u00e1latra is.<\/li>\n<\/ol>\n<p><img decoding=\"async\" src=\"https:\/\/hzpt.com\/wp-content\/uploads\/2023\/11\/Inverted-Telescopic-Cylinder-Applications.webp\" alt=\"Hidraulikus henger alkalmaz\u00e1sok\" title=\"\"><\/p>\n<h2>A szem\u00e9lyre szabott p\u00f3tkocsi hidraulikus henger m\u0171k\u00f6d\u00e9si elve<\/h2>\n<ol>\n<li>Konfigur\u00e1ci\u00f3: A hidraulikus henger egy dugatty\u00fab\u00f3l \u00e9s egy hengerb\u0151l \u00e1ll, amelyek hidraulikafolyad\u00e9kkal vannak felt\u00f6ltve.<\/li>\n<li>Hidraulikafolyad\u00e9k bemenet: A hidraulikafolyad\u00e9kot egy szivatty\u00fa mozgatja a hengerbe, ami nyom\u00e1st hoz l\u00e9tre \u00e9s mozg\u00e1sba hozza a dugatty\u00fat.<\/li>\n<li>Kimeneti er\u0151: A dugatty\u00fa ezen mozg\u00e1sa kimeneti er\u0151t biztos\u00edt, amelyet a k\u00edv\u00e1nt m\u0171velet v\u00e9grehajt\u00e1s\u00e1ra haszn\u00e1lnak.<\/li>\n<li>Karbantart\u00e1si m\u00f3dszerek: A hidraulikus henger legfontosabb karbantart\u00e1si m\u00f3dszerei a rendszeres ellen\u0151rz\u00e9s, tiszt\u00edt\u00e1s, ken\u00e9s, rendszeres ellen\u0151rz\u00e9sek \u00e9s jav\u00edt\u00e1sok, t\u00f6m\u00edt\u00e9sek cser\u00e9je, a kezel\u00e9si \u00fatmutat\u00f3 betart\u00e1sa.<\/li>\n<\/ol>\n<p><img decoding=\"async\" src=\"https:\/\/hzpt.com\/wp-content\/uploads\/2023\/11\/Inverted-Telescopic-Cylinder-22.webp\" alt=\"\" title=\"\"><\/p>\n<h2>Ford\u00edtott teleszk\u00f3pos henger<\/h2>\n<p>A gy\u00e1rilag testreszabott p\u00f3tkocsi hidraulikus henger d\u00f6mperekhez egyfajta ford\u00edtott teleszk\u00f3pos henger, amelyet kifejezetten d\u00f6mperekhez terveztek. Ezt az innovat\u00edv hidraulikus hengert sz\u00e9les k\u00f6rben haszn\u00e1lj\u00e1k az \u00e9p\u00edt\u0151iparban, kiv\u00e9teles emel\u0151er\u0151t \u00e9s stabilit\u00e1st biztos\u00edtva neh\u00e9z terhek eset\u00e9n. Ebben a cikkben megvizsg\u00e1ljuk ennek a figyelemre m\u00e9lt\u00f3 hidraulikus hengernek a jellemz\u0151it \u00e9s m\u0171k\u00f6d\u00e9si elveit.<\/p>\n<h3>Jellemz\u0151k:<\/h3>\n<p>1. T\u00f6bbl\u00e9pcs\u0151s tervez\u00e9s:<\/p>\n<p>A gy\u00e1rilag testreszabott p\u00f3tkocsi hidraulikus munkahenger d\u00f6mperekhez t\u00f6bbl\u00e9pcs\u0151s kialak\u00edt\u00e1s\u00fa, ami megn\u00f6velt emel\u0151kapacit\u00e1st \u00e9s l\u00f6kethosszt tesz lehet\u0151v\u00e9. Ez a henger t\u00f6bb teleszk\u00f3pos szakaszb\u00f3l \u00e1ll, amelyek kiny\u00falnak \u00e9s visszah\u00faz\u00f3dnak az optim\u00e1lis emel\u00e9si teljes\u00edtm\u00e9ny biztos\u00edt\u00e1sa \u00e9rdek\u00e9ben. Minden szakasz gondosan \u00fagy van megtervezve, hogy ellen\u00e1lljon a nagy terhel\u00e9seknek \u00e9s biztos\u00edtsa a z\u00f6kken\u0151mentes m\u0171k\u00f6d\u00e9st.<\/p>\n<p>2. Ford\u00edtott konfigur\u00e1ci\u00f3:<\/p>\n<p>A hagyom\u00e1nyos hidraulikus hengerekkel ellent\u00e9tben a ford\u00edtott teleszk\u00f3pos henger \u00fagy van kialak\u00edtva, hogy a dugatty\u00far\u00fad lefel\u00e9 ny\u00falik. Ez a ford\u00edtott konfigur\u00e1ci\u00f3 sz\u00e1mos el\u0151nnyel j\u00e1r, t\u00f6bbek k\u00f6z\u00f6tt a jobb stabilit\u00e1ssal, a cs\u00f6kkent karbantart\u00e1si ig\u00e9nyekkel \u00e9s a fokozott biztons\u00e1ggal. A dugatty\u00far\u00fad alj\u00e1ra helyez\u00e9s\u00e9vel a henger jobban ellen\u00e1ll az oldalir\u00e1ny\u00fa terhel\u00e9seknek \u00e9s er\u0151knek, amelyek a \u00fcr\u00edt\u00e9si folyamat sor\u00e1n keletkeznek.<\/p>\n<p>3. Gy\u00e1ri testreszab\u00e1s:<\/p>\n<p>A gy\u00e1rilag testreszabott p\u00f3tkocsi hidraulikus henger d\u00f6mperekhez a d\u00f6mperek speci\u00e1lis ig\u00e9nyeihez van szabva. A henger m\u00e9retei, r\u00f6gz\u00edt\u00e9si lehet\u0151s\u00e9gei \u00e9s anyagai tekintet\u00e9ben testreszabhat\u00f3, hogy z\u00f6kken\u0151mentesen integr\u00e1lhat\u00f3 legyen a teheraut\u00f3 hidraulikus rendszer\u00e9be. Ez a testreszab\u00e1si lehet\u0151s\u00e9g lehet\u0151v\u00e9 teszi a henger optim\u00e1lis teljes\u00edtm\u00e9ny\u00e9t \u00e9s hossz\u00fa \u00e9lettartam\u00e1t a d\u00f6mperek ig\u00e9nyes \u00fczemeltet\u00e9si k\u00f6r\u00fclm\u00e9nyei k\u00f6z\u00f6tt.<\/p>\n<h3>M\u0171k\u00f6d\u00e9si elvek:<\/h3>\n<p>Amikor a d\u00f6mpernek le kell raknia a rakom\u00e1ny\u00e1t, a hidraulikus rendszer aktiv\u00e1lja a gy\u00e1rilag testreszabott p\u00f3tkocsi hidraulikus henger\u00e9t. \u00cdme a henger m\u0171k\u00f6d\u00e9si elv\u00e9nek l\u00e9p\u00e9sr\u0151l l\u00e9p\u00e9sre t\u00f6rt\u00e9n\u0151 le\u00edr\u00e1sa:<\/p>\n<p>1. Kiterjeszt\u00e9si szakasz:<\/p>\n<p>Ahogy a hidraulikafolyad\u00e9k a hengerbe pump\u00e1l\u00f3dik, el\u0151sz\u00f6r a legkisebb fokozat kamr\u00e1j\u00e1ba jut. A nyom\u00e1s megn\u0151, ami a dugatty\u00fa kifel\u00e9 mozdul\u00e1s\u00e1t okozza. Ez a kiny\u00fal\u00e1si fokozat lehet\u0151v\u00e9 teszi a henger hossz\u00e1nak fokozatos n\u00f6vel\u00e9s\u00e9t, biztos\u00edtva a kezdeti emel\u0151er\u0151t.<\/p>\n<p>2. Szekvenci\u00e1lis szakaszok:<\/p>\n<p>Miut\u00e1n a legkisebb fokozat teljesen kitol\u00f3dott, a hidraulikafolyad\u00e9k tov\u00e1bb \u00e1ramlik a k\u00f6vetkez\u0151 nagyobb fokozatba. Ez a szekvenci\u00e1lis folyamat a henger minden fokozat\u00e1n\u00e1l megism\u00e9tl\u0151dik, a folyad\u00e9k fokozatosan felt\u00f6lti az egyes kamr\u00e1kat, \u00e9s tov\u00e1bb kitolja a dugatty\u00fat. A ford\u00edtott teleszk\u00f3pos henger szekvenci\u00e1lis fokozatai lehet\u0151v\u00e9 teszik az emel\u0151kapacit\u00e1s jelent\u0151s n\u00f6veked\u00e9s\u00e9t, mik\u00f6zben meg\u0151rzik a kompakt kialak\u00edt\u00e1st.<\/p>\n<p>3. Visszah\u00faz\u00e1si szakasz:<\/p>\n<p>Amikor elj\u00f6n a henger visszah\u00faz\u00e1s\u00e1nak ideje, a hidraulikus rendszer megford\u00edtja a folyad\u00e9k \u00e1raml\u00e1s\u00e1t. A visszah\u00faz\u00e1s a legnagyobb fokozatt\u00f3l kezd\u0151dik, fokozatosan ki\u00fcr\u00edtve a kamr\u00e1kat, \u00e9s lehet\u0151v\u00e9 t\u00e9ve a dugatty\u00fa visszah\u00faz\u00f3d\u00e1s\u00e1t. A fokozatok szekvenci\u00e1lis visszah\u00faz\u00e1sa biztos\u00edtja a d\u00f6mper plat\u00f3j\u00e1nak ellen\u0151rz\u00f6tt \u00e9s sima leereszt\u00e9s\u00e9t.<\/p>\n<p>A gy\u00e1rilag testreszabott p\u00f3tkocsi hidraulikus henger d\u00f6mperekhez l\u00e9tfontoss\u00e1g\u00fa alkatr\u00e9sz, amely lehet\u0151v\u00e9 teszi a hat\u00e9kony d\u00f6mperez\u00e9si m\u0171veleteket a neh\u00e9z teherg\u00e9pkocsikban. Innovat\u00edv kialak\u00edt\u00e1sa a gy\u00e1rilag testreszabotts\u00e1ggal p\u00e1rosulva optim\u00e1lis teljes\u00edtm\u00e9nyt \u00e9s tart\u00f3ss\u00e1got biztos\u00edt. Ak\u00e1r kis \u00e9p\u00edt\u00e9si ter\u00fcletr\u0151l, ak\u00e1r nagym\u00e9ret\u0171 b\u00e1ny\u00e1szati \u200b\u200b\u200b\u200bm\u0171veletr\u0151l van sz\u00f3, ez a hidraulikus henger biztos\u00edtja a nagy ig\u00e9nybev\u00e9telhez sz\u00fcks\u00e9ges teljes\u00edtm\u00e9nyt \u00e9s megb\u00edzhat\u00f3s\u00e1got.<\/p>\n<h3>Az FMP-r\u0151l<\/h3>\n<p>Az FMP egy hidraulikus hengerek gy\u00e1rt\u00e1s\u00e1ra \u00e9s \u00e9rt\u00e9kes\u00edt\u00e9s\u00e9re szakosodott v\u00e1llalat. Olaszorsz\u00e1gi sz\u00e9khely\u00fcnkkel sok\u00e9ves tapasztalattal rendelkez\u00fcnk az \u00e9p\u00edt\u0151ipari g\u00e9piparban, \u00e9s elk\u00f6telezett szakemberg\u00e1rd\u00e1val rendelkez\u00fcnk. Kiv\u00e1l\u00f3 min\u0151s\u00e9g\u0171 \u00e9s megb\u00edzhat\u00f3 hidraulikus hengereket, valamint \u00e9p\u00edt\u0151ipari g\u00e9palkatr\u00e9szek sz\u00e9les v\u00e1laszt\u00e9k\u00e1t \u00e9s komplett g\u00e9pmegold\u00e1sokat k\u00edn\u00e1lunk.<\/p>\n<p>\u00cdme 5 ok, ami\u00e9rt \u00e9rdemes az FMP-t v\u00e1lasztani:<\/p>\n<ol>\n<li>Sz\u00e9les term\u00e9kv\u00e1laszt\u00e9k: K\u00fcl\u00f6nf\u00e9le t\u00edpus\u00fa hidraulikus hengereket k\u00edn\u00e1lunk, bele\u00e9rtve az \u00e1ll\u00edthat\u00f3 kengyeles hengereket, teleszk\u00f3pos hengereket, hegesztett hengereket \u00e9s egyebeket. Soksz\u00edn\u0171 term\u00e9kk\u00edn\u00e1latunk biztos\u00edtja, hogy \u00fcgyfeleink egyedi ig\u00e9nyeit is ki tudjuk el\u00e9g\u00edteni.<\/li>\n<li>Kiv\u00e1l\u00f3 min\u0151s\u00e9g\u0171 alkatr\u00e9szek: Minden hidraulikus henger\u00fcnket kiv\u00e1l\u00f3 min\u0151s\u00e9g\u0171 alkatr\u00e9szekb\u0151l gy\u00e1rtjuk a tart\u00f3ss\u00e1g \u00e9s a teljes\u00edtm\u00e9ny biztos\u00edt\u00e1sa \u00e9rdek\u00e9ben. Szorosan egy\u00fcttm\u0171k\u00f6d\u00fcnk kiv\u00e1l\u00f3 min\u0151s\u00e9g\u0171 besz\u00e1ll\u00edt\u00f3kkal a szigor\u00fa min\u0151s\u00e9gi szabv\u00e1nyok fenntart\u00e1sa \u00e9rdek\u00e9ben.<\/li>\n<li>Szak\u00e9rt\u0151 \u00e9rt\u00e9kes\u00edt\u00e9si csapat: Tapasztalt \u00e9rt\u00e9kes\u00edt\u00e9si csapatunk j\u00e1rtas az \u00e9p\u00edt\u0151ipari g\u00e9piparban, \u00e9s meg\u00e9rti \u00fcgyfeleink v\u00e1ltoz\u00f3 ig\u00e9nyeit. Professzion\u00e1lis term\u00e9ktan\u00e1csad\u00e1st tudnak ny\u00fajtani, \u00e9s intelligens v\u00e1s\u00e1rl\u00e1si javaslatokat tudnak tenni.<\/li>\n<li>Hat\u00e9kony logisztika: Hat\u00e9kony logisztikai eloszt\u00e1si rendszerrel rendelkez\u00fcnk, amely biztos\u00edtja a sz\u00fcks\u00e9ges alkatr\u00e9szek id\u0151ben \u00e9s pontosan t\u00f6rt\u00e9n\u0151 kisz\u00e1ll\u00edt\u00e1s\u00e1t \u00fcgyfeleink sz\u00e1m\u00e1ra. Sz\u00e1m\u00edthat r\u00e1nk projektjei \u00fctemterv\u00e9nek betart\u00e1s\u00e1ban.<\/li>\n<li>Elk\u00f6telezetts\u00e9g az \u00fcgyf\u00e9l-el\u00e9gedetts\u00e9g ir\u00e1nt: Az FMP-n\u00e9l az \u00fcgyf\u00e9l-el\u00e9gedetts\u00e9g a legfontosabb priorit\u00e1sunk. Arra t\u00f6reksz\u00fcnk, hogy minden l\u00e9p\u00e9sben kiv\u00e1l\u00f3 szolg\u00e1ltat\u00e1st ny\u00fajtsunk, a term\u00e9kv\u00e1laszt\u00e1st\u00f3l az \u00e9rt\u00e9kes\u00edt\u00e9s ut\u00e1ni t\u00e1mogat\u00e1sig. Az \u00d6n sikere a mi siker\u00fcnk is.<\/li>\n<\/ol>\n<p><img decoding=\"async\" src=\"https:\/\/fmp-components.com\/wp-content\/uploads\/2024\/12\/Adjustable-Clevis-Type-Cylinders-6.webp\" alt=\"\u00c1ll\u00edthat\u00f3 kengyeles henger\" width=\"852\" title=\"\"><\/p>\n<p>Szerz\u0151: CX<\/p>","protected":false},"excerpt":{"rendered":"<p>Introducing the Factory Customized Trailer Hydraulic Cylinder for Dump Truck: The Factory Customized Trailer Hydraulic Cylinder for Dump Truck is a high-quality and efficient hydraulic component specially designed for dump trucks. With its advanced features and robust construction, this hydraulic cylinder plays a vital role in the smooth operation of dump trucks during the unloading [&hellip;]<\/p>","protected":false},"featured_media":1702,"comment_status":"closed","ping_status":"closed","template":"","meta":{"_et_pb_use_builder":"","_et_pb_old_content":"","_et_gb_content_width":""},"product_brand":[],"product_cat":[45],"product_tag":[34,48],"class_list":{"0":"post-1701","1":"product","2":"type-product","3":"status-publish","4":"has-post-thumbnail","6":"product_cat-inverted-telescopic-cylinder","7":"product_tag-hydraulic-cylinder","8":"product_tag-inverted-telescopic-cylinder","10":"first","11":"instock","12":"product-type-simple"},"_links":{"self":[{"href":"https:\/\/fmp-components.com\/hu\/wp-json\/wp\/v2\/product\/1701","targetHints":{"allow":["GET"]}}],"collection":[{"href":"https:\/\/fmp-components.com\/hu\/wp-json\/wp\/v2\/product"}],"about":[{"href":"https:\/\/fmp-components.com\/hu\/wp-json\/wp\/v2\/types\/product"}],"replies":[{"embeddable":true,"href":"https:\/\/fmp-components.com\/hu\/wp-json\/wp\/v2\/comments?post=1701"}],"wp:featuredmedia":[{"embeddable":true,"href":"https:\/\/fmp-components.com\/hu\/wp-json\/wp\/v2\/media\/1702"}],"wp:attachment":[{"href":"https:\/\/fmp-components.com\/hu\/wp-json\/wp\/v2\/media?parent=1701"}],"wp:term":[{"taxonomy":"product_brand","embeddable":true,"href":"https:\/\/fmp-components.com\/hu\/wp-json\/wp\/v2\/product_brand?post=1701"},{"taxonomy":"product_cat","embeddable":true,"href":"https:\/\/fmp-components.com\/hu\/wp-json\/wp\/v2\/product_cat?post=1701"},{"taxonomy":"product_tag","embeddable":true,"href":"https:\/\/fmp-components.com\/hu\/wp-json\/wp\/v2\/product_tag?post=1701"}],"curies":[{"name":"munkaf\u00fczet","href":"https:\/\/api.w.org\/{rel}","templated":true}]}}