{"id":1695,"date":"2024-12-23T07:01:59","date_gmt":"2024-12-23T07:01:59","guid":{"rendered":"https:\/\/fmp-components.com\/product\/factory-direct-sale-10-ton-dump-truck-hydraulic-cylinder-double-acting-hydraulic-cylinder\/"},"modified":"2025-03-11T06:06:28","modified_gmt":"2025-03-11T06:06:28","slug":"factory-direct-sale-10-ton-dump-truck-hydraulic-cylinder-double-acting-hydraulic-cylinder","status":"publish","type":"product","link":"https:\/\/fmp-components.com\/hu\/product\/factory-direct-sale-10-ton-dump-truck-hydraulic-cylinder-double-acting-hydraulic-cylinder\/","title":{"rendered":"Gy\u00e1ri k\u00f6zvetlen \u00e9rt\u00e9kes\u00edt\u00e9s 10 tonn\u00e1s d\u00f6mper hidraulikus henger kett\u0151s m\u0171k\u00f6d\u00e9s\u0171 hidraulikus henger"},"content":{"rendered":"<p>Gy\u00e1ri k\u00f6zvetlen \u00e9rt\u00e9kes\u00edt\u00e9s\u0171 10 tonn\u00e1s d\u00f6mper hidraulikus henger A kett\u0151s m\u0171k\u00f6d\u00e9s\u0171 hidraulikus henger egy cs\u00facskateg\u00f3ri\u00e1s hidraulikus henger, amelyet d\u00f6mperekhez terveztek. Kett\u0151s m\u0171k\u00f6d\u00e9s\u0171 kialak\u00edt\u00e1s\u00e1nak k\u00f6sz\u00f6nhet\u0151en ez a henger sz\u00e1mos alkalmaz\u00e1sban haszn\u00e1lhat\u00f3, bele\u00e9rtve a neh\u00e9z terhek emel\u00e9s\u00e9t \u00e9s s\u00fcllyeszt\u00e9s\u00e9t, sima \u00e9s prec\u00edz vez\u00e9rl\u00e9st biztos\u00edtva mindk\u00e9t ir\u00e1nyban.<\/p>\n<p><img decoding=\"async\" src=\"https:\/\/hzpt.com\/wp-content\/uploads\/2023\/11\/Inverted-Telescopic-Cylinder-4.webp\" alt=\"\" title=\"\"><\/p>\n<p>A prec\u00edz \u00e9s gondos kidolgoz\u00e1snak k\u00f6sz\u00f6nhet\u0151en ez a hidraulikus henger kiemelked\u0151 szil\u00e1rds\u00e1ggal \u00e9s tart\u00f3ss\u00e1ggal b\u00fcszk\u00e9lkedhet, \u00edgy megb\u00edzhat\u00f3 v\u00e1laszt\u00e1s nagy ig\u00e9nybev\u00e9tel\u0171 alkalmaz\u00e1sokhoz. A henger nagy szil\u00e1rds\u00e1g\u00fa ac\u00e9lszerkezettel rendelkezik, \u00e9s \u00fagy tervezt\u00e9k, hogy ellen\u00e1lljon a sz\u00e9ls\u0151s\u00e9ges h\u0151m\u00e9rs\u00e9kleteknek \u00e9s a zord munkak\u00f6r\u00fclm\u00e9nyeknek, biztos\u00edtva az optim\u00e1lis teljes\u00edtm\u00e9nyt \u00e9s a hossz\u00fa \u00e9lettartamot.<\/p>\n<p>A henger fejlett kialak\u00edt\u00e1sa sz\u00e1mos innovat\u00edv funkci\u00f3t is mag\u00e1ban foglal, mint p\u00e9ld\u00e1ul a prec\u00edzi\u00f3san megmunk\u00e1lt dugatty\u00farudak, a kiv\u00e1l\u00f3 min\u0151s\u00e9g\u0171 t\u00f6m\u00edt\u00e9sek \u00e9s a fejlett hidraulikus rendszerek, amelyek mind egy\u00fcttesen kiv\u00e9teles teljes\u00edtm\u00e9nyt, hat\u00e9konys\u00e1got \u00e9s megb\u00edzhat\u00f3s\u00e1got biztos\u00edtanak.<\/p>\n<table style=\"width: 100%;\" border=\"1\" width=\"100%\" cellspacing=\"0\" cellpadding=\"0\">\n<tbody>\n<tr>\n<th>Term\u00e9k neve<\/th>\n<td>10 tonn\u00e1s d\u00f6mper hidraulikus henger<\/td>\n<\/tr>\n<tr>\n<th>\u00c1llapot<\/th>\n<td>\u00daj<\/td>\n<\/tr>\n<tr>\n<th>T\u00edpus<\/th>\n<td>Kett\u0151s m\u0171k\u00f6d\u00e9s\u0171 hidraulikus henger<\/td>\n<\/tr>\n<tr>\n<th>Szerkezet<\/th>\n<td>Standard dugatty\u00fas henger<\/td>\n<\/tr>\n<tr>\n<th>\u00c1ramforr\u00e1s<\/th>\n<td>Hidraulikafolyad\u00e9k<\/td>\n<\/tr>\n<tr>\n<th>Tervez\u00e9s<\/th>\n<td>Ford\u00edtott teleszk\u00f3pos<\/td>\n<\/tr>\n<tr>\n<th>Anyag<\/th>\n<td>Tart\u00f3s ac\u00e9l<\/td>\n<\/tr>\n<tr>\n<th>Max. tol\u00f3er\u0151<\/th>\n<td>3000<\/td>\n<\/tr>\n<tr>\n<th>Max. h\u00faz\u00f3er\u0151<\/th>\n<td>20 tonna<\/td>\n<\/tr>\n<tr>\n<th>Furatm\u00e9ret<\/th>\n<td>2\u20136 h\u00fcvelyk<\/td>\n<\/tr>\n<tr>\n<th>R\u00fad m\u00e9rete<\/th>\n<td>1,125 \u2013 4 h\u00fcvelyk<\/td>\n<\/tr>\n<tr>\n<th>Ecsetvon\u00e1s m\u00e9rete<\/th>\n<td>6\u201348 h\u00fcvelyk<\/td>\n<\/tr>\n<tr>\n<th>Cs\u00edp\u0151m\u00e9ret<\/th>\n<td>0,5 \u2013 2 h\u00fcvelyk<\/td>\n<\/tr>\n<tr>\n<th>Tan\u00fas\u00edtv\u00e1ny<\/th>\n<td>ISO 9001:2000<\/td>\n<\/tr>\n<tr>\n<th>Sz\u00edn<\/th>\n<td>Eleg\u00e1ns fekete<\/td>\n<\/tr>\n<tr>\n<th>Garancia<\/th>\n<td>1 \u00e9v<\/td>\n<\/tr>\n<tr>\n<th>Alapvet\u0151 \u00f6sszetev\u0151k<\/th>\n<td>Csap\u00e1gy, dugatty\u00fahenger<\/td>\n<\/tr>\n<\/tbody>\n<\/table>\n<h2>A 10 tonn\u00e1s d\u00f6mper hidraulikus henger jellemz\u0151i<\/h2>\n<p>Ez a hidraulikus henger sz\u00e1mos leny\u0171g\u00f6z\u0151 tulajdons\u00e1ggal b\u00fcszk\u00e9lkedhet:<\/p>\n<ol>\n<li>Kett\u0151s m\u0171k\u00f6d\u00e9s\u0171: Ez azt jelenti, hogy k\u00e9t ir\u00e1nyban k\u00e9pes hidraulikus m\u0171veleteket v\u00e9grehajtani, ami nagyobb rugalmass\u00e1got \u00e9s hat\u00e9konys\u00e1got biztos\u00edt.<\/li>\n<li>Ford\u00edtott teleszk\u00f3pos kialak\u00edt\u00e1s: Ez a kialak\u00edt\u00e1s hosszabb l\u00f6kethosszt tesz lehet\u0151v\u00e9, ami n\u00f6veli a henger \u00e1ltal\u00e1nos hat\u00e9konys\u00e1g\u00e1t \u00e9s sokoldal\u00fas\u00e1g\u00e1t.<\/li>\n<li>Nagy maxim\u00e1lis tol\u00f3er\u0151 \u00e9s h\u00faz\u00f3er\u0151: A 3000 tonn\u00e1s maxim\u00e1lis tol\u00f3er\u0151vel \u00e9s a 20 tonn\u00e1s maxim\u00e1lis h\u00faz\u00f3er\u0151vel ez a henger k\u00f6nnyed\u00e9n kezeli a neh\u00e9z terheket.<\/li>\n<li>Tart\u00f3s anyag: Ac\u00e9lb\u00f3l k\u00e9sz\u00fclt, ez a henger robusztus \u00e9s tart\u00f3s, \u00edgy hossz\u00fa t\u00e1v\u00fa megb\u00edzhat\u00f3s\u00e1got \u00e9s teljes\u00edtm\u00e9nyt biztos\u00edt.<\/li>\n<li>Egy \u00e9v garancia: Ez a term\u00e9k egy \u00e9v garanci\u00e1val rendelkezik, \u00edgy nyugodt lehet, \u00e9s befektet\u00e9se biztons\u00e1gban lehet.<\/li>\n<\/ol>\n<h2>10 tonn\u00e1s d\u00f6mper hidraulikus henger alkalmaz\u00e1sai<\/h2>\n<p>Robusztus kialak\u00edt\u00e1s\u00e1nak \u00e9s sokoldal\u00fas\u00e1g\u00e1nak k\u00f6sz\u00f6nhet\u0151en ez a hidraulikus henger sz\u00e9les k\u00f6r\u0171 alkalmaz\u00e1sokhoz alkalmas:<\/p>\n<ol>\n<li>Gy\u00e1rt\u00f3\u00fczemek: Neh\u00e9zg\u00e9pek \u00fczemeltet\u00e9s\u00e9hez \u00e9s anyagmozgat\u00e1shoz haszn\u00e1lj\u00e1k.<\/li>\n<li>G\u00e9pjav\u00edt\u00f3 m\u0171helyek: Elengedhetetlenek olyan jav\u00edt\u00e1si \u00e9s karbantart\u00e1si feladatokhoz, amelyek neh\u00e9zg\u00e9palkatr\u00e9szek emel\u00e9s\u00e9t vagy mozgat\u00e1s\u00e1t ig\u00e9nylik.<\/li>\n<li>Gazdas\u00e1gok: K\u00fcl\u00f6nb\u00f6z\u0151 mez\u0151gazdas\u00e1gi g\u00e9pekben haszn\u00e1lj\u00e1k olyan feladatokhoz, mint az emel\u00e9s, tol\u00e1s \u00e9s h\u00faz\u00e1s.<\/li>\n<li>Energia \u00e9s b\u00e1ny\u00e1szat: \u00c1s\u00e1si, f\u00far\u00e1si \u00e9s er\u0151forr\u00e1s-kitermel\u00e9si berendez\u00e9sekben haszn\u00e1lj\u00e1k.<\/li>\n<li>G\u00e9pgy\u00e1rt\u00e1s: Nagy g\u00e9pek \u00e9s berendez\u00e9sek \u00f6sszeszerel\u00e9s\u00e9nek \u00e9s sz\u00e9tszerel\u00e9s\u00e9nek szerves r\u00e9sze.<\/li>\n<\/ol>\n<p><img decoding=\"async\" src=\"https:\/\/hzpt.com\/wp-content\/uploads\/2023\/11\/Inverted-Telescopic-Cylinder-Applications.webp\" alt=\"Ford\u00edtott teleszk\u00f3pos henger alkalmaz\u00e1sok\" title=\"\"><\/p>\n<h2>M\u0171k\u00f6d\u00e9si elv \u00e9s karbantart\u00e1si m\u00f3dszerek<\/h2>\n<p>A hidraulikus henger egy egyszer\u0171, m\u00e9gis hat\u00e9kony elven m\u0171k\u00f6dik. A hidraulikafolyad\u00e9kot a hengerbe pump\u00e1lj\u00e1k, ami nyom\u00e1st hoz l\u00e9tre. Ez a nyom\u00e1s hat a dugatty\u00fara, mozg\u00e1sra k\u00e9szteti azt \u00e9s kimeneti er\u0151t gener\u00e1l. A kett\u0151s m\u0171k\u00f6d\u00e9s\u0171 kialak\u00edt\u00e1s azt jelenti, hogy a folyad\u00e9k mindk\u00e9t ir\u00e1nyba pump\u00e1lhat\u00f3, lehet\u0151v\u00e9 t\u00e9ve a dugatty\u00fa el\u0151re-h\u00e1tra mozg\u00e1s\u00e1t.<\/p>\n<p>Ami a karbantart\u00e1st illeti, a legfontosabb:<\/p>\n<ol>\n<li style=\"list-style-type: none;\">\n<ol>\n<li>Rendszeresen ellen\u0151rizze a hengert kop\u00e1s, s\u00e9r\u00fcl\u00e9s vagy sziv\u00e1rg\u00e1s jelei szempontj\u00e1b\u00f3l.<\/li>\n<li>Rendszeresen tiszt\u00edtsa a hengert, hogy megakad\u00e1lyozza a szennyez\u0151d\u00e9s \u00e9s t\u00f6rmel\u00e9k felhalmoz\u00f3d\u00e1s\u00e1t.<\/li>\n<li>Kenje meg a mozg\u00f3 alkatr\u00e9szeket a s\u00farl\u00f3d\u00e1s \u00e9s a kop\u00e1s cs\u00f6kkent\u00e9se \u00e9rdek\u00e9ben.<\/li>\n<li>Rendszeres ellen\u0151rz\u00e9seket \u00e9s jav\u00edt\u00e1sokat v\u00e9gezzen a probl\u00e9m\u00e1k korai felismer\u00e9se \u00e9s megold\u00e1sa \u00e9rdek\u00e9ben.<\/li>\n<li>Cser\u00e9lje ki a t\u00f6m\u00edt\u00e9seket sz\u00fcks\u00e9g szerint a sziv\u00e1rg\u00e1sok megel\u0151z\u00e9se \u00e9s az optim\u00e1lis teljes\u00edtm\u00e9ny fenntart\u00e1sa \u00e9rdek\u00e9ben.<\/li>\n<li>A karbantart\u00e1si ir\u00e1nyelvek \u00e9s \u00fctemtervek tekintet\u00e9ben k\u00f6vesse a kezel\u00e9si \u00fatmutat\u00f3t.<\/li>\n<\/ol>\n<\/li>\n<\/ol>\n<p><img decoding=\"async\" src=\"https:\/\/hzpt.com\/wp-content\/uploads\/2023\/11\/Inverted-Telescopic-Cylinder-8.webp\" alt=\"\" title=\"\"><\/p>\n<h2>Ford\u00edtott teleszk\u00f3pos henger<\/h2>\n<p>Az invert\u00e1lt teleszk\u00f3pos henger, m\u00e1s n\u00e9ven egyszeres m\u0171k\u00f6d\u00e9s\u0171 teleszk\u00f3pos henger, egy hidraulikus m\u0171k\u00f6dtet\u0151, amely t\u00f6bb egym\u00e1sba \u00e1gyazott fokozatb\u00f3l \u00e1ll, ahol minden fokozat a nagyobbikba h\u00faz\u00f3dik vissza. Ezeket a hengereket gyakran haszn\u00e1lj\u00e1k k\u00fcl\u00f6nf\u00e9le neh\u00e9zg\u00e9pj\u00e1rm\u0171vekben, p\u00e9ld\u00e1ul d\u00f6mperekben, darukban \u00e9s kotr\u00f3g\u00e9pekben.<\/p>\n<h3>Az invert\u00e1lt teleszk\u00f3pos henger jellemz\u0151i<\/h3>\n<p>Az al\u00e1bbiakban a ford\u00edtott teleszk\u00f3pos hengerek n\u00e9h\u00e1ny f\u0151bb jellemz\u0151j\u00e9t ismertetj\u00fck:<\/p>\n<ul>\n<li>Nagy l\u00f6ketek kisebb visszah\u00fazott hosszal<\/li>\n<li>Rendk\u00edv\u00fcl hat\u00e9kony helykihaszn\u00e1l\u00e1s, \u00edgy ide\u00e1lisak korl\u00e1tozott hellyel rendelkez\u0151 g\u00e9pekhez<\/li>\n<li>Nagy szil\u00e1rds\u00e1g \u00e9s tart\u00f3ss\u00e1g a kiv\u00e1l\u00f3 min\u0151s\u00e9g\u0171 anyagok, p\u00e9ld\u00e1ul a kr\u00f3mozott ac\u00e9l felhaszn\u00e1l\u00e1s\u00e1nak k\u00f6sz\u00f6nhet\u0151en<\/li>\n<li>Nagy terhel\u00e9st is elb\u00edr, \u00e9s zord k\u00f6r\u00fclm\u00e9nyek k\u00f6z\u00f6tt is \u00e1lland\u00f3 teljes\u00edtm\u00e9nyt ny\u00fajt<\/li>\n<\/ul>\n<h3>A ford\u00edtott teleszk\u00f3pos henger m\u0171k\u00f6d\u00e9si elve<\/h3>\n<p>Amikor nyom\u00e1st gyakorolunk a dugatty\u00far\u00fadra, az kiny\u00falik a hengerb\u0151l, ami a be\u00e1gyazott fokozatok kiny\u00fal\u00e1s\u00e1t is okozza. Ez a ny\u00fal\u00e1s addig folytat\u00f3dik, am\u00edg a dugatty\u00far\u00fad el nem \u00e9ri a l\u00f6ket\u00e9nek v\u00e9g\u00e9t. A henger visszah\u00faz\u00f3dik, amikor a nyom\u00e1s megsz\u0171nik, \u00e9s a be\u00e1gyazott fokozatok visszah\u00faz\u00f3dnak a nagyobbikba.<\/p>\n<p>Egy ford\u00edtott teleszk\u00f3pos henger dugatty\u00far\u00fadja jellemz\u0151en a legkisebb fokozat v\u00e9g\u00e9hez van r\u00f6gz\u00edtve. A dugatty\u00fa a legnagyobb fokozat belsej\u00e9ben tal\u00e1lhat\u00f3, \u00e9s a hidraulikafolyad\u00e9k jellemz\u0151en a henger alj\u00e1n l\u00e9v\u0151 ny\u00edl\u00e1son kereszt\u00fcl jut be.<\/p>\n<h3>Ford\u00edtott teleszk\u00f3pos henger alkalmaz\u00e1sai<\/h3>\n<p>A ford\u00edtott teleszk\u00f3pos hengereket gyakran haszn\u00e1lj\u00e1k d\u00f6mperekben, amelyek hidraulikus hengerekre szorulnak a plat\u00f3 emel\u00e9s\u00e9hez \u00e9s billent\u00e9s\u00e9hez a kirakod\u00e1shoz. Ezeket a hengereket \u00e9p\u00edt\u0151ipari berendez\u00e9sekben, p\u00e9ld\u00e1ul kotr\u00f3g\u00e9pekben is haszn\u00e1lj\u00e1k a g\u00e9m \u00e9s a kar mozg\u00e1s\u00e1nak szab\u00e1lyoz\u00e1s\u00e1ra.<\/p>\n<p>A kett\u0151s m\u0171k\u00f6d\u00e9s\u0171 hidraulikus henger egy m\u00e1sik t\u00edpus\u00fa hidraulikus henger, amely k\u00fcl\u00f6nf\u00e9le neh\u00e9z alkalmaz\u00e1sokban haszn\u00e1lhat\u00f3. Gy\u00e1ri k\u00f6zvetlen \u00e9rt\u00e9kes\u00edt\u00e9s\u0171 10 tonn\u00e1s d\u00f6mper hidraulikus henger A kett\u0151s m\u0171k\u00f6d\u00e9s\u0171 hidraulikus henger ide\u00e1lis megold\u00e1s, ha a m\u0171k\u00f6dtet\u0151nek el\u0151re-h\u00e1tra kell mozognia, p\u00e9ld\u00e1ul hidraulikus pr\u00e9s vagy emel\u0151 eset\u00e9n. Ezek a hengerek egy dugatty\u00fab\u00f3l \u00e1llnak, amely mindk\u00e9t ir\u00e1nyban mozoghat, \u00e9s a hidraulikafolyad\u00e9k a dugatty\u00fa mindk\u00e9t oldal\u00e1ra jut a mozg\u00e1s\u00e1nak szab\u00e1lyoz\u00e1s\u00e1ra.<\/p>\n<p>A ford\u00edtott teleszk\u00f3pos henger n\u00e9lk\u00fcl\u00f6zhetetlen alkatr\u00e9sz k\u00fcl\u00f6nf\u00e9le neh\u00e9zg\u00e9pekhez, bele\u00e9rtve a d\u00f6mpereket \u00e9s az \u00e9p\u00edt\u0151ipari berendez\u00e9seket. Ezek a hengerek megb\u00edzhat\u00f3 \u00e9s hat\u00e9kony m\u00f3dot k\u00edn\u00e1lnak a neh\u00e9zg\u00e9pek mozg\u00e1s\u00e1nak szab\u00e1lyoz\u00e1s\u00e1ra, \u00edgy m\u00e9g zord k\u00f6r\u00fclm\u00e9nyek k\u00f6z\u00f6tt is \u00e1lland\u00f3 teljes\u00edtm\u00e9nyt ny\u00fajtanak. A hengerek m\u0171k\u00f6d\u00e9s\u00e9nek \u00e9s alkalmaz\u00e1si ter\u00fcleteinek meg\u00e9rt\u00e9s\u00e9vel a gy\u00e1rt\u00f3k megalapozott d\u00f6nt\u00e9seket hozhatnak arr\u00f3l, hogy milyen t\u00edpus\u00fa hidraulikus m\u0171k\u00f6dtet\u0151t haszn\u00e1ljanak az adott ig\u00e9nyeiknek megfelel\u0151en.<\/p>\n<p><img decoding=\"async\" src=\"https:\/\/hzpt.com\/wp-content\/uploads\/2023\/11\/Inverted-Telescopic-Cylinder-Manufacturers.webp\" alt=\"HZPT hidraulikus g\u00e9pek gy\u00e1rt\u00f3\u00fczeme\" title=\"\"><\/p>\n<h3>Az FMP-r\u0151l<\/h3>\n<p>Az FMP egy hidraulikus hengerek gy\u00e1rt\u00e1s\u00e1ra \u00e9s \u00e9rt\u00e9kes\u00edt\u00e9s\u00e9re szakosodott v\u00e1llalat. A kiv\u00e1l\u00f3 min\u0151s\u00e9g\u0171 \u00e9p\u00edt\u0151ipari g\u00e9palkatr\u00e9szek \u00e9s komplett g\u00e9pi megold\u00e1sok sz\u00e1ll\u00edt\u00e1s\u00e1ra \u00f6sszpontos\u00edtva megb\u00edzhat\u00f3 partnerr\u00e9 v\u00e1ltunk az ipar\u00e1gban. Olaszorsz\u00e1gi sz\u00e9khely\u00fcnkkel sok\u00e9ves tapasztalatunk \u00e9s professzion\u00e1lis csapatunk biztos\u00edtja, hogy \u00fcgyfeleink sz\u00e1m\u00e1ra els\u0151 oszt\u00e1ly\u00fa term\u00e9keket \u00e9s szolg\u00e1ltat\u00e1sokat ny\u00fajtsunk.<\/p>\n<p><strong>Term\u00e9kk\u00edn\u00e1latunk:<\/strong><\/p>\n<ol>\n<li><strong>Mez\u0151gazdas\u00e1gi g\u00e9pek sebess\u00e9gv\u00e1lt\u00f3i:<\/strong> Sz\u00e9les v\u00e1laszt\u00e9kban k\u00edn\u00e1lunk kifejezetten mez\u0151gazdas\u00e1gi g\u00e9pekhez tervezett sebess\u00e9gv\u00e1lt\u00f3kat. Ezek a sebess\u00e9gv\u00e1lt\u00f3k tart\u00f3sak \u00e9s hat\u00e9konyak, \u00edgy biztos\u00edtva a sima \u00e9s megb\u00edzhat\u00f3 m\u0171k\u00f6d\u00e9st.<\/li>\n<li><strong>Hidraulikus hengerek:<\/strong> Hidraulikus hengereinket a legmagasabb szabv\u00e1nyok szerint gy\u00e1rtjuk, hogy kiv\u00e1l\u00f3 teljes\u00edtm\u00e9nyt \u00e9s tart\u00f3ss\u00e1got biztos\u00edtsunk. \u00dagy tervezt\u00fck \u0151ket, hogy ellen\u00e1lljanak a nagy terhel\u00e9seknek \u00e9s a zord \u00fczemi k\u00f6r\u00fclm\u00e9nyeknek, biztos\u00edtva az optim\u00e1lis hat\u00e9konys\u00e1got \u00e9s megb\u00edzhat\u00f3s\u00e1got.<\/li>\n<li><strong>Bolyg\u00f3m\u0171ves sebess\u00e9gv\u00e1lt\u00f3k:<\/strong> Olyan bolyg\u00f3kerekes hajt\u00f3m\u0171veket k\u00edn\u00e1lunk, amelyeket prec\u00edzi\u00f3s \u00e9s tart\u00f3s tervez\u00e9snek vetett\u00fcnk al\u00e1. Ezek a hajt\u00f3m\u0171vek nagy nyomat\u00e9kkapacit\u00e1st \u00e9s sima m\u0171k\u00f6d\u00e9st k\u00edn\u00e1lnak, \u00edgy ide\u00e1lisak az \u00e9p\u00edt\u0151ipari g\u00e9pipar k\u00fcl\u00f6nf\u00e9le alkalmaz\u00e1saihoz.<\/li>\n<li><strong>Ipari sebess\u00e9gv\u00e1lt\u00f3k:<\/strong> Ipari sebess\u00e9gv\u00e1lt\u00f3ink v\u00e1laszt\u00e9k\u00e1t \u00fagy tervezt\u00fck, hogy megfeleljenek a k\u00fcl\u00f6nb\u00f6z\u0151 ipar\u00e1gak v\u00e1ltozatos ig\u00e9nyeinek. Ezek a sebess\u00e9gv\u00e1lt\u00f3k megb\u00edzhat\u00f3s\u00e1gukr\u00f3l, hat\u00e9konys\u00e1gukr\u00f3l \u00e9s hossz\u00fa \u00e9lettartamukr\u00f3l ismertek.<\/li>\n<li><strong>Mez\u0151gazdas\u00e1gi g\u00e9pek alkatr\u00e9szei \u00e9s tartoz\u00e9kai:<\/strong> A sebess\u00e9gv\u00e1lt\u00f3k \u00e9s hidraulikus hengerek mellett mez\u0151gazdas\u00e1gi g\u00e9palkatr\u00e9szek \u00e9s tartoz\u00e9kok \u00e1tfog\u00f3 v\u00e1laszt\u00e9k\u00e1t is k\u00edn\u00e1ljuk. Ezeket az alkatr\u00e9szeket gondosan v\u00e1logatjuk \u00f6ssze a kompatibilit\u00e1s \u00e9s az optim\u00e1lis teljes\u00edtm\u00e9ny biztos\u00edt\u00e1sa \u00e9rdek\u00e9ben.<\/li>\n<\/ol>\n<p><strong>C\u00e9g\u00fcnk el\u0151nyei:<\/strong><\/p>\n<ol>\n<li><strong>Szigor\u00fa min\u0151s\u00e9gi szabv\u00e1nyok:<\/strong> Hossz\u00fa t\u00e1v\u00fa \u00e9s stabil kapcsolatokat \u00e9p\u00edtett\u00fcnk ki kiv\u00e1l\u00f3 min\u0151s\u00e9g\u0171 besz\u00e1ll\u00edt\u00f3kkal belf\u00f6ld\u00f6n \u00e9s k\u00fclf\u00f6ld\u00f6n egyar\u00e1nt. Ez lehet\u0151v\u00e9 teszi sz\u00e1munkra, hogy biztos\u00edtsuk, hogy minden \u00e1ltalunk sz\u00e1ll\u00edtott alkatr\u00e9sz megfeleljen a szigor\u00fa min\u0151s\u00e9gi el\u0151\u00edr\u00e1soknak.<\/li>\n<li><strong>Tapasztalt \u00e9rt\u00e9kes\u00edt\u00e9si csapat:<\/strong> \u00c9rt\u00e9kes\u00edt\u00e9si csapatunk sz\u00e9lesk\u00f6r\u0171 ismeretekkel rendelkezik az \u00e9p\u00edt\u0151ipari g\u00e9pipar fejleszt\u00e9si trendjeir\u0151l \u00e9s \u00fcgyf\u00e9lig\u00e9nyeir\u0151l. Professzion\u00e1lis term\u00e9ktan\u00e1csad\u00e1st \u00e9s intelligens v\u00e1s\u00e1rl\u00e1si javaslatokat ny\u00fajtanak, hogy seg\u00edts\u00e9k \u00fcgyfeleinket megalapozott d\u00f6nt\u00e9seket hozni.<\/li>\n<li><strong>Hat\u00e9kony logisztikai disztrib\u00faci\u00f3:<\/strong> Hat\u00e9kony logisztikai eloszt\u00e1si rendszerrel rendelkez\u00fcnk, amely biztos\u00edtja, hogy \u00fcgyfeleink id\u0151ben \u00e9s pontosan megkapj\u00e1k a sz\u00fcks\u00e9ges alkatr\u00e9szeket. Ez minim\u00e1lis \u00e1ll\u00e1sid\u0151t \u00e9s maxim\u00e1lis termel\u00e9kenys\u00e9get tesz lehet\u0151v\u00e9.<\/li>\n<li><strong>Megb\u00edzhat\u00f3 szolg\u00e1ltat\u00e1s:<\/strong> \u00dcgyfeleink el\u00e9gedetts\u00e9g\u00e9t helyezz\u00fck el\u0151t\u00e9rbe, \u00e9s mindenkor arra t\u00f6reksz\u00fcnk, hogy kiv\u00e1l\u00f3 szolg\u00e1ltat\u00e1st ny\u00fajtsunk. Elk\u00f6telezett csapatunk mindig k\u00e9szen \u00e1ll, hogy megv\u00e1laszolja a k\u00e9rd\u00e9seket vagy agg\u00e1lyokat, biztos\u00edtva \u00fcgyfeleink sz\u00e1m\u00e1ra a z\u00f6kken\u0151mentes \u00e9s probl\u00e9mamentes \u00e9lm\u00e9nyt.<\/li>\n<li><strong>Folyamatos fejleszt\u00e9s:<\/strong> Elk\u00f6telezettek vagyunk a folyamatos fejleszt\u00e9s \u00e9s az ipar\u00e1g leg\u00fajabb fejleszt\u00e9seinek k\u00f6vet\u00e9se ir\u00e1nt. Ez lehet\u0151v\u00e9 teszi sz\u00e1munkra, hogy innovat\u00edv megold\u00e1sokat k\u00edn\u00e1ljunk, \u00e9s meg\u0151rizz\u00fck poz\u00edci\u00f3nkat, mint az \u00e9p\u00edt\u0151ipari g\u00e9palkatr\u00e9szek \u00e9s komplett g\u00e9pek megb\u00edzhat\u00f3 sz\u00e1ll\u00edt\u00f3ja.<\/li>\n<\/ol>\n<p><img decoding=\"async\" src=\"https:\/\/fmp-components.com\/wp-content\/uploads\/2024\/12\/Adjustable-Clevis-Type-Cylinders-6.webp\" alt=\"\u00c1ll\u00edthat\u00f3 kengyeles henger\" width=\"849\" title=\"\"><br \/>\nSzerz\u0151: CX<\/p>","protected":false},"excerpt":{"rendered":"<p>Factory Direct Sale 10 Ton Dump Truck Hydraulic Cylinder Double Acting Hydraulic Cylinder is a top-of-the-line hydraulic cylinder designed for use in dump trucks. With its double-acting design, this cylinder can be used in a variety of applications, including lifting and lowering heavy loads, providing smooth and precise control in both directions. Crafted with precision [&hellip;]<\/p>","protected":false},"featured_media":1696,"comment_status":"closed","ping_status":"closed","template":"","meta":{"_et_pb_use_builder":"","_et_pb_old_content":"","_et_gb_content_width":""},"product_brand":[],"product_cat":[45],"product_tag":[34,48],"class_list":{"0":"post-1695","1":"product","2":"type-product","3":"status-publish","4":"has-post-thumbnail","6":"product_cat-inverted-telescopic-cylinder","7":"product_tag-hydraulic-cylinder","8":"product_tag-inverted-telescopic-cylinder","10":"first","11":"instock","12":"product-type-simple"},"_links":{"self":[{"href":"https:\/\/fmp-components.com\/hu\/wp-json\/wp\/v2\/product\/1695","targetHints":{"allow":["GET"]}}],"collection":[{"href":"https:\/\/fmp-components.com\/hu\/wp-json\/wp\/v2\/product"}],"about":[{"href":"https:\/\/fmp-components.com\/hu\/wp-json\/wp\/v2\/types\/product"}],"replies":[{"embeddable":true,"href":"https:\/\/fmp-components.com\/hu\/wp-json\/wp\/v2\/comments?post=1695"}],"wp:featuredmedia":[{"embeddable":true,"href":"https:\/\/fmp-components.com\/hu\/wp-json\/wp\/v2\/media\/1696"}],"wp:attachment":[{"href":"https:\/\/fmp-components.com\/hu\/wp-json\/wp\/v2\/media?parent=1695"}],"wp:term":[{"taxonomy":"product_brand","embeddable":true,"href":"https:\/\/fmp-components.com\/hu\/wp-json\/wp\/v2\/product_brand?post=1695"},{"taxonomy":"product_cat","embeddable":true,"href":"https:\/\/fmp-components.com\/hu\/wp-json\/wp\/v2\/product_cat?post=1695"},{"taxonomy":"product_tag","embeddable":true,"href":"https:\/\/fmp-components.com\/hu\/wp-json\/wp\/v2\/product_tag?post=1695"}],"curies":[{"name":"munkaf\u00fczet","href":"https:\/\/api.w.org\/{rel}","templated":true}]}}