{"id":1693,"date":"2024-12-23T07:01:59","date_gmt":"2024-12-23T07:01:59","guid":{"rendered":"https:\/\/fmp-components.com\/product\/premium-quality-stainless-steel-long-stroke-hydraulic-cylinder-for-dump-truck\/"},"modified":"2025-03-11T06:06:18","modified_gmt":"2025-03-11T06:06:18","slug":"premium-quality-stainless-steel-long-stroke-hydraulic-cylinder-for-dump-truck","status":"publish","type":"product","link":"https:\/\/fmp-components.com\/hu\/product\/premium-quality-stainless-steel-long-stroke-hydraulic-cylinder-for-dump-truck\/","title":{"rendered":"Pr\u00e9mium min\u0151s\u00e9g\u0171 rozsdamentes ac\u00e9l hossz\u00fa l\u00f6ket\u0171 hidraulikus henger d\u00f6mperhez"},"content":{"rendered":"<h2>Bemutatjuk a pr\u00e9mium min\u0151s\u00e9g\u0171 rozsdamentes ac\u00e9l hossz\u00fa l\u00f6ket\u0171 hidraulikus hengert d\u00f6mperekhez:<\/h2>\n<p>Ez a hidraulikus henger kifejezetten d\u00f6mperekhez k\u00e9sz\u00fclt, kiv\u00e9teles teljes\u00edtm\u00e9nyt \u00e9s tart\u00f3ss\u00e1got biztos\u00edtva. Kiv\u00e1l\u00f3 min\u0151s\u00e9g\u0171 rozsdamentes ac\u00e9lb\u00f3l k\u00e9sz\u00fclt, ami biztos\u00edtja a korr\u00f3zi\u00f3- \u00e9s kop\u00e1s\u00e1ll\u00f3s\u00e1got m\u00e9g zord munkak\u00f6r\u00fclm\u00e9nyek k\u00f6z\u00f6tt is. A henger hossz\u00fa l\u00f6ket\u0171 kialak\u00edt\u00e1sa nagyobb mozg\u00e1startom\u00e1nyt tesz lehet\u0151v\u00e9, lehet\u0151v\u00e9 t\u00e9ve a neh\u00e9z terhek hat\u00e9kony emel\u00e9s\u00e9t \u00e9s \u00fcr\u00edt\u00e9s\u00e9t.<\/p>\n<p>Pr\u00e9mium min\u0151s\u00e9g\u0171 konstrukci\u00f3j\u00e1nak k\u00f6sz\u00f6nhet\u0151en ez a hidraulikus henger kiemelked\u0151 szil\u00e1rds\u00e1got \u00e9s stabilit\u00e1st k\u00edn\u00e1l. \u00dagy tervezt\u00e9k, hogy ellen\u00e1lljon a nagy ig\u00e9nybev\u00e9tel\u0171 alkalmaz\u00e1sok k\u00f6vetelm\u00e9nyeinek, megb\u00edzhat\u00f3 \u00e9s k\u00f6vetkezetes teljes\u00edtm\u00e9nyt ny\u00fajtva. A rozsdamentes ac\u00e9l anyag n\u00f6veli a hossz\u00fa \u00e9lettartam\u00e1t, cs\u00f6kkentve a gyakori karbantart\u00e1s \u00e9s csere sz\u00fcks\u00e9gess\u00e9g\u00e9t.<\/p>\n<p>Fejlett hidraulikus technol\u00f3gi\u00e1val felszerelve, ez a henger sima \u00e9s prec\u00edz m\u0171k\u00f6d\u00e9st biztos\u00edt. Robusztus dugatty\u00fa- \u00e9s hengerrendszerrel rendelkezik, amely hat\u00e9kony er\u0151\u00e1tvitelt \u00e9s hat\u00e9kony teherkezel\u00e9st tesz lehet\u0151v\u00e9. A nagynyom\u00e1s\u00fa t\u00f6m\u00edt\u00e9sek megakad\u00e1lyozz\u00e1k a sziv\u00e1rg\u00e1sokat, biztos\u00edtva az optim\u00e1lis teljes\u00edtm\u00e9nyt \u00e9s minimaliz\u00e1lva az \u00e1ll\u00e1sid\u0151t.<\/p>\n<p><img decoding=\"async\" src=\"https:\/\/hzpt.com\/wp-content\/uploads\/2023\/11\/Inverted-Telescopic-Cylinder-23.webp\" alt=\"\" title=\"\"><\/p>\n<p>Tov\u00e1bb\u00e1, ez a hidraulikus henger k\u00f6nnyen telep\u00edthet\u0151 \u00e9s kompatibilis a k\u00fcl\u00f6nf\u00e9le m\u00e1rk\u00e1j\u00fa \u00e9s t\u00edpus\u00fa d\u00f6mperekkel. Prec\u00edzen tervezt\u00e9k, hogy megfeleljen a d\u00f6mperalkalmaz\u00e1sok speci\u00e1lis k\u00f6vetelm\u00e9nyeinek, garant\u00e1lva a z\u00f6kken\u0151mentes integr\u00e1ci\u00f3t \u00e9s az optim\u00e1lis teljes\u00edtm\u00e9nyt.<\/p>\n<p>\u00d6sszefoglalva, a pr\u00e9mium min\u0151s\u00e9g\u0171 rozsdamentes ac\u00e9l hossz\u00fa l\u00f6ket\u0171 hidraulikus henger d\u00f6mperekhez egy megb\u00edzhat\u00f3 \u00e9s nagy teljes\u00edtm\u00e9ny\u0171 alkatr\u00e9sz, amely n\u00f6veli a d\u00f6mperek hat\u00e9konys\u00e1g\u00e1t \u00e9s termel\u00e9kenys\u00e9g\u00e9t. Tart\u00f3s konstrukci\u00f3ja, fejlett hidraulikus technol\u00f3gi\u00e1ja \u00e9s egyszer\u0171 telep\u00edt\u00e9se \u00e9rt\u00e9kes eszk\u00f6zz\u00e9 teszi b\u00e1rmilyen d\u00f6mperg\u00e9p \u00fczemeltet\u00e9s\u00e9hez. Tapasztalja meg a prec\u00edzi\u00f3 erej\u00e9t rozsdamentes ac\u00e9l hossz\u00fa l\u00f6ket\u0171 hidraulikus henger\u00fcnkkel d\u00f6mperekhez. Ez egy kiv\u00e1l\u00f3 min\u0151s\u00e9g\u0171 term\u00e9k, amelyet kifejezetten a legnehezebb k\u00f6r\u00fclm\u00e9nyek k\u00f6z\u00f6tt is nagy teljes\u00edtm\u00e9ny biztos\u00edt\u00e1s\u00e1ra terveztek. Pr\u00e9mium min\u0151s\u00e9g\u0171 rozsdamentes ac\u00e9lb\u00f3l k\u00e9sz\u00fclt, massz\u00edv, tart\u00f3s \u00e9s hossz\u00fa t\u00e1v\u00fa haszn\u00e1latra k\u00e9sz\u00fclt. Az \u00faj \u00e1llapotjelz\u0151 c\u00edmk\u00e9vel \u00e9s az egy\u00e9ves garanci\u00e1val ez a hidraulikus henger a megb\u00edzhat\u00f3s\u00e1g \u00e9s a kiv\u00e1l\u00f3 szerviz garanci\u00e1j\u00e1t hordozza mag\u00e1ban. Ez egy szabv\u00e1nyos term\u00e9k, amelyet \u00fagy szabtak testre, hogy z\u00f6kken\u0151mentesen illeszkedjen a d\u00f6mperg\u00e9phez, \u00e9s kiemelked\u0151 teljes\u00edtm\u00e9nyt ny\u00fajtson.<\/p>\n<h2>A rozsdamentes ac\u00e9l hossz\u00fa l\u00f6ket\u0171 hidraulikus henger jellemz\u0151i<\/h2>\n<ul>\n<li><strong>Kiv\u00e1l\u00f3 min\u0151s\u00e9g:<\/strong> A kiv\u00e1l\u00f3 min\u0151s\u00e9g\u0171 rozsdamentes ac\u00e9lb\u00f3l k\u00e9sz\u00fclt hidraulikus henger tart\u00f3ss\u00e1got \u00e9s robusztus teljes\u00edtm\u00e9nyt garant\u00e1l.<\/li>\n<li><strong>Hossz\u00fa l\u00f6ket\u0171 kialak\u00edt\u00e1s:<\/strong> A meghosszabb\u00edtott l\u00f6kethossz maxim\u00e1lis teljes\u00edtm\u00e9nyt biztos\u00edt, n\u00f6velve a d\u00f6mperaut\u00f3 m\u0171k\u00f6d\u00e9si hat\u00e9konys\u00e1g\u00e1t.<\/li>\n<li><strong>Egy \u00e9v garancia:<\/strong> Egy \u00e9v garanci\u00e1t k\u00edn\u00e1lunk a f\u0151 alkatr\u00e9szekre, bele\u00e9rtve a csap\u00e1gyat \u00e9s a dugatty\u00fahengert is, \u00edgy \u00d6n nyugodt lehet.<\/li>\n<li><strong>ISO min\u0151s\u00edt\u00e9s\u0171:<\/strong> Ez a term\u00e9k ISO9001:2000 tan\u00fas\u00edtv\u00e1nnyal rendelkezik, ami biztos\u00edtja, hogy megfeleljen a nemzetk\u00f6zi min\u0151s\u00e9gi el\u0151\u00edr\u00e1soknak.<\/li>\n<li><strong>Er\u0151teljes teljes\u00edtm\u00e9ny:<\/strong> Maxim\u00e1lis tol\u00f3ereje 3000 tonna, maxim\u00e1lis h\u00faz\u00f3ereje pedig 20 tonna, \u00edgy ez a hidraulikus henger nagy teljes\u00edtm\u00e9nyt ny\u00fajt.<\/li>\n<\/ul>\n<h2>A rozsdamentes ac\u00e9l hossz\u00fa l\u00f6ket\u0171 hidraulikus henger alkalmaz\u00e1sai<\/h2>\n<ul>\n<li><strong>Billen\u0151 teheraut\u00f3k:<\/strong> Ez a hidraulikus henger kifejezetten d\u00f6mperekhez k\u00e9sz\u00fclt, n\u00f6velve azok be- \u00e9s kirakod\u00e1si hat\u00e9konys\u00e1g\u00e1t.<\/li>\n<li><strong>Gy\u00e1rt\u00f3\u00fczemek:<\/strong> K\u00fcl\u00f6nb\u00f6z\u0151 gy\u00e1rt\u00f3\u00fczemekben haszn\u00e1lhat\u00f3 neh\u00e9zg\u00e9pek \u00fczemeltet\u00e9s\u00e9hez.<\/li>\n<li><strong>G\u00e9pjav\u00edt\u00f3 m\u0171helyek:<\/strong> Ezt a term\u00e9ket g\u00e9pjav\u00edt\u00f3 m\u0171helyekben is haszn\u00e1lj\u00e1k r\u00e9gi vagy elkopott hidraulikus hengerek cser\u00e9j\u00e9re.<\/li>\n<li><strong>B\u00e1nyaipar:<\/strong> Alkalmaz\u00e1st tal\u00e1l a b\u00e1ny\u00e1szati \u200b\u200biparban, k\u00fcl\u00f6nf\u00e9le neh\u00e9zg\u00e9p-m\u0171veletekhez.<\/li>\n<li><strong>Mez\u0151gazdas\u00e1gi g\u00e9pek:<\/strong> A hidraulikus henger mez\u0151gazdas\u00e1gi g\u00e9pekben is haszn\u00e1lhat\u00f3 k\u00fcl\u00f6nf\u00e9le feladatokhoz.<\/li>\n<\/ul>\n<p><img decoding=\"async\" src=\"https:\/\/hzpt.com\/wp-content\/uploads\/2023\/11\/Inverted-Telescopic-Cylinder-Applications.webp\" alt=\"Ford\u00edtott teleszk\u00f3pos henger alkalmaz\u00e1sok\" title=\"\"><\/p>\n<h2>A hidraulikus henger m\u0171k\u00f6d\u00e9si elve \u00e9s karbantart\u00e1sa<\/h2>\n<p>A hidraulikus henger a hidraulikus folyad\u00e9k bemeneti \u00e9s kimeneti erej\u00e9nek elv\u00e9n m\u0171k\u00f6dik. Egy dugatty\u00fab\u00f3l \u00e9s egy hengerb\u0151l \u00e1ll, amelyekbe a hidraulikus folyad\u00e9k bel\u00e9p. Ahogy a folyad\u00e9k nyom\u00e1s al\u00e1 ker\u00fcl, kimeneti er\u0151t hoz l\u00e9tre, amely mozgatja a dugatty\u00fat. A dugatty\u00fanak ezt a mozg\u00e1s\u00e1t ezut\u00e1n mechanikai munk\u00e1ra haszn\u00e1lja fel.<\/p>\n<p>A hidraulikus henger karbantart\u00e1sa a k\u00f6vetkez\u0151ket foglalja mag\u00e1ban:<\/p>\n<ul>\n<li style=\"list-style-type: none;\">\n<ul>\n<li><strong>Rendszeres ellen\u0151rz\u00e9s:<\/strong> Rendszeresen ellen\u0151rizze a hengert kop\u00e1s \u00e9s elhaszn\u00e1l\u00f3d\u00e1s jelei szempontj\u00e1b\u00f3l, \u00e9s gy\u0151z\u0151dj\u00f6n meg arr\u00f3l, hogy j\u00f3 m\u0171k\u00f6d\u00e9si \u00e1llapotban van.<\/li>\n<li><strong>Tiszt\u00edt\u00e1s:<\/strong> Tartsa tiszt\u00e1n a hengert, hogy megakad\u00e1lyozza a szennyez\u0151d\u00e9sek vagy t\u00f6rmel\u00e9k bejut\u00e1s\u00e1t a hengerbe, \u00e9s ez\u00e1ltal annak k\u00e1rosod\u00e1s\u00e1t.<\/li>\n<li><strong>Ken\u00e9s:<\/strong> Rendszeresen kenje meg a henger mozg\u00f3 r\u00e9szeit a zavartalan m\u0171k\u00f6d\u00e9s biztos\u00edt\u00e1sa \u00e9rdek\u00e9ben.<\/li>\n<li><strong>T\u00f6m\u00edt\u00e9s csere:<\/strong> A henger t\u00f6m\u00edt\u00e9seit rendszeresen cser\u00e9lni kell a hidraulikafolyad\u00e9k sziv\u00e1rg\u00e1s\u00e1nak megakad\u00e1lyoz\u00e1sa \u00e9rdek\u00e9ben.<\/li>\n<li><strong>A k\u00f6vetkez\u0151 kezel\u00e9si \u00fatmutat\u00f3:<\/strong> A hidraulikus henger megfelel\u0151 m\u0171k\u00f6dtet\u00e9s\u00e9hez \u00e9s karbantart\u00e1s\u00e1hoz mindig k\u00f6vesse a kezel\u00e9si \u00fatmutat\u00f3t.<img decoding=\"async\" src=\"https:\/\/hzpt.com\/wp-content\/uploads\/2023\/11\/Inverted-Telescopic-Cylinder-21.webp\" alt=\"\" title=\"\"><\/li>\n<\/ul>\n<\/li>\n<\/ul>\n<h2>Ford\u00edtott teleszk\u00f3pos henger<\/h2>\n<p>Pr\u00e9mium min\u0151s\u00e9g\u0171 rozsdamentes ac\u00e9lb\u00f3l k\u00e9sz\u00fclt, hossz\u00fa l\u00f6ket\u0171 hidraulikus munkahenger d\u00f6mperekhez. Az inverz teleszk\u00f3pos henger egy egyedi t\u00edpus\u00fa hidraulikus munkahenger, amelynek dugatty\u00far\u00fadja egy r\u00f6gz\u00edtett alaphoz van r\u00f6gz\u00edtve, mik\u00f6zben maga a henger a r\u00fad ment\u00e9n mozog. Ez a kialak\u00edt\u00e1s hosszabb l\u00f6kethosszt \u00e9s r\u00f6videbb beh\u00fazott hossz\u00fas\u00e1got tesz lehet\u0151v\u00e9, \u00edgy ide\u00e1lis d\u00f6mperekhez \u00e9s m\u00e1s neh\u00e9z teherb\u00edr\u00e1s\u00fa alkalmaz\u00e1sokhoz.<\/p>\n<h3>Az invert\u00e1lt teleszk\u00f3pos henger jellemz\u0151i<\/h3>\n<ul>\n<li><strong>Nagynyom\u00e1s\u00fa t\u00f6m\u00edt\u00e9sek:<\/strong> A ford\u00edtott teleszk\u00f3pos henger kiv\u00e1l\u00f3 min\u0151s\u00e9g\u0171 t\u00f6m\u00edt\u00e9sekkel van felszerelve, amelyek k\u00e9pesek ellen\u00e1llni a nagy nyom\u00e1snak. Ez biztos\u00edtja a henger sim\u00e1n \u00e9s sziv\u00e1rg\u00e1smentes m\u0171k\u00f6d\u00e9s\u00e9t.<\/li>\n<li><strong>Hossz\u00fa l\u00f6kethossz:<\/strong> A ford\u00edtott teleszk\u00f3pos henger kialak\u00edt\u00e1sa hosszabb l\u00f6kethosszt tesz lehet\u0151v\u00e9 a hagyom\u00e1nyos hidraulikus hengerekhez k\u00e9pest, \u00edgy ide\u00e1lis d\u00f6mperekhez \u00e9s m\u00e1s neh\u00e9zg\u00e9pj\u00e1rm\u0171vekhez.<\/li>\n<li><strong>Kis beh\u00fazott hossz:<\/strong> A ford\u00edtott teleszk\u00f3pos henger kisebb beh\u00fazott hossza t\u00f6bb helyet biztos\u00edt a d\u00f6mper alv\u00e1z\u00e1ban, \u00edgy k\u00f6nnyebb a telep\u00edt\u00e9s \u00e9s az \u00fczemeltet\u00e9s.<\/li>\n<li><strong>Sima m\u0171k\u00f6d\u00e9s:<\/strong> A ford\u00edtott teleszk\u00f3pos henger sim\u00e1n \u00e9s prec\u00edzen m\u0171k\u00f6dik, lehet\u0151v\u00e9 t\u00e9ve a neh\u00e9z terhek pontos \u00e9s hat\u00e9kony emel\u00e9s\u00e9t \u00e9s \u00fcr\u00edt\u00e9s\u00e9t.<\/li>\n<li><strong>K\u00f6nny\u0171 karbantart\u00e1s:<\/strong> A ford\u00edtott teleszk\u00f3pos henger kialak\u00edt\u00e1sa megk\u00f6nny\u00edti a karbantart\u00e1st \u00e9s a jav\u00edt\u00e1st, cs\u00f6kkentve az \u00e1ll\u00e1sid\u0151t \u00e9s n\u00f6velve a termel\u00e9kenys\u00e9get.<\/li>\n<\/ul>\n<h3>Az invert\u00e1lt teleszk\u00f3pos henger alkatr\u00e9szei<\/h3>\n<p>A ford\u00edtott teleszk\u00f3pos henger t\u00f6bb alkatr\u00e9szb\u0151l \u00e1ll, amelyek egy\u00fcttesen biztos\u00edtj\u00e1k a sima \u00e9s hat\u00e9kony m\u0171k\u00f6d\u00e9st. Ezek az alkatr\u00e9szek a k\u00f6vetkez\u0151k:<\/p>\n<ul>\n<li><strong>Dugatty\u00fa:<\/strong> A dugatty\u00fa a henger azon alkot\u00f3eleme, amely a r\u00fad ment\u00e9n mozog, \u00e9s l\u00e9trehozza a neh\u00e9z terhek felemel\u00e9s\u00e9hez \u00e9s lerak\u00e1s\u00e1hoz sz\u00fcks\u00e9ges er\u0151t.<\/li>\n<li><strong>Henger:<\/strong> A henger a henger k\u00fcls\u0151 h\u00e9ja, amely a dugatty\u00far\u00fad ment\u00e9n mozog.<\/li>\n<li><strong>T\u00f6m\u00edt\u00e9sek:<\/strong> A t\u00f6m\u00edt\u00e9sek azok az alkatr\u00e9szek, amelyek megakad\u00e1lyozz\u00e1k a sziv\u00e1rg\u00e1st \u00e9s lehet\u0151v\u00e9 teszik a henger zavartalan m\u0171k\u00f6d\u00e9s\u00e9t.<\/li>\n<li><strong>B\u00e1zis:<\/strong> Az alap a henger \u00e1ll\u00f3 alkatr\u00e9sze, amelyhez a dugatty\u00far\u00fad csatlakozik.<\/li>\n<li><strong>R\u00fad:<\/strong> A r\u00fad az az alkatr\u00e9sz, amely \u00f6sszek\u00f6ti a dugatty\u00fat az alappal, \u00e9s lehet\u0151v\u00e9 teszi az er\u0151\u00e1tvitelt.<\/li>\n<\/ul>\n<h3>Ford\u00edtott teleszk\u00f3pos henger alkalmaz\u00e1sai<\/h3>\n<p>A ford\u00edtott teleszk\u00f3pos henger egy sokoldal\u00fa hidraulikus henger, amely sz\u00e1mos neh\u00e9z teher emel\u00e9si \u00e9s \u00fcr\u00edt\u00e9si alkalmaz\u00e1sban alkalmazhat\u00f3. A ford\u00edtott teleszk\u00f3pos henger n\u00e9h\u00e1ny gyakori alkalmaz\u00e1sa:<\/p>\n<ul>\n<li><strong>Billen\u0151 teheraut\u00f3k:<\/strong> A ford\u00edtott teleszk\u00f3pos henger ide\u00e1lis d\u00f6mperekhez a hossz\u00fa l\u00f6kethossz \u00e9s a kis visszah\u00fazott hossza miatt.<\/li>\n<li><strong>Neh\u00e9zg\u00e9pek:<\/strong> A ford\u00edtott teleszk\u00f3pos henger neh\u00e9zg\u00e9pekben, p\u00e9ld\u00e1ul darukban \u00e9s kotr\u00f3g\u00e9pekben is haszn\u00e1lhat\u00f3.<\/li>\n<li><strong>Mez\u0151gazdas\u00e1g:<\/strong> A ford\u00edtott teleszk\u00f3pos henger mez\u0151gazdas\u00e1gi alkalmaz\u00e1sokban, p\u00e9ld\u00e1ul term\u00e9nyek \u00e9s egy\u00e9b anyagok emel\u00e9s\u00e9ben \u00e9s lerak\u00e1s\u00e1ban haszn\u00e1lhat\u00f3.<\/li>\n<li><strong>B\u00e1ny\u00e1szati:<\/strong> A ford\u00edtott teleszk\u00f3pos henger b\u00e1ny\u00e1szati \u200b\u200b\u200b\u200bm\u0171veletekben alkalmazhat\u00f3 neh\u00e9z terhek emel\u00e9s\u00e9re \u00e9s lerak\u00e1s\u00e1ra.<\/li>\n<\/ul>\n<p>\u00d6sszefoglalva, a ford\u00edtott teleszk\u00f3pos henger egy egyed\u00fcl\u00e1ll\u00f3 t\u00edpus\u00fa hidraulikus henger, amely sz\u00e1mos el\u0151nnyel rendelkezik a hagyom\u00e1nyos hengerekkel szemben. Nagynyom\u00e1s\u00fa t\u00f6m\u00edt\u00e9seivel, hossz\u00fa l\u00f6kethossz\u00e1val, kis visszah\u00fazott hossz\u00e1val, sima m\u0171k\u00f6d\u00e9s\u00e9vel \u00e9s egyszer\u0171 karbantart\u00e1s\u00e1val ide\u00e1lis v\u00e1laszt\u00e1s neh\u00e9z emel\u00e9si \u00e9s \u00fcr\u00edt\u00e9si alkalmaz\u00e1sokhoz. Sokoldal\u00fas\u00e1g\u00e1nak k\u00f6sz\u00f6nhet\u0151en sz\u00e1mos ipar\u00e1gban alkalmazhat\u00f3, a d\u00f6mperekt\u0151l \u00e9s neh\u00e9zg\u00e9pekt\u0151l kezdve a mez\u0151gazdas\u00e1gon \u00e9s a b\u00e1ny\u00e1szaton \u00e1t.<\/p>\n<h3>Az FMP-r\u0151l \u2013 Hidraulikus henger<\/h3>\n<p>Ha megb\u00edzhat\u00f3 \u00e9s kiv\u00e1l\u00f3 min\u0151s\u00e9g\u0171 hidraulikus hengereket keres, j\u00f3 helyen j\u00e1r. Az FMP egy j\u00f3 h\u00edr\u0171 c\u00e9g, amely \u00e9p\u00edt\u0151ipari g\u00e9palkatr\u00e9szek \u00e9s komplett g\u00e9pek \u00e9rt\u00e9kes\u00edt\u00e9s\u00e9re \u00e9s szervizel\u00e9s\u00e9re specializ\u00e1l\u00f3dott. Az ipar\u00e1gban szerzett sok\u00e9ves tapasztalattal \u00e9s professzion\u00e1lis csapattal \u00fcgyfeleinknek cs\u00facskateg\u00f3ri\u00e1s hidraulikus hengereket biztos\u00edtunk, amelyeket az \u0151 egyedi ig\u00e9nyeik kiel\u00e9g\u00edt\u00e9s\u00e9re tervezt\u00fcnk.<\/p>\n<p>\u00cdme \u00f6t ok, ami\u00e9rt az FMP-t kellene v\u00e1lasztania hidraulikus hengereihez:<\/p>\n<p>1. Sz\u00e9les term\u00e9kv\u00e1laszt\u00e9k: Az FMP-n\u00e9l hidraulikus hengerek sz\u00e9les v\u00e1laszt\u00e9k\u00e1t k\u00edn\u00e1ljuk, bele\u00e9rtve az \u00e1ll\u00edthat\u00f3 kengyeles hengereket, a hegesztett kengyeles hengereket \u00e9s sok m\u00e1st. Term\u00e9keink k\u00fcl\u00f6nf\u00e9le \u00e9p\u00edt\u0151ipari g\u00e9pekhez alkalmasak, bele\u00e9rtve a mez\u0151gazdas\u00e1gi g\u00e9peket, ipari g\u00e9peket \u00e9s egyebeket.<\/p>\n<p>2. Kiv\u00e1l\u00f3 min\u0151s\u00e9g\u0171 anyagok: Term\u00e9keinkben kiz\u00e1r\u00f3lag kiv\u00e1l\u00f3 min\u0151s\u00e9g\u0171 anyagokat haszn\u00e1lunk, biztos\u00edtva, hogy azok megfeleljenek a szigor\u00fa min\u0151s\u00e9gi el\u0151\u00edr\u00e1soknak. Hidraulikus hengereink kiv\u00e1l\u00f3 min\u0151s\u00e9g\u0171 ac\u00e9lb\u00f3l k\u00e9sz\u00fclnek, ami tart\u00f3ss\u00e1got \u00e9s hossz\u00fa \u00e9lettartamot biztos\u00edt.<\/p>\n<p>3. Szakmai tan\u00e1csad\u00e1s: Tapasztalt \u00e9rt\u00e9kes\u00edt\u00e9si csapatunk mindig k\u00e9szen \u00e1ll a szakmai konzult\u00e1ci\u00f3ra \u00e9s tan\u00e1csad\u00e1sra. Meg\u00e9rtj\u00fck az \u00e9p\u00edt\u0151ipari g\u00e9pipar fejleszt\u00e9si trendjeit \u00e9s \u00fcgyf\u00e9lig\u00e9nyeit, \u00e9s seg\u00edthet\u00fcnk kiv\u00e1lasztani az \u00d6n ig\u00e9nyeinek megfelel\u0151 hidraulikus hengert.<\/p>\n<p>4. Hat\u00e9kony logisztikai eloszt\u00f3rendszer: Hat\u00e9kony logisztikai eloszt\u00f3rendszerrel rendelkez\u00fcnk, amely biztos\u00edtja, hogy \u00fcgyfeleink id\u0151ben \u00e9s pontosan megkapj\u00e1k a sz\u00fcks\u00e9ges alkatr\u00e9szeket. Ez azt jelenti, hogy sz\u00e1m\u00edthat r\u00e1nk, hogy hidraulikus henger\u00e9t akkor sz\u00e1ll\u00edtjuk, amikor sz\u00fcks\u00e9ge van r\u00e1.<\/p>\n<p>5. Versenyk\u00e9pes \u00e1rak: Az FMP-n\u00e9l versenyk\u00e9pes \u00e1ron k\u00edn\u00e1ljuk term\u00e9keinket, a min\u0151s\u00e9g fel\u00e1ldoz\u00e1sa n\u00e9lk\u00fcl. Hissz\u00fck, hogy mindenkinek hozz\u00e1 kell f\u00e9rnie a kiv\u00e1l\u00f3 min\u0151s\u00e9g\u0171 hidraulikus hengerekhez megfizethet\u0151 \u00e1ron.<\/p>\n<p>Teh\u00e1t, ha megb\u00edzhat\u00f3 \u00e9s professzion\u00e1lis hidraulikus hengerek besz\u00e1ll\u00edt\u00f3j\u00e1t keresi, az FMP az ide\u00e1lis v\u00e1laszt\u00e1s. L\u00e9pjen kapcsolatba vel\u00fcnk m\u00e9g ma, hogy t\u00f6bbet megtudjon term\u00e9keinkr\u0151l \u00e9s szolg\u00e1ltat\u00e1sainkr\u00f3l.<\/p>\n<p><img decoding=\"async\" src=\"https:\/\/fmp-components.com\/wp-content\/uploads\/2024\/12\/Adjustable-Clevis-Type-Cylinders-6.webp\" alt=\"\u00c1ll\u00edthat\u00f3 kengyeles henger\" width=\"848\" title=\"\"><br \/>\nSzerz\u0151: CX<\/p>","protected":false},"excerpt":{"rendered":"<p>Introducing the Premium Quality Stainless Steel Long Stroke Hydraulic Cylinder for Dump Truck: This hydraulic cylinder is specifically designed for dump trucks, providing exceptional performance and durability. It is made from high-grade stainless steel, ensuring its resistance to corrosion and wear, even in harsh working conditions. The long stroke design of this cylinder allows for [&hellip;]<\/p>","protected":false},"featured_media":1694,"comment_status":"closed","ping_status":"closed","template":"","meta":{"_et_pb_use_builder":"","_et_pb_old_content":"","_et_gb_content_width":""},"product_brand":[],"product_cat":[45],"product_tag":[34,48],"class_list":{"0":"post-1693","1":"product","2":"type-product","3":"status-publish","4":"has-post-thumbnail","6":"product_cat-inverted-telescopic-cylinder","7":"product_tag-hydraulic-cylinder","8":"product_tag-inverted-telescopic-cylinder","10":"first","11":"instock","12":"product-type-simple"},"_links":{"self":[{"href":"https:\/\/fmp-components.com\/hu\/wp-json\/wp\/v2\/product\/1693","targetHints":{"allow":["GET"]}}],"collection":[{"href":"https:\/\/fmp-components.com\/hu\/wp-json\/wp\/v2\/product"}],"about":[{"href":"https:\/\/fmp-components.com\/hu\/wp-json\/wp\/v2\/types\/product"}],"replies":[{"embeddable":true,"href":"https:\/\/fmp-components.com\/hu\/wp-json\/wp\/v2\/comments?post=1693"}],"wp:featuredmedia":[{"embeddable":true,"href":"https:\/\/fmp-components.com\/hu\/wp-json\/wp\/v2\/media\/1694"}],"wp:attachment":[{"href":"https:\/\/fmp-components.com\/hu\/wp-json\/wp\/v2\/media?parent=1693"}],"wp:term":[{"taxonomy":"product_brand","embeddable":true,"href":"https:\/\/fmp-components.com\/hu\/wp-json\/wp\/v2\/product_brand?post=1693"},{"taxonomy":"product_cat","embeddable":true,"href":"https:\/\/fmp-components.com\/hu\/wp-json\/wp\/v2\/product_cat?post=1693"},{"taxonomy":"product_tag","embeddable":true,"href":"https:\/\/fmp-components.com\/hu\/wp-json\/wp\/v2\/product_tag?post=1693"}],"curies":[{"name":"munkaf\u00fczet","href":"https:\/\/api.w.org\/{rel}","templated":true}]}}