{"id":1691,"date":"2024-12-23T07:01:59","date_gmt":"2024-12-23T07:01:59","guid":{"rendered":"https:\/\/fmp-components.com\/product\/chinese-factory-dump-truck-4-stage-long-stroke-hydraulic-cylinder\/"},"modified":"2025-03-18T02:15:29","modified_gmt":"2025-03-18T02:15:29","slug":"italy-factory-dump-truck-4-stage-long-stroke-hydraulic-cylinder","status":"publish","type":"product","link":"https:\/\/fmp-components.com\/hu\/product\/italy-factory-dump-truck-4-stage-long-stroke-hydraulic-cylinder\/","title":{"rendered":"Olaszorsz\u00e1g gy\u00e1ri d\u00f6mper 4 fokozat\u00fa hossz\u00fa l\u00f6ket\u0171 hidraulikus henger"},"content":{"rendered":"<h2>Bemutatkozik az olasz gy\u00e1ri d\u00f6mperekhez val\u00f3 4 fokozat\u00fa, hossz\u00fa l\u00f6ket\u0171 hidraulikus henger:<\/h2>\n<p>Az olasz gy\u00e1ri d\u00f6mperekhez val\u00f3 4 fokozat\u00fa, hossz\u00fa l\u00f6ket\u0171 hidraulikus henger egy rendk\u00edv\u00fcl sokoldal\u00fa \u00e9s tart\u00f3s hidraulikus henger, amelyet kifejezetten d\u00f6mperekhez terveztek. Fejlett technol\u00f3gi\u00e1j\u00e1nak \u00e9s prec\u00edzi\u00f3s m\u00e9rn\u00f6ki munk\u00e1j\u00e1nak k\u00f6sz\u00f6nhet\u0151en ez a hidraulikus henger kiv\u00e9teles teljes\u00edtm\u00e9nyt \u00e9s megb\u00edzhat\u00f3s\u00e1got k\u00edn\u00e1l k\u00fcl\u00f6nf\u00e9le alkalmaz\u00e1sokhoz.<\/p>\n<p>A 4 fokozat\u00fa, hossz\u00fa l\u00f6ket\u0171 kialak\u00edt\u00e1snak k\u00f6sz\u00f6nhet\u0151en ez a hidraulikus henger nagyobb kiny\u00fal\u00e1st \u00e9s emel\u0151kapacit\u00e1st biztos\u00edt, \u00edgy ide\u00e1lis nagy teherb\u00edr\u00e1s\u00fa d\u00f6mperekhez. Robusztus konstrukci\u00f3ja kiv\u00e1l\u00f3 szil\u00e1rds\u00e1got \u00e9s kop\u00e1s\u00e1ll\u00f3s\u00e1got biztos\u00edt, lehet\u0151v\u00e9 t\u00e9ve a hat\u00e9kony \u00e9s biztons\u00e1gos m\u0171k\u00f6d\u00e9st m\u00e9g neh\u00e9z munkak\u00f6r\u00fclm\u00e9nyek k\u00f6z\u00f6tt is.<\/p>\n<p>A legmodernebb hidraulikus alkatr\u00e9szekkel felszerelt henger sima \u00e9s prec\u00edz mozg\u00e1sokat biztos\u00edt, biztos\u00edtva a \u00fcr\u00edt\u00e9si folyamat pontos ir\u00e1ny\u00edt\u00e1s\u00e1t. Nagynyom\u00e1s\u00fa k\u00e9pess\u00e9gei lehet\u0151v\u00e9 teszik az anyagok gyors \u00e9s hat\u00e9kony emel\u00e9s\u00e9t \u00e9s \u00fcr\u00edt\u00e9s\u00e9t, n\u00f6velve a termel\u00e9kenys\u00e9get \u00e9s cs\u00f6kkentve az \u00e1ll\u00e1sid\u0151t.<\/p>\n<p>Az olasz gy\u00e1ri d\u00f6mperekhez val\u00f3 4 fokozat\u00fa, hossz\u00fa l\u00f6ket\u0171 hidraulikus henger kiv\u00e1l\u00f3 min\u0151s\u00e9g\u0171 anyagokb\u00f3l \u00e9s szigor\u00fa min\u0151s\u00e9gellen\u0151rz\u00e9si int\u00e9zked\u00e9sekkel k\u00e9sz\u00fcl, garant\u00e1lva a kiv\u00e1l\u00f3 teljes\u00edtm\u00e9nyt \u00e9s a hossz\u00fa \u00e9lettartamot. Szigor\u00fa tesztel\u00e9sen esik \u00e1t annak biztos\u00edt\u00e1sa \u00e9rdek\u00e9ben, hogy megfeleljen \u00e9s meghaladja az ipar\u00e1gi szabv\u00e1nyokat, \u00edgy megb\u00edzhat\u00f3 v\u00e1laszt\u00e1s a d\u00f6mperek \u00fczemeltet\u0151i sz\u00e1m\u00e1ra.<\/p>\n<p>\u00d6sszefoglalva, az olasz gy\u00e1ri d\u00f6mperekhez val\u00f3 4 fokozat\u00fa, hossz\u00fa l\u00f6ket\u0171 hidraulikus henger egy cs\u00facskateg\u00f3ri\u00e1s hidraulikus henger, amely \u00f6tv\u00f6zi a tart\u00f3ss\u00e1got, a hat\u00e9konys\u00e1got \u00e9s a precizit\u00e1st. Kiv\u00e9teles teljes\u00edtm\u00e9ny\u00e9vel \u00e9s megb\u00edzhat\u00f3s\u00e1g\u00e1val n\u00e9lk\u00fcl\u00f6zhetetlen alkatr\u00e9sze a d\u00f6mpereknek, lehet\u0151v\u00e9 t\u00e9ve a z\u00f6kken\u0151mentes \u00e9s hat\u00e9kony d\u00f6mperez\u00e9si m\u0171veleteket a k\u00fcl\u00f6nb\u00f6z\u0151 ipar\u00e1gakban.<\/p>\n<h2>Bemutatkozik a n\u00e9gyfokozat\u00fa, hossz\u00fa l\u00f6ket\u0171 hidraulikus henger d\u00f6mperekhez<\/h2>\n<p>Az olasz gy\u00e1r nemr\u00e9giben piacra dobott egy vadonat\u00faj hidraulikus hengert, amely k\u00fcl\u00f6nf\u00e9le ipar\u00e1gak, t\u00f6bbek k\u00f6z\u00f6tt gy\u00e1rt\u00f3\u00fczemek, g\u00e9pjav\u00edt\u00f3 m\u0171helyek, mez\u0151gazdas\u00e1gi \u00fczemek, energia- \u00e9s b\u00e1ny\u00e1szat, g\u00e9pgy\u00e1rt\u00e1s \u00e9s g\u00e9pgy\u00e1rak sz\u00e1m\u00e1ra alkalmas. Ez a hidraulikus henger egy \u00e9v garanci\u00e1val \u00e9s g\u00e9pteszt-jelent\u00e9ssel rendelkezik, amely biztos\u00edtja a min\u0151s\u00e9g\u00e9t. A f\u0151 alkatr\u00e9szek, bele\u00e9rtve a csap\u00e1gyat \u00e9s a dugatty\u00fas hengert, szabv\u00e1nyosak \u00e9s ac\u00e9lb\u00f3l k\u00e9sz\u00fcltek, \u00edgy robusztusak \u00e9s tart\u00f3sak. A hidraulikus henger s\u00falya 43 kg, \u00e9s vide\u00f3s kimeneti ellen\u0151rz\u00e9ssel rendelkezik.<\/p>\n<h2>A 4 fokozat\u00fa hossz\u00fa l\u00f6ket\u0171 hidraulikus henger jellemz\u0151i<\/h2>\n<p>Ennek a hidraulikus hengernek sz\u00e1mos kiemelked\u0151 tulajdons\u00e1ga van, t\u00f6bbek k\u00f6z\u00f6tt:<\/p>\n<ol>\n<li>A test anyaga ac\u00e9l, ami biztos\u00edtja a robusztuss\u00e1got \u00e9s a tart\u00f3ss\u00e1got.<\/li>\n<li>Ez egy szabv\u00e1nyos, hidraulikus meghajt\u00e1s\u00fa dugatty\u00fas henger, amely megb\u00edzhat\u00f3 m\u0171k\u00f6d\u00e9st biztos\u00edt.<\/li>\n<li>A hidraulikus henger maxim\u00e1lis tol\u00f3ereje 3000, \u00e9s ak\u00e1r 20 tonn\u00e1t is k\u00e9pes h\u00fazni.<\/li>\n<li>A henger ford\u00edtott teleszk\u00f3pos hengerekkel rendelkezik, ami hozz\u00e1j\u00e1rul kompakt kialak\u00edt\u00e1s\u00e1hoz \u00e9s magas hat\u00e1sfok\u00e1hoz.<\/li>\n<li>A henger fekete sz\u00edn\u0171 \u00e9s ISO9001:2000 tan\u00fas\u00edtv\u00e1nnyal rendelkezik, ami igazolja a min\u0151s\u00e9g\u00e9t.<\/li>\n<\/ol>\n<p><img decoding=\"async\" src=\"https:\/\/hzpt.com\/wp-content\/uploads\/2023\/11\/Inverted-Telescopic-Cylinder-5.webp\" alt=\"\" title=\"\"><\/p>\n<h2>A 4 fokozat\u00fa hossz\u00fa l\u00f6ket\u0171 hidraulikus henger alkalmaz\u00e1sai<\/h2>\n<p>Ez a hidraulikus henger sz\u00e1mos ter\u00fcleten haszn\u00e1lhat\u00f3, t\u00f6bbek k\u00f6z\u00f6tt:<\/p>\n<ol>\n<li>Gy\u00e1rt\u00f3\u00fczemek: K\u00fcl\u00f6nb\u00f6z\u0151 g\u00e9pekben \u00e9s berendez\u00e9sekben haszn\u00e1lj\u00e1k.<\/li>\n<li>G\u00e9pjav\u00edt\u00f3 m\u0171helyek: N\u00e9lk\u00fcl\u00f6zhetetlenek a g\u00e9pek karbantart\u00e1s\u00e1hoz \u00e9s jav\u00edt\u00e1s\u00e1hoz.<\/li>\n<li>Mez\u0151gazdas\u00e1g: Neh\u00e9z mez\u0151gazdas\u00e1gi g\u00e9pekben \u00e9s berendez\u00e9sekben haszn\u00e1lj\u00e1k.<\/li>\n<li>Energia \u00e9s b\u00e1ny\u00e1szat: Nagy teherb\u00edr\u00e1s\u00fa b\u00e1ny\u00e1szati \u200b\u200bberendez\u00e9sekben \u00e9s energiatermel\u0151 g\u00e9pekben haszn\u00e1lj\u00e1k.<\/li>\n<li>G\u00e9pgy\u00e1rak: A g\u00e9pek gy\u00e1rt\u00e1s\u00e1nak \u00e9s \u00fczemeltet\u00e9s\u00e9nek szerves r\u00e9sz\u00e9t k\u00e9pezik.<\/li>\n<\/ol>\n<p><img decoding=\"async\" src=\"https:\/\/hzpt.com\/wp-content\/uploads\/2023\/11\/Inverted-Telescopic-Cylinder-Applications.webp\" alt=\"Ford\u00edtott teleszk\u00f3pos henger alkalmaz\u00e1sok\" title=\"\"><\/p>\n<h2>A 4 fokozat\u00fa hossz\u00fa l\u00f6ket\u0171 hidraulikus henger m\u0171k\u00f6d\u00e9si elve \u00e9s karbantart\u00e1sa<\/h2>\n<p>Ez a hidraulikus henger a hidraulikus er\u0151 elv\u00e9n m\u0171k\u00f6dik, egy dugatty\u00fab\u00f3l \u00e9s egy hidraulikafolyad\u00e9kkal t\u00f6lt\u00f6tt hengerb\u0151l \u00e1ll, amely kimeneti er\u0151t hoz l\u00e9tre, amikor a folyad\u00e9kot a hengerbe pump\u00e1lj\u00e1k. A rendszeres karbantart\u00e1s mag\u00e1ban foglalja az ellen\u0151rz\u00e9st, tiszt\u00edt\u00e1st, ken\u00e9st, rendszeres ellen\u0151rz\u00e9seket \u00e9s jav\u00edt\u00e1sokat, a t\u00f6m\u00edt\u00e9sek cser\u00e9j\u00e9t, valamint a kezel\u00e9si \u00fatmutat\u00f3 betart\u00e1s\u00e1t.<br \/>\n<img decoding=\"async\" src=\"https:\/\/hzpt.com\/wp-content\/uploads\/2023\/11\/Inverted-Telescopic-Cylinder-17.webp\" alt=\"\" title=\"\"><\/p>\n<h2>Ford\u00edtott teleszk\u00f3pos henger<\/h2>\n<h3>Bevezet\u00e9s<\/h3>\n<p>A ford\u00edtott teleszk\u00f3pos hengert, m\u00e1s n\u00e9ven \u201eegyszeres m\u0171k\u00f6d\u00e9s\u0171 teleszk\u00f3pos hengert\u201d vagy \u201eford\u00edtott m\u0171k\u00f6d\u00e9s\u0171 teleszk\u00f3pos hengert\u201d, gyakran haszn\u00e1lj\u00e1k d\u00f6mperekn\u00e9l. Ez egy hidraulikus m\u0171k\u00f6dtet\u0151, amely line\u00e1ris mozg\u00e1st \u00e9s er\u0151t biztos\u00edt hidraulikus folyad\u00e9k seg\u00edts\u00e9g\u00e9vel. A hengert egyedi kialak\u00edt\u00e1sa jellemzi, amely egym\u00e1sba ny\u00fal\u00f3, egym\u00e1sba \u00e1gyazott cs\u00f6vek sorozat\u00e1b\u00f3l \u00e1ll, amelyek maxim\u00e1lis l\u00f6kethosszt biztos\u00edtanak.<\/p>\n<h3>Tervez\u00e9s \u00e9s kivitelez\u00e9s<\/h3>\n<p>A ford\u00edtott teleszk\u00f3pos hengert \u00fagy tervezt\u00e9k, hogy ellen\u00e1lljon a neh\u00e9z terhel\u00e9seknek \u00e9s a zord \u00fczemi k\u00f6r\u00fclm\u00e9nyeknek. \u00c1ltal\u00e1ban egy alapcs\u0151b\u0151l \u00e1ll, amelyet a teheraut\u00f3 alv\u00e1z\u00e1hoz r\u00f6gz\u00edtenek, \u00e9s t\u00f6bb tov\u00e1bbi cs\u0151b\u0151l, amelyek az alapcs\u0151be vannak \u00e1gyazva. A cs\u00f6vek k\u00fcl\u00f6nb\u00f6z\u0151 \u00e1tm\u00e9r\u0151j\u0171ek, hogy egym\u00e1sba teleszk\u00f3posan illeszkedhessenek, \u00edgy biztos\u00edtva a lehet\u0151 legnagyobb l\u00f6kethosszt.<\/p>\n<p>A hengert hidraulikus folyad\u00e9k m\u0171k\u00f6dteti, amelyet egy hidraulikus vezet\u00e9ken kereszt\u00fcl pump\u00e1lnak az alapcs\u0151be. A folyad\u00e9k nyom\u00e1sa miatt a cs\u00f6vek kiny\u00falnak egym\u00e1sb\u00f3l, \u00edgy biztos\u00edtva a neh\u00e9z terhek emel\u00e9s\u00e9hez \u00e9s lerak\u00e1s\u00e1hoz sz\u00fcks\u00e9ges line\u00e1ris mozg\u00e1st \u00e9s er\u0151t. A hengert jellemz\u0151en O-gy\u0171r\u0171kkel vagy ajakos t\u00f6m\u00edt\u00e9sekkel t\u00f6m\u00edtik a sziv\u00e1rg\u00e1sok megakad\u00e1lyoz\u00e1sa \u00e9rdek\u00e9ben.<\/p>\n<h3>El\u0151ny\u00f6k<\/h3>\n<p>Az inverz teleszk\u00f3pos henger sz\u00e1mos el\u0151nnyel rendelkezik m\u00e1s t\u00edpus\u00fa hidraulikus hengerekkel szemben. El\u0151sz\u00f6r is, hosszabb l\u00f6kethosszt biztos\u00edt, mint a hasonl\u00f3 m\u00e9ret\u0171 m\u00e1s hengerek. Ez ide\u00e1liss\u00e1 teszi olyan alkalmaz\u00e1sokhoz, ahol maxim\u00e1lis emel\u00e9si magass\u00e1gra van sz\u00fcks\u00e9g. M\u00e1sodszor, a hengert \u00fagy tervezt\u00e9k, hogy ellen\u00e1lljon a nagy terhel\u00e9seknek \u00e9s a zord \u00fczemi k\u00f6r\u00fclm\u00e9nyeknek, \u00edgy tart\u00f3s \u00e9s megb\u00edzhat\u00f3. Harmadszor, a henger egyedi be\u00e1gyazott cs\u0151kialak\u00edt\u00e1sa lehet\u0151v\u00e9 teszi, hogy kompaktabb legyen, mint m\u00e1s t\u00edpus\u00fa hengerek, ami fontos a korl\u00e1tozott hely\u0171 alkalmaz\u00e1sokban.<\/p>\n<h3>Alkalmaz\u00e1sok<\/h3>\n<p>A ford\u00edtott teleszk\u00f3pos hengert gyakran haszn\u00e1lj\u00e1k d\u00f6mperekn\u00e9l, ahol neh\u00e9z anyagok emel\u00e9s\u00e9re \u00e9s \u00fcr\u00edt\u00e9s\u00e9re haszn\u00e1lj\u00e1k. M\u00e1s neh\u00e9z alkalmaz\u00e1sokban is haszn\u00e1lj\u00e1k, p\u00e9ld\u00e1ul \u00e9p\u00edt\u0151ipari berendez\u00e9sekben, ahol a neh\u00e9z terhek mozgat\u00e1s\u00e1hoz sz\u00fcks\u00e9ges line\u00e1ris mozg\u00e1st \u00e9s er\u0151t biztos\u00edtja.<\/p>\n<p>Az Invert\u00e1lt Teleszk\u00f3pos Henger egy speci\u00e1lis hidraulikus m\u0171k\u00f6dtet\u0151, amely maxim\u00e1lis l\u00f6kethosszt \u00e9s emel\u0151er\u0151t biztos\u00edt d\u00f6mperekn\u00e9l \u00e9s m\u00e1s neh\u00e9z alkalmaz\u00e1sokn\u00e1l. Egyedi kialak\u00edt\u00e1sa \u00e9s konstrukci\u00f3ja tart\u00f3ss\u00e1, megb\u00edzhat\u00f3v\u00e1 \u00e9s hat\u00e9konny\u00e1 teszi. Hidraulikus hengerekre szakosodott olasz gy\u00e1rk\u00e9nt kiv\u00e1l\u00f3 min\u0151s\u00e9g\u0171, 4 fokozat\u00fa, hossz\u00fa l\u00f6ket\u0171 hidraulikus hengereket k\u00edn\u00e1lunk k\u00fcl\u00f6nf\u00e9le neh\u00e9z alkalmaz\u00e1sokhoz, bele\u00e9rtve a d\u00f6mpereket is. Ha megb\u00edzhat\u00f3 \u00e9s hat\u00e9kony hidraulikus hengert keres neh\u00e9z alkalmaz\u00e1sokhoz, vegye fel vel\u00fcnk a kapcsolatot m\u00e9g ma.<\/p>\n<h3>Az FMP-r\u0151l<\/h3>\n<p>Az FMP egy olyan v\u00e1llalat, amely hidraulikus hengerek gy\u00e1rt\u00e1s\u00e1ra \u00e9s \u00e9rt\u00e9kes\u00edt\u00e9s\u00e9re specializ\u00e1l\u00f3dott. Megb\u00edzhat\u00f3 \u00e9s tapasztalt \u00e9p\u00edt\u0151ipari g\u00e9palkatr\u00e9sz- \u00e9s komplett g\u00e9pmegold\u00e1s-sz\u00e1ll\u00edt\u00f3k\u00e9nt elk\u00f6telezettek vagyunk amellett, hogy kiv\u00e1l\u00f3 min\u0151s\u00e9g\u0171 term\u00e9keket \u00e9s kiv\u00e1l\u00f3 szolg\u00e1ltat\u00e1st ny\u00fajtsunk \u00fcgyfeleinknek.<\/p>\n<p><img decoding=\"async\" src=\"https:\/\/fmp-components.com\/wp-content\/uploads\/2024\/12\/Adjustable-Clevis-Type-Cylinders-6.webp\" alt=\"\u00c1ll\u00edthat\u00f3 kengyeles henger\" width=\"847\" title=\"\"><\/p>\n<h4>1. Sz\u00e9les term\u00e9kv\u00e1laszt\u00e9k<\/h4>\n<p>Az FMP-n\u00e9l hidraulikus hengerek \u00e1tfog\u00f3 v\u00e1laszt\u00e9k\u00e1t k\u00edn\u00e1ljuk, amelyek az \u00e9p\u00edt\u0151ipari g\u00e9pipar k\u00fcl\u00f6nf\u00e9le alkalmaz\u00e1saihoz alkalmasak. Term\u00e9kk\u00edn\u00e1latunkban \u00e1ll\u00edthat\u00f3 kengyeles hengerek, teleszk\u00f3pos hengerek, hegesztett hengerek \u00e9s egyebek tal\u00e1lhat\u00f3k. B\u00e1rmilyen egyedi ig\u00e9ny is legyen, n\u00e1lunk megtal\u00e1lja a megfelel\u0151 hidraulikus hengert.<\/p>\n<h4>2. Kiv\u00e1l\u00f3 min\u0151s\u00e9g<\/h4>\n<p>Meg\u00e9rtj\u00fck a megb\u00edzhat\u00f3 \u00e9s tart\u00f3s \u00e9p\u00edt\u0151ipari g\u00e9palkatr\u00e9szek fontoss\u00e1g\u00e1t. Ez\u00e9rt minden hidraulikus munkahenger\u00fcnket kiv\u00e1l\u00f3 min\u0151s\u00e9g\u0171 anyagokb\u00f3l gy\u00e1rtjuk, \u00e9s szigor\u00fa min\u0151s\u00e9gellen\u0151rz\u00e9si folyamatokon megy kereszt\u00fcl. Ez biztos\u00edtja, hogy term\u00e9keink ellen\u00e1lljanak az \u00e9p\u00edtkez\u00e9sek neh\u00e9z k\u00f6r\u00fclm\u00e9nyeinek, \u00e9s hossz\u00fa t\u00e1v\u00fa teljes\u00edtm\u00e9nyt ny\u00fajtsanak.<\/p>\n<h4>3. Testreszab\u00e1si lehet\u0151s\u00e9gek<\/h4>\n<p>Tudjuk, hogy a k\u00fcl\u00f6nb\u00f6z\u0151 projektek egyedi specifik\u00e1ci\u00f3kat ig\u00e9nyelhetnek a hidraulikus hengerekkel szemben. Ez\u00e9rt k\u00edn\u00e1lunk testreszab\u00e1si lehet\u0151s\u00e9geket, hogy term\u00e9keinket az \u00d6n egyedi ig\u00e9nyeihez igaz\u00edtsuk. Tapasztalt csapatunk szorosan egy\u00fcttm\u0171k\u00f6dik \u00d6nnel, hogy olyan hidraulikus hengereket tervezzen \u00e9s gy\u00e1rtson, amelyek t\u00f6k\u00e9letesen megfelelnek az \u00d6n ig\u00e9nyeinek.<\/p>\n<h4>4. Tapasztalt \u00e9rt\u00e9kes\u00edt\u00e9si csapat<\/h4>\n<p>\u00c9rt\u00e9kes\u00edt\u00e9si csapatunk olyan szakemberekb\u0151l \u00e1ll, akik j\u00e1rtasak az \u00e9p\u00edt\u0151ipari g\u00e9piparban. M\u00e9lyrehat\u00f3an ismerik a leg\u00fajabb trendeket \u00e9s az \u00fcgyfelek ig\u00e9nyeit a piacon. Ha az FMP-t v\u00e1lasztja, szak\u00e9rt\u0151i term\u00e9ktan\u00e1csad\u00e1sra \u00e9s intelligens v\u00e1s\u00e1rl\u00e1si javaslatokra sz\u00e1m\u00edthat, amelyek seg\u00edtenek megalapozott d\u00f6nt\u00e9seket hozni.<\/p>\n<h4>5. Hat\u00e9kony logisztikai disztrib\u00faci\u00f3<\/h4>\n<p>Az \u00e9p\u00edt\u0151ipari g\u00e9piparban az id\u0151ben t\u00f6rt\u00e9n\u0151 sz\u00e1ll\u00edt\u00e1s kulcsfontoss\u00e1g\u00fa, \u00e9s mi a hat\u00e9kony logisztikai eloszt\u00e1st helyezz\u00fck el\u0151t\u00e9rbe. J\u00f3l bev\u00e1lt rendszer\u00fcnkkel biztos\u00edtjuk, hogy a sz\u00fcks\u00e9ges hidraulikus hengerek gyorsan \u00e9s pontosan meg\u00e9rkezzenek \u00d6nh\u00f6z. Ez lehet\u0151v\u00e9 teszi az \u00e1ll\u00e1sid\u0151 minimaliz\u00e1l\u00e1s\u00e1t \u00e9s a projektek z\u00f6kken\u0151mentes lebonyol\u00edt\u00e1s\u00e1t.<\/p>\n<p>Szerz\u0151: CX<\/p>","protected":false},"excerpt":{"rendered":"<p>Introducing the Italian Factory Dump Truck 4 Stage Long Stroke Hydraulic Cylinder: The Italian Factory Dump Truck 4 Stage Long Stroke Hydraulic Cylinder is a highly versatile and durable hydraulic cylinder designed specifically for dump trucks. With its advanced technology and precision engineering, this hydraulic cylinder offers exceptional performance and reliability for various applications. Featuring [&hellip;]<\/p>","protected":false},"featured_media":1692,"comment_status":"closed","ping_status":"closed","template":"","meta":{"_et_pb_use_builder":"","_et_pb_old_content":"","_et_gb_content_width":""},"product_brand":[],"product_cat":[45],"product_tag":[34,48],"class_list":{"0":"post-1691","1":"product","2":"type-product","3":"status-publish","4":"has-post-thumbnail","6":"product_cat-inverted-telescopic-cylinder","7":"product_tag-hydraulic-cylinder","8":"product_tag-inverted-telescopic-cylinder","10":"first","11":"instock","12":"product-type-simple"},"_links":{"self":[{"href":"https:\/\/fmp-components.com\/hu\/wp-json\/wp\/v2\/product\/1691","targetHints":{"allow":["GET"]}}],"collection":[{"href":"https:\/\/fmp-components.com\/hu\/wp-json\/wp\/v2\/product"}],"about":[{"href":"https:\/\/fmp-components.com\/hu\/wp-json\/wp\/v2\/types\/product"}],"replies":[{"embeddable":true,"href":"https:\/\/fmp-components.com\/hu\/wp-json\/wp\/v2\/comments?post=1691"}],"wp:featuredmedia":[{"embeddable":true,"href":"https:\/\/fmp-components.com\/hu\/wp-json\/wp\/v2\/media\/1692"}],"wp:attachment":[{"href":"https:\/\/fmp-components.com\/hu\/wp-json\/wp\/v2\/media?parent=1691"}],"wp:term":[{"taxonomy":"product_brand","embeddable":true,"href":"https:\/\/fmp-components.com\/hu\/wp-json\/wp\/v2\/product_brand?post=1691"},{"taxonomy":"product_cat","embeddable":true,"href":"https:\/\/fmp-components.com\/hu\/wp-json\/wp\/v2\/product_cat?post=1691"},{"taxonomy":"product_tag","embeddable":true,"href":"https:\/\/fmp-components.com\/hu\/wp-json\/wp\/v2\/product_tag?post=1691"}],"curies":[{"name":"munkaf\u00fczet","href":"https:\/\/api.w.org\/{rel}","templated":true}]}}