{"id":1685,"date":"2024-12-23T07:01:59","date_gmt":"2024-12-23T07:01:59","guid":{"rendered":"https:\/\/fmp-components.com\/product\/hot-sale-dump-truck-hydraulic-cylinder-customized-hydraulic-cylinder\/"},"modified":"2025-03-11T06:05:38","modified_gmt":"2025-03-11T06:05:38","slug":"hot-sale-dump-truck-hydraulic-cylinder-customized-hydraulic-cylinder","status":"publish","type":"product","link":"https:\/\/fmp-components.com\/hu\/product\/hot-sale-dump-truck-hydraulic-cylinder-customized-hydraulic-cylinder\/","title":{"rendered":"Forr\u00f3 elad\u00f3 d\u00f6mper hidraulikus henger, testreszabott hidraulikus henger"},"content":{"rendered":"<h2>Bemutatkozik a forr\u00f3 elad\u00e1s\u00fa d\u00f6mper hidraulikus henger testreszabott hidraulikus hengere:<\/h2>\n<p>A Hot Sale d\u00f6mper hidraulikus henger egy rendk\u00edv\u00fcl megb\u00edzhat\u00f3 \u00e9s hat\u00e9kony hidraulikus henger, amelyet kifejezetten d\u00f6mperekhez terveztek. Testreszabott tulajdons\u00e1gaival \u00e9s kiv\u00e9teles teljes\u00edtm\u00e9ny\u00e9vel t\u00f6k\u00e9letes megold\u00e1s minden hidraulikus ig\u00e9ny\u00e9re.<\/p>\n<p>Ez a hidraulikus henger apr\u00f3l\u00e9kosan, kiv\u00e1l\u00f3 min\u0151s\u00e9g\u0171 anyagokb\u00f3l \u00e9s fejlett technol\u00f3gi\u00e1val k\u00e9sz\u00fclt, \u00edgy tart\u00f3s \u00e9s hossz\u00fa \u00e9lettartam\u00fa. \u00dagy tervezt\u00e9k, hogy ellen\u00e1lljon a neh\u00e9z terhel\u00e9seknek \u00e9s a zord munkak\u00f6r\u00fclm\u00e9nyeknek, \u00edgy ide\u00e1lis v\u00e1laszt\u00e1s az \u00e9p\u00edt\u0151iparban, a b\u00e1ny\u00e1szati \u200b\u200b\u00e9s a sz\u00e1ll\u00edtm\u00e1nyoz\u00e1si ipar\u00e1gakban haszn\u00e1lt d\u00f6mperekhez.<\/p>\n<p>A Hot Sale d\u00f6mper hidraulikus henger kiv\u00e9teles emel\u0151kapacit\u00e1st k\u00edn\u00e1l, lehet\u0151v\u00e9 t\u00e9ve az anyagok k\u00f6nnyed \u00fcr\u00edt\u00e9s\u00e9t. Prec\u00edz vez\u00e9rl\u0151rendszere sima \u00e9s prec\u00edz mozg\u00e1st biztos\u00edt, n\u00f6velve a d\u00f6mper \u00e1ltal\u00e1nos m\u0171k\u00f6d\u00e9si hat\u00e9konys\u00e1g\u00e1t.<\/p>\n<p><img decoding=\"async\" src=\"https:\/\/hzpt.com\/wp-content\/uploads\/2023\/11\/Inverted-Telescopic-Cylinder-2.webp\" alt=\"\" title=\"\"><\/p>\n<p>Ennek a hidraulikus hengernek az egyik kiemelked\u0151 tulajdons\u00e1ga a testreszab\u00e1si lehet\u0151s\u00e9gek. Testreszabhat\u00f3 a d\u00f6mper egyedi ig\u00e9nyeihez, biztos\u00edtva a t\u00f6k\u00e9letes illeszked\u00e9st \u00e9s az optim\u00e1lis teljes\u00edtm\u00e9nyt. Ak\u00e1r egy adott l\u00f6kethosszra, r\u00f6gz\u00edt\u00e9si st\u00edlusra vagy nyom\u00e1sbesorol\u00e1sra van sz\u00fcks\u00e9ge, ez a hidraulikus henger ennek megfelel\u0151en testreszabhat\u00f3.<\/p>\n<p>Tov\u00e1bb\u00e1 a Hot Sale d\u00f6mper hidraulikus henger k\u00f6nnyen telep\u00edthet\u0151 \u00e9s karbantarthat\u00f3. Felhaszn\u00e1l\u00f3bar\u00e1t utas\u00edt\u00e1sokkal rendelkezik, \u00e9s minim\u00e1lis karbantart\u00e1si \u00e1ll\u00e1sid\u0151t ig\u00e9nyel, ami hozz\u00e1j\u00e1rul a termel\u00e9kenys\u00e9g n\u00f6veked\u00e9s\u00e9hez \u00e9s az \u00fczemeltet\u00e9si k\u00f6lts\u00e9gek cs\u00f6kkent\u00e9s\u00e9hez.<\/p>\n<table style=\"width: 100%;\" border=\"1\" width=\"100%\" cellspacing=\"0\" cellpadding=\"0\">\n<tbody>\n<tr>\n<th>Term\u00e9k neve<\/th>\n<td>Forr\u00f3 elad\u00f3 d\u00f6mper hidraulikus henger<\/td>\n<\/tr>\n<tr>\n<th>\u00c1llapot<\/th>\n<td>\u00daj<\/td>\n<\/tr>\n<tr>\n<th>Garancia<\/th>\n<td>1 \u00e9v<\/td>\n<\/tr>\n<tr>\n<th>S\u00faly (KG)<\/th>\n<td>48<\/td>\n<\/tr>\n<tr>\n<th>Max. tol\u00f3er\u0151<\/th>\n<td>3000<\/td>\n<\/tr>\n<tr>\n<th>Max. h\u00faz\u00f3er\u0151<\/th>\n<td>20 tonna<\/td>\n<\/tr>\n<tr>\n<th>Furatm\u00e9ret<\/th>\n<td>2\u20136 h\u00fcvelyk<\/td>\n<\/tr>\n<tr>\n<th>R\u00fad m\u00e9rete<\/th>\n<td>1,125 \u2013 4 h\u00fcvelyk<\/td>\n<\/tr>\n<tr>\n<th>Ecsetvon\u00e1s m\u00e9rete<\/th>\n<td>6\u201348 h\u00fcvelyk<\/td>\n<\/tr>\n<tr>\n<th>Cs\u00edp\u0151m\u00e9ret<\/th>\n<td>0,5 \u2013 2 h\u00fcvelyk<\/td>\n<\/tr>\n<tr>\n<th>Anyag<\/th>\n<td>Ac\u00e9l<\/td>\n<\/tr>\n<tr>\n<th>Tervez\u00e9s<\/th>\n<td>Standard szerkezet<\/td>\n<\/tr>\n<tr>\n<th>Tan\u00fas\u00edtv\u00e1ny<\/th>\n<td>ISO 9001:2000<\/td>\n<\/tr>\n<tr>\n<th>Sz\u00edn<\/th>\n<td>Eleg\u00e1ns fekete<\/td>\n<\/tr>\n<tr>\n<th>Alkalmazhat\u00f3 ipar\u00e1gak<\/th>\n<td>Gy\u00e1rt\u00f3\u00fczem, G\u00e9pjav\u00edt\u00f3 m\u0171helyek, Mez\u0151gazdas\u00e1g, Energia \u00e9s b\u00e1ny\u00e1szat, G\u00e9pgy\u00e1rt\u00e1s, G\u00e9pgy\u00e1r<\/td>\n<\/tr>\n<\/tbody>\n<\/table>\n<h2>A hidraulikus henger jellemz\u0151i<\/h2>\n<p>Ez a hidraulikus henger sz\u00e1mos tulajdons\u00e1ggal rendelkezik:<\/p>\n<ol>\n<li>Standard dugatty\u00fas henger szerkezet: Biztos\u00edtja az \u00e1lland\u00f3, megb\u00edzhat\u00f3 hidraulikus teljes\u00edtm\u00e9nyt.<\/li>\n<li>Ac\u00e9l test anyaga: Tart\u00f3ss\u00e1got \u00e9s szil\u00e1rds\u00e1got biztos\u00edt.<\/li>\n<li>Ford\u00edtott teleszk\u00f3pos hengerek: Nagyobb sokoldal\u00fas\u00e1got \u00e9s hat\u00e9konys\u00e1got k\u00edn\u00e1lnak.<\/li>\n<li>ISO9001:2000 tan\u00fas\u00edtv\u00e1ny: Garant\u00e1lja a min\u0151s\u00e9get \u00e9s a megb\u00edzhat\u00f3s\u00e1got.<\/li>\n<li>Testreszabhat\u00f3 funkci\u00f3k: G\/SAE\/NPT\/M portok testreszab\u00e1shoz.<\/li>\n<\/ol>\n<h2>A hidraulikus henger alkalmaz\u00e1sai<\/h2>\n<p>Ez a hidraulikus henger sz\u00e1mos alkalmaz\u00e1si ter\u00fcleten megtal\u00e1lhat\u00f3:<\/p>\n<ol>\n<li>Gy\u00e1rt\u00f3\u00fczemek: Lehet\u0151v\u00e9 teszi a g\u00e9pek hat\u00e9kony m\u0171k\u00f6d\u00e9s\u00e9t.<\/li>\n<li>G\u00e9pjav\u00edt\u00f3 m\u0171helyek: Seg\u00edts\u00e9get ny\u00fajtanak a neh\u00e9zg\u00e9pek jav\u00edt\u00e1s\u00e1ban.<\/li>\n<li>Mez\u0151gazdas\u00e1g: Mez\u0151gazdas\u00e1gi g\u00e9pekben haszn\u00e1lj\u00e1k k\u00fcl\u00f6nf\u00e9le m\u0171veletekhez.<\/li>\n<li>Energia \u00e9s b\u00e1ny\u00e1szat: N\u00e9lk\u00fcl\u00f6zhetetlen a nagy teherb\u00edr\u00e1s\u00fa b\u00e1ny\u00e1szati \u200b\u200bberendez\u00e9sekhez.<\/li>\n<li>G\u00e9pgy\u00e1rak: T\u00e1mogatja a g\u00e9pgy\u00e1rt\u00e1s m\u0171k\u00f6d\u00e9si hat\u00e9konys\u00e1g\u00e1t.<\/li>\n<\/ol>\n<p><img decoding=\"async\" src=\"https:\/\/hzpt.com\/wp-content\/uploads\/2023\/11\/Inverted-Telescopic-Cylinder-Applications.webp\" alt=\"Ford\u00edtott teleszk\u00f3pos henger alkalmaz\u00e1sok\" title=\"\"><\/p>\n<h2>A hidraulikus henger m\u0171k\u00f6d\u00e9si elve \u00e9s karbantart\u00e1sa<\/h2>\n<p>A hidraulikus henger egy egyszer\u0171 elven m\u0171k\u00f6dik, ahol a hidraulikafolyad\u00e9k bemenete kimeneti er\u0151t gener\u00e1l. A rendszeres karbantart\u00e1s mag\u00e1ban foglalja a t\u00f6m\u00edt\u00e9sek ellen\u0151rz\u00e9s\u00e9t, tiszt\u00edt\u00e1s\u00e1t, ken\u00e9s\u00e9t \u00e9s cser\u00e9j\u00e9t. A rendszeres ellen\u0151rz\u00e9seket \u00e9s jav\u00edt\u00e1sokat a kezel\u00e9si \u00fatmutat\u00f3nak megfelel\u0151en kell elv\u00e9gezni.<\/p>\n<p><img decoding=\"async\" src=\"https:\/\/hzpt.com\/wp-content\/uploads\/2023\/11\/Inverted-Telescopic-Cylinder-8.webp\" alt=\"\" title=\"\"><\/p>\n<h2>Ford\u00edtott teleszk\u00f3pos henger<\/h2>\n<p>A ford\u00edtott teleszk\u00f3pos henger egy olyan hidraulikus hengert\u00edpus, amelyet \u00e1ltal\u00e1ban d\u00f6mperekben \u00e9s m\u00e1s neh\u00e9zg\u00e9pekben haszn\u00e1lnak. \u00dagy tervezt\u00e9k, hogy nagy emel\u0151er\u0151t \u00e9s stabilit\u00e1st biztos\u00edtson, \u00edgy ide\u00e1lis neh\u00e9z terhek kezel\u00e9s\u00e9re k\u00fcl\u00f6nf\u00e9le alkalmaz\u00e1sokban. Ez a t\u00edpus\u00fa henger t\u00f6bb szakaszb\u00f3l \u00e1ll, amelyek kiny\u00falnak \u00e9s visszah\u00faz\u00f3dnak a sz\u00fcks\u00e9ges emel\u0151er\u0151 biztos\u00edt\u00e1sa \u00e9rdek\u00e9ben.<\/p>\n<p>\u00cdme a ford\u00edtott teleszk\u00f3pos henger n\u00e9h\u00e1ny f\u0151bb jellemz\u0151je \u00e9s el\u0151nye:<\/p>\n<ol>\n<li>Nagy emel\u0151kapacit\u00e1s: A ford\u00edtott teleszk\u00f3pos henger kiv\u00e9teles emel\u0151kapacit\u00e1s\u00e1r\u00f3l ismert. \u00dagy tervezt\u00e9k, hogy neh\u00e9z terheket kezeljen a teljes\u00edtm\u00e9ny vagy a stabilit\u00e1s fel\u00e1ldoz\u00e1sa n\u00e9lk\u00fcl.<\/li>\n<li>Kompakt kialak\u00edt\u00e1s: Nagy emel\u0151k\u00e9pess\u00e9ge ellen\u00e9re a ford\u00edtott teleszk\u00f3pos henger kompakt kialak\u00edt\u00e1s\u00fa, amely lehet\u0151v\u00e9 teszi a k\u00f6nny\u0171 telep\u00edt\u00e9st \u00e9s integr\u00e1l\u00e1st k\u00fcl\u00f6nb\u00f6z\u0151 t\u00edpus\u00fa g\u00e9pekbe.<\/li>\n<li>Sima m\u0171k\u00f6d\u00e9s: Ez a t\u00edpus\u00fa henger sima \u00e9s prec\u00edz m\u0171k\u00f6d\u00e9st k\u00edn\u00e1l, biztos\u00edtva a terhek hat\u00e9kony emel\u00e9s\u00e9t \u00e9s s\u00fcllyeszt\u00e9s\u00e9t. \u00dagy tervezt\u00e9k, hogy minimaliz\u00e1lja a rezg\u00e9seket \u00e9s a r\u00e1ngat\u00f3z\u00f3 mozg\u00e1sokat, fokozott kontrollt \u00e9s biztons\u00e1got ny\u00fajtva.<\/li>\n<li>Tart\u00f3s konstrukci\u00f3: A ford\u00edtott teleszk\u00f3pos hengerek \u00fagy vannak kialak\u00edtva, hogy ellen\u00e1lljanak a zord munkak\u00f6r\u00fclm\u00e9nyeknek. \u00c1ltal\u00e1ban kiv\u00e1l\u00f3 min\u0151s\u00e9g\u0171 anyagokb\u00f3l, p\u00e9ld\u00e1ul edzett ac\u00e9lb\u00f3l k\u00e9sz\u00fclnek, ami tart\u00f3ss\u00e1got \u00e9s hossz\u00fa t\u00e1v\u00fa teljes\u00edtm\u00e9nyt biztos\u00edt.<\/li>\n<li>Testreszabhat\u00f3s\u00e1g: A ford\u00edtott teleszk\u00f3pos henger testreszabhat\u00f3 az adott ig\u00e9nyeknek megfelel\u0151en. A l\u00f6kethossz, a r\u00f6gz\u00edt\u00e9si lehet\u0151s\u00e9gek \u00e9s egy\u00e9b param\u00e9terek tekintet\u00e9ben testre szabhat\u00f3, hogy megfeleljen a k\u00fcl\u00f6nb\u00f6z\u0151 alkalmaz\u00e1soknak.<\/li>\n<li>Elad\u00f3 d\u00f6mper hidraulikus henger: C\u00e9g\u00fcnk kiv\u00e1l\u00f3 min\u0151s\u00e9g\u0171 d\u00f6mper hidraulikus hengerek, bele\u00e9rtve a ford\u00edtott teleszk\u00f3pos hengereket is, gy\u00e1rt\u00e1s\u00e1ra \u00e9s sz\u00e1ll\u00edt\u00e1s\u00e1ra specializ\u00e1l\u00f3dott. Hengereink megb\u00edzhat\u00f3s\u00e1gukr\u00f3l, teljes\u00edtm\u00e9ny\u00fckr\u0151l \u00e9s versenyk\u00e9pes \u00e1raikr\u00f3l ismertek. Sz\u00e1mos lehet\u0151s\u00e9get k\u00edn\u00e1lunk, hogy kiel\u00e9g\u00edts\u00fck a k\u00fcl\u00f6nf\u00e9le \u00fcgyf\u00e9lig\u00e9nyeket.<\/li>\n<li>Egyedi hidraulikus henger: Meg\u00e9rtj\u00fck, hogy a k\u00fcl\u00f6nb\u00f6z\u0151 alkalmaz\u00e1sok egyedi hidraulikus hengermegold\u00e1sokat ig\u00e9nyelhetnek. Ez\u00e9rt k\u00edn\u00e1lunk egyedi ig\u00e9nyekre szabott hidraulikus hengereket. Szak\u00e9rt\u0151i csapatunk szorosan egy\u00fcttm\u0171k\u00f6dik az \u00fcgyfelekkel, hogy olyan hengereket tervezzenek \u00e9s gy\u00e1rtsanak, amelyek pontosan megfelelnek az ig\u00e9nyeiknek.<\/li>\n<\/ol>\n<p>\u00d6sszefoglalva, a ford\u00edtott teleszk\u00f3pos henger egy sokoldal\u00fa \u00e9s megb\u00edzhat\u00f3 hidraulikus henger, amely kiv\u00e9teles emel\u0151kapacit\u00e1st, sima m\u0171k\u00f6d\u00e9st \u00e9s tart\u00f3ss\u00e1got k\u00edn\u00e1l. Ak\u00e1r egy szabv\u00e1nyos d\u00f6mperaut\u00f3 hidraulikus henger\u00e9re, ak\u00e1r egyedi megold\u00e1sra van sz\u00fcks\u00e9ge, rendelkez\u00fcnk a sz\u00fcks\u00e9ges szak\u00e9rtelemmel \u00e9s er\u0151forr\u00e1sokkal az \u00d6n ig\u00e9nyeinek kiel\u00e9g\u00edt\u00e9s\u00e9hez. L\u00e9pjen kapcsolatba vel\u00fcnk m\u00e9g ma, hogy t\u00f6bbet megtudjon term\u00e9keinkr\u0151l \u00e9s szolg\u00e1ltat\u00e1sainkr\u00f3l.<\/p>\n<h3>Az FMP-r\u0151l \u2013 az \u00d6n professzion\u00e1lis hidraulikus henger besz\u00e1ll\u00edt\u00f3j\u00e1r\u00f3l<\/h3>\n<p>Az FMP-n\u00e9l \u00e9p\u00edt\u0151ipari g\u00e9pek alkatr\u00e9szeinek \u00e9s komplett g\u00e9peinek \u00e9rt\u00e9kes\u00edt\u00e9s\u00e9re \u00e9s szervizel\u00e9s\u00e9re szakosodtunk, \u00e9s b\u00fcszk\u00e9k vagyunk arra, hogy a kiv\u00e1l\u00f3 min\u0151s\u00e9g\u0171 \u00e9s megb\u00edzhat\u00f3 hidraulikus hengerek vezet\u0151 sz\u00e1ll\u00edt\u00f3i vagyunk. \u00cdme n\u00e9h\u00e1ny ok, ami\u00e9rt \u00fagy gondoljuk, hogy hidraulikus hengereink a legjobbak a piacon:<\/p>\n<p>1. Prec\u00edzi\u00f3s tervez\u00e9s \u2013 Hidraulikus hengereinket prec\u00edzi\u00f3s tervez\u00e9ssel tervezt\u00fck, \u00edgy biztos\u00edtva a tart\u00f3ss\u00e1got \u00e9s a megb\u00edzhat\u00f3s\u00e1got m\u00e9g a legnehezebb k\u00f6r\u00fclm\u00e9nyek k\u00f6z\u00f6tt is.<\/p>\n<p>2. Sz\u00e9lesk\u00f6r\u0171 alkalmaz\u00e1sok \u2013 Hidraulikus hengereink sz\u00e9les k\u00f6rben haszn\u00e1lhat\u00f3k, bele\u00e9rtve a mez\u0151gazdas\u00e1gi g\u00e9peket, ipari berendez\u00e9seket \u00e9s \u00e9p\u00edt\u0151ipari g\u00e9peket.<\/p>\n<p>3. Egyedi tervez\u00e9s \u2013 Hidraulikus hengereink tervez\u00e9s\u00e9t testre szabhatjuk \u00fcgyfeleink egyedi ig\u00e9nyeinek megfelel\u0151en, biztos\u00edtva, hogy a lehet\u0151 legjobb teljes\u00edtm\u00e9nyt ny\u00fajts\u00e1k term\u00e9keinkb\u0151l.<\/p>\n<p>4. Kiv\u00e1l\u00f3 min\u0151s\u00e9g\u0171 anyagok \u2013 Hidraulikus hengereink gy\u00e1rt\u00e1sa sor\u00e1n kiz\u00e1r\u00f3lag a legkiv\u00e1l\u00f3bb min\u0151s\u00e9g\u0171 anyagokat haszn\u00e1ljuk, \u00edgy biztos\u00edtva, hogy azok id\u0151vel is ellen\u00e1lljanak a kop\u00e1snak \u00e9s a szakad\u00e1snak.<\/p>\n<p>5. Kiv\u00e1l\u00f3 \u00fcgyf\u00e9lszolg\u00e1lat \u2013 Az FMP-n\u00e9l b\u00fcszk\u00e9k vagyunk arra, hogy minden \u00fcgyfel\u00fcnknek kiv\u00e1l\u00f3 \u00fcgyf\u00e9lszolg\u00e1latot ny\u00fajtunk. A term\u00e9ktan\u00e1csad\u00e1st\u00f3l az intelligens v\u00e1s\u00e1rl\u00e1si javaslatokig, tapasztalt \u00e9rt\u00e9kes\u00edt\u00e9si csapatunk mindig k\u00e9szen \u00e1ll a seg\u00edts\u00e9g\u00e9re.<\/p>\n<p>Teh\u00e1t, ha megb\u00edzhat\u00f3 \u00e9s tart\u00f3s hidraulikus henger besz\u00e1ll\u00edt\u00f3t keres, az FMP a t\u00f6k\u00e9letes v\u00e1laszt\u00e1s. L\u00e9pjen kapcsolatba vel\u00fcnk m\u00e9g ma, hogy t\u00f6bbet megtudjon term\u00e9keinkr\u0151l \u00e9s szolg\u00e1ltat\u00e1sainkr\u00f3l, \u00e9s arr\u00f3l, hogyan seg\u00edthet\u00fcnk \u00d6nnek \u00e9p\u00edt\u0151ipari g\u00e9pekkel kapcsolatos ig\u00e9nyei kiel\u00e9g\u00edt\u00e9s\u00e9ben!<\/p>\n<p><img decoding=\"async\" src=\"https:\/\/fmp-components.com\/wp-content\/uploads\/2024\/12\/Adjustable-Clevis-Type-Cylinders-6.webp\" alt=\"\u00c1ll\u00edthat\u00f3 kengyeles henger\" width=\"844\" title=\"\"><br \/>\nSzerz\u0151: CX<\/p>","protected":false},"excerpt":{"rendered":"<p>Introducing Hot Sale Dump Truck Hydraulic Cylinder Customized Hydraulic Cylinder: Hot Sale Dump Truck Hydraulic Cylinder is a highly reliable and efficient hydraulic cylinder designed specifically for dump trucks. With its customized features and exceptional performance, it is the perfect solution for all your hydraulic needs. This hydraulic cylinder is meticulously crafted using top-quality materials [&hellip;]<\/p>","protected":false},"featured_media":1686,"comment_status":"closed","ping_status":"closed","template":"","meta":{"_et_pb_use_builder":"","_et_pb_old_content":"","_et_gb_content_width":""},"product_brand":[],"product_cat":[45],"product_tag":[34,48],"class_list":{"0":"post-1685","1":"product","2":"type-product","3":"status-publish","4":"has-post-thumbnail","6":"product_cat-inverted-telescopic-cylinder","7":"product_tag-hydraulic-cylinder","8":"product_tag-inverted-telescopic-cylinder","10":"first","11":"instock","12":"product-type-simple"},"_links":{"self":[{"href":"https:\/\/fmp-components.com\/hu\/wp-json\/wp\/v2\/product\/1685","targetHints":{"allow":["GET"]}}],"collection":[{"href":"https:\/\/fmp-components.com\/hu\/wp-json\/wp\/v2\/product"}],"about":[{"href":"https:\/\/fmp-components.com\/hu\/wp-json\/wp\/v2\/types\/product"}],"replies":[{"embeddable":true,"href":"https:\/\/fmp-components.com\/hu\/wp-json\/wp\/v2\/comments?post=1685"}],"wp:featuredmedia":[{"embeddable":true,"href":"https:\/\/fmp-components.com\/hu\/wp-json\/wp\/v2\/media\/1686"}],"wp:attachment":[{"href":"https:\/\/fmp-components.com\/hu\/wp-json\/wp\/v2\/media?parent=1685"}],"wp:term":[{"taxonomy":"product_brand","embeddable":true,"href":"https:\/\/fmp-components.com\/hu\/wp-json\/wp\/v2\/product_brand?post=1685"},{"taxonomy":"product_cat","embeddable":true,"href":"https:\/\/fmp-components.com\/hu\/wp-json\/wp\/v2\/product_cat?post=1685"},{"taxonomy":"product_tag","embeddable":true,"href":"https:\/\/fmp-components.com\/hu\/wp-json\/wp\/v2\/product_tag?post=1685"}],"curies":[{"name":"munkaf\u00fczet","href":"https:\/\/api.w.org\/{rel}","templated":true}]}}