{"id":1683,"date":"2024-12-23T07:01:59","date_gmt":"2024-12-23T07:01:59","guid":{"rendered":"https:\/\/fmp-components.com\/product\/factory-direct-sale-10-ton-hydraulic-cylinder-telescopic-hydraulic-cylinder-for-dump-truck\/"},"modified":"2025-03-11T06:03:41","modified_gmt":"2025-03-11T06:03:41","slug":"factory-direct-sale-10-ton-hydraulic-cylinder-telescopic-hydraulic-cylinder-for-dump-truck","status":"publish","type":"product","link":"https:\/\/fmp-components.com\/hu\/product\/factory-direct-sale-10-ton-hydraulic-cylinder-telescopic-hydraulic-cylinder-for-dump-truck\/","title":{"rendered":"Gy\u00e1ri k\u00f6zvetlen \u00e9rt\u00e9kes\u00edt\u00e9s 10 tonn\u00e1s hidraulikus henger Teleszk\u00f3pos hidraulikus henger d\u00f6mperhez"},"content":{"rendered":"<h2>Gy\u00e1ri k\u00f6zvetlen \u00e9rt\u00e9kes\u00edt\u00e9s 10 tonn\u00e1s hidraulikus henger Teleszk\u00f3pos hidraulikus henger d\u00f6mperhez<\/h2>\n<p>A gy\u00e1rilag k\u00f6zvetlen \u00e9rt\u00e9kes\u00edt\u00e9s\u0171 10 tonn\u00e1s teleszk\u00f3pos hidraulikus henger d\u00f6mperekhez egy kiv\u00e1l\u00f3 min\u0151s\u00e9g\u0171 hidraulikus henger, amelyet nagy terhel\u00e9sek \u00e9s zord \u00fczemi k\u00f6r\u00fclm\u00e9nyek elvisel\u00e9s\u00e9re terveztek. Kifejezetten d\u00f6mperekhez \u00e9s m\u00e1s neh\u00e9z teherb\u00edr\u00e1s\u00fa alkalmaz\u00e1sokhoz tervezt\u00e9k.<\/p>\n<p>Ez a hidraulikus henger teleszk\u00f3pos kialak\u00edt\u00e1s\u00fa, amely lehet\u0151v\u00e9 teszi a sima, ellen\u0151rz\u00f6tt kiny\u00fal\u00e1st \u00e9s visszah\u00faz\u00e1st, kiv\u00e1l\u00f3 emel\u0151- \u00e9s tart\u00f3er\u0151t biztos\u00edtva. Tart\u00f3s anyagokb\u00f3l \u00e9s kiv\u00e1l\u00f3 min\u0151s\u00e9g\u0171 konstrukci\u00f3b\u00f3l k\u00e9sz\u00fclt, \u00edgy a legnehezebb feladatoknak is ellen\u00e1ll.<\/p>\n<p><img decoding=\"async\" src=\"https:\/\/hzpt.com\/wp-content\/uploads\/2023\/11\/Inverted-Telescopic-Cylinder-22.webp\" alt=\"\" title=\"\"><\/p>\n<p>Ak\u00e1r megl\u00e9v\u0151 d\u00f6mper\u00e9t szeretn\u00e9 korszer\u0171s\u00edteni, ak\u00e1r megb\u00edzhat\u00f3 hidraulikus hengerre van sz\u00fcks\u00e9ge egy \u00faj \u00e9p\u00edt\u00e9shez, a gy\u00e1rilag k\u00f6zvetlen \u00e9rt\u00e9kes\u00edt\u00e9s\u0171 10 tonn\u00e1s hidraulikus henger teleszk\u00f3pos hidraulikus henger d\u00f6mperekhez kiv\u00e1l\u00f3 v\u00e1laszt\u00e1s. Kiv\u00e9teles teljes\u00edtm\u00e9ny\u00e9vel, szil\u00e1rds\u00e1g\u00e1val \u00e9s tart\u00f3ss\u00e1g\u00e1val ez a hidraulikus henger garant\u00e1ltan \u00e9vekig megb\u00edzhat\u00f3 szolg\u00e1ltat\u00e1st ny\u00fajt m\u00e9g a legig\u00e9nyesebb alkalmaz\u00e1sokban is.<\/p>\n<div>\n<p>A legjobb hidraulikus g\u00e9pet keresi? Ne keressen tov\u00e1bb, n\u00e1lunk megtal\u00e1lja a gy\u00e1rilag k\u00f6zvetlen \u00e9rt\u00e9kes\u00edt\u00e9s\u0171 10 tonn\u00e1s hidraulikus henger\u00fcnket!<\/p>\n<table style=\"width: 100%;\" border=\"1\" width=\"100%\" cellspacing=\"0\" cellpadding=\"0\">\n<tbody>\n<tr>\n<th>Term\u00e9k neve<\/th>\n<td>Korszer\u0171 hidraulikus henger d\u00f6mperekhez<\/td>\n<\/tr>\n<tr>\n<th>\u00c1llapot<\/th>\n<td>\u00daj<\/td>\n<\/tr>\n<tr>\n<th>Garancia<\/th>\n<td>1 \u00e9v<\/td>\n<\/tr>\n<tr>\n<th>S\u00faly (KG)<\/th>\n<td>48<\/td>\n<\/tr>\n<tr>\n<th>Tervez\u00e9s<\/th>\n<td>D\u00f6mperekhez szabva<\/td>\n<\/tr>\n<tr>\n<th>Min\u0151s\u00e9gbiztos\u00edt\u00e1s<\/th>\n<td>Vide\u00f3s kimen\u0151 ellen\u0151rz\u00e9si \u00e9s g\u00e9ptesztel\u00e9si jelent\u00e9s<\/td>\n<\/tr>\n<tr>\n<th>Alkalmazhat\u00f3 ipar\u00e1gak<\/th>\n<td>Gy\u00e1rt\u00f3\u00fczemek, G\u00e9pjav\u00edt\u00f3 m\u0171helyek, Mez\u0151gazdas\u00e1g, Energia \u00e9s B\u00e1ny\u00e1szat, \u00e9s egyebek<\/td>\n<\/tr>\n<tr>\n<th>Teljes\u00edtm\u00e9ny<\/th>\n<td>K\u00f6nny\u0171 \u00e9s k\u00f6nnyen kezelhet\u0151<\/td>\n<\/tr>\n<\/tbody>\n<\/table>\n<h2>A hidraulikus henger jellemz\u0151i<\/h2>\n<p>Hidraulikus henger\u00fcnk sz\u00e1mos leny\u0171g\u00f6z\u0151 funkci\u00f3t k\u00edn\u00e1l, t\u00f6bbek k\u00f6z\u00f6tt:<\/p>\n<ul>\n<li>Ac\u00e9l test anyag a tart\u00f3ss\u00e1g \u00e9s a hossz\u00fa t\u00e1v\u00fa teljes\u00edtm\u00e9ny \u00e9rdek\u00e9ben.<\/li>\n<li>Maxim\u00e1lis tol\u00f3er\u0151 3000 \u00e9s maxim\u00e1lis h\u00faz\u00f3er\u0151 20 tonna, ami nagy teljes\u00edtm\u00e9ny\u0171 m\u0171k\u00f6d\u00e9st biztos\u00edt.<\/li>\n<li>Ford\u00edtott teleszk\u00f3pos henger t\u00edpus\u00fa, k\u00fcl\u00f6nf\u00e9le alkalmaz\u00e1sokhoz alkalmas.<\/li>\n<li>T\u00f6bb port (G\/SAE\/NPT\/M) a sokoldal\u00fa csatlakoztathat\u00f3s\u00e1g \u00e9rdek\u00e9ben.<\/li>\n<li>ISO9001:2000 tan\u00fas\u00edtv\u00e1nnyal rendelkezik, amely biztos\u00edtja a magas min\u0151s\u00e9gi szabv\u00e1nyokat.<\/li>\n<\/ul>\n<h2>A hidraulikus henger alkalmaz\u00e1sai<\/h2>\n<p>Ez a hidraulikus henger sz\u00e1mos ter\u00fcleten alkalmazhat\u00f3, t\u00f6bbek k\u00f6z\u00f6tt:<\/p>\n<ul>\n<li>Neh\u00e9zg\u00e9pek \u00fczemeltet\u00e9s\u00e9re szolg\u00e1l\u00f3 gy\u00e1rt\u00f3\u00fczemek.<\/li>\n<li>G\u00e9pjav\u00edt\u00f3 m\u0171helyek berendez\u00e9sek karbantart\u00e1s\u00e1hoz \u00e9s nagyjav\u00edt\u00e1s\u00e1hoz.<\/li>\n<li>Neh\u00e9z mez\u0151gazdas\u00e1gi g\u00e9pek kezel\u00e9s\u00e9re szolg\u00e1l\u00f3 gazdas\u00e1gok.<\/li>\n<li>Energia- \u00e9s b\u00e1ny\u00e1szati \u200b\u200bipar\u00e1gak nagynyom\u00e1s\u00fa m\u0171veletek kezel\u00e9s\u00e9hez.<\/li>\n<li>\u00c1ltal\u00e1nos g\u00e9pgy\u00e1rt\u00e1s \u00e9s k\u00fcl\u00f6nf\u00e9le alkalmaz\u00e1sokhoz sz\u00fcks\u00e9ges gy\u00e1rak.<\/li>\n<\/ul>\n<p><img decoding=\"async\" src=\"https:\/\/hzpt.com\/wp-content\/uploads\/2023\/11\/Inverted-Telescopic-Cylinder-Applications.webp\" alt=\"Ford\u00edtott teleszk\u00f3pos henger alkalmaz\u00e1sok\" title=\"\"><\/p>\n<h2>A hidraulikus henger m\u0171k\u00f6d\u00e9si elve \u00e9s karbantart\u00e1sa<\/h2>\n<p>A hidraulikus henger hidraulikus folyad\u00e9k bemeneti \u00e9s kimeneti erej\u00e9vel m\u0171k\u00f6dik. A rendszeres ellen\u0151rz\u00e9s, tiszt\u00edt\u00e1s, ken\u00e9s \u00e9s a t\u00f6m\u00edt\u00e9sek cser\u00e9je elengedhetetlen karbantart\u00e1si m\u00f3dszerek, a kezel\u00e9si \u00fatmutat\u00f3 betart\u00e1sa mellett. A rendszeres ellen\u0151rz\u00e9sek \u00e9s jav\u00edt\u00e1sok seg\u00edtenek biztos\u00edtani, hogy a henger optim\u00e1lis \u00e1llapotban maradjon.<\/p>\n<p><img decoding=\"async\" src=\"https:\/\/hzpt.com\/wp-content\/uploads\/2023\/11\/Inverted-Telescopic-Cylinder-6.webp\" alt=\"\" title=\"\"><\/p>\n<\/div>\n<h2>Ford\u00edtott teleszk\u00f3pos henger<\/h2>\n<ul>\n<li style=\"list-style-type: none;\">\n<ul>\n<li>Bevezet\u00e9s<\/li>\n<\/ul>\n<\/li>\n<\/ul>\n<p>Az invert\u00e1lt teleszk\u00f3pos henger egy olyan hidraulikus henger, amelyet \u00e1ltal\u00e1ban d\u00f6mperekben \u00e9s m\u00e1s neh\u00e9zg\u00e9pekben haszn\u00e1lnak. Egyedi kialak\u00edt\u00e1sa lehet\u0151v\u00e9 teszi a kompakt \u00e9s hat\u00e9kony m\u0171k\u00f6d\u00e9st, \u00edgy n\u00e9pszer\u0171 v\u00e1laszt\u00e1s a k\u00fcl\u00f6nb\u00f6z\u0151 ipar\u00e1gakban. A gy\u00e1rb\u00f3l k\u00f6zvetlen\u00fcl \u00e9rt\u00e9kes\u00edtett 10 tonn\u00e1s hidraulikus henger teleszk\u00f3pos hidraulikus hengere d\u00f6mperekhez az egyik legn\u00e9pszer\u0171bb opci\u00f3 a piacon.<\/p>\n<ul>\n<li style=\"list-style-type: none;\">\n<ul>\n<li>Szerkezet \u00e9s kialak\u00edt\u00e1s<\/li>\n<\/ul>\n<\/li>\n<\/ul>\n<p>Egy ford\u00edtott teleszk\u00f3pos henger szerkezete egym\u00e1sba \u00e1gyazott cs\u00f6vek sorozat\u00e1b\u00f3l \u00e1ll, ahol a legnagyobb cs\u0151 alul, a legkisebb pedig fel\u00fcl tal\u00e1lhat\u00f3. A henger \u00fagy m\u0171k\u00f6dik, hogy ezeket a cs\u00f6veket teleszk\u00f3pos m\u00f3don kiny\u00fajtja \u00e9s visszah\u00fazza. A k\u00fcls\u0151 cs\u0151 a teheraut\u00f3 v\u00e1z\u00e1hoz, m\u00edg a bels\u0151 cs\u0151 a d\u00f6mper plat\u00f3j\u00e1hoz van csatlakoztatva, lehet\u0151v\u00e9 t\u00e9ve a plat\u00f3 sz\u00fcks\u00e9g szerinti emel\u00e9s\u00e9t \u00e9s s\u00fcllyeszt\u00e9s\u00e9t.<\/p>\n<p>Az invert\u00e1lt teleszk\u00f3pos hengerek egyik egyedi tulajdons\u00e1ga, hogy k\u00e9pesek visszah\u00faz\u00f3dni \u00f6nmag\u00e1ba, \u00edgy sokkal kompaktabbak \u00e9s hat\u00e9konyabbak m\u00e1s t\u00edpus\u00fa hidraulikus hengerekhez k\u00e9pest. Ez a kialak\u00edt\u00e1s nagyobb emel\u0151kapacit\u00e1st is lehet\u0151v\u00e9 tesz, mivel a teher s\u00falya egyenletesen oszlik el a henger hossz\u00e1ban.<\/p>\n<ul>\n<li style=\"list-style-type: none;\">\n<ul>\n<li>M\u0171k\u00f6d\u00e9si elv<\/li>\n<\/ul>\n<\/li>\n<\/ul>\n<p>Az invert\u00e1lt teleszk\u00f3pos henger m\u0171k\u00f6d\u00e9si elve a nyom\u00e1s\u00e1tvitel Pascal-t\u00f6rv\u00e9ny\u00e9n alapul. Amikor hidraulikafolyad\u00e9kot pump\u00e1lnak a hengerbe, nyom\u00e1st hoz l\u00e9tre, ami a cs\u00f6vek kiny\u00fal\u00e1s\u00e1t \u00e9s a d\u00f6mperplatform felemel\u00e9s\u00e9t okozza. Amikor a folyad\u00e9k kiengedi, a nyom\u00e1s cs\u00f6kken, \u00e9s a cs\u00f6vek visszah\u00faz\u00f3dnak, \u00edgy a d\u00f6mperplatform vissza\u00e1ll eredeti helyzet\u00e9be.<\/p>\n<ul>\n<li style=\"list-style-type: none;\">\n<ul>\n<li>El\u0151ny\u00f6k<\/li>\n<\/ul>\n<\/li>\n<\/ul>\n<p>Az invert\u00e1lt teleszk\u00f3pos henger egyik f\u0151 el\u0151nye a kompakt kialak\u00edt\u00e1sa, amely lehet\u0151v\u00e9 teszi a k\u00f6nny\u0171 telep\u00edt\u00e9st \u00e9s a helytakar\u00e9kos m\u0171k\u00f6d\u00e9st. Ezenk\u00edv\u00fcl az egyenletes s\u00falyeloszl\u00e1s a henger hossz\u00e1ban nagyobb emel\u0151kapacit\u00e1st \u00e9s hat\u00e9konyabb m\u0171k\u00f6d\u00e9st tesz lehet\u0151v\u00e9. A gy\u00e1rb\u00f3l k\u00f6zvetlen\u00fcl \u00e9rt\u00e9kes\u00edtett 10 tonn\u00e1s hidraulikus henger teleszk\u00f3pos hidraulikus hengere d\u00f6mperekhez nagyszer\u0171 v\u00e1laszt\u00e1s azok sz\u00e1m\u00e1ra, akik megb\u00edzhat\u00f3 \u00e9s hat\u00e9kony hidraulikus hengert keresnek.<\/p>\n<ul>\n<li style=\"list-style-type: none;\">\n<ul>\n<li>Alkalmaz\u00e1sok<\/li>\n<\/ul>\n<\/li>\n<\/ul>\n<p>A ford\u00edtott teleszk\u00f3pos hengert gyakran haszn\u00e1lj\u00e1k d\u00f6mperekben \u00e9s m\u00e1s neh\u00e9zg\u00e9pekben, ahol kompakt \u00e9s hat\u00e9kony emel\u0151mechanizmusra van sz\u00fcks\u00e9g. K\u00fcl\u00f6nb\u00f6z\u0151 m\u00e1s alkalmaz\u00e1sokban is haszn\u00e1lj\u00e1k, p\u00e9ld\u00e1ul mez\u0151gazdas\u00e1gi g\u00e9pekben, \u00e9p\u00edt\u0151ipari berendez\u00e9sekben \u00e9s b\u00e1ny\u00e1szati \u200b\u200bg\u00e9pekben.<\/p>\n<h3>Az FMP-r\u0151l<\/h3>\n<p>Az FMP egy olyan v\u00e1llalat, amely hidraulikus hengerek gy\u00e1rt\u00e1s\u00e1ra \u00e9s \u00e9rt\u00e9kes\u00edt\u00e9s\u00e9re specializ\u00e1l\u00f3dott. Sok \u00e9ves ipar\u00e1gi tapasztalattal \u00e9s professzion\u00e1lis csapattal kiv\u00e1l\u00f3 min\u0151s\u00e9g\u0171 \u00e9s megb\u00edzhat\u00f3 hidraulikus hengereket biztos\u00edtunk \u00e9p\u00edt\u0151ipari g\u00e9pekhez.<\/p>\n<p><img decoding=\"async\" src=\"https:\/\/fmp-components.com\/wp-content\/uploads\/2024\/12\/Adjustable-Clevis-Type-Cylinders-6.webp\" alt=\"\u00c1ll\u00edthat\u00f3 kengyeles henger\" width=\"843\" title=\"\"><\/p>\n<p>\u00cdme \u00f6t ok, ami\u00e9rt \u00e9rdemes hidraulikus munkahengereinket v\u00e1lasztania:<\/p>\n<ol>\n<li><strong>V\u00e1ltozatos term\u00e9kk\u00edn\u00e1lat:<\/strong> Sz\u00e9les v\u00e1laszt\u00e9kban k\u00edn\u00e1lunk hidraulikus hengereket, amelyek az \u00e9p\u00edt\u0151ipari g\u00e9pipar k\u00fcl\u00f6nb\u00f6z\u0151 ig\u00e9nyeit el\u00e9g\u00edtik ki. K\u00edn\u00e1latunkban \u00e1ll\u00edthat\u00f3 kengyeles hengerek, hegesztett hengerek, \u00f6sszek\u00f6t\u0151rudas hengerek \u00e9s egyebek tal\u00e1lhat\u00f3k.<\/li>\n<li><strong>Kiv\u00e1l\u00f3 min\u0151s\u00e9g:<\/strong> Biztos\u00edtjuk, hogy minden hidraulikus henger\u00fcnk megfeleljen a szigor\u00fa min\u0151s\u00e9gi el\u0151\u00edr\u00e1soknak. Minden egyes hengert prec\u00edzen \u00e9s a r\u00e9szletekre val\u00f3 odafigyel\u00e9ssel k\u00e9sz\u00edt\u00fcnk, garant\u00e1lva a kiv\u00e1l\u00f3 teljes\u00edtm\u00e9nyt \u00e9s tart\u00f3ss\u00e1got.<\/li>\n<li><strong>Megb\u00edzhat\u00f3 teljes\u00edtm\u00e9ny:<\/strong> Hidraulikus hengereinket \u00fagy tervezt\u00fck, hogy k\u00f6vetkezetes \u00e9s megb\u00edzhat\u00f3 teljes\u00edtm\u00e9nyt ny\u00fajtsanak, m\u00e9g kih\u00edv\u00e1st jelent\u0151 munkak\u00f6r\u00fclm\u00e9nyek k\u00f6z\u00f6tt is. \u00dagy tervezt\u00e9k \u0151ket, hogy ellen\u00e1lljanak a nagy terhel\u00e9seknek \u00e9s z\u00f6kken\u0151mentes m\u0171k\u00f6d\u00e9st biztos\u00edtsanak.<\/li>\n<li><strong>Szak\u00e9rt\u0151 \u00e9rt\u00e9kes\u00edt\u00e9si csapat:<\/strong> Tapasztalt \u00e9rt\u00e9kes\u00edt\u00e9si csapatunk j\u00e1rtas az \u00e9p\u00edt\u0151ipari g\u00e9piparban, \u00e9s meg\u00e9rti az \u00fcgyfelek ig\u00e9nyeit. Professzion\u00e1lis term\u00e9ktan\u00e1csad\u00e1st ny\u00fajtanak, megv\u00e1laszolj\u00e1k a felmer\u00fcl\u0151 k\u00e9rd\u00e9seit, \u00e9s intelligens v\u00e1s\u00e1rl\u00e1si javaslatokat tesznek.<\/li>\n<li><strong>Hat\u00e9kony logisztika:<\/strong> Hat\u00e9kony logisztikai eloszt\u00e1si rendszerrel rendelkez\u00fcnk annak \u00e9rdek\u00e9ben, hogy a sz\u00fcks\u00e9ges hidraulikus hengereket id\u0151ben \u00e9s pontosan megkapja. Meg\u00e9rtj\u00fck az \u00e1ll\u00e1sid\u0151 minimaliz\u00e1l\u00e1s\u00e1nak fontoss\u00e1g\u00e1t, \u00e9s igyeksz\u00fcnk gyors sz\u00e1ll\u00edt\u00e1st biztos\u00edtani.<\/li>\n<\/ol>\n<p>V\u00e1lassza az FMP-t, ha kiv\u00e1l\u00f3 min\u0151s\u00e9g\u0171 hidraulikus hengerekre van sz\u00fcks\u00e9ge, amelyek megfelelnek \u00e9p\u00edt\u0151ipari g\u00e9pei ig\u00e9nyeinek. L\u00e9pjen kapcsolatba vel\u00fcnk m\u00e9g ma, hogy megbesz\u00e9lj\u00fck ig\u00e9nyeit, \u00e9s csapatunk seg\u00edtsen megtal\u00e1lni a t\u00f6k\u00e9letes hidraulikus henger megold\u00e1st.<\/p>\n<p>Szerz\u0151: CX<\/p>","protected":false},"excerpt":{"rendered":"<p>Factory Direct Sale 10 Ton Hydraulic Cylinder Telescopic Hydraulic Cylinder For Dump Truck The Factory Direct Sale 10 Ton Hydraulic Cylinder Telescopic Hydraulic Cylinder For Dump Truck is a high-quality hydraulic cylinder designed to withstand heavy loads and harsh operating conditions. It is specifically engineered for dump trucks and other heavy-duty applications. This hydraulic cylinder [&hellip;]<\/p>","protected":false},"featured_media":1684,"comment_status":"closed","ping_status":"closed","template":"","meta":{"_et_pb_use_builder":"","_et_pb_old_content":"","_et_gb_content_width":""},"product_brand":[],"product_cat":[45],"product_tag":[34,48],"class_list":{"0":"post-1683","1":"product","2":"type-product","3":"status-publish","4":"has-post-thumbnail","6":"product_cat-inverted-telescopic-cylinder","7":"product_tag-hydraulic-cylinder","8":"product_tag-inverted-telescopic-cylinder","10":"first","11":"instock","12":"product-type-simple"},"_links":{"self":[{"href":"https:\/\/fmp-components.com\/hu\/wp-json\/wp\/v2\/product\/1683","targetHints":{"allow":["GET"]}}],"collection":[{"href":"https:\/\/fmp-components.com\/hu\/wp-json\/wp\/v2\/product"}],"about":[{"href":"https:\/\/fmp-components.com\/hu\/wp-json\/wp\/v2\/types\/product"}],"replies":[{"embeddable":true,"href":"https:\/\/fmp-components.com\/hu\/wp-json\/wp\/v2\/comments?post=1683"}],"wp:featuredmedia":[{"embeddable":true,"href":"https:\/\/fmp-components.com\/hu\/wp-json\/wp\/v2\/media\/1684"}],"wp:attachment":[{"href":"https:\/\/fmp-components.com\/hu\/wp-json\/wp\/v2\/media?parent=1683"}],"wp:term":[{"taxonomy":"product_brand","embeddable":true,"href":"https:\/\/fmp-components.com\/hu\/wp-json\/wp\/v2\/product_brand?post=1683"},{"taxonomy":"product_cat","embeddable":true,"href":"https:\/\/fmp-components.com\/hu\/wp-json\/wp\/v2\/product_cat?post=1683"},{"taxonomy":"product_tag","embeddable":true,"href":"https:\/\/fmp-components.com\/hu\/wp-json\/wp\/v2\/product_tag?post=1683"}],"curies":[{"name":"munkaf\u00fczet","href":"https:\/\/api.w.org\/{rel}","templated":true}]}}