{"id":1677,"date":"2024-12-23T07:01:59","date_gmt":"2024-12-23T07:01:59","guid":{"rendered":"https:\/\/fmp-components.com\/product\/factory-serving-long-stroke-dump-trailer-hydraulic-cylinder-for-dump-truck\/"},"modified":"2025-03-11T05:50:33","modified_gmt":"2025-03-11T05:50:33","slug":"factory-serving-long-stroke-dump-trailer-hydraulic-cylinder-for-dump-truck","status":"publish","type":"product","link":"https:\/\/fmp-components.com\/hu\/product\/factory-serving-long-stroke-dump-trailer-hydraulic-cylinder-for-dump-truck\/","title":{"rendered":"Gy\u00e1rilag kiszolg\u00e1l\u00f3 hossz\u00fa l\u00f6ket\u0171 d\u00f6mper p\u00f3tkocsi hidraulikus henger d\u00f6mperhez"},"content":{"rendered":"<p>A Factory Serving Long Strike Dump Trailer Hidraulikus Henger d\u00f6mperekhez egy innovat\u00edv, kiv\u00e1l\u00f3 min\u0151s\u00e9g\u0171 term\u00e9k, amelyet a modern d\u00f6mperipar ig\u00e9nyeinek kiel\u00e9g\u00edt\u00e9s\u00e9re terveztek. Tart\u00f3s konstrukci\u00f3j\u00e1val \u00e9s sokoldal\u00fa kialak\u00edt\u00e1s\u00e1val ez a hidraulikus henger ide\u00e1lis megold\u00e1s a d\u00f6mperek kezel\u0151i sz\u00e1m\u00e1ra, akik a legjobbat k\u00f6vetelik meg.<\/p>\n<p>Hossz\u00fa l\u00f6ket\u0171 kialak\u00edt\u00e1s\u00e1nak k\u00f6sz\u00f6nhet\u0151en ez a hidraulikus henger kiv\u00e9teles teljes\u00edtm\u00e9nyt \u00e9s hat\u00e9konys\u00e1got biztos\u00edt m\u00e9g a legig\u00e9nyesebb alkalmaz\u00e1sokban is. A henger kiv\u00e1l\u00f3 min\u0151s\u00e9g\u0171 anyagokb\u00f3l k\u00e9sz\u00fclt, \u00edgy el\u00e9g robusztus ahhoz, hogy ellen\u00e1lljon a neh\u00e9z haszn\u00e1lat \u00e9s a zord munkak\u00f6r\u00fclm\u00e9nyek megterhel\u00e9s\u00e9nek.<\/p>\n<p>Ennek a hidraulikus hengernek az egyik legfontosabb el\u0151nye a k\u00f6nny\u0171 telep\u00edt\u00e9s. A hengerhez minden sz\u00fcks\u00e9ges r\u00f6gz\u00edt\u0151elem \u00e9s szerelv\u00e9ny tartozik, \u00edgy a telep\u00edt\u00e9s gyors \u00e9s probl\u00e9mamentes. Telep\u00edt\u00e9s ut\u00e1n hihetetlen\u00fcl k\u00f6nnyen kezelhet\u0151, egyszer\u0171 kezel\u0151szervekkel \u00e9s intuit\u00edv kezel\u00e9ssel.<\/p>\n<p><img decoding=\"async\" src=\"https:\/\/hzpt.com\/wp-content\/uploads\/2023\/11\/Inverted-Telescopic-Cylinder-11.webp\" alt=\"\" title=\"\"><\/p>\n<p>Teljes\u00edtm\u00e9ny tekintet\u00e9ben a gy\u00e1rilag szerelt hossz\u00fa l\u00f6ket\u0171 d\u00f6mper ut\u00e1nfut\u00f3 hidraulikus henger kiv\u00e9teles eredm\u00e9nyeket ny\u00fajt. Prec\u00edz m\u00e9rn\u00f6ki munk\u00e1ja biztos\u00edtja a sim\u00e1n \u00e9s hat\u00e9kony m\u0171k\u00f6d\u00e9st, minim\u00e1lis s\u00farl\u00f3d\u00e1ssal \u00e9s maxim\u00e1lis teljes\u00edtm\u00e9nnyel. Ez lehet\u0151v\u00e9 teszi a neh\u00e9z terhek k\u00f6nny\u0171 kezel\u00e9s\u00e9t, mik\u00f6zben hossz\u00fa id\u0151n kereszt\u00fcl k\u00f6vetkezetes \u00e9s megb\u00edzhat\u00f3 teljes\u00edtm\u00e9nyt ny\u00fajt.<\/p>\n<p>\u00d6sszess\u00e9g\u00e9ben a Factory Serving Long Strike Dump Trailer Hidraulikus Henger d\u00f6mperekhez egy kiemelked\u0151 term\u00e9k, amely a modern m\u00e9rn\u00f6ki munka legjav\u00e1t k\u00e9pviseli. Ha kiv\u00e1l\u00f3 min\u0151s\u00e9g\u0171 hidraulikus hengert keres, amely kiv\u00e9teles teljes\u00edtm\u00e9nyt \u00e9s megb\u00edzhat\u00f3s\u00e1got ny\u00fajt, akkor ez a term\u00e9k az \u00d6n sz\u00e1m\u00e1ra k\u00e9sz\u00fclt.<\/p>\n<table style=\"width: 100%;\" border=\"1\" width=\"100%\" cellspacing=\"0\" cellpadding=\"0\">\n<tbody>\n<tr>\n<th>Term\u00e9k neve<\/th>\n<td>Hossz\u00fa l\u00f6ket\u0171 d\u00f6mper p\u00f3tkocsi hidraulikus henger<\/td>\n<\/tr>\n<tr>\n<th>\u00c1llapot<\/th>\n<td>\u00daj<\/td>\n<\/tr>\n<tr>\n<th>Garancia<\/th>\n<td>1 \u00e9v<\/td>\n<\/tr>\n<tr>\n<th>S\u00faly (KG)<\/th>\n<td>48<\/td>\n<\/tr>\n<tr>\n<th>Max. tol\u00f3er\u0151<\/th>\n<td>3000<\/td>\n<\/tr>\n<tr>\n<th>Max. h\u00faz\u00f3er\u0151<\/th>\n<td>20 tonna<\/td>\n<\/tr>\n<tr>\n<th>Alkalmazhat\u00f3 ipar\u00e1gak<\/th>\n<td>Gy\u00e1rt\u00f3\u00fczemek, G\u00e9pjav\u00edt\u00f3 m\u0171helyek, Mez\u0151gazdas\u00e1g, Energia \u00e9s b\u00e1ny\u00e1szat, G\u00e9pgy\u00e1rt\u00e1s, G\u00e9pgy\u00e1rak<\/td>\n<\/tr>\n<tr>\n<th>Tervez\u00e9s<\/th>\n<td>Korszer\u0171, kifejezetten d\u00f6mperekhez<\/td>\n<\/tr>\n<tr>\n<th>Teljes\u00edtm\u00e9ny<\/th>\n<td>Robusztus \u00e9s megb\u00edzhat\u00f3<\/td>\n<\/tr>\n<\/tbody>\n<\/table>\n<h2>A hossz\u00fa l\u00f6ket\u0171 d\u00f6mper p\u00f3tkocsi hidraulikus henger\u00e9nek jellemz\u0151i<\/h2>\n<p>Ez a hidraulikus munkahenger sz\u00e1mos olyan tulajdons\u00e1ggal rendelkezik, amelyek kiv\u00e9teles v\u00e1laszt\u00e1ss\u00e1 teszik d\u00f6mperaut\u00f3j\u00e1hoz. Ezek k\u00f6z\u00e9 tartoznak:<\/p>\n<ul>\n<li>A dugatty\u00fas henger szabv\u00e1nyos fel\u00e9p\u00edt\u00e9se \u2013 megb\u00edzhat\u00f3 m\u0171k\u00f6d\u00e9st \u00e9s kompatibilit\u00e1st k\u00edn\u00e1l.<\/li>\n<li>Hidraulikus teljes\u00edtm\u00e9ny \u2013 hat\u00e9kony \u00e9s er\u0151teljes m\u0171k\u00f6d\u00e9st biztos\u00edt neh\u00e9z feladatokhoz.<\/li>\n<li>Ac\u00e9l test anyaga \u2013 tart\u00f3ss\u00e1got \u00e9s hossz\u00fa t\u00e1v\u00fa haszn\u00e1latot biztos\u00edt.<\/li>\n<li>Ford\u00edtott teleszk\u00f3pos hengeres t\u00edpus \u2013 nagyobb hat\u00f3t\u00e1vols\u00e1got \u00e9s fokozott rugalmass\u00e1got k\u00edn\u00e1l.<\/li>\n<li>ISO9001:2000 tan\u00fas\u00edtv\u00e1ny \u2013 min\u0151s\u00e9gi \u00e9s teljes\u00edtm\u00e9nyi szabv\u00e1nyok biztos\u00edt\u00e1sa.<\/li>\n<\/ul>\n<h2>A hossz\u00fa l\u00f6ket\u0171 billen\u0151p\u00f3tkocsi hidraulikus henger\u00e9nek alkalmaz\u00e1sai<\/h2>\n<p>Ennek a hidraulikus hengernek a sokoldal\u00fas\u00e1ga sz\u00e9les k\u00f6r\u0171 alkalmaz\u00e1sokhoz alkalmass\u00e1 teszi. Ezek k\u00f6z\u00e9 tartoznak:<\/p>\n<ul>\n<li>Gy\u00e1rt\u00f3\u00fczemek \u2013 neh\u00e9zg\u00e9pek \u00fczemeltet\u00e9s\u00e9re.<\/li>\n<li>G\u00e9pjav\u00edt\u00f3 m\u0171helyek \u2013 alkatr\u00e9szk\u00e9nt vagy jav\u00edt\u00e1shoz.<\/li>\n<li>Gazdas\u00e1gok \u2013 mez\u0151gazdas\u00e1gi g\u00e9pek \u00e9s berendez\u00e9sek kezel\u00e9s\u00e9re.<\/li>\n<li>Energia \u00e9s b\u00e1ny\u00e1szat \u2013 f\u00far\u00f3tornyok \u00e9s egy\u00e9b neh\u00e9zg\u00e9pek \u00fczemeltet\u00e9s\u00e9hez.<\/li>\n<li>G\u00e9pgy\u00e1rt\u00e1s \u00e9s g\u00e9pgy\u00e1rak \u2013 sz\u00e1mos g\u00e9p alkot\u00f3elemek\u00e9nt.<\/li>\n<\/ul>\n<p><img decoding=\"async\" src=\"https:\/\/hzpt.com\/wp-content\/uploads\/2023\/11\/Inverted-Telescopic-Cylinder-Applications.webp\" alt=\"Ford\u00edtott teleszk\u00f3pos henger alkalmaz\u00e1sok\" title=\"\"><\/p>\n<h2>A hossz\u00fa l\u00f6ket\u0171 billen\u0151p\u00f3tkocsi hidraulikus henger\u00e9nek m\u0171k\u00f6d\u00e9si elve \u00e9s karbantart\u00e1sa<\/h2>\n<p>Ez a hidraulikus henger egyszer\u0171, m\u00e9gis hat\u00e9kony elven m\u0171k\u00f6dik. Egy furatb\u00f3l \u00e9s egy r\u00fadb\u00f3l \u00e1ll, amelybe nagy nyom\u00e1son hidraulikafolyad\u00e9k pump\u00e1l\u00f3dik. Ez egy line\u00e1ris er\u0151t hoz l\u00e9tre, amely mozgatja a rudat, l\u00e9trehozva az alkalmaz\u00e1shoz sz\u00fcks\u00e9ges nyom\u00f3- vagy h\u00faz\u00f3er\u0151t. A hidraulikus henger karbantart\u00e1sa rendszeres ellen\u0151rz\u00e9st, tiszt\u00edt\u00e1st, ken\u00e9st \u00e9s t\u00f6m\u00edt\u00e9scser\u00e9t foglal mag\u00e1ban, valamint a kezel\u00e9si \u00fatmutat\u00f3 betart\u00e1s\u00e1t az optim\u00e1lis teljes\u00edtm\u00e9ny \u00e9s hossz\u00fa \u00e9lettartam biztos\u00edt\u00e1sa \u00e9rdek\u00e9ben.<\/p>\n<p><img decoding=\"async\" src=\"https:\/\/hzpt.com\/wp-content\/uploads\/2023\/11\/Inverted-Telescopic-Cylinder-12.webp\" alt=\"\" title=\"\"><\/p>\n<h2>Ford\u00edtott teleszk\u00f3pos henger<\/h2>\n<ul>\n<li><strong>Bevezet\u00e9s:<\/strong> Az invert\u00e1lt teleszk\u00f3pos henger egy olyan hidraulikus hengert\u00edpus, amelyet sz\u00e9les k\u00f6rben haszn\u00e1lnak k\u00fcl\u00f6nf\u00e9le ipari alkalmaz\u00e1sokban, k\u00fcl\u00f6n\u00f6sen d\u00f6mperekben \u00e9s p\u00f3tkocsikban. Ez a t\u00edpus\u00fa henger hossz\u00fa l\u00f6ketet biztos\u00edt kompakt \u00e9s tart\u00f3s fel\u00e9p\u00edt\u00e9ssel, \u00edgy ide\u00e1lis nagy ig\u00e9nybev\u00e9tel\u0171 m\u0171veletekhez.<\/li>\n<li><strong>Jellemz\u0151k:<\/strong> A gy\u00e1rilag szerelt, hossz\u00fa l\u00f6ket\u0171 d\u00f6mper ut\u00e1nfut\u00f3 hidraulikus henger d\u00f6mper teheraut\u00f3khoz, ford\u00edtott teleszk\u00f3pos henger, kiv\u00e1l\u00f3 tulajdons\u00e1gair\u00f3l ismert, p\u00e9ld\u00e1ul a nagy dugatty\u00fa\u00e1tm\u00e9r\u0151nek \u00e9s l\u00f6kethossznak k\u00f6sz\u00f6nhet\u0151en nagy er\u0151- \u00e9s nyomat\u00e9klead\u00e1sra val\u00f3 k\u00e9pess\u00e9g\u00e9r\u0151l. Kompakt kialak\u00edt\u00e1s\u00e1nak k\u00f6sz\u00f6nhet\u0151en k\u00f6nnyen telep\u00edthet\u0151 \u00e9s karbantarthat\u00f3. Ezenk\u00edv\u00fcl ez a t\u00edpus\u00fa henger kiv\u00e1l\u00f3 min\u0151s\u00e9g\u0171 anyagokb\u00f3l, p\u00e9ld\u00e1ul ac\u00e9lb\u00f3l \u00e9s alum\u00edniumb\u00f3l k\u00e9sz\u00fcl, hogy kiv\u00e1l\u00f3 tart\u00f3ss\u00e1got \u00e9s kop\u00e1s\u00e1ll\u00f3s\u00e1got biztos\u00edtson.<\/li>\n<li><strong>Tervez\u00e9s:<\/strong> A ford\u00edtott teleszk\u00f3pos henger f\u00fcgg\u0151leges helyzetben m\u0171k\u00f6dik, a dugatty\u00far\u00fad lefel\u00e9 ny\u00falik ki a hengertestb\u0151l. A henger egym\u00e1sba \u00e1gyazott cs\u00f6vek sorozat\u00e1b\u00f3l \u00e1ll, amelyek egym\u00e1sba be- \u00e9s kifel\u00e9 mozognak, \u00edgy hossz\u00fa l\u00f6ketet hoznak l\u00e9tre. A dugatty\u00fa a legnagyobb cs\u0151h\u00f6z van r\u00f6gz\u00edtve, \u00e9s ahogy a hidraulikus folyad\u00e9k a hengerbe pump\u00e1l\u00f3dik, a cs\u00f6vek kiny\u00falnak \u00e9s visszah\u00faz\u00f3dnak, hogy felemelj\u00e9k \u00e9s leengedj\u00e9k a terhet.<\/li>\n<li><strong>Alkalmaz\u00e1sok:<\/strong> A ford\u00edtott teleszk\u00f3pos hengert sz\u00e9les k\u00f6rben haszn\u00e1lj\u00e1k k\u00fcl\u00f6nf\u00e9le alkalmaz\u00e1sokban, bele\u00e9rtve a d\u00f6mpereket \u00e9s p\u00f3tkocsikat, mez\u0151gazdas\u00e1gi berendez\u00e9seket \u00e9s \u00e9p\u00edt\u0151ipari g\u00e9peket. D\u00f6mperekben ezt a t\u00edpus\u00fa hengert jellemz\u0151en a plat\u00f3 emel\u00e9s\u00e9re \u00e9s s\u00fcllyeszt\u00e9s\u00e9re haszn\u00e1lj\u00e1k anyagok \u00fcr\u00edt\u00e9s\u00e9hez. Mez\u0151gazdas\u00e1gi berendez\u00e9sekben neh\u00e9z terhek, p\u00e9ld\u00e1ul sz\u00e9nab\u00e1l\u00e1k emel\u00e9s\u00e9re \u00e9s mozgat\u00e1s\u00e1ra haszn\u00e1lhat\u00f3. \u00c9p\u00edt\u0151ipari g\u00e9pekben \u00e1ltal\u00e1ban f\u00f6ldmunk\u00e1khoz \u00e9s \u00e1s\u00e1shoz haszn\u00e1lj\u00e1k.<\/li>\n<li><strong>Karbantart\u00e1s:<\/strong> Az optim\u00e1lis teljes\u00edtm\u00e9ny \u00e9s hossz\u00fa \u00e9lettartam biztos\u00edt\u00e1sa \u00e9rdek\u00e9ben a ford\u00edtott teleszk\u00f3pos henger rendszeres karbantart\u00e1st ig\u00e9nyel. Ez mag\u00e1ban foglalja a henger sziv\u00e1rg\u00e1s\u00e1nak \u00e9s s\u00e9r\u00fcl\u00e9seinek ellen\u0151rz\u00e9s\u00e9t, a kopott vagy s\u00e9r\u00fclt t\u00f6m\u00edt\u00e9sek cser\u00e9j\u00e9t, valamint a mozg\u00f3 alkatr\u00e9szek ken\u00e9s\u00e9t. A megfelel\u0151 karbantart\u00e1s seg\u00edthet megel\u0151zni a k\u00f6lts\u00e9ges jav\u00edt\u00e1sokat \u00e9s az \u00e1ll\u00e1sid\u0151ket, valamint meghosszabb\u00edthatja a henger \u00e9lettartam\u00e1t.<\/li>\n<li><strong>K\u00f6vetkeztet\u00e9s:<\/strong> A ford\u00edtott teleszk\u00f3pos henger egy rendk\u00edv\u00fcl sokoldal\u00fa \u00e9s megb\u00edzhat\u00f3 hidraulikus henger, amelyet sz\u00e9les k\u00f6rben haszn\u00e1lnak k\u00fcl\u00f6nf\u00e9le ipari alkalmaz\u00e1sokban. Kompakt kialak\u00edt\u00e1sa, hossz\u00fa l\u00f6kete \u00e9s nagy er\u0151teljes\u00edtm\u00e9nye ide\u00e1liss\u00e1 teszi nagy ig\u00e9nybev\u00e9tel\u0171 m\u0171veletekhez, p\u00e9ld\u00e1ul d\u00f6mperekben \u00e9s p\u00f3tkocsikban v\u00e9gzett m\u0171veletekhez. Megfelel\u0151 karbantart\u00e1s mellett ez a t\u00edpus\u00fa henger kiv\u00e1l\u00f3 teljes\u00edtm\u00e9nyt \u00e9s hossz\u00fa \u00e9lettartamot biztos\u00edthat sok \u00e9ven \u00e1t.<\/li>\n<\/ul>\n<h3>Az FMP-r\u0151l<\/h3>\n<p>Az FMP egy hidraulikus hengerek gy\u00e1rt\u00e1s\u00e1ra \u00e9s \u00e9rt\u00e9kes\u00edt\u00e9s\u00e9re szakosodott v\u00e1llalat. Az ipar\u00e1gban szerzett sz\u00e9lesk\u00f6r\u0171 tapasztalatunkkal \u00e9s professzion\u00e1lis csapatunkkal elk\u00f6telezettek vagyunk amellett, hogy \u00fcgyfeleinknek kiv\u00e1l\u00f3 min\u0151s\u00e9g\u0171 \u00e9s megb\u00edzhat\u00f3 hidraulikus hengereket biztos\u00edtsunk.<\/p>\n<p><img decoding=\"async\" src=\"https:\/\/fmp-components.com\/wp-content\/uploads\/2024\/12\/Adjustable-Clevis-Type-Cylinders-6.webp\" alt=\"\u00c1ll\u00edthat\u00f3 kengyeles henger\" width=\"840\" title=\"\"><\/p>\n<p>1. Kiv\u00e1l\u00f3 min\u0151s\u00e9g\u0171 term\u00e9kek: Az FMP-n\u00e9l b\u00fcszk\u00e9k vagyunk arra, hogy kiv\u00e1l\u00f3 min\u0151s\u00e9g\u0171, tart\u00f3s hidraulikus hengereket k\u00edn\u00e1lunk. Term\u00e9keink szigor\u00fa min\u0151s\u00e9gellen\u0151rz\u00e9si int\u00e9zked\u00e9seken esnek \u00e1t tart\u00f3ss\u00e1guk \u00e9s teljes\u00edtm\u00e9ny\u00fck biztos\u00edt\u00e1sa \u00e9rdek\u00e9ben.<\/p>\n<p>2. Sz\u00e9lesk\u00f6r\u0171 opci\u00f3k: \u00dcgyfeleink egyedi ig\u00e9nyeinek kiel\u00e9g\u00edt\u00e9s\u00e9re hidraulikus hengerek sz\u00e9les v\u00e1laszt\u00e9k\u00e1t k\u00edn\u00e1ljuk. Ak\u00e1r \u00e1ll\u00edthat\u00f3 kengyeles hengerekre, \u00f6sszek\u00f6t\u0151rudas hengerekre vagy hegesztett hengerekre van sz\u00fcks\u00e9ge, n\u00e1lunk megtal\u00e1lja az \u00d6nnek megfelel\u0151t.<\/p>\n<p>3. Szigor\u00fa min\u0151s\u00e9gi szabv\u00e1nyok: Hossz\u00fa t\u00e1v\u00fa \u00e9s stabil partners\u00e9geket \u00e1polunk j\u00f3 h\u00edr\u0171 besz\u00e1ll\u00edt\u00f3kkal annak \u00e9rdek\u00e9ben, hogy minden hidraulikus henger\u00fcnk megfeleljen a szigor\u00fa min\u0151s\u00e9gi el\u0151\u00edr\u00e1soknak. Minden term\u00e9k\u00fcnk alapos ellen\u0151rz\u00e9sen esik \u00e1t, miel\u0151tt kisz\u00e1ll\u00edtan\u00e1nk \u00fcgyfeleinknek.<\/p>\n<p>4. Szak\u00e9rt\u0151 \u00e9rt\u00e9kes\u00edt\u00e9si csapat: Tapasztalt \u00e9s hozz\u00e1\u00e9rt\u0151 \u00e9rt\u00e9kes\u00edt\u00e9si csapatunk j\u00e1rtas az ipar\u00e1g leg\u00fajabb trendjeiben \u00e9s \u00fcgyf\u00e9lig\u00e9nyeiben. Mindig k\u00e9szen \u00e1llnak professzion\u00e1lis term\u00e9ktan\u00e1csad\u00e1sra \u00e9s intelligens v\u00e1s\u00e1rl\u00e1si javaslatokra az \u00fcgyfelek el\u00e9gedetts\u00e9g\u00e9nek biztos\u00edt\u00e1sa \u00e9rdek\u00e9ben.<\/p>\n<p>5. Hat\u00e9kony logisztikai rendszer: Meg\u00e9rtj\u00fck az id\u0151ben t\u00f6rt\u00e9n\u0151 sz\u00e1ll\u00edt\u00e1s fontoss\u00e1g\u00e1t. Hat\u00e9kony logisztikai eloszt\u00f3rendszer\u00fcnkkel biztos\u00edtjuk, hogy \u00fcgyfeleink gyorsan \u00e9s pontosan megkapj\u00e1k a sz\u00fcks\u00e9ges hidraulikus hengereket.<\/p>\n<p>V\u00e1lassza az FMP-t hidraulikus hengerei ig\u00e9nyeihez, \u00e9s tapasztalja meg a min\u0151s\u00e9get \u00e9s megb\u00edzhat\u00f3s\u00e1got, amely megk\u00fcl\u00f6nb\u00f6ztet minket a versenyt\u00e1rsakt\u00f3l. L\u00e9pjen kapcsolatba vel\u00fcnk m\u00e9g ma, hogy gy\u00fcm\u00f6lcs\u00f6z\u0151 partners\u00e9get kezdhessen.<\/p>\n<p>Szerz\u0151: CX<\/p>","protected":false},"excerpt":{"rendered":"<p>The Factory Serving Long Stroke Dump Trailer Hydraulic Cylinder for Dump Truck is an innovative, high-quality product designed to meet the needs of the modern dump truck industry. With its durable construction and versatile design, this hydraulic cylinder is the ideal solution for dump truck operators who demand the very best. Featuring a long stroke [&hellip;]<\/p>","protected":false},"featured_media":1678,"comment_status":"closed","ping_status":"closed","template":"","meta":{"_et_pb_use_builder":"","_et_pb_old_content":"","_et_gb_content_width":""},"product_brand":[],"product_cat":[45],"product_tag":[34,48],"class_list":{"0":"post-1677","1":"product","2":"type-product","3":"status-publish","4":"has-post-thumbnail","6":"product_cat-inverted-telescopic-cylinder","7":"product_tag-hydraulic-cylinder","8":"product_tag-inverted-telescopic-cylinder","10":"first","11":"instock","12":"product-type-simple"},"_links":{"self":[{"href":"https:\/\/fmp-components.com\/hu\/wp-json\/wp\/v2\/product\/1677","targetHints":{"allow":["GET"]}}],"collection":[{"href":"https:\/\/fmp-components.com\/hu\/wp-json\/wp\/v2\/product"}],"about":[{"href":"https:\/\/fmp-components.com\/hu\/wp-json\/wp\/v2\/types\/product"}],"replies":[{"embeddable":true,"href":"https:\/\/fmp-components.com\/hu\/wp-json\/wp\/v2\/comments?post=1677"}],"wp:featuredmedia":[{"embeddable":true,"href":"https:\/\/fmp-components.com\/hu\/wp-json\/wp\/v2\/media\/1678"}],"wp:attachment":[{"href":"https:\/\/fmp-components.com\/hu\/wp-json\/wp\/v2\/media?parent=1677"}],"wp:term":[{"taxonomy":"product_brand","embeddable":true,"href":"https:\/\/fmp-components.com\/hu\/wp-json\/wp\/v2\/product_brand?post=1677"},{"taxonomy":"product_cat","embeddable":true,"href":"https:\/\/fmp-components.com\/hu\/wp-json\/wp\/v2\/product_cat?post=1677"},{"taxonomy":"product_tag","embeddable":true,"href":"https:\/\/fmp-components.com\/hu\/wp-json\/wp\/v2\/product_tag?post=1677"}],"curies":[{"name":"munkaf\u00fczet","href":"https:\/\/api.w.org\/{rel}","templated":true}]}}