{"id":1675,"date":"2024-12-23T07:00:44","date_gmt":"2024-12-23T07:00:44","guid":{"rendered":"https:\/\/fmp-components.com\/product\/guaranteed-quality-10-ton-long-stroke-telescopic-hydraulic-cylinder\/"},"modified":"2025-03-11T06:09:53","modified_gmt":"2025-03-11T06:09:53","slug":"guaranteed-quality-10-ton-long-stroke-telescopic-hydraulic-cylinder","status":"publish","type":"product","link":"https:\/\/fmp-components.com\/hu\/product\/guaranteed-quality-10-ton-long-stroke-telescopic-hydraulic-cylinder\/","title":{"rendered":"Garant\u00e1lt min\u0151s\u00e9g\u0171 10 tonn\u00e1s hossz\u00fa l\u00f6ket\u0171 teleszk\u00f3pos hidraulikus henger"},"content":{"rendered":"<h2>Bemutatkozik a garant\u00e1lt min\u0151s\u00e9g\u0171 10 tonn\u00e1s hossz\u00fa l\u00f6ket\u0171 teleszk\u00f3pos hidraulikus henger<\/h2>\n<p>A garant\u00e1lt min\u0151s\u00e9g\u0171 10 tonn\u00e1s, hossz\u00fa l\u00f6ket\u0171 teleszk\u00f3pos hidraulikus henger egy kiv\u00e1l\u00f3 min\u0151s\u00e9g\u0171 term\u00e9k, amelyet k\u00fcl\u00f6nf\u00e9le ipari alkalmaz\u00e1sokhoz terveztek. Leny\u0171g\u00f6z\u0151, 10 tonn\u00e1s emel\u0151kapacit\u00e1s\u00e1val kiv\u00e9teles szil\u00e1rds\u00e1got \u00e9s teljes\u00edtm\u00e9nyt k\u00edn\u00e1l.<\/p>\n<p>Ez a hidraulikus henger hossz\u00fa l\u00f6ket\u0171 kialak\u00edt\u00e1s\u00fa, amely lehet\u0151v\u00e9 teszi a hagyom\u00e1nyos hengerekhez k\u00e9pest nagyobb t\u00e1vols\u00e1gra t\u00f6rt\u00e9n\u0151 kiny\u00fal\u00e1st \u00e9s visszah\u00faz\u00e1st. Ez nagyobb rugalmass\u00e1got \u00e9s sokoldal\u00fas\u00e1got biztos\u00edt a k\u00fcl\u00f6nf\u00e9le emel\u00e9si \u00e9s tol\u00e1si feladatokban.<\/p>\n<p>Prec\u00edzi\u00f3s m\u00e9rn\u00f6ki munk\u00e1val \u00e9s fejlett technol\u00f3gi\u00e1val tervezett, garant\u00e1lt min\u0151s\u00e9g\u0171 10 tonn\u00e1s, hossz\u00fa l\u00f6ket\u0171 teleszk\u00f3pos hidraulikus henger z\u00f6kken\u0151mentes \u00e9s hat\u00e9kony m\u0171k\u00f6d\u00e9st biztos\u00edt. \u00dagy tervezt\u00e9k, hogy ellen\u00e1lljon a nagy terhel\u00e9seknek \u00e9s a sz\u00e9ls\u0151s\u00e9ges munkak\u00f6r\u00fclm\u00e9nyeknek, \u00edgy rendk\u00edv\u00fcl megb\u00edzhat\u00f3 \u00e9s tart\u00f3s.<\/p>\n<p>Ennek a hidraulikus hengernek a teleszk\u00f3pos kialak\u00edt\u00e1sa t\u00f6bb fokozatban is kih\u00fazhat\u00f3, \u00edgy fokozott sokoldal\u00fas\u00e1got biztos\u00edt a k\u00fcl\u00f6nf\u00e9le alkalmaz\u00e1sokban. Kompakt \u00e9s helytakar\u00e9kos megold\u00e1st k\u00edn\u00e1l, \u00edgy ide\u00e1lis olyan helyzetekben, ahol korl\u00e1tozott hely \u00e1ll rendelkez\u00e9sre.<\/p>\n<p>A garant\u00e1lt min\u0151s\u00e9g\u0171, 10 tonn\u00e1s, hossz\u00fa l\u00f6ket\u0171 teleszk\u00f3pos hidraulikus henger eset\u00e9ben a biztons\u00e1g a legfontosabb. Robusztus biztons\u00e1gi funkci\u00f3kkal van felszerelve, bele\u00e9rtve a nyom\u00e1scs\u00f6kkent\u0151 szelepeket \u00e9s t\u00f6m\u00edt\u00e9seket, hogy megel\u0151zze a lehets\u00e9ges baleseteket vagy k\u00e1rokat.<\/p>\n<p>Ennek a hidraulikus hengernek a f\u0151 jellemz\u0151i az egyszer\u0171 telep\u00edt\u00e9s \u00e9s karbantart\u00e1s. \u00dagy tervezt\u00e9k, hogy k\u00e9nyelmesen fel- \u00e9s le lehessen szerelni, cs\u00f6kkentve az \u00e1ll\u00e1sid\u0151t \u00e9s n\u00f6velve a termel\u00e9kenys\u00e9get. A rendszeres karbantart\u00e1s \u00e9s ellen\u0151rz\u00e9s egyszer\u0171 feladatok, biztos\u00edtva az optim\u00e1lis teljes\u00edtm\u00e9nyt \u00e9s a hossz\u00fa \u00e9lettartamot.<\/p>\n<p>\u00d6sszefoglalva, a Garant\u00e1lt Min\u0151s\u00e9g\u0171 10 Tonn\u00e1s Hossz\u00fa L\u00f6ket\u0171 Teleszk\u00f3pos Hidraulikus Henger egy megb\u00edzhat\u00f3, nagy teljes\u00edtm\u00e9ny\u0171 term\u00e9k, amely kiv\u00e9teles szil\u00e1rds\u00e1got \u00e9s sokoldal\u00fas\u00e1got k\u00edn\u00e1l. Ide\u00e1lis v\u00e1laszt\u00e1s k\u00fcl\u00f6nf\u00e9le ipari alkalmaz\u00e1sokhoz, ahol tart\u00f3s \u00e9s hat\u00e9kony hidraulikus hengerre van sz\u00fcks\u00e9g.<\/p>\n<table style=\"width: 100%;\" border=\"1\" width=\"100%\" cellspacing=\"0\" cellpadding=\"0\">\n<tbody>\n<tr>\n<th>Term\u00e9k neve<\/th>\n<td>10 tonn\u00e1s hossz\u00fa l\u00f6ket\u0171 teleszk\u00f3pos hidraulikus henger<\/td>\n<\/tr>\n<tr>\n<th>\u00c1llapot<\/th>\n<td>\u00daj<\/td>\n<\/tr>\n<tr>\n<th>Garancia<\/th>\n<td>1 \u00e9v<\/td>\n<\/tr>\n<tr>\n<th>S\u00faly (KG)<\/th>\n<td>43<\/td>\n<\/tr>\n<tr>\n<th>Max. tol\u00f3er\u0151<\/th>\n<td>3000<\/td>\n<\/tr>\n<tr>\n<th>Max. h\u00faz\u00f3er\u0151<\/th>\n<td>20 tonna<\/td>\n<\/tr>\n<tr>\n<th>Sz\u00edn<\/th>\n<td>Eleg\u00e1ns fekete<\/td>\n<\/tr>\n<tr>\n<th>Csomagol\u00e1si lehet\u0151s\u00e9gek<\/th>\n<td>Vastok, r\u00e9tegelt lemez tok, kartondoboz<\/td>\n<\/tr>\n<tr>\n<th>Alkalmazhat\u00f3 ipar\u00e1gak<\/th>\n<td>Gy\u00e1rt\u00f3\u00fczemek, G\u00e9pjav\u00edt\u00f3 m\u0171helyek, Mez\u0151gazdas\u00e1g, Energia \u00e9s b\u00e1ny\u00e1szat, G\u00e9pgy\u00e1rak<\/td>\n<\/tr>\n<\/tbody>\n<\/table>\n<h2>A 10 tonn\u00e1s hossz\u00fa l\u00f6ket\u0171 teleszk\u00f3pos hidraulikus henger jellemz\u0151i<\/h2>\n<p>A kiv\u00e1l\u00f3 teljes\u00edtm\u00e9nyt \u00e9s megb\u00edzhat\u00f3s\u00e1got k\u00edn\u00e1l\u00f3 10 tonn\u00e1s hossz\u00fa l\u00f6ket\u0171 teleszk\u00f3pos hidraulikus henger a k\u00f6vetkez\u0151 tulajdons\u00e1gokkal rendelkezik:<\/p>\n<p><img decoding=\"async\" src=\"https:\/\/hzpt.com\/wp-content\/uploads\/2023\/11\/Inverted-Telescopic-Cylinder-10.webp\" alt=\"\" title=\"\"><\/p>\n<ul>\n<li>Standard dugatty\u00fas henger szerkezet: Robusztus \u00e9s hat\u00e9kony m\u0171k\u00f6d\u00e9st biztos\u00edt.<\/li>\n<li>Hidraulikus teljes\u00edtm\u00e9ny: Hat\u00e9kony \u00e9s nagy teljes\u00edtm\u00e9nyt biztos\u00edt.<\/li>\n<li>Ac\u00e9l test anyaga: Tart\u00f3ss\u00e1got \u00e9s hossz\u00fa \u00e9lettartamot biztos\u00edt.<\/li>\n<li>Ford\u00edtott teleszk\u00f3pos hengerek: Kib\u0151v\u00edtett funkcionalit\u00e1st k\u00edn\u00e1l a k\u00fcl\u00f6nf\u00e9le ig\u00e9nyek kiel\u00e9g\u00edt\u00e9s\u00e9re.<\/li>\n<li>ISO9001:2000 tan\u00fas\u00edtv\u00e1ny: Garant\u00e1lja a min\u0151s\u00e9get \u00e9s a biztons\u00e1got.<\/li>\n<\/ul>\n<h2>A 10 tonn\u00e1s hossz\u00fa l\u00f6ket\u0171 teleszk\u00f3pos hidraulikus henger alkalmaz\u00e1sai<\/h2>\n<p>A 10 tonn\u00e1s, hossz\u00fa l\u00f6ket\u0171 teleszk\u00f3pos hidraulikus henger sokoldal\u00fa \u00e9s sz\u00e1mos alkalmaz\u00e1si ter\u00fcleten haszn\u00e1lhat\u00f3:<\/p>\n<ul>\n<li>Gy\u00e1rt\u00f3\u00fczemek: Neh\u00e9z feladatok hat\u00e9kony elv\u00e9gz\u00e9s\u00e9hez.<\/li>\n<li>G\u00e9pjav\u00edt\u00f3 m\u0171helyek: Lehet\u0151v\u00e9 teszik a neh\u00e9zg\u00e9pek egyszer\u0171 \u00e9s gyors jav\u00edt\u00e1s\u00e1t.<\/li>\n<li>Gazdas\u00e1gok: Hasznos k\u00fcl\u00f6nf\u00e9le mez\u0151gazdas\u00e1gi tev\u00e9kenys\u00e9gekhez.<\/li>\n<li>Energia \u00e9s b\u00e1ny\u00e1szat: Hat\u00e9kony a nagynyom\u00e1s\u00fa b\u00e1ny\u00e1szati \u200b\u200bfeladatok v\u00e9grehajt\u00e1s\u00e1ban.<\/li>\n<li>G\u00e9pgy\u00e1rak: N\u00e9lk\u00fcl\u00f6zhetetlenek a neh\u00e9zg\u00e9p-alkatr\u00e9szek gy\u00e1rt\u00e1s\u00e1hoz \u00e9s \u00f6sszeszerel\u00e9s\u00e9hez.<\/li>\n<\/ul>\n<p><img decoding=\"async\" src=\"https:\/\/hzpt.com\/wp-content\/uploads\/2023\/11\/Inverted-Telescopic-Cylinder-Applications.webp\" alt=\"Ford\u00edtott teleszk\u00f3pos henger alkalmaz\u00e1sok\" title=\"\"><\/p>\n<h2>A 10 tonn\u00e1s hossz\u00fa l\u00f6ket\u0171 teleszk\u00f3pos hidraulikus henger m\u0171k\u00f6d\u00e9si elve \u00e9s karbantart\u00e1sa<\/h2>\n<p>A hidraulikus henger a hidraulikus folyad\u00e9k nyom\u00e1s\u00e1nak mechanikai er\u0151v\u00e9 alak\u00edt\u00e1s\u00e1nak elv\u00e9n m\u0171k\u00f6dik. \u00cdme n\u00e9h\u00e1ny fontos szempont a m\u0171k\u00f6d\u00e9s\u00e9vel \u00e9s karbantart\u00e1s\u00e1val kapcsolatban:<\/p>\n<ul>\n<li>Konfigur\u00e1ci\u00f3: A henger dugatty\u00faval, hengertesttel \u00e9s t\u00f6m\u00edt\u00e9sekkel van ell\u00e1tva.<\/li>\n<li>Hidraulikus folyad\u00e9k bemenet: A folyad\u00e9kot a hengerbe pump\u00e1lj\u00e1k, ami a dugatty\u00fat mozg\u00e1sba hozza \u00e9s kimeneti er\u0151t gener\u00e1l.<\/li>\n<li>Kimeneti er\u0151: A hidraulikafolyad\u00e9k nyom\u00e1sa \u00e1ltal l\u00e9trehozott er\u0151t haszn\u00e1lj\u00e1k a munka elv\u00e9gz\u00e9s\u00e9re.<\/li>\n<li>Rendszeres ellen\u0151rz\u00e9s: A palackot rendszeresen ellen\u0151rizni kell az esetleges kop\u00e1s \u00e9s elhaszn\u00e1l\u00f3d\u00e1s szempontj\u00e1b\u00f3l.<\/li>\n<li>T\u00f6m\u00edt\u00e9scsere: A t\u00f6m\u00edt\u00e9seket rendszeresen cser\u00e9lni kell a hidraulikafolyad\u00e9k sziv\u00e1rg\u00e1s\u00e1nak elker\u00fcl\u00e9se \u00e9rdek\u00e9ben.<img decoding=\"async\" src=\"https:\/\/hzpt.com\/wp-content\/uploads\/2023\/11\/Inverted-Telescopic-Cylinder-15.webp\" alt=\"\" title=\"\"><\/li>\n<\/ul>\n<h2>Ford\u00edtott teleszk\u00f3pos henger<\/h2>\n<p>A garant\u00e1lt min\u0151s\u00e9g\u0171 10 tonn\u00e1s, hossz\u00fa l\u00f6ket\u0171 teleszk\u00f3pos hidraulikus henger egy innovat\u00edv hidraulikus alkatr\u00e9sz, amelyet k\u00fcl\u00f6nf\u00e9le ipari alkalmaz\u00e1sokban haszn\u00e1lnak. Ez a t\u00edpus\u00fa henger a hidraulikus er\u0151 elv\u00e9n m\u0171k\u00f6dik, \u00e9s fokozott emel\u00e9si \u00e9s tol\u00f3k\u00e9pess\u00e9g biztos\u00edt\u00e1s\u00e1ra tervezt\u00e9k. Ebben a cikkben megvizsg\u00e1ljuk a ford\u00edtott teleszk\u00f3pos henger jellemz\u0151it \u00e9s el\u0151nyeit, r\u00e9szletesebben bemutatva egyedi kialak\u00edt\u00e1s\u00e1t \u00e9s funkci\u00f3it.<\/p>\n<h3>1. \u00c9p\u00edt\u00e9s \u00e9s tervez\u00e9s<\/h3>\n<p>A ford\u00edtott teleszk\u00f3pos henger apr\u00f3l\u00e9kosan, prec\u00edzen \u00e9s a r\u00e9szletekre val\u00f3 odafigyel\u00e9ssel lett megtervezve. T\u00f6bb fokozatb\u00f3l vagy r\u00e9szb\u0151l \u00e1ll, amelyek teleszk\u00f3posan \u00f6sszecsukhat\u00f3k \u00e9s kiny\u00falhatnak, lehet\u0151v\u00e9 t\u00e9ve a hosszabb l\u00f6kethosszt. Minden fokozat az el\u0151z\u0151be \u00e1gyaz\u00f3dik, \u00edgy \u00f6sszeh\u00fazott \u00e1llapotban kompakt, kih\u00fazott \u00e1llapotban pedig jelent\u0151s hossz\u00fas\u00e1g\u00fa kialak\u00edt\u00e1st hoz l\u00e9tre.<\/p>\n<p>Ez a hengert\u00edpus ford\u00edtott konfigur\u00e1ci\u00f3j\u00e1r\u00f3l ismert, ahol a legnagyobb t\u00e1rgyasztal alul helyezkedik el, m\u00edg a kisebb t\u00e1rgyasztalok fel\u00fcl helyezkednek el. A ford\u00edtott kialak\u00edt\u00e1s fokozott stabilit\u00e1st \u00e9s hajl\u00edt\u00f3er\u0151kkel szembeni ellen\u00e1ll\u00e1st biztos\u00edt, \u00edgy alkalmass\u00e1 teszi nagy ig\u00e9nybev\u00e9tel\u0171 alkalmaz\u00e1sokhoz.<\/p>\n<h3>2. Megn\u00f6velt teherb\u00edr\u00e1s<\/h3>\n<p>Az inverz teleszk\u00f3pos henger kiv\u00e9teles emel\u0151kapacit\u00e1st k\u00edn\u00e1l egyedi kialak\u00edt\u00e1s\u00e1nak k\u00f6sz\u00f6nhet\u0151en. A t\u00f6bb fokozat jelent\u0151sen megn\u00f6veli a teljes fel\u00fcletet, ami nagyobb er\u0151kifejt\u00e9st tesz lehet\u0151v\u00e9. Ez a kialak\u00edt\u00e1s lehet\u0151v\u00e9 teszi a henger sz\u00e1m\u00e1ra, hogy k\u00f6nnyed\u00e9n kezelje a neh\u00e9z terheket, \u00edgy ide\u00e1lis olyan alkalmaz\u00e1sokhoz, amelyek jelent\u0151s s\u00falyok emel\u00e9s\u00e9t ig\u00e9nylik.<\/p>\n<p>Tov\u00e1bb\u00e1 a henger teleszk\u00f3pos jellege lehet\u0151v\u00e9 teszi a nagyobb l\u00f6kethosszt an\u00e9lk\u00fcl, hogy a kompakt m\u00e9ret rov\u00e1s\u00e1ra menne. A hosszabb l\u00f6ket el\u00e9r\u00e9s\u00e9nek k\u00e9pess\u00e9ge sokoldal\u00fav\u00e1 teszi a k\u00fcl\u00f6nb\u00f6z\u0151 emel\u00e9si k\u00f6vetelm\u00e9nyekhez.<\/p>\n<h3>3. Hossz\u00fa l\u00f6kethossz<\/h3>\n<p>A garant\u00e1lt min\u0151s\u00e9g\u0171 10 tonn\u00e1s, hossz\u00fa l\u00f6ket\u0171 teleszk\u00f3pos hidraulikus henger kifejezetten a hosszabb l\u00f6kethossz biztos\u00edt\u00e1s\u00e1ra lett tervezve. A be\u00e1gyazott fokozatok lehet\u0151v\u00e9 teszik, hogy a henger l\u00f6kethossza l\u00e9nyegesen hosszabb legyen, mint a visszah\u00fazott hossza. Ez a tulajdons\u00e1g el\u0151ny\u00f6s azokban az alkalmaz\u00e1sokban, ahol nagyobb kiny\u00fal\u00e1sra vagy l\u00f6ketre van sz\u00fcks\u00e9g.<\/p>\n<p>Ak\u00e1r \u00e9p\u00edt\u0151iparban, ak\u00e1r gy\u00e1rt\u00e1sban, ak\u00e1r m\u00e1s ipari szektorban dolgozik, a ford\u00edtott teleszk\u00f3pos henger hossz\u00fa l\u00f6kethossza pontos pozicion\u00e1l\u00e1st \u00e9s hat\u00e9kony m\u0171k\u00f6d\u00e9st biztos\u00edt. Kik\u00fcsz\u00f6b\u00f6li a tov\u00e1bbi hidraulikus alkatr\u00e9szek sz\u00fcks\u00e9gess\u00e9g\u00e9t, cs\u00f6kkentve a bonyolults\u00e1got \u00e9s a k\u00f6lts\u00e9geket.<\/p>\n<h3>4. Tart\u00f3ss\u00e1g \u00e9s megb\u00edzhat\u00f3s\u00e1g<\/h3>\n<p>A garant\u00e1lt min\u0151s\u00e9g kulcsfontoss\u00e1g\u00fa jellemz\u0151je ennek a 10 tonn\u00e1s, hossz\u00fa l\u00f6ket\u0171 teleszk\u00f3pos hidraulikus hengernek. A henger kiv\u00e1l\u00f3 min\u0151s\u00e9g\u0171 anyagokb\u00f3l k\u00e9sz\u00fclt, ami biztos\u00edtja a robusztuss\u00e1got \u00e9s a hossz\u00fa \u00e9lettartamot. \u00dagy tervezt\u00e9k, hogy ellen\u00e1lljon a nagy terhel\u00e9seknek, a zord k\u00f6rnyezetnek \u00e9s az ism\u00e9tl\u0151d\u0151 haszn\u00e1latnak, \u00edgy tart\u00f3s \u00e9s megb\u00edzhat\u00f3 v\u00e1laszt\u00e1s ipari alkalmaz\u00e1sokhoz.<\/p>\n<p>Ezenk\u00edv\u00fcl a henger ford\u00edtott konfigur\u00e1ci\u00f3ja n\u00f6veli stabilit\u00e1s\u00e1t \u00e9s ellen\u00e1ll\u00e1s\u00e1t a k\u00fcls\u0151 er\u0151kkel szemben. Ez a kialak\u00edt\u00e1s hozz\u00e1j\u00e1rul a hossz\u00fa \u00e9lettartam\u00e1hoz \u00e9s minimaliz\u00e1lja a meghib\u00e1sod\u00e1s kock\u00e1zat\u00e1t, garant\u00e1lva a megb\u00edzhat\u00f3 teljes\u00edtm\u00e9nyt hosszabb ideig.<\/p>\n<h3>K\u00f6vetkeztet\u00e9s<\/h3>\n<p>\u00d6sszefoglalva, a ford\u00edtott teleszk\u00f3pos henger egy figyelemre m\u00e9lt\u00f3 hidraulikus alkatr\u00e9sz, amely megn\u00f6velt emel\u0151kapacit\u00e1st, hossz\u00fa l\u00f6kethosszt \u00e9s garant\u00e1lt min\u0151s\u00e9get k\u00edn\u00e1l. Egyedi kialak\u00edt\u00e1sa \u00e9s kiv\u00e1l\u00f3 funkcionalit\u00e1sa sz\u00e9les k\u00f6r\u0171 ipari alkalmaz\u00e1sokhoz alkalmass\u00e1 teszi.<\/p>\n<p>Ak\u00e1r prec\u00edzi\u00f3s emel\u00e9sre, megn\u00f6velt kiny\u00fal\u00e1sra vagy tart\u00f3s hidraulikus megold\u00e1sra van sz\u00fcks\u00e9ge, a garant\u00e1lt min\u0151s\u00e9g\u0171, 10 tonn\u00e1s hossz\u00fa l\u00f6ket\u0171, ford\u00edtott teleszk\u00f3pos munkahenger megb\u00edzhat\u00f3 v\u00e1laszt\u00e1s. Innovat\u00edv kialak\u00edt\u00e1sa \u00e9s kiv\u00e9teles teljes\u00edtm\u00e9nye k\u00e9ts\u00e9gtelen\u00fcl megfelel, s\u0151t meghaladja hidraulikus rendszer\u00e9nek ig\u00e9nyeit.<\/p>\n<h3>Az FMP-r\u0151l \u2013 Hidraulikus henger<\/h3>\n<p>Az FMP egy vezet\u0151 v\u00e1llalat, amely \u00e9p\u00edt\u0151ipari g\u00e9palkatr\u00e9szek \u00e9s komplett g\u00e9pek gy\u00e1rt\u00e1s\u00e1ra \u00e9s \u00e9rt\u00e9kes\u00edt\u00e9s\u00e9re specializ\u00e1l\u00f3dott. Sok \u00e9ves ipar\u00e1gi tapasztalattal \u00e9s professzion\u00e1lis csapattal kiv\u00e1l\u00f3 min\u0151s\u00e9g\u0171 \u00e9s megb\u00edzhat\u00f3 \u00e9p\u00edt\u0151ipari g\u00e9p\u00e9szeti megold\u00e1sokat k\u00edn\u00e1lunk \u00fcgyfeleinknek. Az FMP-n\u00e9l sz\u00e9les term\u00e9kv\u00e1laszt\u00e9kot k\u00edn\u00e1lunk, bele\u00e9rtve a hidraulikus hengereket, mez\u0151gazdas\u00e1gi g\u00e9pek sebess\u00e9gv\u00e1lt\u00f3it, bolyg\u00f3kerekes sebess\u00e9gv\u00e1lt\u00f3kat, ipari sebess\u00e9gv\u00e1lt\u00f3kat, mez\u0151gazdas\u00e1gi g\u00e9palkatr\u00e9szeket \u00e9s a hozz\u00e1juk ill\u0151, cs\u00facskateg\u00f3ri\u00e1s tartoz\u00e9kok sorozat\u00e1t.<\/p>\n<p>\u00cdme n\u00e9h\u00e1ny ok, ami\u00e9rt \u00e9rdemes az \u00e1ltalunk k\u00edn\u00e1lt hidraulikus hengereket v\u00e1lasztania:<\/p>\n<p>1. Kiv\u00e1l\u00f3 min\u0151s\u00e9g: Helyi \u00e9s nemzetk\u00f6zi szinten egyar\u00e1nt kiv\u00e1l\u00f3 min\u0151s\u00e9g\u0171 besz\u00e1ll\u00edt\u00f3kkal dolgozunk egy\u00fctt, hogy biztos\u00edtsuk, hogy csak olyan alkatr\u00e9szeket sz\u00e1ll\u00edtsunk, amelyek megfelelnek a szigor\u00fa min\u0151s\u00e9gi el\u0151\u00edr\u00e1soknak. Hidraulikus hengereink tart\u00f3sak, megb\u00edzhat\u00f3ak, \u00e9s \u00fagy lettek tervezve, hogy optim\u00e1lis teljes\u00edtm\u00e9nyt ny\u00fajtsanak a legig\u00e9nyesebb k\u00f6r\u00fclm\u00e9nyek k\u00f6z\u00f6tt is.<\/p>\n<p>2. Professzion\u00e1lis \u00e9rt\u00e9kes\u00edt\u00e9si csapat: \u00c9rt\u00e9kes\u00edt\u00e9si csapatunk tapasztalt \u00e9s k\u00e9pzett szakemberekb\u0151l \u00e1ll, akik m\u00e9lyrehat\u00f3 ismeretekkel rendelkeznek az \u00e9p\u00edt\u0151ipari g\u00e9piparban. Mindig k\u00e9szen \u00e1llnak arra, hogy professzion\u00e1lis term\u00e9ktan\u00e1csad\u00e1ssal \u00e9s intelligens v\u00e1s\u00e1rl\u00e1si javaslatokkal l\u00e1ss\u00e1k el \u00fcgyfeleinket.<\/p>\n<p>3. Hat\u00e9kony logisztikai eloszt\u00e1s: Hat\u00e9kony logisztikai eloszt\u00e1si rendszer\u00fcnk biztos\u00edtja, hogy \u00fcgyfeleink id\u0151ben \u00e9s pontosan megkapj\u00e1k a sz\u00fcks\u00e9ges alkatr\u00e9szeket. Amint leadja rendel\u00e9s\u00e9t n\u00e1lunk, gondoskodunk arr\u00f3l, hogy azt a lehet\u0151 leggyorsabban kisz\u00e1ll\u00edtsuk \u00d6nnek.<\/p>\n<p>4. Testreszabhat\u00f3s\u00e1g: Hidraulikus hengereink nagym\u00e9rt\u00e9kben testreszabhat\u00f3k, \u00e9s \u00fcgyfeleink egyedi ig\u00e9nyeinek \u00e9s k\u00f6vetelm\u00e9nyeinek megfelel\u0151en tudjuk \u0151ket testre szabni. K\u00fcl\u00f6nb\u00f6z\u0151 opci\u00f3kat k\u00edn\u00e1lunk, p\u00e9ld\u00e1ul \u00e1ll\u00edthat\u00f3 kengyeles hengereket, \u00f6sszek\u00f6t\u0151rudas hengereket, hegesztett hengereket \u00e9s egyebeket.<\/p>\n<p>5. Versenyk\u00e9pes \u00e1rak: Az FMP-n\u00e9l versenyk\u00e9pes \u00e1ron k\u00edn\u00e1ljuk term\u00e9keinket. Hissz\u00fck, hogy a kiv\u00e1l\u00f3 min\u0151s\u00e9g\u0171 term\u00e9keknek nem szabad t\u00falzottan magas \u00e1ron lenni\u00fck. C\u00e9lunk, hogy \u00fcgyfeleinknek a lehet\u0151 legjobb \u00e1r-\u00e9rt\u00e9k ar\u00e1nyt ny\u00fajtsuk.<\/p>\n<p>\u00d6sszefoglalva, ha megb\u00edzhat\u00f3 \u00e9s kiv\u00e1l\u00f3 min\u0151s\u00e9g\u0171 hidraulikus hengereket keres, az FMP a legjobb v\u00e1laszt\u00e1s. Term\u00e9keink tart\u00f3sak, megb\u00edzhat\u00f3ak \u00e9s optim\u00e1lis teljes\u00edtm\u00e9nyt ny\u00fajtanak a legig\u00e9nyesebb k\u00f6r\u00fclm\u00e9nyek k\u00f6z\u00f6tt is. L\u00e9pjen kapcsolatba vel\u00fcnk m\u00e9g ma, hogy t\u00f6bbet megtudjon term\u00e9keinkr\u0151l \u00e9s szolg\u00e1ltat\u00e1sainkr\u00f3l.<\/p>\n<p><img decoding=\"async\" src=\"https:\/\/fmp-components.com\/wp-content\/uploads\/2024\/12\/Adjustable-Clevis-Type-Cylinders-6.webp\" alt=\"\u00c1ll\u00edthat\u00f3 kengyeles henger\" width=\"839\" title=\"\"><br \/>\nSzerz\u0151: CX<\/p>","protected":false},"excerpt":{"rendered":"<p>Bemutatkozik a garant\u00e1lt min\u0151s\u00e9g\u0171 10 tonn\u00e1s, hossz\u00fa l\u00f6ket\u0171 teleszk\u00f3pos hidraulikus henger A garant\u00e1lt min\u0151s\u00e9g\u0171 10 tonn\u00e1s, hossz\u00fa l\u00f6ket\u0171 teleszk\u00f3pos hidraulikus henger egy kiv\u00e1l\u00f3 min\u0151s\u00e9g\u0171 term\u00e9k, amelyet k\u00fcl\u00f6nf\u00e9le ipari alkalmaz\u00e1sokhoz terveztek. Leny\u0171g\u00f6z\u0151, 10 tonn\u00e1s emel\u0151kapacit\u00e1s\u00e1val kiv\u00e9teles szil\u00e1rds\u00e1got \u00e9s teljes\u00edtm\u00e9nyt k\u00edn\u00e1l. Ez a hidraulikus henger hossz\u00fa l\u00f6ket\u0171 kialak\u00edt\u00e1ssal rendelkezik, amely lehet\u0151v\u00e9 teszi [\u2026]<\/p>","protected":false},"featured_media":1676,"comment_status":"closed","ping_status":"closed","template":"","meta":{"_et_pb_use_builder":"","_et_pb_old_content":"","_et_gb_content_width":""},"product_brand":[],"product_cat":[45],"product_tag":[34,48],"class_list":{"0":"post-1675","1":"product","2":"type-product","3":"status-publish","4":"has-post-thumbnail","6":"product_cat-inverted-telescopic-cylinder","7":"product_tag-hydraulic-cylinder","8":"product_tag-inverted-telescopic-cylinder","10":"first","11":"instock","12":"product-type-simple"},"_links":{"self":[{"href":"https:\/\/fmp-components.com\/hu\/wp-json\/wp\/v2\/product\/1675","targetHints":{"allow":["GET"]}}],"collection":[{"href":"https:\/\/fmp-components.com\/hu\/wp-json\/wp\/v2\/product"}],"about":[{"href":"https:\/\/fmp-components.com\/hu\/wp-json\/wp\/v2\/types\/product"}],"replies":[{"embeddable":true,"href":"https:\/\/fmp-components.com\/hu\/wp-json\/wp\/v2\/comments?post=1675"}],"wp:featuredmedia":[{"embeddable":true,"href":"https:\/\/fmp-components.com\/hu\/wp-json\/wp\/v2\/media\/1676"}],"wp:attachment":[{"href":"https:\/\/fmp-components.com\/hu\/wp-json\/wp\/v2\/media?parent=1675"}],"wp:term":[{"taxonomy":"product_brand","embeddable":true,"href":"https:\/\/fmp-components.com\/hu\/wp-json\/wp\/v2\/product_brand?post=1675"},{"taxonomy":"product_cat","embeddable":true,"href":"https:\/\/fmp-components.com\/hu\/wp-json\/wp\/v2\/product_cat?post=1675"},{"taxonomy":"product_tag","embeddable":true,"href":"https:\/\/fmp-components.com\/hu\/wp-json\/wp\/v2\/product_tag?post=1675"}],"curies":[{"name":"munkaf\u00fczet","href":"https:\/\/api.w.org\/{rel}","templated":true}]}}