{"id":1673,"date":"2024-12-23T07:00:44","date_gmt":"2024-12-23T07:00:44","guid":{"rendered":"https:\/\/fmp-components.com\/product\/high-quality-stainless-steel-hydraulic-cylinder-4-stage-telescopic-hydraulic-cylinder-for-sale\/"},"modified":"2025-03-11T06:09:38","modified_gmt":"2025-03-11T06:09:38","slug":"high-quality-stainless-steel-hydraulic-cylinder-4-stage-telescopic-hydraulic-cylinder-for-sale","status":"publish","type":"product","link":"https:\/\/fmp-components.com\/hu\/product\/high-quality-stainless-steel-hydraulic-cylinder-4-stage-telescopic-hydraulic-cylinder-for-sale\/","title":{"rendered":"Kiv\u00e1l\u00f3 min\u0151s\u00e9g\u0171 rozsdamentes ac\u00e9l hidraulikus henger, 4 fokozat\u00fa teleszk\u00f3pos hidraulikus henger elad\u00f3"},"content":{"rendered":"<h2>Bemutatjuk az elad\u00f3, kiv\u00e1l\u00f3 min\u0151s\u00e9g\u0171 rozsdamentes ac\u00e9l hidraulikus hengert, 4 fokozat\u00fa teleszk\u00f3pos hidraulikus hengert:<\/h2>\n<p>A kiv\u00e1l\u00f3 min\u0151s\u00e9g\u0171 rozsdamentes ac\u00e9l hidraulikus henger 4 fokozat\u00fa teleszk\u00f3pos hidraulikus henger egy cs\u00facskateg\u00f3ri\u00e1s term\u00e9k, amelyet kiv\u00e9teles teljes\u00edtm\u00e9ny \u00e9s tart\u00f3ss\u00e1g biztos\u00edt\u00e1s\u00e1ra terveztek. Ez a hidraulikus henger kiv\u00e1l\u00f3 min\u0151s\u00e9g\u0171 rozsdamentes ac\u00e9lb\u00f3l k\u00e9sz\u00fclt, ami biztos\u00edtja a korr\u00f3zi\u00f3\u00e1ll\u00f3s\u00e1got \u00e9s a hossz\u00fa t\u00e1v\u00fa megb\u00edzhat\u00f3s\u00e1got.<\/p>\n<p>4 fokozat\u00fa teleszk\u00f3pos kialak\u00edt\u00e1s\u00e1nak k\u00f6sz\u00f6nhet\u0151en ez a hidraulikus henger kiv\u00e1l\u00f3 sokoldal\u00fas\u00e1got \u00e9s funkcionalit\u00e1st k\u00edn\u00e1l. Hat\u00e9konyan kih\u00fazhat\u00f3 \u00e9s visszah\u00fazhat\u00f3, hogy megfeleljen a k\u00fcl\u00f6nf\u00e9le m\u0171k\u00f6d\u00e9si k\u00f6vetelm\u00e9nyeknek, \u00edgy sz\u00e9les k\u00f6r\u0171 alkalmaz\u00e1sokhoz alkalmas.<\/p>\n<p>A kiv\u00e1l\u00f3 min\u0151s\u00e9g\u0171 rozsdamentes ac\u00e9l hidraulikus henger prec\u00edz \u00e9s r\u00e9szletgazdag tervez\u00e9s\u0171. \u00dagy tervezt\u00e9k, hogy ellen\u00e1lljon a nagy terhel\u00e9seknek, biztos\u00edtva a z\u00f6kken\u0151mentes \u00e9s hat\u00e9kony m\u0171k\u00f6d\u00e9st m\u00e9g ig\u00e9nyes k\u00f6r\u00fclm\u00e9nyek k\u00f6z\u00f6tt is. Ez ide\u00e1lis v\u00e1laszt\u00e1ss\u00e1 teszi olyan ipar\u00e1gak sz\u00e1m\u00e1ra, mint az \u00e9p\u00edt\u0151ipar, a mez\u0151gazdas\u00e1g \u00e9s a gy\u00e1rt\u00e1s.<\/p>\n<p>Fejlett hidraulikus technol\u00f3gi\u00e1val felszerelve, ez a henger er\u0151teljes \u00e9s \u00e1lland\u00f3 er\u0151t biztos\u00edt, lehet\u0151v\u00e9 t\u00e9ve a hat\u00e9kony \u00e9s eredm\u00e9nyes teljes\u00edtm\u00e9nyt. Kiv\u00e1l\u00f3 min\u0151s\u00e9g\u0171 alkatr\u00e9szei \u00e9s robusztus konstrukci\u00f3ja megb\u00edzhat\u00f3 m\u0171k\u00f6d\u00e9st \u00e9s minim\u00e1lis karbantart\u00e1si ig\u00e9nyt biztos\u00edt.<\/p>\n<p>Kiemelked\u0151 teljes\u00edtm\u00e9nye mellett ezt a hidraulikus hengert a biztons\u00e1g szem el\u0151tt tart\u00e1s\u00e1val tervezt\u00e9k. Olyan jellemz\u0151kkel rendelkezik, mint a nyom\u00e1scs\u00f6kkent\u0151 szelepek \u00e9s a dupla t\u00f6m\u00edt\u00e9s\u0171 dugatty\u00fak, amelyek garant\u00e1lj\u00e1k a biztons\u00e1gos \u00e9s megb\u00edzhat\u00f3 m\u0171k\u00f6d\u00e9st.<\/p>\n<p>Ak\u00e1r emel\u00e9shez, tol\u00e1shoz, ak\u00e1r h\u00faz\u00e1shoz van sz\u00fcks\u00e9ge hidraulikus hengerre, a kiv\u00e1l\u00f3 min\u0151s\u00e9g\u0171 rozsdamentes ac\u00e9l hidraulikus henger, 4 fokozat\u00fa teleszk\u00f3pos hidraulikus henger megb\u00edzhat\u00f3 \u00e9s hat\u00e9kony v\u00e1laszt\u00e1s. Kiv\u00e9teles teljes\u00edtm\u00e9nye \u00e9s tart\u00f3s konstrukci\u00f3ja \u00e9rt\u00e9kes eszk\u00f6zz\u00e9 teszi b\u00e1rmilyen ipari k\u00f6rnyezetben.<\/p>\n<table style=\"width: 100%;\" border=\"1\" width=\"100%\" cellspacing=\"0\" cellpadding=\"0\">\n<tbody>\n<tr>\n<th>Term\u00e9k neve<\/th>\n<td>Kiv\u00e1l\u00f3 min\u0151s\u00e9g\u0171 rozsdamentes ac\u00e9l hidraulikus henger, 4 fokozat\u00fa teleszk\u00f3pos hidraulikus henger<\/td>\n<\/tr>\n<tr>\n<th>\u00c1llapot<\/th>\n<td>\u00daj<\/td>\n<\/tr>\n<tr>\n<th>Garancia<\/th>\n<td>1 \u00e9v<\/td>\n<\/tr>\n<tr>\n<th>S\u00faly (KG)<\/th>\n<td>43<\/td>\n<\/tr>\n<tr>\n<th>Max. tol\u00f3er\u0151<\/th>\n<td>3000<\/td>\n<\/tr>\n<tr>\n<th>Tervez\u00e9s<\/th>\n<td>4 fokozat\u00fa teleszk\u00f3pos hidraulikus henger<\/td>\n<\/tr>\n<tr>\n<th>Anyag<\/th>\n<td>Tart\u00f3s ac\u00e9l fekete bevonattal<\/td>\n<\/tr>\n<tr>\n<th>Tan\u00fas\u00edtv\u00e1ny<\/th>\n<td>ISO9001:2000<\/td>\n<\/tr>\n<tr>\n<th>Teljes\u00edtm\u00e9ny<\/th>\n<td>Nagy tart\u00f3ss\u00e1g \u00e9s hat\u00e9konys\u00e1g<\/td>\n<\/tr>\n<tr>\n<th>Alkalmazhat\u00f3 ipar\u00e1gak<\/th>\n<td>Gy\u00e1rt\u00f3\u00fczemek, G\u00e9pjav\u00edt\u00f3 m\u0171helyek, Mez\u0151gazdas\u00e1g, Energia \u00e9s b\u00e1ny\u00e1szat, G\u00e9pgy\u00e1rak<\/td>\n<\/tr>\n<\/tbody>\n<\/table>\n<h2>A hidraulikus henger f\u0151bb jellemz\u0151i<\/h2>\n<ul>\n<li style=\"list-style-type: none;\">\n<ul>\n<li>Kiv\u00e1l\u00f3 min\u0151s\u00e9g\u0171 rozsdamentes ac\u00e9l konstrukci\u00f3 a tart\u00f3ss\u00e1g \u00e9s a stabilit\u00e1s \u00e9rdek\u00e9ben.<\/li>\n<li>4 fokozat\u00fa, ford\u00edtott teleszk\u00f3pos kialak\u00edt\u00e1s a hat\u00e9kony m\u0171k\u00f6d\u00e9s\u00e9rt k\u00fcl\u00f6nf\u00e9le alkalmaz\u00e1sokban.<\/li>\n<\/ul>\n<\/li>\n<\/ul>\n<p><img decoding=\"async\" src=\"https:\/\/hzpt.com\/wp-content\/uploads\/2023\/11\/Inverted-Telescopic-Cylinder-11.webp\" alt=\"\" title=\"\"><\/p>\n<ul>\n<li>Standard szerkezet, amely z\u00f6kken\u0151mentesen illeszkedik a legt\u00f6bb g\u00e9pbe.<\/li>\n<li>Hidraulikus meghajt\u00e1s a hat\u00e9kony \u00e9s nagy teljes\u00edtm\u00e9ny \u00e9rdek\u00e9ben.<\/li>\n<li>1 \u00e9v garancia a f\u0151 alkatr\u00e9szekre, bele\u00e9rtve a csap\u00e1gyat \u00e9s a dugatty\u00fahengert.<\/li>\n<\/ul>\n<h2>A hidraulikus henger alkalmaz\u00e1sai<\/h2>\n<ul>\n<li>Alkalmas gy\u00e1rt\u00f3\u00fczemekben val\u00f3 haszn\u00e1latra, biztos\u00edtva a g\u00e9pek z\u00f6kken\u0151mentes m\u0171k\u00f6d\u00e9s\u00e9t.<\/li>\n<li>T\u00f6k\u00e9letes g\u00e9pjav\u00edt\u00f3 m\u0171helyek sz\u00e1m\u00e1ra, megb\u00edzhat\u00f3 megold\u00e1st k\u00edn\u00e1lva a hidraulikus ig\u00e9nyekre.<\/li>\n<li>Alkalmazhat\u00f3 a mez\u0151gazdas\u00e1gi szektorban a mez\u0151gazdas\u00e1gi g\u00e9pek hat\u00e9kony \u00fczemeltet\u00e9s\u00e9hez.<\/li>\n<li>Megb\u00edzhat\u00f3 teljes\u00edtm\u00e9ny \u00e9rdek\u00e9ben felhaszn\u00e1lhat\u00f3 az energia- \u00e9s b\u00e1ny\u00e1szati \u200b\u200biparban.<\/li>\n<li>Kiv\u00e1l\u00f3 g\u00e9pgy\u00e1rak sz\u00e1m\u00e1ra, standard megold\u00e1st k\u00edn\u00e1lva a k\u00fcl\u00f6nf\u00e9le g\u00e9phidraulikus ig\u00e9nyekre.<\/li>\n<\/ul>\n<p><img decoding=\"async\" src=\"https:\/\/hzpt.com\/wp-content\/uploads\/2023\/11\/Inverted-Telescopic-Cylinder-Applications.webp\" alt=\"Ford\u00edtott teleszk\u00f3pos henger alkalmaz\u00e1sok\" title=\"\"><\/p>\n<h2>A hidraulikus henger m\u0171k\u00f6d\u00e9si elve \u00e9s karbantart\u00e1sa<\/h2>\n<p>A hidraulikus henger \u00fagy m\u0171k\u00f6dik, hogy a hidraulikus folyad\u00e9k nyom\u00e1s\u00e1t kimeneti er\u0151v\u00e9 alak\u00edtja. Alapvet\u0151 alkatr\u00e9szekb\u0151l, p\u00e9ld\u00e1ul csap\u00e1gyb\u00f3l \u00e9s dugatty\u00fas hengerb\u0151l \u00e1ll, \u00e9s norm\u00e1l k\u00f6r\u00fclm\u00e9nyek k\u00f6z\u00f6tt m\u0171k\u00f6dik. A teljes\u00edtm\u00e9ny\u00e9nek fenntart\u00e1s\u00e1hoz elengedhetetlen a rendszeres ellen\u0151rz\u00e9s, tiszt\u00edt\u00e1s, ken\u00e9s \u00e9s jav\u00edt\u00e1s. Tov\u00e1bb\u00e1 a t\u00f6m\u00edt\u00e9s cser\u00e9je a kezel\u00e9si \u00fatmutat\u00f3nak megfelel\u0151en elengedhetetlen a hossz\u00fa \u00e9lettartam\u00e1hoz.<\/p>\n<h3>Konfigur\u00e1ci\u00f3<\/h3>\n<p>A hidraulikus henger furat\u00e1tm\u00e9r\u0151je 2-6 h\u00fcvelyk, r\u00fadm\u00e9rete 1,125-4 h\u00fcvelyk, l\u00f6ketm\u00e9rete 6-48 h\u00fcvelyk \u00e9s csapm\u00e9rete 0,5-2 h\u00fcvelyk.<\/p>\n<h3>Hidraulikus folyad\u00e9k bemenet<\/h3>\n<p>A hidraulikus folyad\u00e9k bemenete felel\u0151s a hengerben l\u00e9v\u0151 dugatty\u00fat meghajt\u00f3 er\u0151 l\u00e9trehoz\u00e1s\u00e1\u00e9rt.<\/p>\n<h3>Kimeneti er\u0151<\/h3>\n<p>Ez az az er\u0151, amelyet a hidraulikus henger hoz l\u00e9tre, \u00e9s amely lehet\u0151v\u00e9 teszi sz\u00e1m\u00e1ra, hogy a g\u00e9pezetben ell\u00e1ssa funkci\u00f3j\u00e1t.<\/p>\n<p><img decoding=\"async\" src=\"https:\/\/hzpt.com\/wp-content\/uploads\/2023\/11\/Inverted-Telescopic-Cylinder-9.webp\" alt=\"\" title=\"\"><\/p>\n<h2>Ford\u00edtott teleszk\u00f3pos henger<\/h2>\n<p>Kiv\u00e1l\u00f3 min\u0151s\u00e9g\u0171 rozsdamentes ac\u00e9l hidraulikus henger, 4 fokozat\u00fa teleszk\u00f3pos hidraulikus henger elad\u00f3<\/p>\n<p>Az invert\u00e1lt teleszk\u00f3pos henger egy olyan hidraulikus hengert\u00edpus, amelyet gyakran haszn\u00e1lnak k\u00fcl\u00f6nf\u00e9le ipari alkalmaz\u00e1sokban. \u00dagy tervezt\u00e9k, hogy kompakt \u00e9s hat\u00e9kony megold\u00e1st k\u00edn\u00e1ljon a terhek prec\u00edz \u00e9s szab\u00e1lyozott kiny\u00fajt\u00e1s\u00e1ra \u00e9s visszah\u00faz\u00e1s\u00e1ra. Ez a t\u00edpus\u00fa henger t\u00f6bb, egym\u00e1sba \u00e1gyazott szakaszb\u00f3l \u00e1ll, ami jelent\u0151s l\u00f6kethosszt tesz lehet\u0151v\u00e9, mik\u00f6zben meg\u0151rzi kompakt m\u00e9ret\u00e9t.<\/p>\n<p>Az invert\u00e1lt teleszk\u00f3pos hengerek egyik kulcsfontoss\u00e1g\u00fa alkot\u00f3eleme a kiv\u00e1l\u00f3 min\u0151s\u00e9g\u0171 rozsdamentes ac\u00e9l konstrukci\u00f3. A rozsdamentes ac\u00e9l kiv\u00e1l\u00f3 korr\u00f3zi\u00f3\u00e1ll\u00f3s\u00e1g\u00e1r\u00f3l \u00e9s tart\u00f3ss\u00e1g\u00e1r\u00f3l ismert, \u00edgy ide\u00e1lis olyan alkalmaz\u00e1sokhoz, ahol a henger zord k\u00f6rnyezetnek vagy korroz\u00edv anyagoknak van kit\u00e9ve. A kiv\u00e1l\u00f3 min\u0151s\u00e9g\u0171 rozsdamentes ac\u00e9l haszn\u00e1lata biztos\u00edtja, hogy a henger ellen\u00e1lljon a nagy ig\u00e9nybev\u00e9tel\u0171 m\u0171veletek k\u00f6vetelm\u00e9nyeinek, \u00e9s hossz\u00fa \u00e9lettartamot biztos\u00edtson.<\/p>\n<p>A 4 fokozat\u00fa teleszk\u00f3pos hidraulikus hengerek egy m\u00e1sik fontos jellemz\u0151je a prec\u00edz \u00e9s szab\u00e1lyozott mozg\u00e1s biztos\u00edt\u00e1sa. A henger minden fokozata k\u00fcl\u00f6n-k\u00fcl\u00f6n kih\u00fazhat\u00f3 vagy visszah\u00fazhat\u00f3, ami lehet\u0151v\u00e9 teszi a finombe\u00e1ll\u00edt\u00e1sokat \u00e9s a teher pontos pozicion\u00e1l\u00e1s\u00e1t. Ez a szint\u0171 szab\u00e1lyoz\u00e1s elengedhetetlen azokban az alkalmaz\u00e1sokban, ahol a pontoss\u00e1g kulcsfontoss\u00e1g\u00fa, p\u00e9ld\u00e1ul \u00e9p\u00edt\u0151ipari berendez\u00e9sekben, anyagmozgat\u00f3 rendszerekben vagy aut\u00f3ipari g\u00e9pekben.<\/p>\n<p>A 4 fokozat\u00fa teleszk\u00f3pos hidraulikus henger kialak\u00edt\u00e1sa jelent\u0151s l\u00f6kethosszt tesz lehet\u0151v\u00e9, mik\u00f6zben meg\u0151rzi kompakt m\u00e9ret\u00e9t. Ezt \u00fagy \u00e9rik el, hogy t\u00f6bb fokozatot egym\u00e1sba \u00e1gyaznak, ahol minden fokozat \u00e1tm\u00e9r\u0151je fokozatosan cs\u00f6kken. Amikor a henger teljesen ki van ny\u00fajtva, az \u00f6sszes fokozat teljesen kiny\u00falik, biztos\u00edtva a maxim\u00e1lis l\u00f6kethosszt. Visszah\u00fazott \u00e1llapotban a fokozatok egym\u00e1sba omlanak, cs\u00f6kkentve a henger teljes hossz\u00e1t. Ez a kompakt kialak\u00edt\u00e1s el\u0151ny\u00f6s olyan alkalmaz\u00e1sokban, ahol korl\u00e1tozott a hely, vagy ahol kisebb helyig\u00e9nyre van sz\u00fcks\u00e9g.<\/p>\n<p>\u00d6sszefoglalva, a ford\u00edtott teleszk\u00f3pos henger egy sokoldal\u00fa \u00e9s hat\u00e9kony hidraulikus henger, amely prec\u00edz vez\u00e9rl\u00e9st, kompakt m\u00e9retet \u00e9s kiv\u00e1l\u00f3 min\u0151s\u00e9g\u0171 rozsdamentes ac\u00e9l konstrukci\u00f3t k\u00edn\u00e1l. Egyedi kialak\u00edt\u00e1sa jelent\u0151s l\u00f6kethosszt tesz lehet\u0151v\u00e9, mik\u00f6zben meg\u0151rzi kompakt m\u00e9ret\u00e9t. Ak\u00e1r \u00e9p\u00edt\u0151iparban, anyagmozgat\u00e1sban, ak\u00e1r aut\u00f3ipari alkalmaz\u00e1sokban haszn\u00e1lj\u00e1k, a 4 fokozat\u00fa teleszk\u00f3pos hidraulikus henger megb\u00edzhat\u00f3 \u00e9s tart\u00f3s megold\u00e1st k\u00edn\u00e1l a terhek prec\u00edz \u00e9s kontroll\u00e1lt kiny\u00fajt\u00e1s\u00e1ra \u00e9s visszah\u00faz\u00e1s\u00e1ra.<\/p>\n<h3>Az FMP hidraulikus hengerr\u0151l<\/h3>\n<p>Az FMP egy elismert olaszorsz\u00e1gi v\u00e1llalat, amely kiv\u00e1l\u00f3 min\u0151s\u00e9g\u0171 \u00e9p\u00edt\u0151ipari g\u00e9palkatr\u00e9szek \u00e9s komplett g\u00e9pek sz\u00e1ll\u00edt\u00e1s\u00e1ra specializ\u00e1l\u00f3dott. \u00dcgyfeleink sz\u00e1m\u00e1ra \u00e9p\u00edt\u0151ipari g\u00e9pek sz\u00e9les v\u00e1laszt\u00e9k\u00e1t k\u00edn\u00e1ljuk, bele\u00e9rtve a mez\u0151gazdas\u00e1gi g\u00e9pek sebess\u00e9gv\u00e1lt\u00f3it, bolyg\u00f3kerekes sebess\u00e9gv\u00e1lt\u00f3kat, ipari sebess\u00e9gv\u00e1lt\u00f3kat \u00e9s a hozz\u00e1juk ill\u0151, cs\u00facskateg\u00f3ri\u00e1s tartoz\u00e9kok sorozat\u00e1t. Hidraulikus henger\u00fcnk az egyik legfontosabb term\u00e9k\u00fcnk, amelyet b\u00fcszk\u00e9n aj\u00e1nlunk \u00fcgyfeleinknek. \u00cdme n\u00e9h\u00e1ny ok, ami\u00e9rt:<\/p>\n<ol>\n<li><strong>Kiv\u00e1l\u00f3 min\u0151s\u00e9g\u0171 anyag:<\/strong> Hidraulikus hengereink kiv\u00e1l\u00f3 min\u0151s\u00e9g\u0171, tart\u00f3s anyagokb\u00f3l k\u00e9sz\u00fclnek, amelyek ellen\u00e1llnak a neh\u00e9z munkak\u00f6r\u00fclm\u00e9nyeknek. Ez biztos\u00edtja a hosszabb \u00e9lettartamukat \u00e9s az alacsonyabb karbantart\u00e1si k\u00f6lts\u00e9geket.<\/li>\n<li><strong>Testreszabhat\u00f3:<\/strong> Sz\u00e9les v\u00e1laszt\u00e9kban k\u00edn\u00e1lunk hidraulikus hengereket, bele\u00e9rtve az \u00e1ll\u00edthat\u00f3 kengyeles hengereket, a rudas hengereket, a hegesztett hengereket \u00e9s sok m\u00e1st. Kiv\u00e1laszthatja az \u00d6n ig\u00e9nyeinek legink\u00e1bb megfelel\u0151 t\u00edpust, \u00e9s a kialak\u00edt\u00e1st is az \u00d6n ig\u00e9nyei szerint testre szabjuk.<\/li>\n<li><strong>Szakmai csapat:<\/strong> Szakembereink csapata sok\u00e9ves tapasztalattal rendelkezik az \u00e9p\u00edt\u0151ipari g\u00e9piparban. Professzion\u00e1lis term\u00e9ktan\u00e1csad\u00e1ssal \u00e9s okos v\u00e1s\u00e1rl\u00e1si javaslatokkal seg\u00edtenek \u00d6nnek megalapozott d\u00f6nt\u00e9seket hozni.<\/li>\n<li><strong>Szigor\u00fa min\u0151s\u00e9gi szabv\u00e1nyok:<\/strong> Hossz\u00fa t\u00e1v\u00fa \u00e9s stabil egy\u00fcttm\u0171k\u00f6d\u00e9si kapcsolatokat \u00e9p\u00edt\u00fcnk ki sz\u00e1mos kiv\u00e1l\u00f3 min\u0151s\u00e9g\u0171 besz\u00e1ll\u00edt\u00f3val belf\u00f6ld\u00f6n \u00e9s k\u00fclf\u00f6ld\u00f6n egyar\u00e1nt, biztos\u00edtva, hogy minden besz\u00e1ll\u00edtott alkatr\u00e9sz megfeleljen a szigor\u00fa min\u0151s\u00e9gi el\u0151\u00edr\u00e1soknak.<\/li>\n<li><strong>Hat\u00e9kony logisztikai disztrib\u00faci\u00f3:<\/strong> Hat\u00e9kony logisztikai eloszt\u00e1si rendszerrel rendelkez\u00fcnk annak \u00e9rdek\u00e9ben, hogy \u00fcgyfeleink id\u0151ben \u00e9s pontosan megkapj\u00e1k a sz\u00fcks\u00e9ges alkatr\u00e9szeket. Ez seg\u00edt minimaliz\u00e1lni az \u00e1ll\u00e1sid\u0151t \u00e9s jav\u00edtani az \u00e1ltal\u00e1nos termel\u00e9kenys\u00e9get.<\/li>\n<\/ol>\n<p>Az FMP hidraulikus hengerrel megb\u00edzhat\u00f3 \u00e9s tart\u00f3s teljes\u00edtm\u00e9nyre sz\u00e1m\u00edthat, amely ellen\u00e1ll a neh\u00e9z munkak\u00f6r\u00fclm\u00e9nyeknek. Term\u00e9keink kiv\u00e1l\u00f3 min\u0151s\u00e9g\u0171 anyagokb\u00f3l k\u00e9sz\u00fclnek, \u00e9s az \u00d6n egyedi ig\u00e9nyeihez igaz\u00edthat\u00f3k. Szak\u00e9rt\u0151i csapatunk szak\u00e9rt\u0151i tan\u00e1csokkal \u00e9s szigor\u00fa min\u0151s\u00e9gellen\u0151rz\u00e9si folyamattal rendelkezik, hogy csak a legjobb term\u00e9keket kapja meg. Hat\u00e9kony logisztikai eloszt\u00e1si rendszer\u00fcnkkel biztos lehet benne, hogy id\u0151ben megkapja az alkatr\u00e9szeket, \u00e9s minimaliz\u00e1lja az \u00e1ll\u00e1sid\u0151t. L\u00e9pjen kapcsolatba vel\u00fcnk most, \u00e9s n\u00e9zze meg, hogyan seg\u00edthet\u00fcnk \u00e9p\u00edt\u0151ipari g\u00e9pei teljes\u00edtm\u00e9ny\u00e9nek jav\u00edt\u00e1s\u00e1ban!<\/p>\n<p><img decoding=\"async\" src=\"https:\/\/fmp-components.com\/wp-content\/uploads\/2024\/12\/Adjustable-Clevis-Type-Cylinders-6.webp\" alt=\"\u00c1ll\u00edthat\u00f3 kengyeles henger\" width=\"838\" title=\"\"><br \/>\nSzerz\u0151: CX<\/p>","protected":false},"excerpt":{"rendered":"<p>Bemutatjuk az elad\u00f3 kiv\u00e1l\u00f3 min\u0151s\u00e9g\u0171 rozsdamentes ac\u00e9l hidraulikus henger 4 fokozat\u00fa teleszk\u00f3pos hidraulikus hengert: A kiv\u00e1l\u00f3 min\u0151s\u00e9g\u0171 rozsdamentes ac\u00e9l hidraulikus henger 4 fokozat\u00fa teleszk\u00f3pos hidraulikus henger egy cs\u00facskateg\u00f3ri\u00e1s term\u00e9k, amelyet kiv\u00e9teles teljes\u00edtm\u00e9ny \u00e9s tart\u00f3ss\u00e1g biztos\u00edt\u00e1s\u00e1ra terveztek. Ez a hidraulikus henger kiv\u00e1l\u00f3 min\u0151s\u00e9g\u0171 rozsdamentes ac\u00e9lb\u00f3l k\u00e9sz\u00fclt, ami biztos\u00edtja a korr\u00f3zi\u00f3\u00e1ll\u00f3s\u00e1got \u00e9s a hossz\u00fa t\u00e1v\u00fa megb\u00edzhat\u00f3s\u00e1got. [\u2026]<\/p>","protected":false},"featured_media":1674,"comment_status":"closed","ping_status":"closed","template":"","meta":{"_et_pb_use_builder":"","_et_pb_old_content":"","_et_gb_content_width":""},"product_brand":[],"product_cat":[45],"product_tag":[34,48],"class_list":{"0":"post-1673","1":"product","2":"type-product","3":"status-publish","4":"has-post-thumbnail","6":"product_cat-inverted-telescopic-cylinder","7":"product_tag-hydraulic-cylinder","8":"product_tag-inverted-telescopic-cylinder","10":"first","11":"instock","12":"product-type-simple"},"_links":{"self":[{"href":"https:\/\/fmp-components.com\/hu\/wp-json\/wp\/v2\/product\/1673","targetHints":{"allow":["GET"]}}],"collection":[{"href":"https:\/\/fmp-components.com\/hu\/wp-json\/wp\/v2\/product"}],"about":[{"href":"https:\/\/fmp-components.com\/hu\/wp-json\/wp\/v2\/types\/product"}],"replies":[{"embeddable":true,"href":"https:\/\/fmp-components.com\/hu\/wp-json\/wp\/v2\/comments?post=1673"}],"wp:featuredmedia":[{"embeddable":true,"href":"https:\/\/fmp-components.com\/hu\/wp-json\/wp\/v2\/media\/1674"}],"wp:attachment":[{"href":"https:\/\/fmp-components.com\/hu\/wp-json\/wp\/v2\/media?parent=1673"}],"wp:term":[{"taxonomy":"product_brand","embeddable":true,"href":"https:\/\/fmp-components.com\/hu\/wp-json\/wp\/v2\/product_brand?post=1673"},{"taxonomy":"product_cat","embeddable":true,"href":"https:\/\/fmp-components.com\/hu\/wp-json\/wp\/v2\/product_cat?post=1673"},{"taxonomy":"product_tag","embeddable":true,"href":"https:\/\/fmp-components.com\/hu\/wp-json\/wp\/v2\/product_tag?post=1673"}],"curies":[{"name":"munkaf\u00fczet","href":"https:\/\/api.w.org\/{rel}","templated":true}]}}