{"id":1671,"date":"2024-12-23T07:00:44","date_gmt":"2024-12-23T07:00:44","guid":{"rendered":"https:\/\/fmp-components.com\/product\/cost-effective-double-acting-hydraulic-cylinder-dump-truck-telescopic-hydraulic-cylinder\/"},"modified":"2025-03-11T05:47:09","modified_gmt":"2025-03-11T05:47:09","slug":"cost-effective-double-acting-hydraulic-cylinder-dump-truck-telescopic-hydraulic-cylinder","status":"publish","type":"product","link":"https:\/\/fmp-components.com\/hu\/product\/cost-effective-double-acting-hydraulic-cylinder-dump-truck-telescopic-hydraulic-cylinder\/","title":{"rendered":"K\u00f6lts\u00e9ghat\u00e9kony kett\u0151s m\u0171k\u00f6d\u00e9s\u0171 hidraulikus henger d\u00f6mper teleszk\u00f3pos hidraulikus henger"},"content":{"rendered":"<h2>Bemutatkozik a k\u00f6lts\u00e9ghat\u00e9kony kett\u0151s m\u0171k\u00f6d\u00e9s\u0171 hidraulikus henger d\u00f6mperekhez<\/h2>\n<p>A k\u00f6lts\u00e9ghat\u00e9kony kett\u0151s m\u0171k\u00f6d\u00e9s\u0171 hidraulikus henger egy kiv\u00e1l\u00f3 min\u0151s\u00e9g\u0171 \u00e9s megb\u00edzhat\u00f3 hidraulikus alkatr\u00e9sz, amelyet kifejezetten d\u00f6mperekhez terveztek. Ez az innovat\u00edv term\u00e9k kiv\u00e9teles teljes\u00edtm\u00e9nyt \u00e9s hat\u00e9konys\u00e1got k\u00edn\u00e1l, \u00edgy ide\u00e1lis v\u00e1laszt\u00e1s k\u00fcl\u00f6nf\u00e9le ipari alkalmaz\u00e1sokhoz.<\/p>\n<p>Fejlett technol\u00f3gi\u00e1j\u00e1nak \u00e9s robusztus konstrukci\u00f3j\u00e1nak k\u00f6sz\u00f6nhet\u0151en a k\u00f6lts\u00e9ghat\u00e9kony kett\u0151s m\u0171k\u00f6d\u00e9s\u0171 hidraulikus henger sima \u00e9s prec\u00edz m\u0171k\u00f6d\u00e9st biztos\u00edt. Nagy terhel\u00e9seknek \u00e9s extr\u00e9m k\u00f6r\u00fclm\u00e9nyeknek is ellen\u00e1ll, \u00edgy hossz\u00fa t\u00e1v\u00fa tart\u00f3ss\u00e1got \u00e9s megb\u00edzhat\u00f3s\u00e1got biztos\u00edt.<\/p>\n<p>Ennek a hidraulikus hengernek az egyik legfontosabb jellemz\u0151je a kett\u0151s m\u0171k\u00f6d\u00e9s\u0171 kialak\u00edt\u00e1sa. Ez azt jelenti, hogy mindk\u00e9t ir\u00e1nyban k\u00e9pes er\u0151t kifejteni, \u00edgy hat\u00e9kony \u00e9s gyors m\u0171k\u00f6d\u00e9st tesz lehet\u0151v\u00e9. Ak\u00e1r kitol\u00e1sr\u00f3l, ak\u00e1r visszah\u00faz\u00e1sr\u00f3l van sz\u00f3, ez a hidraulikus henger \u00e1lland\u00f3 teljes\u00edtm\u00e9nyt \u00e9s teljes\u00edtm\u00e9nyt ny\u00fajt.<\/p>\n<p>A k\u00f6lts\u00e9ghat\u00e9kony kett\u0151s m\u0171k\u00f6d\u00e9s\u0171 hidraulikus henger teleszk\u00f3pos kialak\u00edt\u00e1ssal is b\u00fcszk\u00e9lkedhet, amely \u00e1ll\u00edthat\u00f3 l\u00f6kethosszt biztos\u00edt. Ez a funkci\u00f3 lehet\u0151v\u00e9 teszi a d\u00f6mperaut\u00f3-kezel\u0151k sz\u00e1m\u00e1ra, hogy a henger teljes\u00edtm\u00e9ny\u00e9t az ig\u00e9nyeiknek megfelel\u0151en optimaliz\u00e1lj\u00e1k. Ez fokozott kontrollt biztos\u00edt a \u00fcr\u00edt\u00e9si folyamat felett, ami jobb termel\u00e9kenys\u00e9get \u00e9s hat\u00e9konys\u00e1got eredm\u00e9nyez.<\/p>\n<p>Ennek a hidraulikus hengernek egy m\u00e1sik el\u0151nye a k\u00f6lts\u00e9ghat\u00e9konys\u00e1ga. Kiv\u00e9teles \u00e1r-\u00e9rt\u00e9k ar\u00e1nyt k\u00edn\u00e1l a min\u0151s\u00e9g fel\u00e1ldoz\u00e1sa n\u00e9lk\u00fcl. A tart\u00f3s anyagok \u00e9s a prec\u00edz m\u00e9rn\u00f6ki munka minim\u00e1lis karbantart\u00e1si ig\u00e9nyt biztos\u00edt, cs\u00f6kkentve az \u00e1ll\u00e1sid\u0151t \u00e9s az \u00e1ltal\u00e1nos \u00fczemeltet\u00e9si k\u00f6lts\u00e9geket.<\/p>\n<table style=\"width: 100%;\" border=\"1\" width=\"100%\" cellspacing=\"0\" cellpadding=\"0\">\n<tbody>\n<tr>\n<th>Term\u00e9k neve<\/th>\n<td>K\u00f6lts\u00e9ghat\u00e9kony kett\u0151s m\u0171k\u00f6d\u00e9s\u0171 hidraulikus henger<\/td>\n<\/tr>\n<tr>\n<th>\u00c1llapot<\/th>\n<td>\u00daj<\/td>\n<\/tr>\n<tr>\n<th>Tervez\u00e9s<\/th>\n<td>Kett\u0151s m\u0171k\u00f6d\u00e9s\u0171 teleszk\u00f3pos funkci\u00f3kkal<\/td>\n<\/tr>\n<tr>\n<th>Alkalmaz\u00e1s<\/th>\n<td>D\u00f6mperek<\/td>\n<\/tr>\n<tr>\n<th>Teljes\u00edtm\u00e9ny<\/th>\n<td>Megb\u00edzhat\u00f3 \u00e9s hat\u00e9kony<\/td>\n<\/tr>\n<tr>\n<th>Sokoldal\u00fas\u00e1g<\/th>\n<td>K\u00fcl\u00f6nb\u00f6z\u0151 alkalmaz\u00e1sokhoz alkalmas<\/td>\n<\/tr>\n<tr>\n<th>Befektet\u00e9si \u00e9rt\u00e9k<\/th>\n<td>K\u00f6lts\u00e9ghat\u00e9kony d\u00f6mperaut\u00f3-tulajdonosok sz\u00e1m\u00e1ra<\/td>\n<\/tr>\n<tr>\n<th>Jellemz\u0151k<\/th>\n<td>Fejlett technol\u00f3gia \u00e9s nagy teljes\u00edtm\u00e9ny<\/td>\n<\/tr>\n<\/tbody>\n<\/table>\n<h2>A hidraulikus henger jellemz\u0151i<\/h2>\n<p>Sz\u00e1mos leny\u0171g\u00f6z\u0151 funkci\u00f3val felszerelve, ez a hidraulikus henger kiemelkedik a piacon. Az al\u00e1bbiakban a legfontosabb jellemz\u0151ket ismertetj\u00fck:<\/p>\n<ol>\n<li>F\u0151 alkatr\u00e9szek: Csap\u00e1gy, dugatty\u00fahenger, stabilit\u00e1st \u00e9s tart\u00f3ss\u00e1got biztos\u00edt.<\/li>\n<li>Maxim\u00e1lis tol\u00f3er\u0151 3000, ami nagy kapacit\u00e1st \u00e9s hat\u00e9konys\u00e1got biztos\u00edt.<\/li>\n<li>Nagy teherb\u00edr\u00e1s\u00fa ac\u00e9lb\u00f3l k\u00e9sz\u00fclt, ami biztos\u00edtja a tart\u00f3ss\u00e1got \u00e9s a tart\u00f3ss\u00e1got.<\/li>\n<li>Megfelel az ISO9001:2000 szabv\u00e1nynak, garant\u00e1lva a min\u0151s\u00e9get \u00e9s a biztons\u00e1got.<\/li>\n<li>1 \u00e9v garanci\u00e1val rendelkezik, \u00edgy a v\u00e1s\u00e1rl\u00f3k nyugodtak lehetnek.<\/li>\n<\/ol>\n<p><img decoding=\"async\" src=\"https:\/\/hzpt.com\/wp-content\/uploads\/2023\/11\/Inverted-Telescopic-Cylinder-7.webp\" alt=\"\" title=\"\"><\/p>\n<h2>A hidraulikus henger alkalmaz\u00e1sai<\/h2>\n<p>A hidraulikus henger sz\u00e1mos ipar\u00e1gban n\u00e9lk\u00fcl\u00f6zhetetlen. \u00cdme n\u00e9h\u00e1ny f\u0151bb alkalmaz\u00e1sa:<\/p>\n<ol>\n<li>Gy\u00e1rt\u00f3\u00fczemek: Neh\u00e9zg\u00e9pek \u00fczemeltet\u00e9s\u00e9hez \u00e9s gy\u00e1rt\u00e1si folyamatokhoz.<\/li>\n<li>G\u00e9pjav\u00edt\u00f3 m\u0171helyek: Hasznosak jav\u00edt\u00e1si \u00e9s karbantart\u00e1si feladatokhoz.<\/li>\n<li>Gazdas\u00e1gok: K\u00fcl\u00f6nb\u00f6z\u0151 mez\u0151gazdas\u00e1gi berendez\u00e9sekben haszn\u00e1lj\u00e1k a hat\u00e9kony mez\u0151gazdas\u00e1gi m\u0171veletekhez.<\/li>\n<li>Energia \u00e9s b\u00e1ny\u00e1szat: Integr\u00e1lt a neh\u00e9z emel\u00e9shez \u00e9s egy\u00e9b b\u00e1ny\u00e1szati \u200b\u200bfolyamatokhoz.<\/li>\n<li>G\u00e9pgy\u00e1r: N\u00e9lk\u00fcl\u00f6zhetetlen a g\u00e9palkatr\u00e9szek gy\u00e1rt\u00e1s\u00e1hoz \u00e9s \u00f6sszeszerel\u00e9s\u00e9hez.<\/li>\n<\/ol>\n<p><img decoding=\"async\" src=\"https:\/\/hzpt.com\/wp-content\/uploads\/2023\/11\/Inverted-Telescopic-Cylinder-Applications.webp\" alt=\"Hidraulikus henger alkalmaz\u00e1sok\" title=\"\"><\/p>\n<h2>A hidraulikus henger m\u0171k\u00f6d\u00e9si elve \u00e9s karbantart\u00e1sa<\/h2>\n<p>A hidraulikus henger egy egyszer\u0171, m\u00e9gis hat\u00e9kony mechanizmus alapj\u00e1n m\u0171k\u00f6dik. \u00cdgy m\u0171k\u00f6dik \u00e9s hogyan kell karbantartani:<\/p>\n<ol>\n<li style=\"list-style-type: none;\">\n<ol>\n<li>Konfigur\u00e1ci\u00f3: A henger egy dugatty\u00fab\u00f3l \u00e9s egy csap\u00e1gyb\u00f3l \u00e1ll a sima m\u0171k\u00f6d\u00e9s \u00e9rdek\u00e9ben.<\/li>\n<li>Hidraulikus folyad\u00e9k bemenet: A folyad\u00e9kot a hengerbe pump\u00e1lj\u00e1k, aminek k\u00f6vetkezt\u00e9ben az kiny\u00falik vagy \u00f6sszeh\u00faz\u00f3dik.<\/li>\n<li>Kimeneti er\u0151: A folyad\u00e9k nyom\u00e1sa er\u0151t gener\u00e1l, amely lehet\u0151v\u00e9 teszi a henger sz\u00e1m\u00e1ra, hogy neh\u00e9z terheket emeljen.<\/li>\n<li>Rendszeres ellen\u0151rz\u00e9s: A rendszeres ellen\u0151rz\u00e9sek biztos\u00edtj\u00e1k az alkatr\u00e9szek megfelel\u0151 m\u0171k\u00f6d\u00e9s\u00e9t.<\/li>\n<li>Tiszt\u00edt\u00e1s \u00e9s ken\u00e9s: A rendszeres tiszt\u00edt\u00e1s \u00e9s ken\u00e9s megakad\u00e1lyozza a kop\u00e1st, meghosszabb\u00edtva a henger \u00e9lettartam\u00e1t.<\/li>\n<\/ol>\n<\/li>\n<\/ol>\n<p><img decoding=\"async\" src=\"https:\/\/hzpt.com\/wp-content\/uploads\/2023\/11\/Inverted-Telescopic-Cylinder-4.webp\" alt=\"\" title=\"\"><\/p>\n<h2>Ford\u00edtott teleszk\u00f3pos henger<\/h2>\n<p>A k\u00f6lts\u00e9ghat\u00e9kony kett\u0151s m\u0171k\u00f6d\u00e9s\u0171 hidraulikus henger a d\u00f6mper hidraulikus rendszer\u00e9nek alapvet\u0151 eleme. Ez a hengert\u00edpus, amelyet ford\u00edtott teleszk\u00f3pos hengernek is neveznek, kifejezetten arra szolg\u00e1l, hogy biztos\u00edtsa a d\u00f6mper hat\u00e9kony m\u0171k\u00f6d\u00e9s\u00e9hez sz\u00fcks\u00e9ges er\u0151t \u00e9s stabilit\u00e1st. Ebben a cikkben r\u00e9szletesen megvizsg\u00e1ljuk a ford\u00edtott teleszk\u00f3pos henger jellemz\u0151it \u00e9s el\u0151nyeit, kiemelve k\u00f6lts\u00e9ghat\u00e9konys\u00e1g\u00e1t \u00e9s kiv\u00e1l\u00f3 teljes\u00edtm\u00e9ny\u00e9t.<\/p>\n<h3>1. K\u00f6lts\u00e9ghat\u00e9konys\u00e1g<\/h3>\n<p>Az Invert\u00e1lt Teleszk\u00f3pos Henger k\u00f6lts\u00e9ghat\u00e9kony megold\u00e1st k\u00edn\u00e1l a d\u00f6mperek gy\u00e1rt\u00f3i \u00e9s \u00fczemeltet\u0151i sz\u00e1m\u00e1ra. A teleszk\u00f3pos kialak\u00edt\u00e1snak k\u00f6sz\u00f6nhet\u0151en ez a henger kisebb helyig\u00e9nnyel rendelkezik a hagyom\u00e1nyos egyfokozat\u00fa hengerekhez k\u00e9pest. Ez nemcsak a gy\u00e1rt\u00e1si k\u00f6lts\u00e9geket cs\u00f6kkenti, hanem helyet \u00e9s s\u00falyt is takar\u00edt meg a d\u00f6mper alv\u00e1z\u00e1n. Ezenk\u00edv\u00fcl a kiv\u00e1l\u00f3 min\u0151s\u00e9g\u0171 anyagok \u00e9s a prec\u00edzi\u00f3s m\u00e9rn\u00f6ki munka tart\u00f3ss\u00e1got \u00e9s hossz\u00fa t\u00e1v\u00fa k\u00f6lts\u00e9gmegtakar\u00edt\u00e1st biztos\u00edt a karbantart\u00e1si \u00e9s cserek\u00f6lts\u00e9gek minimaliz\u00e1l\u00e1s\u00e1val.<\/p>\n<h3>2. Kett\u0151s m\u0171k\u00f6d\u00e9s\u0171 funkci\u00f3<\/h3>\n<p>A ford\u00edtott teleszk\u00f3pos henger kett\u0151s m\u0171k\u00f6d\u00e9s\u0171 funkcionalit\u00e1sa egy m\u00e1sik kulcsfontoss\u00e1g\u00fa el\u0151ny. Az egyszeres m\u0171k\u00f6d\u00e9s\u0171 hengerekkel ellent\u00e9tben, amelyek csak egy ir\u00e1nyban fejtenek ki er\u0151t, a kett\u0151s m\u0171k\u00f6d\u00e9s\u0171 hengerek mind a kitol\u00e1si, mind a visszah\u00faz\u00e1si l\u00f6ketben k\u00e9pesek er\u0151t kifejteni. Ez lehet\u0151v\u00e9 teszi a d\u00f6mper hidraulikus rendszer\u00e9nek m\u0171k\u00f6d\u00e9s\u00e9nek fokozott vez\u00e9rl\u00e9s\u00e9t \u00e9s hat\u00e9konys\u00e1g\u00e1t. A billent\u00e9si \u00e9s visszah\u00faz\u00e1si mozg\u00e1sok pontos vez\u00e9rl\u00e9s\u00e9vel a kett\u0151s m\u0171k\u00f6d\u00e9s\u0171 ford\u00edtott teleszk\u00f3pos henger biztos\u00edtja az anyagok sima \u00e9s hat\u00e9kony billent\u00e9s\u00e9t, n\u00f6velve a termel\u00e9kenys\u00e9get \u00e9s cs\u00f6kkentve a ciklusid\u0151ket.<\/p>\n<h3>3. Kiv\u00e1l\u00f3 hidraulikus teljes\u00edtm\u00e9ny<\/h3>\n<p>A ford\u00edtott teleszk\u00f3pos hengert \u00fagy tervezt\u00e9k, hogy kiv\u00e1l\u00f3 hidraulikus teljes\u00edtm\u00e9nyt ny\u00fajtson, biztos\u00edtva a sz\u00fcks\u00e9ges er\u0151t a neh\u00e9z terhek k\u00f6nny\u0171 emel\u00e9s\u00e9hez. Fejlett kialak\u00edt\u00e1sa t\u00f6bb fokozatot foglal mag\u00e1ban, ahol minden fokozat az el\u0151z\u0151be van be\u00e1gyazva. Ez az elrendez\u00e9s hosszabb l\u00f6kethosszt tesz lehet\u0151v\u00e9, mik\u00f6zben meg\u0151rzi a kompakt m\u00e9retet. Ennek eredm\u00e9nyek\u00e9nt a henger nagyobb er\u0151t tud kifejteni \u00e9s nehezebb terheket emelni, \u00edgy ide\u00e1lis a neh\u00e9z alkalmaz\u00e1sokban r\u00e9szt vev\u0151 d\u00f6mperek sz\u00e1m\u00e1ra.<\/p>\n<h3>4. D\u00f6mperaut\u00f3 alkalmaz\u00e1s<\/h3>\n<p>A ford\u00edtott teleszk\u00f3pos hengert kifejezetten d\u00f6mperek alkalmaz\u00e1s\u00e1hoz tervezt\u00e9k, ahol kulcsszerepet j\u00e1tszik a hidraulikus rendszer megfelel\u0151 m\u0171k\u00f6d\u00e9s\u00e9ben. Els\u0151sorban a d\u00f6mperplat\u00f3 emel\u00e9s\u00e9\u00e9rt \u00e9s s\u00fcllyeszt\u00e9s\u00e9\u00e9rt felel\u0151s, lehet\u0151v\u00e9 t\u00e9ve az anyagok hat\u00e9kony kirakod\u00e1s\u00e1t. A henger robusztus fel\u00e9p\u00edt\u00e9se \u00e9s nagynyom\u00e1s\u00fa k\u00e9pess\u00e9ge alkalmass\u00e1 teszi az \u00e9p\u00edt\u0151iparban, a b\u00e1ny\u00e1szatban \u00e9s a hullad\u00e9kgazd\u00e1lkod\u00e1sban el\u0151fordul\u00f3 neh\u00e9z k\u00f6r\u00fclm\u00e9nyek elvisel\u00e9s\u00e9re.<\/p>\n<h3>5. Teleszk\u00f3pos hidraulikus henger<\/h3>\n<p>A teleszk\u00f3pos hidraulikus henger egy t\u00f6bb fokozat\u00fa vagy szekci\u00f3s hidraulikus hengerre utal, amelyek teleszk\u00f3pszer\u0171en \u00f6sszecsukhat\u00f3k vagy kiny\u00falhatnak. A ford\u00edtott teleszk\u00f3pos henger ebbe a kateg\u00f3ri\u00e1ba tartozik, \u00e9s a kor\u00e1bban eml\u00edtett el\u0151ny\u00f6ket biztos\u00edtja. Ezt a t\u00edpus\u00fa hengert gyakran haszn\u00e1lj\u00e1k k\u00fcl\u00f6nf\u00e9le alkalmaz\u00e1sokban, ahol nagy l\u00f6kethosszra van sz\u00fcks\u00e9g a helysz\u0171ke fel\u00e1ldoz\u00e1sa n\u00e9lk\u00fcl. Teleszk\u00f3pos kialak\u00edt\u00e1sa nagyobb hat\u00f3t\u00e1vols\u00e1got tesz lehet\u0151v\u00e9, mik\u00f6zben meg\u0151rzi kompakt m\u00e9ret\u00e9t, \u00edgy rendk\u00edv\u00fcl sokoldal\u00fa \u00e9s hat\u00e9kony.<\/p>\n<p>\u00d6sszefoglalva, az Invert\u00e1lt Teleszk\u00f3pos Henger egy k\u00f6lts\u00e9ghat\u00e9kony, kett\u0151s m\u0171k\u00f6d\u00e9s\u0171 hidraulikus henger, amely kiv\u00e1l\u00f3 teljes\u00edtm\u00e9nyt ny\u00fajt d\u00f6mperek alkalmaz\u00e1s\u00e1hoz. Kompakt m\u00e9rete, pontos vez\u00e9rl\u00e9se \u00e9s a neh\u00e9z terhek kezel\u00e9s\u00e9re val\u00f3 k\u00e9pess\u00e9ge \u00e9rt\u00e9kes alkot\u00f3elemm\u00e9 teszi a d\u00f6mperek hat\u00e9kony \u00fczemeltet\u00e9s\u00e9ben a k\u00fcl\u00f6nb\u00f6z\u0151 ipar\u00e1gakban. Ennek az innovat\u00edv hengerkialak\u00edt\u00e1snak a v\u00e1laszt\u00e1s\u00e1val a d\u00f6mperek gy\u00e1rt\u00f3i \u00e9s \u00fczemeltet\u0151i profit\u00e1lhatnak a megn\u00f6vekedett termel\u00e9kenys\u00e9gb\u0151l, a cs\u00f6kkent k\u00f6lts\u00e9gekb\u0151l \u00e9s a jobb \u00f6sszteljes\u00edtm\u00e9nyb\u0151l.<\/p>\n<h3>Az FMP-r\u0151l<\/h3>\n<p>Az FMP egy vezet\u0151 v\u00e1llalat, amely hidraulikus hengerek gy\u00e1rt\u00e1s\u00e1ra \u00e9s \u00e9rt\u00e9kes\u00edt\u00e9s\u00e9re specializ\u00e1l\u00f3dott. Sok\u00e9ves ipar\u00e1gi tapasztalatunkkal \u00e9s professzion\u00e1lis csapatunkkal elk\u00f6telezettek vagyunk amellett, hogy kiv\u00e1l\u00f3 min\u0151s\u00e9g\u0171 \u00e9s megb\u00edzhat\u00f3 hidraulikus hengereket \u00e9s komplett g\u00e9pi megold\u00e1sokat ny\u00fajtsunk \u00fcgyfeleinknek.<\/p>\n<p><img decoding=\"async\" src=\"https:\/\/fmp-components.com\/wp-content\/uploads\/2024\/12\/Adjustable-Clevis-Type-Cylinders-6.webp\" alt=\"\u00c1ll\u00edthat\u00f3 kengyeles henger\" width=\"837\" title=\"\"><\/p>\n<p>\u00cdme term\u00e9keink \u00e9s v\u00e1llalatunk \u00f6t f\u0151 el\u0151nye:<\/p>\n<ol>\n<li>Sz\u00e9lesk\u00f6r\u0171 opci\u00f3k: \u00c1tfog\u00f3 hidraulikus hengerv\u00e1laszt\u00e9kot k\u00edn\u00e1lunk, amelyek alkalmasak az \u00e9p\u00edt\u0151ipari g\u00e9pipar k\u00fcl\u00f6nf\u00e9le alkalmaz\u00e1saihoz. Az \u00e1ll\u00edthat\u00f3 kengyeles hengerekt\u0151l az egy\u00e9b speci\u00e1lis t\u00edpusokig, t\u00f6k\u00e9letes megold\u00e1st k\u00edn\u00e1lunk az \u00d6n egyedi ig\u00e9nyeinek kiel\u00e9g\u00edt\u00e9s\u00e9re.<\/li>\n<li>Kiv\u00e1l\u00f3 min\u0151s\u00e9g: Az FMP-n\u00e9l a min\u0151s\u00e9get helyezz\u00fck el\u0151t\u00e9rbe, \u00e9s biztos\u00edtjuk, hogy minden hidraulikus henger\u00fcnk megfeleljen a szigor\u00fa min\u0151s\u00e9gi el\u0151\u00edr\u00e1soknak. Term\u00e9keinket pr\u00e9mium anyagokb\u00f3l gy\u00e1rtjuk, \u00e9s szigor\u00fa tesztel\u00e9sen es\u00fcnk \u00e1t, hogy garant\u00e1ljuk tart\u00f3ss\u00e1gukat \u00e9s teljes\u00edtm\u00e9ny\u00fcket.<\/li>\n<li>Szak\u00e9rt\u0151 \u00e9rt\u00e9kes\u00edt\u00e9si csapat: Tapasztalt \u00e9rt\u00e9kes\u00edt\u00e9si csapatunk m\u00e9lyrehat\u00f3 ismeretekkel rendelkezik az \u00e9p\u00edt\u0151ipari g\u00e9piparr\u00f3l, naprak\u00e9sz a leg\u00fajabb trendekkel \u00e9s meg\u00e9rti az \u00fcgyfelek ig\u00e9nyeit. K\u00e9szen \u00e1llnak professzion\u00e1lis term\u00e9ktan\u00e1csad\u00e1sra \u00e9s intelligens v\u00e1s\u00e1rl\u00e1si javaslatokra, hogy seg\u00edtsenek \u00d6nnek megalapozott d\u00f6nt\u00e9seket hozni.<\/li>\n<li>Hat\u00e9kony logisztika: Meg\u00e9rtj\u00fck az id\u0151ben t\u00f6rt\u00e9n\u0151 sz\u00e1ll\u00edt\u00e1s fontoss\u00e1g\u00e1t, ez\u00e9rt hat\u00e9kony logisztikai eloszt\u00e1si rendszert hoztunk l\u00e9tre. Ez biztos\u00edtja, hogy \u00fcgyfeleink gyorsan \u00e9s pontosan megkapj\u00e1k a sz\u00fcks\u00e9ges hidraulikus hengereket, minimaliz\u00e1lva az esetleges k\u00e9sedelmeket vagy fennakad\u00e1sokat.<\/li>\n<li>Er\u0151s besz\u00e1ll\u00edt\u00f3i kapcsolatok: A kiv\u00e1l\u00f3 min\u0151s\u00e9g\u0171 belf\u00f6ldi \u00e9s nemzetk\u00f6zi besz\u00e1ll\u00edt\u00f3kkal \u00e1polt hossz\u00fa t\u00e1v\u00fa \u00e9s stabil egy\u00fcttm\u0171k\u00f6d\u00e9si kapcsolatok r\u00e9v\u00e9n a legjobb alkatr\u00e9szeket \u00e9s anyagokat tudjuk beszerezni hidraulikus hengereinkhez. Ez lehet\u0151v\u00e9 teszi sz\u00e1munkra, hogy term\u00e9kpalett\u00e1nk teljes eg\u00e9sz\u00e9ben \u00e1lland\u00f3 min\u0151s\u00e9get \u00e9s teljes\u00edtm\u00e9nyt biztos\u00edtsunk.<\/li>\n<\/ol>\n<p>V\u00e1lassza az FMP-t hidraulikus henger ig\u00e9nyeihez, \u00e9s tapasztalja meg az \u00e1ltalunk ny\u00fajtott megb\u00edzhat\u00f3s\u00e1got \u00e9s kiv\u00e1l\u00f3s\u00e1got. L\u00e9pjen kapcsolatba vel\u00fcnk m\u00e9g ma, hogy megbesz\u00e9lhess\u00fck ig\u00e9nyeit \u00e9s elkezdhess\u00fck sikeres partners\u00e9g\u00fcnket.<\/p>\n<p>Szerz\u0151: CX<\/p>","protected":false},"excerpt":{"rendered":"<p>Introducing the Cost Effective Double Acting Hydraulic Cylinder for Dump Trucks The Cost Effective Double Acting Hydraulic Cylinder is a high-quality and reliable hydraulic component specifically designed for dump trucks. This innovative product offers exceptional performance and efficiency, making it an ideal choice for various industrial applications. With its advanced technology and robust construction, the [&hellip;]<\/p>","protected":false},"featured_media":1672,"comment_status":"closed","ping_status":"closed","template":"","meta":{"_et_pb_use_builder":"","_et_pb_old_content":"","_et_gb_content_width":""},"product_brand":[],"product_cat":[45],"product_tag":[34,48],"class_list":{"0":"post-1671","1":"product","2":"type-product","3":"status-publish","4":"has-post-thumbnail","6":"product_cat-inverted-telescopic-cylinder","7":"product_tag-hydraulic-cylinder","8":"product_tag-inverted-telescopic-cylinder","10":"first","11":"instock","12":"product-type-simple"},"_links":{"self":[{"href":"https:\/\/fmp-components.com\/hu\/wp-json\/wp\/v2\/product\/1671","targetHints":{"allow":["GET"]}}],"collection":[{"href":"https:\/\/fmp-components.com\/hu\/wp-json\/wp\/v2\/product"}],"about":[{"href":"https:\/\/fmp-components.com\/hu\/wp-json\/wp\/v2\/types\/product"}],"replies":[{"embeddable":true,"href":"https:\/\/fmp-components.com\/hu\/wp-json\/wp\/v2\/comments?post=1671"}],"wp:featuredmedia":[{"embeddable":true,"href":"https:\/\/fmp-components.com\/hu\/wp-json\/wp\/v2\/media\/1672"}],"wp:attachment":[{"href":"https:\/\/fmp-components.com\/hu\/wp-json\/wp\/v2\/media?parent=1671"}],"wp:term":[{"taxonomy":"product_brand","embeddable":true,"href":"https:\/\/fmp-components.com\/hu\/wp-json\/wp\/v2\/product_brand?post=1671"},{"taxonomy":"product_cat","embeddable":true,"href":"https:\/\/fmp-components.com\/hu\/wp-json\/wp\/v2\/product_cat?post=1671"},{"taxonomy":"product_tag","embeddable":true,"href":"https:\/\/fmp-components.com\/hu\/wp-json\/wp\/v2\/product_tag?post=1671"}],"curies":[{"name":"munkaf\u00fczet","href":"https:\/\/api.w.org\/{rel}","templated":true}]}}