{"id":1669,"date":"2024-12-23T07:00:44","date_gmt":"2024-12-23T07:00:44","guid":{"rendered":"https:\/\/fmp-components.com\/product\/effective-4-stage-hydraulic-telescopic-ram-cylinder-stainless-steel-hydraulic-cylinder\/"},"modified":"2025-05-10T12:27:37","modified_gmt":"2025-05-10T12:27:37","slug":"effective-4-stage-hydraulic-telescopic-ram-cylinder-stainless-steel-hydraulic-cylinder","status":"publish","type":"product","link":"https:\/\/fmp-components.com\/hu\/product\/effective-4-stage-hydraulic-telescopic-ram-cylinder-stainless-steel-hydraulic-cylinder\/","title":{"rendered":"Hat\u00e9kony, 4 fokozat\u00fa hidraulikus teleszk\u00f3pos d\u00f6ng\u00f6l\u0151henger rozsdamentes ac\u00e9l hidraulikus henger"},"content":{"rendered":"<p>A hat\u00e9kony, 4 fokozat\u00fa, hidraulikus teleszk\u00f3pos dugatty\u00fas henger rozsdamentes ac\u00e9lb\u00f3l k\u00e9sz\u00fclt hidraulikus henger forradalmi v\u00e1ltoz\u00e1st hoz a hidraulikus rendszerek vil\u00e1g\u00e1ban. Innovat\u00edv kialak\u00edt\u00e1s\u00e1nak \u00e9s kiv\u00e1l\u00f3 min\u0151s\u00e9g\u00e9nek k\u00f6sz\u00f6nhet\u0151en minden hidraulikus ig\u00e9nyhez a legjobb v\u00e1laszt\u00e1s.<\/p>\n<p>Ez a henger kiv\u00e1l\u00f3 min\u0151s\u00e9g\u0171 rozsdamentes ac\u00e9lb\u00f3l k\u00e9sz\u00fclt, ami tart\u00f3ss\u00e1got \u00e9s hossz\u00fa \u00e9lettartamot biztos\u00edt. A teleszk\u00f3pos kialak\u00edt\u00e1s kisebb be\u00e9p\u00edt\u00e9si helyet tesz lehet\u0151v\u00e9, mik\u00f6zben v\u00e1ltozatlan l\u00f6kethosszt biztos\u00edt, \u00edgy ide\u00e1lis a helysz\u0171k\u00e9ben l\u00e9v\u0151 alkalmaz\u00e1sokhoz.<\/p>\n<p>A henger 4 fokozat\u00fa hidraulikus rendszerrel rendelkezik, amely fokozott er\u0151t \u00e9s pontoss\u00e1got biztos\u00edt. Ez a funkci\u00f3 k\u00fcl\u00f6n\u00f6sen hasznos neh\u00e9z ig\u00e9nybev\u00e9telt jelent\u0151 alkalmaz\u00e1sokn\u00e1l, p\u00e9ld\u00e1ul \u00e9p\u00edt\u0151iparban, b\u00e1ny\u00e1szatban \u00e9s mez\u0151gazdas\u00e1gban.<\/p>\n<p>A hat\u00e9kony, 4 fokozat\u00fa, hidraulikus teleszk\u00f3pos dugatty\u00fas henger rozsdamentes ac\u00e9lb\u00f3l k\u00e9sz\u00fclt, k\u00f6nnyen telep\u00edthet\u0151 \u00e9s karbantarthat\u00f3. Minden sz\u00fcks\u00e9ges r\u00f6gz\u00edt\u0151elemmel fel van szerelve, \u00e9s k\u00f6nnyen integr\u00e1lhat\u00f3 b\u00e1rmilyen hidraulikus rendszerbe.<\/p>\n<p>\u00d6sszefoglalva, ha egy kiv\u00e1l\u00f3 min\u0151s\u00e9g\u0171, tart\u00f3s, megb\u00edzhat\u00f3 \u00e9s nagy ig\u00e9nybev\u00e9telt jelent\u0151 alkalmaz\u00e1sokhoz t\u00f6k\u00e9letes hidraulikus hengert keres, akkor ne keressen tov\u00e1bb, mint a hat\u00e9kony, 4 fokozat\u00fa hidraulikus teleszk\u00f3pos d\u00f6ng\u00f6l\u0151s rozsdamentes ac\u00e9l hidraulikus henger.<\/p>\n<h2>Bemutatkozik az \u00faj, 4 fokozat\u00fa, rozsdamentes ac\u00e9lb\u00f3l k\u00e9sz\u00fclt hidraulikus teleszk\u00f3pos munkahenger<\/h2>\n<p>Bemutatjuk az \u00faj, rozsdamentes ac\u00e9lb\u00f3l k\u00e9sz\u00fclt, 4 fokozat\u00fa hidraulikus teleszk\u00f3pos dugatty\u00fas hengert \u2013 egy er\u0151teljes kieg\u00e9sz\u00edt\u0151 a k\u00fcl\u00f6nf\u00e9le ipar\u00e1gak, p\u00e9ld\u00e1ul gy\u00e1rt\u00f3\u00fczemek, g\u00e9pjav\u00edt\u00f3 m\u0171helyek, mez\u0151gazdas\u00e1gi \u00fczemek, energia- \u00e9s b\u00e1ny\u00e1szat, g\u00e9pgy\u00e1rt\u00e1s \u00e9s g\u00e9pgy\u00e1rak sz\u00e1m\u00e1ra. Ez a hidraulikus henger hidraulikusan m\u0171k\u00f6dik, \u00e9s egy \u00e9v garanci\u00e1val rendelkezik. Standard dugatty\u00fas henger fel\u00e9p\u00edt\u00e9s\u0171, \u00e9s maxim\u00e1lisan 3000 tonna tol\u00f3er\u0151t \u00e9s maxim\u00e1lisan 20 tonna h\u00faz\u00f3er\u0151t k\u00e9pes elviselni. Az ISO9001:2000 szabv\u00e1ny szerint tan\u00fas\u00edtott, ez a karcs\u00fa fekete henger tart\u00f3s haszn\u00e1latra k\u00e9sz\u00fclt.<\/p>\n<p><img decoding=\"async\" src=\"https:\/\/hzpt.com\/wp-content\/uploads\/2023\/11\/Inverted-Telescopic-Cylinder-3.webp\" alt=\"Ford\u00edtott teleszk\u00f3pos henger\" title=\"\"><\/p>\n<h2>A 4 fokozat\u00fa hidraulikus teleszk\u00f3pos d\u00f6ng\u00f6l\u0151 henger jellemz\u0151i<\/h2>\n<p>A 4 fokozat\u00fa hidraulikus teleszk\u00f3pos munkahenger sz\u00e1mos kiv\u00e9teles tulajdons\u00e1ggal b\u00fcszk\u00e9lkedhet:<\/p>\n<ol>\n<li>Standard dugatty\u00fas henger szerkezet: Biztos\u00edtja a hat\u00e9kony m\u0171k\u00f6d\u00e9st.<\/li>\n<li>Hidraulikus teljes\u00edtm\u00e9ny: Hat\u00e9kony m\u0171k\u00f6d\u00e9st \u00e9s nagy teljes\u00edtm\u00e9nyt biztos\u00edt.<\/li>\n<li>Ac\u00e9l test anyaga: Tart\u00f3ss\u00e1got \u00e9s kop\u00e1s\u00e1ll\u00f3s\u00e1got biztos\u00edt.<\/li>\n<li>Maxim\u00e1lis tol\u00f3er\u0151 \u00e9s h\u00faz\u00f3er\u0151: Maxim\u00e1lis tol\u00f3er\u0151 3000 tonna, maxim\u00e1lis h\u00faz\u00f3er\u0151 pedig 20 tonna, \u00edgy robusztus teljes\u00edtm\u00e9nyt ny\u00fajt.<\/li>\n<li>ISO9001:2000 tan\u00fas\u00edtv\u00e1ny: Garant\u00e1lja a min\u0151s\u00e9get \u00e9s a megb\u00edzhat\u00f3s\u00e1got.<\/li>\n<\/ol>\n<h2>A 4 fokozat\u00fa hidraulikus teleszk\u00f3pos d\u00f6ng\u00f6l\u0151henger alkalmaz\u00e1sai<\/h2>\n<p>A 4 fokozat\u00fa hidraulikus teleszk\u00f3pos d\u00f6ng\u00f6l\u0151henger sz\u00e1mos alkalmaz\u00e1si lehet\u0151s\u00e9ggel rendelkezik:<\/p>\n<ol>\n<li>Gy\u00e1rt\u00f3\u00fczem: Hasznos k\u00fcl\u00f6nf\u00e9le gy\u00e1rt\u00e1si folyamatokban.<\/li>\n<li>G\u00e9pjav\u00edt\u00f3 m\u0171helyek: Ide\u00e1lisak g\u00e9pek jav\u00edt\u00e1s\u00e1hoz \u00e9s karbantart\u00e1s\u00e1hoz.<\/li>\n<li>Gazdas\u00e1gok: K\u00fcl\u00f6nb\u00f6z\u0151 mez\u0151gazdas\u00e1gi g\u00e9pekhez \u00e9s berendez\u00e9sekhez haszn\u00e1lhat\u00f3.<\/li>\n<li>Energia \u00e9s b\u00e1ny\u00e1szat: N\u00e9lk\u00fcl\u00f6zhetetlen a nagy ig\u00e9nybev\u00e9telt jelent\u0151 feladatokhoz az energia- \u00e9s b\u00e1ny\u00e1szati \u200b\u200biparban.<\/li>\n<li>G\u00e9pgy\u00e1rt\u00e1s: A g\u00e9pgy\u00e1rt\u00e1s egyik kulcsfontoss\u00e1g\u00fa eleme.<\/li>\n<\/ol>\n<p><img decoding=\"async\" src=\"https:\/\/hzpt.com\/wp-content\/uploads\/2023\/11\/Inverted-Telescopic-Cylinder-Applications.webp\" alt=\"Ford\u00edtott teleszk\u00f3pos henger alkalmaz\u00e1sok\" title=\"\"><\/p>\n<h2>A 4 fokozat\u00fa hidraulikus teleszk\u00f3pos d\u00f6ng\u00f6l\u0151 munkahenger\u00e9nek m\u0171k\u00f6d\u00e9si elve \u00e9s karbantart\u00e1sa<\/h2>\n<p>A 4 fokozat\u00fa hidraulikus teleszk\u00f3pos munkahenger a hidraulika elv\u00e9n m\u0171k\u00f6dik. Mag\u00e1ban foglalja a konfigur\u00e1ci\u00f3t, a hidraulikafolyad\u00e9k-bemenetet \u00e9s a kimeneti er\u0151t. A karbantart\u00e1st illet\u0151en a henger rendszeres ellen\u0151rz\u00e9st, tiszt\u00edt\u00e1st, ken\u00e9st, rendszeres ellen\u0151rz\u00e9seket \u00e9s jav\u00edt\u00e1sokat, t\u00f6m\u00edt\u00e9scser\u00e9t, valamint a kezel\u00e9si \u00fatmutat\u00f3 betart\u00e1s\u00e1t ig\u00e9nyli.<\/p>\n<p><img decoding=\"async\" src=\"https:\/\/hzpt.com\/wp-content\/uploads\/2023\/11\/Inverted-Telescopic-Cylinder-4.webp\" alt=\"Ford\u00edtott teleszk\u00f3pos henger\" title=\"\"><\/p>\n<h2>Ford\u00edtott teleszk\u00f3pos henger<\/h2>\n<p>Az invert\u00e1lt teleszk\u00f3pos henger, m\u00e1s n\u00e9ven kifel\u00e9 ir\u00e1nyul\u00f3 teleszk\u00f3pos henger vagy kett\u0151s m\u0171k\u00f6d\u00e9s\u0171 teleszk\u00f3pos henger, egy olyan hidraulikus henger t\u00edpus, amelyet gyakran haszn\u00e1lnak k\u00fcl\u00f6nf\u00e9le ipari alkalmaz\u00e1sokban. T\u00f6bb szakaszb\u00f3l vagy szakaszb\u00f3l \u00e1ll, amelyek \u00f6sszecsuk\u00f3dnak \u00e9s kit\u00e1gulnak, hogy line\u00e1ris mozg\u00e1st \u00e9s er\u0151t biztos\u00edtsanak. Ez a kialak\u00edt\u00e1s lehet\u0151v\u00e9 teszi egy kompakt \u00e9s hat\u00e9kony hidraulikus rendszer l\u00e9trehoz\u00e1s\u00e1t, \u00edgy alkalmass\u00e1 teszi olyan alkalmaz\u00e1sokhoz, ahol korl\u00e1tozott a hely.<\/p>\n<h3>1. Fel\u00e9p\u00edt\u00e9s \u00e9s m\u0171k\u00f6d\u00e9si elv<\/h3>\n<p>A ford\u00edtott teleszk\u00f3pos henger jellemz\u0151en kiv\u00e1l\u00f3 min\u0151s\u00e9g\u0171 rozsdamentes ac\u00e9lb\u00f3l k\u00e9sz\u00fcl, amely kiv\u00e1l\u00f3 korr\u00f3zi\u00f3\u00e1ll\u00f3s\u00e1got \u00e9s tart\u00f3ss\u00e1got biztos\u00edt. Egy hengertestb\u0151l, dugatty\u00far\u00fadb\u00f3l \u00e9s t\u00f6bb fokozatb\u00f3l vagy szakaszb\u00f3l \u00e1ll. Minden fokozat egy kisebb \u00e1tm\u00e9r\u0151j\u0171 henger, amely a nagyobb \u00e1tm\u00e9r\u0151j\u0171 fokozatba illeszkedik. A fokozatokat menetes vagy csavarozott v\u00e9gz\u00e1r\u00f3 kupakok k\u00f6tik \u00f6ssze.<\/p>\n<p>Amikor hidraulikus nyom\u00e1st alkalmazunk a hengerre, a folyad\u00e9k bel\u00e9p a legnagyobb fokozatba, kifel\u00e9 tolva a dugatty\u00fat \u00e9s a kisebb fokozatokat. Ez a mozg\u00e1s kiny\u00fajtja a hengert, \u00e9s biztos\u00edtja a sz\u00fcks\u00e9ges line\u00e1ris er\u0151t. Ford\u00edtva, amikor a hidraulikus nyom\u00e1s megsz\u0171nik, a folyad\u00e9k visszah\u00faz\u00f3dik a hengerbe, \u00f6sszenyomva a fokozatokat \u00e9s visszah\u00fazva a dugatty\u00farudat.<\/p>\n<h3>2. A ford\u00edtott teleszk\u00f3pos henger el\u0151nyei<\/h3>\n<p>2.1 Megn\u00f6velt er\u0151kifejt\u00e9s: A ford\u00edtott teleszk\u00f3pos henger kialak\u00edt\u00e1sa jelent\u0151sen megn\u00f6veli az er\u0151kifejt\u00e9st m\u00e1s t\u00edpus\u00fa hengerekhez k\u00e9pest. Ez a t\u00f6bb fokozatnak k\u00f6sz\u00f6nhet\u0151, amelyek egym\u00e1s ut\u00e1n t\u00e1gulnak, megsokszorozva az egyes szakaszok \u00e1ltal kifejtett er\u0151t.<\/p>\n<p>2.2 Kompakt m\u00e9ret: A teleszk\u00f3pos kialak\u00edt\u00e1s kompakt \u00e9s helytakar\u00e9kos hidraulikus rendszert tesz lehet\u0151v\u00e9. A henger \u00f6sszecsukott hossza sokkal r\u00f6videbb, mint kiny\u00fajtott hossza, \u00edgy ide\u00e1lis a korl\u00e1tozott helyig\u00e9ny\u0171 alkalmaz\u00e1sokhoz.<\/p>\n<p>2.3 Sima m\u0171k\u00f6d\u00e9s: A hidraulikus folyad\u00e9k haszn\u00e1lata sima \u00e9s prec\u00edz mozg\u00e1svez\u00e9rl\u00e9st biztos\u00edt. A t\u00f6bbl\u00e9pcs\u0151s kialak\u00edt\u00e1s minimaliz\u00e1lja a folyad\u00e9k \u00f6sszenyomhat\u00f3s\u00e1g\u00e1nak hat\u00e1s\u00e1t, ami k\u00f6vetkezetes \u00e9s megb\u00edzhat\u00f3 m\u0171k\u00f6d\u00e9st eredm\u00e9nyez.<\/p>\n<h3>3. A ford\u00edtott teleszk\u00f3pos henger alkalmaz\u00e1sai<\/h3>\n<p>A ford\u00edtott teleszk\u00f3pos henger sz\u00e9les k\u00f6rben alkalmazhat\u00f3 k\u00fcl\u00f6nf\u00e9le ipar\u00e1gakban, t\u00f6bbek k\u00f6z\u00f6tt:<\/p>\n<p>3.1 Anyagmozgat\u00f3 berendez\u00e9sek: A ford\u00edtott teleszk\u00f3pos hengereket gyakran haszn\u00e1lj\u00e1k targonc\u00e1kban \u00e9s m\u00e1s emel\u0151berendez\u00e9sekben, hogy biztos\u00edts\u00e1k a sz\u00fcks\u00e9ges er\u0151t a neh\u00e9z terhek emel\u00e9s\u00e9hez \u00e9s s\u00fcllyeszt\u00e9s\u00e9hez.<\/p>\n<p>3.2 \u00c9p\u00edt\u0151ipari g\u00e9pek: Ezeket a hengereket darukban, kotr\u00f3g\u00e9pekben \u00e9s m\u00e1s \u00e9p\u00edt\u0151ipari g\u00e9pekben haszn\u00e1lj\u00e1k g\u00e9mek, karok \u00e9s kanalak kiny\u00fajt\u00e1s\u00e1ra \u00e9s visszah\u00faz\u00e1s\u00e1ra.<\/p>\n<p>3.3 Hullad\u00e9kgazd\u00e1lkod\u00e1si rendszerek: A szemeteskocsikban \u00e9s pr\u00e9sg\u00e9pekben ford\u00edtott teleszk\u00f3pos hengereket alkalmaznak a hullad\u00e9k hat\u00e9kony t\u00f6m\u00f6r\u00edt\u00e9s\u00e9re \u00e9s sz\u00e1ll\u00edt\u00e1s\u00e1ra.<\/p>\n<p>3.4 Mez\u0151gazdas\u00e1gi g\u00e9pek: Ezeket a munkahengereket mez\u0151gazdas\u00e1gi g\u00e9pekben, p\u00e9ld\u00e1ul homlokrakod\u00f3kban haszn\u00e1lj\u00e1k k\u00fcl\u00f6nf\u00e9le feladatok elv\u00e9gz\u00e9s\u00e9re, p\u00e9ld\u00e1ul emel\u00e9sre, billent\u00e9sre \u00e9s \u00e1s\u00e1sra.<\/p>\n<p>3.5 Ipari automatiz\u00e1l\u00e1s: A ford\u00edtott teleszk\u00f3pos hengerek l\u00e9tfontoss\u00e1g\u00fa szerepet j\u00e1tszanak az automatiz\u00e1lt gy\u00e1rt\u00e1si folyamatokban, ahol prec\u00edz \u00e9s szab\u00e1lyozott line\u00e1ris mozg\u00e1sra van sz\u00fcks\u00e9g.<\/p>\n<p>\u00d6sszefoglalva, a ford\u00edtott teleszk\u00f3pos henger egy sokoldal\u00fa \u00e9s hat\u00e9kony hidraulikus alkatr\u00e9sz, amely fokozott er\u0151kifejt\u00e9st, kompakt m\u00e9retet \u00e9s sima m\u0171k\u00f6d\u00e9st k\u00edn\u00e1l. Egyedi kialak\u00edt\u00e1sa \u00e9s konstrukci\u00f3ja sz\u00e9les k\u00f6r\u0171 alkalmaz\u00e1si lehet\u0151s\u00e9geket k\u00edn\u00e1l k\u00fcl\u00f6nb\u00f6z\u0151 ipar\u00e1gakban.<\/p>\n<h3>Az FMP-r\u0151l<\/h3>\n<p>Az FMP egy vezet\u0151 v\u00e1llalat, amely hidraulikus hengerek gy\u00e1rt\u00e1s\u00e1ra \u00e9s \u00e9rt\u00e9kes\u00edt\u00e9s\u00e9re specializ\u00e1l\u00f3dott. Olaszorsz\u00e1gi sz\u00e9khely\u00fcnkkel sz\u00e9lesk\u00f6r\u0171 ipar\u00e1gi tapasztalatra tett\u00fcnk szert, \u00e9s egy professzion\u00e1lis csapatot hoztunk l\u00e9tre, amely elk\u00f6telezett amellett, hogy kiv\u00e1l\u00f3 min\u0151s\u00e9g\u0171 \u00e9s megb\u00edzhat\u00f3 \u00e9p\u00edt\u0151ipari g\u00e9palkatr\u00e9szeket \u00e9s komplett g\u00e9pmegold\u00e1sokat biztos\u00edtson \u00fcgyfeleinknek.<\/p>\n<p><img decoding=\"async\" src=\"https:\/\/fmp-components.com\/wp-content\/uploads\/2024\/12\/Adjustable-Clevis-Type-Cylinders-6.webp\" alt=\"\u00c1ll\u00edthat\u00f3 kengyeles henger\" width=\"836\" title=\"\"><\/p>\n<p>\u00cdme term\u00e9keink \u00e9s v\u00e1llalatunk \u00f6t f\u0151 el\u0151nye:<\/p>\n<ol>\n<li>Sz\u00e9les term\u00e9kv\u00e1laszt\u00e9k: Sz\u00e9les v\u00e1laszt\u00e9kban k\u00edn\u00e1lunk hidraulikus hengereket, bele\u00e9rtve az \u00e1ll\u00edthat\u00f3 kengyeles hengereket is, amelyek alkalmasak k\u00fcl\u00f6nf\u00e9le \u00e9p\u00edt\u0151ipari g\u00e9pekhez.<\/li>\n<li>Szigor\u00fa min\u0151s\u00e9gi el\u0151\u00edr\u00e1sok: Hossz\u00fa t\u00e1v\u00fa \u00e9s stabil egy\u00fcttm\u0171k\u00f6d\u00e9si kapcsolatok kialak\u00edt\u00e1s\u00e1val kiv\u00e1l\u00f3 min\u0151s\u00e9g\u0171 belf\u00f6ldi \u00e9s nemzetk\u00f6zi besz\u00e1ll\u00edt\u00f3kkal biztos\u00edtjuk, hogy minden besz\u00e1ll\u00edtott alkatr\u00e9sz megfeleljen a szigor\u00fa min\u0151s\u00e9gi el\u0151\u00edr\u00e1soknak.<\/li>\n<li>Tapasztalt \u00e9rt\u00e9kes\u00edt\u00e9si csapat: \u00c9rt\u00e9kes\u00edt\u00e9si csapatunk m\u00e9lyrehat\u00f3 ismeretekkel rendelkezik az \u00e9p\u00edt\u0151ipari g\u00e9pipar fejl\u0151d\u00e9si trendjeir\u0151l \u00e9s az \u00fcgyfelek ig\u00e9nyeir\u0151l. Professzion\u00e1lis term\u00e9ktan\u00e1csad\u00e1st \u00e9s intelligens v\u00e1s\u00e1rl\u00e1si javaslatokat tudnak ny\u00fajtani.<\/li>\n<li>Hat\u00e9kony logisztikai eloszt\u00e1s: Hat\u00e9kony logisztikai eloszt\u00e1si rendszert vezett\u00fcnk be annak \u00e9rdek\u00e9ben, hogy \u00fcgyfeleink id\u0151ben \u00e9s pontosan megkapj\u00e1k a sz\u00fcks\u00e9ges alkatr\u00e9szeket.<\/li>\n<li>Kiv\u00e1l\u00f3 min\u0151s\u00e9g\u0171 tartoz\u00e9kok: A hidraulikus hengerek mellett sz\u00e1mos kiv\u00e1l\u00f3 min\u0151s\u00e9g\u0171 tartoz\u00e9kot is k\u00edn\u00e1lunk, amelyeket \u00fagy tervezt\u00fcnk, hogy t\u00f6k\u00e9letesen kieg\u00e9sz\u00edts\u00e9k term\u00e9keinket. Ezek a tartoz\u00e9kok tov\u00e1bb n\u00f6velik az \u00e9p\u00edt\u0151ipari g\u00e9pek teljes\u00edtm\u00e9ny\u00e9t \u00e9s hat\u00e9konys\u00e1g\u00e1t.<\/li>\n<\/ol>\n<p>V\u00e1lassza az FMP-t megb\u00edzhat\u00f3 partner\u00e9nek az \u00e9p\u00edt\u0151ipari g\u00e9piparban. L\u00e9pjen kapcsolatba vel\u00fcnk m\u00e9g ma, hogy megtudja, hogyan felelhetnek meg kiv\u00e1l\u00f3 min\u0151s\u00e9g\u0171 hidraulikus hengereink az \u00d6n egyedi ig\u00e9nyeinek, \u00e9s hogyan j\u00e1rulhatnak hozz\u00e1 projektjei siker\u00e9hez.<\/p>\n<p>Szerz\u0151: CX<\/p>","protected":false},"excerpt":{"rendered":"<p>The Effective 4 Stage Hydraulic Telescopic Ram Cylinder Stainless Steel Hydraulic Cylinder is a game-changer in the world of hydraulic systems. Its innovative design and superior quality make it a top choice for all your hydraulic needs. This cylinder is made of high-grade stainless steel, which ensures durability and longevity. The telescopic design allows for [&hellip;]<\/p>","protected":false},"featured_media":1670,"comment_status":"closed","ping_status":"closed","template":"","meta":{"_et_pb_use_builder":"","_et_pb_old_content":"","_et_gb_content_width":""},"product_brand":[],"product_cat":[45],"product_tag":[34,48],"class_list":{"0":"post-1669","1":"product","2":"type-product","3":"status-publish","4":"has-post-thumbnail","6":"product_cat-inverted-telescopic-cylinder","7":"product_tag-hydraulic-cylinder","8":"product_tag-inverted-telescopic-cylinder","10":"first","11":"instock","12":"product-type-simple"},"_links":{"self":[{"href":"https:\/\/fmp-components.com\/hu\/wp-json\/wp\/v2\/product\/1669","targetHints":{"allow":["GET"]}}],"collection":[{"href":"https:\/\/fmp-components.com\/hu\/wp-json\/wp\/v2\/product"}],"about":[{"href":"https:\/\/fmp-components.com\/hu\/wp-json\/wp\/v2\/types\/product"}],"replies":[{"embeddable":true,"href":"https:\/\/fmp-components.com\/hu\/wp-json\/wp\/v2\/comments?post=1669"}],"wp:featuredmedia":[{"embeddable":true,"href":"https:\/\/fmp-components.com\/hu\/wp-json\/wp\/v2\/media\/1670"}],"wp:attachment":[{"href":"https:\/\/fmp-components.com\/hu\/wp-json\/wp\/v2\/media?parent=1669"}],"wp:term":[{"taxonomy":"product_brand","embeddable":true,"href":"https:\/\/fmp-components.com\/hu\/wp-json\/wp\/v2\/product_brand?post=1669"},{"taxonomy":"product_cat","embeddable":true,"href":"https:\/\/fmp-components.com\/hu\/wp-json\/wp\/v2\/product_cat?post=1669"},{"taxonomy":"product_tag","embeddable":true,"href":"https:\/\/fmp-components.com\/hu\/wp-json\/wp\/v2\/product_tag?post=1669"}],"curies":[{"name":"munkaf\u00fczet","href":"https:\/\/api.w.org\/{rel}","templated":true}]}}