{"id":1667,"date":"2024-12-23T07:00:44","date_gmt":"2024-12-23T07:00:44","guid":{"rendered":"https:\/\/fmp-components.com\/product\/industrial-truck-hydraulic-cylinder-small-dump-truck-hydraulic-cylinder-for-sale\/"},"modified":"2025-03-11T06:09:30","modified_gmt":"2025-03-11T06:09:30","slug":"industrial-truck-hydraulic-cylinder-small-dump-truck-hydraulic-cylinder-for-sale","status":"publish","type":"product","link":"https:\/\/fmp-components.com\/hu\/product\/industrial-truck-hydraulic-cylinder-small-dump-truck-hydraulic-cylinder-for-sale\/","title":{"rendered":"Ipari teheraut\u00f3 hidraulikus henger kis d\u00f6mper hidraulikus henger elad\u00f3"},"content":{"rendered":"<h2>Bemutatkozik az ipari teheraut\u00f3 hidraulikus hengere \u2013 Elad\u00f3 kis d\u00f6mper teheraut\u00f3 hidraulikus hengere:<\/h2>\n<p>Ipari teheraut\u00f3 hidraulikus henger \u2013 Kis d\u00f6mperekhez val\u00f3 hidraulikus henger elad\u00f3, egy kiv\u00e1l\u00f3 min\u0151s\u00e9g\u0171, megb\u00edzhat\u00f3 \u00e9s tart\u00f3s hidraulikus henger, amelyet kifejezetten kis d\u00f6mperekhez terveztek. Ez a hidraulikus henger \u00fagy van kialak\u00edtva, hogy ellen\u00e1lljon a neh\u00e9z terhel\u00e9seknek \u00e9s a neh\u00e9z munkak\u00f6r\u00fclm\u00e9nyeknek, \u00edgy t\u00f6k\u00e9letes v\u00e1laszt\u00e1s k\u00fcl\u00f6nf\u00e9le ipari alkalmaz\u00e1sokhoz.<\/p>\n<p>Az Ipari Teheraut\u00f3 Hidraulikus Henger \u2013 Kis D\u00f6mperek Hidraulikus Hengere Elad\u00f3 Kiv\u00e9teles Teljes\u00edtm\u00e9nnyel \u00e9s Hat\u00e9konys\u00e1ggal Diverzifik\u00e1lhat\u00f3. Fejlett hidraulikus rendszer\u00e9nek k\u00f6sz\u00f6nhet\u0151en sima \u00e9s prec\u00edz m\u0171k\u00f6d\u00e9st biztos\u00edt, lehet\u0151v\u00e9 t\u00e9ve a terhek z\u00f6kken\u0151mentes emel\u00e9s\u00e9t \u00e9s \u00fcr\u00edt\u00e9s\u00e9t. A henger robusztus konstrukci\u00f3ja hossz\u00fa \u00e9lettartamot biztos\u00edt, cs\u00f6kkenti a karbantart\u00e1si k\u00f6lts\u00e9geket \u00e9s n\u00f6veli az \u00e1ltal\u00e1nos termel\u00e9kenys\u00e9get.<\/p>\n<p>A fejlett t\u00f6m\u00edt\u00e9stechnol\u00f3gi\u00e1nak k\u00f6sz\u00f6nhet\u0151en az Ipari Teheraut\u00f3 Hidraulikus Henger \u2013 Kis D\u00f6mperek Hidraulikus Hengere Elad\u00f3 Kiv\u00e1l\u00f3 Ellen\u00e1ll\u00e1st Biztos\u00edt a Sziv\u00e1rg\u00e1sokkal \u00e9s a Szennyez\u0151d\u00e9ssel szemben. Ez biztos\u00edtja az optim\u00e1lis teljes\u00edtm\u00e9nyt \u00e9s meghosszabb\u00edtja a henger \u00e9lettartam\u00e1t, minimaliz\u00e1lva az \u00e1ll\u00e1sid\u0151t \u00e9s maximaliz\u00e1lva a hat\u00e9konys\u00e1got.<\/p>\n<p>Az ipari teheraut\u00f3 hidraulikus henger \u2013 elad\u00f3 kis d\u00f6mperek hidraulikus henger\u00e9t \u00fagy tervezt\u00e9k, hogy k\u00f6nnyen telep\u00edthet\u0151 \u00e9s kompatibilis legyen a k\u00fcl\u00f6nf\u00e9le d\u00f6mpermodellekkel. Kompakt m\u00e9ret\u00e9nek \u00e9s k\u00f6nny\u0171 szerkezet\u00e9nek k\u00f6sz\u00f6nhet\u0151en alkalmas kis d\u00f6mperekhez a teljes\u00edtm\u00e9ny fel\u00e1ldoz\u00e1sa n\u00e9lk\u00fcl.<\/p>\n<p>Kiv\u00e9teles min\u0151s\u00e9g\u00e9vel, megb\u00edzhat\u00f3s\u00e1g\u00e1val \u00e9s teljes\u00edtm\u00e9ny\u00e9vel az Ipari Teheraut\u00f3 Hidraulikus Henger \u2013 Kis D\u00f6mperek Hidraulikus Hengere Elad\u00f3 Kiv\u00e1l\u00f3 Befektet\u00e9s azoknak a v\u00e1llalkoz\u00e1soknak, amelyek megb\u00edzhat\u00f3 hidraulikus hengerre szorulnak kis d\u00f6mpereikhez. Ak\u00e1r \u00e9p\u00edt\u0151iparban, b\u00e1ny\u00e1szatban, ak\u00e1r sz\u00e1ll\u00edtm\u00e1nyoz\u00e1sban haszn\u00e1lj\u00e1k, ez a hidraulikus henger kiv\u00e9teles eredm\u00e9nyeket \u00e9s az elv\u00e1r\u00e1sok t\u00falsz\u00e1rnyal\u00e1s\u00e1t szolg\u00e1lja.<\/p>\n<p>V\u00e1lassza az Ipari Teheraut\u00f3 Hidraulikus Henger\u00e9t \u2013 Kis D\u00f6mperek Hidraulikus Hengere Elad\u00f3 \u2013 kiv\u00e1l\u00f3 teljes\u00edtm\u00e9ny, tart\u00f3ss\u00e1g \u00e9s hat\u00e9konys\u00e1g \u00e9rdek\u00e9ben. Tapasztalja meg a z\u00f6kken\u0151mentes m\u0171k\u00f6d\u00e9st \u00e9s a megn\u00f6vekedett termel\u00e9kenys\u00e9get ezzel a cs\u00facskateg\u00f3ri\u00e1s hidraulikus hengerrel.<\/p>\n<div>\n<h2>Bemutatkozik a kis d\u00f6mper hidraulikus hengere<\/h2>\n<table style=\"width: 100%;\" border=\"1\" width=\"100%\" cellspacing=\"0\" cellpadding=\"0\">\n<tbody>\n<tr>\n<th>Term\u00e9k neve<\/th>\n<td>Kis d\u00f6mper hidraulikus henger<\/td>\n<\/tr>\n<tr>\n<th>\u00c1llapot<\/th>\n<td>Vadonat\u00faj<\/td>\n<\/tr>\n<tr>\n<th>Garancia<\/th>\n<td>1 \u00e9v<\/td>\n<\/tr>\n<tr>\n<th>S\u00faly (KG)<\/th>\n<td>48<\/td>\n<\/tr>\n<tr>\n<th>Alapvet\u0151 \u00f6sszetev\u0151k<\/th>\n<td>Csap\u00e1gy \u00e9s dugatty\u00fahenger<\/td>\n<\/tr>\n<tr>\n<th>Tervez\u00e9s<\/th>\n<td>Standard dugatty\u00fas henger<\/td>\n<\/tr>\n<tr>\n<th>\u00c1ramforr\u00e1s<\/th>\n<td>Hidraulikus<\/td>\n<\/tr>\n<tr>\n<th>Test anyaga<\/th>\n<td>Ac\u00e9l<\/td>\n<\/tr>\n<tr>\n<th>Ellen\u0151rz\u00e9s<\/th>\n<td>Kimen\u0151 ellen\u0151rz\u00e9s vide\u00f3s bizony\u00edt\u00e9kokkal<\/td>\n<\/tr>\n<tr>\n<th>Alkalmazhat\u00f3 ipar\u00e1gak<\/th>\n<td>Gy\u00e1rt\u00f3\u00fczemek, G\u00e9pjav\u00edt\u00f3 m\u0171helyek, Mez\u0151gazdas\u00e1g, Energia \u00e9s b\u00e1ny\u00e1szat, G\u00e9pgy\u00e1rt\u00e1s, G\u00e9pgy\u00e1rak<\/td>\n<\/tr>\n<\/tbody>\n<\/table>\n<p><img decoding=\"async\" src=\"https:\/\/hzpt.com\/wp-content\/uploads\/2023\/11\/Inverted-Telescopic-Cylinder-1.webp\" alt=\"\" title=\"\"><\/p>\n<h2>A kis d\u00f6mper hidraulikus henger\u00e9nek jellemz\u0151i<\/h2>\n<ul>\n<li><strong>T\u00edpus:<\/strong> Ez egy szabv\u00e1nyos dugatty\u00fas henger, amelyet ford\u00edtott teleszk\u00f3pos hengerk\u00e9nt terveztek.<\/li>\n<li><strong>Anyag:<\/strong> Ennek a hidraulikus hengernek a teste robusztus ac\u00e9lb\u00f3l k\u00e9sz\u00fclt, ami biztos\u00edtja a tart\u00f3ss\u00e1got.<\/li>\n<li><strong>Kapacit\u00e1s:<\/strong> 3000 tonn\u00e1s maxim\u00e1lis tol\u00f3er\u0151vel \u00e9s 20 tonn\u00e1s maxim\u00e1lis h\u00faz\u00f3er\u0151vel nagy teljes\u00edtm\u00e9nyt ny\u00fajt.<\/li>\n<li><strong>Standard:<\/strong> Ez a term\u00e9k ISO9001:2000 tan\u00fas\u00edtv\u00e1nnyal rendelkezik, amely garant\u00e1lja a min\u0151s\u00e9g\u00e9t.<\/li>\n<li><strong>Tervez\u00e9s:<\/strong> Eleg\u00e1ns fekete sz\u00ednben kaphat\u00f3, ami tov\u00e1bb fokozza professzion\u00e1lis megjelen\u00e9s\u00e9t.<\/li>\n<\/ul>\n<h2>A kis d\u00f6mper hidraulikus henger alkalmaz\u00e1sai<\/h2>\n<ul>\n<li>Gy\u00e1rt\u00f3\u00fczemek<\/li>\n<li>G\u00e9pjav\u00edt\u00f3 m\u0171helyek<\/li>\n<li>Farmok<\/li>\n<li>Energia- \u00e9s b\u00e1ny\u00e1szati \u200b\u200bipar\u00e1gak<\/li>\n<li>G\u00e9pgy\u00e1rt\u00e1s<\/li>\n<\/ul>\n<p><img decoding=\"async\" src=\"https:\/\/hzpt.com\/wp-content\/uploads\/2023\/11\/Inverted-Telescopic-Cylinder-Applications.webp\" alt=\"Ford\u00edtott teleszk\u00f3pos henger alkalmaz\u00e1sok\" title=\"\"><\/p>\n<h2>A kis d\u00f6mper hidraulikus henger m\u0171k\u00f6d\u00e9si elve \u00e9s karbantart\u00e1sa<\/h2>\n<p>A hidraulikus henger a hidraulikus folyad\u00e9k bemenet\u00e9n alapul, ami kimeneti er\u0151t eredm\u00e9nyez. A rendszer konfigur\u00e1ci\u00f3ja lehet\u0151v\u00e9 teszi a maxim\u00e1lis hat\u00e9konys\u00e1g el\u00e9r\u00e9s\u00e9t. A karbantart\u00e1st illet\u0151en elengedhetetlen a rendszeres ellen\u0151rz\u00e9s, tiszt\u00edt\u00e1s \u00e9s ken\u00e9s. Ezenk\u00edv\u00fcl a rendszeres ellen\u0151rz\u00e9sek \u00e9s jav\u00edt\u00e1sok, a t\u00f6m\u00edt\u00e9sek cser\u00e9je, valamint a kezel\u00e9si \u00fatmutat\u00f3 betart\u00e1sa is biztos\u00edtja a term\u00e9k hossz\u00fa \u00e9lettartam\u00e1t.<\/p>\n<p><img decoding=\"async\" src=\"https:\/\/hzpt.com\/wp-content\/uploads\/2023\/11\/Inverted-Telescopic-Cylinder-9.webp\" alt=\"\" title=\"\"><\/p>\n<\/div>\n<h2>Ford\u00edtott teleszk\u00f3pos henger<\/h2>\n<p>Az invert\u00e1lt teleszk\u00f3pos henger, m\u00e1s n\u00e9ven r\u00fad n\u00e9lk\u00fcli henger, egy olyan hidraulikus hengert\u00edpus, amelyet \u00e1ltal\u00e1ban ipari teheraut\u00f3kban, p\u00e9ld\u00e1ul kis d\u00f6mperekben haszn\u00e1lnak k\u00fcl\u00f6nf\u00e9le alkalmaz\u00e1sokhoz. Ez a t\u00edpus\u00fa henger neh\u00e9z terhek er\u0151teljes \u00e9s megb\u00edzhat\u00f3 emel\u00e9s\u00e9re \u00e9s s\u00fcllyeszt\u00e9s\u00e9re szolg\u00e1l, \u00e9s sz\u00e1mos ipari \u00e9s \u00e9p\u00edt\u0151ipari m\u0171velet elengedhetetlen alkot\u00f3eleme.<\/p>\n<h3>Tervez\u00e9s \u00e9s alkatr\u00e9szek<\/h3>\n<p>A ford\u00edtott teleszk\u00f3pos henger egym\u00e1sba \u00e1gyazott cs\u00f6vek sorozat\u00e1b\u00f3l \u00e1ll, a dugatty\u00far\u00fad a henger k\u00fcls\u0151 oldal\u00e1n tal\u00e1lhat\u00f3. A legk\u00fcls\u0151 cs\u00f6vet hengernek nevezik, \u00e9s ebben tal\u00e1lhat\u00f3 a dugatty\u00faruda, m\u00edg a bels\u0151 cs\u00f6veket fokozatoknak nevezik. A fokozatok t\u00f6m\u00edt\u00e9sekkel csatlakoznak a hengerhez, amelyek megakad\u00e1lyozz\u00e1k a folyad\u00e9k sziv\u00e1rg\u00e1s\u00e1t \u00e9s fenntartj\u00e1k a nyom\u00e1st a henger belsej\u00e9ben.<\/p>\n<p>A henger jellemz\u0151en nagy szil\u00e1rds\u00e1g\u00fa ac\u00e9lb\u00f3l k\u00e9sz\u00fcl, amelyet szigor\u00fa t\u0171r\u00e9shat\u00e1rok szerint prec\u00edzi\u00f3san megmunk\u00e1lnak a z\u00f6kken\u0151mentes m\u0171k\u00f6d\u00e9s \u00e9s a hossz\u00fa \u00e9lettartam biztos\u00edt\u00e1sa \u00e9rdek\u00e9ben. A dugatty\u00far\u00fad szint\u00e9n tart\u00f3s anyagokb\u00f3l, p\u00e9ld\u00e1ul kr\u00f3mozott ac\u00e9lb\u00f3l k\u00e9sz\u00fcl, hogy ellen\u00e1lljon a kop\u00e1snak \u00e9s a korr\u00f3zi\u00f3nak.<\/p>\n<h3>Funkci\u00f3 \u00e9s m\u0171k\u00f6d\u00e9s<\/h3>\n<p>Az invert\u00e1lt teleszk\u00f3pos henger c\u00e9lja, hogy a hidraulikus nyom\u00e1st line\u00e1ris mozg\u00e1ss\u00e1 alak\u00edtsa, amelyet neh\u00e9z terhek emel\u00e9s\u00e9re \u00e9s s\u00fcllyeszt\u00e9s\u00e9re haszn\u00e1lnak. Amikor hidraulikafolyad\u00e9kot pump\u00e1lnak a hengerbe, az a dugatty\u00fanak nyom\u00f3dik, ami viszont kiny\u00fajtja a dugatty\u00farudat \u00e9s felemeli a terhet. A teher leenged\u00e9s\u00e9hez a hidraulikafolyad\u00e9k kienged\u0151dik a hengerb\u0151l, aminek k\u00f6vetkezt\u00e9ben a teher s\u00falya a dugatty\u00fanak nyom\u00f3dik, \u00e9s a dugatty\u00farudat visszah\u00fazza.<\/p>\n<p>A ford\u00edtott teleszk\u00f3pos henger kialak\u00edt\u00e1sa nagyobb l\u00f6kethosszt tesz lehet\u0151v\u00e9, mint m\u00e1s t\u00edpus\u00fa hidraulikus hengerek, ami azt jelenti, hogy nehezebb terheket is k\u00e9pes nagyobb magass\u00e1gba emelni. Ez ide\u00e1lis v\u00e1laszt\u00e1ss\u00e1 teszi kis d\u00f6mperekhez \u00e9s m\u00e1s, nagy emel\u00e9si kapacit\u00e1st ig\u00e9nyl\u0151 ipari targonc\u00e1khoz.<\/p>\n<h3>Alkalmaz\u00e1sok<\/h3>\n<p>A ford\u00edtott teleszk\u00f3pos hengert sz\u00e1mos alkalmaz\u00e1sban haszn\u00e1lj\u00e1k, t\u00f6bbek k\u00f6z\u00f6tt:<\/p>\n<ul>\n<li>Kis d\u00f6mperek: A ford\u00edtott teleszk\u00f3pos hengert \u00e1ltal\u00e1ban kis d\u00f6mperekben haszn\u00e1lj\u00e1k a d\u00f6mper fel\u00e9p\u00edtm\u00e9ny\u00e9nek emel\u00e9s\u00e9re \u00e9s s\u00fcllyeszt\u00e9s\u00e9re.<\/li>\n<li>Ipari targonc\u00e1k: A hengert m\u00e1s t\u00edpus\u00fa ipari targonc\u00e1kban is haszn\u00e1lj\u00e1k, p\u00e9ld\u00e1ul targonc\u00e1kban \u00e9s raklapemel\u0151kben, neh\u00e9z terhek emel\u00e9s\u00e9re \u00e9s mozgat\u00e1s\u00e1ra.<\/li>\n<li>\u00c9p\u00edt\u0151ipari berendez\u00e9sek: A ford\u00edtott teleszk\u00f3pos hengereket k\u00fcl\u00f6nf\u00e9le \u00e9p\u00edt\u0151ipari berendez\u00e9sekben haszn\u00e1lj\u00e1k, bele\u00e9rtve a darukat, kotr\u00f3g\u00e9peket \u00e9s buld\u00f3zereket, anyagok emel\u00e9s\u00e9re \u00e9s mozgat\u00e1s\u00e1ra.<\/li>\n<\/ul>\n<p>\u00d6sszefoglalva, a ford\u00edtott teleszk\u00f3pos henger egy nagy teljes\u00edtm\u00e9ny\u0171 \u00e9s megb\u00edzhat\u00f3 hidraulikus henger, amelyet sz\u00e9les k\u00f6rben haszn\u00e1lnak ipari \u00e9s \u00e9p\u00edt\u0151ipari alkalmaz\u00e1sokban. Egyedi kialak\u00edt\u00e1sa \u00e9s konstrukci\u00f3ja n\u00e9lk\u00fcl\u00f6zhetetlen alkot\u00f3elem\u00e9v\u00e9 teszi sz\u00e1mos berendez\u00e9sben, \u00e9s a neh\u00e9z terhek nagyobb magass\u00e1gba emel\u00e9s\u00e9re val\u00f3 k\u00e9pess\u00e9ge ide\u00e1lis v\u00e1laszt\u00e1ss\u00e1 teszi kis d\u00f6mperekben \u00e9s m\u00e1s ipari teheraut\u00f3kban val\u00f3 haszn\u00e1latra.<\/p>\n<p>Kulcsszavak: Ipari teheraut\u00f3 hidraulikus henger, Kis d\u00f6mper hidraulikus henger elad\u00f3<\/p>\n<h3>Az FMP-r\u0151l<\/h3>\n<p>Az FMP egy vezet\u0151 v\u00e1llalat, amely hidraulikus hengerek gy\u00e1rt\u00e1s\u00e1ra \u00e9s \u00e9rt\u00e9kes\u00edt\u00e9s\u00e9re specializ\u00e1l\u00f3dott. Kiterjedt ipar\u00e1gi tapasztalatunkkal \u00e9s professzion\u00e1lis csapatunkkal elk\u00f6telezettek vagyunk amellett, hogy kiv\u00e1l\u00f3 min\u0151s\u00e9g\u0171 \u00e9s megb\u00edzhat\u00f3 hidraulikus hengereket biztos\u00edtsunk \u00fcgyfeleink sz\u00e1m\u00e1ra k\u00fcl\u00f6nf\u00e9le \u00e9p\u00edt\u0151ipari g\u00e9pek alkalmaz\u00e1saihoz.<\/p>\n<p><img decoding=\"async\" src=\"https:\/\/fmp-components.com\/wp-content\/uploads\/2024\/12\/Adjustable-Clevis-Type-Cylinders-6.webp\" alt=\"\u00c1ll\u00edthat\u00f3 kengyeles henger\" width=\"835\" title=\"\"><\/p>\n<p>\u00cdme \u00f6t ok, ami\u00e9rt az FMP kiv\u00e1laszt\u00e1sa a helyes d\u00f6nt\u00e9s hidraulikus hengereihez:<\/p>\n<ol>\n<li><strong>Sz\u00e9les term\u00e9kv\u00e1laszt\u00e9k:<\/strong> Sz\u00e9les v\u00e1laszt\u00e9kban k\u00edn\u00e1lunk hidraulikus hengereket, amelyek alkalmasak k\u00fcl\u00f6nf\u00e9le alkalmaz\u00e1sokhoz az \u00e9p\u00edt\u0151ipari g\u00e9piparban. Ak\u00e1r mez\u0151gazdas\u00e1gi g\u00e9pekhez, ipari sebess\u00e9gv\u00e1lt\u00f3khoz vagy bolyg\u00f3kerekes sebess\u00e9gv\u00e1lt\u00f3khoz van sz\u00fcks\u00e9ge hengerekre, n\u00e1lunk mindent megtal\u00e1l.<\/li>\n<li><strong>Szigor\u00fa min\u0151s\u00e9gi szabv\u00e1nyok:<\/strong> Az FMP-n\u00e9l a min\u0151s\u00e9get helyezz\u00fck el\u0151t\u00e9rbe, \u00e9s biztos\u00edtjuk, hogy minden \u00e1ltalunk sz\u00e1ll\u00edtott hidraulikus henger megfeleljen a szigor\u00fa min\u0151s\u00e9gi el\u0151\u00edr\u00e1soknak. A kiv\u00e1l\u00f3 min\u0151s\u00e9g\u0171 besz\u00e1ll\u00edt\u00f3kkal k\u00f6t\u00f6tt hossz\u00fa t\u00e1v\u00fa \u00e9s stabil partners\u00e9gek r\u00e9v\u00e9n garant\u00e1ljuk term\u00e9keink megb\u00edzhat\u00f3s\u00e1g\u00e1t \u00e9s tart\u00f3ss\u00e1g\u00e1t.<\/li>\n<li><strong>Tapasztalt \u00e9rt\u00e9kes\u00edt\u00e9si csapat:<\/strong> Tapasztalt \u00e9rt\u00e9kes\u00edt\u00e9si csapatunk j\u00e1rtas az \u00e9p\u00edt\u0151ipari g\u00e9pipar leg\u00fajabb trendjeiben \u00e9s \u00fcgyf\u00e9lig\u00e9nyeiben. Professzion\u00e1lis term\u00e9ktan\u00e1csad\u00e1st tudnak ny\u00fajtani, seg\u00edtve \u00d6nt a megalapozott d\u00f6nt\u00e9sek meghozatal\u00e1ban \u00e9s az \u00d6n ig\u00e9nyeinek legink\u00e1bb megfelel\u0151 hidraulikus henger megtal\u00e1l\u00e1s\u00e1ban.<\/li>\n<li><strong>Hat\u00e9kony logisztikai disztrib\u00faci\u00f3:<\/strong> Meg\u00e9rtj\u00fck az id\u0151ben t\u00f6rt\u00e9n\u0151 sz\u00e1ll\u00edt\u00e1s fontoss\u00e1g\u00e1t. Hat\u00e9kony logisztikai eloszt\u00e1si rendszer\u00fcnk biztos\u00edtja, hogy a sz\u00fcks\u00e9ges hidraulikus hengereket gyorsan \u00e9s pontosan megkapja, minimaliz\u00e1lva az \u00e1ll\u00e1sid\u0151t \u00e9s biztos\u00edtva a m\u0171k\u00f6d\u00e9s z\u00f6kken\u0151mentes lebonyol\u00edt\u00e1s\u00e1t.<\/li>\n<li><strong>\u00c1tfog\u00f3 \u00e9rt\u00e9kes\u00edt\u00e9s ut\u00e1ni t\u00e1mogat\u00e1s:<\/strong> Az FMP-n\u00e9l nagy hangs\u00falyt fektet\u00fcnk az \u00fcgyfelek el\u00e9gedetts\u00e9g\u00e9re. Elk\u00f6telezett \u00fcgyf\u00e9lszolg\u00e1latunk mindig k\u00e9szen \u00e1ll, hogy seg\u00edtsen \u00d6nnek b\u00e1rmilyen k\u00e9rd\u00e9ssel vagy aggodalommal, \u00e9s \u00e1tfog\u00f3 \u00e9rt\u00e9kes\u00edt\u00e9s ut\u00e1ni t\u00e1mogat\u00e1st ny\u00fajt, hogy biztos\u00edtsa hidraulikus hengereinkkel val\u00f3 maxim\u00e1lis el\u00e9gedetts\u00e9g\u00e9t.<\/li>\n<\/ol>\n<p>Legyen partnere az FMP-nek m\u00e9g ma, \u00e9s tapasztalja meg hidraulikus hengereink min\u0151s\u00e9g\u00e9t, megb\u00edzhat\u00f3s\u00e1g\u00e1t \u00e9s kiv\u00e9teles teljes\u00edtm\u00e9ny\u00e9t. L\u00e9pjen kapcsolatba vel\u00fcnk most, hogy megbesz\u00e9lhess\u00fck az \u00d6n egyedi ig\u00e9nyeit \u00e9s elkezdhess\u00fck a gy\u00fcm\u00f6lcs\u00f6z\u0151 egy\u00fcttm\u0171k\u00f6d\u00e9st.<\/p>\n<p>Szerz\u0151: CX<\/p>","protected":false},"excerpt":{"rendered":"<p>Introducing the Industrial Truck Hydraulic Cylinder &#8211; Small Dump Truck Hydraulic Cylinder For Sale: Industrial Truck Hydraulic Cylinder &#8211; Small Dump Truck Hydraulic Cylinder For Sale is a high-quality, reliable and durable hydraulic cylinder specifically designed for small dump trucks. This hydraulic cylinder is built to withstand heavy loads and demanding working conditions, making it [&hellip;]<\/p>","protected":false},"featured_media":1668,"comment_status":"closed","ping_status":"closed","template":"","meta":{"_et_pb_use_builder":"","_et_pb_old_content":"","_et_gb_content_width":""},"product_brand":[],"product_cat":[45],"product_tag":[34,48],"class_list":{"0":"post-1667","1":"product","2":"type-product","3":"status-publish","4":"has-post-thumbnail","6":"product_cat-inverted-telescopic-cylinder","7":"product_tag-hydraulic-cylinder","8":"product_tag-inverted-telescopic-cylinder","10":"first","11":"instock","12":"product-type-simple"},"_links":{"self":[{"href":"https:\/\/fmp-components.com\/hu\/wp-json\/wp\/v2\/product\/1667","targetHints":{"allow":["GET"]}}],"collection":[{"href":"https:\/\/fmp-components.com\/hu\/wp-json\/wp\/v2\/product"}],"about":[{"href":"https:\/\/fmp-components.com\/hu\/wp-json\/wp\/v2\/types\/product"}],"replies":[{"embeddable":true,"href":"https:\/\/fmp-components.com\/hu\/wp-json\/wp\/v2\/comments?post=1667"}],"wp:featuredmedia":[{"embeddable":true,"href":"https:\/\/fmp-components.com\/hu\/wp-json\/wp\/v2\/media\/1668"}],"wp:attachment":[{"href":"https:\/\/fmp-components.com\/hu\/wp-json\/wp\/v2\/media?parent=1667"}],"wp:term":[{"taxonomy":"product_brand","embeddable":true,"href":"https:\/\/fmp-components.com\/hu\/wp-json\/wp\/v2\/product_brand?post=1667"},{"taxonomy":"product_cat","embeddable":true,"href":"https:\/\/fmp-components.com\/hu\/wp-json\/wp\/v2\/product_cat?post=1667"},{"taxonomy":"product_tag","embeddable":true,"href":"https:\/\/fmp-components.com\/hu\/wp-json\/wp\/v2\/product_tag?post=1667"}],"curies":[{"name":"munkaf\u00fczet","href":"https:\/\/api.w.org\/{rel}","templated":true}]}}