{"id":1665,"date":"2024-12-23T07:00:44","date_gmt":"2024-12-23T07:00:44","guid":{"rendered":"https:\/\/fmp-components.com\/product\/excellent-quality-10-ton-hydraulic-cylinder-telescopic-hydraulic-cylinder-for-dump-truck\/"},"modified":"2025-03-11T05:48:02","modified_gmt":"2025-03-11T05:48:02","slug":"excellent-quality-10-ton-hydraulic-cylinder-telescopic-hydraulic-cylinder-for-dump-truck","status":"publish","type":"product","link":"https:\/\/fmp-components.com\/hu\/product\/excellent-quality-10-ton-hydraulic-cylinder-telescopic-hydraulic-cylinder-for-dump-truck\/","title":{"rendered":"Kiv\u00e1l\u00f3 min\u0151s\u00e9g\u0171 10 tonn\u00e1s hidraulikus henger Teleszk\u00f3pos hidraulikus henger d\u00f6mperhez"},"content":{"rendered":"<h2>Bemutatjuk a kiv\u00e1l\u00f3 min\u0151s\u00e9g\u0171 10 tonn\u00e1s hidraulikus hengeres teleszk\u00f3pos hidraulikus hengert d\u00f6mperekhez<\/h2>\n<p>A kiv\u00e1l\u00f3 min\u0151s\u00e9g\u0171 10 tonn\u00e1s teleszk\u00f3pos hidraulikus henger d\u00f6mperekhez egy nagy teljes\u00edtm\u00e9ny\u0171 \u00e9s tart\u00f3s hidraulikus henger, amelyet kifejezetten d\u00f6mperekhez terveztek. Fejlett teleszk\u00f3pos kialak\u00edt\u00e1s\u00e1nak k\u00f6sz\u00f6nhet\u0151en ez a hidraulikus henger lehet\u0151v\u00e9 teszi a neh\u00e9z terhek sima \u00e9s hat\u00e9kony emel\u00e9s\u00e9t \u00e9s \u00fcr\u00edt\u00e9s\u00e9t.<\/p>\n<p>Ez a hidraulikus henger prec\u00edz \u00e9s r\u00e9szletgazdag gy\u00e1rt\u00e1s\u00fa, kiv\u00e1l\u00f3 min\u0151s\u00e9get \u00e9s megb\u00edzhat\u00f3s\u00e1got biztos\u00edtva. Kiv\u00e1l\u00f3 min\u0151s\u00e9g\u0171 anyagokb\u00f3l k\u00e9sz\u00fclt, amelyek ellen\u00e1llnak a nagy terhel\u00e9seknek \u00e9s a zord munkak\u00f6r\u00fclm\u00e9nyeknek, \u00edgy ide\u00e1lis a k\u00fcl\u00f6nf\u00e9le d\u00f6mperaut\u00f3-alkalmaz\u00e1sokhoz.<\/p>\n<p>Ennek a hidraulikus hengernek a teleszk\u00f3pos kialak\u00edt\u00e1sa nagyobb kiny\u00fal\u00e1st \u00e9s megn\u00f6velt emel\u0151kapacit\u00e1st biztos\u00edt. T\u00f6bb szakaszb\u00f3l \u00e1ll, amelyek kih\u00fazhat\u00f3k vagy beh\u00fazhat\u00f3k, \u00edgy nagyobb rugalmass\u00e1got \u00e9s alkalmazkod\u00f3k\u00e9pess\u00e9get biztos\u00edtanak a k\u00fcl\u00f6nb\u00f6z\u0151 be- \u00e9s kirakod\u00e1si helyzetekben.<\/p>\n<p>Fejlett hidraulikus technol\u00f3gi\u00e1val felszerelt, ez a henger kiv\u00e1l\u00f3 szab\u00e1lyozhat\u00f3s\u00e1got \u00e9s stabilit\u00e1st biztos\u00edt m\u0171k\u00f6d\u00e9s k\u00f6zben. Megb\u00edzhat\u00f3 hidraulikus rendszerrel rendelkezik, amely pontos \u00e9s \u00e1lland\u00f3 teljes\u00edtm\u00e9nyt biztos\u00edt, ami a d\u00f6mper hat\u00e9kony \u00e9s biztons\u00e1gos m\u0171k\u00f6d\u00e9s\u00e9t eredm\u00e9nyezi.<\/p>\n<p>A kiv\u00e1l\u00f3 min\u0151s\u00e9g\u0171 10 tonn\u00e1s teleszk\u00f3pos hidraulikus henger d\u00f6mperekhez nemcsak kiv\u00e9teles teljes\u00edtm\u00e9nyre, hanem egyszer\u0171 telep\u00edt\u00e9sre \u00e9s karbantart\u00e1sra is k\u00e9sz\u00fclt. Felhaszn\u00e1l\u00f3bar\u00e1t funkci\u00f3kkal tervezt\u00e9k, amelyek leegyszer\u0171s\u00edtik a telep\u00edt\u00e9si folyamatot, id\u0151t \u00e9s energi\u00e1t takar\u00edtva meg. Ezenk\u00edv\u00fcl ez a hidraulikus henger minim\u00e1lis karbantart\u00e1st ig\u00e9nyel, cs\u00f6kkentve az \u00e1ll\u00e1sid\u0151t \u00e9s maximaliz\u00e1lva a termel\u00e9kenys\u00e9get.<\/p>\n<table style=\"width: 100%;\" border=\"1\" width=\"100%\" cellspacing=\"0\" cellpadding=\"0\">\n<tbody>\n<tr>\n<th>Term\u00e9k neve<\/th>\n<td>Kiv\u00e1l\u00f3 min\u0151s\u00e9g\u0171 10 tonn\u00e1s hidraulikus henger Teleszk\u00f3pos hidraulikus henger d\u00f6mperhez<\/td>\n<\/tr>\n<tr>\n<th>\u00c1llapot<\/th>\n<td>\u00daj<\/td>\n<\/tr>\n<tr>\n<th>Garancia<\/th>\n<td>1 \u00e9v<\/td>\n<\/tr>\n<tr>\n<th>S\u00faly (KG)<\/th>\n<td>48<\/td>\n<\/tr>\n<tr>\n<th>Max. tol\u00f3er\u0151<\/th>\n<td>3000<\/td>\n<\/tr>\n<tr>\n<th>Test anyaga<\/th>\n<td>Massz\u00edv ac\u00e9l<\/td>\n<\/tr>\n<tr>\n<th>Tervez\u00e9s<\/th>\n<td>Teleszk\u00f3pos dugatty\u00fas hengeres szerkezettel<\/td>\n<\/tr>\n<tr>\n<th>\u00c1ramforr\u00e1s<\/th>\n<td>Hidraulikus<\/td>\n<\/tr>\n<tr>\n<th>Tan\u00fas\u00edtv\u00e1ny<\/th>\n<td>ISO9001:2000<\/td>\n<\/tr>\n<tr>\n<th>Teljes\u00edtm\u00e9ny<\/th>\n<td>Kiemelked\u0151 teljes\u00edtm\u00e9ny \u00e9s megb\u00edzhat\u00f3s\u00e1g<\/td>\n<\/tr>\n<tr>\n<th>Alkalmazhat\u00f3 ipar\u00e1gak<\/th>\n<td>Gy\u00e1rt\u00f3\u00fczemek, G\u00e9pjav\u00edt\u00f3 m\u0171helyek, Mez\u0151gazdas\u00e1g, Energia \u00e9s b\u00e1ny\u00e1szat, G\u00e9pgy\u00e1rt\u00e1s<\/td>\n<\/tr>\n<\/tbody>\n<\/table>\n<h2>A 10 tonn\u00e1s hidraulikus henger teleszk\u00f3pos hidraulikus henger\u00e9nek jellemz\u0151i<\/h2>\n<p><img decoding=\"async\" src=\"https:\/\/hzpt.com\/wp-content\/uploads\/2023\/11\/Inverted-Telescopic-Cylinder-8.webp\" alt=\"\" title=\"\"><\/p>\n<p>A hidraulikus henger sz\u00e1mos olyan tulajdons\u00e1ggal rendelkezik, amelyek kiemelik kateg\u00f3ri\u00e1j\u00e1ban. \u00cdme n\u00e9h\u00e1ny figyelemre m\u00e9lt\u00f3 k\u00f6z\u00fcl\u00fck:<\/p>\n<ol>\n<li>Standard dugatty\u00fas henger szerkezet: Biztos\u00edtja a hat\u00e9kony m\u0171k\u00f6d\u00e9st \u00e9s a tart\u00f3ss\u00e1got.<\/li>\n<li>Hidraulikus er\u0151forr\u00e1s: Nagy er\u0151t biztos\u00edt a neh\u00e9z terhek emel\u00e9s\u00e9hez.<\/li>\n<li>Ac\u00e9l test anyaga: Garant\u00e1lja a hossz\u00fa \u00e9lettartamot \u00e9s a kop\u00e1s\u00e1ll\u00f3s\u00e1got.<\/li>\n<li>3000-es maxim\u00e1lis tol\u00f3er\u0151: Optim\u00e1lis teljes\u00edtm\u00e9nyt biztos\u00edt neh\u00e9z alkalmaz\u00e1sokban.<\/li>\n<li>Egy \u00e9v garancia: Minden v\u00e1s\u00e1rl\u00e1skor nyugalmat biztos\u00edt.<\/li>\n<\/ol>\n<h2>A 10 tonn\u00e1s hidraulikus henger teleszk\u00f3pos hidraulikus henger\u00e9nek alkalmaz\u00e1sai<\/h2>\n<p>Ennek a hidraulikus hengernek a sokoldal\u00fas\u00e1ga lehet\u0151v\u00e9 teszi a k\u00fcl\u00f6nf\u00e9le alkalmaz\u00e1sokban val\u00f3 felhaszn\u00e1l\u00e1s\u00e1t. \u00cdme n\u00e9h\u00e1ny ezek k\u00f6z\u00fcl:<\/p>\n<ol>\n<li>D\u00f6mperek: Ide\u00e1lisak neh\u00e9z terhek emel\u00e9s\u00e9re.<\/li>\n<li>Gy\u00e1rt\u00f3\u00fczem: Hasznos neh\u00e9zg\u00e9pekhez \u00e9s berendez\u00e9sekhez.<\/li>\n<li>G\u00e9pjav\u00edt\u00f3 m\u0171helyek: T\u00f6k\u00e9letesek neh\u00e9zg\u00e9pek jav\u00edt\u00e1s\u00e1hoz \u00e9s karbantart\u00e1s\u00e1hoz.<\/li>\n<li>Gazdas\u00e1gok: Seg\u00edt a neh\u00e9z mez\u0151gazdas\u00e1gi berendez\u00e9sek \u00e9s g\u00e9pek emel\u00e9s\u00e9ben.<\/li>\n<li>Energia \u00e9s b\u00e1ny\u00e1szat: Alkalmas ig\u00e9nyes b\u00e1ny\u00e1szati \u200b\u200bm\u0171veletekhez.<\/li>\n<\/ol>\n<p><img decoding=\"async\" src=\"https:\/\/hzpt.com\/wp-content\/uploads\/2023\/11\/Inverted-Telescopic-Cylinder-Applications.webp\" alt=\"Ford\u00edtott teleszk\u00f3pos henger alkalmaz\u00e1sok\" title=\"\"><\/p>\n<h2>A 10 tonn\u00e1s hidraulikus henger teleszk\u00f3pos hidraulikus henger\u00e9nek m\u0171k\u00f6d\u00e9si elve \u00e9s karbantart\u00e1sa<\/h2>\n<p>A hidraulikus henger egyszer\u0171 elven m\u0171k\u00f6dik: a hidraulikafolyad\u00e9kot a hengerbe pump\u00e1lj\u00e1k, amely megnyomja a dugatty\u00fat, \u00e9s ez\u00e1ltal er\u0151t gener\u00e1l, amely mozgatja a terhet. A term\u00e9k karbantart\u00e1sa mag\u00e1ban foglalja a rendszeres ellen\u0151rz\u00e9seket, tiszt\u00edt\u00e1st, ken\u00e9st \u00e9s a t\u00f6m\u00edt\u00e9sek cser\u00e9j\u00e9t a kezel\u00e9si \u00fatmutat\u00f3 szerint. A rendszeres ellen\u0151rz\u00e9sek \u00e9s jav\u00edt\u00e1sok biztos\u00edtj\u00e1k a henger hossz\u00fa \u00e9lettartam\u00e1t \u00e9s optim\u00e1lis teljes\u00edtm\u00e9ny\u00e9t.<\/p>\n<p><img decoding=\"async\" src=\"https:\/\/hzpt.com\/wp-content\/uploads\/2023\/11\/Inverted-Telescopic-Cylinder-2.webp\" alt=\"\" title=\"\"><\/p>\n<h2>Ford\u00edtott teleszk\u00f3pos henger<\/h2>\n<p>Az invert\u00e1lt teleszk\u00f3pos henger, m\u00e1s n\u00e9ven ford\u00edtott teleszk\u00f3pos henger, egy olyan hidraulikus henger, amelyet \u00e1ltal\u00e1ban d\u00f6mperekben \u00e9s m\u00e1s neh\u00e9zg\u00e9pekben haszn\u00e1lnak. \u00dagy tervezt\u00e9k, hogy kiv\u00e1l\u00f3 min\u0151s\u00e9get \u00e9s megb\u00edzhat\u00f3 teljes\u00edtm\u00e9nyt ny\u00fajtson, k\u00fcl\u00f6n\u00f6sen olyan alkalmaz\u00e1sokban, amelyek nagy emel\u0151kapacit\u00e1st \u00e9s tart\u00f3ss\u00e1got ig\u00e9nyelnek.<\/p>\n<p>\u00cdme a kiv\u00e1l\u00f3 min\u0151s\u00e9g\u0171 10 tonn\u00e1s hidraulikus hengeres teleszk\u00f3pos hidraulikus henger n\u00e9h\u00e1ny f\u0151bb jellemz\u0151je \u00e9s el\u0151nye d\u00f6mperekhez:<\/p>\n<ol>\n<li><strong>Teleszk\u00f3pos kialak\u00edt\u00e1s:<\/strong> A ford\u00edtott teleszk\u00f3pos henger t\u00f6bb szakaszb\u00f3l vagy szakaszb\u00f3l \u00e1ll, amelyek \u00f6sszecsukhat\u00f3k \u00e9s kit\u00e1gulhatnak, \u00edgy nagyobb mozg\u00e1startom\u00e1nyt \u00e9s rugalmass\u00e1got biztos\u00edtanak. Ez a kialak\u00edt\u00e1s lehet\u0151v\u00e9 teszi a henger sz\u00e1m\u00e1ra, hogy hosszabb l\u00f6ketet \u00e9rjen el, mik\u00f6zben meg\u0151rzi kompakt m\u00e9ret\u00e9t.<\/li>\n<li><strong>Nagy teherb\u00edr\u00e1s:<\/strong> Robusztus konstrukci\u00f3j\u00e1nak \u00e9s fejlett m\u00e9rn\u00f6ki munk\u00e1j\u00e1nak k\u00f6sz\u00f6nhet\u0151en ez a hidraulikus henger 10 tonna emel\u0151kapacit\u00e1ssal rendelkezik, \u00edgy ide\u00e1lis neh\u00e9z terhek kezel\u00e9s\u00e9hez d\u00f6mperekben. Megb\u00edzhat\u00f3 \u00e9s hat\u00e9kony emel\u00e9si teljes\u00edtm\u00e9nyt ny\u00fajt, biztos\u00edtva az anyagok sima \u00e9s ellen\u0151rz\u00f6tt \u00fcr\u00edt\u00e9s\u00e9t.<\/li>\n<li><strong>Fokozott stabilit\u00e1s:<\/strong> A ford\u00edtott teleszk\u00f3pos henger kiv\u00e1l\u00f3 stabilit\u00e1st biztos\u00edt emel\u00e9si \u00e9s \u00fcr\u00edt\u00e9si m\u0171veletek sor\u00e1n. Massz\u00edv dugatty\u00far\u00faddal \u00e9s hengercs\u0151vel, valamint kiv\u00e1l\u00f3 min\u0151s\u00e9g\u0171 t\u00f6m\u00edt\u00e9sekkel rendelkezik a sziv\u00e1rg\u00e1s megakad\u00e1lyoz\u00e1sa \u00e9s a henger teljes nyom\u00e1s\u00e1nak \u00e1lland\u00f3 szinten tart\u00e1sa \u00e9rdek\u00e9ben.<\/li>\n<li><strong>Hossz\u00fa \u00e9lettartam:<\/strong> Tart\u00f3s anyagokb\u00f3l \u00e9s prec\u00edzi\u00f3s gy\u00e1rt\u00e1si technik\u00e1kb\u00f3l k\u00e9sz\u00fclt, ez a hidraulikus henger kiv\u00e9teles hossz\u00fa \u00e9lettartamot \u00e9s megb\u00edzhat\u00f3s\u00e1got k\u00edn\u00e1l. Ellen\u00e1ll a zord munkak\u00f6r\u00fclm\u00e9nyeknek, bele\u00e9rtve a neh\u00e9z terhel\u00e9seket, a nagy nyom\u00e1st \u00e9s a gyakori haszn\u00e1latot, an\u00e9lk\u00fcl, hogy a teljes\u00edtm\u00e9nye vagy a szerkezeti integrit\u00e1sa vesz\u00e9lybe ker\u00fclne.<\/li>\n<li><strong>K\u00f6nny\u0171 karbantart\u00e1s:<\/strong> A kiv\u00e1l\u00f3 min\u0151s\u00e9g\u0171, 10 tonn\u00e1s, teleszk\u00f3pos hidraulikus henger d\u00f6mperekhez a k\u00f6nny\u0171 karbantart\u00e1s jegy\u00e9ben k\u00e9sz\u00fclt. K\u00f6nnyen hozz\u00e1f\u00e9rhet\u0151 alkatr\u00e9szeket \u00e9s egyszer\u0171 szervizel\u00e9si elj\u00e1r\u00e1sokat tartalmaz, lehet\u0151v\u00e9 t\u00e9ve a gyors ellen\u0151rz\u00e9st, jav\u00edt\u00e1st \u00e9s sz\u00fcks\u00e9g eset\u00e9n a cser\u00e9t.<\/li>\n<\/ol>\n<p>\u00d6sszefoglalva, a ford\u00edtott teleszk\u00f3pos henger elengedhetetlen alkatr\u00e9sz a d\u00f6mperekben, megb\u00edzhat\u00f3 emel\u00e9si \u00e9s \u00fcr\u00edt\u00e9si k\u00e9pess\u00e9geket biztos\u00edtva. Teleszk\u00f3pos kialak\u00edt\u00e1s\u00e1nak, nagy emel\u0151kapacit\u00e1s\u00e1nak, stabilit\u00e1s\u00e1nak, tart\u00f3ss\u00e1g\u00e1nak \u00e9s k\u00f6nny\u0171 karbantart\u00e1s\u00e1nak k\u00f6sz\u00f6nhet\u0151en kiv\u00e1l\u00f3 min\u0151s\u00e9get \u00e9s teljes\u00edtm\u00e9nyt k\u00edn\u00e1l k\u00fcl\u00f6nf\u00e9le neh\u00e9z ig\u00e9nybev\u00e9tel\u0171 alkalmaz\u00e1sokhoz. Fektessen be a kiv\u00e1l\u00f3 min\u0151s\u00e9g\u0171 10 tonn\u00e1s hidraulikus hengerbe, a d\u00f6mperekhez val\u00f3 teleszk\u00f3pos hidraulikus hengerbe, hogy biztos\u00edtsa berendez\u00e9sei hat\u00e9kony \u00e9s megb\u00edzhat\u00f3 m\u0171k\u00f6d\u00e9s\u00e9t.<\/p>\n<h3>Az FMP-r\u0151l<\/h3>\n<p>Az FMP Olaszorsz\u00e1g vezet\u0151 v\u00e1llalata, amely \u00e9p\u00edt\u0151ipari g\u00e9palkatr\u00e9szek \u00e9s komplett g\u00e9pek \u00e9rt\u00e9kes\u00edt\u00e9s\u00e9re \u00e9s szervizel\u00e9s\u00e9re specializ\u00e1l\u00f3dott. Az ipar\u00e1gban szerzett sok\u00e9ves tapasztalattal \u00e9s szakemberg\u00e1rd\u00e1val kiv\u00e1l\u00f3 min\u0151s\u00e9g\u0171 \u00e9s megb\u00edzhat\u00f3 megold\u00e1sokat k\u00edn\u00e1lunk \u00fcgyfeleinknek.<\/p>\n<h3>Hidraulikus henger<\/h3>\n<p>Az egyik f\u0151 term\u00e9k\u00fcnk a hidraulikus henger. Hengereink kiv\u00e1l\u00f3 min\u0151s\u00e9g\u0171 anyagokb\u00f3l k\u00e9sz\u00fclnek, \u00e9s \u00fagy vannak kialak\u00edtva, hogy ellen\u00e1lljanak a sz\u00e9ls\u0151s\u00e9ges nyom\u00e1snak \u00e9s a nagy terhel\u00e9seknek. \u00cdme \u00f6t ok, ami\u00e9rt \u00e9rdemes az FMP hidraulikus hengert v\u00e1lasztania:<\/p>\n<ol>\n<li><strong>Kiv\u00e1l\u00f3 min\u0151s\u00e9g\u0171 anyagok:<\/strong> Hidraulikus hengereink kiv\u00e1l\u00f3 min\u0151s\u00e9g\u0171 anyagokb\u00f3l k\u00e9sz\u00fclnek, amelyek tart\u00f3ss\u00e1got \u00e9s hossz\u00fa t\u00e1v\u00fa teljes\u00edtm\u00e9nyt biztos\u00edtanak. Kiz\u00e1r\u00f3lag a legjobb anyagokat haszn\u00e1ljuk annak \u00e9rdek\u00e9ben, hogy hengereink a legmostoh\u00e1bb k\u00f6r\u00fclm\u00e9nyeknek is ellen\u00e1lljanak.<\/li>\n<li><strong>Testreszabhat\u00f3:<\/strong> Sz\u00e9les v\u00e1laszt\u00e9kban k\u00edn\u00e1lunk hidraulikus hengereket, amelyeket az \u00d6n egyedi ig\u00e9nyeihez igaz\u00edthatunk. Hengereink k\u00fcl\u00f6nb\u00f6z\u0151 m\u00e9retekben, form\u00e1kban \u00e9s kivitelekben kaphat\u00f3k, \u00e9s seg\u00edt\u00fcnk kiv\u00e1lasztani az \u00d6n alkalmaz\u00e1s\u00e1hoz legink\u00e1bb ill\u0151t.<\/li>\n<li><strong>Megb\u00edzhat\u00f3s\u00e1g:<\/strong> Hidraulikus hengereinket \u00fagy tervezt\u00fck, hogy m\u00e9g a legnehezebb k\u00f6r\u00fclm\u00e9nyek k\u00f6z\u00f6tt is megb\u00edzhat\u00f3 teljes\u00edtm\u00e9nyt ny\u00fajtsanak. Meg\u00e9rtj\u00fck a megb\u00edzhat\u00f3s\u00e1g fontoss\u00e1g\u00e1t, \u00e9s minden sz\u00fcks\u00e9ges int\u00e9zked\u00e9st megtesz\u00fcnk annak \u00e9rdek\u00e9ben, hogy hengereink megfeleljenek a feladatnak.<\/li>\n<li><strong>Szak\u00e9rt\u0151i konzult\u00e1ci\u00f3:<\/strong> \u00c9rt\u00e9kes\u00edt\u00e9si csapatunk az \u00e9p\u00edt\u0151ipari g\u00e9pipar szak\u00e9rt\u0151ib\u0151l \u00e1ll. Ismerik a leg\u00fajabb trendeket, \u00e9s professzion\u00e1lis tan\u00e1csokkal tudnak szolg\u00e1lni a megfelel\u0151 hidraulikus henger kiv\u00e1laszt\u00e1s\u00e1ban.<\/li>\n<li><strong>Hat\u00e9kony logisztika:<\/strong> Hat\u00e9kony logisztikai eloszt\u00e1si rendszer\u00fcnk biztos\u00edtja, hogy hidraulikus henger\u00e9t id\u0151ben \u00e9s pontosan megkapja. Meg\u00e9rtj\u00fck az id\u0151ben t\u00f6rt\u00e9n\u0151 sz\u00e1ll\u00edt\u00e1s fontoss\u00e1g\u00e1t, \u00e9s minden sz\u00fcks\u00e9ges int\u00e9zked\u00e9st megtesz\u00fcnk annak \u00e9rdek\u00e9ben, hogy megrendel\u00e9se id\u0151ben meg\u00e9rkezzen.<\/li>\n<\/ol>\n<p>Ha megb\u00edzhat\u00f3 \u00e9s kiv\u00e1l\u00f3 min\u0151s\u00e9g\u0171 hidraulikus hengert keres, az FMP a t\u00f6k\u00e9letes v\u00e1laszt\u00e1s. Rendelkez\u00fcnk a sz\u00fcks\u00e9ges tapasztalattal \u00e9s szak\u00e9rtelemmel, hogy az \u00d6n ig\u00e9nyeinek t\u00f6k\u00e9letes megold\u00e1st k\u00edn\u00e1ljuk.<\/p>\n<p><img decoding=\"async\" src=\"https:\/\/fmp-components.com\/wp-content\/uploads\/2024\/12\/Adjustable-Clevis-Type-Cylinders-6.webp\" alt=\"\u00c1ll\u00edthat\u00f3 kengyeles henger\" width=\"834\" title=\"\"><br \/>\nSzerz\u0151: CX<\/p>","protected":false},"excerpt":{"rendered":"<p>Introducing the Excellent Quality 10 Ton Hydraulic Cylinder Telescopic Hydraulic Cylinder for Dump Truck The Excellent Quality 10 Ton Hydraulic Cylinder Telescopic Hydraulic Cylinder for Dump Truck is a high-performance and durable hydraulic cylinder designed specifically for dump trucks. With its advanced telescopic design, this hydraulic cylinder allows for smooth and efficient lifting and dumping [&hellip;]<\/p>","protected":false},"featured_media":1666,"comment_status":"closed","ping_status":"closed","template":"","meta":{"_et_pb_use_builder":"","_et_pb_old_content":"","_et_gb_content_width":""},"product_brand":[],"product_cat":[45],"product_tag":[34,48],"class_list":{"0":"post-1665","1":"product","2":"type-product","3":"status-publish","4":"has-post-thumbnail","6":"product_cat-inverted-telescopic-cylinder","7":"product_tag-hydraulic-cylinder","8":"product_tag-inverted-telescopic-cylinder","10":"first","11":"instock","12":"product-type-simple"},"_links":{"self":[{"href":"https:\/\/fmp-components.com\/hu\/wp-json\/wp\/v2\/product\/1665","targetHints":{"allow":["GET"]}}],"collection":[{"href":"https:\/\/fmp-components.com\/hu\/wp-json\/wp\/v2\/product"}],"about":[{"href":"https:\/\/fmp-components.com\/hu\/wp-json\/wp\/v2\/types\/product"}],"replies":[{"embeddable":true,"href":"https:\/\/fmp-components.com\/hu\/wp-json\/wp\/v2\/comments?post=1665"}],"wp:featuredmedia":[{"embeddable":true,"href":"https:\/\/fmp-components.com\/hu\/wp-json\/wp\/v2\/media\/1666"}],"wp:attachment":[{"href":"https:\/\/fmp-components.com\/hu\/wp-json\/wp\/v2\/media?parent=1665"}],"wp:term":[{"taxonomy":"product_brand","embeddable":true,"href":"https:\/\/fmp-components.com\/hu\/wp-json\/wp\/v2\/product_brand?post=1665"},{"taxonomy":"product_cat","embeddable":true,"href":"https:\/\/fmp-components.com\/hu\/wp-json\/wp\/v2\/product_cat?post=1665"},{"taxonomy":"product_tag","embeddable":true,"href":"https:\/\/fmp-components.com\/hu\/wp-json\/wp\/v2\/product_tag?post=1665"}],"curies":[{"name":"munkaf\u00fczet","href":"https:\/\/api.w.org\/{rel}","templated":true}]}}