{"id":1663,"date":"2024-12-23T07:00:44","date_gmt":"2024-12-23T07:00:44","guid":{"rendered":"https:\/\/fmp-components.com\/product\/hot-sale-hydraulic-telescopic-cylinder-dump-trailer-hydraulic-cylinder\/"},"modified":"2025-03-11T06:07:26","modified_gmt":"2025-03-11T06:07:26","slug":"hot-sale-hydraulic-telescopic-cylinder-dump-trailer-hydraulic-cylinder","status":"publish","type":"product","link":"https:\/\/fmp-components.com\/hu\/product\/hot-sale-hydraulic-telescopic-cylinder-dump-trailer-hydraulic-cylinder\/","title":{"rendered":"Forr\u00f3 elad\u00f3 hidraulikus teleszk\u00f3pos hengeres billen\u0151p\u00f3tkocsi hidraulikus henger"},"content":{"rendered":"<p>A forr\u00f3 elad\u00e1s\u00fa hidraulikus teleszk\u00f3pos hengeres d\u00f6mper ut\u00e1nfut\u00f3 hidraulikus henger egy kiv\u00e1l\u00f3 min\u0151s\u00e9g\u0171 hidraulikus henger, amelyet d\u00f6mper ut\u00e1nfut\u00f3khoz terveztek. Nagy szil\u00e1rds\u00e1g\u00fa anyagokb\u00f3l k\u00e9sz\u00fclt, \u00e9s k\u00e9pes ellen\u00e1llni a neh\u00e9z terhel\u00e9seknek \u00e9s a zord munkak\u00f6r\u00fclm\u00e9nyeknek. Ez a hidraulikus henger fejlett technol\u00f3gi\u00e1val k\u00e9sz\u00fclt, ami megb\u00edzhat\u00f3 teljes\u00edtm\u00e9nyt \u00e9s hossz\u00fa \u00e9lettartamot biztos\u00edt.<\/p>\n<p>A Hot Sale hidraulikus teleszk\u00f3pos hengeres d\u00f6mper ut\u00e1nfut\u00f3 hidraulikus henger teleszk\u00f3pos kialak\u00edt\u00e1s\u00fa, amely hosszabb l\u00f6ketet \u00e9s kisebb beh\u00fazott hossz\u00fas\u00e1got tesz lehet\u0151v\u00e9, \u00edgy ide\u00e1lis v\u00e1laszt\u00e1s korl\u00e1tozott hellyel rendelkez\u0151 d\u00f6mper ut\u00e1nfut\u00f3khoz. Nagynyom\u00e1s\u00fa t\u00f6m\u00edt\u00e9ssel is fel van szerelve, amely megakad\u00e1lyozza az olajsziv\u00e1rg\u00e1st \u00e9s biztos\u00edtja a z\u00f6kken\u0151mentes m\u0171k\u00f6d\u00e9st.<\/p>\n<p>Ez a hidraulikus henger k\u00f6nnyen telep\u00edthet\u0151 \u00e9s karbantarthat\u00f3, \u00edgy k\u00f6lts\u00e9ghat\u00e9kony megold\u00e1st k\u00edn\u00e1l a d\u00f6mperek tulajdonosai sz\u00e1m\u00e1ra, akik jav\u00edtani szeretn\u00e9k berendez\u00e9seik teljes\u00edtm\u00e9ny\u00e9t. K\u00fcl\u00f6nb\u00f6z\u0151 m\u00e9retekben kaphat\u00f3, hogy megfeleljen a k\u00fcl\u00f6nb\u00f6z\u0151 ig\u00e9nyeknek, \u00e9s testreszabhat\u00f3 az adott ig\u00e9nyeknek megfelel\u0151en.<\/p>\n<p>\u00d6sszess\u00e9g\u00e9ben a Hot Sale hidraulikus teleszk\u00f3pos hengeres d\u00f6mper ut\u00e1nfut\u00f3 hidraulikus hengere egy megb\u00edzhat\u00f3 \u00e9s hat\u00e9kony hidraulikus henger, amely seg\u00edthet a d\u00f6mper ut\u00e1nfut\u00f3k teljes\u00edtm\u00e9ny\u00e9nek n\u00f6vel\u00e9s\u00e9ben. Nagyszer\u0171 befektet\u00e9s mindazok sz\u00e1m\u00e1ra, akik jav\u00edtani szeretn\u00e9k d\u00f6mper ut\u00e1nfut\u00f3ik m\u0171k\u00f6d\u00e9s\u00e9t \u00e9s termel\u00e9kenys\u00e9g\u00e9t.<\/p>\n<div>\n<h2>Cs\u00facskateg\u00f3ri\u00e1s hidraulikus teleszk\u00f3pos hengeres d\u00f6mper p\u00f3tkocsi hidraulikus henger<\/h2>\n<table style=\"width: 100%;\" border=\"1\" width=\"100%\" cellspacing=\"0\" cellpadding=\"0\">\n<tbody>\n<tr>\n<th>Term\u00e9k neve<\/th>\n<td>Hidraulikus teleszk\u00f3pos hengeres d\u00f6mper p\u00f3tkocsi hidraulikus henger<\/td>\n<\/tr>\n<tr>\n<th>\u00c1llapot<\/th>\n<td>\u00daj<\/td>\n<\/tr>\n<tr>\n<th>Anyag<\/th>\n<td>Robusztus ac\u00e9l<\/td>\n<\/tr>\n<tr>\n<th>Max. tol\u00f3er\u0151<\/th>\n<td>3000<\/td>\n<\/tr>\n<tr>\n<th>Max. h\u00faz\u00f3er\u0151<\/th>\n<td>20 tonna<\/td>\n<\/tr>\n<tr>\n<th>Tan\u00fas\u00edtv\u00e1ny<\/th>\n<td>ISO9001:2000<\/td>\n<\/tr>\n<tr>\n<th>Furatm\u00e9ret<\/th>\n<td>2-6 h\u00fcvelyk<\/td>\n<\/tr>\n<tr>\n<th>R\u00fad m\u00e9rete<\/th>\n<td>1,125-4 h\u00fcvelyk<\/td>\n<\/tr>\n<tr>\n<th>Ecsetvon\u00e1s m\u00e9rete<\/th>\n<td>6-48 h\u00fcvelyk<\/td>\n<\/tr>\n<tr>\n<th>Cs\u00edp\u0151m\u00e9ret<\/th>\n<td>0,5-2 h\u00fcvelyk<\/td>\n<\/tr>\n<tr>\n<th>Sz\u00edn<\/th>\n<td>Eleg\u00e1ns fekete<\/td>\n<\/tr>\n<tr>\n<th>Alkalmazhat\u00f3 ipar\u00e1gak<\/th>\n<td>Gy\u00e1rt\u00f3\u00fczemek, G\u00e9pjav\u00edt\u00f3 m\u0171helyek, Mez\u0151gazdas\u00e1g, Energia \u00e9s b\u00e1ny\u00e1szat, G\u00e9pgy\u00e1rak<\/td>\n<\/tr>\n<\/tbody>\n<\/table>\n<h2>Hidraulikus teleszk\u00f3pos henger\u00fcnk f\u0151bb jellemz\u0151i<\/h2>\n<ul>\n<li>Rendk\u00edv\u00fcl sokoldal\u00fa, sz\u00e1mos ipar\u00e1gban alkalmazhat\u00f3<\/li>\n<li>Kiemelked\u0151 teherb\u00edr\u00e1s, maxim\u00e1lis tol\u00f3er\u0151 3000 \u00e9s maxim\u00e1lis h\u00faz\u00f3er\u0151 20 tonna<\/li>\n<li>Standard szerkezet \u00e9s hidraulikus teljes\u00edtm\u00e9ny az optim\u00e1lis teljes\u00edtm\u00e9ny \u00e9rdek\u00e9ben<\/li>\n<li>Robusztus ac\u00e9lb\u00f3l k\u00e9sz\u00fclt a tart\u00f3ss\u00e1g \u00e9s a hossz\u00fa \u00e9lettartam \u00e9rdek\u00e9ben<\/li>\n<li>ISO9001:2000 tan\u00fas\u00edtv\u00e1nnyal rendelkezik, amely biztos\u00edtja a min\u0151s\u00e9get \u00e9s a nemzetk\u00f6zi szabv\u00e1nyoknak val\u00f3 megfelel\u00e9st<\/li>\n<\/ul>\n<p><img decoding=\"async\" src=\"https:\/\/hzpt.com\/wp-content\/uploads\/2023\/11\/Inverted-Telescopic-Cylinder-15.webp\" alt=\"\" title=\"\"><\/p>\n<h2>A hidraulikus teleszk\u00f3pos hengeres billen\u0151p\u00f3tkocsi hidraulikus henger\u00e9nek alkalmaz\u00e1sai<\/h2>\n<ul>\n<li>G\u00e9pgy\u00e1rt\u00e1shoz \u00e9s -\u00f6sszeszerel\u00e9shez haszn\u00e1lt gy\u00e1rt\u00f3\u00fczemek<\/li>\n<li>G\u00e9pjav\u00edt\u00f3 m\u0171helyek berendez\u00e9sek karbantart\u00e1s\u00e1hoz \u00e9s fel\u00faj\u00edt\u00e1s\u00e1hoz<\/li>\n<li>Neh\u00e9z mez\u0151gazdas\u00e1gi g\u00e9peket gy\u00e1rt\u00f3 gazdas\u00e1gok<\/li>\n<li>Energia- \u00e9s b\u00e1ny\u00e1szati \u200b\u200bipar\u00e1gak f\u00f6ldmunk\u00e1k \u00e9s f\u00far\u00f3berendez\u00e9sek sz\u00e1m\u00e1ra<\/li>\n<li>G\u00e9pgy\u00e1rak cs\u00facskateg\u00f3ri\u00e1s ipari berendez\u00e9sek gy\u00e1rt\u00e1s\u00e1hoz<\/li>\n<\/ul>\n<p><img decoding=\"async\" src=\"https:\/\/hzpt.com\/wp-content\/uploads\/2023\/11\/Inverted-Telescopic-Cylinder-Applications.webp\" alt=\"Ford\u00edtott teleszk\u00f3pos henger alkalmaz\u00e1sok\" title=\"\"><\/p>\n<h2>M\u0171k\u00f6d\u00e9si elv \u00e9s karbantart\u00e1s<\/h2>\n<p>A hidraulikus teleszk\u00f3pos henger a folyad\u00e9kkompresszi\u00f3 egyszer\u0171 elv\u00e9n m\u0171k\u00f6dik. Amikor hidraulikus folyad\u00e9k jut a hengerbe egy ny\u00edl\u00e1son kereszt\u00fcl, nyom\u00e1s keletkezik, amely megny\u00fajtja a dugatty\u00farudat \u00e9s kimeneti er\u0151t gener\u00e1l. Ez az er\u0151teljes er\u0151 sz\u00e1mos alkalmaz\u00e1shoz hasznos\u00edthat\u00f3, a neh\u00e9z terhek emel\u00e9s\u00e9t\u0151l az \u00f6sszetett g\u00e9pek \u00fczemeltet\u00e9s\u00e9ig.<\/p>\n<p>A rendszeres karbantart\u00e1s elengedhetetlen az optim\u00e1lis teljes\u00edtm\u00e9ny \u00e9s a hossz\u00fa \u00e9lettartam \u00e9rdek\u00e9ben. Ez mag\u00e1ban foglalja a rendszeres ellen\u0151rz\u00e9seket a kop\u00e1s vagy s\u00e9r\u00fcl\u00e9s jeleinek \u00e9szlel\u00e9se \u00e9rdek\u00e9ben, a por \u00e9s t\u00f6rmel\u00e9k elt\u00e1vol\u00edt\u00e1s\u00e1ra szolg\u00e1l\u00f3 tiszt\u00edt\u00e1st, a s\u00farl\u00f3d\u00e1s cs\u00f6kkent\u00e9s\u00e9re \u00e9s a kop\u00e1s megel\u0151z\u00e9s\u00e9re szolg\u00e1l\u00f3 ken\u00e9st, valamint a t\u00f6m\u00edt\u00e9sek rendszeres cser\u00e9j\u00e9t. A konkr\u00e9t karbantart\u00e1si utas\u00edt\u00e1sokat mindig a haszn\u00e1lati \u00fatmutat\u00f3ban tal\u00e1lja.<\/p>\n<p><img decoding=\"async\" src=\"https:\/\/hzpt.com\/wp-content\/uploads\/2023\/11\/Inverted-Telescopic-Cylinder-3.webp\" alt=\"\" title=\"\"><\/p>\n<\/div>\n<h2>Ford\u00edtott teleszk\u00f3pos henger<\/h2>\n<p>Az invert\u00e1lt teleszk\u00f3pos henger, m\u00e1s n\u00e9ven hidraulikus teleszk\u00f3pos henger, egyfajta hidraulikus m\u0171k\u00f6dtet\u0151, amelyet gyakran haszn\u00e1lnak k\u00fcl\u00f6nf\u00e9le ipar\u00e1gakban. Egym\u00e1sba \u00e1gyazott hengeres szakaszok sorozat\u00e1b\u00f3l \u00e1ll, amelyek kiny\u00falnak \u00e9s visszah\u00faz\u00f3dnak, hogy line\u00e1ris mozg\u00e1st biztos\u00edtsanak. Ezeket a hengereket sz\u00e9les k\u00f6rben haszn\u00e1lj\u00e1k olyan alkalmaz\u00e1sokban, ahol kompakt \u00e9s hat\u00e9kony hidraulikus rendszerre van sz\u00fcks\u00e9g.<\/p>\n<p>A ford\u00edtott teleszk\u00f3pos hengerek haszn\u00e1lat\u00e1nak sz\u00e1mos f\u0151 jellemz\u0151je \u00e9s el\u0151nye van:<\/p>\n<ol>\n<li style=\"list-style-type: none;\">\n<ol>\n<li>Hat\u00e9kony kialak\u00edt\u00e1s: A be\u00e1gyazott henger kialak\u00edt\u00e1s kisebb \u00f6sszecsukhat\u00f3 hossz\u00fas\u00e1got tesz lehet\u0151v\u00e9 m\u00e1s t\u00edpus\u00fa hidraulikus hengerekhez k\u00e9pest. Ez a kompakt kialak\u00edt\u00e1s k\u00fcl\u00f6n\u00f6sen el\u0151ny\u00f6s a helysz\u0171k\u00e9ben l\u00e9v\u0151 alkalmaz\u00e1sokban.<\/li>\n<\/ol>\n<\/li>\n<\/ol>\n<p>Forr\u00f3 elad\u00f3 hidraulikus teleszk\u00f3pos henger<\/p>\n<ol>\n<li style=\"list-style-type: none;\">\n<ol>\n<li>Kiv\u00e1l\u00f3 szil\u00e1rds\u00e1g: A ford\u00edtott teleszk\u00f3pos hengerek nagy terhel\u00e9sek \u00e9s nagy nyom\u00e1s elvisel\u00e9s\u00e9re lettek tervezve. A kiv\u00e1l\u00f3 min\u0151s\u00e9g\u0171 anyagok \u00e9s a prec\u00edz gy\u00e1rt\u00e1si technik\u00e1k biztos\u00edtj\u00e1k tart\u00f3ss\u00e1gukat \u00e9s megb\u00edzhat\u00f3s\u00e1gukat.<\/li>\n<li>Fokozott stabilit\u00e1s: A henger egym\u00e1sba \u00e1gyazott r\u00e9szei fokozott stabilit\u00e1st biztos\u00edtanak m\u0171k\u00f6d\u00e9s k\u00f6zben. Ez a tulajdons\u00e1g kulcsfontoss\u00e1g\u00fa azokn\u00e1l az alkalmaz\u00e1sokn\u00e1l, amelyek prec\u00edz \u00e9s kontroll\u00e1lt mozg\u00e1sokat ig\u00e9nyelnek.<\/li>\n<li>Sima m\u0171k\u00f6d\u00e9s: A ford\u00edtott teleszk\u00f3pos hengerek hidraulikus folyad\u00e9kot haszn\u00e1lnak a kiny\u00fajt\u00e1shoz \u00e9s visszah\u00faz\u00e1shoz, ami sima \u00e9s k\u00f6vetkezetes mozg\u00e1st eredm\u00e9nyez. Ez lehet\u0151v\u00e9 teszi a prec\u00edz pozicion\u00e1l\u00e1st \u00e9s cs\u00f6kkenti a rendszer kop\u00e1s\u00e1t.<\/li>\n<li>V\u00e1ltoztathat\u00f3 l\u00f6kethossz: Ezek a hengerek rugalmasan \u00e1ll\u00edthat\u00f3 l\u00f6kethosszt k\u00edn\u00e1lnak az adott alkalmaz\u00e1si k\u00f6vetelm\u00e9nyeknek megfelel\u0151en. Ez az \u00e1ll\u00edthat\u00f3s\u00e1g lehet\u0151v\u00e9 teszi az egyedi megold\u00e1sokat \u00e9s a jobb hat\u00e9konys\u00e1got.<\/li>\n<li>Sokoldal\u00fa alkalmaz\u00e1sok: A ford\u00edtott teleszk\u00f3pos hengerek sz\u00e1mos ipar\u00e1gban alkalmazhat\u00f3k, bele\u00e9rtve az \u00e9p\u00edt\u0151ipar, a mez\u0151gazdas\u00e1g, az anyagmozgat\u00e1s \u00e9s a sz\u00e1ll\u00edt\u00e1s. \u00c1ltal\u00e1ban d\u00f6mperekben, hidraulikus pr\u00e9sekben \u00e9s emel\u0151berendez\u00e9sekben haszn\u00e1lj\u00e1k \u0151ket.<\/li>\n<\/ol>\n<\/li>\n<\/ol>\n<p>Billen\u0151 p\u00f3tkocsi hidraulikus henger<\/p>\n<ol>\n<li>K\u00f6nny\u0171 karbantart\u00e1s: A ford\u00edtott teleszk\u00f3pos hengerek kialak\u00edt\u00e1sa leegyszer\u0171s\u00edti a karbantart\u00e1si elj\u00e1r\u00e1sokat. Az egym\u00e1sba \u00e1gyazott r\u00e9szek k\u00f6nnyen sz\u00e9tszerelhet\u0151k ellen\u0151rz\u00e9s, jav\u00edt\u00e1s vagy az alkatr\u00e9szek cser\u00e9je c\u00e9lj\u00e1b\u00f3l, cs\u00f6kkentve az \u00e1ll\u00e1sid\u0151t.<\/li>\n<\/ol>\n<p>\u00d6sszess\u00e9g\u00e9ben a ford\u00edtott teleszk\u00f3pos henger egy sokoldal\u00fa \u00e9s hat\u00e9kony hidraulikus m\u0171k\u00f6dtet\u0151, amely sz\u00e1mos el\u0151nnyel j\u00e1r a k\u00fcl\u00f6nb\u00f6z\u0151 alkalmaz\u00e1sokban. Kompakt kialak\u00edt\u00e1sa, kiv\u00e1l\u00f3 szil\u00e1rds\u00e1ga \u00e9s sima m\u0171k\u00f6d\u00e9se n\u00e9pszer\u0171 v\u00e1laszt\u00e1ss\u00e1 teszi azokban az ipar\u00e1gakban, ahol prec\u00edz line\u00e1ris mozg\u00e1sra van sz\u00fcks\u00e9g. Legyen sz\u00f3 billen\u0151p\u00f3tkocsi hidraulikus henger\u00e9r\u0151l vagy b\u00e1rmilyen m\u00e1s alkalmaz\u00e1sr\u00f3l, ezek a hengerek megb\u00edzhat\u00f3 teljes\u00edtm\u00e9nyt ny\u00fajtanak, \u00e9s hozz\u00e1j\u00e1rulnak a hidraulikus rendszerek \u00e1ltal\u00e1nos termel\u00e9kenys\u00e9g\u00e9hez.<\/p>\n<h3>Az FMP-r\u0151l \u2013 Hidraulikus hengerek professzion\u00e1lis gy\u00e1rt\u00f3ja \u00e9s elad\u00f3ja<\/h3>\n<p>Megb\u00edzhat\u00f3 \u00e9s kiv\u00e1l\u00f3 min\u0151s\u00e9g\u0171 hidraulikus hengert keres \u00e9p\u00edt\u0151ipari g\u00e9peihez? Ne keressen tov\u00e1bb, az FMP a t\u00f6k\u00e9letes v\u00e1laszt\u00e1s! \u00c9p\u00edt\u0151ipari g\u00e9palkatr\u00e9szek \u00e9s komplett g\u00e9pek professzion\u00e1lis gy\u00e1rt\u00f3jak\u00e9nt \u00e9s \u00e9rt\u00e9kes\u00edt\u0151jek\u00e9nt sz\u00e9les v\u00e1laszt\u00e9kban k\u00edn\u00e1lunk hidraulikus hengereket, amelyeket a k\u00fcl\u00f6nf\u00e9le alkalmaz\u00e1sok ig\u00e9nyeinek kiel\u00e9g\u00edt\u00e9s\u00e9re tervezt\u00fcnk.<\/p>\n<p>\u00cdme n\u00e9h\u00e1ny ok, ami\u00e9rt \u00e9rdemes az FMP hidraulikus hengereit v\u00e1lasztania:<\/p>\n<p>1. Kiv\u00e1l\u00f3 min\u0151s\u00e9g\u0171 anyagok \u2013 Hidraulikus hengereink kiv\u00e1l\u00f3 min\u0151s\u00e9g\u0171 anyagokb\u00f3l k\u00e9sz\u00fclnek a tart\u00f3ss\u00e1g, a megb\u00edzhat\u00f3s\u00e1g \u00e9s a hossz\u00fa \u00e9lettartam biztos\u00edt\u00e1sa \u00e9rdek\u00e9ben. Anyagainkat kiv\u00e1l\u00f3 min\u0151s\u00e9g\u0171 belf\u00f6ldi \u00e9s k\u00fclf\u00f6ldi besz\u00e1ll\u00edt\u00f3kt\u00f3l szerezz\u00fck be, \u00e9s szigor\u00fa min\u0151s\u00e9gellen\u0151rz\u00e9si szabv\u00e1nyoknak vetj\u00fck al\u00e1 \u0151ket.<\/p>\n<p>2. Testreszabhat\u00f3 kivitelek \u2013 Sz\u00e9les v\u00e1laszt\u00e9kban k\u00edn\u00e1lunk hidraulikus hengereket, \u00e9s az \u00fcgyfelek ig\u00e9nyei \u00e9s specifik\u00e1ci\u00f3i szerint testre is szabhatjuk a terveket. Ak\u00e1r standard hengerre, ak\u00e1r egyedi megold\u00e1sra van sz\u00fcks\u00e9ge, seg\u00edt\u00fcnk megtal\u00e1lni a megfelel\u0151 term\u00e9ket.<\/p>\n<p>3. Sz\u00e9les alkalmaz\u00e1si k\u00f6r \u2013 Hidraulikus hengereink sz\u00e1mos \u00e9p\u00edt\u0151ipari g\u00e9phez alkalmasak, bele\u00e9rtve a mez\u0151gazdas\u00e1gi g\u00e9peket, ipari berendez\u00e9seket \u00e9s egyebeket. A vet\u0151g\u00e9p hengereit\u0151l a kotr\u00f3g\u00e9p hengerekig, n\u00e1lunk megtal\u00e1lja az \u00d6n ig\u00e9nyeinek megfelel\u0151 term\u00e9ket.<\/p>\n<p>4. Szakmai tan\u00e1csad\u00e1s \u2013 Tapasztalt \u00e9rt\u00e9kes\u00edt\u00e9si csapatunk mindig rendelkez\u00e9sre \u00e1ll, hogy professzion\u00e1lis term\u00e9ktan\u00e1csad\u00e1st \u00e9s intelligens v\u00e1s\u00e1rl\u00e1si javaslatokat ny\u00fajtson. Naprak\u00e9szek vagyunk az \u00e9p\u00edt\u0151ipari g\u00e9pipar leg\u00fajabb trendjeivel \u00e9s \u00fcgyf\u00e9lig\u00e9nyeivel kapcsolatban, hogy a legjobb szolg\u00e1ltat\u00e1st ny\u00fajthassuk \u00fcgyfeleinknek.<\/p>\n<p>5. Hat\u00e9kony logisztika \u2013 Hat\u00e9kony logisztikai eloszt\u00e1si rendszerrel rendelkez\u00fcnk annak \u00e9rdek\u00e9ben, hogy \u00fcgyfeleink id\u0151ben \u00e9s pontosan megkapj\u00e1k a sz\u00fcks\u00e9ges alkatr\u00e9szeket. Meg\u00e9rtj\u00fck az \u00e1ll\u00e1sid\u0151 minimaliz\u00e1l\u00e1s\u00e1nak \u00e9s a g\u00e9pek z\u00f6kken\u0151mentes m\u0171k\u00f6d\u00e9s\u00e9nek fontoss\u00e1g\u00e1t.<\/p>\n<p>Az FMP hidraulikus hengerekkel biztos lehet \u00e9p\u00edt\u0151ipari g\u00e9pei min\u0151s\u00e9g\u00e9ben \u00e9s megb\u00edzhat\u00f3s\u00e1g\u00e1ban. L\u00e9pjen kapcsolatba vel\u00fcnk m\u00e9g ma, hogy t\u00f6bbet megtudjon term\u00e9keinkr\u0151l \u00e9s arr\u00f3l, hogyan seg\u00edthet\u00fcnk megtal\u00e1lni az \u00d6n ig\u00e9nyeinek megfelel\u0151 megold\u00e1st.<\/p>\n<p><img decoding=\"async\" src=\"https:\/\/fmp-components.com\/wp-content\/uploads\/2024\/12\/Adjustable-Clevis-Type-Cylinders-6.webp\" alt=\"\u00c1ll\u00edthat\u00f3 kengyeles henger\" width=\"833\" title=\"\"><br \/>\nSzerz\u0151: CX<\/p>","protected":false},"excerpt":{"rendered":"<p>Hot Sale Hydraulic Telescopic Cylinder Dump Trailer Hydraulic Cylinder is a high-quality hydraulic cylinder designed for dump trailers. It is made of high-strength materials and is capable of withstanding heavy loads and harsh working conditions. This hydraulic cylinder is engineered with advanced technology, ensuring a reliable performance and long service life. The Hot Sale Hydraulic [&hellip;]<\/p>","protected":false},"featured_media":1664,"comment_status":"closed","ping_status":"closed","template":"","meta":{"_et_pb_use_builder":"","_et_pb_old_content":"","_et_gb_content_width":""},"product_brand":[],"product_cat":[45],"product_tag":[34,48],"class_list":{"0":"post-1663","1":"product","2":"type-product","3":"status-publish","4":"has-post-thumbnail","6":"product_cat-inverted-telescopic-cylinder","7":"product_tag-hydraulic-cylinder","8":"product_tag-inverted-telescopic-cylinder","10":"first","11":"instock","12":"product-type-simple"},"_links":{"self":[{"href":"https:\/\/fmp-components.com\/hu\/wp-json\/wp\/v2\/product\/1663","targetHints":{"allow":["GET"]}}],"collection":[{"href":"https:\/\/fmp-components.com\/hu\/wp-json\/wp\/v2\/product"}],"about":[{"href":"https:\/\/fmp-components.com\/hu\/wp-json\/wp\/v2\/types\/product"}],"replies":[{"embeddable":true,"href":"https:\/\/fmp-components.com\/hu\/wp-json\/wp\/v2\/comments?post=1663"}],"wp:featuredmedia":[{"embeddable":true,"href":"https:\/\/fmp-components.com\/hu\/wp-json\/wp\/v2\/media\/1664"}],"wp:attachment":[{"href":"https:\/\/fmp-components.com\/hu\/wp-json\/wp\/v2\/media?parent=1663"}],"wp:term":[{"taxonomy":"product_brand","embeddable":true,"href":"https:\/\/fmp-components.com\/hu\/wp-json\/wp\/v2\/product_brand?post=1663"},{"taxonomy":"product_cat","embeddable":true,"href":"https:\/\/fmp-components.com\/hu\/wp-json\/wp\/v2\/product_cat?post=1663"},{"taxonomy":"product_tag","embeddable":true,"href":"https:\/\/fmp-components.com\/hu\/wp-json\/wp\/v2\/product_tag?post=1663"}],"curies":[{"name":"munkaf\u00fczet","href":"https:\/\/api.w.org\/{rel}","templated":true}]}}