{"id":1661,"date":"2024-12-23T07:00:44","date_gmt":"2024-12-23T07:00:44","guid":{"rendered":"https:\/\/fmp-components.com\/product\/factory-customized-5-ton-dump-truck-4-stage-hydraulic-ram-cylinder\/"},"modified":"2025-03-11T05:49:55","modified_gmt":"2025-03-11T05:49:55","slug":"factory-customized-5-ton-dump-truck-4-stage-hydraulic-ram-cylinder","status":"publish","type":"product","link":"https:\/\/fmp-components.com\/hu\/product\/factory-customized-5-ton-dump-truck-4-stage-hydraulic-ram-cylinder\/","title":{"rendered":"Gy\u00e1rilag testreszabott 5 tonn\u00e1s d\u00f6mper 4 fokozat\u00fa hidraulikus henger"},"content":{"rendered":"<p>A gy\u00e1rilag testreszabott 5 tonn\u00e1s d\u00f6mperaut\u00f3 4 fokozat\u00fa hidraulikus dugatty\u00fas henger egy kiv\u00e1l\u00f3 min\u0151s\u00e9g\u0171 hidraulikus henger, amelyet d\u00f6mperaut\u00f3-alkalmaz\u00e1sokhoz terveztek. Sokoldal\u00fa \u00e9s megb\u00edzhat\u00f3 term\u00e9k, amely ellen\u00e1ll a neh\u00e9z terhel\u00e9seknek \u00e9s a neh\u00e9z munkak\u00f6r\u00fclm\u00e9nyeknek.<\/p>\n<p>Ez a hidraulikus henger kiv\u00e9teles teljes\u00edtm\u00e9nyt \u00e9s tart\u00f3ss\u00e1got biztos\u00edt. 4 fokozat\u00fa kialak\u00edt\u00e1s\u00e1nak k\u00f6sz\u00f6nhet\u0151en nagy emel\u0151er\u0151t k\u00e9pes leadni kiv\u00e1l\u00f3 pontoss\u00e1ggal \u00e9s szab\u00e1lyozhat\u00f3s\u00e1ggal. Emellett a neh\u00e9z munka zord k\u00f6r\u00fclm\u00e9nyeinek elvisel\u00e9s\u00e9re is alkalmas, a kem\u00e9ny k\u00fcls\u0151 bevonat v\u00e9di a korr\u00f3zi\u00f3t\u00f3l \u00e9s a kop\u00e1st\u00f3l.<\/p>\n<p>Ez a hidraulikus henger a d\u00f6mperek speci\u00e1lis ig\u00e9nyeihez igazodik, \u00edgy kiv\u00e1l\u00f3 v\u00e1laszt\u00e1s b\u00e1rki sz\u00e1m\u00e1ra az \u00e9p\u00edt\u0151iparban, a b\u00e1ny\u00e1szati \u200b\u200b\u200b\u200bvagy a sz\u00e1ll\u00edtm\u00e1nyoz\u00e1si ipar\u00e1gban. K\u00f6nnyen telep\u00edthet\u0151 \u00e9s karbantarthat\u00f3, \u00e9s hossz\u00fa t\u00e1v\u00fa teljes\u00edtm\u00e9nyt ny\u00fajt.<\/p>\n<table style=\"width: 100%;\" border=\"1\" width=\"100%\" cellspacing=\"0\" cellpadding=\"0\">\n<tbody>\n<tr>\n<th>Term\u00e9k neve<\/th>\n<td>Gy\u00e1rilag testreszabott 5 tonn\u00e1s d\u00f6mper 4 fokozat\u00fa hidraulikus henger<\/td>\n<\/tr>\n<tr>\n<th>\u00c1llapot<\/th>\n<td>\u00daj<\/td>\n<\/tr>\n<tr>\n<th>Garancia<\/th>\n<td>1 \u00e9v<\/td>\n<\/tr>\n<tr>\n<th>S\u00faly (KG)<\/th>\n<td>56<\/td>\n<\/tr>\n<tr>\n<th>Tervez\u00e9s<\/th>\n<td>4 fokozat\u00fa hidraulikus d\u00f6ng\u00f6l\u0151henger<\/td>\n<\/tr>\n<tr>\n<th>Teljes\u00edtm\u00e9ny<\/th>\n<td>Nagy terheket \u00e9s zord munkak\u00f6r\u00fclm\u00e9nyeket b\u00edr<\/td>\n<\/tr>\n<tr>\n<th>Ellen\u0151rz\u00e9s<\/th>\n<td>Alapos kimen\u0151 ellen\u0151rz\u00e9si \u00e9s g\u00e9pteszt-jelent\u00e9s<\/td>\n<\/tr>\n<tr>\n<th>Alkalmazhat\u00f3 ipar\u00e1gak<\/th>\n<td>Gy\u00e1rt\u00f3\u00fczemek, G\u00e9pjav\u00edt\u00f3 m\u0171helyek, Mez\u0151gazdas\u00e1g, Energia \u00e9s b\u00e1ny\u00e1szat, G\u00e9pgy\u00e1rt\u00e1s, G\u00e9pgy\u00e1rak<\/td>\n<\/tr>\n<\/tbody>\n<\/table>\n<p><img decoding=\"async\" src=\"https:\/\/hzpt.com\/wp-content\/uploads\/2023\/11\/Inverted-Telescopic-Cylinder-2.webp\" alt=\"\" title=\"\"><\/p>\n<h2>A hidraulikus dugatty\u00fas henger f\u0151bb jellemz\u0151i<\/h2>\n<ol>\n<li><strong>Standard \u00e9s robusztus szerkezet:<\/strong> A hidraulikus munkahenger szabv\u00e1nyos \u00e9s massz\u00edv dugatty\u00fas hengerszerkezettel b\u00fcszk\u00e9lkedhet, \u00edgy rendk\u00edv\u00fcl hat\u00e9kony \u00e9s tart\u00f3s.<\/li>\n<li><strong>Nagy teljes\u00edtm\u00e9ny \u00e9s kapacit\u00e1s:<\/strong> Hidraulikus er\u0151vel m\u0171k\u00f6dik, maxim\u00e1lis tol\u00f3ereje 3000 tonna, maxim\u00e1lis h\u00faz\u00f3ereje pedig 20 tonna, \u00edgy ide\u00e1lis neh\u00e9z munk\u00e1khoz.<\/li>\n<li><strong>Min\u0151s\u00e9gi anyagok:<\/strong> A hidraulikus munkahenger teste ac\u00e9lb\u00f3l k\u00e9sz\u00fclt, ami biztos\u00edtja a robusztuss\u00e1g\u00e1t \u00e9s a hossz\u00fa \u00e9lettartam\u00e1t.<\/li>\n<li><strong>Alapvet\u0151 \u00f6sszetev\u0151k:<\/strong> Kiv\u00e1l\u00f3 min\u0151s\u00e9g\u0171 alapvet\u0151 alkatr\u00e9szekkel, p\u00e9ld\u00e1ul csap\u00e1gyakkal \u00e9s dugatty\u00fahengerekkel van felszerelve.<\/li>\n<li><strong>Tan\u00fas\u00edtv\u00e1ny:<\/strong> Ez a hidraulikus munkahenger ISO9001:2000 tan\u00fas\u00edtv\u00e1nnyal rendelkezik, ami kiv\u00e1l\u00f3 min\u0151s\u00e9g\u00e9t \u00e9s a nemzetk\u00f6zi szabv\u00e1nyoknak val\u00f3 megfelel\u00e9s\u00e9t jelzi.<\/li>\n<\/ol>\n<h2>A hidraulikus d\u00f6ng\u00f6l\u0151 henger alkalmaz\u00e1sai<\/h2>\n<ol>\n<li style=\"list-style-type: none;\">\n<ol>\n<li><strong>Gy\u00e1rt\u00f3\u00fczemek:<\/strong> A hidraulikus munkahenger gy\u00e1rt\u00f3\u00fczemekben haszn\u00e1lhat\u00f3 k\u00fcl\u00f6nf\u00e9le neh\u00e9z ig\u00e9nybev\u00e9telhez.<\/li>\n<li><strong>G\u00e9pjav\u00edt\u00f3 m\u0171helyek:<\/strong> G\u00e9pjav\u00edt\u00f3 m\u0171helyekben is haszn\u00e1lhat\u00f3 neh\u00e9zg\u00e9pek jav\u00edt\u00e1s\u00e1ra \u00e9s karbantart\u00e1s\u00e1ra.<\/li>\n<li><strong>Gazdas\u00e1gok:<\/strong> A hidraulikus munkahenger ide\u00e1lis mez\u0151gazdas\u00e1gi \u00fczemekben val\u00f3 haszn\u00e1latra, ahol k\u00fcl\u00f6nf\u00e9le mez\u0151gazdas\u00e1gi feladatokban seg\u00edthet.<\/li>\n<li><strong>Energia \u00e9s b\u00e1ny\u00e1szat:<\/strong> Robusztus fel\u00e9p\u00edt\u00e9se \u00e9s nagy teljes\u00edtm\u00e9nye alkalmass\u00e1 teszi az energia- \u00e9s b\u00e1ny\u00e1szati \u200b\u200biparban val\u00f3 felhaszn\u00e1l\u00e1sra.<\/li>\n<li><strong>G\u00e9pgy\u00e1rt\u00e1s:<\/strong> A hidraulikus munkahenger a g\u00e9pgy\u00e1rt\u00e1sban k\u00fcl\u00f6nf\u00e9le neh\u00e9zg\u00e9pek gy\u00e1rt\u00e1s\u00e1hoz haszn\u00e1lhat\u00f3.<\/li>\n<\/ol>\n<\/li>\n<\/ol>\n<p><img decoding=\"async\" src=\"https:\/\/hzpt.com\/wp-content\/uploads\/2023\/11\/Inverted-Telescopic-Cylinder-Applications.webp\" alt=\"Hidraulikus d\u00f6ng\u00f6l\u0151 henger alkalmaz\u00e1sai\" title=\"\"><\/p>\n<h2>A hidraulikus d\u00f6ng\u00f6l\u0151 munkahenger\u00e9nek m\u0171k\u00f6d\u00e9si elve \u00e9s karbantart\u00e1si m\u00f3dszerei<\/h2>\n<p>A hidraulikus munkahenger a folyad\u00e9kmechanika elv\u00e9n m\u0171k\u00f6dik. A hidraulikafolyad\u00e9k a hengerbe jut, ami kimeneti er\u0151t gener\u00e1l. A henger konfigur\u00e1ci\u00f3ja, a hidraulikafolyad\u00e9k bemenete \u00e9s a kimeneti er\u0151 mind kulcsfontoss\u00e1g\u00fa \u00f6sszetev\u0151i a m\u0171k\u00f6d\u00e9s\u00e9nek.<\/p>\n<p>A hidraulikus munkahenger karbantart\u00e1sa rendszeres ellen\u0151rz\u00e9st, tiszt\u00edt\u00e1st \u00e9s ken\u00e9st foglal mag\u00e1ban. A henger megfelel\u0151 m\u0171k\u00f6d\u00e9s\u00e9nek biztos\u00edt\u00e1s\u00e1hoz rendszeres ellen\u0151rz\u00e9sekre \u00e9s jav\u00edt\u00e1sokra van sz\u00fcks\u00e9g. A t\u00f6m\u00edt\u00e9s cser\u00e9je a karbantart\u00e1si folyamat elengedhetetlen r\u00e9sze. V\u00e9g\u00fcl, a henger hossz\u00fa \u00e9lettartam\u00e1nak \u00e9s optim\u00e1lis teljes\u00edtm\u00e9ny\u00e9nek biztos\u00edt\u00e1sa \u00e9rdek\u00e9ben elengedhetetlen a kezel\u00e9si \u00fatmutat\u00f3 betart\u00e1sa.<\/p>\n<p><img decoding=\"async\" src=\"https:\/\/hzpt.com\/wp-content\/uploads\/2023\/11\/Inverted-Telescopic-Cylinder-22.webp\" alt=\"\" title=\"\"><\/p>\n<h2>Ford\u00edtott teleszk\u00f3pos henger<\/h2>\n<p>Az invert\u00e1lt teleszk\u00f3pos henger, m\u00e1s n\u00e9ven teleszk\u00f3pos dugatty\u00fas henger, egy olyan hidraulikus henger, amelyet gyakran haszn\u00e1lnak k\u00fcl\u00f6nf\u00e9le ipar\u00e1gakban. T\u00f6bb szakaszb\u00f3l vagy szakaszb\u00f3l \u00e1ll, amelyek \u00f6sszecsukhat\u00f3k vagy kiny\u00falhatnak, hogy k\u00fcl\u00f6nb\u00f6z\u0151 er\u0151szinteket \u00e9s l\u00f6kethosszakat biztos\u00edtsanak. Ez a kialak\u00edt\u00e1s lehet\u0151v\u00e9 teszi a kompakt \u00e9s hat\u00e9kony m\u0171k\u00f6d\u00e9st, \u00edgy ide\u00e1lis olyan alkalmaz\u00e1sokhoz, ahol korl\u00e1tozott a hely.<\/p>\n<p>Az invert\u00e1lt teleszk\u00f3pos hengerek egyik legfontosabb el\u0151nye, hogy viszonylag kis helyig\u00e9ny mellett is nagy er\u0151t k\u00e9pes leadni. T\u00f6bb fokozat alkalmaz\u00e1s\u00e1val, amelyek mindegyike saj\u00e1t dugatty\u00faval \u00e9s r\u00faddal rendelkezik, a henger nagy er\u0151t tud kifejteni, mik\u00f6zben meg\u0151rzi kompakt m\u00e9ret\u00e9t. Ez k\u00fcl\u00f6n\u00f6sen hasznoss\u00e1 teszi olyan alkalmaz\u00e1sokban, mint p\u00e9ld\u00e1ul a d\u00f6mperek, ahol nagy emel\u0151kapacit\u00e1sra van sz\u00fcks\u00e9g korl\u00e1tozott helyen.<\/p>\n<p>A gy\u00e1rilag testreszabott 5 tonn\u00e1s d\u00f6mper 4 fokozat\u00fa hidraulikus dugatty\u00fas henger egy speci\u00e1lis t\u00edpus\u00fa ford\u00edtott teleszk\u00f3pos henger, amelyet kifejezetten d\u00f6mperekhez terveztek. \u00dagy tervezt\u00e9k, hogy neh\u00e9z terheket kezeljen, \u00e9s prec\u00edz vez\u00e9rl\u00e9st biztos\u00edtson a \u00fcr\u00edt\u00e9si folyamat felett. N\u00e9gy fokozat\u00e1val ez a hidraulikus dugatty\u00fas henger k\u00e9pes biztos\u00edtani a sz\u00fcks\u00e9ges er\u0151t a teheraut\u00f3 plat\u00f3j\u00e1nak felemel\u00e9s\u00e9hez \u00e9s megd\u00f6nt\u00e9s\u00e9hez, lehet\u0151v\u00e9 t\u00e9ve az anyagok hat\u00e9kony kirakod\u00e1s\u00e1t.<\/p>\n<p>A gy\u00e1rilag testreszabott 5 tonn\u00e1s d\u00f6mper 4 fokozat\u00fa hidraulikus dugatty\u00fas munkahenger\u00e9nek gy\u00e1rt\u00e1sa kiv\u00e1l\u00f3 min\u0151s\u00e9g\u0171 anyagok felhaszn\u00e1l\u00e1s\u00e1val \u00e9s prec\u00edz m\u00e9rn\u00f6ki munk\u00e1val t\u00f6rt\u00e9nt. A henger minden egyes fokozat\u00e1t gondosan \u00fagy tervezt\u00e9k, hogy ellen\u00e1lljon a m\u0171k\u00f6d\u00e9s k\u00f6zben kifejtett er\u0151knek \u00e9s hossz\u00fa \u00e9lettartamot biztos\u00edtson. Ezenk\u00edv\u00fcl a hengert gy\u00e1rilag testreszabj\u00e1k, hogy megfeleljen a d\u00f6mperek alkalmaz\u00e1sainak speci\u00e1lis k\u00f6vetelm\u00e9nyeinek, biztos\u00edtva az optim\u00e1lis teljes\u00edtm\u00e9nyt \u00e9s megb\u00edzhat\u00f3s\u00e1got.<\/p>\n<p>Egy ford\u00edtott teleszk\u00f3pos henger m\u0171k\u00f6d\u00e9se sor\u00e1n a hidraulikafolyad\u00e9k kulcsszerepet j\u00e1tszik. Egy hidraulikus rendszeren kereszt\u00fcl pump\u00e1lj\u00e1k a hengerbe, nyom\u00e1st hozva l\u00e9tre, amely kiny\u00fajtja vagy visszah\u00fazza az egyes fokozatokat. A folyad\u00e9k\u00e1raml\u00e1s szab\u00e1lyoz\u00e1sa lehet\u0151v\u00e9 teszi a henger pontos pozicion\u00e1l\u00e1s\u00e1t \u00e9s mozg\u00e1s\u00e1t, \u00edgy rendk\u00edv\u00fcl sokoldal\u00faan felhaszn\u00e1lhat\u00f3 k\u00fcl\u00f6nf\u00e9le ipari alkalmaz\u00e1sokban.<\/p>\n<p>\u00d6sszefoglalva, a gy\u00e1rilag testreszabott 5 tonn\u00e1s d\u00f6mperaut\u00f3 4 fokozat\u00fa hidraulikus dugatty\u00fas henger egy speci\u00e1lis t\u00edpus\u00fa ford\u00edtott teleszk\u00f3pos henger, amely kiv\u00e1l\u00f3an alkalmas d\u00f6mperaut\u00f3-alkalmaz\u00e1sokhoz. Kompakt kialak\u00edt\u00e1s\u00e1nak, nagy emel\u0151kapacit\u00e1s\u00e1nak \u00e9s prec\u00edz vez\u00e9rl\u00e9s\u00e9nek k\u00f6sz\u00f6nhet\u0151en hat\u00e9kony \u00e9s megb\u00edzhat\u00f3 m\u0171k\u00f6d\u00e9st biztos\u00edt. Ak\u00e1r az \u00e9p\u00edt\u0151iparban, ak\u00e1r a b\u00e1ny\u00e1szatban, ak\u00e1r a hullad\u00e9kgazd\u00e1lkod\u00e1sban haszn\u00e1lj\u00e1k, ez a hidraulikus dugatty\u00fas henger \u00e9rt\u00e9kes eszk\u00f6znek bizonyul a termel\u00e9kenys\u00e9g \u00e9s a teljes\u00edtm\u00e9ny n\u00f6vel\u00e9s\u00e9ben.<\/p>\n<h3>Az FMP-r\u0151l<\/h3>\n<p>Az FMP egy vezet\u0151 v\u00e1llalat, amely hidraulikus hengerek gy\u00e1rt\u00e1s\u00e1ra \u00e9s \u00e9rt\u00e9kes\u00edt\u00e9s\u00e9re specializ\u00e1l\u00f3dott. Kiterjedt ipar\u00e1gi tapasztalatunkkal \u00e9s professzion\u00e1lis csapatunkkal elk\u00f6telezettek vagyunk amellett, hogy \u00fcgyfeleinknek kiv\u00e1l\u00f3 min\u0151s\u00e9g\u0171 \u00e9s megb\u00edzhat\u00f3 hidraulikus henger megold\u00e1sokat ny\u00fajtsunk.<\/p>\n<p>\u00cdme term\u00e9keink \u00e9s c\u00e9g\u00fcnk 5 f\u0151 el\u0151nye:<\/p>\n<p>1. Sz\u00e9les term\u00e9kv\u00e1laszt\u00e9k: Sz\u00e9les hidraulikus hengerv\u00e1laszt\u00e9kot k\u00edn\u00e1lunk, bele\u00e9rtve az \u00e1ll\u00edthat\u00f3 kengyeles hengereket is, az al\u00e1bbiak szerint:<\/p>\n<p><img decoding=\"async\" src=\"https:\/\/fmp-components.com\/wp-content\/uploads\/2024\/12\/Adjustable-Clevis-Type-Cylinders-6.webp\" alt=\"\u00c1ll\u00edthat\u00f3 kengyeles henger\" width=\"832\" title=\"\"><\/p>\n<p>2. Kiv\u00e1l\u00f3 min\u0151s\u00e9g: Hossz\u00fa t\u00e1v\u00fa \u00e9s stabil egy\u00fcttm\u0171k\u00f6d\u00e9si kapcsolatokat \u00e9p\u00edtett\u00fcnk ki kiv\u00e1l\u00f3 min\u0151s\u00e9g\u0171 besz\u00e1ll\u00edt\u00f3kkal, biztos\u00edtva, hogy minden hidraulikus henger\u00fcnk megfeleljen a szigor\u00fa min\u0151s\u00e9gi el\u0151\u00edr\u00e1soknak. A min\u0151s\u00e9g ir\u00e1nti elk\u00f6telezetts\u00e9g\u00fcnk kiemel minket a versenyt\u00e1rsak k\u00f6z\u00fcl.<\/p>\n<p>3. Professzion\u00e1lis \u00e9rt\u00e9kes\u00edt\u00e9si csapat: Tapasztalt \u00e9s k\u00e9pzett \u00e9rt\u00e9kes\u00edt\u00e9si csapatunk j\u00f3l ismeri a hidraulikus henger ipar\u00e1g fejleszt\u00e9si trendjeit \u00e9s \u00fcgyf\u00e9lig\u00e9nyeit. Elk\u00f6telezettek a professzion\u00e1lis term\u00e9ktan\u00e1csad\u00e1s \u00e9s az intelligens v\u00e1s\u00e1rl\u00e1si javaslatok ir\u00e1nt.<\/p>\n<p>4. Hat\u00e9kony logisztikai eloszt\u00e1s: Meg\u00e9rtj\u00fck az id\u0151ben t\u00f6rt\u00e9n\u0151 \u00e9s pontos sz\u00e1ll\u00edt\u00e1sok fontoss\u00e1g\u00e1t. Hat\u00e9kony logisztikai eloszt\u00e1si rendszer\u00fcnkkel biztos\u00edtjuk, hogy \u00fcgyfeleink gyorsan megkapj\u00e1k a sz\u00fcks\u00e9ges hidraulikus hengereket.<\/p>\n<p>5. \u00c1tfog\u00f3 megold\u00e1sok: A hidraulikus hengerek mellett sz\u00e9les v\u00e1laszt\u00e9kban k\u00edn\u00e1lunk \u00e9p\u00edt\u0151ipari g\u00e9palkatr\u00e9szeket \u00e9s komplett g\u00e9pmegold\u00e1sokat. Ez lehet\u0151v\u00e9 teszi \u00fcgyfeleink sz\u00e1m\u00e1ra, hogy minden sz\u00fcks\u00e9ges alkatr\u00e9szt \u00e9s tartoz\u00e9kot egy helyen megtal\u00e1ljanak, id\u0151t \u00e9s energi\u00e1t takar\u00edtva meg.<\/p>\n<p>Szeretn\u00e9nk megh\u00edvni \u00d6nt, hogy legyen partner\u00fcnk, \u00e9s tapasztalja meg az FMP hidraulikus hengerek kiv\u00e1l\u00f3s\u00e1g\u00e1t. L\u00e9pjen kapcsolatba vel\u00fcnk m\u00e9g ma, hogy megbesz\u00e9lhess\u00fck az \u00d6n egyedi ig\u00e9nyeit, \u00e9s csapatunk seg\u00edtsen megtal\u00e1lni az \u00d6n ig\u00e9nyeinek legink\u00e1bb megfelel\u0151 hidraulikus henger megold\u00e1st.<\/p>\n<p>Szerz\u0151: CX<\/p>","protected":false},"excerpt":{"rendered":"<p>Factory Customized 5 Ton Dump Truck 4 Stage Hydraulic Ram Cylinder is a high-quality hydraulic cylinder designed for dump truck applications. It is a versatile and reliable product that can withstand heavy loads and tough working conditions. This hydraulic cylinder is designed to provide exceptional performance and durability. With its 4 stage design, it is [&hellip;]<\/p>","protected":false},"featured_media":1662,"comment_status":"closed","ping_status":"closed","template":"","meta":{"_et_pb_use_builder":"","_et_pb_old_content":"","_et_gb_content_width":""},"product_brand":[],"product_cat":[45],"product_tag":[34,48],"class_list":{"0":"post-1661","1":"product","2":"type-product","3":"status-publish","4":"has-post-thumbnail","6":"product_cat-inverted-telescopic-cylinder","7":"product_tag-hydraulic-cylinder","8":"product_tag-inverted-telescopic-cylinder","10":"first","11":"instock","12":"product-type-simple"},"_links":{"self":[{"href":"https:\/\/fmp-components.com\/hu\/wp-json\/wp\/v2\/product\/1661","targetHints":{"allow":["GET"]}}],"collection":[{"href":"https:\/\/fmp-components.com\/hu\/wp-json\/wp\/v2\/product"}],"about":[{"href":"https:\/\/fmp-components.com\/hu\/wp-json\/wp\/v2\/types\/product"}],"replies":[{"embeddable":true,"href":"https:\/\/fmp-components.com\/hu\/wp-json\/wp\/v2\/comments?post=1661"}],"wp:featuredmedia":[{"embeddable":true,"href":"https:\/\/fmp-components.com\/hu\/wp-json\/wp\/v2\/media\/1662"}],"wp:attachment":[{"href":"https:\/\/fmp-components.com\/hu\/wp-json\/wp\/v2\/media?parent=1661"}],"wp:term":[{"taxonomy":"product_brand","embeddable":true,"href":"https:\/\/fmp-components.com\/hu\/wp-json\/wp\/v2\/product_brand?post=1661"},{"taxonomy":"product_cat","embeddable":true,"href":"https:\/\/fmp-components.com\/hu\/wp-json\/wp\/v2\/product_cat?post=1661"},{"taxonomy":"product_tag","embeddable":true,"href":"https:\/\/fmp-components.com\/hu\/wp-json\/wp\/v2\/product_tag?post=1661"}],"curies":[{"name":"munkaf\u00fczet","href":"https:\/\/api.w.org\/{rel}","templated":true}]}}