{"id":1659,"date":"2024-12-23T07:00:44","date_gmt":"2024-12-23T07:00:44","guid":{"rendered":"https:\/\/fmp-components.com\/product\/professional-5-ton-dump-trailer-cylinders-hydraulic\/"},"modified":"2025-03-11T06:07:13","modified_gmt":"2025-03-11T06:07:13","slug":"professional-5-ton-dump-trailer-cylinders-hydraulic","status":"publish","type":"product","link":"https:\/\/fmp-components.com\/hu\/product\/professional-5-ton-dump-trailer-cylinders-hydraulic\/","title":{"rendered":"Professzion\u00e1lis 5 tonn\u00e1s d\u00f6mper p\u00f3tkocsi hengerek hidraulikus"},"content":{"rendered":"<p>A professzion\u00e1lis, 5 tonn\u00e1s, hidraulikus hengerekkel ell\u00e1tott billen\u0151p\u00f3tkocsi egy cs\u00facskateg\u00f3ri\u00e1s term\u00e9k, amelyet neh\u00e9z teher sz\u00e1ll\u00edt\u00e1s\u00e1ra \u00e9s \u00fcr\u00edt\u00e9si ig\u00e9nyekre terveztek. Ez a billen\u0151p\u00f3tkocsi t\u00f6k\u00e9letes kereskedelmi haszn\u00e1latra, \u00e9s kiv\u00e1l\u00f3 funkcionalit\u00e1st k\u00edn\u00e1l, amelyet a kateg\u00f3ri\u00e1j\u00e1ban l\u00e9v\u0151 t\u00f6bbi p\u00f3tkocsihoz k\u00e9pest p\u00e1ratlan.<\/p>\n<p>Ennek a d\u00f6mper ut\u00e1nfut\u00f3nak az egyik kiemelked\u0151 tulajdons\u00e1ga a hidraulikus hengerek, amelyek sima \u00e9s megb\u00edzhat\u00f3 emel\u00e9si \u00e9s \u00fcr\u00edt\u00e9si k\u00e9pess\u00e9get biztos\u00edtanak. A p\u00f3tkocsi hidraulikus rendszer\u00e9t egy kiv\u00e1l\u00f3 min\u0151s\u00e9g\u0171 szivatty\u00fa hajtja, \u00e9s megb\u00edzhat\u00f3 akkumul\u00e1torral van felszerelve a k\u00f6nny\u0171 m\u0171k\u00f6dtet\u00e9s \u00e9rdek\u00e9ben.<\/p>\n<p>Nagy teherb\u00edr\u00e1s\u00fa ac\u00e9lb\u00f3l k\u00e9sz\u00fclt, ez a d\u00f6mper ut\u00e1nfut\u00f3 tart\u00f3s haszn\u00e1latra k\u00e9sz\u00fclt. Nagy plat\u00f3j\u00e1val, magas oldalaival t\u00f6k\u00e9letes nagy mennyis\u00e9g\u0171 f\u00f6ld, k\u0151 \u00e9s egy\u00e9b neh\u00e9z anyagok sz\u00e1ll\u00edt\u00e1s\u00e1ra. Az ut\u00e1nfut\u00f3 massz\u00edv von\u00f3horoggal is rendelkezik, amely biztons\u00e1gosan r\u00f6gz\u00edthet\u0151 teheraut\u00f3j\u00e1hoz vagy m\u00e1s j\u00e1rm\u0171v\u00e9hez.<\/p>\n<table style=\"width: 100%;\" border=\"1\" width=\"100%\" cellspacing=\"0\" cellpadding=\"0\">\n<tbody>\n<tr>\n<th>Term\u00e9k neve<\/th>\n<td>Professzion\u00e1lis 5 tonn\u00e1s billen\u0151p\u00f3tkocsi hidraulikus hengerekkel<\/td>\n<\/tr>\n<tr>\n<th>\u00c1llapot<\/th>\n<td>\u00daj<\/td>\n<\/tr>\n<tr>\n<th>Garancia<\/th>\n<td>1 \u00e9v<\/td>\n<\/tr>\n<tr>\n<th>S\u00faly (KG)<\/th>\n<td>63<\/td>\n<\/tr>\n<tr>\n<th>Test anyaga<\/th>\n<td>Massz\u00edv ac\u00e9l<\/td>\n<\/tr>\n<tr>\n<th>Max. tol\u00f3er\u0151<\/th>\n<td>3000<\/td>\n<\/tr>\n<tr>\n<th>Sz\u00edn<\/th>\n<td>Eleg\u00e1ns fekete<\/td>\n<\/tr>\n<tr>\n<th>Tervez\u00e9s<\/th>\n<td>Dugatty\u00fas hengeres szerkezet\u0171 hidraulikus rendszer<\/td>\n<\/tr>\n<tr>\n<th>Teljes\u00edtm\u00e9ny<\/th>\n<td>Tart\u00f3s \u00e9s megb\u00edzhat\u00f3 neh\u00e9z teher sz\u00e1ll\u00edt\u00e1s\u00e1hoz \u00e9s d\u00f6mperl\u00e9shez<\/td>\n<\/tr>\n<tr>\n<th>Alkalmazhat\u00f3 ipar\u00e1gak<\/th>\n<td>Gy\u00e1rt\u00f3\u00fczemek, G\u00e9pjav\u00edt\u00f3 m\u0171helyek, Mez\u0151gazdas\u00e1g, Energia \u00e9s b\u00e1ny\u00e1szat, G\u00e9pgy\u00e1rt\u00e1s, G\u00e9pgy\u00e1rak<\/td>\n<\/tr>\n<\/tbody>\n<\/table>\n<h2>Az 5 tonn\u00e1s d\u00f6mper p\u00f3tkocsi hengereinek kiv\u00e9teles tulajdons\u00e1gai hidraulikusak<\/h2>\n<p><img decoding=\"async\" src=\"https:\/\/hzpt.com\/wp-content\/uploads\/2023\/11\/Inverted-Telescopic-Cylinder-21.webp\" alt=\"\" title=\"\"><\/p>\n<ul>\n<li><strong>Standard szerkezet:<\/strong> A szabv\u00e1nyos szerkezettel tervezett dugatty\u00fas henger biztos\u00edtja a term\u00e9k funkcionalit\u00e1s\u00e1t \u00e9s hat\u00e9konys\u00e1g\u00e1t.<\/li>\n<li><strong>Nagy teljes\u00edtm\u00e9ny:<\/strong> A term\u00e9k hidraulikus ereje biztos\u00edtja a sima m\u0171k\u00f6d\u00e9st \u00e9s a nagy teljes\u00edtm\u00e9nyt.<\/li>\n<li><strong>Robusztus anyag:<\/strong> Ac\u00e9lb\u00f3l k\u00e9sz\u00fclt, \u00edgy a term\u00e9k tart\u00f3ss\u00e1got \u00e9s hossz\u00fa \u00e9lettartamot garant\u00e1l.<\/li>\n<li><strong>Nagy tol\u00f3er\u0151 \u00e9s h\u00faz\u00f3er\u0151:<\/strong> Maxim\u00e1lis tol\u00f3ereje 3000 tonn\u00e1s, maxim\u00e1lis h\u00faz\u00f3ereje pedig 20 tonna, \u00edgy ez a term\u00e9k b\u00e1rmilyen k\u00f6r\u00fclm\u00e9nyek k\u00f6z\u00f6tt garant\u00e1lja a nagy teljes\u00edtm\u00e9nyt.<\/li>\n<li><strong>ISO min\u0151s\u00edt\u00e9s\u0171:<\/strong> A term\u00e9k ISO9001:2000 tan\u00fas\u00edtv\u00e1nnyal rendelkezik, ami garant\u00e1lja a min\u0151s\u00e9g\u00e9t \u00e9s megb\u00edzhat\u00f3s\u00e1g\u00e1t.<\/li>\n<\/ul>\n<h2>Az 5 tonn\u00e1s hidraulikus billen\u0151p\u00f3tkocsi-hengerek alkalmaz\u00e1sai<\/h2>\n<ul>\n<li style=\"list-style-type: none;\">\n<ul>\n<li><strong>Gy\u00e1rt\u00f3\u00fczemek:<\/strong> Ez a term\u00e9k nagy ig\u00e9nybev\u00e9telt jelent\u0151 feladatokhoz haszn\u00e1lt gy\u00e1rt\u00f3\u00fczemekben haszn\u00e1lhat\u00f3.<\/li>\n<\/ul>\n<\/li>\n<\/ul>\n<ul>\n<li><strong>G\u00e9pjav\u00edt\u00f3 m\u0171helyek:<\/strong> G\u00e9pjav\u00edt\u00f3 m\u0171helyekben haszn\u00e1lhat\u00f3 jav\u00edt\u00e1shoz \u00e9s karbantart\u00e1shoz.<\/li>\n<li><strong>Gazdas\u00e1gok:<\/strong> A term\u00e9k alkalmas k\u00fcl\u00f6nf\u00e9le mez\u0151gazdas\u00e1gi feladatokhoz, amelyek neh\u00e9z emel\u00e9st \u00e9s \u00fcr\u00edt\u00e9st ig\u00e9nyelnek.<\/li>\n<li><strong>Energia \u00e9s b\u00e1ny\u00e1szat:<\/strong> A term\u00e9k felhaszn\u00e1lhat\u00f3 az energia- \u00e9s b\u00e1ny\u00e1szati \u200b\u200biparban f\u00f6ldmunk\u00e1khoz \u00e9s egy\u00e9b neh\u00e9z feladatokhoz.<\/li>\n<li><strong>G\u00e9pgy\u00e1rt\u00e1s:<\/strong> Ez a term\u00e9k g\u00e9pgy\u00e1rt\u00e1sban haszn\u00e1lhat\u00f3 neh\u00e9zg\u00e9pek gy\u00e1rt\u00e1s\u00e1hoz.<\/li>\n<\/ul>\n<p><img decoding=\"async\" src=\"https:\/\/hzpt.com\/wp-content\/uploads\/2023\/11\/Inverted-Telescopic-Cylinder-Applications.webp\" alt=\"Ford\u00edtott teleszk\u00f3pos henger alkalmaz\u00e1sok\" title=\"\"><\/p>\n<h2>Az 5 tonn\u00e1s hidraulikus billen\u0151p\u00f3tkocsi hengerek m\u0171k\u00f6d\u00e9si elve \u00e9s karbantart\u00e1sa<\/h2>\n<ul>\n<li><strong>Konfigur\u00e1ci\u00f3:<\/strong> A term\u00e9k dugatty\u00fas hengeres szerkezete biztos\u00edtja a sima m\u0171k\u00f6d\u00e9st.<\/li>\n<li><strong>Hidraulikafolyad\u00e9k bemenet:<\/strong> A term\u00e9k hidraulikus ereje optim\u00e1lis teljes\u00edtm\u00e9nyt \u00e9s hat\u00e9konys\u00e1got biztos\u00edt.<\/li>\n<li><strong>Kimeneti er\u0151:<\/strong> Maxim\u00e1lis tol\u00f3ereje 3000 tonn\u00e1s, maxim\u00e1lis h\u00faz\u00f3ereje pedig 20 tonna, \u00edgy ez a term\u00e9k b\u00e1rmilyen k\u00f6r\u00fclm\u00e9nyek k\u00f6z\u00f6tt garant\u00e1lja a nagy teljes\u00edtm\u00e9nyt.<\/li>\n<li><strong>Rendszeres ellen\u0151rz\u00e9s:<\/strong> A term\u00e9k rendszeres ellen\u0151rz\u00e9st ig\u00e9nyel a hossz\u00fa \u00e9lettartam \u00e9s a hat\u00e9konys\u00e1g biztos\u00edt\u00e1sa \u00e9rdek\u00e9ben.<\/li>\n<li><strong>Tiszt\u00edt\u00e1s \u00e9s ken\u00e9s:<\/strong> A term\u00e9k zavartalan m\u0171k\u00f6d\u00e9s\u00e9nek fenntart\u00e1s\u00e1hoz rendszeres tiszt\u00edt\u00e1s \u00e9s ken\u00e9s sz\u00fcks\u00e9ges.<\/li>\n<\/ul>\n<p><img decoding=\"async\" src=\"https:\/\/hzpt.com\/wp-content\/uploads\/2023\/11\/Inverted-Telescopic-Cylinder-25.webp\" alt=\"\" title=\"\"><\/p>\n<h2>Ford\u00edtott teleszk\u00f3pos henger<\/h2>\n<p>A professzion\u00e1lis 5 tonn\u00e1s hidraulikus billen\u0151p\u00f3tkocsi-hengerek fokozott teljes\u00edtm\u00e9nyt \u00e9s megb\u00edzhat\u00f3s\u00e1got biztos\u00edtanak k\u00fcl\u00f6nf\u00e9le hidraulikus alkalmaz\u00e1sokhoz. Az egyik leggyakoribb hidraulikus hengert\u00edpus a ford\u00edtott teleszk\u00f3pos henger, amelyet sz\u00e9les k\u00f6rben haszn\u00e1lnak az \u00e9p\u00edt\u0151iparban, a sz\u00e1ll\u00edtm\u00e1nyoz\u00e1sban \u00e9s a mez\u0151gazdas\u00e1gban.<\/p>\n<h3>Design \u00e9s funkcionalit\u00e1s<\/h3>\n<p>Az invert\u00e1lt teleszk\u00f3pos henger egy olyan hidraulikus hengert\u00edpus, amely egyedi kialak\u00edt\u00e1s\u00fa, amelyben a dugatty\u00far\u00fad a henger alj\u00e1n, m\u00edg a hengertest a tetej\u00e9n tal\u00e1lhat\u00f3. Ez a kialak\u00edt\u00e1s lehet\u0151v\u00e9 teszi a henger sz\u00e1m\u00e1ra, hogy hosszabb l\u00f6kethosszt biztos\u00edtson kevesebb helyfoglal\u00e1s mellett, \u00edgy ide\u00e1lis olyan alkalmaz\u00e1sokhoz, ahol korl\u00e1tozott a hely.<\/p>\n<p>A henger k\u00e9t fokozatb\u00f3l \u00e1ll, amelyek mindegyike egy dugatty\u00fa-henger szerelv\u00e9nyt tartalmaz. A nagyobb \u00e1tm\u00e9r\u0151j\u0171 fokozat fel\u00fcl, m\u00edg a kisebb \u00e1tm\u00e9r\u0151j\u0171 fokozat alul tal\u00e1lhat\u00f3. Hidraulikus nyom\u00e1s alkalmaz\u00e1sakor a kisebb fokozatban l\u00e9v\u0151 dugatty\u00fa kiny\u00falik, felfel\u00e9 tolva a nagyobb fokozatban l\u00e9v\u0151 dugatty\u00fat, ami viszont kiny\u00fajtja a dugatty\u00farudat.<\/p>\n<h3>El\u0151ny\u00f6k<\/h3>\n<p>A ford\u00edtott teleszk\u00f3pos henger sz\u00e1mos el\u0151nnyel rendelkezik m\u00e1s t\u00edpus\u00fa hidraulikus hengerekkel szemben, t\u00f6bbek k\u00f6z\u00f6tt:<\/p>\n<ul>\n<li><strong>Kompakt kialak\u00edt\u00e1s:<\/strong> A ford\u00edtott teleszk\u00f3pos henger egyedi kialak\u00edt\u00e1sa lehet\u0151v\u00e9 teszi, hogy kevesebb helyet foglaljon, mik\u00f6zben hosszabb l\u00f6kethosszt biztos\u00edt, \u00edgy ide\u00e1lis olyan alkalmaz\u00e1sokhoz, ahol korl\u00e1tozott a hely.<\/li>\n<li><strong>Megn\u00f6velt hat\u00e9konys\u00e1g:<\/strong> A henger k\u00e9tl\u00e9pcs\u0151s kialak\u00edt\u00e1sa lehet\u0151v\u00e9 teszi a nagyobb hat\u00e9konys\u00e1got, mint m\u00e1s t\u00edpus\u00fa hengerek, mivel cs\u00f6kkenti a dugatty\u00far\u00fad meghosszabb\u00edt\u00e1s\u00e1hoz sz\u00fcks\u00e9ges folyad\u00e9kmennyis\u00e9get.<\/li>\n<li><strong>Fokozott stabilit\u00e1s:<\/strong> A ford\u00edtott teleszk\u00f3pos henger fokozott stabilit\u00e1st \u00e9s ir\u00e1ny\u00edthat\u00f3s\u00e1got biztos\u00edt m\u00e1s t\u00edpus\u00fa hengerekhez k\u00e9pest az alacsony s\u00falypontnak \u00e9s a jobb s\u00falyeloszt\u00e1snak k\u00f6sz\u00f6nhet\u0151en.<\/li>\n<li><strong>Alacsonyabb karbantart\u00e1si ig\u00e9ny:<\/strong> A henger kialak\u00edt\u00e1sa cs\u00f6kkenti a mozg\u00f3 alkatr\u00e9szek sz\u00e1m\u00e1t, ami cs\u00f6kkenti a meghib\u00e1sod\u00e1s val\u00f3sz\u00edn\u0171s\u00e9g\u00e9t \u00e9s a karbantart\u00e1si k\u00f6lts\u00e9geket.<\/li>\n<\/ul>\n<h3>Alkalmaz\u00e1sok<\/h3>\n<p>A ford\u00edtott teleszk\u00f3pos hengert sz\u00e9les k\u00f6rben haszn\u00e1lj\u00e1k k\u00fcl\u00f6nf\u00e9le alkalmaz\u00e1sokban, t\u00f6bbek k\u00f6z\u00f6tt:<\/p>\n<ul>\n<li><strong>\u00c9p\u00edt\u00e9s:<\/strong> Az invert\u00e1lt teleszk\u00f3pos hengereket \u00e9p\u00edt\u0151ipari berendez\u00e9sekben, p\u00e9ld\u00e1ul kotr\u00f3g\u00e9pekben, kotr\u00f3g\u00e9pekben \u00e9s darukban haszn\u00e1lj\u00e1k, hogy prec\u00edz ir\u00e1ny\u00edt\u00e1st biztos\u00edtsanak a neh\u00e9z terhek \u00e9s tartoz\u00e9kok felett.<\/li>\n<li><strong>Sz\u00e1ll\u00edt\u00e1s:<\/strong> A hengert sz\u00e1ll\u00edt\u00f3eszk\u00f6z\u00f6kben, p\u00e9ld\u00e1ul d\u00f6mperekben, p\u00f3tkocsikban \u00e9s f\u00e9lp\u00f3tkocsikban haszn\u00e1lj\u00e1k, hogy biztos\u00edts\u00e1k a neh\u00e9z rakom\u00e1nyok mozgat\u00e1s\u00e1hoz sz\u00fcks\u00e9ges er\u0151t.<\/li>\n<li><strong>Mez\u0151gazdas\u00e1g:<\/strong> A ford\u00edtott teleszk\u00f3pos hengereket mez\u0151gazdas\u00e1gi g\u00e9pekben, p\u00e9ld\u00e1ul traktorokban haszn\u00e1lj\u00e1k, hogy biztos\u00edts\u00e1k a neh\u00e9z terhek \u00e9s tartoz\u00e9kok mozgat\u00e1s\u00e1hoz sz\u00fcks\u00e9ges er\u0151t.<\/li>\n<\/ul>\n<p>\u00d6sszess\u00e9g\u00e9ben a ford\u00edtott teleszk\u00f3pos henger egy rendk\u00edv\u00fcl hat\u00e9kony \u00e9s megb\u00edzhat\u00f3 hidraulikus henger, amely sz\u00e1mos el\u0151nnyel rendelkezik m\u00e1s t\u00edpus\u00fa hengerekkel szemben. Egyedi kialak\u00edt\u00e1sa, valamint fokozott teljes\u00edtm\u00e9nye \u00e9s megb\u00edzhat\u00f3s\u00e1ga ide\u00e1lis v\u00e1laszt\u00e1ss\u00e1 teszi a hidraulikus alkalmaz\u00e1sok sz\u00e9les sk\u00e1l\u00e1j\u00e1hoz.<\/p>\n<h3>Az FMP hidraulikus henger\u00e9r\u0151l<\/h3>\n<p>Az FMP elk\u00f6telezett a kiv\u00e1l\u00f3 min\u0151s\u00e9g\u0171 \u00e9s megb\u00edzhat\u00f3 \u00e9p\u00edt\u0151ipari g\u00e9palkatr\u00e9szek \u00e9s komplett g\u00e9pmegold\u00e1sok biztos\u00edt\u00e1sa ir\u00e1nt. Hidraulikus henger\u00fcnk az egyik legn\u00e9pszer\u0171bb term\u00e9k a k\u00edn\u00e1latunkban. \u00cdme \u00f6t ok, ami\u00e9rt \u00e9rdemes az FMP hidraulikus henger\u00e9t v\u00e1lasztania:<\/p>\n<ol>\n<li><strong>Kiv\u00e1l\u00f3 min\u0151s\u00e9g:<\/strong> Hidraulikus henger\u00fcnk kiv\u00e1l\u00f3 min\u0151s\u00e9g\u0171 anyagokb\u00f3l k\u00e9sz\u00fcl, ami biztos\u00edtja a tart\u00f3ss\u00e1g\u00e1t \u00e9s a hossz\u00fa \u00e9lettartam\u00e1t. Prec\u00edz tervez\u00e9ssel \u00e9s gy\u00e1rt\u00e1ssal k\u00e9sz\u00fclt, hogy megfeleljen a szigor\u00fa min\u0151s\u00e9gi el\u0151\u00edr\u00e1soknak, biztos\u00edtva, hogy ellen\u00e1lljon a zord munkak\u00f6r\u00fclm\u00e9nyeknek.<\/li>\n<li><strong>Testreszabhat\u00f3:<\/strong> Hidraulikus henger\u00fcnk testreszabhat\u00f3, hogy megfeleljen az \u00d6n egyedi ig\u00e9nyeinek. Sz\u00e9les v\u00e1laszt\u00e9kot k\u00edn\u00e1lunk, bele\u00e9rtve a furatm\u00e9reteket, l\u00f6kethosszakat \u00e9s r\u00f6gz\u00edt\u00e9si m\u00f3dokat. Szak\u00e9rt\u0151i csapatunk professzion\u00e1lis term\u00e9ktan\u00e1csad\u00e1ssal \u00e9s intelligens v\u00e1s\u00e1rl\u00e1si javaslatokkal seg\u00edt kiv\u00e1lasztani az \u00d6n ig\u00e9nyeinek megfelel\u0151 hidraulikus hengert.<\/li>\n<li><strong>K\u00f6nny\u0171 telep\u00edt\u00e9s:<\/strong> Hidraulikus henger\u00fcnket \u00fagy tervezt\u00fck, hogy k\u00f6nnyen telep\u00edthet\u0151 legyen, cs\u00f6kkentve az \u00e1ll\u00e1sid\u0151t \u00e9s n\u00f6velve a termel\u00e9kenys\u00e9get. Sz\u00e9les k\u00f6r\u0171 r\u00f6gz\u00edt\u00e9si lehet\u0151s\u00e9gekkel rendelkezik, amelyek k\u00f6nnyen felszerelhet\u0151k a berendez\u00e9s\u00e9re.<\/li>\n<li><strong>Versenyk\u00e9pes \u00e1r:<\/strong> Versenyk\u00e9pes \u00e1rakat k\u00edn\u00e1lunk a min\u0151s\u00e9g fel\u00e1ldoz\u00e1sa n\u00e9lk\u00fcl. Hossz\u00fa t\u00e1v\u00fa \u00e9s stabil egy\u00fcttm\u0171k\u00f6d\u00e9si kapcsolatokat \u00e9p\u00edt\u00fcnk ki sz\u00e1mos kiv\u00e1l\u00f3 min\u0151s\u00e9g\u0171 belf\u00f6ldi \u00e9s k\u00fclf\u00f6ldi besz\u00e1ll\u00edt\u00f3val, \u00edgy biztos\u00edtjuk, hogy minden besz\u00e1ll\u00edtott alkatr\u00e9sz megfeleljen a szigor\u00fa min\u0151s\u00e9gi el\u0151\u00edr\u00e1soknak.<\/li>\n<li><strong>Hat\u00e9kony logisztikai eloszt\u00e1si rendszer:<\/strong> Hat\u00e9kony logisztikai eloszt\u00e1si rendszerrel rendelkez\u00fcnk annak \u00e9rdek\u00e9ben, hogy \u00fcgyfeleink id\u0151ben \u00e9s pontosan megkapj\u00e1k a sz\u00fcks\u00e9ges alkatr\u00e9szeket. Szorosan egy\u00fcttm\u0171k\u00f6d\u00fcnk logisztikai partnereinkkel, hogy gyors \u00e9s megb\u00edzhat\u00f3 sz\u00e1ll\u00edt\u00e1si szolg\u00e1ltat\u00e1sokat ny\u00fajtsunk \u00fcgyfeleinknek vil\u00e1gszerte.<\/li>\n<\/ol>\n<p><img decoding=\"async\" src=\"https:\/\/fmp-components.com\/wp-content\/uploads\/2024\/12\/Adjustable-Clevis-Type-Cylinders-6.webp\" alt=\"\u00c1ll\u00edthat\u00f3 kengyeles henger\" width=\"831\" title=\"\"><\/p>\n<p>Az FMP hidraulikus henger\u00e9vel biztos lehet benne, hogy kiv\u00e1l\u00f3 min\u0151s\u00e9get, testreszabhat\u00f3s\u00e1got, egyszer\u0171 telep\u00edt\u00e9st, versenyk\u00e9pes \u00e1rakat \u00e9s hat\u00e9kony logisztikai eloszt\u00e1st k\u00edn\u00e1lunk. L\u00e9pjen kapcsolatba vel\u00fcnk m\u00e9g ma, hogy t\u00f6bbet megtudjon term\u00e9keinkr\u0151l \u00e9s szolg\u00e1ltat\u00e1sainkr\u00f3l, \u00e9s seg\u00edts\u00fcnk megtal\u00e1lni az \u00d6n ig\u00e9nyeinek megfelel\u0151 hidraulikus hengert.<\/p>\n<p>Szerz\u0151: CX<\/p>","protected":false},"excerpt":{"rendered":"<p>The Professional 5 Ton Dump Trailer with Hydraulic Cylinders is a top-of-the-line product designed for heavy-duty hauling and dumping needs. This dump trailer is perfect for commercial use and offers superior functionality that is unmatched by other trailers in its class. One of the standout features of this dump trailer is its hydraulic cylinders, which [&hellip;]<\/p>","protected":false},"featured_media":1660,"comment_status":"closed","ping_status":"closed","template":"","meta":{"_et_pb_use_builder":"","_et_pb_old_content":"","_et_gb_content_width":""},"product_brand":[],"product_cat":[45],"product_tag":[34,48],"class_list":{"0":"post-1659","1":"product","2":"type-product","3":"status-publish","4":"has-post-thumbnail","6":"product_cat-inverted-telescopic-cylinder","7":"product_tag-hydraulic-cylinder","8":"product_tag-inverted-telescopic-cylinder","10":"first","11":"instock","12":"product-type-simple"},"_links":{"self":[{"href":"https:\/\/fmp-components.com\/hu\/wp-json\/wp\/v2\/product\/1659","targetHints":{"allow":["GET"]}}],"collection":[{"href":"https:\/\/fmp-components.com\/hu\/wp-json\/wp\/v2\/product"}],"about":[{"href":"https:\/\/fmp-components.com\/hu\/wp-json\/wp\/v2\/types\/product"}],"replies":[{"embeddable":true,"href":"https:\/\/fmp-components.com\/hu\/wp-json\/wp\/v2\/comments?post=1659"}],"wp:featuredmedia":[{"embeddable":true,"href":"https:\/\/fmp-components.com\/hu\/wp-json\/wp\/v2\/media\/1660"}],"wp:attachment":[{"href":"https:\/\/fmp-components.com\/hu\/wp-json\/wp\/v2\/media?parent=1659"}],"wp:term":[{"taxonomy":"product_brand","embeddable":true,"href":"https:\/\/fmp-components.com\/hu\/wp-json\/wp\/v2\/product_brand?post=1659"},{"taxonomy":"product_cat","embeddable":true,"href":"https:\/\/fmp-components.com\/hu\/wp-json\/wp\/v2\/product_cat?post=1659"},{"taxonomy":"product_tag","embeddable":true,"href":"https:\/\/fmp-components.com\/hu\/wp-json\/wp\/v2\/product_tag?post=1659"}],"curies":[{"name":"munkaf\u00fczet","href":"https:\/\/api.w.org\/{rel}","templated":true}]}}