{"id":1655,"date":"2024-12-23T07:00:44","date_gmt":"2024-12-23T07:00:44","guid":{"rendered":"https:\/\/fmp-components.com\/product\/hot-sale-telescopic-double-acting-truck-hydraulic-cylinder\/"},"modified":"2025-03-11T06:11:18","modified_gmt":"2025-03-11T06:11:18","slug":"hot-sale-telescopic-double-acting-truck-hydraulic-cylinder","status":"publish","type":"product","link":"https:\/\/fmp-components.com\/hu\/product\/hot-sale-telescopic-double-acting-truck-hydraulic-cylinder\/","title":{"rendered":"Forr\u00f3 elad\u00f3 teleszk\u00f3pos kett\u0151s m\u0171k\u00f6d\u00e9s\u0171 teheraut\u00f3 hidraulikus henger"},"content":{"rendered":"<h2>Bemutatkozik a forr\u00f3 elad\u00e1s\u00fa teleszk\u00f3pos kett\u0151s m\u0171k\u00f6d\u00e9s\u0171 teheraut\u00f3 hidraulikus henger:<\/h2>\n<p>A Hot Sale teleszk\u00f3pos kett\u0151s m\u0171k\u00f6d\u00e9s\u0171 teheraut\u00f3 hidraulikus henger egy kiv\u00e1l\u00f3 min\u0151s\u00e9g\u0171 \u00e9s sokoldal\u00fa term\u00e9k, amelyet kifejezetten teheraut\u00f3khoz terveztek. Teleszk\u00f3pos kialak\u00edt\u00e1s\u00e1nak \u00e9s kett\u0151s m\u0171k\u00f6d\u00e9s\u00e9nek k\u00f6sz\u00f6nhet\u0151en ez a hidraulikus henger kiv\u00e9teles teljes\u00edtm\u00e9nyt \u00e9s megb\u00edzhat\u00f3s\u00e1got k\u00edn\u00e1l.<\/p>\n<p>Ennek a hidraulikus hengernek az egyik legfontosabb jellemz\u0151je a teleszk\u00f3pos kialak\u00edt\u00e1s, amely lehet\u0151v\u00e9 teszi a k\u00f6nny\u0171 kih\u00faz\u00e1st \u00e9s visszah\u00faz\u00e1st. Ez ide\u00e1liss\u00e1 teszi a teherg\u00e9pj\u00e1rm\u0171-iparban alkalmazhat\u00f3 k\u00fcl\u00f6nf\u00e9le alkalmaz\u00e1sokhoz, bele\u00e9rtve a d\u00f6mpereket, vontat\u00f3kat \u00e9s m\u00e1s neh\u00e9z teherg\u00e9pj\u00e1rm\u0171veket. Ak\u00e1r neh\u00e9z terheket kell emelnie, tolnia vagy h\u00faznia, ez a hidraulikus henger megold\u00e1st k\u00edn\u00e1l.<\/p>\n<p>Ennek a hidraulikus hengernek a kett\u0151s m\u0171k\u00f6d\u00e9se hat\u00e9kony m\u0171k\u00f6d\u00e9st \u00e9s fokozott termel\u00e9kenys\u00e9get biztos\u00edt. Lehet\u0151v\u00e9 teszi, hogy a henger mindk\u00e9t ir\u00e1nyban er\u0151t fejtsen ki, \u00edgy prec\u00edz vez\u00e9rl\u00e9st \u00e9s sima mozg\u00e1st biztos\u00edt. Ez t\u00f6k\u00e9letess\u00e9 teszi olyan alkalmaz\u00e1sokhoz, amelyek neh\u00e9z terhek prec\u00edz pozicion\u00e1l\u00e1s\u00e1t \u00e9s kezel\u00e9s\u00e9t ig\u00e9nylik.<\/p>\n<p>Kiv\u00e9teles teljes\u00edtm\u00e9nye mellett a Hot Sale teleszk\u00f3pos kett\u0151s m\u0171k\u00f6d\u00e9s\u0171 teheraut\u00f3 hidraulikus henger tart\u00f3s haszn\u00e1latra k\u00e9sz\u00fclt. Tart\u00f3s anyagokb\u00f3l k\u00e9sz\u00fclt, \u00e9s szigor\u00fa tesztel\u00e9sen esik \u00e1t a hossz\u00fa t\u00e1v\u00fa tart\u00f3ss\u00e1g \u00e9s megb\u00edzhat\u00f3s\u00e1g biztos\u00edt\u00e1sa \u00e9rdek\u00e9ben. Ez azt jelenti, hogy erre a hidraulikus hengerre a legnehezebb k\u00f6r\u00fclm\u00e9nyek k\u00f6z\u00f6tt is sz\u00e1m\u00edthat, hogy k\u00f6vetkezetesen teljes\u00edt.<\/p>\n<p>Tov\u00e1bb\u00e1, ezt a hidraulikus hengert a k\u00f6nny\u0171 telep\u00edt\u00e9s \u00e9s karbantart\u00e1s szem el\u0151tt tart\u00e1s\u00e1val tervezt\u00e9k. Felhaszn\u00e1l\u00f3bar\u00e1t kialak\u00edt\u00e1ssal \u00e9s \u00e1tfog\u00f3 utas\u00edt\u00e1sokkal rendelkezik, \u00edgy a telep\u00edt\u00e9si folyamat gyors \u00e9s probl\u00e9mamentes. Ezenk\u00edv\u00fcl a rendszeres karbantart\u00e1s egyszer\u0171, \u00edgy minim\u00e1lis er\u0151fesz\u00edt\u00e9ssel optim\u00e1lis \u00fczem\u00e1llapotban tarthatja a hengert.<\/p>\n<table style=\"width: 100%;\" border=\"1\" width=\"100%\" cellspacing=\"0\" cellpadding=\"0\">\n<tbody>\n<tr>\n<th>Term\u00e9k neve<\/th>\n<td>Forr\u00f3 elad\u00f3 teleszk\u00f3pos kett\u0151s m\u0171k\u00f6d\u00e9s\u0171 teheraut\u00f3 hidraulikus henger<\/td>\n<\/tr>\n<tr>\n<th>\u00c1llapot<\/th>\n<td>\u00daj<\/td>\n<\/tr>\n<tr>\n<th>S\u00faly (KG)<\/th>\n<td>45<\/td>\n<\/tr>\n<tr>\n<th>Tervez\u00e9s<\/th>\n<td>Teleszk\u00f3pos kett\u0151s m\u0171k\u00f6d\u00e9s\u0171<\/td>\n<\/tr>\n<tr>\n<th>Funkcionalit\u00e1s<\/th>\n<td>Kiv\u00e9teles teljes\u00edtm\u00e9ny \u00e9s megb\u00edzhat\u00f3s\u00e1g<\/td>\n<\/tr>\n<tr>\n<th>Anyag<\/th>\n<td>Ac\u00e9l<\/td>\n<\/tr>\n<tr>\n<th>Telep\u00edt\u00e9s<\/th>\n<td>K\u00f6nny\u0171 telep\u00edt\u00e9s<\/td>\n<\/tr>\n<tr>\n<th>Alkalmazhat\u00f3 ipar\u00e1gak<\/th>\n<td>Gy\u00e1rt\u00f3\u00fczemek, G\u00e9pjav\u00edt\u00f3 m\u0171helyek, Mez\u0151gazdas\u00e1g, Energia \u00e9s b\u00e1ny\u00e1szat, G\u00e9pgy\u00e1rak<\/td>\n<\/tr>\n<\/tbody>\n<\/table>\n<h2>A teleszk\u00f3pos kett\u0151s m\u0171k\u00f6d\u00e9s\u0171 teheraut\u00f3 hidraulikus henger jellemz\u0151i<\/h2>\n<p>Kett\u0151s m\u0171k\u00f6d\u00e9s\u0171 hidraulikus henger\u00fcnk sz\u00e1mos leny\u0171g\u00f6z\u0151 tulajdons\u00e1ggal b\u00fcszk\u00e9lkedhet:<\/p>\n<ul>\n<li style=\"list-style-type: none;\">\n<ul>\n<li>\u00c1llapot: vadonat\u00faj, 1 \u00e9v garanci\u00e1val.<\/li>\n<li>F\u0151 alkatr\u00e9szek: Csap\u00e1gy, Dugatty\u00fas henger.<\/li>\n<li>Standard szerkezet: Hidraulikus er\u0151vel hajtott dugatty\u00fas henger.<\/li>\n<\/ul>\n<\/li>\n<\/ul>\n<p><img decoding=\"async\" src=\"https:\/\/hzpt.com\/wp-content\/uploads\/2023\/11\/Inverted-Telescopic-Cylinder-5.webp\" alt=\"\" title=\"\"><\/p>\n<ul>\n<li>Maxim\u00e1lis tol\u00f3er\u0151: 3000.<\/li>\n<li>T\u00edpus: Ford\u00edtott teleszk\u00f3pos hengerek.<\/li>\n<\/ul>\n<h2>A teleszk\u00f3pos kett\u0151s m\u0171k\u00f6d\u00e9s\u0171 teheraut\u00f3 hidraulikus henger alkalmaz\u00e1sai<\/h2>\n<p>Teleszk\u00f3pos, kett\u0151s m\u0171k\u00f6d\u00e9s\u0171 teheraut\u00f3-hidraulikus henger\u00fcnk sokoldal\u00fas\u00e1ga sz\u00e9lesk\u00f6r\u0171 alkalmaz\u00e1si lehet\u0151s\u00e9geket k\u00edn\u00e1l:<\/p>\n<ul>\n<li>Gy\u00e1rt\u00f3\u00fczemek: Ide\u00e1lis neh\u00e9zg\u00e9pek \u00fczemeltet\u00e9s\u00e9hez.<\/li>\n<li>G\u00e9pjav\u00edt\u00f3 m\u0171helyek: Megb\u00edzhat\u00f3 teljes\u00edtm\u00e9nyt ny\u00fajt jav\u00edt\u00e1si \u00e9s karbantart\u00e1si feladatokhoz.<\/li>\n<li>Gazdas\u00e1gok: K\u00fcl\u00f6nb\u00f6z\u0151 mez\u0151gazdas\u00e1gi g\u00e9pek \u00e9s berendez\u00e9sek sz\u00e1m\u00e1ra alkalmas.<\/li>\n<li>Energia \u00e9s b\u00e1ny\u00e1szat: T\u00f6k\u00e9letes ig\u00e9nyes b\u00e1ny\u00e1szati \u200b\u200bm\u0171veletekhez.<\/li>\n<li>G\u00e9pgy\u00e1rak: Hat\u00e9kony m\u0171k\u00f6d\u00e9sre tervezt\u00e9k a g\u00e9pgy\u00e1rt\u00e1sban.<\/li>\n<\/ul>\n<p><img decoding=\"async\" src=\"https:\/\/hzpt.com\/wp-content\/uploads\/2023\/11\/Inverted-Telescopic-Cylinder-Applications.webp\" alt=\"Ford\u00edtott teleszk\u00f3pos henger alkalmaz\u00e1sok\" title=\"\"><\/p>\n<h2>A teleszk\u00f3pos kett\u0151s m\u0171k\u00f6d\u00e9s\u0171 teheraut\u00f3 hidraulikus henger\u00e9nek m\u0171k\u00f6d\u00e9si elve \u00e9s karbantart\u00e1sa<\/h2>\n<p>A hidraulikus henger \u00fagy m\u0171k\u00f6dik, hogy a hidraulikus folyad\u00e9k energi\u00e1j\u00e1t line\u00e1ris mechanikai er\u0151v\u00e9 alak\u00edtja. A henger konfigur\u00e1ci\u00f3ja, a hidraulikus folyad\u00e9k bemenete \u00e9s kimeneti ereje mind hozz\u00e1j\u00e1rul a hat\u00e9kony m\u0171k\u00f6d\u00e9s\u00e9hez. A karbantart\u00e1s szempontj\u00e1b\u00f3l elengedhetetlen a rendszeres ellen\u0151rz\u00e9s, tiszt\u00edt\u00e1s \u00e9s ken\u00e9s. Fontos a rendszeres ellen\u0151rz\u00e9sek \u00e9s jav\u00edt\u00e1sok elv\u00e9gz\u00e9se, a t\u00f6m\u00edt\u00e9sek sz\u00fcks\u00e9g szerinti cser\u00e9je, \u00e9s a legjobb eredm\u00e9ny el\u00e9r\u00e9se \u00e9rdek\u00e9ben mindig a kezel\u00e9si \u00fatmutat\u00f3 betart\u00e1sa.<\/p>\n<p><img decoding=\"async\" src=\"https:\/\/hzpt.com\/wp-content\/uploads\/2023\/11\/Inverted-Telescopic-Cylinder-22.webp\" alt=\"\" title=\"\"><\/p>\n<h2>Ford\u00edtott teleszk\u00f3pos henger<\/h2>\n<p>Az invert\u00e1lt teleszk\u00f3pos henger, m\u00e1s n\u00e9ven egyszeres m\u0171k\u00f6d\u00e9s\u0171 teleszk\u00f3pos henger, egy olyan hidraulikus henger, amelyet \u00e1ltal\u00e1ban k\u00fcl\u00f6nf\u00e9le ipari alkalmaz\u00e1sokban haszn\u00e1lnak. \u00dagy tervezt\u00e9k, hogy hat\u00e9kony \u00e9s megb\u00edzhat\u00f3 m\u00f3dszert biztos\u00edtson a dugatty\u00far\u00fad kiny\u00fajt\u00e1s\u00e1ra \u00e9s visszah\u00faz\u00e1s\u00e1ra.<\/p>\n<h3>A ford\u00edtott teleszk\u00f3pos henger m\u0171k\u00f6d\u00e9si elve<\/h3>\n<p>A ford\u00edtott teleszk\u00f3pos henger \u00fagy m\u0171k\u00f6dik, hogy hidraulikus folyad\u00e9kkal nyom\u00e1st hoz l\u00e9tre, amely mozg\u00e1sra k\u00e9nyszer\u00edti a dugatty\u00fat. Ezt a nyom\u00e1st egy bels\u0151 vagy k\u00fcls\u0151 szivatty\u00fa hozza l\u00e9tre, az adott alkalmaz\u00e1st\u00f3l f\u00fcgg\u0151en. Ahogy a dugatty\u00fa mozog, a hidraulikus folyad\u00e9kot a hengeren kereszt\u00fcl a hidraulikus rendszerbe nyomja, ami ezut\u00e1n l\u00e9trehozza a teher mozgat\u00e1s\u00e1hoz sz\u00fcks\u00e9ges er\u0151t.<\/p>\n<h3>A ford\u00edtott teleszk\u00f3pos henger szerkezete<\/h3>\n<p>A ford\u00edtott teleszk\u00f3pos henger dugatty\u00fab\u00f3l, dugatty\u00far\u00fadb\u00f3l, hengercs\u0151b\u0151l \u00e9s v\u00e9gz\u00e1r\u00f3b\u00f3l \u00e1ll. A dugatty\u00fa a hengercs\u0151 belsej\u00e9ben tal\u00e1lhat\u00f3, \u00e9s a dugatty\u00far\u00fadhoz van r\u00f6gz\u00edtve. A v\u00e9gz\u00e1r\u00f3 a hengercs\u0151 egyik v\u00e9g\u00e9n tal\u00e1lhat\u00f3, \u00e9s a henger r\u00f6gz\u00edt\u00e9si pontjak\u00e9nt szolg\u00e1l. A hidraulikafolyad\u00e9k a hengercs\u0151 belsej\u00e9ben t\u00e1rol\u00f3dik, mozg\u00e1s\u00e1t a dugatty\u00fa \u00e9s a dugatty\u00far\u00fad vez\u00e9rli.<\/p>\n<h3>Az invert\u00e1lt teleszk\u00f3pos henger jellemz\u0151i<\/h3>\n<ul>\n<li>Kompakt kialak\u00edt\u00e1s<\/li>\n<li>Rendk\u00edv\u00fcl hat\u00e9kony<\/li>\n<li>K\u00f6nnyen karbantarthat\u00f3<\/li>\n<li>Hossz\u00fa \u00e9lettartam<\/li>\n<\/ul>\n<h3>Ford\u00edtott teleszk\u00f3pos henger alkalmaz\u00e1sai<\/h3>\n<p>A ford\u00edtott teleszk\u00f3pos hengert gyakran haszn\u00e1lj\u00e1k k\u00fcl\u00f6nf\u00e9le ipari alkalmaz\u00e1sokban, p\u00e9ld\u00e1ul \u00e9p\u00edt\u0151ipari g\u00e9pekben, mez\u0151gazdas\u00e1gi g\u00e9pekben \u00e9s b\u00e1ny\u00e1szati \u200b\u200bberendez\u00e9sekben. Az aut\u00f3iparban is haszn\u00e1lj\u00e1k teheraut\u00f3k, p\u00f3tkocsik \u00e9s egy\u00e9b j\u00e1rm\u0171vek gy\u00e1rt\u00e1s\u00e1hoz. A Hot Sale Teleszk\u00f3pos Kett\u0151s M\u0171k\u00f6d\u00e9s\u0171 Teheraut\u00f3 Hidraulikus Henger egy p\u00e9lda a ford\u00edtott teleszk\u00f3pos hengerekre, amelyet gyakran haszn\u00e1lnak neh\u00e9z teherg\u00e9pkocsik gy\u00e1rt\u00e1s\u00e1ban.<\/p>\n<h3>A ford\u00edtott teleszk\u00f3pos henger karbantart\u00e1sa<\/h3>\n<p>A ford\u00edtott teleszk\u00f3pos henger karbantart\u00e1sa elengedhetetlen a hossz\u00fa \u00e9lettartam biztos\u00edt\u00e1s\u00e1hoz. A rendszeres karbantart\u00e1s mag\u00e1ban foglalja a hidraulikafolyad\u00e9k szintj\u00e9nek ellen\u0151rz\u00e9s\u00e9t, a henger sziv\u00e1rg\u00e1s\u00e1nak vizsg\u00e1lat\u00e1t, valamint a kopott vagy s\u00e9r\u00fclt alkatr\u00e9szek cser\u00e9j\u00e9t. Fontos a gy\u00e1rt\u00f3 \u00e1ltal aj\u00e1nlott karbantart\u00e1si \u00fctemterv betart\u00e1sa annak \u00e9rdek\u00e9ben, hogy a henger a lehet\u0151 legjobb hat\u00e9konys\u00e1ggal m\u0171k\u00f6dj\u00f6n.<\/p>\n<p>A ford\u00edtott teleszk\u00f3pos henger egy sokoldal\u00fa \u00e9s megb\u00edzhat\u00f3 hidraulikus henger, amelyet gyakran haszn\u00e1lnak k\u00fcl\u00f6nf\u00e9le ipari alkalmaz\u00e1sokban. Kompakt kialak\u00edt\u00e1sa, nagy hat\u00e9konys\u00e1ga \u00e9s k\u00f6nny\u0171 karbantart\u00e1sa ide\u00e1lis v\u00e1laszt\u00e1ss\u00e1 teszi sz\u00e1mos ipar\u00e1g sz\u00e1m\u00e1ra. A Hot Sale teleszk\u00f3pos kett\u0151s m\u0171k\u00f6d\u00e9s\u0171 teheraut\u00f3 hidraulikus henger haszn\u00e1lata neh\u00e9z teherg\u00e9pkocsik gy\u00e1rt\u00e1s\u00e1ban a ford\u00edtott teleszk\u00f3pos henger hat\u00e9konys\u00e1g\u00e1nak \u00e9s megb\u00edzhat\u00f3s\u00e1g\u00e1nak bizony\u00edt\u00e9ka.<\/p>\n<h3>Az FMP hidraulikus hengerr\u0151l<\/h3>\n<p>Az FMP egy olyan v\u00e1llalat, amely kiv\u00e1l\u00f3 min\u0151s\u00e9g\u0171 \u00e9s megb\u00edzhat\u00f3 hidraulikus hengereket \u00e9s komplett g\u00e9pi megold\u00e1sokat k\u00edn\u00e1l \u00fcgyfeleinek. Hidraulikus hengereinket sz\u00e9les k\u00f6rben haszn\u00e1lj\u00e1k k\u00fcl\u00f6nf\u00e9le \u00e9p\u00edt\u0151ipari g\u00e9pekben, bele\u00e9rtve a mez\u0151gazdas\u00e1gi g\u00e9pek sebess\u00e9gv\u00e1lt\u00f3it, bolyg\u00f3kerekes sebess\u00e9gv\u00e1lt\u00f3kat, ipari sebess\u00e9gv\u00e1lt\u00f3kat \u00e9s mez\u0151gazdas\u00e1gi g\u00e9palkatr\u00e9szeket. \u00cdme 5 ok, ami\u00e9rt az FMP-t kellene v\u00e1lasztania:<\/p>\n<p>1. Magas min\u0151s\u00e9gi szabv\u00e1nyok: Az FMP-n\u00e9l hossz\u00fa t\u00e1v\u00fa \u00e9s stabil egy\u00fcttm\u0171k\u00f6d\u00e9si kapcsolatokat \u00e9p\u00edt\u00fcnk ki sz\u00e1mos kiv\u00e1l\u00f3 min\u0151s\u00e9g\u0171 besz\u00e1ll\u00edt\u00f3val belf\u00f6ld\u00f6n \u00e9s k\u00fclf\u00f6ld\u00f6n, biztos\u00edtva, hogy minden sz\u00e1ll\u00edtott hidraulikus henger megfeleljen a szigor\u00fa min\u0151s\u00e9gi el\u0151\u00edr\u00e1soknak. Hidraulikus hengereink tart\u00f3sak, hat\u00e9konyak \u00e9s hossz\u00fa \u00e9lettartam\u00faak, ami karbantart\u00e1si \u00e9s jav\u00edt\u00e1si k\u00f6lts\u00e9geket takar\u00edthat meg \u00fcgyfeleink sz\u00e1m\u00e1ra.<\/p>\n<p>2. Professzion\u00e1lis csapat: Az FMP tapasztalt \u00e9s k\u00e9pzett \u00e9rt\u00e9kes\u00edt\u00e9si csapattal rendelkezik, amely ismeri az \u00e9p\u00edt\u0151ipari g\u00e9pipar fejleszt\u00e9si trendjeit \u00e9s \u00fcgyf\u00e9lig\u00e9nyeit. Professzion\u00e1lis term\u00e9ktan\u00e1csad\u00e1st \u00e9s intelligens v\u00e1s\u00e1rl\u00e1si javaslatokat tudnak ny\u00fajtani, seg\u00edtve az \u00fcgyfeleket a g\u00e9peikhez legmegfelel\u0151bb hidraulikus hengerek kiv\u00e1laszt\u00e1s\u00e1ban.<\/p>\n<p>3. Sz\u00e9les term\u00e9kv\u00e1laszt\u00e9k: Az FMP term\u00e9kk\u00edn\u00e1lata sz\u00e9les, bele\u00e9rtve a k\u00fcl\u00f6nf\u00e9le t\u00edpus\u00fa hidraulikus hengereket, p\u00e9ld\u00e1ul az \u00e1ll\u00edthat\u00f3 kengyeles hengereket, a teleszk\u00f3pos hengereket \u00e9s a hegesztett hidraulikus hengereket. Emellett sz\u00e1mos, ezekhez illeszked\u0151, cs\u00facskateg\u00f3ri\u00e1s tartoz\u00e9kot is k\u00edn\u00e1lunk, p\u00e9ld\u00e1ul hidraulikus szivatty\u00fakat, szelepeket \u00e9s sz\u0171r\u0151ket, hogy kiel\u00e9g\u00edts\u00fck az \u00fcgyfelek elt\u00e9r\u0151 ig\u00e9nyeit.<\/p>\n<p>4. Hat\u00e9kony logisztikai eloszt\u00e1s: Az FMP hat\u00e9kony logisztikai eloszt\u00e1si rendszerrel rendelkezik, amely biztos\u00edtja, hogy az \u00fcgyfelek id\u0151ben \u00e9s pontosan megkapj\u00e1k a sz\u00fcks\u00e9ges hidraulikus hengereket. Gyors \u00e9s megb\u00edzhat\u00f3 sz\u00e1ll\u00edt\u00e1si szolg\u00e1ltat\u00e1sokat ny\u00fajtunk, hogy id\u0151t takar\u00edtsunk meg \u00fcgyfeleinknek \u00e9s elker\u00fclj\u00fck a k\u00e9sedelmek okozta vesztes\u00e9geket.<\/p>\n<p>5. Professzion\u00e1lis \u00e9rt\u00e9kes\u00edt\u00e9s ut\u00e1ni szolg\u00e1ltat\u00e1s: Az FMP elk\u00f6telezett amellett, hogy professzion\u00e1lis \u00e9rt\u00e9kes\u00edt\u00e9s ut\u00e1ni szolg\u00e1ltat\u00e1st ny\u00fajtson \u00fcgyfeleinek. Ha az \u00fcgyfeleknek b\u00e1rmilyen k\u00e9rd\u00e9se vagy probl\u00e9m\u00e1ja mer\u00fcl fel hidraulikus hengereink haszn\u00e1lata sor\u00e1n, \u00e9rt\u00e9kes\u00edt\u00e9s ut\u00e1ni csapatunk id\u0151ben \u00e9s hat\u00e9kony megold\u00e1sokat k\u00edn\u00e1l annak \u00e9rdek\u00e9ben, hogy az \u00fcgyfelek g\u00e9pei z\u00f6kken\u0151mentesen m\u0171k\u00f6djenek.<\/p>\n<p><img decoding=\"async\" src=\"https:\/\/fmp-components.com\/wp-content\/uploads\/2024\/12\/Adjustable-Clevis-Type-Cylinders-6.webp\" alt=\"\u00c1ll\u00edthat\u00f3 kengyeles henger\" width=\"829\" title=\"\"><\/p>\n<p>V\u00e1lassza az FMP-t, v\u00e1lasszon kiv\u00e1l\u00f3 min\u0151s\u00e9g\u0171 \u00e9s megb\u00edzhat\u00f3 hidraulikus hengereket \u00e9p\u00edt\u0151ipari g\u00e9peihez.<br \/>\nSzerz\u0151: CX<\/p>","protected":false},"excerpt":{"rendered":"<p>Introducing the Hot Sale Telescopic Double Acting Truck Hydraulic Cylinder: The Hot Sale Telescopic Double Acting Truck Hydraulic Cylinder is a high-quality and versatile product designed specifically for trucks. With its telescopic design and double-acting functionality, this hydraulic cylinder offers exceptional performance and reliability. One of the key features of this hydraulic cylinder is its [&hellip;]<\/p>","protected":false},"featured_media":1656,"comment_status":"closed","ping_status":"closed","template":"","meta":{"_et_pb_use_builder":"","_et_pb_old_content":"","_et_gb_content_width":""},"product_brand":[],"product_cat":[45],"product_tag":[34,48],"class_list":{"0":"post-1655","1":"product","2":"type-product","3":"status-publish","4":"has-post-thumbnail","6":"product_cat-inverted-telescopic-cylinder","7":"product_tag-hydraulic-cylinder","8":"product_tag-inverted-telescopic-cylinder","10":"first","11":"instock","12":"product-type-simple"},"_links":{"self":[{"href":"https:\/\/fmp-components.com\/hu\/wp-json\/wp\/v2\/product\/1655","targetHints":{"allow":["GET"]}}],"collection":[{"href":"https:\/\/fmp-components.com\/hu\/wp-json\/wp\/v2\/product"}],"about":[{"href":"https:\/\/fmp-components.com\/hu\/wp-json\/wp\/v2\/types\/product"}],"replies":[{"embeddable":true,"href":"https:\/\/fmp-components.com\/hu\/wp-json\/wp\/v2\/comments?post=1655"}],"wp:featuredmedia":[{"embeddable":true,"href":"https:\/\/fmp-components.com\/hu\/wp-json\/wp\/v2\/media\/1656"}],"wp:attachment":[{"href":"https:\/\/fmp-components.com\/hu\/wp-json\/wp\/v2\/media?parent=1655"}],"wp:term":[{"taxonomy":"product_brand","embeddable":true,"href":"https:\/\/fmp-components.com\/hu\/wp-json\/wp\/v2\/product_brand?post=1655"},{"taxonomy":"product_cat","embeddable":true,"href":"https:\/\/fmp-components.com\/hu\/wp-json\/wp\/v2\/product_cat?post=1655"},{"taxonomy":"product_tag","embeddable":true,"href":"https:\/\/fmp-components.com\/hu\/wp-json\/wp\/v2\/product_tag?post=1655"}],"curies":[{"name":"munkaf\u00fczet","href":"https:\/\/api.w.org\/{rel}","templated":true}]}}