{"id":1651,"date":"2024-12-23T07:00:44","date_gmt":"2024-12-23T07:00:44","guid":{"rendered":"https:\/\/fmp-components.com\/product\/low-price-10-ton-4-stage-hydraulic-telescopic-ram-cylinder\/"},"modified":"2025-03-11T06:10:58","modified_gmt":"2025-03-11T06:10:58","slug":"low-price-10-ton-4-stage-hydraulic-telescopic-ram-cylinder","status":"publish","type":"product","link":"https:\/\/fmp-components.com\/hu\/product\/low-price-10-ton-4-stage-hydraulic-telescopic-ram-cylinder\/","title":{"rendered":"Alacsony \u00e1r\u00fa 10 tonn\u00e1s, 4 fokozat\u00fa hidraulikus teleszk\u00f3pos d\u00f6ng\u00f6l\u0151henger"},"content":{"rendered":"<h2>Bemutatjuk az alacsony \u00e1r\u00fa 10 tonn\u00e1s, 4 fokozat\u00fa hidraulikus teleszk\u00f3pos d\u00f6ng\u00f6l\u0151t:<\/h2>\n<p>Az alacsony \u00e1r\u00fa, 10 tonn\u00e1s, 4 fokozat\u00fa hidraulikus teleszk\u00f3pos dugatty\u00fas munkahenger egy rendk\u00edv\u00fcl sokoldal\u00fa \u00e9s tart\u00f3s term\u00e9k, amelyet k\u00fcl\u00f6nf\u00e9le ipar\u00e1gak ig\u00e9nyes ig\u00e9nyeinek kiel\u00e9g\u00edt\u00e9s\u00e9re terveztek. Fejlett hidraulikus technol\u00f3gi\u00e1j\u00e1nak k\u00f6sz\u00f6nhet\u0151en ez a henger kiv\u00e9teles teljes\u00edtm\u00e9nyt \u00e9s hat\u00e9konys\u00e1got k\u00edn\u00e1l.<\/p>\n<p>10 tonn\u00e1s teherb\u00edr\u00e1s\u00e1val ez a d\u00f6ng\u00f6l\u0151henger k\u00f6nnyed\u00e9n k\u00e9pes kezelni a neh\u00e9z terheket. A 4 fokozat\u00fa teleszk\u00f3pos kialak\u00edt\u00e1s n\u00f6veli a teljes l\u00f6kethosszt, ami fokozott rugalmass\u00e1got \u00e9s hat\u00f3t\u00e1vols\u00e1got tesz lehet\u0151v\u00e9. Ez azt jelenti, hogy prec\u00edz \u00e9s kontroll\u00e1lt mozg\u00e1sokat \u00e9rhet el, m\u00e9g sz\u0171k helyeken is.<\/p>\n<p>Ennek a hidraulikus hengernek az egyik legfontosabb el\u0151nye az alacsony \u00e1ra. Kiv\u00e1l\u00f3 min\u0151s\u00e9g\u0171 konstrukci\u00f3ja \u00e9s megb\u00edzhat\u00f3 teljes\u00edtm\u00e9nye ellen\u00e9re versenyk\u00e9pes \u00e1ron kaphat\u00f3, \u00edgy kiv\u00e1l\u00f3 v\u00e1laszt\u00e1s a k\u00f6lts\u00e9gvet\u00e9s-tudatos v\u00e1s\u00e1rl\u00f3k sz\u00e1m\u00e1ra.<\/p>\n<p>Az alacsony \u00e1r\u00fa, 10 tonn\u00e1s, 4 fokozat\u00fa hidraulikus teleszk\u00f3pos munkahenger a zord haszn\u00e1lat \u00e9s a zord \u00fczemi k\u00f6r\u00fclm\u00e9nyek elvisel\u00e9s\u00e9re k\u00e9sz\u00fclt. Robusztus anyagokb\u00f3l k\u00e9sz\u00fclt, amelyek hossz\u00fa \u00e9lettartamot \u00e9s tart\u00f3ss\u00e1got biztos\u00edtanak. Ez azt jelenti, hogy erre a munkahengerre \u00e9vekig sz\u00e1m\u00edthat, cs\u00f6kkentve a gyakori cser\u00e9k \u00e9s karbantart\u00e1s sz\u00fcks\u00e9gess\u00e9g\u00e9t.<\/p>\n<p>Ezenk\u00edv\u00fcl ez a hidraulikus henger k\u00f6nnyen telep\u00edthet\u0151 \u00e9s \u00fczemeltethet\u0151. Vil\u00e1gos utas\u00edt\u00e1sokkal rendelkezik, \u00e9s z\u00f6kken\u0151mentesen integr\u00e1lhat\u00f3 a megl\u00e9v\u0151 rendszerekbe. Felhaszn\u00e1l\u00f3bar\u00e1t kialak\u00edt\u00e1sa lehet\u0151v\u00e9 teszi a k\u00e9nyelmes karbantart\u00e1st \u00e9s hibaelh\u00e1r\u00edt\u00e1st, minimaliz\u00e1lva az \u00e1ll\u00e1sid\u0151t \u00e9s maximaliz\u00e1lva a termel\u00e9kenys\u00e9get.<\/p>\n<table style=\"width: 100%;\" border=\"1\" width=\"100%\" cellspacing=\"0\" cellpadding=\"0\">\n<tbody>\n<tr>\n<th>Term\u00e9k neve<\/th>\n<td>Alacsony \u00e1r\u00fa 10 tonn\u00e1s, 4 fokozat\u00fa hidraulikus teleszk\u00f3pos d\u00f6ng\u00f6l\u0151henger<\/td>\n<\/tr>\n<tr>\n<th>\u00c1llapot<\/th>\n<td>\u00daj<\/td>\n<\/tr>\n<tr>\n<th>S\u00faly (KG)<\/th>\n<td>50<\/td>\n<\/tr>\n<tr>\n<th>Max. tol\u00f3er\u0151<\/th>\n<td>3000<\/td>\n<\/tr>\n<tr>\n<th>Max. h\u00faz\u00f3er\u0151<\/th>\n<td>20 tonna<\/td>\n<\/tr>\n<tr>\n<th>Test anyaga<\/th>\n<td>Robusztus ac\u00e9l<\/td>\n<\/tr>\n<tr>\n<th>\u00c1ramforr\u00e1s<\/th>\n<td>Hidraulikus<\/td>\n<\/tr>\n<tr>\n<th>Tervez\u00e9s<\/th>\n<td>4 fokozat\u00fa teleszk\u00f3pos standard dugatty\u00fas hengerrel<\/td>\n<\/tr>\n<tr>\n<th>Tan\u00fas\u00edtv\u00e1ny<\/th>\n<td>ISO9001:2000<\/td>\n<\/tr>\n<tr>\n<th>Alkalmazhat\u00f3 ipar\u00e1gak<\/th>\n<td>Gy\u00e1rt\u00f3\u00fczemek, G\u00e9pjav\u00edt\u00f3 m\u0171helyek, Mez\u0151gazdas\u00e1g, Energia \u00e9s B\u00e1ny\u00e1szat stb.<\/td>\n<\/tr>\n<tr>\n<th>Teljes\u00edtm\u00e9ny<\/th>\n<td>K\u00f6lts\u00e9ghat\u00e9kony \u00e9s megb\u00edzhat\u00f3 prec\u00edz hidraulikus rendszerekhez<\/td>\n<\/tr>\n<\/tbody>\n<\/table>\n<h2>A hidraulikus teleszk\u00f3pos d\u00f6ng\u00f6l\u0151 henger jellemz\u0151i<\/h2>\n<p>A hidraulikus teleszk\u00f3pos d\u00f6ng\u00f6l\u0151henger sz\u00e1mos figyelemre m\u00e9lt\u00f3 tulajdons\u00e1ggal rendelkezik:<\/p>\n<p><img decoding=\"async\" src=\"https:\/\/hzpt.com\/wp-content\/uploads\/2023\/11\/Inverted-Telescopic-Cylinder-8.webp\" alt=\"\" title=\"\"><\/p>\n<ol>\n<li>A henger szabv\u00e1nym\u00e9ret\u0171, \u00edgy a g\u00e9pek sz\u00e9les sk\u00e1l\u00e1j\u00e1val kompatibilis.<\/li>\n<li>Dugatty\u00fas hengerszerkezetet tartalmaz a hat\u00e9kony \u00e9s megb\u00edzhat\u00f3 teljes\u00edtm\u00e9ny \u00e9rdek\u00e9ben.<\/li>\n<li>Hidraulikus er\u0151forr\u00e1sa robusztus \u00e9s k\u00f6vetkezetes m\u0171k\u00f6d\u00e9st biztos\u00edt.<\/li>\n<li>Az ac\u00e9l test anyaga tart\u00f3ss\u00e1got \u00e9s szil\u00e1rds\u00e1got biztos\u00edt.<\/li>\n<li>A henger maxim\u00e1lis tol\u00f3ereje 3000 tonna, maxim\u00e1lis h\u00faz\u00f3ereje pedig 20 tonna, \u00edgy alkalmass\u00e1 teszi nagy ig\u00e9nybev\u00e9tel\u0171 m\u0171veletekhez.<\/li>\n<\/ol>\n<h2>A hidraulikus teleszk\u00f3pos d\u00f6ng\u00f6l\u0151 alkalmaz\u00e1sai<\/h2>\n<p>Ez a sokoldal\u00fa hidraulikus teleszk\u00f3pos d\u00f6ng\u00f6l\u0151henger sz\u00e1mos ipar\u00e1gban alkalmazhat\u00f3:<\/p>\n<ol>\n<li>Gy\u00e1rt\u00f3\u00fczemek: Neh\u00e9zg\u00e9pek \u00f6sszeszerel\u00e9s\u00e9hez \u00e9s \u00fczemeltet\u00e9s\u00e9hez.<\/li>\n<li>G\u00e9pjav\u00edt\u00f3 m\u0171helyek: Neh\u00e9z emel\u00e9st ig\u00e9nyl\u0151 karbantart\u00e1si \u00e9s jav\u00edt\u00e1si feladatokhoz.<\/li>\n<li>Gazdas\u00e1gok: Mez\u0151gazdas\u00e1gi g\u00e9pek \u00e9s berendez\u00e9sek \u00fczemeltet\u00e9s\u00e9hez.<\/li>\n<li>Energia \u00e9s b\u00e1ny\u00e1szat: Nagy teherb\u00edr\u00e1s\u00fa b\u00e1ny\u00e1szati \u200b\u200bberendez\u00e9sekben \u00e9s energiatermel\u0151 g\u00e9pekben haszn\u00e1lj\u00e1k.<\/li>\n<li>G\u00e9pgy\u00e1rt\u00e1s: K\u00fcl\u00f6nb\u00f6z\u0151 g\u00e9pek gy\u00e1rt\u00e1s\u00e1nak szerves r\u00e9sze.<\/li>\n<\/ol>\n<p><img decoding=\"async\" src=\"https:\/\/hzpt.com\/wp-content\/uploads\/2023\/11\/Inverted-Telescopic-Cylinder-Applications.webp\" alt=\"Hidraulikus teleszk\u00f3pos d\u00f6ng\u00f6l\u0151henger alkalmaz\u00e1sai\" title=\"\"><\/p>\n<h2>A hidraulikus teleszk\u00f3pos d\u00f6ng\u0151henger m\u0171k\u00f6d\u00e9si elve \u00e9s karbantart\u00e1sa<\/h2>\n<p>A hidraulikus teleszk\u00f3pos dugatty\u00fas munkahenger hidraulikus folyad\u00e9k bemenettel m\u0171k\u00f6dik, amely kimeneti er\u0151t hoz l\u00e9tre. A henger konfigur\u00e1ci\u00f3ja a folyad\u00e9kdinamik\u00e1val egy\u00fctt hozza l\u00e9tre a sz\u00fcks\u00e9ges mechanikai mozg\u00e1st. A rendszeres karbantart\u00e1s mag\u00e1ban foglalja az ellen\u0151rz\u00e9st, tiszt\u00edt\u00e1st, ken\u00e9st \u00e9s a t\u00f6m\u00edt\u00e9s cser\u00e9j\u00e9t. A kezel\u00e9si \u00fatmutat\u00f3 betart\u00e1sa sz\u00fcks\u00e9ges az alkatr\u00e9sz hossz\u00fa \u00e9lettartam\u00e1hoz.<\/p>\n<p><img decoding=\"async\" src=\"https:\/\/hzpt.com\/wp-content\/uploads\/2023\/11\/Inverted-Telescopic-Cylinder-21.webp\" alt=\"\" title=\"\"><\/p>\n<h2>Ford\u00edtott teleszk\u00f3pos henger<\/h2>\n<p>Az invert\u00e1lt teleszk\u00f3pos henger, m\u00e1s n\u00e9ven egyszeres m\u0171k\u00f6d\u00e9s\u0171 teleszk\u00f3pos henger, egy hidraulikus henger, amely t\u00f6bb, egym\u00e1sba \u00e1gyazott, k\u00fcl\u00f6nb\u00f6z\u0151 \u00e1tm\u00e9r\u0151j\u0171 fokozatb\u00f3l \u00e1ll. A hengert \u00fagy tervezt\u00e9k, hogy nyom\u00e1s alatt \u00e1ll\u00f3 hidraulikafolyad\u00e9k ereje alatt kiny\u00faljon \u00e9s visszah\u00faz\u00f3djon. A ford\u00edtott teleszk\u00f3pos hengert \u00e1ltal\u00e1ban nagy teherb\u00edr\u00e1s\u00fa alkalmaz\u00e1sokban, p\u00e9ld\u00e1ul \u00e9p\u00edt\u0151ipari berendez\u00e9sekben, b\u00e1ny\u00e1szati \u200b\u200bg\u00e9pekben \u00e9s ipari g\u00e9pekben haszn\u00e1lj\u00e1k.<\/p>\n<h3>F\u0151bb jellemz\u0151k<\/h3>\n<ul>\n<li><b>Egyszeres m\u0171k\u00f6d\u00e9s\u0171:<\/b> A ford\u00edtott teleszk\u00f3pos henger egy egyszeres m\u0171k\u00f6d\u00e9s\u0171 henger, ami azt jelenti, hogy csak egy ir\u00e1nyban tud er\u0151t kifejteni (kiny\u00falni vagy visszah\u00faz\u00f3dni), \u00e9s k\u00fcls\u0151 er\u0151kre t\u00e1maszkodik az eredeti helyzet\u00e9be val\u00f3 visszat\u00e9r\u00e9shez.<\/li>\n<li><b>T\u00f6bb szakasz:<\/b> A henger t\u00f6bb, egym\u00e1sba \u00e1gyazott, k\u00fcl\u00f6nb\u00f6z\u0151 \u00e1tm\u00e9r\u0151j\u0171 fokozatb\u00f3l \u00e1ll, ami hossz\u00fa l\u00f6ketet tesz lehet\u0151v\u00e9, mik\u00f6zben meg\u0151rzi a kompakt kialak\u00edt\u00e1st.<\/li>\n<li><b>Ford\u00edtott kialak\u00edt\u00e1s:<\/b> A dugatty\u00far\u00fad a henger legnagyobb fokozat\u00e1hoz van r\u00f6gz\u00edtve, a kisebb fokozatok pedig ebbe vannak be\u00e1gyazva. Ez a ford\u00edtott kialak\u00edt\u00e1s hat\u00e9konyabb helykihaszn\u00e1l\u00e1st \u00e9s stabilabb hengert tesz lehet\u0151v\u00e9.<\/li>\n<li><b>Hidraulikus vez\u00e9rl\u00e9s:<\/b> A hengert nyom\u00e1s alatt \u00e1ll\u00f3 hidraulikafolyad\u00e9k vez\u00e9rli, amely a henger alj\u00e1n l\u00e9v\u0151 ny\u00edl\u00e1son kereszt\u00fcl jut be, \u00e9s nyom\u00e1st hoz l\u00e9tre a henger k\u00edv\u00e1nt ir\u00e1nyba mozgat\u00e1s\u00e1hoz.<\/li>\n<\/ul>\n<h3>Alkalmaz\u00e1sok<\/h3>\n<p>A ford\u00edtott teleszk\u00f3pos hengert gyakran haszn\u00e1lj\u00e1k nagy ig\u00e9nybev\u00e9tel\u0171 alkalmaz\u00e1sokban, ahol hossz\u00fa l\u00f6ketre van sz\u00fcks\u00e9g kompakt kialak\u00edt\u00e1s mellett. N\u00e9h\u00e1ny gyakori alkalmaz\u00e1si ter\u00fclet:<\/p>\n<ul>\n<li>\u00c9p\u00edt\u0151ipari berendez\u00e9sek, p\u00e9ld\u00e1ul kotr\u00f3g\u00e9pek \u00e9s kotr\u00f3g\u00e9pek<\/li>\n<li>B\u00e1ny\u00e1szati \u200b\u200bg\u00e9pek, p\u00e9ld\u00e1ul rakod\u00f3g\u00e9pek \u00e9s d\u00f6mperek<\/li>\n<li>Ipari g\u00e9pek, p\u00e9ld\u00e1ul hidraulikus pr\u00e9sek \u00e9s fr\u00f6ccs\u00f6nt\u0151 g\u00e9pek<\/li>\n<\/ul>\n<p>Az invert\u00e1lt teleszk\u00f3pos hengerekre p\u00e9lda az alacsony \u00e1r\u00fa 10 tonn\u00e1s, 4 fokozat\u00fa hidraulikus teleszk\u00f3pos dugatty\u00fas henger. Ez a henger k\u00fcl\u00f6nf\u00e9le nagy ig\u00e9nybev\u00e9telt jelent\u0151 alkalmaz\u00e1sokhoz k\u00e9sz\u00fclt, kompakt kialak\u00edt\u00e1s\u00fa \u00e9s hossz\u00fa l\u00f6kethossz\u00fa. Kiv\u00e1l\u00f3 min\u0151s\u00e9g\u0171 anyagokb\u00f3l k\u00e9sz\u00fclt, \u00e9s \u00fagy tervezt\u00e9k, hogy ellen\u00e1lljon a neh\u00e9z ig\u00e9nybev\u00e9telnek.<\/p>\n<p>A ford\u00edtott teleszk\u00f3pos henger fontos alkatr\u00e9sz sz\u00e1mos nagy ig\u00e9nybev\u00e9telt jelent\u0151 alkalmaz\u00e1sban. Egyedi kialak\u00edt\u00e1sa hossz\u00fa l\u00f6kethosszt tesz lehet\u0151v\u00e9 kompakt m\u00e9ret\u00e9nek meg\u0151rz\u00e9se mellett, \u00edgy ide\u00e1lis v\u00e1laszt\u00e1s a helysz\u0171k\u00e9ben l\u00e9v\u0151 alkalmaz\u00e1sokhoz. Ak\u00e1r \u00e9p\u00edt\u0151iparban, b\u00e1ny\u00e1szatban, ak\u00e1r ipari g\u00e9pek gy\u00e1rt\u00e1s\u00e1ban dolgozik, a ford\u00edtott teleszk\u00f3pos henger megb\u00edzhat\u00f3 \u00e9s hat\u00e9kony v\u00e1laszt\u00e1s a hidraulikus hengerekkel kapcsolatos ig\u00e9nyeihez.<\/p>\n<h3>Az FMP-r\u0151l<\/h3>\n<p>Az FMP egy hidraulikus hengerek gy\u00e1rt\u00e1s\u00e1ra \u00e9s \u00e9rt\u00e9kes\u00edt\u00e9s\u00e9re szakosodott v\u00e1llalat. Olaszorsz\u00e1gi sz\u00e9khely\u00fcnkkel sok\u00e9ves ipar\u00e1gi tapasztalattal \u00e9s professzion\u00e1lis csapattal rendelkez\u00fcnk, amely elk\u00f6telezett amellett, hogy kiv\u00e1l\u00f3 min\u0151s\u00e9g\u0171 \u00e9s megb\u00edzhat\u00f3 hidraulikus henger megold\u00e1sokat ny\u00fajtson \u00fcgyfeleinknek.<\/p>\n<p><img decoding=\"async\" src=\"https:\/\/fmp-components.com\/wp-content\/uploads\/2024\/12\/Adjustable-Clevis-Type-Cylinders-6.webp\" alt=\"\u00c1ll\u00edthat\u00f3 kengyeles henger\" width=\"827\" title=\"\"><\/p>\n<h4>Term\u00e9keink \u00e9s c\u00e9g\u00fcnk el\u0151nyei:<\/h4>\n<ol>\n<li>Hidraulikus hengerek sz\u00e9les v\u00e1laszt\u00e9ka: Sz\u00e9les hidraulikus hengerv\u00e1laszt\u00e9kot k\u00edn\u00e1lunk, bele\u00e9rtve az \u00e1ll\u00edthat\u00f3 kengyeles hengereket, teleszk\u00f3pos hengereket, \u00f6sszek\u00f6t\u0151rudas hengereket \u00e9s egyebeket. Kiterjedt v\u00e1laszt\u00e9kunk biztos\u00edtja, hogy a megfelel\u0151 hengert k\u00edn\u00e1ljuk a k\u00fcl\u00f6nf\u00e9le alkalmaz\u00e1sokhoz.<\/li>\n<li>Kiv\u00e1l\u00f3 min\u0151s\u00e9g\u0171 konstrukci\u00f3: Hidraulikus hengereinket kiv\u00e1l\u00f3 min\u0151s\u00e9g\u0171 anyagokb\u00f3l \u00e9s fejlett gy\u00e1rt\u00e1si technik\u00e1kkal gy\u00e1rtjuk. Ez biztos\u00edtja tart\u00f3ss\u00e1gukat, megb\u00edzhat\u00f3s\u00e1gukat \u00e9s hossz\u00fa \u00e9lettartamukat, m\u00e9g neh\u00e9z munkak\u00f6r\u00fclm\u00e9nyek k\u00f6z\u00f6tt is.<\/li>\n<li>Szigor\u00fa min\u0151s\u00e9gellen\u0151rz\u00e9s: Az FMP-n\u00e9l hossz\u00fa t\u00e1v\u00fa \u00e9s stabil kapcsolatokat \u00e9p\u00edtett\u00fcnk ki kiv\u00e1l\u00f3 min\u0151s\u00e9g\u0171 besz\u00e1ll\u00edt\u00f3kkal. Minden besz\u00e1ll\u00edtott alkatr\u00e9szt szigor\u00faan ellen\u0151riz\u00fcnk \u00e9s tesztel\u00fcnk, hogy biztos\u00edtsuk a szigor\u00fa min\u0151s\u00e9gi el\u0151\u00edr\u00e1sainknak val\u00f3 megfelel\u00e9st. Ez garant\u00e1lja, hogy hidraulikus hengereink folyamatosan kiemelked\u0151 teljes\u00edtm\u00e9nyt ny\u00fajtanak.<\/li>\n<li>Szak\u00e9rt\u0151 \u00e9rt\u00e9kes\u00edt\u00e9si csapat: Tapasztalt \u00e9s k\u00e9pzett \u00e9rt\u00e9kes\u00edt\u00e9si csapatunk j\u00f3l ismeri az \u00e9p\u00edt\u0151ipari g\u00e9pipar fejl\u0151d\u00e9si trendjeit \u00e9s \u00fcgyf\u00e9lig\u00e9nyeit. Professzion\u00e1lis term\u00e9ktan\u00e1csad\u00e1st \u00e9s intelligens v\u00e1s\u00e1rl\u00e1si javaslatokat ny\u00fajtanak, biztos\u00edtva, hogy \u00fcgyfeleink megalapozott d\u00f6nt\u00e9seket hozhassanak.<\/li>\n<li>Hat\u00e9kony logisztikai eloszt\u00e1s: Hat\u00e9kony logisztikai eloszt\u00e1si rendszerrel rendelkez\u00fcnk, amely biztos\u00edtja hidraulikus hengereink id\u0151ben t\u00f6rt\u00e9n\u0151 \u00e9s pontos kisz\u00e1ll\u00edt\u00e1s\u00e1t. \u00dcgyfeleink sz\u00e1m\u00edthatnak r\u00e1nk a gyors \u00e9s probl\u00e9mamentes szolg\u00e1ltat\u00e1s ter\u00e9n, amely lehet\u0151v\u00e9 teszi sz\u00e1mukra az \u00e1ll\u00e1sid\u0151 minimaliz\u00e1l\u00e1s\u00e1t \u00e9s a termel\u00e9kenys\u00e9g maximaliz\u00e1l\u00e1s\u00e1t.<\/li>\n<\/ol>\n<p>V\u00e1lassza az FMP-t megb\u00edzhat\u00f3 partnerk\u00e9nt minden hidraulikus hengerrel kapcsolatos ig\u00e9ny\u00e9hez. Sz\u00e9les v\u00e1laszt\u00e9k\u00fa, kiv\u00e1l\u00f3 min\u0151s\u00e9g\u0171 term\u00e9keinkkel, szigor\u00fa min\u0151s\u00e9gellen\u0151rz\u00e9s\u00fcnkkel, hozz\u00e1\u00e9rt\u0151 \u00e9rt\u00e9kes\u00edt\u00e9si csapatunkkal \u00e9s hat\u00e9kony logisztik\u00e1nkkal elk\u00f6telezettek vagyunk azir\u00e1nt, hogy seg\u00edts\u00fcnk \u00d6nnek sikereket el\u00e9rni \u00e9p\u00edt\u0151ipari g\u00e9p\u00e9szeti projektjeiben.<\/p>\n<p>Szerz\u0151: CX<\/p>","protected":false},"excerpt":{"rendered":"<p>Introducing the Low Price 10 Ton 4 Stage Hydraulic Telescopic Ram Cylinder: The Low Price 10 Ton 4 Stage Hydraulic Telescopic Ram Cylinder is a highly versatile and durable product designed to meet the demanding needs of various industries. With its advanced hydraulic technology, this cylinder offers exceptional performance and efficiency. Featuring a 10-ton capacity, [&hellip;]<\/p>","protected":false},"featured_media":1652,"comment_status":"closed","ping_status":"closed","template":"","meta":{"_et_pb_use_builder":"","_et_pb_old_content":"","_et_gb_content_width":""},"product_brand":[],"product_cat":[45],"product_tag":[34,48],"class_list":{"0":"post-1651","1":"product","2":"type-product","3":"status-publish","4":"has-post-thumbnail","6":"product_cat-inverted-telescopic-cylinder","7":"product_tag-hydraulic-cylinder","8":"product_tag-inverted-telescopic-cylinder","10":"first","11":"instock","12":"product-type-simple"},"_links":{"self":[{"href":"https:\/\/fmp-components.com\/hu\/wp-json\/wp\/v2\/product\/1651","targetHints":{"allow":["GET"]}}],"collection":[{"href":"https:\/\/fmp-components.com\/hu\/wp-json\/wp\/v2\/product"}],"about":[{"href":"https:\/\/fmp-components.com\/hu\/wp-json\/wp\/v2\/types\/product"}],"replies":[{"embeddable":true,"href":"https:\/\/fmp-components.com\/hu\/wp-json\/wp\/v2\/comments?post=1651"}],"wp:featuredmedia":[{"embeddable":true,"href":"https:\/\/fmp-components.com\/hu\/wp-json\/wp\/v2\/media\/1652"}],"wp:attachment":[{"href":"https:\/\/fmp-components.com\/hu\/wp-json\/wp\/v2\/media?parent=1651"}],"wp:term":[{"taxonomy":"product_brand","embeddable":true,"href":"https:\/\/fmp-components.com\/hu\/wp-json\/wp\/v2\/product_brand?post=1651"},{"taxonomy":"product_cat","embeddable":true,"href":"https:\/\/fmp-components.com\/hu\/wp-json\/wp\/v2\/product_cat?post=1651"},{"taxonomy":"product_tag","embeddable":true,"href":"https:\/\/fmp-components.com\/hu\/wp-json\/wp\/v2\/product_tag?post=1651"}],"curies":[{"name":"munkaf\u00fczet","href":"https:\/\/api.w.org\/{rel}","templated":true}]}}