{"id":1649,"date":"2024-12-23T07:00:44","date_gmt":"2024-12-23T07:00:44","guid":{"rendered":"https:\/\/fmp-components.com\/product\/quality-assurance-trailer-dump-truck-telescope-hydraulic-cylinder\/"},"modified":"2025-03-11T06:10:45","modified_gmt":"2025-03-11T06:10:45","slug":"quality-assurance-trailer-dump-truck-telescope-hydraulic-cylinder","status":"publish","type":"product","link":"https:\/\/fmp-components.com\/hu\/product\/quality-assurance-trailer-dump-truck-telescope-hydraulic-cylinder\/","title":{"rendered":"Min\u0151s\u00e9gbiztos\u00edt\u00e1si p\u00f3tkocsi d\u00f6mper teleszk\u00f3p hidraulikus henger"},"content":{"rendered":"<p>A min\u0151s\u00e9gbiztos\u00edt\u00e1ssal ell\u00e1tott p\u00f3tkocsis d\u00f6mper teleszk\u00f3pos hidraulikus henger egy cs\u00facstechnol\u00f3gi\u00e1s term\u00e9k, amely kiv\u00e1l\u00f3 teljes\u00edtm\u00e9nyt \u00e9s megb\u00edzhat\u00f3s\u00e1got garant\u00e1l. Ezt a term\u00e9ket apr\u00f3l\u00e9kosan tervezt\u00e9k \u00e9s tesztelt\u00e9k, hogy megfeleljen az ipar\u00e1g legszigor\u00fabb min\u0151s\u00e9gi el\u0151\u00edr\u00e1sainak.<\/p>\n<p>Ennek a hidraulikus hengernek az egyik legfontosabb jellemz\u0151je, hogy sim\u00e1n \u00e9s hat\u00e9konyan ki- \u00e9s beh\u00fazhat\u00f3. A teleszk\u00f3pos kialak\u00edt\u00e1s maxim\u00e1lis kiny\u00fal\u00e1st tesz lehet\u0151v\u00e9, mik\u00f6zben meg\u0151rzi a stabilit\u00e1st \u00e9s az ir\u00e1ny\u00edthat\u00f3s\u00e1got, \u00edgy ide\u00e1lis d\u00f6mperek p\u00f3tkocsijaiban val\u00f3 haszn\u00e1latra.<\/p>\n<p>Kiv\u00e9teles teljes\u00edtm\u00e9nye mellett ez a term\u00e9k tart\u00f3s haszn\u00e1latra is k\u00e9sz\u00fclt. Tart\u00f3s konstrukci\u00f3ja \u00e9s kiv\u00e1l\u00f3 min\u0151s\u00e9g\u0171 anyagai biztos\u00edtj\u00e1k, hogy m\u00e9g a legmostoh\u00e1bb munkak\u00f6rnyezetnek is ellen\u00e1lljon, \u00e9s \u00e9vekig hib\u00e1tlanul m\u0171k\u00f6dj\u00f6n.<\/p>\n<p>Ami a min\u0151s\u00e9get \u00e9s a teljes\u00edtm\u00e9nyt illeti, a Quality Assurance Trailer Billencs Teleszk\u00f3pos Hidraulikus Henger p\u00e1ratlan. Ak\u00e1r megb\u00edzhat\u00f3 \u00e9s hat\u00e9kony megold\u00e1st keres d\u00f6mper ut\u00e1nfut\u00f3j\u00e1hoz, ak\u00e1r egyszer\u0171en a piacon kaphat\u00f3 legjobb hidraulikus hengert szeretn\u00e9, ez a term\u00e9k a t\u00f6k\u00e9letes v\u00e1laszt\u00e1s.<\/p>\n<div>\n<h2>Bemutatjuk els\u0151 oszt\u00e1ly\u00fa p\u00f3tkocsis d\u00f6mper teleszk\u00f3pos hidraulikus henger\u00fcnket<\/h2>\n<p>\u00daj, p\u00f3tkocsis d\u00f6mperekhez val\u00f3 teleszk\u00f3pos hidraulikus henger\u00fcnk egy \u00e9v garanci\u00e1val rendelkezik, \u00e9s a min\u0151s\u00e9gbiztos\u00edt\u00e1st szem el\u0151tt tartva tervezt\u00e9k. Ez egy szabv\u00e1nyos hidraulikus dugatty\u00fas henger, amely ide\u00e1lis k\u00fcl\u00f6nf\u00e9le neh\u00e9zipari ipar\u00e1gakban, bele\u00e9rtve a gy\u00e1rt\u00f3\u00fczemeket, g\u00e9pjav\u00edt\u00f3 m\u0171helyeket, mez\u0151gazdas\u00e1gi \u00fczemeket, energia- \u00e9s b\u00e1ny\u00e1szatot, valamint g\u00e9pgy\u00e1rt\u00f3 \u00fczemeket. Robusztus ac\u00e9l teste k\u00e9pes ellen\u00e1llni a maxim\u00e1lis 3000 tonna tol\u00f3er\u0151nek \u00e9s a maxim\u00e1lis 20 tonna h\u00faz\u00f3er\u0151nek, \u00edgy n\u00e9lk\u00fcl\u00f6zhetetlen alkatr\u00e9sz a neh\u00e9zg\u00e9pekben. Ez a hidraulikus henger a 2023-as \u00faj term\u00e9kcsal\u00e1dunk r\u00e9sze.<\/p>\n<h2>P\u00f3tkocsis d\u00f6mper\u00fcnk teleszk\u00f3pos hidraulikus henger\u00e9nek jellemz\u0151i<\/h2>\n<p>Standard dugatty\u00fas henger szerkezet: Hidraulikus henger\u00fcnket szabv\u00e1nyos specifik\u00e1ci\u00f3k szerint tervezt\u00fck, \u00edgy biztos\u00edtva a z\u00f6kken\u0151mentes integr\u00e1ci\u00f3t a k\u00fcl\u00f6nf\u00e9le g\u00e9pekbe.<\/p>\n<ol>\n<li style=\"list-style-type: none;\">\n<ol>\n<li>Hidraulikus er\u0151: Hidraulikus er\u0151t haszn\u00e1l, hat\u00e9kony \u00e9s megb\u00edzhat\u00f3 teljes\u00edtm\u00e9nyt biztos\u00edtva.<\/li>\n<li>Tart\u00f3s ac\u00e9l test: Hidraulikus henger\u00fcnk robusztus ac\u00e9l testtel k\u00e9sz\u00fclt, ami maxim\u00e1lis tart\u00f3ss\u00e1got \u00e9s hossz\u00fa \u00e9lettartamot biztos\u00edt.<\/li>\n<li>Ford\u00edtott teleszk\u00f3pos hengerek: Hidraulikus henger\u00fcnket a maxim\u00e1lis sokoldal\u00fas\u00e1g \u00e9s hat\u00e9konys\u00e1g \u00e9rdek\u00e9ben tervezt\u00fck.<\/li>\n<li>ISO9001:2000 tan\u00fas\u00edtv\u00e1nnyal rendelkezik: Megfelel az ISO9001:2000 tan\u00fas\u00edtv\u00e1nnyal, amely garant\u00e1lja a min\u0151s\u00e9g\u00e9t \u00e9s megb\u00edzhat\u00f3s\u00e1g\u00e1t.<\/li>\n<\/ol>\n<\/li>\n<\/ol>\n<p><img decoding=\"async\" src=\"https:\/\/hzpt.com\/wp-content\/uploads\/2023\/11\/Inverted-Telescopic-Cylinder-24.webp\" alt=\"\" title=\"\"><\/p>\n<h2>P\u00f3tkocsi d\u00f6mper teleszk\u00f3pos hidraulikus henger\u00fcnk alkalmaz\u00e1sai<\/h2>\n<ol>\n<li>Gy\u00e1rt\u00f3\u00fczemek: Hidraulikus hengereink k\u00fcl\u00f6nb\u00f6z\u0151 g\u00e9pekbe integr\u00e1lhat\u00f3k k\u00fcl\u00f6nf\u00e9le gy\u00e1rt\u00e1si folyamatokhoz.<\/li>\n<li>G\u00e9pjav\u00edt\u00f3 m\u0171helyek: K\u00fcl\u00f6nb\u00f6z\u0151 t\u00edpus\u00fa g\u00e9pek jav\u00edt\u00e1s\u00e1hoz \u00e9s karbantart\u00e1s\u00e1hoz elengedhetetlenek.<\/li>\n<li>Mez\u0151gazdas\u00e1g: Hidraulikus henger\u00fcnk ide\u00e1lis nagy teherb\u00edr\u00e1s\u00fa mez\u0151gazdas\u00e1gi g\u00e9pekhez.<\/li>\n<li>Energia \u00e9s b\u00e1ny\u00e1szat: Haszn\u00e1lhat\u00f3 az energiatermel\u00e9sben \u00e9s a b\u00e1ny\u00e1szati \u200b\u200bm\u0171veletekben r\u00e9szt vev\u0151 g\u00e9pekben.<\/li>\n<li>G\u00e9pgy\u00e1rt\u00e1s: Hidraulikus henger\u00fcnk kulcsfontoss\u00e1g\u00fa alkatr\u00e9sz a k\u00fcl\u00f6nf\u00e9le g\u00e9pek gy\u00e1rt\u00e1s\u00e1ban.<\/li>\n<\/ol>\n<p><img decoding=\"async\" src=\"https:\/\/hzpt.com\/wp-content\/uploads\/2023\/11\/Inverted-Telescopic-Cylinder-Applications.webp\" alt=\"Ford\u00edtott teleszk\u00f3pos henger alkalmaz\u00e1sok\" title=\"\"><\/p>\n<h2>Hidraulikus henger\u00fcnk m\u0171k\u00f6d\u00e9si elve \u00e9s karbantart\u00e1sa<\/h2>\n<p>Hidraulikus henger\u00fcnk az er\u0151 sokszoroz\u00e1s\u00e1nak elv\u00e9n m\u0171k\u00f6dik a hidraulikafolyad\u00e9k nyom\u00e1sa r\u00e9v\u00e9n. A hengerben l\u00e9v\u0151 hidraulikafolyad\u00e9k \u00e1ltal kifejtett nyom\u00e1s er\u0151t hoz l\u00e9tre, amely mozgatja a dugatty\u00fat, \u00edgy er\u0151teljes tol\u00f3er\u0151t hoz l\u00e9tre. Hidraulikus henger\u00fcnk karbantart\u00e1sa mag\u00e1ban foglalja a rendszeres ellen\u0151rz\u00e9st, tiszt\u00edt\u00e1st, ken\u00e9st, rendszeres ellen\u0151rz\u00e9seket \u00e9s jav\u00edt\u00e1sokat, a t\u00f6m\u00edt\u00e9sek cser\u00e9j\u00e9t, valamint a kezel\u00e9si \u00fatmutat\u00f3 betart\u00e1s\u00e1t.<\/p>\n<p><img decoding=\"async\" src=\"https:\/\/hzpt.com\/wp-content\/uploads\/2023\/11\/Inverted-Telescopic-Cylinder-15.webp\" alt=\"\" title=\"\"><\/p>\n<\/div>\n<h2>Ford\u00edtott teleszk\u00f3pos henger<\/h2>\n<p>A min\u0151s\u00e9gbiztos\u00edt\u00e1si p\u00f3tkocsi d\u00f6mper teleszk\u00f3pos hidraulikus hengere egy innovat\u00edv \u00e9s sokoldal\u00fa hidraulikus alkatr\u00e9sz, amely kulcsfontoss\u00e1g\u00fa szerepet j\u00e1tszik sz\u00e1mos ipar\u00e1gban, p\u00e9ld\u00e1ul az \u00e9p\u00edt\u0151iparban, a sz\u00e1ll\u00edtm\u00e1nyoz\u00e1sban \u00e9s a gy\u00e1rt\u00e1sban. Egyedi kialak\u00edt\u00e1s\u00e1nak \u00e9s fejlett funkci\u00f3inak k\u00f6sz\u00f6nhet\u0151en kiv\u00e9teles teljes\u00edtm\u00e9nyt \u00e9s megb\u00edzhat\u00f3s\u00e1got k\u00edn\u00e1l sz\u00e9les k\u00f6r\u0171 alkalmaz\u00e1sokban.<\/p>\n<h3>1. Design \u00e9s funkcionalit\u00e1s<\/h3>\n<p>A ford\u00edtott teleszk\u00f3pos hengert kifejezetten a fokozott stabilit\u00e1s \u00e9s emel\u0151kapacit\u00e1s biztos\u00edt\u00e1s\u00e1ra tervezt\u00e9k. Kialak\u00edt\u00e1sa t\u00f6bb teleszk\u00f3pos fokozatb\u00f3l \u00e1ll, ahol minden fokozat az el\u0151z\u0151be van be\u00e1gyazva. Ez az elrendez\u00e9s lehet\u0151v\u00e9 teszi a kompakt visszah\u00faz\u00e1st \u00e9s a megn\u00f6velt l\u00f6kethosszakat, \u00edgy ide\u00e1lis olyan alkalmaz\u00e1sokhoz, amelyek emel\u00e9si \u00e9s ny\u00fal\u00e1si k\u00e9pess\u00e9get is ig\u00e9nyelnek.<\/p>\n<p>Ennek a hidraulikus hengernek a magj\u00e1t egy kiv\u00e1l\u00f3 min\u0151s\u00e9g\u0171 dugatty\u00fa, t\u00f6m\u00edt\u00e9sek \u00e9s hidraulikafolyad\u00e9k alkotja, amelyek egy\u00fcttesen hozz\u00e1k l\u00e9tre a neh\u00e9z terhek emel\u00e9s\u00e9hez sz\u00fcks\u00e9ges er\u0151t. A ford\u00edtott kialak\u00edt\u00e1s biztos\u00edtja, hogy a henger v\u00e9dve legyen a k\u00fcls\u0151 t\u00e9nyez\u0151kt\u0151l, p\u00e9ld\u00e1ul a port\u00f3l, a t\u00f6rmel\u00e9kt\u0151l \u00e9s az esetleges s\u00e9r\u00fcl\u00e9sekt\u0151l, \u00edgy optim\u00e1lis teljes\u00edtm\u00e9nyt \u00e9s hossz\u00fa \u00e9lettartamot biztos\u00edt.<\/p>\n<h3>2. Kiv\u00e1l\u00f3 teljes\u00edtm\u00e9ny<\/h3>\n<p>Az inverz teleszk\u00f3pos henger egyik legfontosabb el\u0151nye, hogy minim\u00e1lis er\u0151fesz\u00edt\u00e9ssel kiv\u00e9teles emel\u0151kapacit\u00e1st k\u00e9pes biztos\u00edtani. A be\u00e1gyazott kialak\u00edt\u00e1s \u00e9s a fejlett hidraulikus rendszer hat\u00e9kony er\u0151\u00e1tvitelt tesz lehet\u0151v\u00e9, biztos\u00edtva a sima \u00e9s prec\u00edz m\u0171k\u00f6d\u00e9st. Ez a henger k\u00f6nnyed\u00e9n kezeli a neh\u00e9z terheket, \u00edgy n\u00e9pszer\u0171 v\u00e1laszt\u00e1s azokhoz az alkalmaz\u00e1sokhoz, amelyek megb\u00edzhat\u00f3 \u00e9s nagy teljes\u00edtm\u00e9ny\u0171 emel\u0151k\u00e9pess\u00e9get ig\u00e9nyelnek.<\/p>\n<p>Ezenk\u00edv\u00fcl a ford\u00edtott teleszk\u00f3pos henger kiv\u00e1l\u00f3 stabilit\u00e1st \u00e9s ir\u00e1ny\u00edthat\u00f3s\u00e1got biztos\u00edt m\u0171k\u00f6d\u00e9s k\u00f6zben. Egyedi kialak\u00edt\u00e1s\u00e1nak k\u00f6sz\u00f6nhet\u0151en minimaliz\u00e1lja az oldalir\u00e1ny\u00fa mozg\u00e1st, cs\u00f6kkentve a rakom\u00e1ny elmozdul\u00e1s\u00e1nak vagy felborul\u00e1s\u00e1nak kock\u00e1zat\u00e1t. Ez k\u00fcl\u00f6n\u00f6sen fontos olyan ipar\u00e1gakban, mint az \u00e9p\u00edt\u0151ipar \u00e9s a sz\u00e1ll\u00edtm\u00e1nyoz\u00e1s, ahol a biztons\u00e1g \u00e9s a stabilit\u00e1s kiemelked\u0151 fontoss\u00e1g\u00fa.<\/p>\n<h3>3. Alkalmaz\u00e1si ter\u00fcletek<\/h3>\n<p>A ford\u00edtott teleszk\u00f3pos henger sz\u00e9les k\u00f6rben haszn\u00e1latos k\u00fcl\u00f6nf\u00e9le ipar\u00e1gakban \u00e9s alkalmaz\u00e1sokban. N\u00e9h\u00e1ny gyakori ter\u00fclet, ahol ez a hidraulikus henger kiemelkedik:<\/p>\n<ul>\n<li>Billen\u0151kocsik: A henger emel\u0151kapacit\u00e1sa \u00e9s stabilit\u00e1sa ide\u00e1lis v\u00e1laszt\u00e1ss\u00e1 teszi d\u00f6mperek sz\u00e1m\u00e1ra, lehet\u0151v\u00e9 t\u00e9ve az anyagok hat\u00e9kony kirakod\u00e1s\u00e1t.<\/li>\n<li>Anyagmozgat\u00f3 berendez\u00e9sek: A ford\u00edtott teleszk\u00f3pos hengereket sz\u00e9les k\u00f6rben haszn\u00e1lj\u00e1k targonc\u00e1kban \u00e9s m\u00e1s anyagmozgat\u00f3 berendez\u00e9sekben a megb\u00edzhat\u00f3 emel\u00e9si \u00e9s ny\u00fajt\u00e1si k\u00e9pess\u00e9gek biztos\u00edt\u00e1sa \u00e9rdek\u00e9ben.<\/li>\n<li>\u00c9p\u00edt\u0151ipari g\u00e9pek: A darukt\u00f3l a munka\u00e1llv\u00e1nyokig a henger meghosszabb\u00edtott l\u00f6kethossza \u00e9s stabilit\u00e1sa \u00e9rt\u00e9kes alkatr\u00e9sz\u00e9v\u00e9 teszi az \u00e9p\u00edt\u0151ipari g\u00e9pekben.<\/li>\n<\/ul>\n<p>\u00d6sszefoglalva, a ford\u00edtott teleszk\u00f3pos henger egy figyelemre m\u00e9lt\u00f3 hidraulikus alkatr\u00e9sz, amely kiv\u00e1l\u00f3 teljes\u00edtm\u00e9nyt, stabilit\u00e1st \u00e9s emel\u0151kapacit\u00e1st k\u00edn\u00e1l. Egyedi kialak\u00edt\u00e1sa \u00e9s fejlett funkci\u00f3i n\u00e9lk\u00fcl\u00f6zhetetlenn\u00e9 teszik sz\u00e1mos ipar\u00e1gban. Ak\u00e1r neh\u00e9z terhek emel\u00e9s\u00e9r\u0151l, ak\u00e1r nehezen hozz\u00e1f\u00e9rhet\u0151 helyek el\u00e9r\u00e9s\u00e9r\u0151l van sz\u00f3, ez a hidraulikus henger \u00fajra \u00e9s \u00fajra bizony\u00edtja sokoldal\u00fas\u00e1g\u00e1t \u00e9s megb\u00edzhat\u00f3s\u00e1g\u00e1t.<\/p>\n<h3>Az FMP-r\u0151l<\/h3>\n<p>Az FMP egy hidraulikus hengerek gy\u00e1rt\u00e1s\u00e1ra \u00e9s \u00e9rt\u00e9kes\u00edt\u00e9s\u00e9re szakosodott v\u00e1llalat. Az \u00e9p\u00edt\u0151ipari g\u00e9pipar vezet\u0151 v\u00e1llalatak\u00e9nt elk\u00f6telezettek vagyunk amellett, hogy kiv\u00e1l\u00f3 min\u0151s\u00e9g\u0171 \u00e9s megb\u00edzhat\u00f3 hidraulikus henger megold\u00e1sokat ny\u00fajtsunk \u00fcgyfeleinknek.<\/p>\n<p><img decoding=\"async\" src=\"https:\/\/fmp-components.com\/wp-content\/uploads\/2024\/12\/Adjustable-Clevis-Type-Cylinders-6.webp\" alt=\"\u00c1ll\u00edthat\u00f3 kengyeles henger\" width=\"826\" title=\"\"><\/p>\n<p>\u00cdme hidraulikus hengereink \u00f6t f\u0151 el\u0151nye:<\/p>\n<ol>\n<li>Tart\u00f3s \u00e9s robusztus: Hidraulikus hengereinket \u00fagy tervezt\u00fck, hogy ellen\u00e1lljanak a neh\u00e9z alkalmaz\u00e1soknak \u00e9s a zord munkak\u00f6rnyezetnek. Kiv\u00e1l\u00f3 min\u0151s\u00e9g\u0171 anyagokb\u00f3l k\u00e9sz\u00fclnek, \u00e9s hossz\u00fa t\u00e1v\u00fa teljes\u00edtm\u00e9nyt biztos\u00edtanak.<\/li>\n<li>Prec\u00edzi\u00f3 \u00e9s hat\u00e9konys\u00e1g: Hidraulikus hengereinket a prec\u00edzi\u00f3 \u00e9s a hat\u00e9konys\u00e1g szem el\u0151tt tart\u00e1s\u00e1val tervezt\u00fck. Sima \u00e9s prec\u00edz mozg\u00e1st biztos\u00edtanak, lehet\u0151v\u00e9 t\u00e9ve az optim\u00e1lis vez\u00e9rl\u00e9st \u00e9s m\u0171k\u00f6d\u00e9st.<\/li>\n<li>Sz\u00e9lesk\u00f6r\u0171 opci\u00f3k: Sz\u00e9les v\u00e1laszt\u00e9kban k\u00edn\u00e1lunk hidraulikus hengereket a k\u00fcl\u00f6nb\u00f6z\u0151 ig\u00e9nyek kiel\u00e9g\u00edt\u00e9s\u00e9re. Az \u00e1ll\u00edthat\u00f3 kengyeles hengerekt\u0151l a kett\u0151s m\u0171k\u00f6d\u00e9s\u0171 teleszk\u00f3pos hengerekig, sz\u00e1mos alkalmaz\u00e1shoz k\u00edn\u00e1lunk megfelel\u0151 megold\u00e1st.<\/li>\n<li>Szigor\u00fa min\u0151s\u00e9gi szabv\u00e1nyok: Az FMP-n\u00e9l hossz\u00fa t\u00e1v\u00fa partners\u00e9geket alak\u00edtottunk ki j\u00f3 h\u00edr\u0171 besz\u00e1ll\u00edt\u00f3kkal annak biztos\u00edt\u00e1sa \u00e9rdek\u00e9ben, hogy minden hidraulikus henger\u00fcnk megfeleljen a szigor\u00fa min\u0151s\u00e9gi el\u0151\u00edr\u00e1soknak. A min\u0151s\u00e9g ir\u00e1nti elk\u00f6telezetts\u00e9g\u00fcnk garant\u00e1lja term\u00e9keink megb\u00edzhat\u00f3s\u00e1g\u00e1t \u00e9s teljes\u00edtm\u00e9ny\u00e9t.<\/li>\n<li>Szak\u00e9rt\u0151i tan\u00e1csad\u00e1s \u00e9s t\u00e1mogat\u00e1s: Tapasztalt \u00e9rt\u00e9kes\u00edt\u00e9si csapatunk j\u00e1rtas az \u00e9p\u00edt\u0151ipari g\u00e9piparban. Alapos ismeretekkel rendelkeznek a hidraulikus hengerek ter\u00e9n, \u00e9s professzion\u00e1lis tan\u00e1csad\u00e1st tudnak ny\u00fajtani, hogy seg\u00edtsenek kiv\u00e1lasztani az \u00d6n ig\u00e9nyeinek megfelel\u0151 term\u00e9ket.<\/li>\n<\/ol>\n<p>Az FMP-vel biztos lehet benne, hogy kiv\u00e1l\u00f3 min\u0151s\u00e9g\u0171 hidraulikus munkahengereket kap, amelyek kiv\u00e9teles teljes\u00edtm\u00e9nyt \u00e9s megb\u00edzhat\u00f3s\u00e1got ny\u00fajtanak. L\u00e9pjen kapcsolatba vel\u00fcnk m\u00e9g ma, hogy megbesz\u00e9lhess\u00fck hidraulikus munkahengerekkel kapcsolatos ig\u00e9nyeit, \u00e9s legy\u00fcnk megb\u00edzhat\u00f3 partnere az \u00e9p\u00edt\u0151ipari g\u00e9piparban.<\/p>\n<p>Szerz\u0151: CX<\/p>","protected":false},"excerpt":{"rendered":"<p>The Quality Assurance Trailer Dump Truck Telescope Hydraulic Cylinder is a state-of-the-art product that guarantees superior performance and reliability. This product has been meticulously designed and tested to meet the most stringent quality standards in the industry. One of the key features of this hydraulic cylinder is its ability to extend and retract smoothly and [&hellip;]<\/p>","protected":false},"featured_media":1650,"comment_status":"closed","ping_status":"closed","template":"","meta":{"_et_pb_use_builder":"","_et_pb_old_content":"","_et_gb_content_width":""},"product_brand":[],"product_cat":[45],"product_tag":[34,48],"class_list":{"0":"post-1649","1":"product","2":"type-product","3":"status-publish","4":"has-post-thumbnail","6":"product_cat-inverted-telescopic-cylinder","7":"product_tag-hydraulic-cylinder","8":"product_tag-inverted-telescopic-cylinder","10":"first","11":"instock","12":"product-type-simple"},"_links":{"self":[{"href":"https:\/\/fmp-components.com\/hu\/wp-json\/wp\/v2\/product\/1649","targetHints":{"allow":["GET"]}}],"collection":[{"href":"https:\/\/fmp-components.com\/hu\/wp-json\/wp\/v2\/product"}],"about":[{"href":"https:\/\/fmp-components.com\/hu\/wp-json\/wp\/v2\/types\/product"}],"replies":[{"embeddable":true,"href":"https:\/\/fmp-components.com\/hu\/wp-json\/wp\/v2\/comments?post=1649"}],"wp:featuredmedia":[{"embeddable":true,"href":"https:\/\/fmp-components.com\/hu\/wp-json\/wp\/v2\/media\/1650"}],"wp:attachment":[{"href":"https:\/\/fmp-components.com\/hu\/wp-json\/wp\/v2\/media?parent=1649"}],"wp:term":[{"taxonomy":"product_brand","embeddable":true,"href":"https:\/\/fmp-components.com\/hu\/wp-json\/wp\/v2\/product_brand?post=1649"},{"taxonomy":"product_cat","embeddable":true,"href":"https:\/\/fmp-components.com\/hu\/wp-json\/wp\/v2\/product_cat?post=1649"},{"taxonomy":"product_tag","embeddable":true,"href":"https:\/\/fmp-components.com\/hu\/wp-json\/wp\/v2\/product_tag?post=1649"}],"curies":[{"name":"munkaf\u00fczet","href":"https:\/\/api.w.org\/{rel}","templated":true}]}}