{"id":1639,"date":"2024-12-23T07:00:44","date_gmt":"2024-12-23T07:00:44","guid":{"rendered":"https:\/\/fmp-components.com\/product\/premium-quality-customized-telescopic-hydraulic-cylinder-for-dump-truck\/"},"modified":"2025-03-11T06:10:04","modified_gmt":"2025-03-11T06:10:04","slug":"premium-quality-customized-telescopic-hydraulic-cylinder-for-dump-truck","status":"publish","type":"product","link":"https:\/\/fmp-components.com\/hu\/product\/premium-quality-customized-telescopic-hydraulic-cylinder-for-dump-truck\/","title":{"rendered":"Pr\u00e9mium min\u0151s\u00e9g\u0171, testreszabott teleszk\u00f3pos hidraulikus henger d\u00f6mperhez"},"content":{"rendered":"<h2>Bemutatjuk a pr\u00e9mium min\u0151s\u00e9g\u0171, testreszabott teleszk\u00f3pos hidraulikus hengert d\u00f6mperekhez.<\/h2>\n<p>A hidraulikus henger kulcsfontoss\u00e1g\u00fa szerepet j\u00e1tszik a d\u00f6mper hat\u00e9kony m\u0171k\u00f6d\u00e9s\u00e9ben. A pr\u00e9mium min\u0151s\u00e9g\u0171, testreszabott teleszk\u00f3pos hidraulikus henger egy korszer\u0171 term\u00e9k, amelyet a d\u00f6mperek teljes\u00edtm\u00e9ny\u00e9nek \u00e9s termel\u00e9kenys\u00e9g\u00e9nek n\u00f6vel\u00e9s\u00e9re terveztek.<\/p>\n<p>Fejlett teleszk\u00f3pos kialak\u00edt\u00e1s\u00e1nak k\u00f6sz\u00f6nhet\u0151en ez a hidraulikus henger kiv\u00e9teles teljes\u00edtm\u00e9nyt \u00e9s tart\u00f3ss\u00e1got k\u00edn\u00e1l. Kifejezetten a d\u00f6mperek egyedi ig\u00e9nyeihez igaz\u00edtott\u00e1k, \u00edgy biztos\u00edtva a z\u00f6kken\u0151mentes m\u0171k\u00f6d\u00e9st m\u00e9g a legnehezebb k\u00f6r\u00fclm\u00e9nyek k\u00f6z\u00f6tt is.<\/p>\n<p>A pr\u00e9mium min\u0151s\u00e9g\u0171, testreszabott teleszk\u00f3pos hidraulikus henger prec\u00edz \u00e9s r\u00e9szletgazdag tervez\u00e9s\u0171. Kiv\u00e1l\u00f3 min\u0151s\u00e9g\u0171 anyagokb\u00f3l k\u00e9sz\u00fclt, amelyek garant\u00e1lj\u00e1k a hossz\u00fa \u00e9lettartamot \u00e9s a megb\u00edzhat\u00f3s\u00e1got. Ez minim\u00e1lis karbantart\u00e1st \u00e9s maxim\u00e1lis termel\u00e9kenys\u00e9get biztos\u00edt a d\u00f6mperaut\u00f3-kezel\u0151k sz\u00e1m\u00e1ra.<\/p>\n<p>Ennek a hidraulikus hengernek a teleszk\u00f3pos tulajdons\u00e1ga nagyobb mozg\u00e1startom\u00e1nyt tesz lehet\u0151v\u00e9, \u00edgy ide\u00e1lis a neh\u00e9z rakom\u00e1nyokat kezel\u0151 d\u00f6mperekhez. Sima \u00e9s szab\u00e1lyozott mozg\u00e1st biztos\u00edt, lehet\u0151v\u00e9 t\u00e9ve az anyagok hat\u00e9kony \u00fcr\u00edt\u00e9s\u00e9t a biztons\u00e1g vagy a stabilit\u00e1s fel\u00e1ldoz\u00e1sa n\u00e9lk\u00fcl.<\/p>\n<p>Ennek a hidraulikus hengernek az egyik legfontosabb el\u0151nye, hogy k\u00e9pes ellen\u00e1llni a sz\u00e9ls\u0151s\u00e9ges nyom\u00e1snak \u00e9s a nagy terhel\u00e9seknek. \u00dagy tervezt\u00e9k, hogy intenz\u00edv hidraulikus er\u0151ket kezeljen, lehet\u0151v\u00e9 t\u00e9ve a d\u00f6mperek optim\u00e1lis hat\u00e9konys\u00e1ggal \u00e9s eredm\u00e9nyess\u00e9ggel t\u00f6rt\u00e9n\u0151 m\u0171k\u00f6d\u00e9s\u00e9t.<\/p>\n<p>Ezenk\u00edv\u00fcl a pr\u00e9mium min\u0151s\u00e9g\u0171, testreszabott teleszk\u00f3pos hidraulikus henger a legmagasabb ipar\u00e1gi szabv\u00e1nyok szerint k\u00e9sz\u00fcl. Szigor\u00fa tesztel\u00e9sen \u00e9s min\u0151s\u00e9gellen\u0151rz\u00e9sen esik \u00e1t a kiv\u00e1l\u00f3 teljes\u00edtm\u00e9ny \u00e9s megb\u00edzhat\u00f3s\u00e1g biztos\u00edt\u00e1sa \u00e9rdek\u00e9ben. Ez garant\u00e1lja, hogy a d\u00f6mperek \u00fczemeltet\u0151i z\u00f6kken\u0151mentes \u00e9s probl\u00e9mamentes m\u0171k\u00f6d\u00e9st biztos\u00edtsanak erre a term\u00e9kre.<\/p>\n<p>\u00d6sszefoglalva, a pr\u00e9mium min\u0151s\u00e9g\u0171, testreszabott teleszk\u00f3pos hidraulikus henger d\u00f6mperekhez egy \u00e9lvonalbeli term\u00e9k, amely kiv\u00e9teles teljes\u00edtm\u00e9nyt \u00e9s tart\u00f3ss\u00e1got k\u00edn\u00e1l. Testreszabott kialak\u00edt\u00e1sa, fejlett funkci\u00f3i \u00e9s kiv\u00e1l\u00f3 min\u0151s\u00e9g\u0171 konstrukci\u00f3ja ide\u00e1lis v\u00e1laszt\u00e1ss\u00e1 teszi a d\u00f6mperek \u00fczemeltet\u0151i sz\u00e1m\u00e1ra, akik fokozni szeretn\u00e9k a termel\u00e9kenys\u00e9get \u00e9s a hat\u00e9konys\u00e1got.<\/p>\n<h2>Bemutatjuk a d\u00f6mperekhez tervezett, cs\u00facskateg\u00f3ri\u00e1s teleszk\u00f3pos hidraulikus munkahenger\u00fcnket<\/h2>\n<p>\u00daj teleszk\u00f3pos hidraulikus henger\u00fcnk t\u00f6k\u00e9letes megold\u00e1s d\u00f6mperek sz\u00e1m\u00e1ra. Az \u00d6n egyedi ig\u00e9nyeihez igaz\u00edtjuk, \u00e9s egy \u00e9v garanci\u00e1val rendelkezik. Maxim\u00e1lis tol\u00f3ereje 3000 Nm, s\u00falya 78 kg, ez a hidraulikus henger tart\u00f3s ac\u00e9l testtel rendelkezik.<\/p>\n<h3>Teleszk\u00f3pos hidraulikus henger\u00fcnk jellemz\u0151i<\/h3>\n<p>Henger\u00fcnk sz\u00e1mos kulcsfontoss\u00e1g\u00fa tulajdons\u00e1ggal b\u00fcszk\u00e9lkedhet, t\u00f6bbek k\u00f6z\u00f6tt:<\/p>\n<ul>\n<li>Standard szerkezet \u00e9s hidraulikus teljes\u00edtm\u00e9ny<\/li>\n<li>Ford\u00edtott teleszk\u00f3pos henger t\u00edpus<\/li>\n<li>Maxim\u00e1lis von\u00f3er\u0151 20 tonna<\/li>\n<li>ISO9001:2000 tan\u00fas\u00edtv\u00e1ny<\/li>\n<li>Eleg\u00e1ns fekete sz\u00edn a professzion\u00e1lis megjelen\u00e9s\u00e9rt<\/li>\n<\/ul>\n<h3>Teleszk\u00f3pos hidraulikus henger\u00fcnk alkalmaz\u00e1sai<\/h3>\n<p>Hidraulikus henger\u00fcnk sz\u00e1mos alkalmaz\u00e1shoz t\u00f6k\u00e9letes, bele\u00e9rtve:<\/p>\n<ul>\n<li>Gy\u00e1rt\u00f3\u00fczemek<\/li>\n<li>G\u00e9pjav\u00edt\u00f3 m\u0171helyek<\/li>\n<li>Farmok<\/li>\n<li>Energia- \u00e9s b\u00e1ny\u00e1szati \u200b\u200bipar<\/li>\n<li>G\u00e9pgy\u00e1rak<\/li>\n<\/ul>\n<p><img decoding=\"async\" src=\"https:\/\/hzpt.com\/wp-content\/uploads\/2023\/11\/Inverted-Telescopic-Cylinder-Applications.webp\" alt=\"Ford\u00edtott teleszk\u00f3pos henger alkalmaz\u00e1sok\" title=\"\"><\/p>\n<h3>Teleszk\u00f3pos hidraulikus henger\u00fcnk m\u0171k\u00f6d\u00e9si elve \u00e9s karbantart\u00e1sa<\/h3>\n<p>Hidraulikus henger\u00fcnk hidraulikus folyad\u00e9k bemeneti \u00e9s kimeneti erej\u00e9vel m\u0171k\u00f6dik. Rendszeres ellen\u0151rz\u00e9st, tiszt\u00edt\u00e1st \u00e9s ken\u00e9st ig\u00e9nyel. A rendszeres ellen\u0151rz\u00e9sek \u00e9s jav\u00edt\u00e1sok, a t\u00f6m\u00edt\u00e9sek cser\u00e9je, valamint a kezel\u00e9si \u00fatmutat\u00f3 betart\u00e1sa elengedhetetlen a henger hossz\u00fa \u00e9lettartam\u00e1hoz \u00e9s optim\u00e1lis teljes\u00edtm\u00e9ny\u00e9hez.<\/p>\n<p><img decoding=\"async\" src=\"https:\/\/hzpt.com\/wp-content\/uploads\/2023\/11\/Inverted-Telescopic-Cylinder-24.webp\" alt=\"Ford\u00edtott teleszk\u00f3pos henger 24\" title=\"\"><\/p>\n<h2>Ford\u00edtott teleszk\u00f3pos henger<\/h2>\n<p>A teleszk\u00f3pos hidraulikus henger, m\u00e1s n\u00e9ven t\u00f6bbl\u00e9pcs\u0151s vagy teleszk\u00f3pos henger, egy olyan hidraulikus hengert\u00edpus, amely t\u00f6bb egym\u00e1sba \u00e1gyazott szakaszb\u00f3l vagy fokozatb\u00f3l \u00e1ll. Ebben a cikkben egy konkr\u00e9t teleszk\u00f3pos hengert\u00edpusra, a ford\u00edtott teleszk\u00f3pos hengerre fogunk \u00f6sszpontos\u00edtani.<\/p>\n<h3>\u00c1ttekint\u00e9s<\/h3>\n<p>Az invert\u00e1lt teleszk\u00f3pos henger egy speci\u00e1lis teleszk\u00f3pos hengert\u00edpus, amelyet \u00e1ltal\u00e1ban d\u00f6mperekben haszn\u00e1lnak. \u00dagy tervezt\u00e9k, hogy biztos\u00edtsa az anyagok plat\u00f3j\u00e1r\u00f3l val\u00f3 lerak\u00e1s\u00e1hoz sz\u00fcks\u00e9ges emel\u0151- \u00e9s billent\u0151er\u0151t. Ez a t\u00edpus\u00fa henger egyedi konfigur\u00e1ci\u00f3val rendelkezik, ahol a kisebb \u00e1llv\u00e1nyok a nagyobb \u00e1llv\u00e1nyok belsej\u00e9ben helyezkednek el, ami jellegzetes megjelen\u00e9st k\u00f6lcs\u00f6n\u00f6z neki.<\/p>\n<h3>\u00c9p\u00edt\u00e9s<\/h3>\n<p>Egy ford\u00edtott teleszk\u00f3pos henger fel\u00e9p\u00edt\u00e9se t\u00f6bb kulcsfontoss\u00e1g\u00fa elemb\u0151l \u00e1ll:<\/p>\n<ul>\n<li>K\u00fcls\u0151 henger: A k\u00fcls\u0151 henger a henger legnagyobb r\u00e9sze, \u00e9s szerkezeti t\u00e1maszt\u00e1st biztos\u00edt. \u00c1ltal\u00e1ban nagy szil\u00e1rds\u00e1g\u00fa ac\u00e9lb\u00f3l k\u00e9sz\u00fcl, hogy ellen\u00e1lljon a nagy terhel\u00e9seknek \u00e9s a zord \u00fczemi k\u00f6r\u00fclm\u00e9nyeknek.<\/li>\n<li>Bels\u0151 dugatty\u00fak: A k\u00fcls\u0151 henger belsej\u00e9ben t\u00f6bb kisebb fokozat tal\u00e1lhat\u00f3, amelyek mindegyike egy dugatty\u00fat tartalmaz. Ezek a dugatty\u00fak a teheraut\u00f3 plat\u00f3j\u00e1hoz vannak csatlakoztatva, \u00e9s szinkronban mozognak, hogy biztos\u00edts\u00e1k a sz\u00fcks\u00e9ges emel\u0151er\u0151t.<\/li>\n<li>T\u00f6m\u00edt\u00e9sek: A t\u00f6m\u00edt\u00e9sek megakad\u00e1lyozz\u00e1k a hidraulikafolyad\u00e9k sziv\u00e1rg\u00e1s\u00e1t a fokozatok k\u00f6z\u00f6tt. Ezek kulcsfontoss\u00e1g\u00faak a henger hat\u00e9konys\u00e1g\u00e1nak \u00e9s megb\u00edzhat\u00f3s\u00e1g\u00e1nak fenntart\u00e1s\u00e1hoz.<\/li>\n<li>Hidraulikafolyad\u00e9k: A ford\u00edtott teleszk\u00f3pos henger hidraulikafolyad\u00e9kkal m\u0171k\u00f6dik, amely nyom\u00e1s alatt \u00e1ll a henger szakaszainak kiny\u00fajt\u00e1s\u00e1hoz vagy visszah\u00faz\u00e1s\u00e1hoz.<\/li>\n<\/ul>\n<h3>Funkcionalit\u00e1s<\/h3>\n<p>A ford\u00edtott teleszk\u00f3pos henger l\u00e9tfontoss\u00e1g\u00fa szerepet j\u00e1tszik a d\u00f6mperek m\u0171k\u00f6d\u00e9s\u00e9ben. Amikor a teheraut\u00f3nak ki kell raknia a rakom\u00e1ny\u00e1t, a hidraulikus rendszer nyom\u00e1st gyakorol a hidraulikafolyad\u00e9kra, ami viszont kiny\u00fajtja a henger egyes fokozatait. Ahogy a fokozatok kiny\u00falnak, megemelik a teheraut\u00f3 plat\u00f3j\u00e1t, lehet\u0151v\u00e9 t\u00e9ve az anyagok ki\u00fcr\u00edt\u00e9s\u00e9t.<\/p>\n<h3>Pr\u00e9mium min\u0151s\u00e9g\u0171, testreszabott teleszk\u00f3pos hidraulikus henger d\u00f6mperhez<\/h3>\n<p>Amikor teleszk\u00f3pos hidraulikus hengert v\u00e1lasztunk d\u00f6mper\u00fcnkh\u00f6z, elengedhetetlen a pr\u00e9mium min\u0151s\u00e9g\u0171, egyedi henger. A pr\u00e9mium min\u0151s\u00e9g\u0171 henger tart\u00f3ss\u00e1got, megb\u00edzhat\u00f3s\u00e1got \u00e9s optim\u00e1lis teljes\u00edtm\u00e9nyt biztos\u00edt ig\u00e9nyes alkalmaz\u00e1sokban.<\/p>\n<p>C\u00e9g\u00fcnkn\u00e9l kifejezetten d\u00f6mperekhez tervezett, pr\u00e9mium min\u0151s\u00e9g\u0171, egyedi teleszk\u00f3pos hidraulikus munkahengerek gy\u00e1rt\u00e1s\u00e1ra specializ\u00e1l\u00f3dtunk. Munkahengereinket minden egyes \u00fcgyf\u00e9l egyedi ig\u00e9nyeinek megfelel\u0151en tervezz\u00fck, biztos\u00edtva a t\u00f6k\u00e9letes illeszked\u00e9st \u00e9s a maxim\u00e1lis hat\u00e9konys\u00e1got.<\/p>\n<p>Korszer\u0171 gy\u00e1rt\u00f3l\u00e9tes\u00edtm\u00e9nyeinkkel \u00e9s tapasztalt m\u00e9rn\u00f6keinkb\u0151l \u00e1ll\u00f3 csapatunkkal olyan hengereket tudunk sz\u00e1ll\u00edtani, amelyek meghaladj\u00e1k az ipar\u00e1gi szabv\u00e1nyokat. Elk\u00f6telezettek vagyunk a kiv\u00e1l\u00f3 min\u0151s\u00e9g\u0171 anyagok, a fejlett gy\u00e1rt\u00e1si technik\u00e1k \u00e9s a szigor\u00fa min\u0151s\u00e9gellen\u0151rz\u00e9si folyamatok ir\u00e1nt, \u00edgy \u00fcgyfeleink egy tart\u00f3s teleszk\u00f3pos hengert kapnak.<\/p>\n<p>\u00d6sszefoglalva, a ford\u00edtott teleszk\u00f3pos henger kulcsfontoss\u00e1g\u00fa alkatr\u00e9sz a d\u00f6mperekben, mivel biztos\u00edtja az anyagok kirakod\u00e1s\u00e1hoz sz\u00fcks\u00e9ges emel\u0151- \u00e9s billent\u0151er\u0151t. Egyed\u00fcl\u00e1ll\u00f3 konstrukci\u00f3ja \u00e9s funkcionalit\u00e1sa a hidraulikus rendszer elengedhetetlen r\u00e9sz\u00e9v\u00e9 teszi. Amikor teleszk\u00f3pos hengert v\u00e1laszt d\u00f6mper\u00e9hez, a pr\u00e9mium min\u0151s\u00e9g\u0171, egyedi henger kiv\u00e1laszt\u00e1sa biztos\u00edtja az optim\u00e1lis teljes\u00edtm\u00e9nyt \u00e9s a hossz\u00fa \u00e9lettartamot. B\u00edzza c\u00e9g\u00fcnkre a legmagasabb min\u0151s\u00e9g\u0171 teleszk\u00f3pos hidraulikus hengereket, amelyek megfelelnek a d\u00f6mper\u00e9vel szemben t\u00e1masztott egyedi k\u00f6vetelm\u00e9nyeknek.<\/p>\n<h3>Az FMP-r\u0151l<\/h3>\n<p>Az FMP az \u00d6n megb\u00edzhat\u00f3 forr\u00e1sa a kiv\u00e1l\u00f3 min\u0151s\u00e9g\u0171 hidraulikus hengerek beszerz\u00e9s\u00e9ben az \u00e9p\u00edt\u0151ipari g\u00e9piparban. Sok \u00e9ves ipar\u00e1gi tapasztalattal \u00e9s professzion\u00e1lis csapattal elk\u00f6telezettek vagyunk amellett, hogy kiv\u00e1l\u00f3 min\u0151s\u00e9g\u0171 \u00e9p\u00edt\u0151ipari g\u00e9palkatr\u00e9szeket \u00e9s komplett g\u00e9pmegold\u00e1sokat biztos\u00edtsunk \u00e9rt\u00e9kes \u00fcgyfeleink sz\u00e1m\u00e1ra.<\/p>\n<p>\u00cdme \u00f6t ok, ami\u00e9rt az FMP-t kellene v\u00e1lasztania hidraulikus hengereihez:<\/p>\n<ol>\n<li><strong>Sz\u00e9lesk\u00f6r\u0171 lehet\u0151s\u00e9gek:<\/strong> Term\u00e9kk\u00edn\u00e1latunkban k\u00fcl\u00f6nf\u00e9le t\u00edpus\u00fa \u00e9p\u00edt\u0151ipari g\u00e9pekhez alkalmas hidraulikus munkahengerek sz\u00e9les v\u00e1laszt\u00e9ka tal\u00e1lhat\u00f3. Ak\u00e1r egyszeres vagy kett\u0151s m\u0171k\u00f6d\u00e9s\u0171, teleszk\u00f3pos vagy \u00f6sszek\u00f6t\u0151rudas munkahengerekre van sz\u00fcks\u00e9ge, n\u00e1lunk megtal\u00e1lja az ig\u00e9nyeinek megfelel\u0151 megold\u00e1st.<\/li>\n<li><strong>Kiv\u00e1l\u00f3 min\u0151s\u00e9g:<\/strong> Hossz\u00fa t\u00e1v\u00fa \u00e9s stabil kapcsolatokat \u00e9p\u00edtett\u00fcnk ki kiv\u00e1l\u00f3 min\u0151s\u00e9g\u0171 besz\u00e1ll\u00edt\u00f3kkal, mind belf\u00f6ld\u00f6n, mind k\u00fclf\u00f6ld\u00f6n. Ez biztos\u00edtja, hogy minden hidraulikus henger\u00fcnk megfeleljen a szigor\u00fa min\u0151s\u00e9gi el\u0151\u00edr\u00e1soknak, megb\u00edzhat\u00f3 \u00e9s tart\u00f3s alkatr\u00e9szeket biztos\u00edtva, amelyek ellen\u00e1llnak projektjei ig\u00e9nyeinek.<\/li>\n<li><strong>Szak\u00e9rt\u0151 \u00e9rt\u00e9kes\u00edt\u00e9si csapat:<\/strong> Tapasztalt \u00e9s hozz\u00e1\u00e9rt\u0151 \u00e9rt\u00e9kes\u00edt\u00e9si csapatunk j\u00e1rtas az \u00e9p\u00edt\u0151ipari g\u00e9pipar leg\u00fajabb trendjeiben \u00e9s \u00fcgyf\u00e9lig\u00e9nyeiben. K\u00e9szen \u00e1llnak arra, hogy professzion\u00e1lis term\u00e9ktan\u00e1csad\u00e1ssal \u00e9s intelligens v\u00e1s\u00e1rl\u00e1si javaslatokkal seg\u00edts\u00e9k \u00d6nt a megalapozott d\u00f6nt\u00e9sek meghozatal\u00e1ban.<\/li>\n<li><strong>Hat\u00e9kony logisztika:<\/strong> Meg\u00e9rtj\u00fck az id\u0151ben t\u00f6rt\u00e9n\u0151 sz\u00e1ll\u00edt\u00e1s fontoss\u00e1g\u00e1t. Hat\u00e9kony logisztikai eloszt\u00e1si rendszer\u00fcnkkel biztos\u00edtjuk, hogy a sz\u00fcks\u00e9ges hidraulikus hengereket id\u0151ben \u00e9s pontosan megkapja. Sz\u00e1m\u00edthat r\u00e1nk, hogy projektjei \u00fctemterv szerint haladjanak.<\/li>\n<li><strong>Kiv\u00e9teles \u00fcgyf\u00e9lszolg\u00e1lat:<\/strong> Az FMP-n\u00e9l nagyra \u00e9rt\u00e9kelj\u00fck \u00fcgyfeleinket, \u00e9s arra t\u00f6reksz\u00fcnk, hogy kiv\u00e9teles szolg\u00e1ltat\u00e1st ny\u00fajtsunk. Elk\u00f6telezett csapatunk elk\u00f6telezett amellett, hogy gyorsan megv\u00e1laszolja k\u00e9rd\u00e9seit \u00e9s agg\u00e1lyait, biztos\u00edtva a z\u00f6kken\u0151mentes \u00e9s kiel\u00e9g\u00edt\u0151 \u00e9lm\u00e9nyt a vel\u00fcnk val\u00f3 egy\u00fcttm\u0171k\u00f6d\u00e9s sor\u00e1n.<\/li>\n<\/ol>\n<p>Tekintse meg k\u00f6zelebbr\u0151l \u00e1ll\u00edthat\u00f3 vill\u00e1s henger\u00fcnket al\u00e1bb:<\/p>\n<p><img decoding=\"async\" src=\"https:\/\/fmp-components.com\/wp-content\/uploads\/2024\/12\/Adjustable-Clevis-Type-Cylinders-6.webp\" alt=\"\u00c1ll\u00edthat\u00f3 kengyeles henger\" width=\"821\" title=\"\"><br \/>\nSzerz\u0151: CX<\/p>","protected":false},"excerpt":{"rendered":"<p>Introducing the Premium Quality Customized Telescopic Hydraulic Cylinder for Dump Truck. A hydraulic cylinder plays a crucial role in the efficient functioning of a dump truck. The Premium Quality Customized Telescopic Hydraulic Cylinder is a state-of-the-art product designed to enhance the performance and productivity of dump trucks. With its advanced telescopic design, this hydraulic cylinder [&hellip;]<\/p>","protected":false},"featured_media":1640,"comment_status":"closed","ping_status":"closed","template":"","meta":{"_et_pb_use_builder":"","_et_pb_old_content":"","_et_gb_content_width":""},"product_brand":[],"product_cat":[45],"product_tag":[34,48],"class_list":{"0":"post-1639","1":"product","2":"type-product","3":"status-publish","4":"has-post-thumbnail","6":"product_cat-inverted-telescopic-cylinder","7":"product_tag-hydraulic-cylinder","8":"product_tag-inverted-telescopic-cylinder","10":"first","11":"instock","12":"product-type-simple"},"_links":{"self":[{"href":"https:\/\/fmp-components.com\/hu\/wp-json\/wp\/v2\/product\/1639","targetHints":{"allow":["GET"]}}],"collection":[{"href":"https:\/\/fmp-components.com\/hu\/wp-json\/wp\/v2\/product"}],"about":[{"href":"https:\/\/fmp-components.com\/hu\/wp-json\/wp\/v2\/types\/product"}],"replies":[{"embeddable":true,"href":"https:\/\/fmp-components.com\/hu\/wp-json\/wp\/v2\/comments?post=1639"}],"wp:featuredmedia":[{"embeddable":true,"href":"https:\/\/fmp-components.com\/hu\/wp-json\/wp\/v2\/media\/1640"}],"wp:attachment":[{"href":"https:\/\/fmp-components.com\/hu\/wp-json\/wp\/v2\/media?parent=1639"}],"wp:term":[{"taxonomy":"product_brand","embeddable":true,"href":"https:\/\/fmp-components.com\/hu\/wp-json\/wp\/v2\/product_brand?post=1639"},{"taxonomy":"product_cat","embeddable":true,"href":"https:\/\/fmp-components.com\/hu\/wp-json\/wp\/v2\/product_cat?post=1639"},{"taxonomy":"product_tag","embeddable":true,"href":"https:\/\/fmp-components.com\/hu\/wp-json\/wp\/v2\/product_tag?post=1639"}],"curies":[{"name":"munkaf\u00fczet","href":"https:\/\/api.w.org\/{rel}","templated":true}]}}