{"id":1625,"date":"2024-12-23T06:59:20","date_gmt":"2024-12-23T06:59:20","guid":{"rendered":"https:\/\/fmp-components.com\/product\/professional-customized-hydraulic-cylinder-truck-hydraulic-cylinder-for-dump-truck\/"},"modified":"2024-12-23T08:22:35","modified_gmt":"2024-12-23T08:22:35","slug":"professional-customized-hydraulic-cylinder-truck-hydraulic-cylinder-for-dump-truck","status":"publish","type":"product","link":"https:\/\/fmp-components.com\/hu\/product\/professional-customized-hydraulic-cylinder-truck-hydraulic-cylinder-for-dump-truck\/","title":{"rendered":"Professzion\u00e1lis, testreszabott hidraulikus henger teheraut\u00f3 hidraulikus henger d\u00f6mperhez"},"content":{"rendered":"<h2>Bemutatkozik a professzion\u00e1lis, testreszabott hidraulikus henger d\u00f6mperekhez<\/h2>\n<p>A d\u00f6mperek n\u00e9lk\u00fcl\u00f6zhetetlen neh\u00e9zg\u00e9pj\u00e1rm\u0171vek, amelyeket sz\u00e1mos ipar\u00e1gban haszn\u00e1lnak, bele\u00e9rtve az \u00e9p\u00edt\u0151ipart \u00e9s a b\u00e1ny\u00e1szatot. A hidraulikus rendszer a d\u00f6mperek kritikus eleme, \u00e9s a hidraulikus henger a hidraulikus rendszer egyik legfontosabb r\u00e9sze. A hidraulikus henger felel\u0151s a d\u00f6mper emel\u0151mechanizmus\u00e1nak hajt\u00e1s\u00e1\u00e9rt, lehet\u0151v\u00e9 t\u00e9ve a teheraut\u00f3 plat\u00f3j\u00e1nak emel\u00e9s\u00e9t \u00e9s s\u00fcllyeszt\u00e9s\u00e9t.<\/p>\n<p>A Professional Customized Hydraulic Cylinder egy kiv\u00e1l\u00f3 min\u0151s\u00e9g\u0171 hidraulikus henger, amelyet kifejezetten d\u00f6mperekhez terveztek. Pr\u00e9mium anyagokb\u00f3l k\u00e9sz\u00fclt, \u00edgy tart\u00f3s \u00e9s hossz\u00fa \u00e9lettartam\u00fa. A hengert \u00fagy tervezt\u00e9k, hogy ellen\u00e1lljon a neh\u00e9z \u00fczemi k\u00f6r\u00fclm\u00e9nyeknek, \u00edgy t\u00f6k\u00e9letes v\u00e1laszt\u00e1s az \u00e9p\u00edt\u0151iparban, b\u00e1ny\u00e1szatban \u00e9s m\u00e1s ipar\u00e1gakban haszn\u00e1lt d\u00f6mperekhez.<\/p>\n<p>A professzion\u00e1lis, testreszabott hidraulikus henger egyik f\u0151 el\u0151nye a testreszabhat\u00f3 kialak\u00edt\u00e1s. Ez a hidraulikus henger testreszabhat\u00f3 a k\u00fcl\u00f6nb\u00f6z\u0151 d\u00f6mperaut\u00f3-modellek egyedi ig\u00e9nyeihez. A testreszab\u00e1si lehet\u0151s\u00e9gek magukban foglalj\u00e1k a henger hossz\u00e1t \u00e9s \u00e1tm\u00e9r\u0151j\u00e9t, valamint a l\u00f6ket- \u00e9s r\u00f6gz\u00edt\u00e9si lehet\u0151s\u00e9geket. Ez a testreszab\u00e1si szint biztos\u00edtja, hogy a hidraulikus henger t\u00f6k\u00e9letesen illeszkedjen \u00e9s optim\u00e1lisan m\u0171k\u00f6dj\u00f6n a d\u00f6mperaut\u00f3val.<\/p>\n<p>A testreszabhat\u00f3 kialak\u00edt\u00e1s mellett a Professional Customized Hydraulic Henger kiv\u00e1l\u00f3 teljes\u00edtm\u00e9nnyel is b\u00fcszk\u00e9lkedhet. Nagy emel\u0151kapacit\u00e1ssal rendelkezik, \u00e9s gyorsan \u00e9s sim\u00e1n k\u00e9pes felemelni a teheraut\u00f3 plat\u00f3j\u00e1t. A henger sziv\u00e1rg\u00e1smentes kialak\u00edt\u00e1s\u00fa, \u00edgy biztos\u00edtva a hat\u00e9kony \u00e9s probl\u00e9mamentes m\u0171k\u00f6d\u00e9st.<\/p>\n<p>\u00d6sszefoglalva, a Professional Customized Hydraulic Cylinder egy cs\u00facskateg\u00f3ri\u00e1s hidraulikus henger, amelyet d\u00f6mperekhez terveztek. Testreszabhat\u00f3 kialak\u00edt\u00e1sa, tart\u00f3ss\u00e1ga \u00e9s kiv\u00e1l\u00f3 teljes\u00edtm\u00e9nye ide\u00e1lis v\u00e1laszt\u00e1ss\u00e1 teszi a neh\u00e9z\u00fczemi m\u0171veletekhez haszn\u00e1lt d\u00f6mperekhez.<\/p>\n<div>\n<h2>Szerezze be m\u00e9g ma egyedi hidraulikus henger\u00e9t d\u00f6mperaut\u00f3j\u00e1hoz!<\/h2>\n<p>Bemutatjuk vadonat\u00faj \u00e9s professzion\u00e1lisan testreszabott hidraulikus henger\u00fcnket d\u00f6mperekhez, amely t\u00f6k\u00e9letes k\u00fcl\u00f6nf\u00e9le ipar\u00e1gak sz\u00e1m\u00e1ra, bele\u00e9rtve a gy\u00e1rt\u00f3\u00fczemeket, g\u00e9pjav\u00edt\u00f3 m\u0171helyeket, mez\u0151gazdas\u00e1gi \u00fczemeket, energia- \u00e9s b\u00e1ny\u00e1szatot, g\u00e9pgy\u00e1rt\u00e1st \u00e9s g\u00e9pgy\u00e1rakat. Hidraulikus henger\u00fcnk tart\u00f3s ac\u00e9lb\u00f3l k\u00e9sz\u00fclt, \u00e9s a szabv\u00e1nyos el\u0151\u00edr\u00e1soknak megfelel\u0151en lett kialak\u00edtva, \u00edgy biztos\u00edtva a hossz\u00fa t\u00e1v\u00fa teljes\u00edtm\u00e9nyt. 1 \u00e9v garanci\u00e1val rendelkezik, \u00e9s ISO9001:2000 tan\u00fas\u00edtv\u00e1nnyal rendelkezik, amely garant\u00e1lja a kiv\u00e1l\u00f3 min\u0151s\u00e9get.<\/p>\n<ul>\n<li><b>S\u00faly:<\/b> 78 kg<\/li>\n<li><b>Maxim\u00e1lis tol\u00f3er\u0151:<\/b> 3000<\/li>\n<li><b>H\u00faz\u00f3kapacit\u00e1s:<\/b> 20 tonna<\/li>\n<\/ul>\n<p><img decoding=\"async\" src=\"https:\/\/hzpt.com\/wp-content\/uploads\/2023\/11\/Inverted-Telescopic-Cylinder-5.webp\" alt=\"Ford\u00edtott teleszk\u00f3pos henger\" title=\"\"><\/p>\n<h2>Hidraulikus henger\u00fcnk jellemz\u0151i<\/h2>\n<ul>\n<li><b>Testreszabott megold\u00e1s:<\/b> Hidraulikus hengereinket professzion\u00e1lisan testre szabjuk, hogy megfeleljenek az \u00d6n egyedi ig\u00e9nyeinek.<\/li>\n<li><b>Kiv\u00e1l\u00f3 min\u0151s\u00e9g\u0171 anyag:<\/b> Robusztus ac\u00e9lb\u00f3l k\u00e9sz\u00fclt, \u00edgy tart\u00f3ss\u00e1got \u00e9s hossz\u00fa \u00e9lettartamot biztos\u00edt.<\/li>\n<li><b>Nagy teljes\u00edtm\u00e9ny:<\/b> Maxim\u00e1lis tol\u00f3erej\u00e9vel 3000-es lehet, \u00e9s ak\u00e1r 20 tonn\u00e1s von\u00f3er\u0151t is elb\u00edr, \u00edgy nagy teljes\u00edtm\u00e9nyt ny\u00fajt.<\/li>\n<li><b>ISO min\u0151s\u00edt\u00e9s\u0171:<\/b> Hengereink ISO9001:2000 tan\u00fas\u00edtv\u00e1nnyal rendelkeznek, ami garant\u00e1lja a kiv\u00e1l\u00f3 min\u0151s\u00e9get.<\/li>\n<li><b>1 \u00e9v garancia:<\/b> Hidraulikus hengereinkre 1 \u00e9v garanci\u00e1t v\u00e1llalunk, \u00edgy \u00d6n nyugodt lehet.<\/li>\n<\/ul>\n<h2>Hidraulikus henger\u00fcnk alkalmaz\u00e1sai<\/h2>\n<p>Hidraulikus henger\u00fcnk k\u00fcl\u00f6nf\u00e9le alkalmaz\u00e1sokhoz alkalmas, bele\u00e9rtve:<\/p>\n<ul>\n<li><b>Billen\u0151 teheraut\u00f3k:<\/b> Munkahengereink t\u00f6k\u00e9letesek d\u00f6mperekhez, hat\u00e9kony hidraulikus emel\u00e9si teljes\u00edtm\u00e9nyt biztos\u00edtva.<\/li>\n<li><b>Gy\u00e1rt\u00f3\u00fczemek:<\/b> Ezek a hengerek gy\u00e1rt\u00f3\u00fczemekben alkalmazhat\u00f3k k\u00fcl\u00f6nf\u00e9le g\u00e9p\u00e9szeti m\u0171veletekhez.<\/li>\n<li><b>G\u00e9pjav\u00edt\u00f3 m\u0171helyek:<\/b> Ezek kulcsfontoss\u00e1g\u00fa alkatr\u00e9szek a g\u00e9pek jav\u00edt\u00e1s\u00e1hoz \u00e9s karbantart\u00e1s\u00e1hoz.<\/li>\n<li><b>Gazdas\u00e1gok:<\/b> Seg\u00edtenek a k\u00fcl\u00f6nf\u00e9le mez\u0151gazdas\u00e1gi g\u00e9pek \u00fczemeltet\u00e9s\u00e9ben, n\u00f6velve a termel\u00e9kenys\u00e9get.<\/li>\n<li><b>Energia \u00e9s b\u00e1ny\u00e1szat:<\/b> Hengereinket az energia- \u00e9s b\u00e1ny\u00e1szati \u200b\u200biparban haszn\u00e1lj\u00e1k neh\u00e9zg\u00e9pek \u00fczemeltet\u00e9s\u00e9hez.<\/li>\n<\/ul>\n<p><img decoding=\"async\" src=\"https:\/\/hzpt.com\/wp-content\/uploads\/2023\/11\/Inverted-Telescopic-Cylinder-Applications.webp\" alt=\"Ford\u00edtott teleszk\u00f3pos henger alkalmaz\u00e1sok\" title=\"\"><\/p>\n<h2>Hidraulikus henger\u00fcnk m\u0171k\u00f6d\u00e9si elve \u00e9s karbantart\u00e1sa<\/h2>\n<p>Hidraulikus henger\u00fcnk a hidraulikus folyad\u00e9k bemeneti \u00e9s kimeneti erej\u00e9nek elv\u00e9n m\u0171k\u00f6dik. A konfigur\u00e1ci\u00f3 egy dugatty\u00fat \u00e9s egy hengert tartalmaz. Amikor hidraulikus folyad\u00e9kot pump\u00e1lunk a hengerbe, az megnyomja a dugatty\u00fat, er\u0151t gener\u00e1lva. Ezt az er\u0151t ezut\u00e1n k\u00fcl\u00f6nf\u00e9le feladatok elv\u00e9gz\u00e9s\u00e9re haszn\u00e1ljuk, p\u00e9ld\u00e1ul neh\u00e9z t\u00e1rgyak emel\u00e9s\u00e9re vagy tol\u00e1s\u00e1ra.<\/p>\n<p>Hidraulikus henger\u00fcnk karbantart\u00e1sa a k\u00f6vetkez\u0151ket foglalja mag\u00e1ban:<\/p>\n<ul>\n<li><b>Rendszeres ellen\u0151rz\u00e9s:<\/b> A henger megfelel\u0151 m\u0171k\u00f6d\u00e9s\u00e9nek biztos\u00edt\u00e1s\u00e1hoz rendszeres ellen\u0151rz\u00e9sre van sz\u00fcks\u00e9g.<\/li>\n<li><b>Tiszt\u00edt\u00e1s:<\/b> A henger tiszt\u00edt\u00e1sa seg\u00edt meg\u0151rizni a teljes\u00edtm\u00e9ny\u00e9t \u00e9s \u00e9lettartam\u00e1t.<\/li>\n<li><b>Ken\u00e9s:<\/b> A henger mozg\u00f3 r\u00e9szeinek ken\u00e9se cs\u00f6kkenti a s\u00farl\u00f3d\u00e1st \u00e9s a kop\u00e1st.<\/li>\n<li><b>Rendszeres ellen\u0151rz\u00e9sek \u00e9s jav\u00edt\u00e1sok:<\/b> A rendszeres ellen\u0151rz\u00e9sek \u00e9s jav\u00edt\u00e1sok megel\u0151zhetik a s\u00falyosabb meghib\u00e1sod\u00e1sokat.<\/li>\n<li><b>T\u00f6m\u00edt\u00e9s csere:<\/b> A t\u00f6m\u00edt\u00e9sek cser\u00e9je elhaszn\u00e1l\u00f3d\u00e1s eset\u00e9n biztos\u00edtja, hogy a henger l\u00e9gmentes maradjon \u00e9s hat\u00e9konyan m\u0171k\u00f6dj\u00f6n.<\/li>\n<\/ul>\n<p><img decoding=\"async\" src=\"https:\/\/hzpt.com\/wp-content\/uploads\/2023\/11\/Inverted-Telescopic-Cylinder-17.webp\" alt=\"Ford\u00edtott teleszk\u00f3pos henger gy\u00e1rt\u00f3k\" title=\"\"><\/p>\n<\/div>\n<h2>Ford\u00edtott teleszk\u00f3pos henger<\/h2>\n<p>A hidraulikus henger egy mechanikus m\u0171k\u00f6dtet\u0151, amelyet line\u00e1ris er\u0151 biztos\u00edt\u00e1s\u00e1ra haszn\u00e1lnak k\u00fcl\u00f6nf\u00e9le alkalmaz\u00e1sokban. Az ipari szektorban gyakran haszn\u00e1lt hidraulikus hengerek egyik t\u00edpusa a ford\u00edtott teleszk\u00f3pos henger. Ebben a cikkben a d\u00f6mperekben tal\u00e1lhat\u00f3 ford\u00edtott teleszk\u00f3pos henger jellemz\u0151it, funkci\u00f3it \u00e9s alkalmaz\u00e1sait vizsg\u00e1ljuk meg.<\/p>\n<h3>1. A ford\u00edtott teleszk\u00f3pos henger jellemz\u0151i<\/h3>\n<p>A ford\u00edtott teleszk\u00f3pos henger, ahogy a neve is sugallja, egyedi kialak\u00edt\u00e1s\u00fa, ahol a kisebb \u00e1tm\u00e9r\u0151j\u0171 dugatty\u00far\u00fad kiny\u00falik a nagyobb \u00e1tm\u00e9r\u0151j\u0171 hengerb\u0151l. Ez a kialak\u00edt\u00e1s kompakt \u00e9s helytakar\u00e9kos megold\u00e1st tesz lehet\u0151v\u00e9, \u00edgy ide\u00e1lis a korl\u00e1tozott helyig\u00e9ny\u0171 alkalmaz\u00e1sokhoz. A henger kiv\u00e1l\u00f3 min\u0151s\u00e9g\u0171 anyagokb\u00f3l, p\u00e9ld\u00e1ul ac\u00e9lb\u00f3l k\u00e9sz\u00fclt, ami tart\u00f3ss\u00e1got \u00e9s hossz\u00fa t\u00e1v\u00fa teljes\u00edtm\u00e9nyt biztos\u00edt m\u00e9g nagy nyom\u00e1s alatt is.<\/p>\n<p>Ezenk\u00edv\u00fcl a ford\u00edtott teleszk\u00f3pos henger fejlett t\u00f6m\u00edt\u00e9si technol\u00f3gi\u00e1val van felszerelve, amely megakad\u00e1lyozza a sziv\u00e1rg\u00e1st \u00e9s biztos\u00edtja a z\u00f6kken\u0151mentes m\u0171k\u00f6d\u00e9st. A hengert \u00fagy tervezt\u00e9k, hogy ellen\u00e1lljon a zord k\u00f6rnyezeti felt\u00e9teleknek, p\u00e9ld\u00e1ul a sz\u00e9ls\u0151s\u00e9ges h\u0151m\u00e9rs\u00e9kleteknek \u00e9s a korroz\u00edv anyagoknak, \u00edgy alkalmass\u00e1 teszi k\u00fcl\u00f6nf\u00e9le ipari k\u00f6rnyezetekben val\u00f3 haszn\u00e1latra.<\/p>\n<h3>2. A ford\u00edtott teleszk\u00f3pos henger funkci\u00f3i<\/h3>\n<p>A ford\u00edtott teleszk\u00f3pos henger els\u0151dleges funkci\u00f3ja a d\u00f6mperek emel\u0151- \u00e9s \u00fcr\u00edt\u0151 mechanizmus\u00e1nak biztos\u00edt\u00e1sa. Amikor hidraulikafolyad\u00e9kot pump\u00e1lnak a hengerbe, nyom\u00e1st hoz l\u00e9tre, aminek k\u00f6vetkezt\u00e9ben a dugatty\u00far\u00fad kiny\u00falik \u00e9s felemeli a d\u00f6mperplat\u00f3t. Ez lehet\u0151v\u00e9 teszi az olyan anyagok, mint a f\u00f6ld, kavics vagy \u00e9p\u00edt\u00e9si t\u00f6rmel\u00e9k, egyszer\u0171 \u00e9s hat\u00e9kony kirakod\u00e1s\u00e1t.<\/p>\n<p>Tov\u00e1bb\u00e1 a ford\u00edtott teleszk\u00f3pos henger prec\u00edz ir\u00e1ny\u00edt\u00e1st biztos\u00edt a \u00fcr\u00edt\u00e9si folyamat felett. A kezel\u0151 be\u00e1ll\u00edthatja a henger sebess\u00e9g\u00e9t \u00e9s erej\u00e9t, biztos\u00edtva a szab\u00e1lyozott \u00e9s biztons\u00e1gos \u00fcr\u00edt\u00e9si m\u0171veletet. A henger stabilit\u00e1st \u00e9s egyens\u00falyt is biztos\u00edt a d\u00f6mpernek, megakad\u00e1lyozva a felborul\u00e1st vagy a d\u0151l\u00e9st az \u00fcr\u00edt\u00e9si folyamat sor\u00e1n.<\/p>\n<h3>3. A ford\u00edtott teleszk\u00f3pos henger alkalmaz\u00e1sai<\/h3>\n<p>A ford\u00edtott teleszk\u00f3pos hengert sz\u00e9les k\u00f6rben haszn\u00e1lj\u00e1k az \u00e9p\u00edt\u0151iparban \u00e9s a b\u00e1ny\u00e1szati \u200b\u200biparban, k\u00fcl\u00f6n\u00f6sen a d\u00f6mperekben. Ezek a teheraut\u00f3k elengedhetetlenek a neh\u00e9z rakom\u00e1nyok \u00e9s anyagok sz\u00e1ll\u00edt\u00e1s\u00e1hoz k\u00fcl\u00f6nf\u00e9le \u00e9p\u00edtkez\u00e9seken \u00e9s b\u00e1ny\u00e1szati \u200b\u200bm\u0171veletekben. A ford\u00edtott teleszk\u00f3pos henger kulcsszerepet j\u00e1tszik a d\u00f6mperek hat\u00e9kony m\u0171k\u00f6d\u00e9s\u00e9ben, lehet\u0151v\u00e9 t\u00e9ve az anyagok gyors \u00e9s ellen\u0151rz\u00f6tt kirakod\u00e1s\u00e1t.<\/p>\n<p>Ezenk\u00edv\u00fcl a ford\u00edtott teleszk\u00f3pos hengert m\u00e1s olyan alkalmaz\u00e1sokban is haszn\u00e1lj\u00e1k, ahol korl\u00e1tozott a hely, de nagy emel\u0151er\u0151re van sz\u00fcks\u00e9g. P\u00e9ld\u00e1ul hidraulikus emel\u0151kben, anyagmozgat\u00f3 berendez\u00e9sekben \u00e9s mez\u0151gazdas\u00e1gi g\u00e9pekben tal\u00e1lhat\u00f3.<\/p>\n<p>\u00d6sszefoglalva, a ford\u00edtott teleszk\u00f3pos henger egy speci\u00e1lis hidraulikus henger, amely egyedi tulajdons\u00e1gokat \u00e9s funkci\u00f3kat k\u00edn\u00e1l d\u00f6mperek \u00e9s k\u00fcl\u00f6nf\u00e9le egy\u00e9b alkalmaz\u00e1sok sz\u00e1m\u00e1ra. Kompakt kialak\u00edt\u00e1sa, fejlett t\u00f6m\u00edt\u00e9stechnol\u00f3gi\u00e1ja \u00e9s prec\u00edz vez\u00e9rl\u00e9se kiv\u00e1l\u00f3 v\u00e1laszt\u00e1ss\u00e1 teszi azokat az ipar\u00e1gakat, amelyek hat\u00e9kony emel\u0151- \u00e9s \u00fcr\u00edt\u0151 mechanizmusokat ig\u00e9nyelnek. A ford\u00edtott teleszk\u00f3pos henger biztos\u00edtja a sima \u00e9s megb\u00edzhat\u00f3 m\u0171k\u00f6d\u00e9st, n\u00f6velve a termel\u00e9kenys\u00e9get \u00e9s a biztons\u00e1got a k\u00fcl\u00f6nf\u00e9le ipari k\u00f6rnyezetben.<\/p>\n<h3>Az FMP hidraulikus hengerr\u0151l<\/h3>\n<p>Az FMP egy megb\u00edzhat\u00f3 v\u00e1llalat, amely \u00e9p\u00edt\u0151ipari g\u00e9palkatr\u00e9szek \u00e9s komplett g\u00e9pek \u00e9rt\u00e9kes\u00edt\u00e9s\u00e9re \u00e9s szervizel\u00e9s\u00e9re specializ\u00e1l\u00f3dott. Hidraulikus hengereinket az \u00e9p\u00edt\u0151ipar magas ig\u00e9nyeinek megfelel\u0151en tervezt\u00fck \u00e9s gy\u00e1rtottuk. Sz\u00e9les term\u00e9kk\u00edn\u00e1lattal rendelkez\u00fcnk, amely k\u00fcl\u00f6nb\u00f6z\u0151 t\u00edpus\u00fa hidraulikus hengereket tartalmaz, p\u00e9ld\u00e1ul \u00e1ll\u00edthat\u00f3 kengyeles hengereket, hegesztett hengereket, teleszk\u00f3pos hengereket \u00e9s sok m\u00e1st.<\/p>\n<p>\u00cdme n\u00e9h\u00e1ny ok, ami\u00e9rt \u00e9rdemes az FMP hidraulikus hengert v\u00e1lasztania:<\/p>\n<ol>\n<li><strong>Kiv\u00e1l\u00f3 min\u0151s\u00e9g\u0171 alkatr\u00e9szek:<\/strong> Hidraulikus hengereink pr\u00e9mium min\u0151s\u00e9g\u0171 alkatr\u00e9szekb\u0151l k\u00e9sz\u00fclnek, amelyek megfelelnek a szigor\u00fa min\u0151s\u00e9gi el\u0151\u00edr\u00e1soknak. Anyagainkat megb\u00edzhat\u00f3 belf\u00f6ldi \u00e9s k\u00fclf\u00f6ldi besz\u00e1ll\u00edt\u00f3kt\u00f3l szerezz\u00fck be, hogy biztos\u00edtsuk term\u00e9keink legmagasabb min\u0151s\u00e9g\u00e9t.<\/li>\n<li><strong>Megb\u00edzhat\u00f3 teljes\u00edtm\u00e9ny:<\/strong> Fejlett gy\u00e1rt\u00e1si technik\u00e1kat \u00e9s technol\u00f3gi\u00e1kat alkalmazunk annak \u00e9rdek\u00e9ben, hogy hidraulikus hengereink megb\u00edzhat\u00f3 teljes\u00edtm\u00e9nyt ny\u00fajtsanak m\u00e9g a legnehezebb k\u00f6r\u00fclm\u00e9nyek k\u00f6z\u00f6tt is.<\/li>\n<li><strong>Testreszab\u00e1s:<\/strong> Testreszab\u00e1si szolg\u00e1ltat\u00e1sokat k\u00edn\u00e1lunk \u00fcgyfeleink egyedi ig\u00e9nyeinek kiel\u00e9g\u00edt\u00e9s\u00e9re. K\u00e9pzett m\u00e9rn\u00f6k\u00f6kb\u0151l \u00e1ll\u00f3 csapatunk olyan hidraulikus hengereket tervez \u00e9s gy\u00e1rt, amelyek pontosan megfelelnek az \u00d6n k\u00f6vetelm\u00e9nyeinek.<\/li>\n<li><strong>Versenyk\u00e9pes \u00e1rak:<\/strong> Term\u00e9keinket versenyk\u00e9pes \u00e1ron k\u00edn\u00e1ljuk a min\u0151s\u00e9g fel\u00e1ldoz\u00e1sa n\u00e9lk\u00fcl. C\u00e9lunk, hogy k\u00f6lts\u00e9ghat\u00e9kony megold\u00e1sokat ny\u00fajtsunk \u00fcgyfeleinknek.<\/li>\n<li><strong>Kiv\u00e1l\u00f3 \u00fcgyf\u00e9lszolg\u00e1lat:<\/strong> \u00c9rt\u00e9kes\u00edt\u00e9si csapatunk hozz\u00e1\u00e9rt\u0151 \u00e9s tapasztalt az \u00e9p\u00edt\u0151ipari g\u00e9piparban. Professzion\u00e1lis term\u00e9ktan\u00e1csad\u00e1st \u00e9s intelligens v\u00e1s\u00e1rl\u00e1si javaslatokat tudnak ny\u00fajtani. Hat\u00e9kony logisztikai eloszt\u00e1si rendszerrel is rendelkez\u00fcnk, hogy \u00fcgyfeleink id\u0151ben \u00e9s pontosan megkapj\u00e1k a sz\u00fcks\u00e9ges alkatr\u00e9szeket.<\/li>\n<\/ol>\n<p>L\u00e9pjen kapcsolatba vel\u00fcnk most, hogy t\u00f6bbet megtudjon hidraulikus hengereinkr\u0151l \u00e9s arr\u00f3l, hogyan seg\u00edthet\u00fcnk \u00e9p\u00edt\u0151ipari g\u00e9peivel kapcsolatos ig\u00e9nyeiben.<\/p>\n<p><img decoding=\"async\" src=\"https:\/\/fmp-components.com\/wp-content\/uploads\/2024\/12\/Adjustable-Clevis-Type-Cylinders-6.webp\" alt=\"\u00c1ll\u00edthat\u00f3 kengyeles henger\" width=\"814\" title=\"\"><\/p>\n<p>Szerz\u0151: CX<\/p>","protected":false},"excerpt":{"rendered":"<p>Introducing the Professional Customized Hydraulic Cylinder for Dump Trucks Dump trucks are essential heavy-duty vehicles used in various industries, including construction and mining. The hydraulic system is a critical component of dump trucks, and the hydraulic cylinder is one of the most critical parts of the hydraulic system. The hydraulic cylinder is responsible for powering [&hellip;]<\/p>","protected":false},"featured_media":1626,"comment_status":"closed","ping_status":"closed","template":"","meta":{"_et_pb_use_builder":"","_et_pb_old_content":"","_et_gb_content_width":""},"product_brand":[],"product_cat":[45],"product_tag":[34,48],"class_list":{"0":"post-1625","1":"product","2":"type-product","3":"status-publish","4":"has-post-thumbnail","6":"product_cat-inverted-telescopic-cylinder","7":"product_tag-hydraulic-cylinder","8":"product_tag-inverted-telescopic-cylinder","10":"first","11":"instock","12":"product-type-simple"},"_links":{"self":[{"href":"https:\/\/fmp-components.com\/hu\/wp-json\/wp\/v2\/product\/1625","targetHints":{"allow":["GET"]}}],"collection":[{"href":"https:\/\/fmp-components.com\/hu\/wp-json\/wp\/v2\/product"}],"about":[{"href":"https:\/\/fmp-components.com\/hu\/wp-json\/wp\/v2\/types\/product"}],"replies":[{"embeddable":true,"href":"https:\/\/fmp-components.com\/hu\/wp-json\/wp\/v2\/comments?post=1625"}],"wp:featuredmedia":[{"embeddable":true,"href":"https:\/\/fmp-components.com\/hu\/wp-json\/wp\/v2\/media\/1626"}],"wp:attachment":[{"href":"https:\/\/fmp-components.com\/hu\/wp-json\/wp\/v2\/media?parent=1625"}],"wp:term":[{"taxonomy":"product_brand","embeddable":true,"href":"https:\/\/fmp-components.com\/hu\/wp-json\/wp\/v2\/product_brand?post=1625"},{"taxonomy":"product_cat","embeddable":true,"href":"https:\/\/fmp-components.com\/hu\/wp-json\/wp\/v2\/product_cat?post=1625"},{"taxonomy":"product_tag","embeddable":true,"href":"https:\/\/fmp-components.com\/hu\/wp-json\/wp\/v2\/product_tag?post=1625"}],"curies":[{"name":"munkaf\u00fczet","href":"https:\/\/api.w.org\/{rel}","templated":true}]}}