{"id":1623,"date":"2024-12-23T06:59:20","date_gmt":"2024-12-23T06:59:20","guid":{"rendered":"https:\/\/fmp-components.com\/product\/new-design-5-ton-telescopic-hydraulic-cylinder-dump-truck-hydraulic-cylinder\/"},"modified":"2024-12-23T08:34:10","modified_gmt":"2024-12-23T08:34:10","slug":"new-design-5-ton-telescopic-hydraulic-cylinder-dump-truck-hydraulic-cylinder","status":"publish","type":"product","link":"https:\/\/fmp-components.com\/hu\/product\/new-design-5-ton-telescopic-hydraulic-cylinder-dump-truck-hydraulic-cylinder\/","title":{"rendered":"\u00daj kialak\u00edt\u00e1s\u00fa 5 tonn\u00e1s teleszk\u00f3pos hidraulikus hengeres d\u00f6mper hidraulikus henger"},"content":{"rendered":"<h2>Bemutatkozik az \u00faj, 5 tonn\u00e1s teleszk\u00f3pos hidraulikus henger d\u00f6mperaut\u00f3 hidraulikus henger\u00e9hez:<\/h2>\n<p>Az \u00faj kialak\u00edt\u00e1s\u00fa, 5 tonn\u00e1s teleszk\u00f3pos hidraulikus henger egy \u00e9lvonalbeli term\u00e9k, amelyet kifejezetten d\u00f6mperekhez terveztek. Innovat\u00edv tulajdons\u00e1gainak \u00e9s fejlett technol\u00f3gi\u00e1j\u00e1nak k\u00f6sz\u00f6nhet\u0151en ez a hidraulikus henger p\u00e1ratlan teljes\u00edtm\u00e9nyt \u00e9s megb\u00edzhat\u00f3s\u00e1got k\u00edn\u00e1l.<\/p>\n<p>F\u0151bb jellemz\u0151k:<br \/>\n1. Megn\u00f6velt emel\u0151kapacit\u00e1s: Ennek a hidraulikus hengernek az 5 tonn\u00e1s emel\u0151kapacit\u00e1sa biztos\u00edtja a neh\u00e9z terhek hat\u00e9kony \u00e9s er\u0151fesz\u00edt\u00e9s n\u00e9lk\u00fcli \u00fcr\u00edt\u00e9s\u00e9t, \u00edgy ide\u00e1lis k\u00fcl\u00f6nf\u00e9le ipari alkalmaz\u00e1sokhoz.<\/p>\n<p>2. Teleszk\u00f3pos kialak\u00edt\u00e1s: A teleszk\u00f3pos kialak\u00edt\u00e1s kompakt \u00e9s helytakar\u00e9kos megold\u00e1st tesz lehet\u0151v\u00e9 a teljes\u00edtm\u00e9ny fel\u00e1ldoz\u00e1sa n\u00e9lk\u00fcl. T\u00f6bb kih\u00faz\u00e1si fokozatot k\u00edn\u00e1l, lehet\u0151v\u00e9 t\u00e9ve a \u00fcr\u00edt\u00e9si folyamat pontos ir\u00e1ny\u00edt\u00e1s\u00e1t.<\/p>\n<p>3. Nagy tart\u00f3ss\u00e1g: Ez a hidraulikus henger kiv\u00e1l\u00f3 min\u0151s\u00e9g\u0171 anyagokb\u00f3l k\u00e9sz\u00fclt, \u00edgy a zord munkak\u00f6r\u00fclm\u00e9nyeknek is ellen\u00e1ll, \u00edgy hossz\u00fa \u00e9lettartamot \u00e9s minim\u00e1lis karbantart\u00e1si ig\u00e9nyt biztos\u00edt.<\/p>\n<p>4. Z\u00f6kken\u0151mentes m\u0171k\u00f6d\u00e9s: A prec\u00edzi\u00f3san megtervezett hidraulikus rendszerrel felszerelt \u00faj kialak\u00edt\u00e1s\u00fa, 5 tonn\u00e1s teleszk\u00f3pos hidraulikus henger z\u00f6kken\u0151mentes \u00e9s z\u00f6kken\u0151mentes m\u0171k\u00f6d\u00e9st biztos\u00edt, cs\u00f6kkentve a targonca szerkezet\u00e9re nehezed\u0151 terhel\u00e9st \u00e9s meghosszabb\u00edtva \u00e9lettartam\u00e1t.<\/p>\n<p>5. Biztons\u00e1gi jellemz\u0151k: A hidraulikus henger biztons\u00e1gi mechanizmusokkal van felszerelve, mint p\u00e9ld\u00e1ul t\u00falterhel\u00e9sv\u00e9delem \u00e9s nyom\u00e1scs\u00f6kkent\u0151 szelepek, amelyek biztons\u00e1gos \u00e9s megb\u00edzhat\u00f3 m\u0171k\u00f6d\u00e9st biztos\u00edtanak m\u00e9g neh\u00e9z k\u00f6r\u00fclm\u00e9nyek k\u00f6z\u00f6tt is.<\/p>\n<p>6. K\u00f6nny\u0171 telep\u00edt\u00e9s: A gondtalan telep\u00edt\u00e9sre tervezett hidraulikus henger minden sz\u00fcks\u00e9ges szerel\u00e9si tartoz\u00e9kkal \u00e9s egy\u00e9rtelm\u0171 utas\u00edt\u00e1sokkal rendelkezik, \u00edgy k\u00e9nyelmes a teheraut\u00f3-gy\u00e1rt\u00f3k \u00e9s a hidraulikus rendszerek telep\u00edt\u0151i sz\u00e1m\u00e1ra.<\/p>\n<p>Alkalmaz\u00e1sok:<br \/>\nAz \u00faj kialak\u00edt\u00e1s\u00fa, 5 tonn\u00e1s teleszk\u00f3pos hidraulikus hengert sz\u00e9les k\u00f6rben haszn\u00e1lj\u00e1k d\u00f6mperekben k\u00fcl\u00f6nf\u00e9le ipar\u00e1gakban, bele\u00e9rtve az \u00e9p\u00edt\u0151ipar, a b\u00e1ny\u00e1szat, a mez\u0151gazdas\u00e1g \u00e9s a hullad\u00e9kkezel\u00e9s ter\u00fclet\u00e9n. Sokoldal\u00fas\u00e1ga \u00e9s robusztuss\u00e1ga t\u00f6k\u00e9letes v\u00e1laszt\u00e1ss\u00e1 teszi neh\u00e9z teheremel\u00e9sekhez \u00e9s d\u00f6mperekhez.<\/p>\n<p>\u00d6sszefoglalva, az \u00faj kialak\u00edt\u00e1s\u00fa, 5 tonn\u00e1s teleszk\u00f3pos hidraulikus henger forradalmi v\u00e1ltoz\u00e1st hoz a d\u00f6mperek hidraulikus rendszereiben. Fejlett tulajdons\u00e1gai, tart\u00f3ss\u00e1ga \u00e9s k\u00f6nny\u0171 telep\u00edt\u00e9se kiv\u00e1l\u00f3 v\u00e1laszt\u00e1ss\u00e1 teszi azokat az ipar\u00e1gakat, amelyek hat\u00e9kony \u00e9s megb\u00edzhat\u00f3 d\u00f6mperel\u00e9si k\u00e9pess\u00e9gekre t\u00e1maszkodnak. Friss\u00edtse d\u00f6mper\u00e9t ezzel a hidraulikus hengerrel, \u00e9s tapasztalja meg a kor\u00e1bban soha nem l\u00e1tott teljes\u00edtm\u00e9nyt.<\/p>\n<div>\n<h2>Bemutatjuk 5 tonn\u00e1s teleszk\u00f3pos hidraulikus hengeres d\u00f6mper hidraulikus henger\u00fcnket<\/h2>\n<table style=\"width: 100%;\" border=\"1\" width=\"100%\" cellspacing=\"0\" cellpadding=\"0\">\n<tbody>\n<tr>\n<th>Term\u00e9k neve<\/th>\n<td>5 tonn\u00e1s teleszk\u00f3pos hidraulikus henger billen\u0151kocsi hidraulikus henger<\/td>\n<\/tr>\n<tr>\n<th>\u00c1llapot<\/th>\n<td>\u00daj<\/td>\n<\/tr>\n<tr>\n<th>Garancia<\/th>\n<td>1 \u00e9v<\/td>\n<\/tr>\n<tr>\n<th>Max. terhel\u00e9s<\/th>\n<td>5 tonna<\/td>\n<\/tr>\n<tr>\n<th>Alapvet\u0151 \u00f6sszetev\u0151k<\/th>\n<td>Csap\u00e1gyak \u00e9s dugatty\u00fas hengerek<\/td>\n<\/tr>\n<tr>\n<th>Anyag<\/th>\n<td>Massz\u00edv ac\u00e9l<\/td>\n<\/tr>\n<tr>\n<th>Tesztel\u00e9s<\/th>\n<td>G\u00e9pteszt-jelent\u00e9s mell\u00e9kelve<\/td>\n<\/tr>\n<tr>\n<th>Teljes\u00edtm\u00e9ny<\/th>\n<td>Korszer\u0171 technol\u00f3gia<\/td>\n<\/tr>\n<tr>\n<th>Alkalmazhat\u00f3 ipar\u00e1gak<\/th>\n<td>Gy\u00e1rt\u00f3\u00fczemek, G\u00e9pjav\u00edt\u00f3 m\u0171helyek, Mez\u0151gazdas\u00e1g, Energia \u00e9s B\u00e1ny\u00e1szat<\/td>\n<\/tr>\n<tr>\n<th>Indul\u00e1si \u00e9v<\/th>\n<td>2024<\/td>\n<\/tr>\n<\/tbody>\n<\/table>\n<p><img decoding=\"async\" class=\"aligncenter\" src=\"https:\/\/hzpt.com\/wp-content\/uploads\/2023\/11\/Inverted-Telescopic-Cylinder-18.webp\" alt=\"\" title=\"\"><\/p>\n<h2>Az 5 tonn\u00e1s teleszk\u00f3pos hidraulikus hengeres d\u00f6mper hidraulikus henger\u00e9nek jellemz\u0151i<\/h2>\n<ul>\n<li>Standard kialak\u00edt\u00e1s dugatty\u00fas hengeres szerkezettel.<\/li>\n<li>Hidraulikus teljes\u00edtm\u00e9ny \u00e9s maxim\u00e1lis tol\u00f3er\u0151 3000.<\/li>\n<li>G\/SAE\/NPT\/M csatlakoz\u00f3kkal ell\u00e1tott, ford\u00edtott teleszk\u00f3pos hengerek.<\/li>\n<li>Maxim\u00e1lis h\u00faz\u00f3er\u0151 20 tonna \u00e9s ISO9001:2000 tan\u00fas\u00edtv\u00e1nnyal rendelkezik.<\/li>\n<li>Furat\u00e1tm\u00e9r\u0151 2-6 h\u00fcvelyk, r\u00fadm\u00e9ret 1,125-4 h\u00fcvelyk, l\u00f6kethossz 6-48 h\u00fcvelyk \u00e9s csapm\u00e9ret 0,5-2 h\u00fcvelyk.<\/li>\n<\/ul>\n<h2>Az 5 tonn\u00e1s teleszk\u00f3pos hidraulikus hengeres d\u00f6mper hidraulikus henger\u00e9nek alkalmaz\u00e1sai<\/h2>\n<p>Ez a sokoldal\u00fa hidraulikus henger sz\u00e1mos alkalmaz\u00e1si ter\u00fcleten haszn\u00e1lhat\u00f3:<\/p>\n<ul>\n<li>Gy\u00e1rt\u00f3\u00fczemek k\u00fcl\u00f6nf\u00e9le g\u00e9pek gy\u00e1rt\u00e1s\u00e1hoz.<\/li>\n<li>G\u00e9pjav\u00edt\u00f3 m\u0171helyek k\u00fcl\u00f6nf\u00e9le berendez\u00e9sek karbantart\u00e1s\u00e1hoz \u00e9s jav\u00edt\u00e1s\u00e1hoz.<\/li>\n<li>Neh\u00e9z mez\u0151gazdas\u00e1gi feladatokra alkalmas gazdas\u00e1gok.<\/li>\n<li>Energia- \u00e9s b\u00e1ny\u00e1szati \u200b\u200bipar kitermel\u00e9si \u00e9s feldolgoz\u00e1si feladatokhoz.<\/li>\n<li>G\u00e9pgy\u00e1rt\u00e1s k\u00fcl\u00f6nf\u00e9le g\u00e9pek \u00e9s berendez\u00e9sek l\u00e9trehoz\u00e1s\u00e1ra.<\/li>\n<\/ul>\n<p><img decoding=\"async\" src=\"https:\/\/hzpt.com\/wp-content\/uploads\/2023\/11\/Inverted-Telescopic-Cylinder-Applications.webp\" alt=\"\" title=\"\"><\/p>\n<h2>M\u0171k\u00f6d\u00e9si elv \u00e9s karbantart\u00e1si m\u00f3dszerek<\/h2>\n<p>Az 5 tonn\u00e1s teleszk\u00f3pos hidraulikus henger \u00fagy m\u0171k\u00f6dik, hogy a bej\u00f6v\u0151 hidraulikus folyad\u00e9kot kimeneti er\u0151v\u00e9 alak\u00edtja. Olyan f\u0151 alkatr\u00e9szekb\u0151l \u00e1ll, mint a csap\u00e1gyak \u00e9s a dugatty\u00fas hengerek. A term\u00e9k hossz\u00fa \u00e9lettartam\u00e1nak biztos\u00edt\u00e1sa \u00e9rdek\u00e9ben elengedhetetlen a rendszeres ellen\u0151rz\u00e9s, tiszt\u00edt\u00e1s \u00e9s ken\u00e9s. A t\u00f6m\u00edt\u00e9sek cser\u00e9je \u00e9s a kezel\u00e9si \u00fatmutat\u00f3 betart\u00e1sa szint\u00e9n elengedhetetlen a karbantart\u00e1s\u00e1hoz. Ezenk\u00edv\u00fcl rendszeres ellen\u0151rz\u00e9seket \u00e9s jav\u00edt\u00e1sokat kell v\u00e9gezni az optim\u00e1lis teljes\u00edtm\u00e9ny biztos\u00edt\u00e1sa \u00e9rdek\u00e9ben.<\/p>\n<p><img decoding=\"async\" src=\"https:\/\/hzpt.com\/wp-content\/uploads\/2023\/11\/Inverted-Telescopic-Cylinder-21.webp\" alt=\"\" title=\"\"><\/p>\n<\/div>\n<h2>Ford\u00edtott teleszk\u00f3pos henger<\/h2>\n<p>Az invert\u00e1lt teleszk\u00f3pos henger, m\u00e1s n\u00e9ven ford\u00edtott teleszk\u00f3pos henger, egy olyan hidraulikus henger, amelynek dugatty\u00far\u00fadja a henger alj\u00e1b\u00f3l, nem pedig fel\u00fclr\u0151l ny\u00falik ki. Ez az egyedi kialak\u00edt\u00e1s sz\u00e1mos el\u0151nnyel rendelkezik a hagyom\u00e1nyos teleszk\u00f3pos hengerekkel szemben, \u00edgy ide\u00e1lis v\u00e1laszt\u00e1s k\u00fcl\u00f6nf\u00e9le hidraulikus alkalmaz\u00e1sokhoz.<\/p>\n<h3>\u00daj kialak\u00edt\u00e1s\u00fa 5 tonn\u00e1s teleszk\u00f3pos hidraulikus hengeres d\u00f6mper hidraulikus henger<\/h3>\n<p>Az \u00faj kialak\u00edt\u00e1s\u00fa, 5 tonn\u00e1s teleszk\u00f3pos hidraulikus hengeres d\u00f6mper hidraulikus henger nagyszer\u0171 p\u00e9lda arra, hogyan lehet a ford\u00edtott teleszk\u00f3pos henger seg\u00edts\u00e9g\u00e9vel jav\u00edtani a hidraulikus rendszerek hat\u00e9konys\u00e1g\u00e1t \u00e9s teljes\u00edtm\u00e9ny\u00e9t. \u00cdme n\u00e9h\u00e1ny f\u0151 el\u0151nye ennek az innovat\u00edv kialak\u00edt\u00e1snak:<\/p>\n<ul>\n<li><strong>Megn\u00f6velt teherb\u00edr\u00e1s:<\/strong> A henger ford\u00edtott kialak\u00edt\u00e1sa nagyobb dugatty\u00fa\u00e1tm\u00e9r\u0151t tesz lehet\u0151v\u00e9, ami nagyobb emel\u0151kapacit\u00e1st eredm\u00e9nyez. Ez azt jelenti, hogy a d\u00f6mper nagyobb s\u00falyt tud sz\u00e1ll\u00edtani, \u00edgy hat\u00e9konyabb \u00e9s k\u00f6lts\u00e9gk\u00edm\u00e9l\u0151bb.<\/li>\n<li><strong>Jobb stabilit\u00e1s:<\/strong> Mivel a dugatty\u00far\u00fad a henger alj\u00e1n tal\u00e1lhat\u00f3, a d\u00f6mper s\u00falypontja alacsonyabb. Ez stabilabb\u00e1 teszi, \u00e9s kisebb a felborul\u00e1s val\u00f3sz\u00edn\u0171s\u00e9ge, ami k\u00fcl\u00f6n\u00f6sen fontos neh\u00e9z rakom\u00e1nyok sz\u00e1ll\u00edt\u00e1sa eset\u00e9n.<\/li>\n<li><strong>Fokozott tart\u00f3ss\u00e1g:<\/strong> A ford\u00edtott teleszk\u00f3pos hengerek kev\u00e9sb\u00e9 hajlamosak a k\u00fcls\u0151 t\u00e9nyez\u0151k, p\u00e9ld\u00e1ul a szennyez\u0151d\u00e9s, a t\u00f6rmel\u00e9k \u00e9s a v\u00edz okozta k\u00e1rosod\u00e1sra. Ez\u00e1ltal tart\u00f3sabbak \u00e9s megb\u00edzhat\u00f3bbak lesznek hossz\u00fa t\u00e1von, cs\u00f6kkentve a karbantart\u00e1si k\u00f6lts\u00e9geket \u00e9s az \u00e1ll\u00e1sid\u0151t.<\/li>\n<li><strong>Megn\u00f6velt hat\u00e9konys\u00e1g:<\/strong> A henger ford\u00edtott kialak\u00edt\u00e1sa lehet\u0151v\u00e9 teszi a hidraulikafolyad\u00e9k k\u00f6zvetlenebb \u00e1raml\u00e1s\u00e1t, ami cs\u00f6kkenti a s\u00farl\u00f3d\u00e1st \u00e9s jav\u00edtja az \u00e1ltal\u00e1nos hat\u00e9konys\u00e1got. Ez azt jelenti, hogy a d\u00f6mper sim\u00e1bban \u00e9s kevesebb energi\u00e1val m\u0171k\u00f6dhet, cs\u00f6kkentve az \u00fczemanyag-fogyaszt\u00e1st \u00e9s az \u00fczemeltet\u00e9si k\u00f6lts\u00e9geket.<\/li>\n<\/ul>\n<p>\u00d6sszess\u00e9g\u00e9ben a ford\u00edtott teleszk\u00f3pos henger egy sokoldal\u00fa \u00e9s hat\u00e9kony hidraulikus alkatr\u00e9sz, amely sz\u00e1mos el\u0151nnyel j\u00e1r a hagyom\u00e1nyos kialak\u00edt\u00e1sokkal szemben. Ak\u00e1r d\u00f6mper hidraulikus rendszer\u00e9t, ak\u00e1r b\u00e1rmilyen m\u00e1s t\u00edpus\u00fa hidraulikus berendez\u00e9st tervez, a ford\u00edtott teleszk\u00f3pos henger mindenk\u00e9ppen \u00e9rdemes megfontolni.<\/p>\n<h3>Az FMP-r\u0151l<\/h3>\n<p>Az FMP egy olyan v\u00e1llalat, amely hidraulikus hengerek gy\u00e1rt\u00e1s\u00e1ra \u00e9s \u00e9rt\u00e9kes\u00edt\u00e9s\u00e9re specializ\u00e1l\u00f3dott. Sok\u00e9ves ipar\u00e1gi tapasztalatunkkal \u00e9s professzion\u00e1lis csapatunkkal elk\u00f6telezettek vagyunk amellett, hogy \u00fcgyfeleinknek kiv\u00e1l\u00f3 min\u0151s\u00e9g\u0171 \u00e9s megb\u00edzhat\u00f3 hidraulikus hengereket biztos\u00edtsunk \u00e9p\u00edt\u0151ipari g\u00e9pekhez.<\/p>\n<p><img decoding=\"async\" src=\"https:\/\/fmp-components.com\/wp-content\/uploads\/2024\/12\/Adjustable-Clevis-Type-Cylinders-6.webp\" alt=\"\u00c1ll\u00edthat\u00f3 kengyeles henger\" width=\"813\" title=\"\"><\/p>\n<p>\u00cdme term\u00e9keink \u00e9s v\u00e1llalatunk \u00f6t f\u0151 el\u0151nye:<\/p>\n<ol>\n<li>Sz\u00e9les term\u00e9kv\u00e1laszt\u00e9k: K\u00fcl\u00f6nb\u00f6z\u0151 t\u00edpus\u00fa \u00e9p\u00edt\u0151ipari g\u00e9pekhez k\u00edn\u00e1lunk hidraulikus hengerek sz\u00e9les v\u00e1laszt\u00e9k\u00e1t, bele\u00e9rtve a mez\u0151gazdas\u00e1gi g\u00e9pek sebess\u00e9gv\u00e1lt\u00f3it, bolyg\u00f3kerekes sebess\u00e9gv\u00e1lt\u00f3kat, ipari sebess\u00e9gv\u00e1lt\u00f3kat \u00e9s mez\u0151gazdas\u00e1gi g\u00e9palkatr\u00e9szeket. Ez lehet\u0151v\u00e9 teszi \u00fcgyfeleink sz\u00e1m\u00e1ra, hogy megtal\u00e1lj\u00e1k az ig\u00e9nyeiknek t\u00f6k\u00e9letesen megfelel\u0151 hidraulikus hengert.<\/li>\n<li>Szigor\u00fa min\u0151s\u00e9gi szabv\u00e1nyok: Hossz\u00fa t\u00e1v\u00fa \u00e9s stabil partners\u00e9geket alak\u00edtunk ki kiv\u00e1l\u00f3 min\u0151s\u00e9g\u0171 belf\u00f6ldi \u00e9s k\u00fclf\u00f6ldi besz\u00e1ll\u00edt\u00f3kkal, \u00edgy biztos\u00edtjuk, hogy minden \u00e1ltalunk sz\u00e1ll\u00edtott hidraulikus henger megfeleljen a szigor\u00fa min\u0151s\u00e9gi el\u0151\u00edr\u00e1soknak. Ez garant\u00e1lja term\u00e9keink tart\u00f3ss\u00e1g\u00e1t, teljes\u00edtm\u00e9ny\u00e9t \u00e9s megb\u00edzhat\u00f3s\u00e1g\u00e1t.<\/li>\n<li>Tapasztalt \u00e9rt\u00e9kes\u00edt\u00e9si csapat: Tapasztalt \u00e9rt\u00e9kes\u00edt\u00e9si csapatunk j\u00f3l ismeri az \u00e9p\u00edt\u0151ipari g\u00e9pipar fejl\u0151d\u00e9si trendjeit \u00e9s \u00fcgyf\u00e9lig\u00e9nyeit. Professzion\u00e1lis term\u00e9ktan\u00e1csad\u00e1st ny\u00fajtanak, \u00e9s intelligens v\u00e1s\u00e1rl\u00e1si javaslatokat tesznek, amelyek minden \u00fcgyf\u00e9l ig\u00e9nyeire szabottak.<\/li>\n<li>Hat\u00e9kony logisztikai eloszt\u00e1s: Hat\u00e9kony logisztikai eloszt\u00e1si rendszert vezett\u00fcnk be annak \u00e9rdek\u00e9ben, hogy \u00fcgyfeleink id\u0151ben \u00e9s pontosan megkapj\u00e1k a sz\u00fcks\u00e9ges hidraulikus hengereket. Ez minimaliz\u00e1lja az \u00e9p\u00edt\u00e9si projektjeikben esetlegesen el\u0151fordul\u00f3 k\u00e9sedelmeket vagy fennakad\u00e1sokat.<\/li>\n<li>\u00dcgyf\u00e9l-el\u00e9gedetts\u00e9g: Az FMP-n\u00e9l az \u00fcgyf\u00e9l-el\u00e9gedetts\u00e9get helyezz\u00fck el\u0151t\u00e9rbe. Arra t\u00f6reksz\u00fcnk, hogy kiv\u00e1l\u00f3 \u00fcgyf\u00e9lszolg\u00e1latot ny\u00fajtsunk megb\u00edzhat\u00f3 term\u00e9kek, gyors seg\u00edts\u00e9gny\u00fajt\u00e1s \u00e9s hat\u00e9kony megold\u00e1sok k\u00edn\u00e1l\u00e1s\u00e1val \u00fcgyfeleink esetleges k\u00e9rd\u00e9seire vagy agg\u00e1lyaira.<\/li>\n<\/ol>\n<p>Az FMP-vel val\u00f3 partners\u00e9g azt jelenti, hogy hozz\u00e1f\u00e9r\u00e9st kap a legjobb min\u0151s\u00e9g\u0171 hidraulikus hengerekhez \u00e9s egy megb\u00edzhat\u00f3 partnerhez az \u00e9p\u00edt\u0151ipari g\u00e9piparban. L\u00e9pjen kapcsolatba vel\u00fcnk m\u00e9g ma, hogy megbesz\u00e9lj\u00fck hidraulikus hengerekkel kapcsolatos ig\u00e9nyeit, \u00e9s megtapasztalja az FMP-vel val\u00f3 egy\u00fcttm\u0171k\u00f6d\u00e9s el\u0151nyeit.<\/p>\n<p>Szerz\u0151: CX<\/p>","protected":false},"excerpt":{"rendered":"<p>Introducing the New Design 5 Ton Telescopic Hydraulic Cylinder for Dump Truck Hydraulic Cylinder: The New Design 5 Ton Telescopic Hydraulic Cylinder is a cutting-edge product specifically designed for dump trucks. With its innovative features and advanced technology, this hydraulic cylinder offers unparalleled performance and reliability. Key Features: 1. Enhanced Lifting Capacity: The 5-ton lifting [&hellip;]<\/p>","protected":false},"featured_media":1624,"comment_status":"closed","ping_status":"closed","template":"","meta":{"_et_pb_use_builder":"","_et_pb_old_content":"","_et_gb_content_width":""},"product_brand":[],"product_cat":[45],"product_tag":[34,48],"class_list":{"0":"post-1623","1":"product","2":"type-product","3":"status-publish","4":"has-post-thumbnail","6":"product_cat-inverted-telescopic-cylinder","7":"product_tag-hydraulic-cylinder","8":"product_tag-inverted-telescopic-cylinder","10":"first","11":"instock","12":"product-type-simple"},"_links":{"self":[{"href":"https:\/\/fmp-components.com\/hu\/wp-json\/wp\/v2\/product\/1623","targetHints":{"allow":["GET"]}}],"collection":[{"href":"https:\/\/fmp-components.com\/hu\/wp-json\/wp\/v2\/product"}],"about":[{"href":"https:\/\/fmp-components.com\/hu\/wp-json\/wp\/v2\/types\/product"}],"replies":[{"embeddable":true,"href":"https:\/\/fmp-components.com\/hu\/wp-json\/wp\/v2\/comments?post=1623"}],"wp:featuredmedia":[{"embeddable":true,"href":"https:\/\/fmp-components.com\/hu\/wp-json\/wp\/v2\/media\/1624"}],"wp:attachment":[{"href":"https:\/\/fmp-components.com\/hu\/wp-json\/wp\/v2\/media?parent=1623"}],"wp:term":[{"taxonomy":"product_brand","embeddable":true,"href":"https:\/\/fmp-components.com\/hu\/wp-json\/wp\/v2\/product_brand?post=1623"},{"taxonomy":"product_cat","embeddable":true,"href":"https:\/\/fmp-components.com\/hu\/wp-json\/wp\/v2\/product_cat?post=1623"},{"taxonomy":"product_tag","embeddable":true,"href":"https:\/\/fmp-components.com\/hu\/wp-json\/wp\/v2\/product_tag?post=1623"}],"curies":[{"name":"munkaf\u00fczet","href":"https:\/\/api.w.org\/{rel}","templated":true}]}}