{"id":1617,"date":"2024-12-23T06:59:20","date_gmt":"2024-12-23T06:59:20","guid":{"rendered":"https:\/\/fmp-components.com\/product\/guaranteed-quality-small-hydraulic-cylinder-telescopic-hydraulic-cylinder-for-dump-trailer\/"},"modified":"2024-12-23T08:35:54","modified_gmt":"2024-12-23T08:35:54","slug":"guaranteed-quality-small-hydraulic-cylinder-telescopic-hydraulic-cylinder-for-dump-trailer","status":"publish","type":"product","link":"https:\/\/fmp-components.com\/hu\/product\/guaranteed-quality-small-hydraulic-cylinder-telescopic-hydraulic-cylinder-for-dump-trailer\/","title":{"rendered":"Garant\u00e1lt min\u0151s\u00e9g\u0171 kis hidraulikus henger teleszk\u00f3pos hidraulikus henger d\u00f6mperhez"},"content":{"rendered":"<p>A garant\u00e1lt min\u0151s\u00e9g\u0171 kis hidraulikus henger teleszk\u00f3pos hidraulikus henger d\u00f6mperekhez egy cs\u00facskateg\u00f3ri\u00e1s term\u00e9k, amely p\u00e1ratlan teljes\u00edtm\u00e9nyt \u00e9s tart\u00f3ss\u00e1got k\u00edn\u00e1l. A legnehezebb munkak\u00f6r\u00fclm\u00e9nyekre is alkalmas hidraulikus henger t\u00f6k\u00e9letes d\u00f6mperekhez \u00e9s m\u00e1s nagy teherb\u00edr\u00e1s\u00fa alkalmaz\u00e1sokhoz.<\/p>\n<p>A term\u00e9k egyik legfontosabb jellemz\u0151je a teleszk\u00f3pos kialak\u00edt\u00e1s, amely nagyobb mozg\u00e1startom\u00e1nyt \u00e9s jobb emel\u0151kapacit\u00e1st tesz lehet\u0151v\u00e9. Ez azt jelenti, hogy a felhaszn\u00e1l\u00f3k k\u00f6nnyen emelhetnek \u00e9s \u00fcr\u00edthetnek neh\u00e9z terheket an\u00e9lk\u00fcl, hogy agg\u00f3dniuk kellene a mechanikai hib\u00e1k vagy meghib\u00e1sod\u00e1sok miatt.<\/p>\n<p>Ezenk\u00edv\u00fcl a Garant\u00e1lt Min\u0151s\u00e9g\u0171 Kis Hidraulikus Henger Teleszk\u00f3pos Hidraulikus Henger D\u00f6mper P\u00f3tkocsihoz kiv\u00e1l\u00f3 min\u0151s\u00e9g\u0171, tart\u00f3s anyagokb\u00f3l k\u00e9sz\u00fclt. A henger tart\u00f3s ac\u00e9lb\u00f3l k\u00e9sz\u00fclt, \u00e9s \u00fagy tervezt\u00e9k, hogy ellen\u00e1lljon a kop\u00e1snak \u00e9s a szakad\u00e1snak m\u00e9g a legig\u00e9nyesebb alkalmaz\u00e1sokban is.<\/p>\n<table style=\"width: 100%;\" border=\"1\" width=\"100%\" cellspacing=\"0\" cellpadding=\"0\">\n<tbody>\n<tr>\n<th>Term\u00e9k neve<\/th>\n<td>Kis hidraulikus henger \u00e9s teleszk\u00f3pos hidraulikus henger d\u00f6mperekhez<\/td>\n<\/tr>\n<tr>\n<th>\u00c1llapot<\/th>\n<td>\u00daj<\/td>\n<\/tr>\n<tr>\n<th>Garancia<\/th>\n<td>1 \u00e9v<\/td>\n<\/tr>\n<tr>\n<th>S\u00faly (KG)<\/th>\n<td>48<\/td>\n<\/tr>\n<tr>\n<th>Jellemz\u0151k<\/th>\n<td>Cs\u00facskateg\u00f3ri\u00e1s konstrukci\u00f3 \u00e9s fejlett funkci\u00f3k<\/td>\n<\/tr>\n<tr>\n<th>Tesztel\u00e9s<\/th>\n<td>Kimen\u0151 ellen\u0151rz\u00e9si vide\u00f3 \u00e9s g\u00e9pteszt-jelent\u00e9s mell\u00e9kelve<\/td>\n<\/tr>\n<tr>\n<th>Teljes\u00edtm\u00e9ny<\/th>\n<td>Megb\u00edzhat\u00f3 \u00e9s kiv\u00e1l\u00f3 min\u0151s\u00e9g\u0171<\/td>\n<\/tr>\n<tr>\n<th>Alkalmazhat\u00f3 ipar\u00e1gak<\/th>\n<td>Gy\u00e1rt\u00f3\u00fczemek, G\u00e9pjav\u00edt\u00f3 m\u0171helyek, Mez\u0151gazdas\u00e1g, Energia \u00e9s b\u00e1ny\u00e1szat, G\u00e9pgy\u00e1rt\u00e1s, G\u00e9pgy\u00e1rak<\/td>\n<\/tr>\n<\/tbody>\n<\/table>\n<h2>A teleszk\u00f3pos hidraulikus henger jellemz\u0151i<\/h2>\n<p>Teleszk\u00f3pos hidraulikus henger\u00fcnk szak\u00e9rt\u0151k \u00e1ltal gy\u00e1rtott, sz\u00e1mos kiemelked\u0151 tulajdons\u00e1ggal rendelkezik. Ezek k\u00f6z\u00e9 tartoznak:<\/p>\n<p><img decoding=\"async\" src=\"https:\/\/hzpt.com\/wp-content\/uploads\/2023\/11\/Inverted-Telescopic-Cylinder-24.webp\" alt=\"\" title=\"\"><\/p>\n<ul>\n<li>1 \u00e9v garancia az alapvet\u0151 alkatr\u00e9szekre.<\/li>\n<li>F\u0151 alkatr\u00e9szek: Csap\u00e1gy, Dugatty\u00fas henger.<\/li>\n<li>Standard szerkezet: Dugatty\u00fas henger.<\/li>\n<li>Hidraulikus er\u0151m\u0171 ac\u00e9l testtel.<\/li>\n<li>Maxim\u00e1lis tol\u00f3er\u0151 3000.<\/li>\n<\/ul>\n<h2>A teleszk\u00f3pos hidraulikus henger alkalmaz\u00e1sai<\/h2>\n<p>Ez a sokoldal\u00fa hidraulikus henger sz\u00e1mos ter\u00fcleten felhaszn\u00e1lhat\u00f3, p\u00e9ld\u00e1ul:<\/p>\n<ul>\n<li>Gy\u00e1rt\u00f3\u00fczemek: Neh\u00e9zg\u00e9pek \u00e9s berendez\u00e9sek gy\u00e1rt\u00e1s\u00e1ra szolg\u00e1l\u00f3 \u00fczemek.<\/li>\n<li>G\u00e9pjav\u00edt\u00f3 m\u0171helyek: K\u00fcl\u00f6nb\u00f6z\u0151 g\u00e9pek jav\u00edt\u00e1s\u00e1ban \u00e9s karbantart\u00e1s\u00e1ban ny\u00fajtanak seg\u00edts\u00e9get.<\/li>\n<li>Mez\u0151gazdas\u00e1g: Nagy teherb\u00edr\u00e1s\u00fa mez\u0151gazdas\u00e1gi g\u00e9pek \u00fczemeltet\u00e9s\u00e9hez.<\/li>\n<li>Energia \u00e9s b\u00e1ny\u00e1szat: Seg\u00edts\u00e9gny\u00fajt\u00e1s a f\u00f6ldmunk\u00e1k \u00e9s az energiatermel\u00e9si folyamatok sor\u00e1n.<\/li>\n<li>G\u00e9pgy\u00e1rt\u00e1s: K\u00fcl\u00f6nf\u00e9le g\u00e9pek gy\u00e1rt\u00e1s\u00e1ra szolg\u00e1l.<\/li>\n<\/ul>\n<p><img decoding=\"async\" src=\"https:\/\/hzpt.com\/wp-content\/uploads\/2023\/11\/Inverted-Telescopic-Cylinder-Applications.webp\" alt=\"Teleszk\u00f3pos hengeres alkalmaz\u00e1sok\" title=\"\"><\/p>\n<h2>M\u0171k\u00f6d\u00e9si elv \u00e9s karbantart\u00e1si m\u00f3dszerek<\/h2>\n<p>A ford\u00edtott teleszk\u00f3pos henger hidraulikus er\u0151vel m\u0171k\u00f6dik. A rendszeres karbantart\u00e1s elengedhetetlen az optim\u00e1lis m\u0171k\u00f6d\u00e9s\u00e9hez, \u00e9s a k\u00f6vetkez\u0151ket foglalja mag\u00e1ban:<\/p>\n<ul>\n<li>Rendszeres ellen\u0151rz\u00e9s: A henger j\u00f3 m\u0171k\u00f6d\u00e9si \u00e1llapot\u00e1nak biztos\u00edt\u00e1sa \u00e9rdek\u00e9ben.<\/li>\n<li>Tiszt\u00edt\u00e1s: Elt\u00e1vol\u00edt minden olyan szennyez\u0151d\u00e9st vagy t\u00f6rmel\u00e9ket, amely zavarhatja a m\u0171k\u00f6d\u00e9s\u00e9t.<\/li>\n<li>Ken\u00e9s: A s\u00farl\u00f3d\u00e1s cs\u00f6kkent\u00e9se \u00e9s a sima m\u0171k\u00f6d\u00e9s biztos\u00edt\u00e1sa \u00e9rdek\u00e9ben.<\/li>\n<li>Rendszeres ellen\u0151rz\u00e9sek \u00e9s jav\u00edt\u00e1sok: A probl\u00e9m\u00e1k korai felismer\u00e9se \u00e9s megold\u00e1sa.<\/li>\n<li>T\u00f6m\u00edt\u00e9scsere: A sziv\u00e1rg\u00e1sok megel\u0151z\u00e9se \u00e9s a nyom\u00e1s fenntart\u00e1sa \u00e9rdek\u00e9ben.<\/li>\n<li>A haszn\u00e1lati \u00fatmutat\u00f3 betart\u00e1sa: A helyes haszn\u00e1lati \u00e9s \u00e1pol\u00e1si utas\u00edt\u00e1sok meg\u00e9rt\u00e9se.<\/li>\n<\/ul>\n<p><img decoding=\"async\" src=\"https:\/\/hzpt.com\/wp-content\/uploads\/2023\/11\/Inverted-Telescopic-Cylinder-9.webp\" alt=\"\" title=\"\"><\/p>\n<h2>Ford\u00edtott teleszk\u00f3pos henger<\/h2>\n<p>A teleszk\u00f3pos henger egy olyan hidraulikus henger, amelyben a dugatty\u00far\u00fad egy vagy t\u00f6bb cs\u0151ben, \u00fagynevezett h\u00fcvelyekben van elhelyezve. A h\u00fcvelyek egym\u00e1sba h\u00faz\u00f3dnak, hogy r\u00f6videbb beh\u00fazott hossz\u00fas\u00e1got \u00e9s hosszabb l\u00f6kethosszt biztos\u00edtsanak. A ford\u00edtott teleszk\u00f3pos hengerek a teleszk\u00f3pos hengerek egy speci\u00e1lis t\u00edpusa, ahol a henger alapja egy r\u00f6gz\u00edtett ponthoz van csatlakoztatva, \u00e9s a r\u00fad v\u00e9ge a mozg\u00f3 r\u00e9sz.<\/p>\n<h3>\u00c9p\u00edt\u00e9s<\/h3>\n<p>A ford\u00edtott teleszk\u00f3pos hengereket gyakran haszn\u00e1lj\u00e1k d\u00f6mperekn\u00e9l, ahol a henger a p\u00f3tkocsi alv\u00e1z\u00e1hoz, a r\u00fad v\u00e9ge pedig a p\u00f3tkocsi plat\u00f3j\u00e1hoz van r\u00f6gz\u00edtve. A hengert \u00e1ltal\u00e1ban ac\u00e9lcs\u00f6vekb\u0151l gy\u00e1rtj\u00e1k, a legnagyobb cs\u0151 az alj\u00e1n, a legkisebb cs\u0151 pedig a r\u00fad v\u00e9g\u00e9n tal\u00e1lhat\u00f3. A cs\u00f6veket menetes csavarokkal vagy hegesztett k\u00f6t\u00e9sekkel k\u00f6tik \u00f6ssze. A dugatty\u00far\u00fad a henger r\u00fadv\u00e9g\u00e9hez van r\u00f6gz\u00edtve, \u00e9s \u00e1thalad a cs\u00f6veken.<\/p>\n<h3>M\u0171k\u00f6d\u00e9si elv<\/h3>\n<p>Az invert\u00e1lt teleszk\u00f3pos henger m\u0171k\u00f6d\u00e9si elve Pascal t\u00f6rv\u00e9ny\u00e9n alapul, amely kimondja, hogy a folyad\u00e9kra kifejtett nyom\u00e1s minden ir\u00e1nyban egyenl\u0151en terjed. Amikor hidraulikafolyad\u00e9kot pump\u00e1lnak a hengerbe, az nyom\u00e1st gyakorol a dugatty\u00fara, ami mozg\u00e1sra k\u00e9szteti azt. Ahogy a dugatty\u00fa mozog, a folyad\u00e9k a k\u00f6vetkez\u0151 kisebb cs\u0151be nyom\u00f3dik, amely szint\u00e9n mozog. Ez a folyamat addig folytat\u00f3dik, am\u00edg a dugatty\u00fa el nem \u00e9ri a legkisebb cs\u0151 v\u00e9g\u00e9t, \u00e9s a l\u00f6kethossz be nem teljes\u00fcl.<\/p>\n<h3>El\u0151ny\u00f6k<\/h3>\n<p>Az invert\u00e1lt teleszk\u00f3pos hengerek egyik f\u0151 el\u0151nye a kompakt m\u00e9ret\u00fck. T\u00f6bb cs\u0151 haszn\u00e1lat\u00e1val a henger hosszabb l\u00f6kethosszt biztos\u00edthat a visszah\u00fazott hossz n\u00f6vel\u00e9se n\u00e9lk\u00fcl. Ez k\u00fcl\u00f6n\u00f6sen hasznos olyan alkalmaz\u00e1sokban, ahol korl\u00e1tozott a hely. Ezenk\u00edv\u00fcl a hidraulikus folyad\u00e9k haszn\u00e1lata lehet\u0151v\u00e9 teszi a henger mozg\u00e1s\u00e1nak pontos szab\u00e1lyoz\u00e1s\u00e1t.<\/p>\n<p>Az invert\u00e1lt teleszk\u00f3pos hengerek tov\u00e1bbi el\u0151nye a tart\u00f3ss\u00e1guk. \u00c1ltal\u00e1ban kiv\u00e1l\u00f3 min\u0151s\u00e9g\u0171 anyagokb\u00f3l, p\u00e9ld\u00e1ul ac\u00e9lb\u00f3l k\u00e9sz\u00fclnek, amelyek ellen\u00e1llnak a nagy nyom\u00e1snak \u00e9s a nagy terhel\u00e9seknek. Ez ide\u00e1liss\u00e1 teszi \u0151ket nagy teherb\u00edr\u00e1s\u00fa alkalmaz\u00e1sokhoz, p\u00e9ld\u00e1ul d\u00f6mperekhez.<\/p>\n<h3>Alkalmaz\u00e1sok<\/h3>\n<p>A kor\u00e1bban eml\u00edtett m\u00f3don, a ford\u00edtott teleszk\u00f3pos hengereket gyakran haszn\u00e1lj\u00e1k d\u00f6mperekn\u00e9l. A d\u00f6mpereket \u00f6mlesztett anyagok, p\u00e9ld\u00e1ul homok, kavics \u00e9s \u00e9p\u00edt\u00e9si t\u00f6rmel\u00e9k sz\u00e1ll\u00edt\u00e1s\u00e1ra haszn\u00e1lj\u00e1k. A hidraulikus henger lehet\u0151v\u00e9 teszi a p\u00f3tkocsi plat\u00f3j\u00e1nak emel\u00e9s\u00e9t \u00e9s billent\u00e9s\u00e9t, \u00edgy az anyagok gyorsan \u00e9s hat\u00e9konyan kirakodhat\u00f3k.<\/p>\n<p>A d\u00f6mperek mellett a ford\u00edtott teleszk\u00f3pos hengereket m\u00e1s alkalmaz\u00e1sokban is haszn\u00e1lj\u00e1k, p\u00e9ld\u00e1ul \u00e9p\u00edt\u0151ipari berendez\u00e9sekben, mez\u0151gazdas\u00e1gi g\u00e9pekben \u00e9s b\u00e1ny\u00e1szati \u200b\u200bberendez\u00e9sekben. Olyan helyeken haszn\u00e1lj\u00e1k \u0151ket, ahol a mozg\u00e1s pontos ir\u00e1ny\u00edt\u00e1s\u00e1ra van sz\u00fcks\u00e9g, \u00e9s ahol korl\u00e1tozott a hely.<\/p>\n<h3>Garant\u00e1lt min\u0151s\u00e9g\u0171 kis hidraulikus henger<\/h3>\n<p>A kis hidraulikus henger egy olyan hengert\u00edpus, amelyet korl\u00e1tozott hely\u0171 alkalmaz\u00e1sokhoz terveztek. Ezeket a hengereket jellemz\u0151en kiv\u00e1l\u00f3 min\u0151s\u00e9g\u0171 anyagokb\u00f3l, p\u00e9ld\u00e1ul ac\u00e9lb\u00f3l gy\u00e1rtj\u00e1k, \u00e9s \u00fagy tervezt\u00e9k \u0151ket, hogy ellen\u00e1lljanak a nagy nyom\u00e1snak \u00e9s a nagy terhel\u00e9seknek. \u00c1ltal\u00e1ban olyan alkalmaz\u00e1sokban haszn\u00e1lj\u00e1k \u0151ket, mint a szersz\u00e1mg\u00e9pek, automatiz\u00e1l\u00e1si berendez\u00e9sek \u00e9s orvosi berendez\u00e9sek.<\/p>\n<h3>Teleszk\u00f3pos hidraulikus henger d\u00f6mperhez<\/h3>\n<p>A d\u00f6mperek teleszk\u00f3pos hidraulikus hengere egy speci\u00e1lis hengert\u00edpus, amelyet d\u00f6mperekben val\u00f3 haszn\u00e1latra terveztek. Ezeket a hengereket jellemz\u0151en t\u00f6bb cs\u0151b\u0151l \u00e9p\u00edtik, a kor\u00e1bban le\u00edrtak szerint, hogy hosszabb l\u00f6kethosszt biztos\u00edtsanak a beh\u00fazott hossz n\u00f6vel\u00e9se n\u00e9lk\u00fcl. \u00dagy tervezt\u00e9k \u0151ket, hogy ellen\u00e1lljanak a nagy nyom\u00e1snak \u00e9s a neh\u00e9z terhel\u00e9seknek, \u00e9s ide\u00e1lisak nagy teherb\u00edr\u00e1s\u00fa alkalmaz\u00e1sokhoz, p\u00e9ld\u00e1ul d\u00f6mperekhez.<\/p>\n<h3>Az FMP-r\u0151l \u2013 Kiv\u00e1l\u00f3 min\u0151s\u00e9g\u0171 hidraulikus hengerek \u00e9p\u00edt\u0151ipari g\u00e9pekhez<\/h3>\n<p>\u00c9p\u00edt\u0151ipari g\u00e9peihez keres kiv\u00e1l\u00f3 min\u0151s\u00e9g\u0171 hidraulikus hengereket? Az FMP egy vezet\u0151 olaszorsz\u00e1gi v\u00e1llalat, amely \u00e9p\u00edt\u0151ipari g\u00e9palkatr\u00e9szek \u00e9s komplett g\u00e9pek \u00e9rt\u00e9kes\u00edt\u00e9s\u00e9re \u00e9s szervizel\u00e9s\u00e9re specializ\u00e1l\u00f3dott.<\/p>\n<p>Az FMP-n\u00e9l elk\u00f6telezettek vagyunk amellett, hogy \u00fcgyfeleinknek megb\u00edzhat\u00f3 \u00e9s hat\u00e9kony megold\u00e1sokat ny\u00fajtsunk \u00e9p\u00edt\u0151ipari g\u00e9peik ig\u00e9nyeire. Term\u00e9kpalett\u00e1nk sz\u00e9les v\u00e1laszt\u00e9kban tartalmaz \u00e9p\u00edt\u0151ipari g\u00e9peket, mez\u0151gazdas\u00e1gi g\u00e9pek sebess\u00e9gv\u00e1lt\u00f3it, bolyg\u00f3kerekes sebess\u00e9gv\u00e1lt\u00f3kat, ipari sebess\u00e9gv\u00e1lt\u00f3kat \u00e9s a hozz\u00e1juk ill\u0151 cs\u00facskateg\u00f3ri\u00e1s tartoz\u00e9kokat.<\/p>\n<p>\u00cdme n\u00e9h\u00e1ny el\u0151nye annak, ha az FMP-t v\u00e1lasztja hidraulikus henger ig\u00e9nyeihez:<\/p>\n<p>1. Kiv\u00e1l\u00f3 min\u0151s\u00e9g\u0171 term\u00e9kek: Minden term\u00e9k\u00fcnket kiv\u00e1l\u00f3 min\u0151s\u00e9g\u0171 besz\u00e1ll\u00edt\u00f3kt\u00f3l szerezz\u00fck be, \u00edgy biztos\u00edtva, hogy \u00fcgyfeleink csak a legjobb min\u0151s\u00e9g\u0171, szigor\u00fa min\u0151s\u00e9gi el\u0151\u00edr\u00e1soknak megfelel\u0151 term\u00e9keket kapj\u00e1k.<\/p>\n<p>2. Professzion\u00e1lis csapat: Tapasztalt \u00e9s professzion\u00e1lis \u00e9rt\u00e9kes\u00edt\u00e9si csapatunk ismeri az \u00e9p\u00edt\u0151ipari g\u00e9pipar fejleszt\u00e9si trendjeit \u00e9s \u00fcgyf\u00e9lig\u00e9nyeit, \u00e9s \u00e1tfog\u00f3 term\u00e9ktan\u00e1csad\u00e1st, valamint intelligens v\u00e1s\u00e1rl\u00e1si javaslatokat tud ny\u00fajtani.<\/p>\n<p>3. Hat\u00e9kony logisztikai eloszt\u00e1si rendszer: Hat\u00e9kony logisztikai eloszt\u00e1si rendszerrel rendelkez\u00fcnk, amely biztos\u00edtja a term\u00e9kek id\u0151ben t\u00f6rt\u00e9n\u0151 \u00e9s pontos kisz\u00e1ll\u00edt\u00e1s\u00e1t \u00fcgyfeleink sz\u00e1m\u00e1ra.<\/p>\n<p>4. Versenyk\u00e9pes \u00e1rak: Versenyk\u00e9pes \u00e1rakat k\u00edn\u00e1lunk term\u00e9keinkre a min\u0151s\u00e9g fel\u00e1ldoz\u00e1sa n\u00e9lk\u00fcl.<\/p>\n<p>5. Testreszab\u00e1s: Hidraulikus hengereinkhez testreszab\u00e1si lehet\u0151s\u00e9geket k\u00edn\u00e1lunk, hogy megfeleljenek \u00fcgyfeleink egyedi ig\u00e9nyeinek.<\/p>\n<p>Hidraulikus hengereink, mint p\u00e9ld\u00e1ul az \u00e1ll\u00edthat\u00f3 kengyeles henger (l\u00e1sd az al\u00e1bbi k\u00e9pet), t\u00f6k\u00e9letesek az \u00e9p\u00edt\u0151ipari g\u00e9pek sz\u00e9les sk\u00e1l\u00e1j\u00e1hoz. A min\u0151s\u00e9g \u00e9s az \u00fcgyf\u00e9l-el\u00e9gedetts\u00e9g ir\u00e1nti elk\u00f6telezetts\u00e9g\u00fcnknek k\u00f6sz\u00f6nhet\u0151en az FMP-re minden hidraulikus hengerrel kapcsolatos ig\u00e9ny\u00e9t kiel\u00e9g\u00edtheti.<\/p>\n<p><img decoding=\"async\" src=\"https:\/\/fmp-components.com\/wp-content\/uploads\/2024\/12\/Adjustable-Clevis-Type-Cylinders-6.webp\" alt=\"\u00c1ll\u00edthat\u00f3 kengyeles henger\" width=\"810\" title=\"\"><br \/>\nSzerz\u0151: CX<\/p>","protected":false},"excerpt":{"rendered":"<p>The Guaranteed Quality Small Hydraulic Cylinder Telescopic Hydraulic Cylinder For Dump Trailer is a top-of-the-line product that offers unmatched performance and durability. Designed to withstand even the toughest working conditions, this hydraulic cylinder is perfect for dump trailers and other heavy-duty applications. One of the key features of this product is its telescopic design, which [&hellip;]<\/p>","protected":false},"featured_media":1618,"comment_status":"closed","ping_status":"closed","template":"","meta":{"_et_pb_use_builder":"","_et_pb_old_content":"","_et_gb_content_width":""},"product_brand":[],"product_cat":[45],"product_tag":[34,48],"class_list":{"0":"post-1617","1":"product","2":"type-product","3":"status-publish","4":"has-post-thumbnail","6":"product_cat-inverted-telescopic-cylinder","7":"product_tag-hydraulic-cylinder","8":"product_tag-inverted-telescopic-cylinder","10":"first","11":"instock","12":"product-type-simple"},"_links":{"self":[{"href":"https:\/\/fmp-components.com\/hu\/wp-json\/wp\/v2\/product\/1617","targetHints":{"allow":["GET"]}}],"collection":[{"href":"https:\/\/fmp-components.com\/hu\/wp-json\/wp\/v2\/product"}],"about":[{"href":"https:\/\/fmp-components.com\/hu\/wp-json\/wp\/v2\/types\/product"}],"replies":[{"embeddable":true,"href":"https:\/\/fmp-components.com\/hu\/wp-json\/wp\/v2\/comments?post=1617"}],"wp:featuredmedia":[{"embeddable":true,"href":"https:\/\/fmp-components.com\/hu\/wp-json\/wp\/v2\/media\/1618"}],"wp:attachment":[{"href":"https:\/\/fmp-components.com\/hu\/wp-json\/wp\/v2\/media?parent=1617"}],"wp:term":[{"taxonomy":"product_brand","embeddable":true,"href":"https:\/\/fmp-components.com\/hu\/wp-json\/wp\/v2\/product_brand?post=1617"},{"taxonomy":"product_cat","embeddable":true,"href":"https:\/\/fmp-components.com\/hu\/wp-json\/wp\/v2\/product_cat?post=1617"},{"taxonomy":"product_tag","embeddable":true,"href":"https:\/\/fmp-components.com\/hu\/wp-json\/wp\/v2\/product_tag?post=1617"}],"curies":[{"name":"munkaf\u00fczet","href":"https:\/\/api.w.org\/{rel}","templated":true}]}}