{"id":1615,"date":"2024-12-23T06:59:20","date_gmt":"2024-12-23T06:59:20","guid":{"rendered":"https:\/\/fmp-components.com\/product\/factory-customized-hydraulic-cylinder-double-acting-telescopic-hydraulic-cylinder-for-sale\/"},"modified":"2024-12-23T08:41:39","modified_gmt":"2024-12-23T08:41:39","slug":"factory-customized-hydraulic-cylinder-double-acting-telescopic-hydraulic-cylinder-for-sale","status":"publish","type":"product","link":"https:\/\/fmp-components.com\/hu\/product\/factory-customized-hydraulic-cylinder-double-acting-telescopic-hydraulic-cylinder-for-sale\/","title":{"rendered":"Gy\u00e1rilag testreszabott hidraulikus henger kett\u0151s m\u0171k\u00f6d\u00e9s\u0171 teleszk\u00f3pos hidraulikus henger elad\u00f3"},"content":{"rendered":"<h2>Gy\u00e1rilag testreszabott hidraulikus henger kett\u0151s m\u0171k\u00f6d\u00e9s\u0171 teleszk\u00f3pos hidraulikus henger elad\u00f3<\/h2>\n<p>A gy\u00e1rilag testreszabott hidraulikus henger egy kiv\u00e1l\u00f3 min\u0151s\u00e9g\u0171 term\u00e9k, amelyet k\u00fcl\u00f6nf\u00e9le ipar\u00e1gak speci\u00e1lis ig\u00e9nyeinek kiel\u00e9g\u00edt\u00e9s\u00e9re terveztek. Ez egy kett\u0151s m\u0171k\u00f6d\u00e9s\u0171 teleszk\u00f3pos hidraulikus henger, amely kiv\u00e9teles teljes\u00edtm\u00e9nyt \u00e9s megb\u00edzhat\u00f3s\u00e1got k\u00edn\u00e1l.<\/p>\n<p>Fejlett kialak\u00edt\u00e1s\u00e1nak \u00e9s konstrukci\u00f3j\u00e1nak k\u00f6sz\u00f6nhet\u0151en ez a hidraulikus henger sima \u00e9s prec\u00edz mozg\u00e1st biztos\u00edt mind a kitol\u00e1si, mind a visszah\u00faz\u00e1si f\u00e1zisban. \u00dagy tervezt\u00e9k, hogy ellen\u00e1lljon a nagy terhel\u00e9seknek \u00e9s a zord \u00fczemi k\u00f6r\u00fclm\u00e9nyeknek, \u00edgy sz\u00e9les k\u00f6r\u0171 alkalmaz\u00e1sokhoz alkalmas.<\/p>\n<p>A gy\u00e1rilag testreszabott hidraulikus henger kiv\u00e1l\u00f3 min\u0151s\u00e9g\u0171 anyagokb\u00f3l k\u00e9sz\u00fcl, ami tart\u00f3ss\u00e1got \u00e9s hossz\u00fa \u00e9lettartamot biztos\u00edt. Szigor\u00fa tesztel\u00e9sen \u00e9s min\u0151s\u00e9gellen\u0151rz\u00e9sen esik \u00e1t, hogy megfeleljen a nemzetk\u00f6zi szabv\u00e1nyoknak, garant\u00e1lva kiemelked\u0151 teljes\u00edtm\u00e9ny\u00e9t \u00e9s biztons\u00e1g\u00e1t.<\/p>\n<p>Ez a hidraulikus henger nagym\u00e9rt\u00e9kben testreszabhat\u00f3, \u00edgy az \u00fcgyfelek a saj\u00e1t ig\u00e9nyeikhez igaz\u00edthatj\u00e1k. Legyen sz\u00f3 ak\u00e1r a l\u00f6kethosszr\u00f3l, a furatm\u00e9retr\u0151l, a r\u00f6gz\u00edt\u00e9si m\u00f3dr\u00f3l vagy egy\u00e9b specifik\u00e1ci\u00f3kr\u00f3l, a gy\u00e1rilag testreszabott hidraulikus henger t\u00f6k\u00e9letesen illeszkedik b\u00e1rmilyen alkalmaz\u00e1shoz.<\/p>\n<p>Kiv\u00e9teles teljes\u00edtm\u00e9nye mellett ez a hidraulikus henger egyszer\u0171 telep\u00edt\u00e9s\u00e9r\u0151l \u00e9s karbantart\u00e1s\u00e1r\u00f3l is ismert. Probl\u00e9mamentes m\u0171k\u00f6d\u00e9sre, az \u00e1ll\u00e1sid\u0151 minimaliz\u00e1l\u00e1s\u00e1ra \u00e9s a termel\u00e9kenys\u00e9g maximaliz\u00e1l\u00e1s\u00e1ra tervezt\u00e9k.<\/p>\n<p>A megb\u00edzhat\u00f3s\u00e1g, a teljes\u00edtm\u00e9ny \u00e9s a testreszab\u00e1si lehet\u0151s\u00e9gek tekintet\u00e9ben a gy\u00e1rilag testreszabott hidraulikus henger az ide\u00e1lis v\u00e1laszt\u00e1s. Kiemelked\u0151 tulajdons\u00e1gaival \u00e9s el\u0151nyeivel \u00e9rt\u00e9kes eszk\u00f6z a hat\u00e9kony \u00e9s prec\u00edz hidraulikus teljes\u00edtm\u00e9nyt ig\u00e9nyl\u0151 ipar\u00e1gak sz\u00e1m\u00e1ra.<\/p>\n<p>Ha tov\u00e1bbi inform\u00e1ci\u00f3ra van sz\u00fcks\u00e9ge, vagy \u00e9rdekl\u0151dik a gy\u00e1rilag testreszabott, kett\u0151s m\u0171k\u00f6d\u00e9s\u0171 teleszk\u00f3pos hidraulikus hengerrel kapcsolatban, k\u00e9rj\u00fck, vegye fel vel\u00fcnk a kapcsolatot. Szak\u00e9rt\u0151i csapatunk k\u00e9szen \u00e1ll, hogy seg\u00edtsen \u00d6nnek, \u00e9s a legjobb megold\u00e1st k\u00edn\u00e1lja hidraulikus energiaig\u00e9nyeire.<\/p>\n<table style=\"width: 100%;\" border=\"1\" width=\"100%\" cellspacing=\"0\" cellpadding=\"0\">\n<tbody>\n<tr>\n<th>Term\u00e9k neve<\/th>\n<td>Gy\u00e1rilag testreszabott kett\u0151s m\u0171k\u00f6d\u00e9s\u0171 teleszk\u00f3pos hidraulikus henger<\/td>\n<\/tr>\n<tr>\n<th>\u00c1llapot<\/th>\n<td>\u00daj<\/td>\n<\/tr>\n<tr>\n<th>Garancia<\/th>\n<td>1 \u00e9v<\/td>\n<\/tr>\n<tr>\n<th>S\u00faly (KG)<\/th>\n<td>48<\/td>\n<\/tr>\n<tr>\n<th>\u00c1ramforr\u00e1s<\/th>\n<td>Hidraulikus<\/td>\n<\/tr>\n<tr>\n<th>Anyag<\/th>\n<td>Ac\u00e9l<\/td>\n<\/tr>\n<tr>\n<th>Max. tol\u00f3er\u0151<\/th>\n<td>3000<\/td>\n<\/tr>\n<tr>\n<th>Max. h\u00faz\u00f3er\u0151<\/th>\n<td>20 tonna<\/td>\n<\/tr>\n<tr>\n<th>Henger t\u00edpusa<\/th>\n<td>Ford\u00edtott teleszk\u00f3pos henger<\/td>\n<\/tr>\n<tr>\n<th>kik\u00f6t\u0151k<\/th>\n<td>G\/SAE\/NPT\/M<\/td>\n<\/tr>\n<tr>\n<th>Furatm\u00e9ret<\/th>\n<td>2-6 h\u00fcvelyk<\/td>\n<\/tr>\n<tr>\n<th>R\u00fad m\u00e9rete<\/th>\n<td>1,125-4 h\u00fcvelyk<\/td>\n<\/tr>\n<tr>\n<th>Ecsetvon\u00e1s m\u00e9rete<\/th>\n<td>6-48 h\u00fcvelyk<\/td>\n<\/tr>\n<tr>\n<th>Cs\u00edp\u0151m\u00e9ret<\/th>\n<td>0,5-2 h\u00fcvelyk<\/td>\n<\/tr>\n<tr>\n<th>Sz\u00edn<\/th>\n<td>Fekete<\/td>\n<\/tr>\n<tr>\n<th>Tan\u00fas\u00edtv\u00e1ny<\/th>\n<td>ISO9001:2000<\/td>\n<\/tr>\n<tr>\n<th>Tesztel\u00e9s<\/th>\n<td>Vide\u00f3s kimen\u0151 ellen\u0151rz\u00e9si \u00e9s g\u00e9pteszt-jelent\u00e9s mell\u00e9kelve<\/td>\n<\/tr>\n<tr>\n<th>Alkalmazhat\u00f3 ipar\u00e1gak<\/th>\n<td>Gy\u00e1rt\u00f3\u00fczemek, G\u00e9pjav\u00edt\u00f3 m\u0171helyek, Mez\u0151gazdas\u00e1g, Energia \u00e9s b\u00e1ny\u00e1szat, G\u00e9pgy\u00e1rt\u00e1s<\/td>\n<\/tr>\n<\/tbody>\n<\/table>\n<h2>Bemutatjuk gy\u00e1rilag testreszabott hidraulikus hengereinket<\/h2>\n<p>&nbsp;<\/p>\n<p><img decoding=\"async\" src=\"https:\/\/hzpt.com\/wp-content\/uploads\/2023\/11\/Inverted-Telescopic-Cylinder-19.webp\" alt=\"\" title=\"\"><\/p>\n<h2>A teleszk\u00f3pos hidraulikus henger jellemz\u0151i<\/h2>\n<ul>\n<li>Kett\u0151s m\u0171k\u00f6d\u00e9s: Mindk\u00e9t ir\u00e1nyban k\u00e9pes er\u0151t kifejteni, ami n\u00f6veli sokoldal\u00fas\u00e1g\u00e1t.<\/li>\n<li>Teleszk\u00f3pos: A henger k\u00fcl\u00f6nb\u00f6z\u0151 hossz\u00fas\u00e1gokra h\u00fazhat\u00f3 \u00e9s h\u00fazhat\u00f3, ami nagyobb rugalmass\u00e1got biztos\u00edt az alkalmaz\u00e1sokban.<\/li>\n<li>Nagy tol\u00f3er\u0151 \u00e9s h\u00faz\u00f3er\u0151: Maxim\u00e1lis 3000 tol\u00f3er\u0151j\u00e9vel \u00e9s maxim\u00e1lis 20 tonn\u00e1s h\u00faz\u00f3erej\u00e9vel hat\u00e9konyan k\u00e9pes kezelni a neh\u00e9z munk\u00e1kat.<\/li>\n<li>ISO9001:2000 tan\u00fas\u00edtv\u00e1nnyal rendelkezik: A term\u00e9k megfelel a nemzetk\u00f6zi szabv\u00e1nyoknak, biztos\u00edtva a min\u0151s\u00e9g\u00e9t \u00e9s biztons\u00e1g\u00e1t.<\/li>\n<li>Tart\u00f3s anyag: A henger teste ac\u00e9lb\u00f3l k\u00e9sz\u00fclt, ami garant\u00e1lja a tart\u00f3ss\u00e1g\u00e1t \u00e9s hossz\u00fa \u00e9lettartam\u00e1t.<\/li>\n<\/ul>\n<h2>A teleszk\u00f3pos hidraulikus henger alkalmaz\u00e1sai<\/h2>\n<p><img decoding=\"async\" src=\"https:\/\/hzpt.com\/wp-content\/uploads\/2023\/11\/Inverted-Telescopic-Cylinder-Applications.webp\" alt=\"Ford\u00edtott teleszk\u00f3pos henger alkalmaz\u00e1sok\" title=\"\"><\/p>\n<h2>M\u0171k\u00f6d\u00e9si elv \u00e9s karbantart\u00e1si m\u00f3dszerek<\/h2>\n<p>A teleszk\u00f3pos hidraulikus henger a hidraulikus nyom\u00e1s elv\u00e9n m\u0171k\u00f6dik. A hengerben l\u00e9v\u0151 nyom\u00e1s alatt \u00e1ll\u00f3 folyad\u00e9k er\u0151t hoz l\u00e9tre, amely mozgatja a dugatty\u00fat, ami viszont megv\u00e1ltoztatja a henger hossz\u00e1t. A henger hossz\u00fa \u00e9lettartam\u00e1nak biztos\u00edt\u00e1sa \u00e9rdek\u00e9ben k\u00f6vesse az al\u00e1bbi karbantart\u00e1si m\u00f3dszereket:<\/p>\n<ul>\n<li>Rendszeres ellen\u0151rz\u00e9s: Rendszeresen ellen\u0151rizze a palackot s\u00e9r\u00fcl\u00e9s vagy kop\u00e1s jelei szempontj\u00e1b\u00f3l.<\/li>\n<li>Tiszt\u00edt\u00e1s: Tartsa tiszt\u00e1n a hengert, hogy a szennyez\u0151d\u00e9sek ne zavarj\u00e1k a m\u0171k\u00f6d\u00e9s\u00e9t.<\/li>\n<li>Ken\u00e9s: A henger rendszeres ken\u00e9se biztos\u00edtja a zavartalan m\u0171k\u00f6d\u00e9st.<\/li>\n<li>Rendszeres ellen\u0151rz\u00e9sek \u00e9s jav\u00edt\u00e1sok: \u00dctemezzen be rendszeres ellen\u0151rz\u00e9seket \u00e9s azonnali jav\u00edt\u00e1sokat a palack legjobb \u00fczem\u00e1llapot\u00e1nak meg\u0151rz\u00e9se \u00e9rdek\u00e9ben.<\/li>\n<li>T\u00f6m\u00edt\u00e9scsere: A sziv\u00e1rg\u00e1sok megel\u0151z\u00e9se \u00e9s a hat\u00e9kony m\u0171k\u00f6d\u00e9s fenntart\u00e1sa \u00e9rdek\u00e9ben cser\u00e9lje ki a t\u00f6m\u00edt\u00e9seket a kezel\u00e9si \u00fatmutat\u00f3ban le\u00edrtak szerint.<\/li>\n<\/ul>\n<p><img decoding=\"async\" src=\"https:\/\/hzpt.com\/wp-content\/uploads\/2023\/11\/Inverted-Telescopic-Cylinder-16.webp\" alt=\"\" title=\"\"><\/p>\n<h2>Ford\u00edtott teleszk\u00f3pos henger<\/h2>\n<p>Gy\u00e1rilag testreszabott hidraulikus henger kett\u0151s m\u0171k\u00f6d\u00e9s\u0171 teleszk\u00f3pos hidraulikus henger elad\u00f3: Az invert\u00e1lt teleszk\u00f3pos henger egy olyan t\u00edpus\u00fa hidraulikus henger, amelyet k\u00fcl\u00f6nf\u00e9le ipari alkalmaz\u00e1sokban haszn\u00e1lnak. Ez egy olyan hengert\u00edpus, amelynek dugatty\u00far\u00fadja lefel\u00e9 ny\u00falik, a hagyom\u00e1nyos teleszk\u00f3pos hengerekkel ellent\u00e9tben felfel\u00e9. Ez az egyedi kialak\u00edt\u00e1s nagyobb rugalmass\u00e1got biztos\u00edt a haszn\u00e1latban, \u00e9s lehet\u0151v\u00e9 teszi a henger k\u00fcl\u00f6nf\u00e9le alkalmaz\u00e1sokban val\u00f3 haszn\u00e1lat\u00e1t.<\/p>\n<h3>Tervez\u00e9s<\/h3>\n<p>A ford\u00edtott teleszk\u00f3pos henger egym\u00e1sba \u00e1gyazott cs\u00f6vek sorozat\u00e1b\u00f3l \u00e1ll. A legbels\u0151 cs\u0151 a dugatty\u00far\u00fadhoz van r\u00f6gz\u00edtve, \u00e9s m\u0171k\u00f6d\u00e9s k\u00f6zben fel-le mozog. A k\u00fcls\u0151 cs\u00f6vek r\u00f6gz\u00edtettek, \u00e9s t\u00e1masztj\u00e1k a bels\u0151 cs\u00f6vet. Minden cs\u0151 valamivel nagyobb, mint a k\u00f6r\u00fcl\u00f6tte l\u00e9v\u0151, ami lehet\u0151v\u00e9 teszi, hogy m\u0171k\u00f6d\u00e9s k\u00f6zben egym\u00e1sba cs\u00fasztassa \u0151ket.<\/p>\n<p>A henger kett\u0151s m\u0171k\u00f6d\u00e9s\u0171re van tervezve, ami azt jelenti, hogy hidraulikus folyad\u00e9kkal mindk\u00e9t ir\u00e1nyban nyomj\u00e1k a dugatty\u00farudat. Ez lehet\u0151v\u00e9 teszi a henger haszn\u00e1lat\u00e1t k\u00fcl\u00f6nf\u00e9le alkalmaz\u00e1sokban, bele\u00e9rtve a neh\u00e9z terhek emel\u00e9s\u00e9t, t\u00e1rgyak tol\u00e1s\u00e1t \u00e9s h\u00faz\u00e1s\u00e1t, \u00e9s egyebeket.<\/p>\n<h3>Alkalmaz\u00e1sok<\/h3>\n<p>A ford\u00edtott teleszk\u00f3pos hengert sz\u00e9les k\u00f6rben haszn\u00e1lj\u00e1k ipari alkalmaz\u00e1sokban, bele\u00e9rtve az \u00e9p\u00edt\u0151ipar, a mez\u0151gazdas\u00e1g \u00e9s a gy\u00e1rt\u00e1s ter\u00fclet\u00e9n. N\u00e9h\u00e1ny gyakori felhaszn\u00e1l\u00e1si m\u00f3d:<\/p>\n<ul>\n<li>Neh\u00e9z terhek emel\u00e9se \u00e9s leenged\u00e9se<\/li>\n<li>Nagy t\u00e1rgyak mozgat\u00e1sa<\/li>\n<li>Tol\u00f3- \u00e9s h\u00faz\u00f3berendez\u00e9sek<\/li>\n<li>A g\u00e9pek mozg\u00e1s\u00e1nak ir\u00e1ny\u00edt\u00e1sa<\/li>\n<\/ul>\n<p>Egyedi kialak\u00edt\u00e1suk \u00e9s sokoldal\u00fas\u00e1guk miatt a ford\u00edtott teleszk\u00f3pos hengereket gyakran az egyes alkalmaz\u00e1sok egyedi ig\u00e9nyeihez igaz\u00edtj\u00e1k. Ez a testreszab\u00e1s mag\u00e1ban foglalhatja a m\u00e9ret, a l\u00f6kethossz \u00e9s m\u00e1s kulcsfontoss\u00e1g\u00fa param\u00e9terek m\u00f3dos\u00edt\u00e1s\u00e1t az optim\u00e1lis teljes\u00edtm\u00e9ny biztos\u00edt\u00e1sa \u00e9rdek\u00e9ben minden helyzetben.<\/p>\n<h3>El\u0151ny\u00f6k<\/h3>\n<p>A ford\u00edtott teleszk\u00f3pos henger egyik f\u0151 el\u0151nye a kompakt kialak\u00edt\u00e1sa. Mivel a henger \u00f6nmag\u00e1ba hajthat\u00f3 \u00f6ssze, kevesebb helyet foglal el, mint a hagyom\u00e1nyos hengerek. Ez ide\u00e1liss\u00e1 teszi sz\u0171k helyeken vagy korl\u00e1tozott helyekkel rendelkez\u0151 alkalmaz\u00e1sokhoz.<\/p>\n<p>A ford\u00edtott teleszk\u00f3pos henger rendk\u00edv\u00fcl tart\u00f3s \u00e9s kop\u00e1s\u00e1ll\u00f3. Ez egyedi kialak\u00edt\u00e1s\u00e1nak k\u00f6sz\u00f6nhet\u0151, amely lehet\u0151v\u00e9 teszi a terhel\u00e9s egyenletes eloszl\u00e1s\u00e1t a hengeren. Ez azt jelenti, hogy a henger kisebb val\u00f3sz\u00edn\u0171s\u00e9ggel meghib\u00e1sodik vagy s\u00e9r\u00fcl az id\u0151 m\u00fal\u00e1s\u00e1val, m\u00e9g nagy ig\u00e9nybev\u00e9tel\u0171 alkalmaz\u00e1sok eset\u00e9n is.<\/p>\n<h3>K\u00f6vetkeztet\u00e9s<\/h3>\n<p>Az invert\u00e1lt teleszk\u00f3pos henger egy sokoldal\u00fa \u00e9s rendk\u00edv\u00fcl hat\u00e9kony hidraulikus henger, amelyet sz\u00e9les k\u00f6rben haszn\u00e1lnak ipari alkalmaz\u00e1sokban. Egyedi kialak\u00edt\u00e1s\u00e1nak \u00e9s az ig\u00e9nyekhez val\u00f3 testreszabhat\u00f3s\u00e1g\u00e1nak k\u00f6sz\u00f6nhet\u0151en ide\u00e1lis v\u00e1laszt\u00e1s azok sz\u00e1m\u00e1ra, akik megb\u00edzhat\u00f3, tart\u00f3s \u00e9s k\u00f6lts\u00e9ghat\u00e9kony hidraulikus henger megold\u00e1st keresnek.<\/p>\n<h3>Az FMP-r\u0151l \u2013 \u00c9p\u00edt\u0151g\u00e9p-alkatr\u00e9szek \u00e9s komplett g\u00e9pek professzion\u00e1lis \u00e9rt\u00e9kes\u00edt\u00e9se \u00e9s szervizel\u00e9se<\/h3>\n<p>Az FMP egy vezet\u0151 olaszorsz\u00e1gi v\u00e1llalat, amely \u00e9p\u00edt\u0151ipari g\u00e9palkatr\u00e9szek \u00e9s komplett g\u00e9pek \u00e9rt\u00e9kes\u00edt\u00e9s\u00e9re \u00e9s szervizel\u00e9s\u00e9re specializ\u00e1l\u00f3dott. Sok \u00e9ves ipar\u00e1gi tapasztalattal \u00e9s professzion\u00e1lis csapattal kiv\u00e1l\u00f3 min\u0151s\u00e9g\u0171 \u00e9s megb\u00edzhat\u00f3 megold\u00e1sokat k\u00edn\u00e1lunk \u00fcgyfeleinknek.<\/p>\n<h3>Hidraulikus henger \u2013 Kiv\u00e1l\u00f3 min\u0151s\u00e9g\u0171 term\u00e9k\u00fcnk<\/h3>\n<p>Az egyik legkiv\u00e1l\u00f3bb min\u0151s\u00e9g\u0171 term\u00e9k\u00fcnk a hidraulikus henger. \u00cdme n\u00e9h\u00e1ny ok, ami\u00e9rt az FMP-t kell v\u00e1lasztania hidraulikus hengereihez:<\/p>\n<ol>\n<li><strong>Kiv\u00e1l\u00f3 min\u0151s\u00e9g\u0171 anyagok<\/strong>Hidraulikus hengereink kiv\u00e1l\u00f3 min\u0151s\u00e9g\u0171 anyagokb\u00f3l k\u00e9sz\u00fclnek a tart\u00f3ss\u00e1g \u00e9s a megb\u00edzhat\u00f3s\u00e1g biztos\u00edt\u00e1sa \u00e9rdek\u00e9ben.<\/li>\n<li><strong>Testreszabhat\u00f3 be\u00e1ll\u00edt\u00e1sok<\/strong>Sz\u00e1mos testreszabhat\u00f3 opci\u00f3t k\u00edn\u00e1lunk az \u00d6n egyedi ig\u00e9nyeinek kiel\u00e9g\u00edt\u00e9s\u00e9re, bele\u00e9rtve az \u00e1ll\u00edthat\u00f3 kengyeles hengereket, mint p\u00e9ld\u00e1ul az al\u00e1bb l\u00e1that\u00f3.<\/li>\n<li><strong>Szak\u00e9rt\u0151i konzult\u00e1ci\u00f3<\/strong>Tapasztalt \u00e9rt\u00e9kes\u00edt\u00e9si csapatunk ismeri az \u00e9p\u00edt\u0151ipari g\u00e9pipar fejl\u0151d\u00e9si trendjeit \u00e9s \u00fcgyf\u00e9lig\u00e9nyeit. Professzion\u00e1lis term\u00e9ktan\u00e1csad\u00e1st \u00e9s intelligens v\u00e1s\u00e1rl\u00e1si javaslatokat tudnak ny\u00fajtani.<\/li>\n<li><strong>Hat\u00e9kony logisztikai eloszt\u00f3rendszer<\/strong>Hat\u00e9kony logisztikai eloszt\u00e1si rendszerrel rendelkez\u00fcnk annak \u00e9rdek\u00e9ben, hogy \u00fcgyfeleink id\u0151ben \u00e9s pontosan megkapj\u00e1k a sz\u00fcks\u00e9ges alkatr\u00e9szeket.<\/li>\n<li><strong>Szigor\u00fa min\u0151s\u00e9gi szabv\u00e1nyok<\/strong>Hossz\u00fa t\u00e1v\u00fa \u00e9s stabil egy\u00fcttm\u0171k\u00f6d\u00e9si kapcsolatok kialak\u00edt\u00e1s\u00e1val sz\u00e1mos kiv\u00e1l\u00f3 min\u0151s\u00e9g\u0171 belf\u00f6ldi \u00e9s k\u00fclf\u00f6ldi besz\u00e1ll\u00edt\u00f3val biztos\u00edtjuk, hogy minden besz\u00e1ll\u00edtott alkatr\u00e9sz megfeleljen a szigor\u00fa min\u0151s\u00e9gi el\u0151\u00edr\u00e1soknak.<\/li>\n<\/ol>\n<p>V\u00e1lassza az FMP-t hidraulikus henger ig\u00e9nyeihez, \u00e9s tapasztalja meg a min\u0151s\u00e9g \u00e9s a szolg\u00e1ltat\u00e1s k\u00f6z\u00f6tti k\u00fcl\u00f6nbs\u00e9get.<\/p>\n<p><img decoding=\"async\" src=\"https:\/\/fmp-components.com\/wp-content\/uploads\/2024\/12\/Adjustable-Clevis-Type-Cylinders-6.webp\" alt=\"\u00c1ll\u00edthat\u00f3 kengyeles henger\" width=\"809\" title=\"\"><br \/>\nSzerz\u0151: CX<\/p>","protected":false},"excerpt":{"rendered":"<p>Factory Customized Hydraulic Cylinder Double Acting Telescopic Hydraulic Cylinder For Sale The Factory Customized Hydraulic Cylinder is a high-quality product designed to meet the specific needs of various industries. It is a double-acting telescopic hydraulic cylinder that offers exceptional performance and reliability. With its advanced design and construction, this hydraulic cylinder provides smooth and precise [&hellip;]<\/p>","protected":false},"featured_media":1616,"comment_status":"closed","ping_status":"closed","template":"","meta":{"_et_pb_use_builder":"","_et_pb_old_content":"","_et_gb_content_width":""},"product_brand":[],"product_cat":[45],"product_tag":[34,48],"class_list":{"0":"post-1615","1":"product","2":"type-product","3":"status-publish","4":"has-post-thumbnail","6":"product_cat-inverted-telescopic-cylinder","7":"product_tag-hydraulic-cylinder","8":"product_tag-inverted-telescopic-cylinder","10":"first","11":"instock","12":"product-type-simple"},"_links":{"self":[{"href":"https:\/\/fmp-components.com\/hu\/wp-json\/wp\/v2\/product\/1615","targetHints":{"allow":["GET"]}}],"collection":[{"href":"https:\/\/fmp-components.com\/hu\/wp-json\/wp\/v2\/product"}],"about":[{"href":"https:\/\/fmp-components.com\/hu\/wp-json\/wp\/v2\/types\/product"}],"replies":[{"embeddable":true,"href":"https:\/\/fmp-components.com\/hu\/wp-json\/wp\/v2\/comments?post=1615"}],"wp:featuredmedia":[{"embeddable":true,"href":"https:\/\/fmp-components.com\/hu\/wp-json\/wp\/v2\/media\/1616"}],"wp:attachment":[{"href":"https:\/\/fmp-components.com\/hu\/wp-json\/wp\/v2\/media?parent=1615"}],"wp:term":[{"taxonomy":"product_brand","embeddable":true,"href":"https:\/\/fmp-components.com\/hu\/wp-json\/wp\/v2\/product_brand?post=1615"},{"taxonomy":"product_cat","embeddable":true,"href":"https:\/\/fmp-components.com\/hu\/wp-json\/wp\/v2\/product_cat?post=1615"},{"taxonomy":"product_tag","embeddable":true,"href":"https:\/\/fmp-components.com\/hu\/wp-json\/wp\/v2\/product_tag?post=1615"}],"curies":[{"name":"munkaf\u00fczet","href":"https:\/\/api.w.org\/{rel}","templated":true}]}}