{"id":1613,"date":"2024-12-23T06:59:20","date_gmt":"2024-12-23T06:59:20","guid":{"rendered":"https:\/\/fmp-components.com\/product\/factory-serving-small-dump-truck-double-acting-hydraulic-cylinder\/"},"modified":"2024-12-23T08:23:17","modified_gmt":"2024-12-23T08:23:17","slug":"factory-serving-small-dump-truck-double-acting-hydraulic-cylinder","status":"publish","type":"product","link":"https:\/\/fmp-components.com\/hu\/product\/factory-serving-small-dump-truck-double-acting-hydraulic-cylinder\/","title":{"rendered":"Gy\u00e1rilag kiszolg\u00e1l\u00f3 kis d\u00f6mper kett\u0151s m\u0171k\u00f6d\u00e9s\u0171 hidraulikus henger"},"content":{"rendered":"<h2>Bemutatkozik a gy\u00e1r, amely kis d\u00f6mperek kett\u0151s m\u0171k\u00f6d\u00e9s\u0171 hidraulikus henger\u00e9t szolg\u00e1lja ki<\/h2>\n<p>A gy\u00e1rilag kiszolg\u00e1l\u00f3 kis d\u00f6mperekhez val\u00f3 kett\u0151s m\u0171k\u00f6d\u00e9s\u0171 hidraulikus henger egy kiv\u00e1l\u00f3 min\u0151s\u00e9g\u0171 \u00e9s sokoldal\u00fa alkatr\u00e9sz, amelyet kifejezetten kis d\u00f6mperekhez terveztek. Fejlett funkci\u00f3ival \u00e9s megb\u00edzhat\u00f3 teljes\u00edtm\u00e9ny\u00e9vel ez a hidraulikus henger minden d\u00f6mperrendszer elengedhetetlen r\u00e9sze.<\/p>\n<p>Ennek a hidraulikus hengernek az egyik legfontosabb el\u0151nye a kett\u0151s m\u0171k\u00f6d\u00e9se. Ez azt jelenti, hogy mindk\u00e9t ir\u00e1nyban k\u00e9pes er\u0151t kifejteni, lehet\u0151v\u00e9 t\u00e9ve a d\u00f6mper mozg\u00e1s\u00e1nak hat\u00e9kony \u00e9s pontos szab\u00e1lyoz\u00e1s\u00e1t. Ak\u00e1r a plat\u00f3 emel\u00e9s\u00e9r\u0151l, ak\u00e1r s\u00fcllyeszt\u00e9s\u00e9r\u0151l van sz\u00f3, ez a henger biztos\u00edtja a sima \u00e9s megb\u00edzhat\u00f3 m\u0171k\u00f6d\u00e9st.<\/p>\n<p>Ez a hidraulikus henger a neh\u00e9z k\u00f6r\u00fclm\u00e9nyek elvisel\u00e9s\u00e9re k\u00e9sz\u00fclt, tart\u00f3s anyagokb\u00f3l k\u00e9sz\u00fclt, \u00e9s szigor\u00fa tesztel\u00e9sen esik \u00e1t a szil\u00e1rds\u00e1ga \u00e9s hossz\u00fa \u00e9lettartama \u00e9rdek\u00e9ben. Nagy terhel\u00e9seket is elb\u00edr, \u00e9s m\u00e9g kih\u00edv\u00e1st jelent\u0151 k\u00f6rnyezetben is hib\u00e1tlanul m\u0171k\u00f6dik.<\/p>\n<p>A gy\u00e1rilag kiszolg\u00e1l\u00f3 kis d\u00f6mperekhez val\u00f3 kett\u0151s m\u0171k\u00f6d\u00e9s\u0171 hidraulikus hengert a biztons\u00e1g szem el\u0151tt tart\u00e1s\u00e1val tervezt\u00e9k. Olyan fejlett funkci\u00f3kat tartalmaz, mint a nyom\u00e1scs\u00f6kkent\u0151 szelepek \u00e9s t\u00f6m\u00edt\u00e9sek a sziv\u00e1rg\u00e1sok megakad\u00e1lyoz\u00e1sa \u00e9s az optim\u00e1lis teljes\u00edtm\u00e9ny fenntart\u00e1sa \u00e9rdek\u00e9ben. Robusztus konstrukci\u00f3ja \u00e9s megb\u00edzhat\u00f3 t\u00f6m\u00edt\u0151mechanizmusai minim\u00e1lis karbantart\u00e1st \u00e9s \u00e1ll\u00e1sid\u0151t biztos\u00edtanak, maximaliz\u00e1lva a termel\u00e9kenys\u00e9get.<\/p>\n<p>Kompakt m\u00e9ret\u00e9nek k\u00f6sz\u00f6nhet\u0151en ez a hidraulikus henger kifejezetten kis d\u00f6mperekhez k\u00e9sz\u00fclt. Kiv\u00e1l\u00f3 teljes\u00edtm\u00e9ny-m\u00e9ret ar\u00e1nya lehet\u0151v\u00e9 teszi a teheraut\u00f3 hidraulikus rendszer\u00e9n bel\u00fcli hely hat\u00e9kony kihaszn\u00e1l\u00e1s\u00e1t. Ez nemcsak a d\u00f6mper \u00f6sszteljes\u00edtm\u00e9ny\u00e9t jav\u00edtja, hanem hozz\u00e1j\u00e1rul az \u00fczemanyag-hat\u00e9konys\u00e1ghoz is.<\/p>\n<p>\u00d6sszefoglalva, a gy\u00e1rilag kiszolg\u00e1l\u00f3 kis d\u00f6mperekhez val\u00f3 kett\u0151s m\u0171k\u00f6d\u00e9s\u0171 hidraulikus henger egy cs\u00facskateg\u00f3ri\u00e1s alkatr\u00e9sz, amely kiv\u00e9teles teljes\u00edtm\u00e9nyt ny\u00fajt a kis d\u00f6mperek sz\u00e1m\u00e1ra. Kett\u0151s m\u0171k\u00f6d\u00e9s\u00e9nek, tart\u00f3ss\u00e1g\u00e1nak \u00e9s biztons\u00e1gi jellemz\u0151inek k\u00f6sz\u00f6nhet\u0151en ide\u00e1lis v\u00e1laszt\u00e1s a d\u00f6mperek \u00fczemeltet\u00e9s\u00e9nek hat\u00e9konys\u00e1g\u00e1nak \u00e9s termel\u00e9kenys\u00e9g\u00e9nek n\u00f6vel\u00e9s\u00e9hez.<\/p>\n<h2>A kett\u0151s m\u0171k\u00f6d\u00e9s\u0171 hidraulikus henger jellemz\u0151i<\/h2>\n<ul>\n<li>Standard hidraulikus dugatty\u00fas henger az optim\u00e1lis teljes\u00edtm\u00e9ny \u00e9rdek\u00e9ben<\/li>\n<li>Ac\u00e9l testanyag a fokozott tart\u00f3ss\u00e1g \u00e9rdek\u00e9ben<\/li>\n<li>Maxim\u00e1lis tol\u00f3er\u0151 3000 \u00e9s maxim\u00e1lis h\u00faz\u00f3er\u0151 20 tonna a neh\u00e9z \u00fczemi k\u00f6r\u00fclm\u00e9nyekhez<\/li>\n<li>K\u00fcl\u00f6nb\u00f6z\u0151 m\u00e9retek furathoz, r\u00fadhoz, l\u00f6kethez \u00e9s csapszeghez a k\u00fcl\u00f6nb\u00f6z\u0151 ig\u00e9nyekhez igazodva<\/li>\n<li>ISO9001:2000 tan\u00fas\u00edtv\u00e1nnyal rendelkezik, amely garant\u00e1lja a min\u0151s\u00e9get \u00e9s a megb\u00edzhat\u00f3s\u00e1got<\/li>\n<\/ul>\n<p><img decoding=\"async\" src=\"https:\/\/hzpt.com\/wp-content\/uploads\/2023\/11\/Inverted-Telescopic-Cylinder-15.webp\" alt=\"\" title=\"\"><\/p>\n<h2>A kett\u0151s m\u0171k\u00f6d\u00e9s\u0171 hidraulikus henger alkalmaz\u00e1sai<\/h2>\n<p>A kett\u0151s m\u0171k\u00f6d\u00e9s\u0171 hidraulikus hengerek sokoldal\u00fa eszk\u00f6z\u00f6k, amelyeket gyakran haszn\u00e1lnak k\u00fcl\u00f6nf\u00e9le alkalmaz\u00e1sokban, ahol szab\u00e1lyozott line\u00e1ris mozg\u00e1sra \u00e9s er\u0151re van sz\u00fcks\u00e9g. Hidraulikus nyom\u00e1s seg\u00edts\u00e9g\u00e9vel m\u0171k\u00f6dnek, amelyek egy dugatty\u00fat mozgatnak el\u0151re-h\u00e1tra a hengeren bel\u00fcl, \u00edgy mindk\u00e9t ir\u00e1nyban er\u0151t biztos\u00edtanak. \u00cdme n\u00e9h\u00e1ny alkalmaz\u00e1s, ahol gyakran haszn\u00e1lnak kett\u0151s m\u0171k\u00f6d\u00e9s\u0171 hidraulikus hengereket:<\/p>\n<h3>\u00c9p\u00edt\u0151ipari berendez\u00e9sek<\/h3>\n<p>A kett\u0151s m\u0171k\u00f6d\u00e9s\u0171 hidraulikus hengereket sz\u00e9les k\u00f6rben alkalmazz\u00e1k \u00e9p\u00edt\u0151ipari g\u00e9pekben, p\u00e9ld\u00e1ul kotr\u00f3g\u00e9pekben, rakod\u00f3g\u00e9pekben, buld\u00f3zerekben \u00e9s darukban. Seg\u00edtenek olyan feladatokban, mint az emel\u00e9s, tol\u00e1s, \u00e1s\u00e1s \u00e9s neh\u00e9z terhek mozgat\u00e1sa, biztos\u00edtva a sz\u00fcks\u00e9ges er\u0151t ezekhez a m\u0171veletekhez.<\/p>\n<h3>Ipari g\u00e9pek<\/h3>\n<p>A hidraulikus hengerek sz\u00e9les k\u00f6rben alkalmazhat\u00f3k ipari g\u00e9pekben. Pr\u00e9sekben, f\u00e9mmegmunk\u00e1l\u00f3 berendez\u00e9sekben, anyagmozgat\u00f3 rendszerekben \u00e9s szersz\u00e1mg\u00e9pekben haszn\u00e1lj\u00e1k \u0151ket hajl\u00edt\u00e1s, ny\u00edr\u00e1s, lyukaszt\u00e1s, alak\u00edt\u00e1s \u00e9s egy\u00e9b gy\u00e1rt\u00e1si folyamatok szab\u00e1lyozott er\u0151\u00e9nek biztos\u00edt\u00e1s\u00e1ra.<\/p>\n<h3>Mez\u0151gazdas\u00e1gi g\u00e9pek<\/h3>\n<p>A hidraulikus hengerek l\u00e9tfontoss\u00e1g\u00fa szerepet j\u00e1tszanak a mez\u0151gazdas\u00e1gi berendez\u00e9sekben, p\u00e9ld\u00e1ul a traktorokban, betakar\u00edt\u00f3g\u00e9pekben \u00e9s permetez\u0151g\u00e9pekben. Ezeket a hengereket k\u00fcl\u00f6nf\u00e9le funkci\u00f3kban alkalmazz\u00e1k, bele\u00e9rtve a karok \u00e9s tartoz\u00e9kok m\u0171k\u00f6dtet\u00e9s\u00e9t, a munkag\u00e9pek vez\u00e9rl\u00e9s\u00e9t, a berendez\u00e9sek magass\u00e1g\u00e1nak \u00e9s sz\u00f6g\u00e9nek be\u00e1ll\u00edt\u00e1s\u00e1t, valamint a korm\u00e1nymechanizmusok megk\u00f6nny\u00edt\u00e9s\u00e9t.<\/p>\n<p><img decoding=\"async\" src=\"https:\/\/hzpt.com\/wp-content\/uploads\/2023\/11\/Inverted-Telescopic-Cylinder-Applications.webp\" alt=\"Ford\u00edtott teleszk\u00f3pos henger alkalmaz\u00e1sok\" title=\"\"><\/p>\n<h2>M\u0171k\u00f6d\u00e9si elv \u00e9s karbantart\u00e1si m\u00f3dszerek<\/h2>\n<ul>\n<li>Rendszeres ellen\u0151rz\u00e9s: A rendszeres ellen\u0151rz\u00e9sek biztos\u00edtj\u00e1k a palack megfelel\u0151 m\u0171k\u00f6d\u00e9s\u00e9t, \u00e9s seg\u00edtenek a lehets\u00e9ges probl\u00e9m\u00e1k korai felismer\u00e9s\u00e9ben.<\/li>\n<li>Tiszt\u00edt\u00e1s: A rendszeres tiszt\u00edt\u00e1s megakad\u00e1lyozza a por \u00e9s szennyez\u0151d\u00e9s felhalmoz\u00f3d\u00e1s\u00e1t, amelyek befoly\u00e1solhatj\u00e1k a henger teljes\u00edtm\u00e9ny\u00e9t.<\/li>\n<li>Ken\u00e9s: A megfelel\u0151 ken\u00e9s el\u0151seg\u00edti a z\u00f6kken\u0151mentes m\u0171k\u00f6d\u00e9st \u00e9s cs\u00f6kkenti a kop\u00e1st.<\/li>\n<li>Rendszeres ellen\u0151rz\u00e9sek \u00e9s jav\u00edt\u00e1sok: A rendszeres karbantart\u00e1s seg\u00edt meghosszabb\u00edtani a henger \u00e9lettartam\u00e1t.<\/li>\n<li>T\u00f6m\u00edt\u00e9scsere: A t\u00f6m\u00edt\u00e9sek id\u0151ben t\u00f6rt\u00e9n\u0151 cser\u00e9je seg\u00edt megel\u0151zni a sziv\u00e1rg\u00e1sokat \u00e9s fenntartja a henger hat\u00e9konys\u00e1g\u00e1t.<\/li>\n<\/ul>\n<p><img decoding=\"async\" src=\"https:\/\/hzpt.com\/wp-content\/uploads\/2023\/11\/Inverted-Telescopic-Cylinder-14.webp\" alt=\"\" title=\"\"><\/p>\n<h2>Ford\u00edtott teleszk\u00f3pos henger<\/h2>\n<h3>Bevezet\u00e9s<\/h3>\n<p>A ford\u00edtott teleszk\u00f3pos henger egy olyan hidraulikus hengert\u00edpus, amelyet k\u00fcl\u00f6nf\u00e9le ipari alkalmaz\u00e1sokban haszn\u00e1lnak. Ez egy kett\u0151s m\u0171k\u00f6d\u00e9s\u0171 hidraulikus henger, amelyet korl\u00e1tozott hely\u0171 alkalmaz\u00e1sokhoz terveztek. A henger koncentrikus cs\u00f6vek sorozat\u00e1b\u00f3l \u00e1ll, amelyek egym\u00e1sba vannak \u00e1gyazva. A k\u00fcls\u0151 cs\u0151 r\u00f6gz\u00edtett, m\u00edg a bels\u0151 cs\u0151 be- \u00e9s kimozdul a k\u00fcls\u0151 cs\u0151b\u0151l. A hengert \u00e1ltal\u00e1ban kis d\u00f6mperekben, gy\u00e1ri berendez\u00e9sekben \u00e9s egy\u00e9b g\u00e9pekben haszn\u00e1lj\u00e1k.<\/p>\n<h3>Az invert\u00e1lt teleszk\u00f3pos henger jellemz\u0151i<\/h3>\n<p>A ford\u00edtott teleszk\u00f3pos henger sz\u00e1mos olyan tulajdons\u00e1ggal rendelkezik, amelyek ide\u00e1liss\u00e1 teszik k\u00fcl\u00f6nf\u00e9le ipari alkalmaz\u00e1sokban val\u00f3 haszn\u00e1latra. Ezek k\u00f6z\u00fcl n\u00e9h\u00e1ny:<\/p>\n<ul>\n<li>Kompakt kialak\u00edt\u00e1s, amely megk\u00f6nny\u00edti a sz\u0171k helyeken val\u00f3 telep\u00edt\u00e9st<\/li>\n<li>Kett\u0151s m\u0171k\u00f6d\u00e9s\u0171 henger, amely sima \u00e9s szab\u00e1lyozott mozg\u00e1st biztos\u00edt mindk\u00e9t ir\u00e1nyban<\/li>\n<li>Rendk\u00edv\u00fcl tart\u00f3s \u00e9s kop\u00e1s\u00e1ll\u00f3<\/li>\n<li>A hidraulikafolyad\u00e9k hat\u00e9kony felhaszn\u00e1l\u00e1sa, ami seg\u00edt cs\u00f6kkenteni az \u00fczemeltet\u00e9si k\u00f6lts\u00e9geket<\/li>\n<li>K\u00f6nnyen karbantarthat\u00f3 \u00e9s jav\u00edthat\u00f3, ami seg\u00edt cs\u00f6kkenteni az \u00e1ll\u00e1sid\u0151t \u00e9s a jav\u00edt\u00e1si k\u00f6lts\u00e9geket<\/li>\n<\/ul>\n<h3>Ford\u00edtott teleszk\u00f3pos henger alkalmaz\u00e1sai<\/h3>\n<p>A ford\u00edtott teleszk\u00f3pos hengert gyakran haszn\u00e1lj\u00e1k k\u00fcl\u00f6nf\u00e9le ipari alkalmaz\u00e1sokban. N\u00e9h\u00e1ny a leggyakoribb alkalmaz\u00e1sok k\u00f6z\u00fcl:<\/p>\n<ol>\n<li>Kis d\u00f6mperek \u2013 A henger a kis d\u00f6mperek plat\u00f3j\u00e1nak emel\u00e9s\u00e9re \u00e9s s\u00fcllyeszt\u00e9s\u00e9re szolg\u00e1l. A henger kompakt kialak\u00edt\u00e1sa ide\u00e1liss\u00e1 teszi az ilyen t\u00edpus\u00fa j\u00e1rm\u0171vekben val\u00f3 haszn\u00e1latra.<\/li>\n<li>Gy\u00e1ri berendez\u00e9sek \u2013 A hengert k\u00fcl\u00f6nf\u00e9le gy\u00e1ri berendez\u00e9sekben haszn\u00e1lj\u00e1k, p\u00e9ld\u00e1ul sz\u00e1ll\u00edt\u00f3szalag-rendszerekben, emel\u0151asztalokban \u00e9s csomagol\u00f3g\u00e9pekben. A henger sima \u00e9s szab\u00e1lyozott mozg\u00e1sa ide\u00e1liss\u00e1 teszi ezekben az alkalmaz\u00e1sokban val\u00f3 haszn\u00e1latra.<\/li>\n<li>\u00c9p\u00edt\u0151ipari berendez\u00e9sek \u2013 A hengert k\u00fcl\u00f6nf\u00e9le \u00e9p\u00edt\u0151ipari berendez\u00e9sekben haszn\u00e1lj\u00e1k, p\u00e9ld\u00e1ul kotr\u00f3g\u00e9pekben, kotr\u00f3g\u00e9pekben \u00e9s darukban. A henger tart\u00f3ss\u00e1ga \u00e9s kop\u00e1s\u00e1ll\u00f3s\u00e1ga ide\u00e1liss\u00e1 teszi ezekben az alkalmaz\u00e1sokban val\u00f3 haszn\u00e1latra.<\/li>\n<li>Anyagmozgat\u00f3 berendez\u00e9sek \u2013 A hengert k\u00fcl\u00f6nf\u00e9le anyagmozgat\u00f3 berendez\u00e9sekben haszn\u00e1lj\u00e1k, p\u00e9ld\u00e1ul targonc\u00e1kban, raklapemel\u0151kben \u00e9s oll\u00f3s emel\u0151kben. A henger hat\u00e9kony hidraulikafolyad\u00e9k-felhaszn\u00e1l\u00e1sa ide\u00e1liss\u00e1 teszi ezekben az alkalmaz\u00e1sokban val\u00f3 haszn\u00e1latra.<\/li>\n<\/ol>\n<p>Az Inverted Telescopic Cylinder egy rendk\u00edv\u00fcl sokoldal\u00fa \u00e9s hat\u00e9kony hidraulikus henger, amelyet k\u00fcl\u00f6nf\u00e9le ipari alkalmaz\u00e1sokban haszn\u00e1lnak. Kompakt kialak\u00edt\u00e1sa, kett\u0151s m\u0171k\u00f6d\u00e9s\u0171 hengere, tart\u00f3ss\u00e1ga \u00e9s a hidraulikafolyad\u00e9k hat\u00e9kony felhaszn\u00e1l\u00e1sa ide\u00e1liss\u00e1 teszi kis d\u00f6mperekben, gy\u00e1ri berendez\u00e9sekben, \u00e9p\u00edt\u0151ipari berendez\u00e9sekben \u00e9s anyagmozgat\u00f3 berendez\u00e9sekben val\u00f3 haszn\u00e1latra. Ha megb\u00edzhat\u00f3 \u00e9s hat\u00e9kony hidraulikus hengert keres ipari alkalmaz\u00e1s\u00e1hoz, az Inverted Telescopic Cylinder kiv\u00e1l\u00f3 v\u00e1laszt\u00e1s. Fejlett funkci\u00f3ival \u00e9s nagy teljes\u00edtm\u00e9ny\u00e9vel biztosan megfelel az \u00d6n egyedi ig\u00e9nyeinek \u00e9s k\u00f6vetelm\u00e9nyeinek.<\/p>\n<h3>Az FMP-r\u0151l<\/h3>\n<p><img decoding=\"async\" src=\"https:\/\/fmp-components.com\/wp-content\/uploads\/2024\/12\/Adjustable-Clevis-Type-Cylinders-6.webp\" alt=\"\u00c1ll\u00edthat\u00f3 kengyeles henger\" width=\"808\" title=\"\"><\/p>\n<p>Az FMP egy vezet\u0151 v\u00e1llalat, amely hidraulikus hengerek gy\u00e1rt\u00e1s\u00e1ra \u00e9s \u00e9rt\u00e9kes\u00edt\u00e9s\u00e9re specializ\u00e1l\u00f3dott. Sok\u00e9ves ipar\u00e1gi tapasztalatunkkal \u00e9s professzion\u00e1lis csapatunkkal elk\u00f6telezettek vagyunk amellett, hogy \u00fcgyfeleinknek kiv\u00e1l\u00f3 min\u0151s\u00e9g\u0171 \u00e9s megb\u00edzhat\u00f3 hidraulikus hengereket biztos\u00edtsunk az \u00e9p\u00edt\u0151ipari g\u00e9pipar k\u00fcl\u00f6nf\u00e9le alkalmaz\u00e1saihoz.<\/p>\n<p>1. Sz\u00e9les term\u00e9kv\u00e1laszt\u00e9k: Sz\u00e9les hidraulikus hengerv\u00e1laszt\u00e9kot k\u00edn\u00e1lunk, bele\u00e9rtve az \u00e1ll\u00edthat\u00f3 kengyeles hengereket, teleszk\u00f3pos hengereket, hegesztett hengereket, \u00f6sszek\u00f6t\u0151rudas hengereket \u00e9s egyebeket. B\u00e1rmilyen egyedi ig\u00e9nye is legyen, n\u00e1lunk megtal\u00e1lja az \u00d6nnek megfelel\u0151 hidraulikus henger megold\u00e1st.<\/p>\n<p>2. Kiv\u00e1l\u00f3 min\u0151s\u00e9g: Az FMP-n\u00e9l a min\u0151s\u00e9get helyezz\u00fck el\u0151t\u00e9rbe, \u00e9s biztos\u00edtjuk, hogy minden hidraulikus henger\u00fcnk megfeleljen a szigor\u00fa min\u0151s\u00e9gi el\u0151\u00edr\u00e1soknak. Hossz\u00fa t\u00e1v\u00fa \u00e9s stabil kapcsolatokat \u00e9p\u00edtett\u00fcnk ki kiv\u00e1l\u00f3 min\u0151s\u00e9g\u0171 besz\u00e1ll\u00edt\u00f3kkal, mind belf\u00f6ld\u00f6n, mind k\u00fclf\u00f6ld\u00f6n, hogy garant\u00e1ljuk term\u00e9keink tart\u00f3ss\u00e1g\u00e1t \u00e9s teljes\u00edtm\u00e9ny\u00e9t.<\/p>\n<p>3. Szak\u00e9rt\u0151 \u00e9rt\u00e9kes\u00edt\u00e9si csapat: Tapasztalt \u00e9s k\u00e9pzett \u00e9rt\u00e9kes\u00edt\u00e9si csapatunk j\u00e1rtas a leg\u00fajabb ipar\u00e1gi trendekben \u00e9s az \u00fcgyfelek ig\u00e9nyeiben. K\u00e9szen \u00e1llnak professzion\u00e1lis term\u00e9ktan\u00e1csad\u00e1sra \u00e9s intelligens v\u00e1s\u00e1rl\u00e1si javaslatokra, biztos\u00edtva, hogy \u00d6n a lehet\u0151 legjobb d\u00f6nt\u00e9st hozza meg \u00e9p\u00edt\u0151ipari g\u00e9pei ig\u00e9nyeinek megfelel\u0151en.<\/p>\n<p>4. Hat\u00e9kony logisztikai eloszt\u00e1s: Meg\u00e9rtj\u00fck az id\u0151ben t\u00f6rt\u00e9n\u0151 sz\u00e1ll\u00edt\u00e1s fontoss\u00e1g\u00e1t. Hat\u00e9kony logisztikai eloszt\u00e1si rendszer\u00fcnkkel biztos\u00edtjuk, hogy \u00fcgyfeleink id\u0151ben \u00e9s pontosan megkapj\u00e1k a sz\u00fcks\u00e9ges hidraulikus hengereket. Sz\u00e1m\u00edthat r\u00e1nk a gyors \u00e9s megb\u00edzhat\u00f3 szolg\u00e1ltat\u00e1s ter\u00e9n.<\/p>\n<p>5. Testreszabhat\u00f3 megold\u00e1sok: Meg\u00e9rtj\u00fck, hogy minden \u00e9p\u00edt\u0151ipari g\u00e9pekkel kapcsolatos projekt egyedi. Ez\u00e9rt k\u00edn\u00e1lunk testreszabhat\u00f3 hidraulikus henger megold\u00e1sokat, hogy megfeleljenek az \u00d6n egyedi ig\u00e9nyeinek. Ak\u00e1r meghat\u00e1rozott l\u00f6kethossz\u00fas\u00e1g\u00fa, r\u00f6gz\u00edt\u00e9si st\u00edlus\u00fa, ak\u00e1r b\u00e1rmilyen m\u00e1s testreszab\u00e1si ig\u00e9ny\u0171 hengerre van sz\u00fcks\u00e9ge, szem\u00e9lyre szabott megold\u00e1sokat tudunk ny\u00fajtani.<\/p>\n<p>Az FMP-vel val\u00f3 partners\u00e9g azt jelenti, hogy hozz\u00e1f\u00e9r\u00e9st kap kiv\u00e1l\u00f3 min\u0151s\u00e9g\u0171 hidraulikus hengerekhez, hozz\u00e1\u00e9rt\u0151 \u00e9rt\u00e9kes\u00edt\u00e9si csapathoz, hat\u00e9kony logisztik\u00e1hoz \u00e9s testreszabhat\u00f3 megold\u00e1sokhoz. B\u00edzza r\u00e1nk a megb\u00edzhat\u00f3 \u00e9s tart\u00f3s hidraulikus hengereket, amelyekre sz\u00fcks\u00e9ge van \u00e9p\u00edt\u0151ipari g\u00e9p\u00e9szeti projektjeihez.<br \/>\nSzerz\u0151: CX<\/p>","protected":false},"excerpt":{"rendered":"<p>Bemutatkozik a gy\u00e1rilag kiszolg\u00e1l\u00f3 kis d\u00f6mperekhez val\u00f3 kett\u0151s m\u0171k\u00f6d\u00e9s\u0171 hidraulikus henger A gy\u00e1rilag kiszolg\u00e1l\u00f3 kis d\u00f6mperekhez val\u00f3 kett\u0151s m\u0171k\u00f6d\u00e9s\u0171 hidraulikus henger egy kiv\u00e1l\u00f3 min\u0151s\u00e9g\u0171 \u00e9s sokoldal\u00fa alkatr\u00e9sz, amelyet kifejezetten kis d\u00f6mperekhez terveztek. Fejlett funkci\u00f3ival \u00e9s megb\u00edzhat\u00f3 teljes\u00edtm\u00e9ny\u00e9vel ez a hidraulikus henger minden d\u00f6mperrendszer elengedhetetlen r\u00e9sze. Az egyik [\u2026]<\/p>","protected":false},"featured_media":1614,"comment_status":"closed","ping_status":"closed","template":"","meta":{"_et_pb_use_builder":"","_et_pb_old_content":"","_et_gb_content_width":""},"product_brand":[],"product_cat":[45],"product_tag":[34,48],"class_list":{"0":"post-1613","1":"product","2":"type-product","3":"status-publish","4":"has-post-thumbnail","6":"product_cat-inverted-telescopic-cylinder","7":"product_tag-hydraulic-cylinder","8":"product_tag-inverted-telescopic-cylinder","10":"first","11":"instock","12":"product-type-simple"},"_links":{"self":[{"href":"https:\/\/fmp-components.com\/hu\/wp-json\/wp\/v2\/product\/1613","targetHints":{"allow":["GET"]}}],"collection":[{"href":"https:\/\/fmp-components.com\/hu\/wp-json\/wp\/v2\/product"}],"about":[{"href":"https:\/\/fmp-components.com\/hu\/wp-json\/wp\/v2\/types\/product"}],"replies":[{"embeddable":true,"href":"https:\/\/fmp-components.com\/hu\/wp-json\/wp\/v2\/comments?post=1613"}],"wp:featuredmedia":[{"embeddable":true,"href":"https:\/\/fmp-components.com\/hu\/wp-json\/wp\/v2\/media\/1614"}],"wp:attachment":[{"href":"https:\/\/fmp-components.com\/hu\/wp-json\/wp\/v2\/media?parent=1613"}],"wp:term":[{"taxonomy":"product_brand","embeddable":true,"href":"https:\/\/fmp-components.com\/hu\/wp-json\/wp\/v2\/product_brand?post=1613"},{"taxonomy":"product_cat","embeddable":true,"href":"https:\/\/fmp-components.com\/hu\/wp-json\/wp\/v2\/product_cat?post=1613"},{"taxonomy":"product_tag","embeddable":true,"href":"https:\/\/fmp-components.com\/hu\/wp-json\/wp\/v2\/product_tag?post=1613"}],"curies":[{"name":"munkaf\u00fczet","href":"https:\/\/api.w.org\/{rel}","templated":true}]}}