{"id":1611,"date":"2024-12-23T06:59:20","date_gmt":"2024-12-23T06:59:20","guid":{"rendered":"https:\/\/fmp-components.com\/product\/factory-direct-sale-long-stroke-hydraulic-cylinder-telescopic-hydraulic-cylinder-for-dump-trailer\/"},"modified":"2024-12-23T08:31:12","modified_gmt":"2024-12-23T08:31:12","slug":"factory-direct-sale-long-stroke-hydraulic-cylinder-telescopic-hydraulic-cylinder-for-dump-trailer","status":"publish","type":"product","link":"https:\/\/fmp-components.com\/hu\/product\/factory-direct-sale-long-stroke-hydraulic-cylinder-telescopic-hydraulic-cylinder-for-dump-trailer\/","title":{"rendered":"Gy\u00e1ri k\u00f6zvetlen \u00e9rt\u00e9kes\u00edt\u00e9s\u0171 hossz\u00fa l\u00f6ket\u0171 hidraulikus henger teleszk\u00f3pos hidraulikus henger d\u00f6mperhez"},"content":{"rendered":"<h2>Gy\u00e1ri k\u00f6zvetlen \u00e9rt\u00e9kes\u00edt\u00e9s\u0171 hossz\u00fa l\u00f6ket\u0171 hidraulikus henger teleszk\u00f3pos hidraulikus henger d\u00f6mperhez<\/h2>\n<p>Bemutatkozik a gy\u00e1rilag k\u00f6zvetlen \u00e9rt\u00e9kes\u00edt\u00e9s\u0171 hossz\u00fa l\u00f6ket\u0171 hidraulikus henger teleszk\u00f3pos hidraulikus henger billen\u0151p\u00f3tkocsihoz:<\/p>\n<p>Sz\u00fcks\u00e9ge van egy kiv\u00e1l\u00f3 min\u0151s\u00e9g\u0171 hidraulikus hengerre d\u00f6mper\u00e9hez? Ne keressen tov\u00e1bb, gy\u00e1rilag k\u00f6zvetlen \u00e9rt\u00e9kes\u00edt\u00e9s\u0171 hossz\u00fa l\u00f6ket\u0171 hidraulikus henger\u00fcnk, a teleszk\u00f3pos hidraulikus henger\u00fcnk. Kiv\u00e1l\u00f3 konstrukci\u00f3j\u00e1nak \u00e9s kiv\u00e9teles teljes\u00edtm\u00e9ny\u00e9nek k\u00f6sz\u00f6nhet\u0151en ez a hidraulikus henger minden p\u00f3tkocsi emel\u00e9si \u00e9s \u00fcr\u00edt\u00e9si ig\u00e9ny\u00e9t kiel\u00e9g\u00edti.<\/p>\n<p>Hossz\u00fa l\u00f6ket\u0171 kialak\u00edt\u00e1s\u00e1nak k\u00f6sz\u00f6nhet\u0151en hidraulikus henger\u00fcnk nagyobb kiny\u00fal\u00e1st \u00e9s maxim\u00e1lis emel\u0151kapacit\u00e1st k\u00edn\u00e1l. Ez azt jelenti, hogy k\u00f6nnyed\u00e9n felemelheti \u00e9s leengedheti d\u00f6mper\u00e9t, lehet\u0151v\u00e9 t\u00e9ve az anyagok hat\u00e9kony be- \u00e9s kirakod\u00e1s\u00e1t. Teleszk\u00f3pos kialak\u00edt\u00e1sa biztos\u00edtja a sima \u00e9s prec\u00edz m\u0171k\u00f6d\u00e9st, lehet\u0151v\u00e9 t\u00e9ve a \u00fcr\u00edt\u00e9si folyamat pontos ir\u00e1ny\u00edt\u00e1s\u00e1t.<\/p>\n<p>Hidraulikus henger\u00fcnk pr\u00e9mium anyagokb\u00f3l k\u00e9sz\u00fcl, ami tart\u00f3ss\u00e1got \u00e9s hossz\u00fa \u00e9lettartamot biztos\u00edt. Robusztus konstrukci\u00f3j\u00e1nak k\u00f6sz\u00f6nhet\u0151en ellen\u00e1ll a nagy terhel\u00e9seknek \u00e9s a zord munkak\u00f6r\u00fclm\u00e9nyeknek, megb\u00edzhat\u00f3 teljes\u00edtm\u00e9nyt ny\u00fajtva m\u00e9g a legnehezebb k\u00f6rnyezetben is. Ezenk\u00edv\u00fcl \u00fagy tervezt\u00e9k, hogy ellen\u00e1lljon a korr\u00f3zi\u00f3nak \u00e9s a kop\u00e1snak, \u00edgy hossz\u00fa t\u00e1von k\u00f6lts\u00e9ghat\u00e9kony befektet\u00e9s.<\/p>\n<p><img decoding=\"async\" src=\"https:\/\/hzpt.com\/wp-content\/uploads\/2023\/11\/Inverted-Telescopic-Cylinder-2.webp\" alt=\"\" title=\"\"><\/p>\n<p>K\u00f6zvetlen \u00e9rt\u00e9kes\u00edt\u00e9sre tervezett hidraulikus henger\u00fcnk kik\u00fcsz\u00f6b\u00f6li a k\u00f6zvet\u00edt\u0151k sz\u00fcks\u00e9gess\u00e9g\u00e9t, \u00edgy versenyk\u00e9pes \u00e1rakat biztos\u00edt a min\u0151s\u00e9g fel\u00e1ldoz\u00e1sa n\u00e9lk\u00fcl. A k\u00f6zvet\u00edt\u0151k kik\u00fcsz\u00f6b\u00f6l\u00e9s\u00e9vel a legjobb \u00e1r-\u00e9rt\u00e9k ar\u00e1nyt k\u00edn\u00e1lhatjuk \u00d6nnek, \u00edgy term\u00e9k\u00fcnk kiv\u00e1l\u00f3 v\u00e1laszt\u00e1s mind mag\u00e1nszem\u00e9lyek, mind v\u00e1llalkoz\u00e1sok sz\u00e1m\u00e1ra.<\/p>\n<p>\u00d6sszefoglalva, a gy\u00e1rilag k\u00f6zvetlen \u00e9rt\u00e9kes\u00edt\u00e9s\u0171 hossz\u00fa l\u00f6ket\u0171 hidraulikus henger teleszk\u00f3pos hidraulikus henger d\u00f6mperhez ide\u00e1lis megold\u00e1s azok sz\u00e1m\u00e1ra, akik megb\u00edzhat\u00f3 \u00e9s hat\u00e9kony hidraulikus hengert keresnek d\u00f6mpereikhez. Hossz\u00fa l\u00f6kete, teleszk\u00f3pos kialak\u00edt\u00e1sa, tart\u00f3ss\u00e1ga \u00e9s versenyk\u00e9pes \u00e1ra kiemelked\u0151 term\u00e9kk\u00e9 teszi a piacon. Fektessen be ebbe a hidraulikus hengerbe, \u00e9s tapasztalja meg a fokozott termel\u00e9kenys\u00e9get \u00e9s k\u00e9nyelmet d\u00f6mpere \u00fczemeltet\u00e9se sor\u00e1n. Fektessen be gy\u00e1rilag k\u00f6zvetlen \u00e9rt\u00e9kes\u00edt\u00e9s\u0171 hossz\u00fa l\u00f6ket\u0171 hidraulikus henger teleszk\u00f3pos hidraulikus henger\u00fcnkbe d\u00f6mperhez, \u00e9s tapasztalja meg a kiv\u00e1l\u00f3 hidraulikus teljes\u00edtm\u00e9nyt. Ez a sokoldal\u00fa term\u00e9k t\u00f6k\u00e9letes sz\u00e1mos ipar\u00e1g sz\u00e1m\u00e1ra, bele\u00e9rtve a gy\u00e1rt\u00f3\u00fczemeket, g\u00e9pjav\u00edt\u00f3 m\u0171helyeket, mez\u0151gazdas\u00e1gi \u00fczemeket, energia- \u00e9s b\u00e1ny\u00e1szatot, valamint g\u00e9pgy\u00e1rakat. F\u0151 alkatr\u00e9szei, a csap\u00e1gy \u00e9s a dugatty\u00fahenger biztos\u00edtj\u00e1k a tart\u00f3ss\u00e1got \u00e9s a hat\u00e9konys\u00e1got. A massz\u00edv ac\u00e9l anyag \u00e9s a hidraulikus er\u0151vel m\u0171k\u00f6d\u0151 dugatty\u00fas henger szerkezet megb\u00edzhat\u00f3v\u00e1 \u00e9s tart\u00f3ss\u00e1 teszi ezt a term\u00e9ket.<\/p>\n<p>Ford\u00edtott teleszk\u00f3pos henger\u00fcnk leny\u0171g\u00f6z\u0151 tulajdons\u00e1gokkal rendelkezik, bele\u00e9rtve a szabv\u00e1nyos szerkezetet \u00e9s a megb\u00edzhat\u00f3 m\u0171k\u00f6d\u00e9st biztos\u00edt\u00f3 hidraulikus teljes\u00edtm\u00e9nyt, a tart\u00f3s ac\u00e9l testet a hossz\u00fa \u00e9lettartam \u00e9rdek\u00e9ben, valamint a 3000 tonn\u00e1s maxim\u00e1lis tol\u00f3er\u0151t \u00e9s a 20 tonn\u00e1s maxim\u00e1lis h\u00faz\u00f3er\u0151t a neh\u00e9z feladatokhoz. Ezenk\u00edv\u00fcl sz\u00e1mos csatlakoz\u00f3t\u00edpussal rendelkezik: G\/SAE\/NPT\/M, \u00e9s ISO9001:2000 tan\u00fas\u00edtv\u00e1nnyal rendelkezik, ami garant\u00e1lja a min\u0151s\u00e9get \u00e9s a biztons\u00e1got.<\/p>\n<p>Ez a hidraulikus henger sokoldal\u00fa, \u00e9s sz\u00e1mos ipar\u00e1gban alkalmazhat\u00f3, p\u00e9ld\u00e1ul gy\u00e1rt\u00f3\u00fczemekben, g\u00e9pjav\u00edt\u00f3 m\u0171helyekben, mez\u0151gazdas\u00e1gban, energia- \u00e9s b\u00e1ny\u00e1szatban, g\u00e9pgy\u00e1rt\u00e1sban \u00e9s g\u00e9pgy\u00e1rakban.<\/p>\n<p>A hidraulikus henger m\u0171k\u00f6d\u00e9si elv\u00e9nek \u00e9s karbantart\u00e1si m\u00f3dszereinek meg\u00e9rt\u00e9se kulcsfontoss\u00e1g\u00fa. N\u00e9h\u00e1ny fontos szempont, amit figyelembe kell venni, a henger rendszeres ellen\u0151rz\u00e9se kop\u00e1s \u00e9s elhaszn\u00e1l\u00f3d\u00e1s szempontj\u00e1b\u00f3l, a henger tiszt\u00edt\u00e1sa a lerak\u00f3d\u00e1sok megel\u0151z\u00e9se \u00e9s a z\u00f6kken\u0151mentes m\u0171k\u00f6d\u00e9s biztos\u00edt\u00e1sa \u00e9rdek\u00e9ben, valamint a mozg\u00f3 alkatr\u00e9szek ken\u00e9se a s\u00farl\u00f3d\u00e1s cs\u00f6kkent\u00e9se \u00e9rdek\u00e9ben. Ezenk\u00edv\u00fcl gondoskodjon a rendszeres ellen\u0151rz\u00e9sekr\u0151l \u00e9s jav\u00edt\u00e1sokr\u00f3l a lehets\u00e9ges probl\u00e9m\u00e1k azonos\u00edt\u00e1sa \u00e9rdek\u00e9ben, sz\u00fcks\u00e9g szerint cser\u00e9lje ki a t\u00f6m\u00edt\u00e9seket, \u00e9s mindig k\u00f6vesse a kezel\u00e9si \u00fatmutat\u00f3t a biztons\u00e1gos \u00e9s hat\u00e9kony haszn\u00e1lat \u00e9rdek\u00e9ben.<\/p>\n<h2>Ford\u00edtott teleszk\u00f3pos henger<\/h2>\n<p>A hidraulikus henger egy mechanikus eszk\u00f6z, amely a hidraulikus energi\u00e1t line\u00e1ris mozg\u00e1ss\u00e1 alak\u00edtja. A hidraulikus hengerek egyik t\u00edpusa a ford\u00edtott teleszk\u00f3pos henger, amelyet egyedi kialak\u00edt\u00e1sa \u00e9s funkcionalit\u00e1sa miatt sz\u00e9les k\u00f6rben haszn\u00e1lnak k\u00fcl\u00f6nb\u00f6z\u0151 ipar\u00e1gakban. Ebben a blogbejegyz\u00e9sben a ford\u00edtott teleszk\u00f3pos henger tulajdons\u00e1gait \u00e9s alkalmaz\u00e1sait vizsg\u00e1ljuk meg, k\u00fcl\u00f6n\u00f6s tekintettel az el\u0151nyeire \u00e9s a k\u00fcl\u00f6nb\u00f6z\u0151 hidraulikus rendszerekhez ny\u00fajtott haszn\u00e1ra.<\/p>\n<h3>Gy\u00e1ri k\u00f6zvetlen \u00e9rt\u00e9kes\u00edt\u00e9s<\/h3>\n<p>A ford\u00edtott teleszk\u00f3pos henger k\u00f6zvetlen\u00fcl a gy\u00e1rb\u00f3l is megv\u00e1s\u00e1rolhat\u00f3, \u00edgy az \u00fcgyfelek k\u00f6zvet\u00edt\u0151k n\u00e9lk\u00fcl, k\u00f6zvetlen\u00fcl v\u00e1s\u00e1rolhatj\u00e1k meg a hengert. Ez nemcsak a k\u00f6lts\u00e9geket cs\u00f6kkenti, hanem a term\u00e9k hiteless\u00e9g\u00e9t \u00e9s min\u0151s\u00e9g\u00e9t is garant\u00e1lja. A k\u00f6zvet\u00edt\u0151k kik\u00fcsz\u00f6b\u00f6l\u00e9s\u00e9vel az \u00fcgyfelek versenyk\u00e9pes \u00e1rakat \u00e9lvezhetnek, \u00e9s k\u00f6zvetlen\u00fcl kommunik\u00e1lhatnak a gy\u00e1rt\u00f3val, ami jobb testreszab\u00e1st \u00e9s \u00e9rt\u00e9kes\u00edt\u00e9s ut\u00e1ni szolg\u00e1ltat\u00e1st tesz lehet\u0151v\u00e9.<\/p>\n<h3>Hossz\u00fa l\u00f6ket<\/h3>\n<p>A ford\u00edtott teleszk\u00f3pos henger nagy l\u00f6kethossz\u00e1r\u00f3l ismert. Egyedi kialak\u00edt\u00e1s\u00e1nak k\u00f6sz\u00f6nhet\u0151en hosszabb l\u00f6kethosszt \u00e9rhet el a stabilit\u00e1s vagy a teljes\u00edtm\u00e9ny fel\u00e1ldoz\u00e1sa n\u00e9lk\u00fcl. Ez ide\u00e1liss\u00e1 teszi olyan alkalmaz\u00e1sokhoz, amelyek nagy mozg\u00e1startom\u00e1nyt ig\u00e9nyelnek, p\u00e9ld\u00e1ul d\u00f6mperek, daruk \u00e9s \u00e9p\u00edt\u0151ipari berendez\u00e9sek eset\u00e9ben. A ford\u00edtott teleszk\u00f3pos henger nagy l\u00f6kethossza n\u00f6veli a hat\u00e9konys\u00e1got \u00e9s a termel\u00e9kenys\u00e9get, lehet\u0151v\u00e9 t\u00e9ve a sim\u00e1bb \u00e9s pontosabb m\u0171k\u00f6d\u00e9st.<\/p>\n<h3>Hidraulikus henger billen\u0151p\u00f3tkocsihoz<\/h3>\n<p>A ford\u00edtott teleszk\u00f3pos henger egyik kiemelked\u0151 alkalmaz\u00e1sa a d\u00f6mperekn\u00e9l tal\u00e1lhat\u00f3. A henger robusztus szerkezete \u00e9s nagy szil\u00e1rds\u00e1g\u00fa anyagai alkalmass\u00e1 teszik neh\u00e9z emel\u00e9si \u00e9s \u00fcr\u00edt\u00e9si m\u0171veletekhez. A henger hossz\u00fa l\u00f6kete \u00e9s kiv\u00e9teles teherb\u00edr\u00e1sa biztos\u00edtja a p\u00f3tkocsi sima \u00e9s ellen\u0151rz\u00f6tt billent\u00e9s\u00e9t, lehet\u0151v\u00e9 t\u00e9ve az anyagok hat\u00e9kony kirakod\u00e1s\u00e1t. A ford\u00edtott teleszk\u00f3pos henger megb\u00edzhat\u00f3s\u00e1ga \u00e9s tart\u00f3ss\u00e1ga miatt a d\u00f6mperek gy\u00e1rt\u00f3inak kedvelt v\u00e1laszt\u00e1sa.<\/p>\n<h3>Teleszk\u00f3pos hidraulikus henger<\/h3>\n<p>A ford\u00edtott henger teleszk\u00f3pos kialak\u00edt\u00e1sa t\u00f6bb kiny\u00fal\u00e1si fokozatot tesz lehet\u0151v\u00e9, ami tov\u00e1bbi rugalmass\u00e1got \u00e9s sokoldal\u00fas\u00e1got biztos\u00edt. A henger minden fokozata k\u00fcl\u00f6n-k\u00fcl\u00f6n vez\u00e9relhet\u0151, ami prec\u00edz be\u00e1ll\u00edt\u00e1sokat \u00e9s optimaliz\u00e1lt teljes\u00edtm\u00e9nyt tesz lehet\u0151v\u00e9 k\u00fcl\u00f6nb\u00f6z\u0151 \u00fczemi k\u00f6r\u00fclm\u00e9nyek k\u00f6z\u00f6tt. A teleszk\u00f3pos hidraulikus hengert sz\u00e9les k\u00f6rben haszn\u00e1lj\u00e1k korl\u00e1tozott helyeken, mivel jelent\u0151s l\u00f6kethosszt tud el\u00e9rni m\u00e9g sz\u0171k helyeken is. Kompakt m\u00e9rete \u00e9s hat\u00e9kony m\u0171k\u00f6d\u00e9se alkalmass\u00e1 teszi sz\u00e1mos ipar\u00e1gban, bele\u00e9rtve a mez\u0151gazdas\u00e1got, az \u00e9p\u00edt\u0151ipart \u00e9s az anyagmozgat\u00e1st.<\/p>\n<p>\u00d6sszefoglalva, a ford\u00edtott teleszk\u00f3pos henger egyedi el\u0151ny\u00f6ket \u00e9s hasznot k\u00edn\u00e1l a hidraulikus rendszerekben. A gy\u00e1ri k\u00f6zvetlen \u00e9rt\u00e9kes\u00edt\u00e9s k\u00f6lts\u00e9ghat\u00e9konys\u00e1got biztos\u00edt, m\u00edg a hossz\u00fa l\u00f6kethossz n\u00f6veli a termel\u00e9kenys\u00e9get. A kifejezetten d\u00f6mperekhez tervezett henger megb\u00edzhat\u00f3 emel\u00e9si \u00e9s \u00fcr\u00edt\u00e9si m\u0171veleteket biztos\u00edt. A henger teleszk\u00f3pos kialak\u00edt\u00e1sa tov\u00e1bb n\u00f6veli rugalmass\u00e1g\u00e1t \u00e9s alkalmazkod\u00f3k\u00e9pess\u00e9g\u00e9t. Ak\u00e1r \u00e9p\u00edt\u0151ipari berendez\u00e9sekben, ak\u00e1r anyagmozgat\u00f3 g\u00e9pekben haszn\u00e1lj\u00e1k, a ford\u00edtott teleszk\u00f3pos henger \u00e9rt\u00e9kes alkatr\u00e9sznek bizonyul a k\u00fcl\u00f6nb\u00f6z\u0151 ipar\u00e1gakban.<\/p>\n<h3>Az FMP-r\u0151l \u2013 Hidraulikus henger<\/h3>\n<p>Az FMP vezet\u0151 v\u00e1llalat az \u00e9p\u00edt\u0151ipari g\u00e9palkatr\u00e9szek \u00e9s komplett g\u00e9pek \u00e9rt\u00e9kes\u00edt\u00e9s\u00e9ben \u00e9s szervizel\u00e9s\u00e9ben. Sok \u00e9ves tapasztalattal rendelkez\u00fcnk az ipar\u00e1gban, \u00e9s professzion\u00e1lis szak\u00e9rt\u0151kb\u0151l \u00e1ll\u00f3 csapatunk kiv\u00e1l\u00f3 min\u0151s\u00e9g\u0171 \u00e9s megb\u00edzhat\u00f3 \u00e9p\u00edt\u0151ipari g\u00e9palkatr\u00e9szeket \u00e9s komplett g\u00e9pmegold\u00e1sokat k\u00edn\u00e1l. Sz\u00e9les term\u00e9kk\u00edn\u00e1latunkban mez\u0151gazdas\u00e1gi g\u00e9pek sebess\u00e9gv\u00e1lt\u00f3i, bolyg\u00f3kerekes sebess\u00e9gv\u00e1lt\u00f3k, ipari sebess\u00e9gv\u00e1lt\u00f3k, mez\u0151gazdas\u00e1gi g\u00e9palkatr\u00e9szek, valamint a hozz\u00e1juk ill\u0151, cs\u00facskateg\u00f3ri\u00e1s tartoz\u00e9kok sora tal\u00e1lhat\u00f3. Elk\u00f6telezettek vagyunk amellett, hogy \u00fcgyfeleinknek a legjobb term\u00e9keket \u00e9s szolg\u00e1ltat\u00e1sokat ny\u00fajtsuk. \u00cdme n\u00e9h\u00e1ny ok, ami\u00e9rt az FMP-t kellene v\u00e1lasztania hidraulikus hengerekhez:<\/p>\n<ol>\n<li><strong>Kiv\u00e1l\u00f3 min\u0151s\u00e9g\u0171 \u00e9s megb\u00edzhat\u00f3 term\u00e9kek:<\/strong> Az FMP-n\u00e9l term\u00e9keink min\u0151s\u00e9g\u00e9t helyezz\u00fck el\u0151t\u00e9rbe. Hossz\u00fa t\u00e1v\u00fa \u00e9s stabil egy\u00fcttm\u0171k\u00f6d\u00e9si kapcsolatokat \u00e9p\u00edt\u00fcnk ki a vil\u00e1g minden t\u00e1j\u00e1r\u00f3l sz\u00e1rmaz\u00f3, kiv\u00e1l\u00f3 min\u0151s\u00e9g\u0171 besz\u00e1ll\u00edt\u00f3kkal. Minden besz\u00e1ll\u00edtott alkatr\u00e9sz\u00fcnk szigor\u00fa min\u0151s\u00e9gi el\u0151\u00edr\u00e1soknak felel meg.<\/li>\n<li><strong>Sz\u00e9les term\u00e9kv\u00e1laszt\u00e9k:<\/strong> Sz\u00e9les v\u00e1laszt\u00e9kban k\u00edn\u00e1lunk hidraulikus hengereket, bele\u00e9rtve a standard \u00e9s egyedi hengereket is. \u00c1ll\u00edthat\u00f3 kengyeles henger\u00fcnk n\u00e9pszer\u0171 term\u00e9k, amely rendk\u00edv\u00fcl tart\u00f3s \u00e9s \u00e1ll\u00edthat\u00f3, hogy megfeleljen a k\u00fcl\u00f6nb\u00f6z\u0151 ig\u00e9nyeknek.<\/li>\n<li><strong>Professzion\u00e1lis \u00e9rt\u00e9kes\u00edt\u00e9si csapat:<\/strong> \u00c9rt\u00e9kes\u00edt\u00e9si csapatunk tapasztalt \u00e9s k\u00e9pzett az \u00e9p\u00edt\u0151ipari g\u00e9piparban. Ismerik a leg\u00fajabb fejleszt\u00e9si trendeket \u00e9s az \u00fcgyfelek ig\u00e9nyeit, \u00e9s professzion\u00e1lis term\u00e9ktan\u00e1csad\u00e1st, valamint intelligens v\u00e1s\u00e1rl\u00e1si javaslatokat tudnak ny\u00fajtani.<\/li>\n<li><strong>Hat\u00e9kony logisztikai disztrib\u00faci\u00f3:<\/strong> Meg\u00e9rtj\u00fck, hogy az id\u0151ben t\u00f6rt\u00e9n\u0151 sz\u00e1ll\u00edt\u00e1s kulcsfontoss\u00e1g\u00fa \u00fcgyfeleink sz\u00e1m\u00e1ra. Ez\u00e9rt egy hat\u00e9kony logisztikai eloszt\u00e1si rendszert hoztunk l\u00e9tre annak biztos\u00edt\u00e1s\u00e1ra, hogy \u00fcgyfeleink id\u0151ben \u00e9s pontosan megkapj\u00e1k a sz\u00fcks\u00e9ges alkatr\u00e9szeket.<\/li>\n<li><strong>Versenyk\u00e9pes \u00e1rak:<\/strong> Az FMP-n\u00e9l versenyk\u00e9pes \u00e1rakat k\u00edn\u00e1lunk a min\u0151s\u00e9g fel\u00e1ldoz\u00e1sa n\u00e9lk\u00fcl. Arra t\u00f6reksz\u00fcnk, hogy \u00fcgyfeleink a lehet\u0151 legjobb \u00e1r-\u00e9rt\u00e9k ar\u00e1nyt kapj\u00e1k.<\/li>\n<\/ol>\n<p><img decoding=\"async\" src=\"https:\/\/fmp-components.com\/wp-content\/uploads\/2024\/12\/Adjustable-Clevis-Type-Cylinders-6.webp\" alt=\"\u00c1ll\u00edthat\u00f3 kengyeles henger\" width=\"807\" title=\"\"><\/p>\n<p>Elk\u00f6telezettek vagyunk amellett, hogy kiv\u00e1l\u00f3 min\u0151s\u00e9g\u0171 term\u00e9keket \u00e9s szolg\u00e1ltat\u00e1sokat ny\u00fajtsunk \u00fcgyfeleinknek, \u00e9s biztosak vagyunk benne, hogy ki tudjuk el\u00e9g\u00edteni hidraulikus hengerekkel kapcsolatos ig\u00e9nyeit. Tov\u00e1bbi k\u00e9rd\u00e9seivel vagy megrendel\u00e9s\u00e9vel forduljon hozz\u00e1nk bizalommal.<\/p>\n<p>Szerz\u0151: CX<\/p>","protected":false},"excerpt":{"rendered":"<p>Factory Direct Sale Long Stroke Hydraulic Cylinder Telescopic Hydraulic Cylinder For Dump Trailer Introducing the Factory Direct Sale Long Stroke Hydraulic Cylinder Telescopic Hydraulic Cylinder For Dump Trailer: Are you in need of a high-quality hydraulic cylinder for your dump trailer? Look no further than our Factory Direct Sale Long Stroke Hydraulic Cylinder Telescopic Hydraulic [&hellip;]<\/p>","protected":false},"featured_media":1612,"comment_status":"closed","ping_status":"closed","template":"","meta":{"_et_pb_use_builder":"","_et_pb_old_content":"","_et_gb_content_width":""},"product_brand":[],"product_cat":[45],"product_tag":[34,48],"class_list":{"0":"post-1611","1":"product","2":"type-product","3":"status-publish","4":"has-post-thumbnail","6":"product_cat-inverted-telescopic-cylinder","7":"product_tag-hydraulic-cylinder","8":"product_tag-inverted-telescopic-cylinder","10":"first","11":"instock","12":"product-type-simple"},"_links":{"self":[{"href":"https:\/\/fmp-components.com\/hu\/wp-json\/wp\/v2\/product\/1611","targetHints":{"allow":["GET"]}}],"collection":[{"href":"https:\/\/fmp-components.com\/hu\/wp-json\/wp\/v2\/product"}],"about":[{"href":"https:\/\/fmp-components.com\/hu\/wp-json\/wp\/v2\/types\/product"}],"replies":[{"embeddable":true,"href":"https:\/\/fmp-components.com\/hu\/wp-json\/wp\/v2\/comments?post=1611"}],"wp:featuredmedia":[{"embeddable":true,"href":"https:\/\/fmp-components.com\/hu\/wp-json\/wp\/v2\/media\/1612"}],"wp:attachment":[{"href":"https:\/\/fmp-components.com\/hu\/wp-json\/wp\/v2\/media?parent=1611"}],"wp:term":[{"taxonomy":"product_brand","embeddable":true,"href":"https:\/\/fmp-components.com\/hu\/wp-json\/wp\/v2\/product_brand?post=1611"},{"taxonomy":"product_cat","embeddable":true,"href":"https:\/\/fmp-components.com\/hu\/wp-json\/wp\/v2\/product_cat?post=1611"},{"taxonomy":"product_tag","embeddable":true,"href":"https:\/\/fmp-components.com\/hu\/wp-json\/wp\/v2\/product_tag?post=1611"}],"curies":[{"name":"munkaf\u00fczet","href":"https:\/\/api.w.org\/{rel}","templated":true}]}}