{"id":1609,"date":"2024-12-23T06:59:20","date_gmt":"2024-12-23T06:59:20","guid":{"rendered":"https:\/\/fmp-components.com\/product\/factory-direct-sale-2-stage-hydraulic-cylinder-dump-truck-hydraulic-hoist-cylinder\/"},"modified":"2024-12-23T08:27:51","modified_gmt":"2024-12-23T08:27:51","slug":"factory-direct-sale-2-stage-hydraulic-cylinder-dump-truck-hydraulic-hoist-cylinder","status":"publish","type":"product","link":"https:\/\/fmp-components.com\/hu\/product\/factory-direct-sale-2-stage-hydraulic-cylinder-dump-truck-hydraulic-hoist-cylinder\/","title":{"rendered":"Gy\u00e1ri k\u00f6zvetlen \u00e9rt\u00e9kes\u00edt\u00e9s 2 fokozat\u00fa hidraulikus henger d\u00f6mper hidraulikus emel\u0151henger"},"content":{"rendered":"<p>Gy\u00e1ri k\u00f6zvetlen \u00e9rt\u00e9kes\u00edt\u00e9s\u0171, k\u00e9tfokozat\u00fa hidraulikus hengeres d\u00f6mperaut\u00f3 hidraulikus emel\u0151hengere egy kiv\u00e1l\u00f3 min\u0151s\u00e9g\u0171 hidraulikus henger, amelyet kifejezetten d\u00f6mperekhez terveztek. Fejlett technol\u00f3gi\u00e1val \u00e9s kiv\u00e1l\u00f3 min\u0151s\u00e9g\u0171 anyagokb\u00f3l gy\u00e1rtj\u00e1k a tart\u00f3ss\u00e1g \u00e9s a teljes\u00edtm\u00e9ny biztos\u00edt\u00e1sa \u00e9rdek\u00e9ben.<\/p>\n<p>Ez a hidraulikus henger k\u00e9tfokozat\u00fa kialak\u00edt\u00e1s\u00fa, amely lehet\u0151v\u00e9 teszi a d\u00f6mper plat\u00f3j\u00e1nak hat\u00e9kony \u00e9s sima emel\u00e9s\u00e9t \u00e9s s\u00fcllyeszt\u00e9s\u00e9t. Er\u0151teljes hidraulikus rendszerrel van felszerelve, amely prec\u00edz vez\u00e9rl\u00e9st \u00e9s stabilit\u00e1st biztos\u00edt m\u0171k\u00f6d\u00e9s k\u00f6zben.<\/p>\n<p>A gy\u00e1rilag k\u00f6zvetlen \u00e9rt\u00e9kes\u00edt\u00e9s\u0171, k\u00e9tfokozat\u00fa hidraulikus henger nagy terhel\u00e9sek \u00e9s zord munkak\u00f6r\u00fclm\u00e9nyek elvisel\u00e9s\u00e9re k\u00e9sz\u00fclt. Robusztus konstrukci\u00f3ja \u00e9s kiv\u00e1l\u00f3 t\u00f6m\u00edt\u0151k\u00e9pess\u00e9ge minim\u00e1lis sziv\u00e1rg\u00e1st \u00e9s maxim\u00e1lis hat\u00e9konys\u00e1got biztos\u00edt. Ez a henger a s\u00farl\u00f3d\u00e1s \u00e9s a kop\u00e1s cs\u00f6kkent\u00e9s\u00e9re is szolg\u00e1l, \u00edgy hosszabb \u00e9lettartamot biztos\u00edt.<\/p>\n<p>Megb\u00edzhat\u00f3 teljes\u00edtm\u00e9ny\u00e9nek \u00e9s kiv\u00e1l\u00f3 funkcionalit\u00e1s\u00e1nak k\u00f6sz\u00f6nhet\u0151en ez a hidraulikus henger t\u00f6k\u00e9letes v\u00e1laszt\u00e1s d\u00f6mperek tulajdonosai \u00e9s \u00fczemeltet\u0151i sz\u00e1m\u00e1ra. Seg\u00edt n\u00f6velni a termel\u00e9kenys\u00e9get \u00e9s a hat\u00e9konys\u00e1got, gyorsabb\u00e1 \u00e9s k\u00e9nyelmesebb\u00e9 t\u00e9ve a d\u00f6mperel\u00e9si folyamatot.<\/p>\n<table style=\"width: 100%;\" border=\"1\" width=\"100%\" cellspacing=\"0\" cellpadding=\"0\">\n<tbody>\n<tr>\n<th>Term\u00e9k neve<\/th>\n<td>Gy\u00e1ri k\u00f6zvetlen \u00e9rt\u00e9kes\u00edt\u00e9s 2 fokozat\u00fa hidraulikus henger d\u00f6mper hidraulikus emel\u0151henger<\/td>\n<\/tr>\n<tr>\n<th>\u00c1llapot<\/th>\n<td>\u00daj<\/td>\n<\/tr>\n<tr>\n<th>Garancia<\/th>\n<td>1 \u00e9v<\/td>\n<\/tr>\n<tr>\n<th>S\u00faly (KG)<\/th>\n<td>48<\/td>\n<\/tr>\n<tr>\n<th>Tervez\u00e9s<\/th>\n<td>2 fokozat\u00fa hidraulikus henger<\/td>\n<\/tr>\n<tr>\n<th>Teljes\u00edtm\u00e9ny<\/th>\n<td>Kiv\u00e9teles tart\u00f3ss\u00e1g \u00e9s hat\u00e9konys\u00e1g<\/td>\n<\/tr>\n<tr>\n<th>Ellen\u0151rz\u00e9s<\/th>\n<td>Szigor\u00fa kimen\u0151 ellen\u0151rz\u00e9s<\/td>\n<\/tr>\n<tr>\n<th>Tan\u00fas\u00edtv\u00e1ny<\/th>\n<td>ISO9001:2000<\/td>\n<\/tr>\n<tr>\n<th>Alkalmazhat\u00f3 ipar\u00e1gak<\/th>\n<td>Gy\u00e1rt\u00f3\u00fczemek, G\u00e9pjav\u00edt\u00f3 m\u0171helyek, Mez\u0151gazdas\u00e1g, Energia \u00e9s b\u00e1ny\u00e1szat, G\u00e9pgy\u00e1rt\u00e1s<\/td>\n<\/tr>\n<\/tbody>\n<\/table>\n<p><img decoding=\"async\" src=\"https:\/\/hzpt.com\/wp-content\/uploads\/2023\/11\/Inverted-Telescopic-Cylinder-17.webp\" alt=\"\" title=\"\"><\/p>\n<h2>A hidraulikus emel\u0151henger jellemz\u0151i<\/h2>\n<ul>\n<li><b>Standard szerkezet:<\/b> Ez a term\u00e9k dugatty\u00fas hengeres szerkezettel van szabv\u00e1nyos\u00edtva a kiv\u00e1l\u00f3 teljes\u00edtm\u00e9ny \u00e9rdek\u00e9ben.<\/li>\n<li><b>Hidraulikus teljes\u00edtm\u00e9ny:<\/b> Hidraulikus er\u0151vel m\u0171k\u00f6dik, \u00e9s robusztus ac\u00e9lb\u00f3l k\u00e9sz\u00fclt a tart\u00f3ss\u00e1g \u00e9rdek\u00e9ben.<\/li>\n<li><b>Max. tol\u00f3er\u0151 \u00e9s h\u00faz\u00f3er\u0151:<\/b> Maxim\u00e1lis tol\u00f3ereje 3000, h\u00faz\u00f3ereje pedig ak\u00e1r 20 tonna is lehet.<\/li>\n<li><b>T\u00edpus \u00e9s m\u00e9ret:<\/b> A hidraulikus emel\u0151henger egy ford\u00edtott teleszk\u00f3pos t\u00edpus\u00fa, amelynek furatm\u00e9retei 2-6 h\u00fcvelyk, r\u00fadm\u00e9retei 1,125-4 h\u00fcvelyk, l\u00f6ketm\u00e9retei 6-48 h\u00fcvelyk \u00e9s csapm\u00e9retei 0,5-2 h\u00fcvelyk.<\/li>\n<li><b>Sz\u00edn:<\/b> Standard fekete sz\u00ednben kaphat\u00f3, \u00edgy eleg\u00e1ns \u00e9s professzion\u00e1lis megjelen\u00e9st k\u00f6lcs\u00f6n\u00f6z g\u00e9peinek.<\/li>\n<\/ul>\n<h2>A hidraulikus emel\u0151henger alkalmaz\u00e1sai<\/h2>\n<p><img decoding=\"async\" src=\"https:\/\/hzpt.com\/wp-content\/uploads\/2023\/11\/Inverted-Telescopic-Cylinder-Applications.webp\" alt=\"Hidraulikus emel\u0151henger alkalmaz\u00e1sok\" title=\"\"><\/p>\n<p>A hidraulikus emel\u0151henger sokoldal\u00fa, \u00e9s sz\u00e1mos ipar\u00e1gban alkalmazhat\u00f3. Sz\u00e9les k\u00f6rben haszn\u00e1lj\u00e1k gy\u00e1rt\u00f3\u00fczemekben, g\u00e9pjav\u00edt\u00f3 m\u0171helyekben, mez\u0151gazdas\u00e1gi \u00fczemekben, valamint az energia- \u00e9s b\u00e1ny\u00e1szati \u200b\u200bszektorban. Felbecs\u00fclhetetlen \u00e9rt\u00e9k\u0171 alkatr\u00e9sz a g\u00e9pgy\u00e1rt\u00e1sban, kulcsszerepet j\u00e1tszik a d\u00f6mperek \u00e9s emel\u0151berendez\u00e9sek m\u0171k\u00f6dtet\u00e9s\u00e9ben.<\/p>\n<h2>A hidraulikus emel\u0151henger m\u0171k\u00f6d\u00e9si elve \u00e9s karbantart\u00e1sa<\/h2>\n<ul>\n<li><b>M\u0171k\u00f6d\u00e9si elv:<\/b> A hidraulikus emel\u0151henger a folyad\u00e9kmechanika elv\u00e9n m\u0171k\u00f6dik, ahol az egyik ponton alkalmazott nyom\u00e1st \u00f6sszenyomhatatlan folyad\u00e9k, \u00e1ltal\u00e1ban olaj seg\u00edts\u00e9g\u00e9vel tov\u00e1bb\u00edtj\u00e1k egy m\u00e1sik pontra.<\/li>\n<li><b>Rendszeres ellen\u0151rz\u00e9s:<\/b> A hidraulikus emel\u0151henger optim\u00e1lis teljes\u00edtm\u00e9ny\u00e9nek fenntart\u00e1s\u00e1hoz elengedhetetlen a rendszeres ellen\u0151rz\u00e9s. Ez mag\u00e1ban foglalja az esetleges sziv\u00e1rg\u00e1sok vagy s\u00e9r\u00fcl\u00e9sek ellen\u0151rz\u00e9s\u00e9t.<\/li>\n<li><b>Tiszt\u00edt\u00e1s:<\/b> A henger tiszt\u00e1n tart\u00e1sa el\u0151seg\u00edti a zavartalan m\u0171k\u00f6d\u00e9s\u00e9t \u00e9s n\u00f6veli az \u00e9lettartam\u00e1t.<\/li>\n<li><b>Ken\u00e9s:<\/b> A rendszeres ken\u00e9s sz\u00fcks\u00e9ges a s\u00farl\u00f3d\u00e1s cs\u00f6kkent\u00e9se \u00e9s a mozg\u00f3 alkatr\u00e9szek kop\u00e1s\u00e1nak megakad\u00e1lyoz\u00e1sa \u00e9rdek\u00e9ben.<\/li>\n<li><b>T\u00f6m\u00edt\u00e9s csere:<\/b> Id\u0151vel a henger t\u00f6m\u00edt\u00e9sei elkophatnak, \u00e9s cser\u00e9re szorulhatnak a sziv\u00e1rg\u00e1sok megel\u0151z\u00e9se \u00e9s a hat\u00e9konys\u00e1g fenntart\u00e1sa \u00e9rdek\u00e9ben.<\/li>\n<\/ul>\n<p><img decoding=\"async\" src=\"https:\/\/hzpt.com\/wp-content\/uploads\/2023\/11\/Inverted-Telescopic-Cylinder-16.webp\" alt=\"\" title=\"\"><\/p>\n<h2>Ford\u00edtott teleszk\u00f3pos henger<\/h2>\n<p>A hidraulikus henger n\u00e9lk\u00fcl\u00f6zhetetlen alkatr\u00e9sz a k\u00fcl\u00f6nf\u00e9le ipari alkalmaz\u00e1sokban, line\u00e1ris er\u0151t \u00e9s mozg\u00e1st biztos\u00edtva. Az egyik jelent\u0151s n\u00e9pszer\u0171s\u00e9gre tett szert hidraulikus henger t\u00edpus a ford\u00edtott teleszk\u00f3pos henger. Ebben a cikkben r\u00e9szletesen bemutatjuk a ford\u00edtott teleszk\u00f3pos hengert, annak fel\u00e9p\u00edt\u00e9s\u00e9t, m\u0171k\u00f6d\u00e9si elv\u00e9t \u00e9s alkalmaz\u00e1sait.<\/p>\n<h3>\u00c9p\u00edt\u00e9s<\/h3>\n<p>A ford\u00edtott teleszk\u00f3pos henger, m\u00e1s n\u00e9ven kett\u0151s m\u0171k\u00f6d\u00e9s\u0171 teleszk\u00f3pos henger, t\u00f6bb fokozatb\u00f3l vagy szakaszb\u00f3l \u00e1ll, amelyek egym\u00e1sba ny\u00falnak \u00e9s h\u00faz\u00f3dnak vissza. A henger jellemz\u0151en egy alapb\u00f3l vagy k\u00fcls\u0151 cs\u0151b\u0151l \u00e1ll, amelyben a bels\u0151 fokozatok tal\u00e1lhat\u00f3k. Minden fokozat dugatty\u00faval \u00e9s r\u00faddal van felszerelve, amely lehet\u0151v\u00e9 teszi a henger kiny\u00fal\u00e1s\u00e1t \u00e9s visszah\u00faz\u00e1s\u00e1t.<\/p>\n<p>A t\u00f6bbl\u00e9pcs\u0151s kialak\u00edt\u00e1s kompakt kialak\u00edt\u00e1st biztos\u00edt a ford\u00edtott teleszk\u00f3pos hengernek, \u00edgy alkalmass\u00e1 t\u00e9ve olyan alkalmaz\u00e1sokhoz, ahol korl\u00e1tozott a hely. Ezenk\u00edv\u00fcl a t\u00f6bbl\u00e9pcs\u0151s kialak\u00edt\u00e1s hosszabb l\u00f6kethosszt tesz lehet\u0151v\u00e9, mik\u00f6zben viszonylag r\u00f6vid visszah\u00fazott hosszt biztos\u00edt.<\/p>\n<h3>M\u0171k\u00f6d\u00e9si elv<\/h3>\n<p>Egy ford\u00edtott teleszk\u00f3pos henger m\u0171k\u00f6d\u00e9si elve a hidraulikus nyom\u00e1son alapul, amely line\u00e1ris mozg\u00e1st hoz l\u00e9tre. Amikor hidraulikus folyad\u00e9kot vezetnek a hengerbe, az bel\u00e9p az alapcs\u0151be, \u00e9s hat a bels\u0151 fokozatok dugatty\u00faira. Ez a nyom\u00e1s a fokozatok kifel\u00e9 ny\u00fal\u00e1s\u00e1t okozza, ez\u00e1ltal meghosszabb\u00edtva a henger teljes hossz\u00e1t.<\/p>\n<p>Ford\u00edtva, amikor a hidraulikus folyad\u00e9k a dugatty\u00fak ellent\u00e9tes oldal\u00e1ra ir\u00e1nyul, olyan er\u0151t hoz l\u00e9tre, amely visszah\u00fazza a fokozatokat az alapcs\u0151be. Ez a visszah\u00faz\u00e1s lehet\u0151v\u00e9 teszi, hogy a henger visszat\u00e9rjen eredeti, r\u00f6videbb hossz\u00e1hoz. A ford\u00edtott teleszk\u00f3pos henger kett\u0151s m\u0171k\u00f6d\u00e9se lehet\u0151v\u00e9 teszi, hogy mind a kitol\u00e1si, mind a visszah\u00faz\u00e1si mozg\u00e1sokat azonos hat\u00e9konys\u00e1ggal v\u00e9gezze.<\/p>\n<h3>Alkalmaz\u00e1sok<\/h3>\n<p>Az invert\u00e1lt teleszk\u00f3pos henger sz\u00e9les k\u00f6rben haszn\u00e1latos k\u00fcl\u00f6nf\u00e9le ipar\u00e1gakban egyedi kialak\u00edt\u00e1s\u00e1nak \u00e9s funkcionalit\u00e1s\u00e1nak k\u00f6sz\u00f6nhet\u0151en. Az egyik f\u0151 alkalmaz\u00e1si ter\u00fclete a d\u00f6mperek \u00e9s p\u00f3tkocsik. A hengert a hidraulikus emel\u0151rendszerben haszn\u00e1lj\u00e1k a teheraut\u00f3 plat\u00f3j\u00e1nak emel\u00e9s\u00e9re \u00e9s s\u00fcllyeszt\u00e9s\u00e9re, lehet\u0151v\u00e9 t\u00e9ve az anyagok egyszer\u0171 be- \u00e9s kirakod\u00e1s\u00e1t.<\/p>\n<p>Ezenk\u00edv\u00fcl a ford\u00edtott teleszk\u00f3pos hengert gy\u00e1rilag k\u00f6zvetlen \u00e9rt\u00e9kes\u00edt\u00e9s\u0171, k\u00e9tfokozat\u00fa hidraulikus hengerekben haszn\u00e1lj\u00e1k, amelyeket \u00e1ltal\u00e1ban neh\u00e9zg\u00e9pekben \u00e9s berendez\u00e9sekben alkalmaznak. Ezek a hengerek megb\u00edzhat\u00f3 \u00e9s nagy teljes\u00edtm\u00e9ny\u0171 emel\u0151k\u00e9pess\u00e9get biztos\u00edtanak, \u00edgy n\u00e9lk\u00fcl\u00f6zhetetlenek az \u00e9p\u00edt\u0151iparban, a b\u00e1ny\u00e1szatban, a mez\u0151gazdas\u00e1gban \u00e9s m\u00e1s hasonl\u00f3 ipar\u00e1gakban.<\/p>\n<p>Ezenk\u00edv\u00fcl a ford\u00edtott teleszk\u00f3pos hengert hidraulikus pr\u00e9sekben alkalmazz\u00e1k, ahol biztos\u00edtja a sz\u00fcks\u00e9ges er\u0151t a pr\u00e9sel\u00e9si, lyukaszt\u00e1si \u00e9s alak\u00edt\u00e1si m\u0171veletekhez. Kompakt kialak\u00edt\u00e1sa \u00e9s nagy teherb\u00edr\u00e1sa ide\u00e1lis v\u00e1laszt\u00e1ss\u00e1 teszi ezekhez az alkalmaz\u00e1sokhoz.<\/p>\n<p>\u00d6sszefoglalva, a ford\u00edtott teleszk\u00f3pos henger egy sokoldal\u00fa hidraulikus alkatr\u00e9sz, amely kompakt kialak\u00edt\u00e1st, hat\u00e9konys\u00e1got \u00e9s megb\u00edzhat\u00f3s\u00e1got k\u00edn\u00e1l. T\u00f6bbl\u00e9pcs\u0151s fel\u00e9p\u00edt\u00e9se \u00e9s kett\u0151s m\u0171k\u00f6d\u00e9se sz\u00e9les k\u00f6r\u0171 alkalmaz\u00e1si lehet\u0151s\u00e9geket k\u00edn\u00e1l, bele\u00e9rtve a d\u00f6mpereket, neh\u00e9zg\u00e9peket \u00e9s hidraulikus pr\u00e9seket. A ford\u00edtott teleszk\u00f3pos henger fel\u00e9p\u00edt\u00e9s\u00e9nek, m\u0171k\u00f6d\u00e9si elv\u00e9nek \u00e9s alkalmaz\u00e1sainak meg\u00e9rt\u00e9s\u00e9vel \u00e9rt\u00e9kelhet\u0151 a k\u00fcl\u00f6nb\u00f6z\u0151 ipar\u00e1gakban bet\u00f6lt\u00f6tt jelent\u0151s szerepe.<\/p>\n<h3>Az FMP-r\u0151l \u2013 Az \u00d6n megold\u00e1sa a kiv\u00e1l\u00f3 min\u0151s\u00e9g\u0171 hidraulikus hengerekhez<\/h3>\n<p>Megb\u00edzhat\u00f3 \u00e9s kiv\u00e1l\u00f3 min\u0151s\u00e9g\u0171 hidraulikus hengereket keres, amelyek m\u00e9g a legnehezebb munkater\u00fcleteket is kib\u00edrj\u00e1k? Ne keressen tov\u00e1bb, az FMP! \u00c9p\u00edt\u0151ipari g\u00e9palkatr\u00e9szek \u00e9s komplett g\u00e9pek vezet\u0151 \u00e9rt\u00e9kes\u00edt\u00e9si \u00e9s szolg\u00e1ltat\u00f3jak\u00e9nt a legmagasabb szint\u0171 hidraulikus hengerek gy\u00e1rt\u00e1s\u00e1ra specializ\u00e1l\u00f3dtunk minden \u00e9p\u00edt\u0151ipari ig\u00e9ny kiel\u00e9g\u00edt\u00e9s\u00e9re.<\/p>\n<p>\u00cdme n\u00e9h\u00e1ny ok, ami\u00e9rt az FMP-t kellene v\u00e1lasztania hidraulikus hengereihez:<\/p>\n<p>1. <strong>P\u00e1ratlan min\u0151s\u00e9g:<\/strong> Az FMP-n\u00e9l komolyan vessz\u00fck a min\u0151s\u00e9get. Kiz\u00e1r\u00f3lag a legmegb\u00edzhat\u00f3bb besz\u00e1ll\u00edt\u00f3kt\u00f3l szerezz\u00fck be anyagainkat, \u00e9s biztos\u00edtjuk, hogy minden egyes palack, amely elhagyja rakt\u00e1runkat, megfeleljen szigor\u00fa min\u0151s\u00e9gi el\u0151\u00edr\u00e1sainknak.<\/p>\n<p>2. <strong>Sz\u00e9les term\u00e9kv\u00e1laszt\u00e9k:<\/strong> Term\u00e9kk\u00edn\u00e1latunk sz\u00e9les \u00e9s v\u00e1ltozatos, bele\u00e9rtve az \u00e1ll\u00edthat\u00f3 kengyeles hengereket, az egyszeres m\u0171k\u00f6d\u00e9s\u0171 hengereket, a teleszk\u00f3pos hengereket \u00e9s m\u00e9g sok m\u00e1st. B\u00e1rmilyen egyedi ig\u00e9nye is legyen, n\u00e1lunk megtal\u00e1lja a megfelel\u0151 hidraulikus hengert.<\/p>\n<p>3. <strong>Szakmai csapat:<\/strong> Szak\u00e9rt\u0151ink csapata nagy tapasztalattal rendelkezik az \u00e9p\u00edt\u0151ipari g\u00e9piparban, \u00e9s szem\u00e9lyre szabott term\u00e9ktan\u00e1csad\u00e1st \u00e9s v\u00e1s\u00e1rl\u00e1si javaslatokat k\u00edn\u00e1l, hogy biztosan a megfelel\u0151 hidraulikus hengert kapja meg projektj\u00e9hez.<\/p>\n<p>4. <strong>Hat\u00e9kony logisztika:<\/strong> Meg\u00e9rtj\u00fck, hogy az \u00e9p\u00edt\u0151iparban az id\u0151 p\u00e9nz. Ez\u00e9rt egy hat\u00e9kony logisztikai eloszt\u00e1si rendszerrel rendelkez\u00fcnk, amely biztos\u00edtja, hogy hidraulikus hengereit id\u0151ben \u00e9s pontosan megkapja.<\/p>\n<p>5. <strong>Versenyk\u00e9pes \u00e1rak:<\/strong> Az FMP-n\u00e9l hisz\u00fcnk abban, hogy a min\u0151s\u00e9g nem lehet fel\u00e9rt\u00e9kelt. Versenyk\u00e9pes \u00e1rakat k\u00edn\u00e1lunk minden hidraulikus munkahenger\u00fcnkre a min\u0151s\u00e9g vagy a megb\u00edzhat\u00f3s\u00e1g fel\u00e1ldoz\u00e1sa n\u00e9lk\u00fcl.<\/p>\n<p>Teh\u00e1t, ak\u00e1r \u00e1ll\u00edthat\u00f3 kengyeles hengereket, ak\u00e1r b\u00e1rmilyen m\u00e1s hidraulikus hengert keres \u00e9p\u00edt\u0151ipari ig\u00e9nyeihez, b\u00edzza az FMP-re az ipar\u00e1g legjobb term\u00e9keit \u00e9s szolg\u00e1ltat\u00e1sait. L\u00e9pjen kapcsolatba vel\u00fcnk m\u00e9g ma, hogy t\u00f6bbet megtudjon \u00e9s elkezdhesse!<\/p>\n<p><img decoding=\"async\" src=\"https:\/\/fmp-components.com\/wp-content\/uploads\/2024\/12\/Adjustable-Clevis-Type-Cylinders-6.webp\" alt=\"\u00c1ll\u00edthat\u00f3 kengyeles henger\" width=\"806\" title=\"\"><br \/>\nSzerz\u0151: CX<\/p>","protected":false},"excerpt":{"rendered":"<p>Factory Direct Sale 2 Stage Hydraulic Cylinder Dump Truck Hydraulic Hoist Cylinder is a high-quality hydraulic cylinder designed specifically for dump trucks. It is manufactured using advanced technology and top-grade materials to ensure durability and performance. This hydraulic cylinder features a two-stage design, allowing for efficient and smooth lifting and lowering of the dump truck [&hellip;]<\/p>","protected":false},"featured_media":1610,"comment_status":"closed","ping_status":"closed","template":"","meta":{"_et_pb_use_builder":"","_et_pb_old_content":"","_et_gb_content_width":""},"product_brand":[],"product_cat":[45],"product_tag":[34,48],"class_list":{"0":"post-1609","1":"product","2":"type-product","3":"status-publish","4":"has-post-thumbnail","6":"product_cat-inverted-telescopic-cylinder","7":"product_tag-hydraulic-cylinder","8":"product_tag-inverted-telescopic-cylinder","10":"first","11":"instock","12":"product-type-simple"},"_links":{"self":[{"href":"https:\/\/fmp-components.com\/hu\/wp-json\/wp\/v2\/product\/1609","targetHints":{"allow":["GET"]}}],"collection":[{"href":"https:\/\/fmp-components.com\/hu\/wp-json\/wp\/v2\/product"}],"about":[{"href":"https:\/\/fmp-components.com\/hu\/wp-json\/wp\/v2\/types\/product"}],"replies":[{"embeddable":true,"href":"https:\/\/fmp-components.com\/hu\/wp-json\/wp\/v2\/comments?post=1609"}],"wp:featuredmedia":[{"embeddable":true,"href":"https:\/\/fmp-components.com\/hu\/wp-json\/wp\/v2\/media\/1610"}],"wp:attachment":[{"href":"https:\/\/fmp-components.com\/hu\/wp-json\/wp\/v2\/media?parent=1609"}],"wp:term":[{"taxonomy":"product_brand","embeddable":true,"href":"https:\/\/fmp-components.com\/hu\/wp-json\/wp\/v2\/product_brand?post=1609"},{"taxonomy":"product_cat","embeddable":true,"href":"https:\/\/fmp-components.com\/hu\/wp-json\/wp\/v2\/product_cat?post=1609"},{"taxonomy":"product_tag","embeddable":true,"href":"https:\/\/fmp-components.com\/hu\/wp-json\/wp\/v2\/product_tag?post=1609"}],"curies":[{"name":"munkaf\u00fczet","href":"https:\/\/api.w.org\/{rel}","templated":true}]}}