{"id":1605,"date":"2024-12-23T06:59:20","date_gmt":"2024-12-23T06:59:20","guid":{"rendered":"https:\/\/fmp-components.com\/product\/durable-long-stroke-2-stage-hydraulic-cylinder-telescopic-hydraulic-cylinder\/"},"modified":"2024-12-23T08:24:34","modified_gmt":"2024-12-23T08:24:34","slug":"durable-long-stroke-2-stage-hydraulic-cylinder-telescopic-hydraulic-cylinder","status":"publish","type":"product","link":"https:\/\/fmp-components.com\/hu\/product\/durable-long-stroke-2-stage-hydraulic-cylinder-telescopic-hydraulic-cylinder\/","title":{"rendered":"Tart\u00f3s, hossz\u00fa l\u00f6ket\u0171, k\u00e9tfokozat\u00fa hidraulikus henger Teleszk\u00f3pos hidraulikus henger"},"content":{"rendered":"<p>A tart\u00f3s, hossz\u00fa l\u00f6ket\u0171, k\u00e9tfokozat\u00fa hidraulikus henger teleszk\u00f3pos hidraulikus hengere egy kiv\u00e1l\u00f3 min\u0151s\u00e9g\u0171 term\u00e9k, amelyet arra terveztek, hogy kiv\u00e1l\u00f3 teljes\u00edtm\u00e9nyt ny\u00fajtson k\u00fcl\u00f6nf\u00e9le hidraulikus alkalmaz\u00e1sokban. Tart\u00f3s konstrukci\u00f3j\u00e1nak \u00e9s fejlett kialak\u00edt\u00e1s\u00e1nak k\u00f6sz\u00f6nhet\u0151en ez a hidraulikus henger megb\u00edzhat\u00f3 m\u0171k\u00f6d\u00e9st \u00e9s hossz\u00fa \u00e9lettartamot k\u00edn\u00e1l.<\/p>\n<p>Ennek a hidraulikus hengernek az egyik legfontosabb jellemz\u0151je a hossz\u00fa l\u00f6kethossz. K\u00e9tfokozat\u00fa kialak\u00edt\u00e1s\u00e1nak k\u00f6sz\u00f6nhet\u0151en nagyobb t\u00e1vols\u00e1gra k\u00e9pes kiny\u00falni \u00e9s visszah\u00faz\u00f3dni, \u00edgy alkalmass\u00e1 teszi olyan alkalmaz\u00e1sokhoz, amelyek nagyobb mozg\u00e1startom\u00e1nyt ig\u00e9nyelnek. Ak\u00e1r \u00e9p\u00edt\u0151ipari berendez\u00e9sekben, mez\u0151gazdas\u00e1gi g\u00e9pekben vagy ipari g\u00e9pekben haszn\u00e1lj\u00e1k, ez a hidraulikus henger biztos\u00edtja a munka elv\u00e9gz\u00e9s\u00e9hez sz\u00fcks\u00e9ges teljes\u00edtm\u00e9nyt \u00e9s pontoss\u00e1got.<\/p>\n<p>Hossz\u00fa l\u00f6kethossza mellett ez a hidraulikus henger kiv\u00e9teles szil\u00e1rds\u00e1got \u00e9s stabilit\u00e1st is biztos\u00edt. Teleszk\u00f3pos kialak\u00edt\u00e1s\u00e1nak k\u00f6sz\u00f6nhet\u0151en nagy terheket is elb\u00edr, \u00e9s ellen\u00e1ll a neh\u00e9z munkak\u00f6rnyezet viszontags\u00e1gainak. A gy\u00e1rt\u00e1s\u00e1hoz felhaszn\u00e1lt kiv\u00e1l\u00f3 min\u0151s\u00e9g\u0171 anyagok biztos\u00edtj\u00e1k, hogy ellen\u00e1lljon a mindennapi haszn\u00e1lat nyom\u00e1s\u00e1nak \u00e9s ig\u00e9nybev\u00e9tel\u00e9nek an\u00e9lk\u00fcl, hogy ez a teljes\u00edtm\u00e9ny\u00e9t vesz\u00e9lyeztetn\u00e9.<\/p>\n<p>Tov\u00e1bb\u00e1 ez a hidraulikus henger sima m\u0171k\u00f6d\u00e9st \u00e9s prec\u00edz vez\u00e9rl\u00e9st k\u00edn\u00e1l. A fejlett hidraulikus rendszer biztos\u00edtja a henger sima \u00e9s egyenletes mozg\u00e1s\u00e1t, lehet\u0151v\u00e9 t\u00e9ve a pontos pozicion\u00e1l\u00e1st \u00e9s a hat\u00e9kony m\u0171k\u00f6d\u00e9st. Megb\u00edzhat\u00f3 teljes\u00edtm\u00e9ny\u00e9vel seg\u00edt jav\u00edtani a termel\u00e9kenys\u00e9get \u00e9s a hat\u00e9konys\u00e1got k\u00fcl\u00f6nf\u00e9le alkalmaz\u00e1sokban.<\/p>\n<p>\u00d6sszess\u00e9g\u00e9ben a Tart\u00f3s, Hossz\u00fa L\u00f6ket\u0171, K\u00e9tfokozat\u00fa Hidraulikus Henger Teleszk\u00f3pos Hidraulikus Henger kiv\u00e1l\u00f3 v\u00e1laszt\u00e1s azok sz\u00e1m\u00e1ra, akik kiv\u00e1l\u00f3 min\u0151s\u00e9g\u0171 hidraulikus hengert keresnek. Tart\u00f3s konstrukci\u00f3j\u00e1nak, hossz\u00fa l\u00f6ket\u00e9nek \u00e9s prec\u00edz vez\u00e9rl\u00e9s\u00e9nek k\u00f6sz\u00f6nhet\u0151en megb\u00edzhat\u00f3 teljes\u00edtm\u00e9nyt \u00e9s hossz\u00fa \u00e9lettartamot k\u00edn\u00e1l. Ak\u00e1r \u00e9p\u00edt\u0151iparban, mez\u0151gazdas\u00e1gban vagy iparban haszn\u00e1lj\u00e1k, ez a hidraulikus henger biztosan megfelel m\u00e9g a legnagyobb kih\u00edv\u00e1st jelent\u0151 alkalmaz\u00e1sok ig\u00e9nyeinek is.<\/p>\n<h2>Tart\u00f3s, hossz\u00fa l\u00f6ket\u0171, k\u00e9tfokozat\u00fa hidraulikus henger Teleszk\u00f3pos hidraulikus henger<\/h2>\n<p>Ez a term\u00e9k a hidraulikus hengerekkel szemben t\u00e1masztott legmagasabb tart\u00f3ss\u00e1gi \u00e9s megb\u00edzhat\u00f3s\u00e1gi szabv\u00e1nyoknak megfelel\u0151en k\u00e9sz\u00fclt. Szabv\u00e1nyos dugatty\u00fas hengerszerkezettel k\u00e9sz\u00fclt, amely lehet\u0151v\u00e9 teszi a megl\u00e9v\u0151 rendszerekkel val\u00f3 egyszer\u0171 integr\u00e1ci\u00f3t \u00e9s kompatibilit\u00e1st. Hidraulikus meghajt\u00e1s\u00e1nak k\u00f6sz\u00f6nhet\u0151en nagy hat\u00e9konys\u00e1got \u00e9s megb\u00edzhat\u00f3s\u00e1got biztos\u00edt k\u00fcl\u00f6nf\u00e9le alkalmaz\u00e1sokban. Ac\u00e9lb\u00f3l k\u00e9sz\u00fclt, ez a hidraulikus henger tart\u00f3s, \u00e9s maxim\u00e1lisan 3000 tonna tol\u00f3er\u0151t \u00e9s maxim\u00e1lisan 20 tonna h\u00faz\u00f3er\u0151t b\u00edr ki, \u00edgy nagy teljes\u00edtm\u00e9nyt ny\u00fajt.<\/p>\n<p><img decoding=\"async\" src=\"https:\/\/hzpt.com\/wp-content\/uploads\/2023\/11\/Inverted-Telescopic-Cylinder-17.webp\" alt=\"\" title=\"\"><\/p>\n<h3>Jellemz\u0151k<\/h3>\n<ul>\n<li>Standard dugatty\u00fas henger szerkezet a megl\u00e9v\u0151 rendszerekkel val\u00f3 egyszer\u0171 integr\u00e1ci\u00f3 \u00e9s kompatibilit\u00e1s \u00e9rdek\u00e9ben.<\/li>\n<li>Hidraulikus teljes\u00edtm\u00e9ny a nagy hat\u00e9konys\u00e1g \u00e9s megb\u00edzhat\u00f3s\u00e1g \u00e9rdek\u00e9ben k\u00fcl\u00f6nf\u00e9le alkalmaz\u00e1sokban.<\/li>\n<li>Robusztus ac\u00e9lb\u00f3l k\u00e9sz\u00fclt a fokozott tart\u00f3ss\u00e1g \u00e9s hossz\u00fa \u00e9lettartam \u00e9rdek\u00e9ben.<\/li>\n<li>Maxim\u00e1lis tol\u00f3er\u0151 3000 \u00e9s maxim\u00e1lis h\u00faz\u00f3er\u0151 20 tonna, \u00edgy nagy teljes\u00edtm\u00e9nyt ny\u00fajt.<\/li>\n<li>ISO9001:2000 tan\u00fas\u00edtv\u00e1nnyal rendelkezik, amely garant\u00e1lja a term\u00e9k min\u0151s\u00e9g\u00e9t \u00e9s megb\u00edzhat\u00f3s\u00e1g\u00e1t.<\/li>\n<\/ul>\n<h3>Alkalmaz\u00e1sok<\/h3>\n<p>Ez a hidraulikus henger ide\u00e1lis nagy ig\u00e9nybev\u00e9tel\u0171 alkalmaz\u00e1sokhoz k\u00fcl\u00f6nf\u00e9le ipar\u00e1gakban, p\u00e9ld\u00e1ul gy\u00e1rt\u00f3\u00fczemekben, g\u00e9pjav\u00edt\u00f3 m\u0171helyekben, mez\u0151gazdas\u00e1gban, energia- \u00e9s b\u00e1ny\u00e1szatban, g\u00e9pgy\u00e1rt\u00e1sban \u00e9s g\u00e9pgy\u00e1rakban.<\/p>\n<p><img decoding=\"async\" src=\"https:\/\/hzpt.com\/wp-content\/uploads\/2023\/11\/Inverted-Telescopic-Cylinder-Applications.webp\" alt=\"Ford\u00edtott teleszk\u00f3pos henger alkalmaz\u00e1sok\" title=\"\"><\/p>\n<h3>M\u0171k\u00f6d\u00e9si elv \u00e9s karbantart\u00e1s<\/h3>\n<ul>\n<li>A hidraulikus henger azon az elven m\u0171k\u00f6dik, hogy nyom\u00e1s alatt l\u00e9v\u0151 folyad\u00e9kot haszn\u00e1lnak er\u0151 el\u0151\u00e1ll\u00edt\u00e1s\u00e1ra.<\/li>\n<li>Rendszeres ellen\u0151rz\u00e9seket kell v\u00e9gezni a henger optim\u00e1lis m\u0171k\u00f6d\u00e9s\u00e9nek biztos\u00edt\u00e1sa \u00e9rdek\u00e9ben.<\/li>\n<li>A hidraulikus henger megfelel\u0151 tiszt\u00edt\u00e1sa sz\u00fcks\u00e9ges a szennyez\u0151d\u00e9s \u00e9s t\u00f6rmel\u00e9k felhalmoz\u00f3d\u00e1s\u00e1nak megakad\u00e1lyoz\u00e1sa \u00e9rdek\u00e9ben.<\/li>\n<li>A hidraulikus henger ken\u00e9se elengedhetetlen a zavartalan m\u0171k\u00f6d\u00e9shez \u00e9s a kop\u00e1s megel\u0151z\u00e9s\u00e9hez.<\/li>\n<li>A t\u00f6m\u00edt\u00e9seket rendszeres id\u0151k\u00f6z\u00f6nk\u00e9nt cser\u00e9lni kell a sziv\u00e1rg\u00e1s megel\u0151z\u00e9se \u00e9rdek\u00e9ben.<\/li>\n<\/ul>\n<p><img decoding=\"async\" src=\"https:\/\/hzpt.com\/wp-content\/uploads\/2023\/11\/Inverted-Telescopic-Cylinder-25.webp\" alt=\"\" title=\"\"><\/p>\n<h2>Ford\u00edtott teleszk\u00f3pos henger<\/h2>\n<p>Az invert\u00e1lt teleszk\u00f3pos henger egy olyan hidraulikus henger, amelyet k\u00fcl\u00f6nf\u00e9le ipari alkalmaz\u00e1sokban haszn\u00e1lnak line\u00e1ris mozg\u00e1s c\u00e9lj\u00e1b\u00f3l. Ez a henger kifejezetten tart\u00f3s, hossz\u00fa l\u00f6ket biztos\u00edt\u00e1s\u00e1ra van tervezve, \u00e9s k\u00e9tfokozat\u00fa hidraulikus hengernek tekinthet\u0151. Ebben a cikkben az invert\u00e1lt teleszk\u00f3pos hengerek tulajdons\u00e1gait \u00e9s el\u0151nyeit t\u00e1rgyaljuk.<\/p>\n<h3>Jellemz\u0151k:<\/h3>\n<ul>\n<li>Nagy teherb\u00edr\u00e1s<\/li>\n<li>Nagy tart\u00f3ss\u00e1g<\/li>\n<li>Kompakt kialak\u00edt\u00e1s<\/li>\n<li>Nagyfok\u00fa kop\u00e1s\u00e1ll\u00f3s\u00e1g<\/li>\n<li>Alacsony karbantart\u00e1si ig\u00e9ny\u0171<\/li>\n<\/ul>\n<h3>El\u0151ny\u00f6k:<\/h3>\n<p>Az invert\u00e1lt teleszk\u00f3pos henger egyik f\u0151 el\u0151nye a tart\u00f3s, hossz\u00fa l\u00f6ket. Ezt a henger egyedi kialak\u00edt\u00e1s\u00e1nak k\u00f6sz\u00f6nhet\u0151en \u00e9rik el, amely t\u00f6bb, egym\u00e1sba \u00e1gyazott szakaszb\u00f3l \u00e1ll. Ez a kialak\u00edt\u00e1s lehet\u0151v\u00e9 teszi a henger hat\u00e9konyabb kiny\u00fal\u00e1s\u00e1t \u00e9s visszah\u00faz\u00e1s\u00e1t, ami viszont hozz\u00e1j\u00e1rul a henger \u00e9lettartam\u00e1nak n\u00f6vel\u00e9s\u00e9hez.<\/p>\n<p>A ford\u00edtott teleszk\u00f3pos henger tov\u00e1bbi el\u0151nye a nagy teherb\u00edr\u00e1s. Ez annak k\u00f6sz\u00f6nhet\u0151, hogy a henger k\u00e9pes egyenletesen elosztani a terhel\u00e9st az \u00f6sszes fokozat k\u00f6z\u00f6tt, ami seg\u00edt megakad\u00e1lyozni, hogy egyetlen fokozat is t\u00falterhel\u0151dj\u00f6n. Ezenk\u00edv\u00fcl a henger kompakt kialak\u00edt\u00e1sa lehet\u0151v\u00e9 teszi a korl\u00e1tozott hely\u0171 alkalmaz\u00e1sokban val\u00f3 alkalmaz\u00e1s\u00e1t, \u00edgy sokoldal\u00fa megold\u00e1st k\u00edn\u00e1l sz\u00e1mos ipar\u00e1g sz\u00e1m\u00e1ra.<\/p>\n<p>A teleszk\u00f3pos hidraulikus hengerek nagyfok\u00fa kop\u00e1s\u00e1ll\u00f3s\u00e1gukr\u00f3l is ismertek. Ezt kiv\u00e1l\u00f3 min\u0151s\u00e9g\u0171 anyagok \u00e9s prec\u00edzi\u00f3s gy\u00e1rt\u00e1si elj\u00e1r\u00e1sok alkalmaz\u00e1s\u00e1val \u00e9rik el. Ennek eredm\u00e9nyek\u00e9nt ezek a hengerek a legig\u00e9nyesebb ipari alkalmaz\u00e1soknak is ellen\u00e1llnak an\u00e9lk\u00fcl, hogy id\u0151 el\u0151tt meghib\u00e1sodn\u00e1nak vagy id\u0151vel cs\u00f6kkenten\u00e9k a teljes\u00edtm\u00e9ny\u00fcket.<\/p>\n<p>\u00d6sszefoglalva, a ford\u00edtott teleszk\u00f3pos henger sokoldal\u00fa \u00e9s hat\u00e9kony megold\u00e1s line\u00e1ris mozg\u00e1s\u00fa alkalmaz\u00e1sokhoz. Egyedi kialak\u00edt\u00e1sa tart\u00f3s, hossz\u00fa l\u00f6ketet \u00e9s nagy teherb\u00edr\u00e1st biztos\u00edt, m\u00edg kompakt kialak\u00edt\u00e1sa lehet\u0151v\u00e9 teszi a k\u00fcl\u00f6nf\u00e9le ipari alkalmaz\u00e1sokban val\u00f3 alkalmaz\u00e1s\u00e1t. Nagyfok\u00fa kop\u00e1s\u00e1ll\u00f3s\u00e1g\u00e1val \u00e9s alacsony karbantart\u00e1si ig\u00e9nyeivel ez a henger kiv\u00e1l\u00f3 v\u00e1laszt\u00e1s azoknak a v\u00e1llalkoz\u00e1soknak, amelyek megb\u00edzhat\u00f3 \u00e9s hat\u00e9kony hidraulikus megold\u00e1sokat ig\u00e9nyelnek.<\/p>\n<h3>Az FMP-r\u0151l \u2013 az \u00d6n professzion\u00e1lis hidraulikus henger besz\u00e1ll\u00edt\u00f3j\u00e1r\u00f3l<\/h3>\n<p>Megb\u00edzhat\u00f3 \u00e9s kiv\u00e1l\u00f3 min\u0151s\u00e9g\u0171 hidraulikus hengereket keres \u00e9p\u00edt\u0151ipari g\u00e9peihez? Az FMP az \u00d6n titka! Sok \u00e9ves ipar\u00e1gi tapasztalattal \u00e9s professzion\u00e1lis csapattal rendelkez\u0151 v\u00e1llalatk\u00e9nt \u00e9p\u00edt\u0151ipari g\u00e9palkatr\u00e9szek \u00e9s komplett g\u00e9pek \u00e9rt\u00e9kes\u00edt\u00e9s\u00e9re \u00e9s szervizel\u00e9s\u00e9re specializ\u00e1l\u00f3dtunk. Sz\u00e9les term\u00e9kpalett\u00e1nk mez\u0151gazdas\u00e1gi g\u00e9pek sebess\u00e9gv\u00e1lt\u00f3it, ipari sebess\u00e9gv\u00e1lt\u00f3kat, bolyg\u00f3kerekes sebess\u00e9gv\u00e1lt\u00f3kat, mez\u0151gazdas\u00e1gi g\u00e9pek alkatr\u00e9szeit, valamint a hozz\u00e1juk ill\u0151, cs\u00facskateg\u00f3ri\u00e1s tartoz\u00e9kok sor\u00e1t tartalmazza.<\/p>\n<p>\u00cdme n\u00e9h\u00e1ny ok, ami\u00e9rt \u00e9rdemes az FMP-t v\u00e1lasztania hidraulikus henger besz\u00e1ll\u00edt\u00f3j\u00e1nak:<\/p>\n<p>1. Kiv\u00e1l\u00f3 min\u0151s\u00e9g\u0171 term\u00e9kek \u2013 Sz\u00e1mos kiv\u00e1l\u00f3 min\u0151s\u00e9g\u0171 besz\u00e1ll\u00edt\u00f3val dolgozunk egy\u00fctt belf\u00f6ld\u00f6n \u00e9s k\u00fclf\u00f6ld\u00f6n egyar\u00e1nt, hogy minden hidraulikus henger\u00fcnk megfeleljen a szigor\u00fa min\u0151s\u00e9gi el\u0151\u00edr\u00e1soknak. Term\u00e9keink tart\u00f3sak, megb\u00edzhat\u00f3ak \u00e9s hossz\u00fa \u00e9lettartam\u00faak.<\/p>\n<p>2. Professzion\u00e1lis \u00e9rt\u00e9kes\u00edt\u00e9si csapat \u2013 Tapasztalt \u00e9s k\u00e9pzett \u00e9rt\u00e9kes\u00edt\u00e9si csapatunk ismeri az \u00e9p\u00edt\u0151ipari g\u00e9pipar fejleszt\u00e9si trendjeit \u00e9s \u00fcgyf\u00e9lig\u00e9nyeit. Professzion\u00e1lis term\u00e9ktan\u00e1csad\u00e1st \u00e9s intelligens v\u00e1s\u00e1rl\u00e1si javaslatokat tudnak ny\u00fajtani, hogy seg\u00edtsenek megtal\u00e1lni az \u00d6n ig\u00e9nyeinek megfelel\u0151 hidraulikus hengert.<\/p>\n<p>3. Hat\u00e9kony logisztikai eloszt\u00e1s \u2013 Hat\u00e9kony logisztikai eloszt\u00e1si rendszerrel rendelkez\u00fcnk annak \u00e9rdek\u00e9ben, hogy \u00fcgyfeleink id\u0151ben \u00e9s pontosan megkapj\u00e1k a sz\u00fcks\u00e9ges alkatr\u00e9szeket. B\u00edzhat benn\u00fcnk, hogy hidraulikus hengereit akkor sz\u00e1ll\u00edtjuk ki, amikor sz\u00fcks\u00e9ge van r\u00e1juk.<\/p>\n<p>4. Testreszabhat\u00f3 opci\u00f3k \u2013 Az FMP-n\u00e9l meg\u00e9rtj\u00fck, hogy minden \u00fcgyf\u00e9lnek egyedi ig\u00e9nyei vannak a hidraulikus hengerekkel kapcsolatban. Ez\u00e9rt k\u00edn\u00e1lunk testreszabhat\u00f3 opci\u00f3kat, hogy megfelelj\u00fcnk az \u00d6n egyedi k\u00f6vetelm\u00e9nyeinek.<\/p>\n<p>5. Sz\u00e9les term\u00e9kv\u00e1laszt\u00e9k \u2013 Sz\u00e9les hidraulikus hengerv\u00e1laszt\u00e9kot k\u00edn\u00e1lunk, bele\u00e9rtve az \u00e1ll\u00edthat\u00f3 kengyeles hengereket, hegesztett hengereket, \u00f6sszek\u00f6t\u0151rudas hengereket \u00e9s egyebeket. Ez azt jelenti, hogy megtal\u00e1lhatja az \u00e9p\u00edt\u0151ipari g\u00e9pei ig\u00e9nyeinek t\u00f6k\u00e9letesen megfelel\u0151 hidraulikus hengert.<\/p>\n<p>R\u00e1ad\u00e1sul az FMP-vel \u00e9lvezheti azt a nyugalmat, amit egy megb\u00edzhat\u00f3 \u00e9s megb\u00edzhat\u00f3 besz\u00e1ll\u00edt\u00f3val val\u00f3 egy\u00fcttm\u0171k\u00f6d\u00e9s jelent. Akkor mi\u00e9rt v\u00e1rna? L\u00e9pjen kapcsolatba vel\u00fcnk m\u00e9g ma, hogy t\u00f6bbet megtudjon hidraulikus hengereinkr\u0151l \u00e9s arr\u00f3l, hogyan seg\u00edthet\u00fcnk \u00d6nnek \u00e9p\u00edt\u0151ipari g\u00e9pekkel kapcsolatos ig\u00e9nyeinek kiel\u00e9g\u00edt\u00e9s\u00e9ben.<\/p>\n<p><img decoding=\"async\" src=\"https:\/\/fmp-components.com\/wp-content\/uploads\/2024\/12\/Adjustable-Clevis-Type-Cylinders-6.webp\" alt=\"\u00c1ll\u00edthat\u00f3 kengyeles henger\" width=\"804\" title=\"\"><br \/>\nSzerz\u0151: CX<\/p>","protected":false},"excerpt":{"rendered":"<p>The Durable Long Stroke 2 Stage Hydraulic Cylinder Telescopic Hydraulic Cylinder is a high-quality product that is designed to provide excellent performance in various hydraulic applications. With its durable construction and advanced design, this hydraulic cylinder offers reliable operation and long-lasting durability. One of the key features of this hydraulic cylinder is its long stroke [&hellip;]<\/p>","protected":false},"featured_media":1606,"comment_status":"closed","ping_status":"closed","template":"","meta":{"_et_pb_use_builder":"","_et_pb_old_content":"","_et_gb_content_width":""},"product_brand":[],"product_cat":[45],"product_tag":[34,48],"class_list":{"0":"post-1605","1":"product","2":"type-product","3":"status-publish","4":"has-post-thumbnail","6":"product_cat-inverted-telescopic-cylinder","7":"product_tag-hydraulic-cylinder","8":"product_tag-inverted-telescopic-cylinder","10":"first","11":"instock","12":"product-type-simple"},"_links":{"self":[{"href":"https:\/\/fmp-components.com\/hu\/wp-json\/wp\/v2\/product\/1605","targetHints":{"allow":["GET"]}}],"collection":[{"href":"https:\/\/fmp-components.com\/hu\/wp-json\/wp\/v2\/product"}],"about":[{"href":"https:\/\/fmp-components.com\/hu\/wp-json\/wp\/v2\/types\/product"}],"replies":[{"embeddable":true,"href":"https:\/\/fmp-components.com\/hu\/wp-json\/wp\/v2\/comments?post=1605"}],"wp:featuredmedia":[{"embeddable":true,"href":"https:\/\/fmp-components.com\/hu\/wp-json\/wp\/v2\/media\/1606"}],"wp:attachment":[{"href":"https:\/\/fmp-components.com\/hu\/wp-json\/wp\/v2\/media?parent=1605"}],"wp:term":[{"taxonomy":"product_brand","embeddable":true,"href":"https:\/\/fmp-components.com\/hu\/wp-json\/wp\/v2\/product_brand?post=1605"},{"taxonomy":"product_cat","embeddable":true,"href":"https:\/\/fmp-components.com\/hu\/wp-json\/wp\/v2\/product_cat?post=1605"},{"taxonomy":"product_tag","embeddable":true,"href":"https:\/\/fmp-components.com\/hu\/wp-json\/wp\/v2\/product_tag?post=1605"}],"curies":[{"name":"munkaf\u00fczet","href":"https:\/\/api.w.org\/{rel}","templated":true}]}}