{"id":1601,"date":"2024-12-23T06:59:20","date_gmt":"2024-12-23T06:59:20","guid":{"rendered":"https:\/\/fmp-components.com\/product\/quality-manufacturing-dump-truck-hydraulic-hoist-cylinder-double-acting-telescopic-hydraulic-cylinder\/"},"modified":"2024-12-23T08:29:13","modified_gmt":"2024-12-23T08:29:13","slug":"quality-manufacturing-dump-truck-hydraulic-hoist-cylinder-double-acting-telescopic-hydraulic-cylinder","status":"publish","type":"product","link":"https:\/\/fmp-components.com\/hu\/product\/quality-manufacturing-dump-truck-hydraulic-hoist-cylinder-double-acting-telescopic-hydraulic-cylinder\/","title":{"rendered":"Min\u0151s\u00e9gi gy\u00e1rt\u00e1s\u00fa d\u00f6mper hidraulikus emel\u0151henger kett\u0151s m\u0171k\u00f6d\u00e9s\u0171 teleszk\u00f3pos hidraulikus henger"},"content":{"rendered":"<h2>Bemutatkozik a min\u0151s\u00e9gi gy\u00e1rt\u00e1s\u00fa d\u00f6mper hidraulikus emel\u0151henger, kett\u0151s m\u0171k\u00f6d\u00e9s\u0171 teleszk\u00f3pos hidraulikus henger:<\/h2>\n<p>A Quality Manufacturing Dump Truck Hydraulic Hoist Henger egy kett\u0151s m\u0171k\u00f6d\u00e9s\u0171 teleszk\u00f3pos hidraulikus henger, amelyet kifejezetten d\u00f6mperekhez terveztek. A legmagasabb min\u0151s\u00e9gi \u00e9s teljes\u00edtm\u00e9nyi szabv\u00e1nyok szerint gy\u00e1rtj\u00e1k.<\/p>\n<p>Ez a hidraulikus henger nagy terhel\u00e9seknek is ellen\u00e1ll, \u00e9s hat\u00e9konyan m\u0171k\u00f6dik ig\u00e9nyes k\u00f6r\u00fclm\u00e9nyek k\u00f6z\u00f6tt. Kett\u0151s m\u0171k\u00f6d\u00e9s\u0171 kialak\u00edt\u00e1sa lehet\u0151v\u00e9 teszi a henger kiny\u00fajt\u00e1s\u00e1t \u00e9s visszah\u00faz\u00e1s\u00e1t is, \u00edgy prec\u00edz vez\u00e9rl\u00e9st \u00e9s rugalmass\u00e1got biztos\u00edt az emel\u00e9si \u00e9s \u00fcr\u00edt\u00e9si m\u0171veletek sor\u00e1n.<\/p>\n<p>Ennek a hidraulikus hengernek a teleszk\u00f3pos kialak\u00edt\u00e1sa kompakt, m\u00e9gis nagy teljes\u00edtm\u00e9ny\u0171 megold\u00e1st tesz lehet\u0151v\u00e9. T\u00f6bb fokozat\u00e1nak k\u00f6sz\u00f6nhet\u0151en hosszabb l\u00f6ketet \u00e9rhet el, mik\u00f6zben kisebb beh\u00fazott hosszat tart fenn, \u00edgy ide\u00e1lis olyan alkalmaz\u00e1sokhoz, ahol korl\u00e1tozott a hely.<\/p>\n<p>A min\u0151s\u00e9gi gy\u00e1rt\u00e1s\u00fa d\u00f6mperaut\u00f3 hidraulikus emel\u0151henger\u00e9t tart\u00f3ss\u00e1gra \u00e9s megb\u00edzhat\u00f3s\u00e1gra tervezt\u00e9k. Kiv\u00e1l\u00f3 min\u0151s\u00e9g\u0171 anyagokb\u00f3l k\u00e9sz\u00fclt, \u00e9s szigor\u00fa tesztel\u00e9sen esik \u00e1t a kop\u00e1s-, korr\u00f3zi\u00f3- \u00e9s sziv\u00e1rg\u00e1s\u00e1ll\u00f3s\u00e1g biztos\u00edt\u00e1sa \u00e9rdek\u00e9ben. Ez hossz\u00fa \u00e9lettartamot biztos\u00edt, \u00e9s minimaliz\u00e1lja a karbantart\u00e1si ig\u00e9nyeket.<\/p>\n<p>Fejlett hidraulikus kialak\u00edt\u00e1s\u00e1nak k\u00f6sz\u00f6nhet\u0151en ez a henger sima \u00e9s k\u00f6vetkezetes emel\u00e9si \u00e9s \u00fcr\u00edt\u00e9si m\u0171veleteket tesz lehet\u0151v\u00e9. Kiv\u00e1l\u00f3 emel\u0151kapacit\u00e1st \u00e9s szab\u00e1lyozhat\u00f3s\u00e1got biztos\u00edt, lehet\u0151v\u00e9 t\u00e9ve a d\u00f6mperek sz\u00e1m\u00e1ra a neh\u00e9z terhek hat\u00e9kony sz\u00e1ll\u00edt\u00e1s\u00e1t \u00e9s kirakod\u00e1s\u00e1t.<\/p>\n<table style=\"width: 100%;\" border=\"1\" width=\"100%\" cellspacing=\"0\" cellpadding=\"0\">\n<tbody>\n<tr>\n<th>Term\u00e9k neve<\/th>\n<td>Min\u0151s\u00e9gi gy\u00e1rt\u00e1s\u00fa d\u00f6mper hidraulikus emel\u0151henger kett\u0151s m\u0171k\u00f6d\u00e9s\u0171 teleszk\u00f3pos hidraulikus henger<\/td>\n<\/tr>\n<tr>\n<th>\u00c1llapot<\/th>\n<td>\u00daj<\/td>\n<\/tr>\n<tr>\n<th>Garancia<\/th>\n<td>1 \u00e9v<\/td>\n<\/tr>\n<tr>\n<th>S\u00faly (KG)<\/th>\n<td>48<\/td>\n<\/tr>\n<tr>\n<th>Tervez\u00e9s<\/th>\n<td>Kett\u0151s m\u0171k\u00f6d\u00e9s\u0171 teleszk\u00f3pos hidraulikus henger<\/td>\n<\/tr>\n<tr>\n<th>Alapvet\u0151 \u00f6sszetev\u0151k<\/th>\n<td>Csap\u00e1gy \u00e9s dugatty\u00fahenger<\/td>\n<\/tr>\n<tr>\n<th>Szerkezet<\/th>\n<td>Standard dugatty\u00fas henger hidraulikus hajt\u00e1ssal<\/td>\n<\/tr>\n<tr>\n<th>Teljes\u00edtm\u00e9ny<\/th>\n<td>Robusztus kialak\u00edt\u00e1s \u00e9s prec\u00edz vez\u00e9rl\u00e9s<\/td>\n<\/tr>\n<tr>\n<th>Alkalmazhat\u00f3 ipar\u00e1gak<\/th>\n<td>Gy\u00e1rt\u00f3\u00fczemek, G\u00e9pjav\u00edt\u00f3 m\u0171helyek, Mez\u0151gazdas\u00e1g, Energia \u00e9s b\u00e1ny\u00e1szat, G\u00e9pgy\u00e1rak<\/td>\n<\/tr>\n<\/tbody>\n<\/table>\n<p><img decoding=\"async\" src=\"https:\/\/hzpt.com\/wp-content\/uploads\/2023\/11\/Inverted-Telescopic-Cylinder-4.webp\" alt=\"\" title=\"\"><\/p>\n<h2>A hidraulikus emel\u0151henger jellemz\u0151i<\/h2>\n<p>A hidraulikus emel\u0151henger egyedi jellemz\u0151i miatt t\u0171nik ki. \u00cdme \u00f6t kulcsfontoss\u00e1g\u00fa pont:<\/p>\n<ol>\n<li>Ac\u00e9l testtel van ell\u00e1tva, amely tart\u00f3ss\u00e1got \u00e9s ellen\u00e1ll\u00e1st biztos\u00edt.<\/li>\n<li>A hidraulikus henger maxim\u00e1lis tol\u00f3ereje 3000, \u00e9s ak\u00e1r 20 tonn\u00e1t is k\u00e9pes h\u00fazni.<\/li>\n<li>Ez a term\u00e9k ISO9001:2000 tan\u00fas\u00edtv\u00e1nnyal rendelkezik, ami garant\u00e1lja a min\u0151s\u00e9g\u00e9t \u00e9s megb\u00edzhat\u00f3s\u00e1g\u00e1t.<\/li>\n<li>A hidraulikus emel\u0151henger szabv\u00e1nyos fekete sz\u00ednben kaphat\u00f3, \u00edgy b\u00e1rmilyen ipari berendez\u00e9sbe z\u00f6kken\u0151mentesen illeszkedik.<\/li>\n<li>K\u00fcl\u00f6nb\u00f6z\u0151 furat-, r\u00fad-, l\u00f6ket- \u00e9s csapm\u00e9retekkel rendelkezik, hogy kiel\u00e9g\u00edtse a k\u00fcl\u00f6nb\u00f6z\u0151 ipari ig\u00e9nyeket.<\/li>\n<\/ol>\n<h2>A hidraulikus emel\u0151henger alkalmaz\u00e1sai<\/h2>\n<p>Robusztus kialak\u00edt\u00e1s\u00e1nak \u00e9s sokoldal\u00fa tulajdons\u00e1gainak k\u00f6sz\u00f6nhet\u0151en a hidraulikus emel\u0151henger sz\u00e1mos ipar\u00e1gban felhaszn\u00e1lhat\u00f3. K\u00fcl\u00f6n\u00f6sen el\u0151ny\u00f6s gy\u00e1rt\u00f3\u00fczemekben, g\u00e9pjav\u00edt\u00f3 m\u0171helyekben \u00e9s mez\u0151gazdas\u00e1gban. Ezenk\u00edv\u00fcl el\u0151ny\u00f6s az energia- \u00e9s b\u00e1ny\u00e1szati \u200b\u200bszektorban, a g\u00e9pgy\u00e1rt\u00e1sban \u00e9s a g\u00e9pgy\u00e1rakban.<br \/>\n<img decoding=\"async\" src=\"https:\/\/hzpt.com\/wp-content\/uploads\/2023\/11\/Inverted-Telescopic-Cylinder-Applications.webp\" alt=\"Hidraulikus henger alkalmaz\u00e1sok\" title=\"\"><\/p>\n<h2>M\u0171k\u00f6d\u00e9si elv \u00e9s karbantart\u00e1si m\u00f3dszerek<\/h2>\n<p>A hidraulikus emel\u0151henger \u00fagy m\u0171k\u00f6dik, hogy a folyad\u00e9k bel\u00e9p a hengerbe, \u00e9s a dugatty\u00fat a k\u00edv\u00e1nt ir\u00e1nyba mozgatja. A kett\u0151s m\u0171k\u00f6d\u00e9s\u0171 kialak\u00edt\u00e1s hat\u00e9kony m\u0171k\u00f6d\u00e9st biztos\u00edt az\u00e1ltal, hogy a folyad\u00e9k a dugatty\u00fa mindk\u00e9t oldal\u00e1r\u00f3l bejut. Ami a karbantart\u00e1st illeti, ez a k\u00f6vetkez\u0151ket foglalja mag\u00e1ban:<\/p>\n<ol>\n<li>Rendszeres ellen\u0151rz\u00e9sek a hidraulikus henger optim\u00e1lis m\u0171k\u00f6d\u00e9s\u00e9nek biztos\u00edt\u00e1s\u00e1ra.<\/li>\n<li>A hidraulikus henger tiszt\u00edt\u00e1sa a szennyez\u0151d\u00e9s \u00e9s t\u00f6rmel\u00e9k felhalmoz\u00f3d\u00e1s\u00e1nak megakad\u00e1lyoz\u00e1sa \u00e9rdek\u00e9ben.<\/li>\n<li>Ken\u00e9s a s\u00farl\u00f3d\u00e1s \u00e9s a kop\u00e1s cs\u00f6kkent\u00e9s\u00e9re.<\/li>\n<li>A t\u00f6m\u00edt\u00e9sek cser\u00e9je sz\u00fcks\u00e9g eset\u00e9n a folyad\u00e9ksziv\u00e1rg\u00e1s megakad\u00e1lyoz\u00e1sa \u00e9rdek\u00e9ben.<\/li>\n<li>A megfelel\u0151 haszn\u00e1lat \u00e9s karbantart\u00e1s \u00e9rdek\u00e9ben k\u00f6vesse a kezel\u00e9si \u00fatmutat\u00f3ban tal\u00e1lhat\u00f3 utas\u00edt\u00e1sokat.<\/li>\n<\/ol>\n<p><img decoding=\"async\" src=\"https:\/\/hzpt.com\/wp-content\/uploads\/2023\/11\/Inverted-Telescopic-Cylinder-22.webp\" alt=\"\" title=\"\"><\/p>\n<h2>Ford\u00edtott teleszk\u00f3pos henger<\/h2>\n<p>Az invert\u00e1lt teleszk\u00f3pos henger, m\u00e1s n\u00e9ven kett\u0151s m\u0171k\u00f6d\u00e9s\u0171 teleszk\u00f3pos hidraulikus henger, elengedhetetlen eleme a min\u0151s\u00e9gi gy\u00e1rt\u00e1s\u00fa d\u00f6mperek hidraulikus emel\u0151rendszereinek. Egyedi kialak\u00edt\u00e1s\u00e1nak \u00e9s funkcionalit\u00e1s\u00e1nak k\u00f6sz\u00f6nhet\u0151en a hidraulikus rendszer szerves r\u00e9sz\u00e9v\u00e9 v\u00e1lik, hat\u00e9konys\u00e1got \u00e9s megb\u00edzhat\u00f3s\u00e1got biztos\u00edtva k\u00fcl\u00f6nf\u00e9le ipari alkalmaz\u00e1sokban.<\/p>\n<p>A ford\u00edtott teleszk\u00f3pos henger t\u00f6bb szakaszb\u00f3l vagy szakaszb\u00f3l \u00e1ll, amelyek visszah\u00faz\u00f3dnak \u00e9s kiny\u00falnak, maxim\u00e1lis l\u00f6kethosszt biztos\u00edtva minim\u00e1lis helyig\u00e9ny mellett. Ez a kialak\u00edt\u00e1s kompakt \u00e9s hat\u00e9kony hidraulikus rendszert tesz lehet\u0151v\u00e9, \u00edgy alkalmass\u00e1 teszi d\u00f6mperekhez \u00e9s m\u00e1s neh\u00e9zg\u00e9pekhez.<\/p>\n<p>Az invert\u00e1lt teleszk\u00f3pos henger egyik legfontosabb el\u0151nye, hogy nagy er\u0151t k\u00e9pes kifejteni, mik\u00f6zben kis visszah\u00fazott hossz\u00fas\u00e1got tart fenn. Ez ide\u00e1liss\u00e1 teszi d\u00f6mperek hidraulikus emel\u0151rendszereihez, ahol a hengernek bele kell f\u00e9rnie a rendelkez\u00e9sre \u00e1ll\u00f3 korl\u00e1tozott helyre, mik\u00f6zben k\u00e9pesnek kell lennie neh\u00e9z terhek emel\u00e9s\u00e9re.<\/p>\n<p>A min\u0151s\u00e9gi d\u00f6mperek hidraulikus emel\u0151hengerei kiv\u00e1l\u00f3 min\u0151s\u00e9g\u0171 anyagokb\u00f3l, p\u00e9ld\u00e1ul ac\u00e9lb\u00f3l k\u00e9sz\u00fclnek, \u00edgy biztos\u00edtva a tart\u00f3ss\u00e1got \u00e9s a kop\u00e1s\u00e1ll\u00f3s\u00e1got. A hengert \u00fagy tervezt\u00e9k, hogy ellen\u00e1lljon a nagy nyom\u00e1snak, \u00e9s z\u00f6kken\u0151mentes, prec\u00edz m\u0171k\u00f6d\u00e9st biztos\u00edtson m\u00e9g neh\u00e9z k\u00f6r\u00fclm\u00e9nyek k\u00f6z\u00f6tt is.<\/p>\n<p>A kett\u0151s m\u0171k\u00f6d\u00e9s\u0171 teleszk\u00f3pos hidraulikus hengerek jelent\u0151s el\u0151ny\u00f6ket k\u00edn\u00e1lnak m\u00e1s t\u00edpus\u00fa hengerekkel szemben. A kett\u0151s m\u0171k\u00f6d\u00e9s\u0171 kialak\u00edt\u00e1sn\u00e1l hidraulikafolyad\u00e9kot haszn\u00e1lnak a henger kiny\u00fajt\u00e1s\u00e1ra \u00e9s visszah\u00faz\u00e1s\u00e1ra, ami nagyobb szab\u00e1lyozhat\u00f3s\u00e1got \u00e9s rugalmass\u00e1got biztos\u00edt a m\u0171k\u00f6d\u00e9s sor\u00e1n. Ez lehet\u0151v\u00e9 teszi a rakom\u00e1ny pontos pozicion\u00e1l\u00e1s\u00e1t \u00e9s a d\u00f6mper hidraulikus emel\u0151rendszer\u00e9nek hat\u00e9kony m\u0171k\u00f6d\u00e9s\u00e9t.<\/p>\n<p>A henger teleszk\u00f3pos kialak\u00edt\u00e1sa nagyobb l\u00f6kethosszt tesz lehet\u0151v\u00e9 a hagyom\u00e1nyos hengerekhez k\u00e9pest. A henger minden egyes szakasza egym\u00e1st\u00f3l f\u00fcggetlen\u00fcl kiny\u00falik \u00e9s visszah\u00faz\u00f3dik, \u00edgy hosszabb teljes l\u00f6ketet biztos\u00edt. Ez a megn\u00f6velt l\u00f6kethossz lehet\u0151v\u00e9 teszi a d\u00f6mperek sz\u00e1m\u00e1ra, hogy nagyobb magass\u00e1gba emelj\u00e9k a terheket, n\u00f6velve termel\u00e9kenys\u00e9g\u00fcket \u00e9s sokoldal\u00fas\u00e1gukat az \u00e9p\u00edtkez\u00e9seken \u00e9s m\u00e1s ipari k\u00f6rnyezetben.<\/p>\n<p>A min\u0151s\u00e9gi gy\u00e1rt\u00e1s\u00fa d\u00f6mperek hidraulikus emel\u0151hengerei prec\u00edz tervez\u00e9s\u0171ek a megb\u00edzhat\u00f3 \u00e9s k\u00f6vetkezetes teljes\u00edtm\u00e9ny biztos\u00edt\u00e1sa \u00e9rdek\u00e9ben. Szigor\u00fa tesztel\u00e9sen \u00e9s min\u0151s\u00e9gellen\u0151rz\u00e9si int\u00e9zked\u00e9seken esnek \u00e1t, hogy megfeleljenek az ipar\u00e1gi szabv\u00e1nyoknak \u00e9s az \u00fcgyfelek k\u00f6vetelm\u00e9nyeinek. Ezeket a hengereket \u00fagy tervezt\u00e9k, hogy ellen\u00e1lljanak a zord \u00fczemi k\u00f6r\u00fclm\u00e9nyeknek \u00e9s hossz\u00fa \u00e9lettartamot biztos\u00edtsanak, minimaliz\u00e1lva az \u00e1ll\u00e1sid\u0151t \u00e9s a karbantart\u00e1si k\u00f6lts\u00e9geket.<\/p>\n<p>\u00d6sszefoglalva, az invert\u00e1lt teleszk\u00f3pos henger, m\u00e1s n\u00e9ven kett\u0151s m\u0171k\u00f6d\u00e9s\u0171 teleszk\u00f3pos hidraulikus henger, l\u00e9tfontoss\u00e1g\u00fa eleme a min\u0151s\u00e9gi d\u00f6mperek hidraulikus emel\u0151rendszereinek gy\u00e1rt\u00e1s\u00e1ban. Kompakt kialak\u00edt\u00e1sa, nagy er\u0151kifejt\u00e9si k\u00e9pess\u00e9ge \u00e9s hat\u00e9kony m\u0171k\u00f6d\u00e9se n\u00e9lk\u00fcl\u00f6zhetetlen elemm\u00e9 teszi a k\u00fcl\u00f6nf\u00e9le ipari alkalmaz\u00e1sokban. Teleszk\u00f3pos kialak\u00edt\u00e1s\u00e1nak \u00e9s kett\u0151s m\u0171k\u00f6d\u00e9s\u00e9nek k\u00f6sz\u00f6nhet\u0151en kiv\u00e1l\u00f3 l\u00f6kethosszt \u00e9s szab\u00e1lyozhat\u00f3s\u00e1got k\u00edn\u00e1l, n\u00f6velve a d\u00f6mperek teljes\u00edtm\u00e9ny\u00e9t \u00e9s termel\u00e9kenys\u00e9g\u00e9t. A min\u0151s\u00e9gi gy\u00e1rt\u00e1snak \u00e9s a prec\u00edzi\u00f3s m\u00e9rn\u00f6ki munk\u00e1nak k\u00f6sz\u00f6nhet\u0151en ezek a hengerek megb\u00edzhat\u00f3 \u00e9s tart\u00f3s m\u0171k\u00f6d\u00e9st biztos\u00edtanak, biztos\u00edtva a d\u00f6mperek hidraulikus emel\u0151rendszereinek z\u00f6kken\u0151mentes m\u0171k\u00f6d\u00e9s\u00e9t.<\/p>\n<h3>Az FMP hidraulikus hengerr\u0151l<\/h3>\n<p><img decoding=\"async\" src=\"https:\/\/fmp-components.com\/wp-content\/uploads\/2024\/12\/Adjustable-Clevis-Type-Cylinders-6.webp\" alt=\"\u00c1ll\u00edthat\u00f3 kengyeles henger\" width=\"802\" title=\"\"><\/p>\n<p>Az FMP-n\u00e9l kiv\u00e1l\u00f3 min\u0151s\u00e9g\u0171 hidraulikus hengerek gy\u00e1rt\u00e1s\u00e1ra \u00e9s \u00e9rt\u00e9kes\u00edt\u00e9s\u00e9re specializ\u00e1l\u00f3dtunk. Kiterjedt ipar\u00e1gi tapasztalatunkkal \u00e9s professzion\u00e1lis csapatunkkal elk\u00f6telezettek vagyunk az ir\u00e1nt, hogy \u00fcgyfeleinknek megb\u00edzhat\u00f3 \u00e9s hat\u00e9kony megold\u00e1sokat ny\u00fajtsunk \u00e9p\u00edt\u0151ipari g\u00e9peik ig\u00e9nyeire. \u00cdme term\u00e9keink \u00e9s v\u00e1llalatunk \u00f6t f\u0151 el\u0151nye:<\/p>\n<p>1. Sz\u00e9les hidraulikus hengerv\u00e1laszt\u00e9k: Sz\u00e9les hidraulikus hengerv\u00e1laszt\u00e9kot k\u00edn\u00e1lunk, hogy megfeleljenek a k\u00fcl\u00f6nf\u00e9le \u00e9p\u00edt\u0151ipari g\u00e9pek ig\u00e9nyeinek. A standard hengerekt\u0151l az egyedi megold\u00e1sokig, rendelkez\u00fcnk a szak\u00e9rtelemmel, hogy kiel\u00e9g\u00edts\u00fck az \u00d6n egyedi ig\u00e9nyeit.<\/p>\n<p>2. Kiv\u00e1l\u00f3 min\u0151s\u00e9g: Hidraulikus hengereinket kiv\u00e1l\u00f3 min\u0151s\u00e9g\u0171 anyagokb\u00f3l \u00e9s fejlett technol\u00f3gi\u00e1val gy\u00e1rtjuk, biztos\u00edtva a kiv\u00e9teles tart\u00f3ss\u00e1got \u00e9s teljes\u00edtm\u00e9nyt. Minden henger szigor\u00fa min\u0151s\u00e9gellen\u0151rz\u00e9sen esik \u00e1t, hogy megfeleljen a legmagasabb ipar\u00e1gi szabv\u00e1nyoknak.<\/p>\n<p>3. Szak\u00e9rt\u0151 \u00e9rt\u00e9kes\u00edt\u00e9si csapat: Tapasztalt \u00e9rt\u00e9kes\u00edt\u00e9si csapatunk j\u00e1rtas az \u00e9p\u00edt\u0151ipari g\u00e9pipar leg\u00fajabb trendjeiben \u00e9s \u00fcgyf\u00e9lig\u00e9nyeiben. Professzion\u00e1lis term\u00e9ktan\u00e1csad\u00e1st \u00e9s \u00e9rt\u00e9kes v\u00e1s\u00e1rl\u00e1si javaslatokat ny\u00fajtanak, hogy seg\u00edtsenek \u00d6nnek megalapozott d\u00f6nt\u00e9seket hozni.<\/p>\n<p>4. Hat\u00e9kony logisztikai eloszt\u00e1s: Meg\u00e9rtj\u00fck az id\u0151ben t\u00f6rt\u00e9n\u0151 sz\u00e1ll\u00edt\u00e1s fontoss\u00e1g\u00e1t. Hat\u00e9kony logisztikai eloszt\u00e1si rendszer\u00fcnk biztos\u00edtja, hogy a sz\u00fcks\u00e9ges hidraulikus hengereket gyorsan \u00e9s pontosan megkapja, minimaliz\u00e1lva az \u00e1ll\u00e1sid\u0151t \u00e9s maximaliz\u00e1lva a termel\u00e9kenys\u00e9get.<\/p>\n<p>5. Er\u0151s besz\u00e1ll\u00edt\u00f3i partners\u00e9gek: Hossz\u00fa t\u00e1v\u00fa \u00e9s stabil kapcsolatokat \u00e9p\u00edtett\u00fcnk ki kiv\u00e1l\u00f3 min\u0151s\u00e9g\u0171 besz\u00e1ll\u00edt\u00f3kkal vil\u00e1gszerte. Ez lehet\u0151v\u00e9 teszi sz\u00e1munkra, hogy olyan \u00e9p\u00edt\u0151ipari g\u00e9palkatr\u00e9szeket szerezz\u00fcnk be \u00e9s sz\u00e1ll\u00edtsunk, amelyek megfelelnek a szigor\u00fa min\u0151s\u00e9gi el\u0151\u00edr\u00e1soknak, biztos\u00edtva hidraulikus hengereink megb\u00edzhat\u00f3s\u00e1g\u00e1t \u00e9s hossz\u00fa \u00e9lettartam\u00e1t.<\/p>\n<p>V\u00e1lassza az FMP hidraulikus hengert kiv\u00e9teles min\u0151s\u00e9g, megb\u00edzhat\u00f3 teljes\u00edtm\u00e9ny \u00e9s kiv\u00e1l\u00f3 \u00fcgyf\u00e9lszolg\u00e1lat \u00e9rdek\u00e9ben. Legyen vel\u00fcnk partner m\u00e9g ma, \u00e9s tapasztalja meg a k\u00fcl\u00f6nbs\u00e9get \u00e9p\u00edt\u0151ipari g\u00e9peinek \u00fczemeltet\u00e9s\u00e9ben.<br \/>\nSzerz\u0151: CX<\/p>","protected":false},"excerpt":{"rendered":"<p>Introducing the Quality Manufacturing Dump Truck Hydraulic Hoist Cylinder Double Acting Telescopic Hydraulic Cylinder: The Quality Manufacturing Dump Truck Hydraulic Hoist Cylinder is a double-acting telescopic hydraulic cylinder designed specifically for dump trucks. It is manufactured to the highest standards of quality and performance. This hydraulic cylinder is built to withstand heavy loads and operate [&hellip;]<\/p>","protected":false},"featured_media":1602,"comment_status":"closed","ping_status":"closed","template":"","meta":{"_et_pb_use_builder":"","_et_pb_old_content":"","_et_gb_content_width":""},"product_brand":[],"product_cat":[45],"product_tag":[34,48],"class_list":{"0":"post-1601","1":"product","2":"type-product","3":"status-publish","4":"has-post-thumbnail","6":"product_cat-inverted-telescopic-cylinder","7":"product_tag-hydraulic-cylinder","8":"product_tag-inverted-telescopic-cylinder","10":"first","11":"instock","12":"product-type-simple"},"_links":{"self":[{"href":"https:\/\/fmp-components.com\/hu\/wp-json\/wp\/v2\/product\/1601","targetHints":{"allow":["GET"]}}],"collection":[{"href":"https:\/\/fmp-components.com\/hu\/wp-json\/wp\/v2\/product"}],"about":[{"href":"https:\/\/fmp-components.com\/hu\/wp-json\/wp\/v2\/types\/product"}],"replies":[{"embeddable":true,"href":"https:\/\/fmp-components.com\/hu\/wp-json\/wp\/v2\/comments?post=1601"}],"wp:featuredmedia":[{"embeddable":true,"href":"https:\/\/fmp-components.com\/hu\/wp-json\/wp\/v2\/media\/1602"}],"wp:attachment":[{"href":"https:\/\/fmp-components.com\/hu\/wp-json\/wp\/v2\/media?parent=1601"}],"wp:term":[{"taxonomy":"product_brand","embeddable":true,"href":"https:\/\/fmp-components.com\/hu\/wp-json\/wp\/v2\/product_brand?post=1601"},{"taxonomy":"product_cat","embeddable":true,"href":"https:\/\/fmp-components.com\/hu\/wp-json\/wp\/v2\/product_cat?post=1601"},{"taxonomy":"product_tag","embeddable":true,"href":"https:\/\/fmp-components.com\/hu\/wp-json\/wp\/v2\/product_tag?post=1601"}],"curies":[{"name":"munkaf\u00fczet","href":"https:\/\/api.w.org\/{rel}","templated":true}]}}