{"id":1599,"date":"2024-12-23T06:59:20","date_gmt":"2024-12-23T06:59:20","guid":{"rendered":"https:\/\/fmp-components.com\/product\/customized-double-acting-telescopic-hydraulic-cylinder-for-dump-trailer\/"},"modified":"2024-12-23T08:26:07","modified_gmt":"2024-12-23T08:26:07","slug":"customized-double-acting-telescopic-hydraulic-cylinder-for-dump-trailer","status":"publish","type":"product","link":"https:\/\/fmp-components.com\/hu\/product\/customized-double-acting-telescopic-hydraulic-cylinder-for-dump-trailer\/","title":{"rendered":"Testreszabott kett\u0151s m\u0171k\u00f6d\u00e9s\u0171 teleszk\u00f3pos hidraulikus henger d\u00f6mperhez"},"content":{"rendered":"<h2>Bemutatkozik a d\u00f6mper p\u00f3tkocsihoz val\u00f3, testreszabott kett\u0151s m\u0171k\u00f6d\u00e9s\u0171 teleszk\u00f3pos hidraulikus henger:<\/h2>\n<p>A testreszabott kett\u0151s m\u0171k\u00f6d\u00e9s\u0171 teleszk\u00f3pos hidraulikus henger kifejezetten d\u00f6mperekhez k\u00e9sz\u00fclt, kiv\u00e1l\u00f3 teljes\u00edtm\u00e9nyt \u00e9s tart\u00f3ss\u00e1got biztos\u00edtva. Ez a kiv\u00e1l\u00f3 min\u0151s\u00e9g\u0171 hidraulikus henger \u00fagy van kialak\u00edtva, hogy ellen\u00e1lljon a neh\u00e9z terhel\u00e9seknek \u00e9s a zord munkak\u00f6r\u00fclm\u00e9nyeknek.<\/p>\n<p>F\u0151bb jellemz\u0151k:<\/p>\n<p>1. Kett\u0151s m\u0171k\u00f6d\u00e9s\u0171: A henger \u00fagy van kialak\u00edtva, hogy mind kiny\u00fal\u00f3, mind visszah\u00faz\u00f3 mozg\u00e1sban m\u0171k\u00f6dj\u00f6n, biztos\u00edtva a hat\u00e9kony \u00e9s sokoldal\u00fa haszn\u00e1latot.<\/p>\n<p>2. Teleszk\u00f3pos kialak\u00edt\u00e1s: Teleszk\u00f3pos szerkezet\u00e9nek k\u00f6sz\u00f6nhet\u0151en ez a hidraulikus henger t\u00f6bb kiny\u00fal\u00e1si fokozatot k\u00edn\u00e1l, ami fokozott emel\u00e9si k\u00e9pess\u00e9get \u00e9s jobb vez\u00e9rl\u00e9st tesz lehet\u0151v\u00e9.<\/p>\n<p>3. Testreszabhat\u00f3: A henger testreszabhat\u00f3 az adott k\u00f6vetelm\u00e9nyeknek megfelel\u0151en, bele\u00e9rtve a l\u00f6kethosszt, a r\u00f6gz\u00edt\u00e9si lehet\u0151s\u00e9geket \u00e9s a nyom\u00e1sbesorol\u00e1sokat. Ez a rugalmass\u00e1g biztos\u00edtja a z\u00f6kken\u0151mentes integr\u00e1ci\u00f3t a k\u00fcl\u00f6nf\u00e9le d\u00f6mperp\u00f3tkocsi-alkalmaz\u00e1sokba.<\/p>\n<p>4. Kiv\u00e1l\u00f3 szil\u00e1rds\u00e1g: Pr\u00e9mium anyagokb\u00f3l k\u00e9sz\u00fclt, a henger kiv\u00e9teles szil\u00e1rds\u00e1ggal \u00e9s rugalmass\u00e1ggal b\u00fcszk\u00e9lkedhet, optim\u00e1lis teljes\u00edtm\u00e9nyt ny\u00fajtva m\u00e9g extr\u00e9m terhel\u00e9sek eset\u00e9n is.<\/p>\n<p>5. Prec\u00edzi\u00f3s m\u00e9rn\u00f6ki munka: Minden egyes hengert apr\u00f3l\u00e9kosan kidolgoznak a prec\u00edz mozg\u00e1s \u00e9s a z\u00f6kken\u0151mentes m\u0171k\u00f6d\u00e9s biztos\u00edt\u00e1sa \u00e9rdek\u00e9ben, garant\u00e1lva a megb\u00edzhat\u00f3 \u00e9s k\u00f6vetkezetes teljes\u00edtm\u00e9nyt.<\/p>\n<p>6. K\u00f6nny\u0171 telep\u00edt\u00e9s: A hengert az egyszer\u0171 telep\u00edt\u00e9sre tervezt\u00e9k, minimaliz\u00e1lva az \u00e1ll\u00e1sid\u0151t \u00e9s maximaliz\u00e1lva a termel\u00e9kenys\u00e9get.<\/p>\n<p>Alkalmaz\u00e1sok:<\/p>\n<p>A testreszabott kett\u0151s m\u0171k\u00f6d\u00e9s\u0171 teleszk\u00f3pos hidraulikus henger sz\u00e9les k\u00f6r\u0171 d\u00f6mperes alkalmaz\u00e1sokhoz alkalmas, bele\u00e9rtve az \u00e9p\u00edtkez\u00e9seket, a b\u00e1ny\u00e1szati \u200b\u200bm\u0171veleteket, a mez\u0151gazdas\u00e1got \u00e9s a sz\u00e1ll\u00edt\u00e1st. Robusztus kialak\u00edt\u00e1s\u00e1nak \u00e9s megb\u00edzhat\u00f3 teljes\u00edtm\u00e9ny\u00e9nek k\u00f6sz\u00f6nhet\u0151en ide\u00e1lis v\u00e1laszt\u00e1s neh\u00e9z munkak\u00f6rnyezetekhez.<\/p>\n<table style=\"width: 100%;\" border=\"1\" width=\"100%\" cellspacing=\"0\" cellpadding=\"0\">\n<tbody>\n<tr>\n<th>Term\u00e9k neve<\/th>\n<td>Testreszabott kett\u0151s m\u0171k\u00f6d\u00e9s\u0171 teleszk\u00f3pos hidraulikus henger d\u00f6mperhez<\/td>\n<\/tr>\n<tr>\n<th>\u00c1llapot<\/th>\n<td>\u00daj<\/td>\n<\/tr>\n<tr>\n<th>Garancia<\/th>\n<td>1 \u00e9v<\/td>\n<\/tr>\n<tr>\n<th>Max. tol\u00f3er\u0151<\/th>\n<td>3000<\/td>\n<\/tr>\n<tr>\n<th>Max. h\u00faz\u00f3er\u0151<\/th>\n<td>20 tonna<\/td>\n<\/tr>\n<tr>\n<th>Tervez\u00e9s<\/th>\n<td>Kett\u0151s m\u0171k\u00f6d\u00e9s\u0171 teleszk\u00f3pos henger<\/td>\n<\/tr>\n<tr>\n<th>Alapvet\u0151 \u00f6sszetev\u0151k<\/th>\n<td>Csap\u00e1gy \u00e9s dugatty\u00fahenger<\/td>\n<\/tr>\n<tr>\n<th>Anyag<\/th>\n<td>Robusztus ac\u00e9l<\/td>\n<\/tr>\n<tr>\n<th>T\u00e1pegys\u00e9g<\/th>\n<td>Hidraulikus<\/td>\n<\/tr>\n<tr>\n<th>Tan\u00fas\u00edtv\u00e1ny<\/th>\n<td>ISO9001:2000<\/td>\n<\/tr>\n<tr>\n<th>Teljes\u00edtm\u00e9ny<\/th>\n<td>Kiv\u00e9teles tart\u00f3ss\u00e1g \u00e9s sokoldal\u00fas\u00e1g<\/td>\n<\/tr>\n<tr>\n<th>Alkalmazhat\u00f3 ipar\u00e1gak<\/th>\n<td>Gy\u00e1rt\u00f3\u00fczemek, G\u00e9pjav\u00edt\u00f3 m\u0171helyek, Mez\u0151gazdas\u00e1g, Energia \u00e9s b\u00e1ny\u00e1szat, G\u00e9pgy\u00e1rt\u00e1s, G\u00e9pgy\u00e1rak<\/td>\n<\/tr>\n<\/tbody>\n<\/table>\n<p><img decoding=\"async\" src=\"https:\/\/hzpt.com\/wp-content\/uploads\/2023\/11\/Inverted-Telescopic-Cylinder-10.webp\" alt=\"\" title=\"\"><\/p>\n<h2>A kett\u0151s m\u0171k\u00f6d\u00e9s\u0171 teleszk\u00f3pos hidraulikus henger jellemz\u0151i<\/h2>\n<p>Ez az innovat\u00edv hidraulikus henger sz\u00e1mos els\u0151 oszt\u00e1ly\u00fa funkci\u00f3val rendelkezik, amelyek kiemelked\u0151 term\u00e9kk\u00e9 teszik:<\/p>\n<ul>\n<li><b>Standard szerkezet:<\/b> A term\u00e9k szabv\u00e1nyos dugatty\u00fas hengeres szerkezettel rendelkezik, ami megb\u00edzhat\u00f3 teljes\u00edtm\u00e9nyt biztos\u00edt.<\/li>\n<li><b>Maxim\u00e1lis tol\u00f3er\u0151 \u00e9s h\u00faz\u00f3er\u0151:<\/b> Maxim\u00e1lis tol\u00f3ereje 3000 tonna, maxim\u00e1lis h\u00faz\u00f3ereje pedig 20 tonna, \u00edgy nagy teherb\u00edr\u00e1s\u00fa teljes\u00edtm\u00e9nyt ny\u00fajt.<\/li>\n<li><b>Min\u0151s\u00e9gi anyagok:<\/b> A massz\u00edv ac\u00e9lb\u00f3l k\u00e9sz\u00fclt henger tart\u00f3ss\u00e1got \u00e9s hossz\u00fa t\u00e1v\u00fa haszn\u00e1latot garant\u00e1l.<\/li>\n<li><b>Testreszab\u00e1s:<\/b> A henger fekete sz\u00ednben kaphat\u00f3, testreszabhat\u00f3 furatm\u00e9rettel, r\u00fadm\u00e9rettel, l\u00f6ketm\u00e9rettel \u00e9s csapm\u00e9rettel.<\/li>\n<li><b>Tan\u00fas\u00edtott:<\/b> A henger ISO9001:2000 tan\u00fas\u00edtv\u00e1nnyal rendelkezik, amely biztos\u00edtja a min\u0151s\u00e9get \u00e9s az ipari szabv\u00e1nyoknak val\u00f3 megfelel\u00e9st.<\/li>\n<\/ul>\n<h2>A hidraulikus henger alkalmaz\u00e1sai<\/h2>\n<p>A kett\u0151s m\u0171k\u00f6d\u00e9s\u0171 teleszk\u00f3pos hidraulikus henger ide\u00e1lis sz\u00e1mos ipar\u00e1g \u00e9s alkalmaz\u00e1s sz\u00e1m\u00e1ra. K\u00fcl\u00f6n\u00f6sen hasznos gy\u00e1rt\u00f3\u00fczemekben, g\u00e9pjav\u00edt\u00f3 m\u0171helyekben, mez\u0151gazdas\u00e1gi \u00fczemekben, energia- \u00e9s b\u00e1ny\u00e1szati \u200b\u200bszektorban, g\u00e9pgy\u00e1rt\u00e1sban \u00e9s g\u00e9pgy\u00e1rakban.<\/p>\n<p><img decoding=\"async\" src=\"https:\/\/hzpt.com\/wp-content\/uploads\/2023\/11\/Inverted-Telescopic-Cylinder-Applications.webp\" alt=\"Ford\u00edtott teleszk\u00f3pos henger alkalmaz\u00e1sok\" title=\"\"><\/p>\n<h2>A hidraulikus henger m\u0171k\u00f6d\u00e9si elve \u00e9s karbantart\u00e1sa<\/h2>\n<p>A kett\u0151s m\u0171k\u00f6d\u00e9s\u0171 teleszk\u00f3pos hidraulikus henger a folyad\u00e9kmechanika elvein alapul, ahol a hidraulikus nyom\u00e1s er\u0151t hoz l\u00e9tre, amely mozgatja a henger dugatty\u00faj\u00e1t. Ez a m\u0171k\u00f6d\u00e9s er\u0151s tol\u00f3er\u0151t vagy h\u00faz\u00f3er\u0151t hozhat l\u00e9tre, amely k\u00fcl\u00f6nf\u00e9le ipari alkalmaz\u00e1sokhoz alkalmas. \u00cdme n\u00e9h\u00e1ny fontos karbantart\u00e1si tipp a henger hossz\u00fa \u00e9lettartam\u00e1nak biztos\u00edt\u00e1s\u00e1hoz:<\/p>\n<p><img decoding=\"async\" src=\"https:\/\/hzpt.com\/wp-content\/uploads\/2023\/11\/Inverted-Telescopic-Cylinder-17.webp\" alt=\"\" title=\"\"><\/p>\n<ul>\n<li><b>Rendszeres ellen\u0151rz\u00e9sek:<\/b> Rendszeresen ellen\u0151rizze a hengert kop\u00e1s, szakad\u00e1s vagy s\u00e9r\u00fcl\u00e9s szempontj\u00e1b\u00f3l. A korai felismer\u00e9s megel\u0151zheti a tov\u00e1bbi probl\u00e9m\u00e1kat.<\/li>\n<li><b>Tiszt\u00edt\u00e1s:<\/b> Tartsa tiszt\u00e1n a hengert, hogy elker\u00fclje a lerak\u00f3d\u00e1sokat, amelyek akad\u00e1lyozhatj\u00e1k a m\u0171k\u00f6d\u00e9s\u00e9t.<\/li>\n<li><b>Ken\u00e9s:<\/b> Rendszeresen kenje meg a hengert a sima m\u0171k\u00f6d\u00e9s biztos\u00edt\u00e1sa \u00e9s a s\u00farl\u00f3d\u00e1s cs\u00f6kkent\u00e9se \u00e9rdek\u00e9ben.<\/li>\n<li><b>Jav\u00edt\u00e1s \u00e9s csere:<\/b> B\u00e1rmilyen s\u00e9r\u00fcl\u00e9s eset\u00e9n gondoskodjon az id\u0151ben t\u00f6rt\u00e9n\u0151 jav\u00edt\u00e1sr\u00f3l vagy cser\u00e9r\u0151l, hogy elker\u00fclje a m\u0171k\u00f6d\u00e9si zavarokat.<\/li>\n<li><b>K\u00f6vesd a k\u00e9zik\u00f6nyvet:<\/b> A pontos \u00fczemeltet\u00e9si \u00e9s karbantart\u00e1si ir\u00e1nyelvek \u00e9rdek\u00e9ben mindig tartsa be a kezel\u00e9si \u00fatmutat\u00f3t.<\/li>\n<\/ul>\n<h2>Ford\u00edtott teleszk\u00f3pos henger<\/h2>\n<p>A d\u00f6mperekhez val\u00f3, testreszabott kett\u0151s m\u0171k\u00f6d\u00e9s\u0171 teleszk\u00f3pos hidraulikus henger egy speci\u00e1lis t\u00edpus\u00fa hidraulikus henger, amelyet sz\u00e9les k\u00f6rben haszn\u00e1lnak k\u00fcl\u00f6nb\u00f6z\u0151 ipar\u00e1gakban, k\u00fcl\u00f6n\u00f6sen az \u00e9p\u00edt\u0151iparban \u00e9s a sz\u00e1ll\u00edtm\u00e1nyoz\u00e1si szektorban. Ez az innovat\u00edv hengerkialak\u00edt\u00e1s sz\u00e1mos el\u0151nnyel j\u00e1r, bele\u00e9rtve a megn\u00f6velt emel\u0151kapacit\u00e1st, a jobb stabilit\u00e1st \u00e9s a neh\u00e9z terhek mozgat\u00e1s\u00e1nak fokozott ir\u00e1ny\u00edt\u00e1s\u00e1t.<\/p>\n<p>A d\u00f6mper p\u00f3tkocsikhoz val\u00f3, testreszabott kett\u0151s m\u0171k\u00f6d\u00e9s\u0171 teleszk\u00f3pos hidraulikus munkahenger egyik legfontosabb jellemz\u0151je a ford\u00edtott teleszk\u00f3pos kialak\u00edt\u00e1s. Ez azt jelenti, hogy a henger legk\u00fcls\u0151 fokozata a legnagyobb, \u00e9s minden tov\u00e1bbi fokozat fokozatosan kisebb. Ez az egyedi elrendez\u00e9s lehet\u0151v\u00e9 teszi a kompakt beh\u00fazott hossz\u00fas\u00e1got, mik\u00f6zben sz\u00fcks\u00e9g eset\u00e9n meghosszabb\u00edtott l\u00f6kethosszt biztos\u00edt. A ford\u00edtott teleszk\u00f3pos konfigur\u00e1ci\u00f3 hozz\u00e1j\u00e1rul a henger \u00e1ltal\u00e1nos stabilit\u00e1s\u00e1hoz \u00e9s tart\u00f3ss\u00e1g\u00e1hoz is.<\/p>\n<p>Most pedig vizsg\u00e1ljuk meg a d\u00f6mper p\u00f3tkocsihoz val\u00f3 testreszabott kett\u0151s m\u0171k\u00f6d\u00e9s\u0171 teleszk\u00f3pos hidraulikus henger el\u0151nyeit:<\/p>\n<ol>\n<li><strong>Megn\u00f6velt teherb\u00edr\u00e1s:<\/strong> A ford\u00edtott teleszk\u00f3pos kialak\u00edt\u00e1s lehet\u0151v\u00e9 teszi a henger sz\u00e1m\u00e1ra, hogy nagyobb terheket tartson a hagyom\u00e1nyos hidraulikus hengerekhez k\u00e9pest. Ez a nagyobb k\u00fcls\u0151 fokozat megn\u00f6velt fel\u00fclet\u00e9nek k\u00f6sz\u00f6nhet\u0151, ami jobb s\u00falyeloszt\u00e1st \u00e9s teherb\u00edr\u00e1st tesz lehet\u0151v\u00e9.<\/li>\n<li><strong>Fokozott vez\u00e9rl\u00e9s:<\/strong> A d\u00f6mper p\u00f3tkocsihoz val\u00f3, testreszabott, kett\u0151s m\u0171k\u00f6d\u00e9s\u0171 teleszk\u00f3pos hidraulikus munkahenger kiv\u00e9teles kontrollt biztos\u00edt a d\u00f6mper mozg\u00e1sa felett. A t\u00f6bbl\u00e9pcs\u0151s kialak\u00edt\u00e1s lehet\u0151v\u00e9 teszi a prec\u00edz pozicion\u00e1l\u00e1st \u00e9s a sima m\u0171k\u00f6d\u00e9st, biztos\u00edtva az anyagok biztons\u00e1gos \u00e9s hat\u00e9kony be- \u00e9s kirakod\u00e1s\u00e1t.<\/li>\n<li><strong>Fokozott stabilit\u00e1s:<\/strong> A ford\u00edtott teleszk\u00f3pos elrendez\u00e9s jobb stabilit\u00e1st biztos\u00edt az emel\u00e9si \u00e9s s\u00fcllyeszt\u00e9si folyamat sor\u00e1n. A nagyobb k\u00fcls\u0151 \u00e1llv\u00e1ny szil\u00e1rd alapot biztos\u00edt, minimaliz\u00e1lva a felborul\u00e1s vagy felborul\u00e1s kock\u00e1zat\u00e1t neh\u00e9z terhek kezel\u00e9sekor.<\/li>\n<li><strong>Testreszab\u00e1si lehet\u0151s\u00e9gek:<\/strong> A d\u00f6mperp\u00f3tkocsikhoz val\u00f3, testreszabott kett\u0151s m\u0171k\u00f6d\u00e9s\u0171 teleszk\u00f3pos hidraulikus henger az adott ig\u00e9nyekhez igaz\u00edthat\u00f3. Ez mag\u00e1ban foglalja a l\u00f6kethossz, a furatm\u00e9ret \u00e9s a r\u00f6gz\u00edt\u00e9si konfigur\u00e1ci\u00f3k testreszab\u00e1s\u00e1t. Ezek az opci\u00f3k biztos\u00edtj\u00e1k a kompatibilit\u00e1st a k\u00fcl\u00f6nb\u00f6z\u0151 d\u00f6mperp\u00f3tkocsi-kialak\u00edt\u00e1sokkal \u00e9s alkalmaz\u00e1sokkal.<\/li>\n<\/ol>\n<p>\u00d6sszefoglalva, a d\u00f6mperp\u00f3tkocsikhoz val\u00f3 testreszabott kett\u0151s m\u0171k\u00f6d\u00e9s\u0171 teleszk\u00f3pos hidraulikus henger egy sokoldal\u00fa \u00e9s megb\u00edzhat\u00f3 hidraulikus henger megold\u00e1s. Ford\u00edtott teleszk\u00f3pos kialak\u00edt\u00e1sa, megn\u00f6velt emel\u0151kapacit\u00e1sa, fokozott szab\u00e1lyozhat\u00f3s\u00e1ga, jobb stabilit\u00e1sa \u00e9s testreszab\u00e1si lehet\u0151s\u00e9gei ide\u00e1lis v\u00e1laszt\u00e1ss\u00e1 teszik sz\u00e1mos ipar\u00e1g sz\u00e1m\u00e1ra. Ak\u00e1r az \u00e9p\u00edt\u0151iparban, ak\u00e1r a sz\u00e1ll\u00edtm\u00e1nyoz\u00e1si szektorban van, ez a henger kiv\u00e1l\u00f3 teljes\u00edtm\u00e9nyt \u00e9s hat\u00e9konys\u00e1got k\u00edn\u00e1l, biztos\u00edtva az optim\u00e1lis termel\u00e9kenys\u00e9get \u00e9s biztons\u00e1got a d\u00f6mperp\u00f3tkocsik \u00fczemeltet\u00e9se sor\u00e1n.<\/p>\n<h3>Az FMP hidraulikus hengerr\u0151l<\/h3>\n<p>Az FMP egy vezet\u0151 v\u00e1llalat, amely kiv\u00e1l\u00f3 min\u0151s\u00e9g\u0171 \u00e9p\u00edt\u0151ipari g\u00e9palkatr\u00e9szek \u00e9s komplett g\u00e9pek \u00e9rt\u00e9kes\u00edt\u00e9s\u00e9re \u00e9s szervizel\u00e9s\u00e9re specializ\u00e1l\u00f3dott. Hidraulikus henger\u00fcnk az egyik legkelend\u0151bb term\u00e9k\u00fcnk, \u00e9s b\u00fcszk\u00e9n mutatjuk be \u00fcgyfeleinknek a tulajdons\u00e1gait \u00e9s el\u0151nyeit:<\/p>\n<ol>\n<li><strong>Robusztus \u00e9s tart\u00f3s:<\/strong> Hidraulikus henger\u00fcnk kiv\u00e1l\u00f3 min\u0151s\u00e9g\u0171 anyagokb\u00f3l k\u00e9sz\u00fcl, amelyek biztos\u00edtj\u00e1k a tart\u00f3ss\u00e1g\u00e1t \u00e9s hossz\u00fa \u00e9lettartam\u00e1t. \u00dagy tervezt\u00e9k, hogy ellen\u00e1lljon a zord k\u00f6rnyezetnek \u00e9s a nagy ig\u00e9nybev\u00e9tel\u0171 m\u0171veleteknek, \u00edgy ide\u00e1lis v\u00e1laszt\u00e1s \u00e9p\u00edt\u0151ipari g\u00e9pekhez.<\/li>\n<li><strong>Testreszabhat\u00f3:<\/strong> Sz\u00e9les v\u00e1laszt\u00e9kban k\u00edn\u00e1lunk hidraulikus hengereket, bele\u00e9rtve az \u00e1ll\u00edthat\u00f3 kengyeles hengereket, a rudas hengereket \u00e9s a hegesztett hengereket. Szak\u00e9rt\u0151i csapatunk az \u00d6n egyedi ig\u00e9nyei \u00e9s specifik\u00e1ci\u00f3i alapj\u00e1n testre is szabja a hengereket.<\/li>\n<li><strong>Sima \u00e9s hat\u00e9kony:<\/strong> Hidraulikus henger\u00fcnk kiv\u00e1l\u00f3 min\u0151s\u00e9g\u0171 dugatty\u00fa- \u00e9s r\u00fadt\u00f6m\u00edt\u00e9ssel rendelkezik, amely biztos\u00edtja a sima \u00e9s hat\u00e9kony m\u0171k\u00f6d\u00e9st. Kompakt kialak\u00edt\u00e1s\u00e1nak k\u00f6sz\u00f6nhet\u0151en helyet takar\u00edt meg a be\u00e9p\u00edt\u00e9s sor\u00e1n, \u00e9s cs\u00f6kkenti az energiafogyaszt\u00e1st.<\/li>\n<li><strong>K\u00f6lts\u00e9ghat\u00e9kony:<\/strong> Hidraulikus henger\u00fcnk versenyk\u00e9pes \u00e1ron, magas min\u0151s\u00e9gi sz\u00ednvonal mellett kaphat\u00f3. Alacsony karbantart\u00e1si ig\u00e9nye \u00e9s hossz\u00fa \u00e9lettartama cs\u00f6kkenti \u00fcgyfeleink \u00fczemeltet\u00e9si k\u00f6lts\u00e9geit is.<\/li>\n<li><strong>Kiv\u00e1l\u00f3 \u00fcgyf\u00e9lszolg\u00e1lat:<\/strong> Az FMP-n\u00e9l tapasztalt \u00e9s profi \u00e9rt\u00e9kes\u00edt\u00e9si k\u00e9pvisel\u0151kb\u0151l \u00e1ll\u00f3 csapatunk szak\u00e9rt\u0151 term\u00e9ktan\u00e1csad\u00e1st \u00e9s intelligens v\u00e1s\u00e1rl\u00e1si javaslatokat ny\u00fajt. Hat\u00e9kony logisztikai eloszt\u00e1si rendszerrel is rendelkez\u00fcnk, amely biztos\u00edtja term\u00e9keink id\u0151ben \u00e9s pontos kisz\u00e1ll\u00edt\u00e1s\u00e1t \u00fcgyfeleink sz\u00e1m\u00e1ra.<\/li>\n<\/ol>\n<p>Mivel v\u00e1llalatunk m\u00e1r \u00e9vek \u00f3ta jelen van az ipar\u00e1gban, elk\u00f6telezettek vagyunk amellett, hogy \u00fcgyfeleinknek a legjobb term\u00e9keket \u00e9s szolg\u00e1ltat\u00e1sokat ny\u00fajtsuk. Az FMP hidraulikus hengerrel biztos lehet benne, hogy megb\u00edzhat\u00f3 \u00e9s nagy teljes\u00edtm\u00e9ny\u0171 hidraulikus rendszerrel rendelkezik \u00e9p\u00edt\u0151ipari g\u00e9pei ig\u00e9nyeihez.<\/p>\n<p><img decoding=\"async\" src=\"https:\/\/fmp-components.com\/wp-content\/uploads\/2024\/12\/Adjustable-Clevis-Type-Cylinders-6.webp\" alt=\"\u00c1ll\u00edthat\u00f3 kengyeles henger\" width=\"801\" title=\"\"><br \/>\nSzerz\u0151: CX<\/p>","protected":false},"excerpt":{"rendered":"<p>Introducing the Customized Double Acting Telescopic Hydraulic Cylinder For Dump Trailer: The Customized Double Acting Telescopic Hydraulic Cylinder is specifically designed for dump trailers, providing excellent performance and durability. This high-quality hydraulic cylinder is engineered to withstand heavy loads and harsh working conditions. Key Features: 1. Double Acting: The cylinder is designed to function in [&hellip;]<\/p>","protected":false},"featured_media":1600,"comment_status":"closed","ping_status":"closed","template":"","meta":{"_et_pb_use_builder":"","_et_pb_old_content":"","_et_gb_content_width":""},"product_brand":[],"product_cat":[45],"product_tag":[34,48],"class_list":{"0":"post-1599","1":"product","2":"type-product","3":"status-publish","4":"has-post-thumbnail","6":"product_cat-inverted-telescopic-cylinder","7":"product_tag-hydraulic-cylinder","8":"product_tag-inverted-telescopic-cylinder","10":"first","11":"instock","12":"product-type-simple"},"_links":{"self":[{"href":"https:\/\/fmp-components.com\/hu\/wp-json\/wp\/v2\/product\/1599","targetHints":{"allow":["GET"]}}],"collection":[{"href":"https:\/\/fmp-components.com\/hu\/wp-json\/wp\/v2\/product"}],"about":[{"href":"https:\/\/fmp-components.com\/hu\/wp-json\/wp\/v2\/types\/product"}],"replies":[{"embeddable":true,"href":"https:\/\/fmp-components.com\/hu\/wp-json\/wp\/v2\/comments?post=1599"}],"wp:featuredmedia":[{"embeddable":true,"href":"https:\/\/fmp-components.com\/hu\/wp-json\/wp\/v2\/media\/1600"}],"wp:attachment":[{"href":"https:\/\/fmp-components.com\/hu\/wp-json\/wp\/v2\/media?parent=1599"}],"wp:term":[{"taxonomy":"product_brand","embeddable":true,"href":"https:\/\/fmp-components.com\/hu\/wp-json\/wp\/v2\/product_brand?post=1599"},{"taxonomy":"product_cat","embeddable":true,"href":"https:\/\/fmp-components.com\/hu\/wp-json\/wp\/v2\/product_cat?post=1599"},{"taxonomy":"product_tag","embeddable":true,"href":"https:\/\/fmp-components.com\/hu\/wp-json\/wp\/v2\/product_tag?post=1599"}],"curies":[{"name":"munkaf\u00fczet","href":"https:\/\/api.w.org\/{rel}","templated":true}]}}