{"id":1534,"date":"2024-12-23T05:51:36","date_gmt":"2024-12-23T05:51:36","guid":{"rendered":"https:\/\/fmp-components.com\/product\/china-supplier-two-way-hydraulic-piston-cylinder-welded-hydraulic-cylinder\/"},"modified":"2024-12-23T08:46:15","modified_gmt":"2024-12-23T08:46:15","slug":"italy-supplier-two-way-hydraulic-piston-cylinder-welded-hydraulic-cylinder","status":"publish","type":"product","link":"https:\/\/fmp-components.com\/hu\/product\/italy-supplier-two-way-hydraulic-piston-cylinder-welded-hydraulic-cylinder\/","title":{"rendered":"Olaszorsz\u00e1gi sz\u00e1ll\u00edt\u00f3 k\u00e9tir\u00e1ny\u00fa hidraulikus dugatty\u00fas henger hegesztett hidraulikus henger"},"content":{"rendered":"<h2>Olaszorsz\u00e1gi sz\u00e1ll\u00edt\u00f3 k\u00e9tir\u00e1ny\u00fa hidraulikus dugatty\u00fas henger hegesztett hidraulikus henger<\/h2>\n<p>Az olasz besz\u00e1ll\u00edt\u00f3 \u00e1ltal gy\u00e1rtott k\u00e9tir\u00e1ny\u00fa hidraulikus dugatty\u00fas hengeres hegesztett hidraulikus henger egy kiv\u00e1l\u00f3 min\u0151s\u00e9g\u0171 hidraulikus henger, amelyet nagy ig\u00e9nybev\u00e9tel\u0171 alkalmaz\u00e1sokhoz terveztek. Ez a hidraulikus henger kifejezetten a nagy nyom\u00e1s, a magas h\u0151m\u00e9rs\u00e9klet \u00e9s a zord k\u00f6rnyezeti felt\u00e9telek elvisel\u00e9s\u00e9re lett tervezve.<\/p>\n<p>A dugatty\u00fas henger kiv\u00e1l\u00f3 min\u0151s\u00e9g\u0171 anyagokb\u00f3l k\u00e9sz\u00fclt, amelyek tart\u00f3ss\u00e1got \u00e9s szil\u00e1rds\u00e1got biztos\u00edtanak. A hengert fejlett technik\u00e1kkal hegesztett\u00e9k, amelyek garant\u00e1lj\u00e1k a precizit\u00e1st \u00e9s a megb\u00edzhat\u00f3s\u00e1got. K\u00e9tir\u00e1ny\u00fa kialak\u00edt\u00e1s\u00e1nak k\u00f6sz\u00f6nhet\u0151en ez a hidraulikus henger sima \u00e9s k\u00f6vetkezetes mozg\u00e1st biztos\u00edt mindk\u00e9t ir\u00e1nyban.<\/p>\n<p>Ez a hidraulikus dugatty\u00fas henger ide\u00e1lis az \u00e9p\u00edt\u0151iparban, b\u00e1ny\u00e1szatban, mez\u0151gazdas\u00e1gban \u00e9s m\u00e1s neh\u00e9ziparban val\u00f3 haszn\u00e1latra. Kifejezetten neh\u00e9z k\u00f6r\u00fclm\u00e9nyekre tervezt\u00e9k, \u00e9s tart\u00f3s haszn\u00e1latra k\u00e9sz\u00fclt.<\/p>\n<p><img decoding=\"async\" title=\"H\u00f3eke hidraulikus henger\" src=\"https:\/\/hzpt.com\/wp-content\/uploads\/2023\/11\/Snow-Plow-Hydraulic-Cylinder-2.webp\" alt=\"H\u00f3eke hidraulikus henger\" \/><\/p>\n<p>\u00d6sszefoglalva, az olasz besz\u00e1ll\u00edt\u00f3 \u00e1ltal gy\u00e1rtott k\u00e9tir\u00e1ny\u00fa hidraulikus dugatty\u00fas hengeres hegesztett hidraulikus henger egy cs\u00facskateg\u00f3ri\u00e1s hidraulikus henger, amely kiemelked\u0151 teljes\u00edtm\u00e9nyt \u00e9s megb\u00edzhat\u00f3s\u00e1got k\u00edn\u00e1l. Ak\u00e1r neh\u00e9zg\u00e9pekhez, ak\u00e1r berendez\u00e9sekhez keres hidraulikus hengert, ez a term\u00e9k kiv\u00e1l\u00f3 v\u00e1laszt\u00e1s.<\/p>\n<h2>A term\u00e9kr\u0151l<\/h2>\n<p>Olaszorsz\u00e1g vezet\u0151 besz\u00e1ll\u00edt\u00f3jak\u00e9nt b\u00fcszk\u00e9n mutatjuk be \u00faj, szabv\u00e1nyos, k\u00e9tir\u00e1ny\u00fa hidraulikus dugatty\u00fas henger\u00fcnket. Ez a kiv\u00e1l\u00f3 min\u0151s\u00e9g\u0171, hegesztett hidraulikus henger g\u00e9pjav\u00edt\u00f3 m\u0171helyek, mez\u0151gazdas\u00e1gi \u00fczemek, energia- \u00e9s b\u00e1ny\u00e1szati \u200b\u200bv\u00e1llalatok, g\u00e9pgy\u00e1rt\u00f3k \u00e9s egyebek ig\u00e9nyeinek kiel\u00e9g\u00edt\u00e9s\u00e9re k\u00e9sz\u00fclt. 6,4 kg-os s\u00faly\u00e1val k\u00f6nny\u0171 \u00e9s tart\u00f3s is, \u00edgy megb\u00edzhat\u00f3 teljes\u00edtm\u00e9nyt biztos\u00edt m\u00e9g nagy ig\u00e9nybev\u00e9tel\u0171 alkalmaz\u00e1sokban is.<\/p>\n<h3>Term\u00e9kjellemz\u0151k<\/h3>\n<ul>\n<li>\n<ul>\n<li><strong>Er\u0151s tol\u00f3er\u0151 \u00e9s h\u00faz\u00f3er\u0151:<\/strong> Dugatty\u00fas henger\u00fcnk maxim\u00e1lis tol\u00f3ereje 3000 tonna, maxim\u00e1lis h\u00faz\u00f3ereje pedig 20 tonna, \u00edgy kiv\u00e9teles teljes\u00edtm\u00e9nyt garant\u00e1l k\u00fcl\u00f6nf\u00e9le alkalmaz\u00e1sokban.<\/li>\n<li><strong>Min\u0151s\u00e9gi anyag:<\/strong> A henger teste ac\u00e9lb\u00f3l k\u00e9sz\u00fclt, ami hossz\u00fa t\u00e1v\u00fa tart\u00f3ss\u00e1got \u00e9s kop\u00e1s\u00e1ll\u00f3s\u00e1got biztos\u00edt.<\/li>\n<li><strong>Sokoldal\u00fa:<\/strong> Kifejezetten h\u00f3eke hidraulikus hengerk\u00e9nt tervezt\u00e9k, G\/SAE\/NPT\/M csatlakoz\u00f3kkal rendelkezik, \u00edgy sz\u00e9les k\u00f6r\u0171 alkalmaz\u00e1sokhoz alkalmas.<\/li>\n<li><strong>Garant\u00e1lt min\u0151s\u00e9g:<\/strong> A term\u00e9kre 1 \u00e9v garanci\u00e1t v\u00e1llalunk, \u00e9s olyan alapvet\u0151 alkatr\u00e9szeket tartalmaz, mint a csap\u00e1gyak \u00e9s a hidraulikus hengerek. Ezenk\u00edv\u00fcl ISO9001:2000 tan\u00fas\u00edtv\u00e1nnyal rendelkezik, amely kiv\u00e1l\u00f3 min\u0151s\u00e9get biztos\u00edt.<\/li>\n<\/ul>\n<\/li>\n<\/ul>\n<p><img decoding=\"async\" src=\"https:\/\/hzpt.com\/wp-content\/uploads\/2023\/11\/Snow-Plow-Hydraulic-Cylinder-4Factory.webp\" alt=\"Gy\u00e1ri k\u00e9p\" title=\"\"><\/p>\n<h2>Az \u00e1ll\u00edthat\u00f3 kengyeles hengerek el\u0151nyei<\/h2>\n<p>Az \u00e1ll\u00edthat\u00f3 kengyeles hengerek hidraulikus eszk\u00f6z\u00f6k, amelyeket k\u00fcl\u00f6nf\u00e9le ipari alkalmaz\u00e1sokban haszn\u00e1lnak. Ezek a hengerek sz\u00e1mos el\u0151nnyel rendelkeznek m\u00e1s t\u00edpus\u00fa hidraulikus hengerekkel szemben, \u00edgy sz\u00e1mos ipar\u00e1gban el\u0151nyben r\u00e9szes\u00edtik \u0151ket. Ebben a cikkben az \u00e1ll\u00edthat\u00f3 kengyeles hengerek el\u0151nyeit \u00e9s azt t\u00e1rgyaljuk, hogy mi\u00e9rt el\u0151ny\u00f6sek a k\u00fcl\u00f6nb\u00f6z\u0151 alkalmaz\u00e1sokban.<\/p>\n<p>1. Fokozott rugalmass\u00e1g:<br \/>\nAz \u00e1ll\u00edthat\u00f3 kengyeles hengerek fokozott rugalmass\u00e1got biztos\u00edtanak a l\u00f6kethossz be\u00e1ll\u00edt\u00e1sa ter\u00e9n. Az \u00e1ll\u00edthat\u00f3 kengyeles r\u00f6gz\u00edt\u00e9seknek k\u00f6sz\u00f6nhet\u0151en ezek a hengerek k\u00f6nnyen testreszabhat\u00f3k \u00e9s alkalmazkodnak a k\u00fcl\u00f6nb\u00f6z\u0151 telep\u00edt\u00e9si k\u00f6vetelm\u00e9nyekhez. Ez a rugalmass\u00e1g sz\u00e9les k\u00f6r\u0171 alkalmaz\u00e1si lehet\u0151s\u00e9gekk\u00e9 teszi \u0151ket, bele\u00e9rtve az \u00e9p\u00edt\u0151ipart, az anyagmozgat\u00e1st \u00e9s a gy\u00e1rt\u00f3ipart.<\/p>\n<p>2. Pontos pozicion\u00e1l\u00e1s:<br \/>\nAz \u00e1ll\u00edthat\u00f3 kengyeles hengerek egyik legfontosabb el\u0151nye a prec\u00edz pozicion\u00e1l\u00e1s k\u00e9pess\u00e9ge. Az \u00e1ll\u00edthat\u00f3 kengyeles r\u00f6gz\u00edt\u00e9sek lehet\u0151v\u00e9 teszik a henger l\u00f6kethossz\u00e1nak finomhangol\u00e1s\u00e1t, ami lehet\u0151v\u00e9 teszi a henger kitol\u00e1si \u00e9s visszah\u00faz\u00e1si mozg\u00e1s\u00e1nak pontos szab\u00e1lyoz\u00e1s\u00e1t. Ez a prec\u00edz pozicion\u00e1l\u00e1si k\u00e9pess\u00e9g elengedhetetlen azokban az alkalmaz\u00e1sokban, ahol a pontoss\u00e1g \u00e9s a szab\u00e1lyoz\u00e1s kulcsfontoss\u00e1g\u00fa, p\u00e9ld\u00e1ul a robotik\u00e1ban \u00e9s az automatiz\u00e1l\u00e1si rendszerekben.<\/p>\n<p>3. Tart\u00f3ss\u00e1g \u00e9s szil\u00e1rds\u00e1g:<br \/>\nAz \u00e1ll\u00edthat\u00f3 kengyeles hengereket \u00fagy tervezt\u00e9k, hogy ellen\u00e1lljanak a nagy terhel\u00e9seknek \u00e9s a zord \u00fczemi k\u00f6r\u00fclm\u00e9nyeknek. Ezek a hengerek kiv\u00e1l\u00f3 min\u0151s\u00e9g\u0171 anyagokb\u00f3l k\u00e9sz\u00fclnek, \u00e9s szigor\u00fa tesztel\u00e9sen esnek \u00e1t a tart\u00f3ss\u00e1g \u00e9s a szil\u00e1rds\u00e1g biztos\u00edt\u00e1sa \u00e9rdek\u00e9ben. Robusztus konstrukci\u00f3juknak k\u00f6sz\u00f6nhet\u0151en ellen\u00e1llnak a nagy nyom\u00e1s\u00fa k\u00f6rnyezetnek \u00e9s az ism\u00e9tl\u0151d\u0151 haszn\u00e1latnak a teljes\u00edtm\u00e9ny fel\u00e1ldoz\u00e1sa n\u00e9lk\u00fcl, \u00edgy ide\u00e1lisak az olyan ig\u00e9nyes alkalmaz\u00e1sokhoz, mint a b\u00e1ny\u00e1szat \u00e9s a mez\u0151gazdas\u00e1g.<\/p>\n<p>4. Hat\u00e9kony energia\u00e1talak\u00edt\u00e1s:<br \/>\nAz \u00e1ll\u00edthat\u00f3 kengyeles hengerek tov\u00e1bbi el\u0151nye a hat\u00e9kony energia\u00e1talak\u00edt\u00e1s. Ezek a hengerek hidraulikus nyom\u00e1st haszn\u00e1lnak a mechanikai energia line\u00e1ris mozg\u00e1ss\u00e1 alak\u00edt\u00e1s\u00e1ra. A folyad\u00e9kok erej\u00e9t kihaszn\u00e1lva a hengerek jelent\u0151s er\u0151t tudnak el\u0151\u00e1ll\u00edtani viszonylag kis bemeneti teljes\u00edtm\u00e9nnyel. Ez az energiahat\u00e9kony m\u0171k\u00f6d\u00e9s cs\u00f6kkenti az energiafogyaszt\u00e1st, \u00e9s hozz\u00e1j\u00e1rul az \u00e1ltal\u00e1nos \u00fczemeltet\u00e9si k\u00f6lts\u00e9gek megtakar\u00edt\u00e1s\u00e1hoz.<\/p>\n<p>5. K\u00f6nny\u0171 karbantart\u00e1s:<br \/>\nAz \u00e1ll\u00edthat\u00f3 kengyeles hengereket a k\u00f6nny\u0171 karbantart\u00e1s \u00e9s szervizelhet\u0151s\u00e9g jegy\u00e9ben tervezt\u00e9k. Gyakran olyan funkci\u00f3kkal rendelkeznek, mint a levehet\u0151 kengyeles csapok \u00e9s t\u00f6m\u00edt\u0151k\u00e9szletek, amelyek megk\u00f6nny\u00edtik a rendszeres karbantart\u00e1si feladatok elv\u00e9gz\u00e9s\u00e9t. Ezenk\u00edv\u00fcl ezek a hengerek hosszabb \u00e9lettartammal rendelkeznek m\u00e1s t\u00edpusokhoz k\u00e9pest, ami cs\u00f6kkenti a cser\u00e9k gyakoris\u00e1g\u00e1t \u00e9s a kapcsol\u00f3d\u00f3 \u00e1ll\u00e1sid\u0151t.<\/p>\n<p>\u00d6sszefoglalva, az \u00e1ll\u00edthat\u00f3 kengyeles hengerek sz\u00e1mos el\u0151nnyel rendelkeznek, amelyek megb\u00edzhat\u00f3 v\u00e1laszt\u00e1ss\u00e1 teszik \u0151ket k\u00fcl\u00f6nb\u00f6z\u0151 ipari alkalmaz\u00e1sokhoz. Fokozott rugalmass\u00e1guk, prec\u00edz pozicion\u00e1l\u00e1suk, tart\u00f3ss\u00e1guk \u00e9s szil\u00e1rds\u00e1guk, hat\u00e9kony energia\u00e1talak\u00edt\u00e1suk \u00e9s egyszer\u0171 karbantart\u00e1suk hozz\u00e1j\u00e1rul a jobb teljes\u00edtm\u00e9nyhez \u00e9s k\u00f6lts\u00e9ghat\u00e9konys\u00e1ghoz. Ak\u00e1r \u00e9p\u00edt\u0151iparban, ak\u00e1r anyagmozgat\u00e1sban, ak\u00e1r gy\u00e1rt\u00f3iparban dolgoznak, ezek a hengerek biztos\u00edtj\u00e1k a sz\u00fcks\u00e9ges teljes\u00edtm\u00e9nyt \u00e9s vez\u00e9rl\u00e9st az adott alkalmaz\u00e1si k\u00f6vetelm\u00e9nyek kiel\u00e9g\u00edt\u00e9s\u00e9hez. Fontolja meg egy olaszorsz\u00e1gi besz\u00e1ll\u00edt\u00f3 kiv\u00e1laszt\u00e1s\u00e1t az \u00e1ll\u00edthat\u00f3 kengyeles hengerekhez, p\u00e9ld\u00e1ul a k\u00e9tir\u00e1ny\u00fa hidraulikus dugatty\u00fas hengerhez vagy a hegesztett hidraulikus hengerhez, hogy biztos\u00edtsa a kiv\u00e1l\u00f3 min\u0151s\u00e9g\u0171 term\u00e9keket \u00e9s a megb\u00edzhat\u00f3 teljes\u00edtm\u00e9nyt.<\/p>\n<h3>Az FMP-r\u0151l<\/h3>\n<p>Az FMP-n\u00e9l \u00e9p\u00edt\u0151ipari g\u00e9palkatr\u00e9szek \u00e9s komplett g\u00e9pek \u00e9rt\u00e9kes\u00edt\u00e9s\u00e9re \u00e9s szervizel\u00e9s\u00e9re szakosodtunk. Term\u00e9kk\u00edn\u00e1latunk sz\u00e9les, bele\u00e9rtve a k\u00fcl\u00f6nf\u00e9le \u00e9p\u00edt\u0151ipari g\u00e9peket, mint p\u00e9ld\u00e1ul mez\u0151gazdas\u00e1gi g\u00e9pek sebess\u00e9gv\u00e1lt\u00f3it, hidraulikus hengereket, bolyg\u00f3kerekes sebess\u00e9gv\u00e1lt\u00f3kat, ipari sebess\u00e9gv\u00e1lt\u00f3kat, mez\u0151gazdas\u00e1gi g\u00e9palkatr\u00e9szeket, valamint a hozz\u00e1juk ill\u0151, cs\u00facskateg\u00f3ri\u00e1s tartoz\u00e9kok sor\u00e1t. Az egyik legn\u00e9pszer\u0171bb term\u00e9k\u00fcnk a hidraulikus henger.<\/p>\n<p>\u00cdme \u00f6t ok, ami\u00e9rt az FMP hidraulikus hengerei a legjobb v\u00e1laszt\u00e1st jelentik g\u00e9peihez:<\/p>\n<p>1. Kiv\u00e1l\u00f3 min\u0151s\u00e9g\u0171 anyagok: Hidraulikus hengereink kiv\u00e1l\u00f3 min\u0151s\u00e9g\u0171 anyagokb\u00f3l k\u00e9sz\u00fclnek, ami biztos\u00edtja tart\u00f3ss\u00e1gukat \u00e9s megb\u00edzhat\u00f3s\u00e1gukat.<\/p>\n<p>2. Testreszabhat\u00f3 kialak\u00edt\u00e1s: \u00c1ll\u00edthat\u00f3, vill\u00e1s hengereket k\u00edn\u00e1lunk, amelyek k\u00f6nnyen testreszabhat\u00f3k az \u00d6n egyedi ig\u00e9nyeinek \u00e9s k\u00f6vetelm\u00e9nyeinek megfelel\u0151en.<\/p>\n<p>3. Professzion\u00e1lis csapat: Tapasztalt \u00e9s k\u00e9pzett \u00e9rt\u00e9kes\u00edt\u00e9si csapatunk j\u00e1rtas az \u00e9p\u00edt\u0151ipari g\u00e9piparban, \u00e9s professzion\u00e1lis term\u00e9ktan\u00e1csad\u00e1st, valamint intelligens v\u00e1s\u00e1rl\u00e1si javaslatokat tud ny\u00fajtani.<\/p>\n<p>4. Szigor\u00fa min\u0151s\u00e9gi el\u0151\u00edr\u00e1sok: Hossz\u00fa t\u00e1v\u00fa \u00e9s stabil egy\u00fcttm\u0171k\u00f6d\u00e9si kapcsolatok kialak\u00edt\u00e1s\u00e1val sz\u00e1mos kiv\u00e1l\u00f3 min\u0151s\u00e9g\u0171 belf\u00f6ldi \u00e9s k\u00fclf\u00f6ldi besz\u00e1ll\u00edt\u00f3val biztos\u00edtjuk, hogy minden sz\u00e1ll\u00edtott alkatr\u00e9sz megfeleljen a szigor\u00fa min\u0151s\u00e9gi el\u0151\u00edr\u00e1soknak.<\/p>\n<p>5. Hat\u00e9kony logisztikai eloszt\u00e1si rendszer: Hat\u00e9kony logisztikai eloszt\u00e1si rendszerrel rendelkez\u00fcnk annak biztos\u00edt\u00e1s\u00e1ra, hogy \u00fcgyfeleink id\u0151ben \u00e9s pontosan megkapj\u00e1k a sz\u00fcks\u00e9ges alkatr\u00e9szeket.<\/p>\n<p>Hidraulikus hengereink t\u00f6k\u00e9letesek k\u00fcl\u00f6nf\u00e9le alkalmaz\u00e1sokhoz, bele\u00e9rtve a mez\u0151gazdas\u00e1gi g\u00e9peket, \u00e9p\u00edt\u0151ipari g\u00e9peket \u00e9s ipari g\u00e9peket. Az FMP-vel biztos lehet benne, hogy a legjobb min\u0151s\u00e9g\u0171 term\u00e9keket \u00e9s szolg\u00e1ltat\u00e1sokat kapja, amelyeket \u00e9veknyi ipar\u00e1gi tapasztalat \u00e9s professzion\u00e1lis csapat t\u00e1mogat. Gy\u0151z\u0151dj\u00f6n meg r\u00f3la saj\u00e1t szem\u00e9vel, mi\u00e9rt az FMP a legjobb v\u00e1laszt\u00e1s \u00e9p\u00edt\u0151ipari g\u00e9palkatr\u00e9szek \u00e9s komplett g\u00e9pmegold\u00e1sok beszerz\u00e9s\u00e9hez.<\/p>\n<p><img decoding=\"async\" src=\"https:\/\/fmp-components.com\/wp-content\/uploads\/2024\/12\/Adjustable-Clevis-Type-Cylinders-6.webp\" alt=\"\u00c1ll\u00edthat\u00f3 kengyeles henger\" width=\"845\" title=\"\"><\/p>\n<h2>Gyakran ism\u00e9telt k\u00e9rd\u00e9sek<\/h2>\n<ol>\n<li><strong>K: Kereskedelmi v\u00e1llalat vagy gy\u00e1rt\u00f3?<\/strong><br \/>\nV: Gy\u00e1rt\u00f3 vagyunk.<\/li>\n<li><strong>K: Mennyi a sz\u00e1ll\u00edt\u00e1si id\u0151?<\/strong><br \/>\nV: \u00c1ltal\u00e1ban 25-35 napot vesz ig\u00e9nybe.<\/li>\n<li><strong>K: Biztos\u00edtanak mint\u00e1kat? Ingyenes vagy k\u00fcl\u00f6n fizetend\u0151?<\/strong><br \/>\nV: Igen, k\u00edn\u00e1lunk mint\u00e1kat, de ezek nem ingyenesek.<\/li>\n<\/ol>\n<p>Szerz\u0151: CX<\/p>","protected":false},"excerpt":{"rendered":"<p>Italy Supplier Two Way Hydraulic Piston Cylinder Welded Hydraulic Cylinder Italy Supplier Two Way Hydraulic Piston Cylinder Welded Hydraulic Cylinder is a high-quality hydraulic cylinder designed for heavy-duty applications. This hydraulic cylinder is specifically designed to withstand high pressure, high temperature, and harsh environmental conditions. The piston cylinder is made of high-quality materials that ensure [&hellip;]<\/p>","protected":false},"featured_media":1535,"comment_status":"closed","ping_status":"closed","template":"","meta":{"_et_pb_use_builder":"","_et_pb_old_content":"","_et_gb_content_width":""},"product_brand":[],"product_cat":[42],"product_tag":[34,44],"class_list":{"0":"post-1534","1":"product","2":"type-product","3":"status-publish","4":"has-post-thumbnail","6":"product_cat-snow-plow-hydraulic-cylinder","7":"product_tag-hydraulic-cylinder","8":"product_tag-snow-plow-hydraulic-cylinder","10":"first","11":"instock","12":"product-type-simple"},"_links":{"self":[{"href":"https:\/\/fmp-components.com\/hu\/wp-json\/wp\/v2\/product\/1534","targetHints":{"allow":["GET"]}}],"collection":[{"href":"https:\/\/fmp-components.com\/hu\/wp-json\/wp\/v2\/product"}],"about":[{"href":"https:\/\/fmp-components.com\/hu\/wp-json\/wp\/v2\/types\/product"}],"replies":[{"embeddable":true,"href":"https:\/\/fmp-components.com\/hu\/wp-json\/wp\/v2\/comments?post=1534"}],"wp:featuredmedia":[{"embeddable":true,"href":"https:\/\/fmp-components.com\/hu\/wp-json\/wp\/v2\/media\/1535"}],"wp:attachment":[{"href":"https:\/\/fmp-components.com\/hu\/wp-json\/wp\/v2\/media?parent=1534"}],"wp:term":[{"taxonomy":"product_brand","embeddable":true,"href":"https:\/\/fmp-components.com\/hu\/wp-json\/wp\/v2\/product_brand?post=1534"},{"taxonomy":"product_cat","embeddable":true,"href":"https:\/\/fmp-components.com\/hu\/wp-json\/wp\/v2\/product_cat?post=1534"},{"taxonomy":"product_tag","embeddable":true,"href":"https:\/\/fmp-components.com\/hu\/wp-json\/wp\/v2\/product_tag?post=1534"}],"curies":[{"name":"munkaf\u00fczet","href":"https:\/\/api.w.org\/{rel}","templated":true}]}}