{"id":1532,"date":"2024-12-23T05:51:36","date_gmt":"2024-12-23T05:51:36","guid":{"rendered":"https:\/\/fmp-components.com\/product\/customized-two-way-double-effect-hydraulic-piston-cylinder\/"},"modified":"2024-12-23T06:02:52","modified_gmt":"2024-12-23T06:02:52","slug":"customized-two-way-double-effect-hydraulic-piston-cylinder","status":"publish","type":"product","link":"https:\/\/fmp-components.com\/hu\/product\/customized-two-way-double-effect-hydraulic-piston-cylinder\/","title":{"rendered":"Testreszabott k\u00e9tir\u00e1ny\u00fa, kett\u0151s hat\u00e1s\u00fa hidraulikus dugatty\u00fas henger"},"content":{"rendered":"<p>Testreszabott k\u00e9tir\u00e1ny\u00fa, kett\u0151s hat\u00e1s\u00fa hidraulikus dugatty\u00fas hengerA testreszabott k\u00e9tir\u00e1ny\u00fa, kett\u0151s hat\u00e1s\u00fa hidraulikus dugatty\u00fas henger egy kiv\u00e1l\u00f3 min\u0151s\u00e9g\u0171 term\u00e9k, amelyet k\u00fcl\u00f6nf\u00e9le ipari alkalmaz\u00e1sok ig\u00e9nyeinek kiel\u00e9g\u00edt\u00e9s\u00e9re terveztek. Fejlett hidraulikus technol\u00f3gi\u00e1j\u00e1nak k\u00f6sz\u00f6nhet\u0151en ez a dugatty\u00fas henger kiv\u00e1l\u00f3 teljes\u00edtm\u00e9nyt \u00e9s megb\u00edzhat\u00f3s\u00e1got k\u00edn\u00e1l.<\/p>\n<p>K\u00e9tir\u00e1ny\u00fa, kett\u0151s hat\u00e1s\u00fa kialak\u00edt\u00e1s\u00e1nak k\u00f6sz\u00f6nhet\u0151en ez a hidraulikus dugatty\u00fas henger lehet\u0151v\u00e9 teszi a hidraulikus rendszerek hat\u00e9kony \u00e9s prec\u00edz vez\u00e9rl\u00e9s\u00e9t. Lehet\u0151v\u00e9 teszi a dugatty\u00fa ki- \u00e9s visszah\u00faz\u00e1s\u00e1t is, biztos\u00edtva a sima \u00e9s pontos mozg\u00e1st.<\/p>\n<p>A henger tart\u00f3s anyagokb\u00f3l k\u00e9sz\u00fclt, amelyek hossz\u00fa \u00e9lettartamot \u00e9s kop\u00e1s\u00e1ll\u00f3s\u00e1got biztos\u00edtanak. Nagy nyom\u00e1s \u00e9s nagy terhel\u00e9s elvisel\u00e9s\u00e9re tervezt\u00e9k, \u00edgy alkalmass\u00e1 teszi ig\u00e9nyes ipari k\u00f6rnyezetbe.<\/p>\n<p><img loading=\"lazy\" decoding=\"async\" class=\"\" title=\"H\u00f3eke hidraulikus henger\" src=\"https:\/\/hzpt.com\/wp-content\/uploads\/2023\/11\/Snow-Plow-Hydraulic-Cylinder-3.webp\" alt=\"H\u00f3eke hidraulikus henger\" width=\"922\" height=\"922\" \/><\/p>\n<p>A testreszabott k\u00e9tir\u00e1ny\u00fa, kett\u0151s hat\u00e1s\u00fa hidraulikus dugatty\u00fas henger nagym\u00e9rt\u00e9kben testreszabhat\u00f3, hogy megfeleljen az adott ig\u00e9nyeknek. K\u00fcl\u00f6nb\u00f6z\u0151 l\u00f6kethosszakhoz, furatm\u00e9retekhez \u00e9s r\u00f6gz\u00edt\u00e9si lehet\u0151s\u00e9gekhez igaz\u00edthat\u00f3. Ez a sokoldal\u00fas\u00e1g lehet\u0151v\u00e9 teszi a z\u00f6kken\u0151mentes integr\u00e1ci\u00f3t a megl\u00e9v\u0151 hidraulikus rendszerekbe, vagy \u00faj rendszerek l\u00e9trehoz\u00e1s\u00e1t.<\/p>\n<p>Kiv\u00e9teles teljes\u00edtm\u00e9nye mellett ezt a dugatty\u00fas hengert a biztons\u00e1g szem el\u0151tt tart\u00e1s\u00e1val tervezt\u00e9k. Olyan funkci\u00f3kat tartalmaz, mint a t\u00f6m\u00edt\u00e9sek \u00e9s pufferek a sziv\u00e1rg\u00e1sok megakad\u00e1lyoz\u00e1sa \u00e9s a rezg\u00e9sek minimaliz\u00e1l\u00e1sa \u00e9rdek\u00e9ben, biztos\u00edtva a biztons\u00e1gos \u00e9s stabil m\u0171k\u00f6d\u00e9st.<\/p>\n<p>\u00d6sszess\u00e9g\u00e9ben a testreszabott k\u00e9tir\u00e1ny\u00fa, kett\u0151s hat\u00e1s\u00fa hidraulikus dugatty\u00fas henger megb\u00edzhat\u00f3 \u00e9s hat\u00e9kony megold\u00e1s k\u00fcl\u00f6nf\u00e9le ipari alkalmaz\u00e1sokhoz. Testreszabhat\u00f3 jellege, kiv\u00e1l\u00f3 teljes\u00edtm\u00e9nye \u00e9s biztons\u00e1gi jellemz\u0151i ide\u00e1lis v\u00e1laszt\u00e1ss\u00e1 teszik azoknak a v\u00e1llalkoz\u00e1soknak, amelyek hidraulikus rendszereiket szeretn\u00e9k fejleszteni.<\/p>\n<div>\n<p>Friss\u00edtse g\u00e9peit a k\u00e9tir\u00e1ny\u00fa, kett\u0151s hat\u00e1s\u00fa hidraulikus dugatty\u00fas hengerrel a maxim\u00e1lis testreszabhat\u00f3s\u00e1g \u00e9s hat\u00e9konys\u00e1g \u00e9rdek\u00e9ben. Ez a prec\u00edz \u00e9s szak\u00e9rtelemmel k\u00e9sz\u00fclt hidraulikus dugatty\u00fas henger garant\u00e1lja a legmagasabb szint\u0171 teljes\u00edtm\u00e9nyt \u00e9s megb\u00edzhat\u00f3s\u00e1got.<\/p>\n<p><img decoding=\"async\" title=\"H\u00f3eke hidraulikus henger\" src=\"https:\/\/hzpt.com\/wp-content\/uploads\/2023\/11\/Snow-Plow-Hydraulic-Cylinder-2.webp\" alt=\"H\u00f3eke hidraulikus henger\" \/><\/p>\n<h2>Term\u00e9kjellemz\u0151k<\/h2>\n<table style=\"width: 100%;\" border=\"1\" width=\"100%\" cellspacing=\"0\" cellpadding=\"0\">\n<tbody>\n<tr>\n<th>Term\u00e9k neve<\/th>\n<td>H\u00f3eke hidraulikus henger<\/td>\n<\/tr>\n<tr>\n<th>\u00c1llapot<\/th>\n<td>\u00daj<\/td>\n<\/tr>\n<tr>\n<th>Garancia<\/th>\n<td>1 \u00e9v<\/td>\n<\/tr>\n<tr>\n<th>Alkalmazhat\u00f3 ipar\u00e1gak<\/th>\n<td>G\u00e9pjav\u00edt\u00f3 m\u0171helyek, Mez\u0151gazdas\u00e1g, Energia \u00e9s b\u00e1ny\u00e1szat, G\u00e9pgy\u00e1rt\u00e1s, G\u00e9pgy\u00e1r<\/td>\n<\/tr>\n<tr>\n<th>S\u00faly (KG)<\/th>\n<td>6.4<\/td>\n<\/tr>\n<tr>\n<th>Marketingt\u00edpus<\/th>\n<td>\u00daj term\u00e9k 2023<\/td>\n<\/tr>\n<tr>\n<th>Alapvet\u0151 \u00f6sszetev\u0151k<\/th>\n<td>Csap\u00e1gy, hidraulikus henger<\/td>\n<\/tr>\n<tr>\n<th>Szerkezet<\/th>\n<td>Dugatty\u00fas henger<\/td>\n<\/tr>\n<tr>\n<th>\u00c1ramforr\u00e1s<\/th>\n<td>Hidraulikus<\/td>\n<\/tr>\n<\/tbody>\n<\/table>\n<h2>Karbantart\u00e1s \u00e9s gondoz\u00e1s<\/h2>\n<p>Egy \u00e9v garanci\u00e1val, valamint csap\u00e1gyakb\u00f3l \u00e9s hidraulikus hengerekb\u0151l \u00e1ll\u00f3 k\u00f6zponti elemmel ez a hidraulikus dugatty\u00fas henger tart\u00f3s haszn\u00e1latra k\u00e9sz\u00fclt. Ac\u00e9l teste n\u00f6veli tart\u00f3ss\u00e1g\u00e1t, lehet\u0151v\u00e9 t\u00e9ve, hogy m\u00e9g a legnehezebb k\u00f6r\u00fclm\u00e9nyeket is ellen\u00e1lljon. Maxim\u00e1lis 3000 tol\u00f3erej\u00e9vel \u00e9s maxim\u00e1lis 20 tonn\u00e1s h\u00faz\u00f3erej\u00e9vel a hat\u00e9konys\u00e1g igazi er\u0151m\u0171ve.<\/p>\n<h2>Alkalmaz\u00e1sok<\/h2>\n<p>Kompakt m\u00e9ret\u00e9nek \u00e9s 6,4 kg-os k\u00f6nny\u0171 s\u00faly\u00e1nak k\u00f6sz\u00f6nhet\u0151en ez a hidraulikus dugatty\u00fas henger alkalmas g\u00e9pjav\u00edt\u00f3 m\u0171helyekben, mez\u0151gazdas\u00e1gi \u00fczemekben, energia- \u00e9s b\u00e1ny\u00e1szati \u200b\u200biparban, g\u00e9pgy\u00e1rt\u00e1sban \u00e9s g\u00e9pgy\u00e1rakban val\u00f3 haszn\u00e1latra. Sokoldal\u00fas\u00e1ga ide\u00e1lis v\u00e1laszt\u00e1ss\u00e1 teszi k\u00fcl\u00f6nf\u00e9le g\u00e9pkonfigur\u00e1ci\u00f3khoz.<\/p>\n<p><img decoding=\"async\" src=\"https:\/\/hzpt.com\/wp-content\/uploads\/2023\/11\/Snow-Plow-Hydraulic-Cylinder-4Factory.webp\" alt=\"Gy\u00e1ri k\u00e9p\" title=\"\"><\/p>\n<\/div>\n<h2>Az \u00e1ll\u00edthat\u00f3 kengyeles hengerek el\u0151nyei<\/h2>\n<ul>\n<li style=\"list-style-type: none;\">\n<ul>\n<li>Fokozott sokoldal\u00fas\u00e1g<\/li>\n<\/ul>\n<\/li>\n<\/ul>\n<p>Az \u00e1ll\u00edthat\u00f3 kengyeles henger sz\u00e9lesk\u00f6r\u0171 alkalmaz\u00e1si rugalmass\u00e1got k\u00edn\u00e1l, mivel testreszabhat\u00f3 az adott felhaszn\u00e1l\u00e1si esetekhez. Ez k\u00fcl\u00f6n\u00f6sen igaz a testreszabott k\u00e9tir\u00e1ny\u00fa, kett\u0151s hat\u00e1s\u00fa hidraulikus dugatty\u00fas hengerre. A r\u00f6gz\u00edt\u00e9si pontok be\u00e1ll\u00edt\u00e1s\u00e1nak lehet\u0151s\u00e9ge lehet\u0151v\u00e9 teszi a k\u00f6nnyebb telep\u00edt\u00e9st \u00e9s haszn\u00e1latot k\u00fcl\u00f6nf\u00e9le alkalmaz\u00e1sokban.<\/p>\n<ul>\n<li style=\"list-style-type: none;\">\n<ul>\n<li>Fokozott hat\u00e9konys\u00e1g<\/li>\n<\/ul>\n<\/li>\n<\/ul>\n<p>Az \u00e1ll\u00edthat\u00f3 kengyeles hengerek haszn\u00e1lata biztos\u00edtja, hogy a henger a rendeltet\u00e9sszer\u0171 haszn\u00e1latra legyen optimaliz\u00e1lva. Ez azt jelenti, hogy a henger nincs t\u00fal- vagy alulhaszn\u00e1lva, ami jobb hat\u00e9konys\u00e1ghoz vezet. Ez k\u00fcl\u00f6n\u00f6sen fontos a testreszabott k\u00e9tir\u00e1ny\u00fa, kett\u0151s hat\u00e1s\u00fa hidraulikus dugatty\u00fas henger eset\u00e9ben, mivel optimaliz\u00e1lhat\u00f3 a k\u00e9tir\u00e1ny\u00fa haszn\u00e1latra, ami nagyobb kontrollt biztos\u00edt a terhel\u00e9s felett.<\/p>\n<ul>\n<li style=\"list-style-type: none;\">\n<ul>\n<li>Fokozott biztons\u00e1g<\/li>\n<\/ul>\n<\/li>\n<\/ul>\n<p>Az \u00e1ll\u00edthat\u00f3 kengyeles hengerek k\u00f6nnyen \u00e1ll\u00edthat\u00f3ak, ami jelent\u0151sen cs\u00f6kkenti a balesetek kock\u00e1zat\u00e1t. Ez k\u00fcl\u00f6n\u00f6sen fontos a testreszabott k\u00e9tir\u00e1ny\u00fa, kett\u0151s hat\u00e1s\u00fa hidraulikus dugatty\u00fas henger eset\u00e9ben, amely a k\u00e9tir\u00e1ny\u00fa alkalmaz\u00e1sok biztons\u00e1ga \u00e9rdek\u00e9ben optimaliz\u00e1lhat\u00f3. Ezenk\u00edv\u00fcl a kiv\u00e1l\u00f3 min\u0151s\u00e9g\u0171 anyagok haszn\u00e1lata biztos\u00edtja, hogy ezek a hengerek megb\u00edzhat\u00f3ak \u00e9s biztons\u00e1gosan haszn\u00e1lhat\u00f3k.<\/p>\n<ul>\n<li style=\"list-style-type: none;\">\n<ul>\n<li>Fokozott tart\u00f3ss\u00e1g<\/li>\n<\/ul>\n<\/li>\n<\/ul>\n<p>Az \u00e1ll\u00edthat\u00f3 kengyeles hengerek tart\u00f3s haszn\u00e1latra k\u00e9sz\u00fcltek. Kiv\u00e1l\u00f3 min\u0151s\u00e9g\u0171 anyagokb\u00f3l k\u00e9sz\u00fclnek, amelyek ellen\u00e1llnak a neh\u00e9z ig\u00e9nybev\u00e9telnek. Ez k\u00fcl\u00f6n\u00f6sen igaz a testreszabott k\u00e9tir\u00e1ny\u00fa, kett\u0151s hat\u00e1s\u00fa hidraulikus dugatty\u00fas hengerre, amelyet \u00fagy terveztek, hogy ellen\u00e1lljon a k\u00e9tir\u00e1ny\u00fa alkalmaz\u00e1sok nyom\u00e1s\u00e1nak. Ez biztos\u00edtja, hogy a henger hosszabb ideig tartson \u00e9s kevesebb cser\u00e9t ig\u00e9nyeljen, ami id\u0151vel k\u00f6lts\u00e9gmegtakar\u00edt\u00e1shoz vezet.<\/p>\n<ul>\n<li style=\"list-style-type: none;\">\n<ul>\n<li>Jav\u00edtott teljes\u00edtm\u00e9ny<\/li>\n<\/ul>\n<\/li>\n<\/ul>\n<p>Az \u00e1ll\u00edthat\u00f3 kengyeles hengerek a teljes\u00edtm\u00e9ny optimaliz\u00e1l\u00e1s\u00e1ra szolg\u00e1lnak. A r\u00f6gz\u00edt\u00e9si pontok \u00e1ll\u00edthat\u00f3s\u00e1ga lehet\u0151v\u00e9 teszi a terhel\u00e9s feletti nagyobb kontrollt, ami jobb teljes\u00edtm\u00e9nyhez vezet. Ez k\u00fcl\u00f6n\u00f6sen fontos a testreszabott k\u00e9tir\u00e1ny\u00fa, kett\u0151s hat\u00e1s\u00fa hidraulikus dugatty\u00fas henger eset\u00e9ben, amely optimaliz\u00e1lhat\u00f3 a k\u00e9tir\u00e1ny\u00fa alkalmaz\u00e1sokban a jobb teljes\u00edtm\u00e9ny \u00e9rdek\u00e9ben. Ezenk\u00edv\u00fcl a kiv\u00e1l\u00f3 min\u0151s\u00e9g\u0171 anyagok haszn\u00e1lata biztos\u00edtja, hogy ezek a hengerek hosszabb ideig a legjobb teljes\u00edtm\u00e9nyt ny\u00fajts\u00e1k.<\/p>\n<p>\u00d6sszefoglalva, az \u00e1ll\u00edthat\u00f3 kengyeles t\u00edpus\u00fa munkahengerek, k\u00fcl\u00f6n\u00f6sen a testreszabott k\u00e9tir\u00e1ny\u00fa, kett\u0151s hat\u00e1s\u00fa hidraulikus dugatty\u00fas munkahengerek haszn\u00e1lata sz\u00e1mos el\u0151nnyel j\u00e1r. Ezek a munkahengerek sokoldal\u00faak, hat\u00e9konyak, biztons\u00e1gosak, tart\u00f3sak \u00e9s jobb teljes\u00edtm\u00e9nyt ny\u00fajtanak. Mivel ezek a munkahengerek testreszabhat\u00f3k az adott felhaszn\u00e1l\u00e1si esetekhez, kiv\u00e1l\u00f3 v\u00e1laszt\u00e1st jelentenek b\u00e1rmilyen nagy ig\u00e9nybev\u00e9telt jelent\u0151 alkalmaz\u00e1shoz.<\/p>\n<h3>Az FMP-r\u0151l \u2013 az \u00d6n professzion\u00e1lis hidraulikus henger besz\u00e1ll\u00edt\u00f3j\u00e1r\u00f3l<\/h3>\n<p>Az FMP-n\u00e9l \u00e9p\u00edt\u0151ipari g\u00e9pek alkatr\u00e9szeinek \u00e9s komplett g\u00e9peinek \u00e9rt\u00e9kes\u00edt\u00e9s\u00e9re \u00e9s szervizel\u00e9s\u00e9re szakosodtunk, \u00e9s b\u00fcszk\u00e9k vagyunk arra, hogy a kiv\u00e1l\u00f3 min\u0151s\u00e9g\u0171 \u00e9s megb\u00edzhat\u00f3 hidraulikus hengerek vezet\u0151 sz\u00e1ll\u00edt\u00f3i vagyunk. \u00cdme n\u00e9h\u00e1ny ok, ami\u00e9rt \u00fagy gondoljuk, hogy hidraulikus hengereink a legjobbak a piacon:<\/p>\n<p>1. Prec\u00edzi\u00f3s tervez\u00e9s \u2013 Hidraulikus hengereinket prec\u00edzi\u00f3s tervez\u00e9ssel tervezt\u00fck, \u00edgy biztos\u00edtva a tart\u00f3ss\u00e1got \u00e9s a megb\u00edzhat\u00f3s\u00e1got m\u00e9g a legnehezebb k\u00f6r\u00fclm\u00e9nyek k\u00f6z\u00f6tt is.<\/p>\n<p>2. Sz\u00e9lesk\u00f6r\u0171 alkalmaz\u00e1sok \u2013 Hidraulikus hengereink sz\u00e9les k\u00f6rben haszn\u00e1lhat\u00f3k, bele\u00e9rtve a mez\u0151gazdas\u00e1gi g\u00e9peket, ipari berendez\u00e9seket \u00e9s \u00e9p\u00edt\u0151ipari g\u00e9peket.<\/p>\n<p>3. Egyedi tervez\u00e9s \u2013 Hidraulikus hengereink tervez\u00e9s\u00e9t testre szabhatjuk \u00fcgyfeleink egyedi ig\u00e9nyeinek megfelel\u0151en, biztos\u00edtva, hogy a lehet\u0151 legjobb teljes\u00edtm\u00e9nyt ny\u00fajts\u00e1k term\u00e9keinkb\u0151l.<\/p>\n<p>4. Kiv\u00e1l\u00f3 min\u0151s\u00e9g\u0171 anyagok \u2013 Hidraulikus hengereink gy\u00e1rt\u00e1sa sor\u00e1n kiz\u00e1r\u00f3lag a legkiv\u00e1l\u00f3bb min\u0151s\u00e9g\u0171 anyagokat haszn\u00e1ljuk, \u00edgy biztos\u00edtva, hogy azok id\u0151vel is ellen\u00e1lljanak a kop\u00e1snak \u00e9s a szakad\u00e1snak.<\/p>\n<p>5. Kiv\u00e1l\u00f3 \u00fcgyf\u00e9lszolg\u00e1lat \u2013 Az FMP-n\u00e9l b\u00fcszk\u00e9k vagyunk arra, hogy minden \u00fcgyfel\u00fcnknek kiv\u00e1l\u00f3 \u00fcgyf\u00e9lszolg\u00e1latot ny\u00fajtunk. A term\u00e9ktan\u00e1csad\u00e1st\u00f3l az intelligens v\u00e1s\u00e1rl\u00e1si javaslatokig, tapasztalt \u00e9rt\u00e9kes\u00edt\u00e9si csapatunk mindig k\u00e9szen \u00e1ll a seg\u00edts\u00e9g\u00e9re.<\/p>\n<p>Teh\u00e1t, ha megb\u00edzhat\u00f3 \u00e9s tart\u00f3s hidraulikus henger besz\u00e1ll\u00edt\u00f3t keres, az FMP a t\u00f6k\u00e9letes v\u00e1laszt\u00e1s. L\u00e9pjen kapcsolatba vel\u00fcnk m\u00e9g ma, hogy t\u00f6bbet megtudjon term\u00e9keinkr\u0151l \u00e9s szolg\u00e1ltat\u00e1sainkr\u00f3l, \u00e9s arr\u00f3l, hogyan seg\u00edthet\u00fcnk \u00d6nnek \u00e9p\u00edt\u0151ipari g\u00e9pekkel kapcsolatos ig\u00e9nyei kiel\u00e9g\u00edt\u00e9s\u00e9ben!<\/p>\n<p><img decoding=\"async\" src=\"https:\/\/fmp-components.com\/wp-content\/uploads\/2024\/12\/Adjustable-Clevis-Type-Cylinders-6.webp\" alt=\"\u00c1ll\u00edthat\u00f3 kengyeles henger\" width=\"844\" title=\"\"><\/p>\n<h2>GYIK<\/h2>\n<ol>\n<li><strong>K: Kereskedelmi v\u00e1llalat vagy gy\u00e1rt\u00f3?<\/strong>V: Mi egy gy\u00e1r vagyunk.<\/li>\n<li><strong>K: Mennyi a sz\u00e1ll\u00edt\u00e1si id\u0151?<\/strong>V: \u00c1ltal\u00e1ban 25-35 napot vesz ig\u00e9nybe.<\/li>\n<li><strong>K: Biztos\u00edtanak mint\u00e1kat? Ingyenes vagy k\u00fcl\u00f6n fizetend\u0151?<\/strong>V: Igen, felaj\u00e1nlhatn\u00e1nk a mint\u00e1t, de ez nem ingyenes.<\/li>\n<\/ol>\n<p>Szerz\u0151: CX<\/p>","protected":false},"excerpt":{"rendered":"<p>Customized Two Way Double Effect Hydraulic Piston CylinderThe Customized Two Way Double Effect Hydraulic Piston Cylinder is a high-quality product designed to meet the demands of various industrial applications. With its advanced hydraulic technology, this piston cylinder offers superior performance and reliability. Featuring a two-way, double-effect design, this hydraulic piston cylinder allows for efficient and [&hellip;]<\/p>","protected":false},"featured_media":1533,"comment_status":"closed","ping_status":"closed","template":"","meta":{"_et_pb_use_builder":"","_et_pb_old_content":"","_et_gb_content_width":""},"product_brand":[],"product_cat":[42],"product_tag":[34,44],"class_list":{"0":"post-1532","1":"product","2":"type-product","3":"status-publish","4":"has-post-thumbnail","6":"product_cat-snow-plow-hydraulic-cylinder","7":"product_tag-hydraulic-cylinder","8":"product_tag-snow-plow-hydraulic-cylinder","10":"first","11":"instock","12":"product-type-simple"},"_links":{"self":[{"href":"https:\/\/fmp-components.com\/hu\/wp-json\/wp\/v2\/product\/1532","targetHints":{"allow":["GET"]}}],"collection":[{"href":"https:\/\/fmp-components.com\/hu\/wp-json\/wp\/v2\/product"}],"about":[{"href":"https:\/\/fmp-components.com\/hu\/wp-json\/wp\/v2\/types\/product"}],"replies":[{"embeddable":true,"href":"https:\/\/fmp-components.com\/hu\/wp-json\/wp\/v2\/comments?post=1532"}],"wp:featuredmedia":[{"embeddable":true,"href":"https:\/\/fmp-components.com\/hu\/wp-json\/wp\/v2\/media\/1533"}],"wp:attachment":[{"href":"https:\/\/fmp-components.com\/hu\/wp-json\/wp\/v2\/media?parent=1532"}],"wp:term":[{"taxonomy":"product_brand","embeddable":true,"href":"https:\/\/fmp-components.com\/hu\/wp-json\/wp\/v2\/product_brand?post=1532"},{"taxonomy":"product_cat","embeddable":true,"href":"https:\/\/fmp-components.com\/hu\/wp-json\/wp\/v2\/product_cat?post=1532"},{"taxonomy":"product_tag","embeddable":true,"href":"https:\/\/fmp-components.com\/hu\/wp-json\/wp\/v2\/product_tag?post=1532"}],"curies":[{"name":"munkaf\u00fczet","href":"https:\/\/api.w.org\/{rel}","templated":true}]}}