{"id":1530,"date":"2024-12-23T05:51:36","date_gmt":"2024-12-23T05:51:36","guid":{"rendered":"https:\/\/fmp-components.com\/product\/excellent-quality-welded-snow-plow-hydraulic-cylinder\/"},"modified":"2024-12-23T06:10:13","modified_gmt":"2024-12-23T06:10:13","slug":"excellent-quality-welded-snow-plow-hydraulic-cylinder","status":"publish","type":"product","link":"https:\/\/fmp-components.com\/hu\/product\/excellent-quality-welded-snow-plow-hydraulic-cylinder\/","title":{"rendered":"Kiv\u00e1l\u00f3 min\u0151s\u00e9g\u0171 hegesztett h\u00f3eke hidraulikus henger"},"content":{"rendered":"<h2>Kiv\u00e1l\u00f3 min\u0151s\u00e9g\u0171 hegesztett h\u00f3eke hidraulikus henger<\/h2>\n<p>A kiv\u00e1l\u00f3 min\u0151s\u00e9g\u0171 hegesztett h\u00f3eke hidraulikus henger egy nagy teljes\u00edtm\u00e9ny\u0171 hidraulikus alkatr\u00e9sz, amelyet kifejezetten h\u00f3eke alkalmaz\u00e1sokhoz terveztek. Tart\u00f3s konstrukci\u00f3j\u00e1nak \u00e9s fejlett funkci\u00f3inak k\u00f6sz\u00f6nhet\u0151en ez a hidraulikus henger megb\u00edzhat\u00f3 teljes\u00edtm\u00e9nyt biztos\u00edt m\u00e9g a legnehezebb t\u00e9li k\u00f6r\u00fclm\u00e9nyek k\u00f6z\u00f6tt is.<\/p>\n<p>F\u0151bb jellemz\u0151k:<br \/>\n1. Robusztus konstrukci\u00f3: Kiv\u00e1l\u00f3 min\u0151s\u00e9g\u0171 anyagokb\u00f3l k\u00e9sz\u00fclt, a kiv\u00e1l\u00f3 min\u0151s\u00e9g\u0171 hegesztett h\u00f3eke hidraulikus hengere nagy ig\u00e9nybev\u00e9telnek is ellen\u00e1ll. Massz\u00edv hegesztett konstrukci\u00f3ja kiv\u00e9teles szil\u00e1rds\u00e1got \u00e9s tart\u00f3ss\u00e1got biztos\u00edt, biztos\u00edtva a hossz\u00fa \u00e9lettartamot.<\/p>\n<p>2. Kiv\u00e1l\u00f3 hidraulikus teljes\u00edtm\u00e9ny: Ez a hidraulikus henger kiv\u00e1l\u00f3 hidraulikus teljes\u00edtm\u00e9ny biztos\u00edt\u00e1s\u00e1ra k\u00e9sz\u00fclt. Prec\u00edz megmunk\u00e1l\u00e1si \u00e9s t\u00f6m\u00edt\u00e9si technol\u00f3gi\u00e1kkal rendelkezik, amelyek sima \u00e9s hat\u00e9kony mozg\u00e1st biztos\u00edtanak az optim\u00e1lis h\u00f3eke m\u0171k\u00f6d\u00e9shez.<\/p>\n<p>3. Fokozott id\u0151j\u00e1r\u00e1s\u00e1ll\u00f3s\u00e1g: A kiv\u00e1l\u00f3 min\u0151s\u00e9g\u0171 hegesztett h\u00f3eke hidraulikus henger\u00e9t \u00fagy tervezt\u00e9k, hogy ellen\u00e1lljon a sz\u00e9ls\u0151s\u00e9ges hideg h\u0151m\u00e9rs\u00e9kletnek \u00e9s a zord id\u0151j\u00e1r\u00e1si viszonyoknak. T\u00f6m\u00edt\u00e9sei \u00e9s bevonatai speci\u00e1lisan \u00fagy lettek kialak\u00edtva, hogy ellen\u00e1lljanak a fagy\u00e1snak, a korr\u00f3zi\u00f3nak \u00e9s a kop\u00e1snak, biztos\u00edtva a megb\u00edzhat\u00f3 teljes\u00edtm\u00e9nyt b\u00e1rmilyen t\u00e9li k\u00f6rnyezetben.<\/p>\n<p><img loading=\"lazy\" decoding=\"async\" class=\"\" title=\"H\u00f3eke hidraulikus henger\" src=\"https:\/\/hzpt.com\/wp-content\/uploads\/2023\/11\/Snow-Plow-Hydraulic-Cylinder-3.webp\" alt=\"H\u00f3eke hidraulikus henger\" width=\"888\" height=\"888\" \/><\/p>\n<p>4. K\u00f6nny\u0171 telep\u00edt\u00e9s \u00e9s karbantart\u00e1s: Felhaszn\u00e1l\u00f3bar\u00e1t kialak\u00edt\u00e1s\u00e1nak k\u00f6sz\u00f6nhet\u0151en ez a hidraulikus henger k\u00f6nnyen telep\u00edthet\u0151 \u00e9s karbantarthat\u00f3. Vil\u00e1gos utas\u00edt\u00e1sokkal \u00e9s minden sz\u00fcks\u00e9ges r\u00f6gz\u00edt\u0151elemmel \u00e9rkezik, ami leegyszer\u0171s\u00edti a be\u00e1ll\u00edt\u00e1si folyamatot. Ezenk\u00edv\u00fcl a rendszeres karbantart\u00e1si feladatok gyorsan \u00e9s k\u00f6nnyed\u00e9n elv\u00e9gezhet\u0151k.<\/p>\n<p>5. Sokoldal\u00fa kompatibilit\u00e1s: A kiv\u00e1l\u00f3 min\u0151s\u00e9g\u0171 hegesztett h\u00f3eke hidraulikus henger sz\u00e1mos h\u00f3eke modellel \u00e9s m\u00e1rk\u00e1val kompatibilis. K\u00f6nnyen integr\u00e1lhat\u00f3 a megl\u00e9v\u0151 rendszerekbe, vagy cserealkatr\u00e9szk\u00e9nt is haszn\u00e1lhat\u00f3, \u00edgy sokoldal\u00fas\u00e1got \u00e9s rugalmass\u00e1got biztos\u00edt a k\u00fcl\u00f6nf\u00e9le alkalmaz\u00e1sokhoz.<\/p>\n<p>\u00d6sszefoglalva, a Kiv\u00e1l\u00f3 Min\u0151s\u00e9g\u0171 Hegesztett H\u00f3eke Hidraulikus Henger egy pr\u00e9mium hidraulikus alkatr\u00e9sz, amely kiv\u00e9teles teljes\u00edtm\u00e9nyt \u00e9s megb\u00edzhat\u00f3s\u00e1got k\u00edn\u00e1l a h\u00f3ek\u00e9z\u00e9shez. Robusztus fel\u00e9p\u00edt\u00e9s\u00e9nek, kiv\u00e1l\u00f3 hidraulikus k\u00e9pess\u00e9geinek, id\u0151j\u00e1r\u00e1s\u00e1ll\u00f3s\u00e1g\u00e1nak, egyszer\u0171 telep\u00edt\u00e9s\u00e9nek \u00e9s karbantart\u00e1s\u00e1nak, valamint sokoldal\u00fa kompatibilit\u00e1s\u00e1nak k\u00f6sz\u00f6nhet\u0151en kiv\u00e1l\u00f3 v\u00e1laszt\u00e1s mindazok sz\u00e1m\u00e1ra, akik kiv\u00e1l\u00f3 min\u0151s\u00e9g\u0171 hidraulikus hengert keresnek h\u00f3ek\u00e9z\u00e9si ig\u00e9nyeikhez. Bemutatjuk a kiv\u00e1l\u00f3 min\u0151s\u00e9g\u0171 hegesztett h\u00f3eke hidraulikus hengert \u2013 egy megb\u00edzhat\u00f3 \u00e9s hat\u00e9kony megold\u00e1st a neh\u00e9z feladatokhoz. Ez a term\u00e9k leny\u0171g\u00f6z\u0151 tulajdons\u00e1gaival \u00e9s specifik\u00e1ci\u00f3ival er\u0151s teljes\u00edtm\u00e9nyt \u00edg\u00e9r. A hidraulikus henger vadonat\u00faj, egy \u00e9v garanci\u00e1val, \u00edgy nyugodt lehet afel\u0151l, hogy min\u0151s\u00e9gi term\u00e9kbe fektet be.<\/p>\n<h2>Term\u00e9kjellemz\u0151k<\/h2>\n<p>Ez a h\u00f3kotr\u00f3 hidraulikus munkahenger egy szabv\u00e1nyos dugatty\u00fas henger, amelyet hidraulikus nyom\u00e1s hajt. A test anyaga massz\u00edv ac\u00e9lb\u00f3l k\u00e9sz\u00fclt, \u00e9s maxim\u00e1lisan 3000 N tol\u00f3er\u0151re k\u00e9pes. A henger eleg\u00e1ns fekete sz\u00ednben kaphat\u00f3, amely eleganci\u00e1t k\u00f6lcs\u00f6n\u00f6z robusztus teljes\u00edtm\u00e9ny\u00e9nek.<\/p>\n<h3>M\u00e9retek<\/h3>\n<ul>\n<li>Furatm\u00e9ret: 2-6 h\u00fcvelyk<\/li>\n<li>R\u00fadm\u00e9ret: 1,125-4 h\u00fcvelyk<\/li>\n<li>L\u00f6ketm\u00e9ret: 4-100 h\u00fcvelyk<\/li>\n<li>Csapm\u00e9ret: 0,5-2 h\u00fcvelyk<\/li>\n<\/ul>\n<h3>Tan\u00fas\u00edtv\u00e1ny<\/h3>\n<p>A h\u00f3kotr\u00f3 hidraulikus munkahengere ISO9001:2000 tan\u00fas\u00edtv\u00e1nnyal rendelkezik, ami min\u0151s\u00e9g\u00e9nek \u00e9s megb\u00edzhat\u00f3s\u00e1g\u00e1nak bizony\u00edt\u00e9ka.<\/p>\n<h2>Karbantart\u00e1s \u00e9s gondoz\u00e1s<\/h2>\n<p>A rendszeres karbantart\u00e1s \u00e9s a megfelel\u0151 \u00e1pol\u00e1s elengedhetetlen a h\u00f3kotr\u00f3 hidraulikus henger\u00e9nek hossz\u00fa \u00e9lettartam\u00e1hoz \u00e9s optim\u00e1lis teljes\u00edtm\u00e9ny\u00e9hez. Az aj\u00e1nlott karbantart\u00e1si gyakorlatok \u00e9s a rendszeres ellen\u0151rz\u00e9sek betart\u00e1sa megel\u0151zheti a lehets\u00e9ges probl\u00e9m\u00e1kat, \u00e9s biztos\u00edthatja a term\u00e9k hossz\u00fa t\u00e1v\u00fa hat\u00e9kony m\u0171k\u00f6d\u00e9s\u00e9t.<\/p>\n<h2>Az \u00e1ll\u00edthat\u00f3 kengyeles hengerek el\u0151nyei<\/h2>\n<p>A hidraulikus munkahengerek birodalm\u00e1ban az \u00e1ll\u00edthat\u00f3 kengyeles hengerek kiv\u00e9teles v\u00e1laszt\u00e1snak bizonyulnak sz\u00e1mos el\u0151ny\u00fck \u00e9s kiv\u00e1l\u00f3 min\u0151s\u00e9g\u00fck miatt. Ezeket a hengereket apr\u00f3l\u00e9kos figyelemmel tervezt\u00e9k, biztos\u00edtva az optim\u00e1lis teljes\u00edtm\u00e9nyt \u00e9s megb\u00edzhat\u00f3s\u00e1got. Ebben a cikkben az \u00e1ll\u00edthat\u00f3 kengyeles hengerek k\u00fcl\u00f6nleges el\u0151nyeit vizsg\u00e1ljuk meg, felt\u00e1rva funkcionalit\u00e1sukat, sokoldal\u00fas\u00e1gukat \u00e9s tart\u00f3ss\u00e1gukat.<\/p>\n<p>1. Fokozott rugalmass\u00e1g: Az \u00e1ll\u00edthat\u00f3 kengyeles hengerek p\u00e1ratlan rugalmass\u00e1got k\u00edn\u00e1lnak a k\u00fcl\u00f6nf\u00e9le alkalmaz\u00e1sokban. Az \u00e1ll\u00edthat\u00f3 kengyeles r\u00f6gz\u00edt\u00e9seknek k\u00f6sz\u00f6nhet\u0151en ezek a hengerek k\u00f6nnyen illeszthet\u0151k k\u00fcl\u00f6nb\u00f6z\u0151 r\u00f6gz\u00edt\u00e9si sz\u00f6gekhez, ami lehet\u0151v\u00e9 teszi a pontos pozicion\u00e1l\u00e1st \u00e9s a fokozott sokoldal\u00fas\u00e1got. Legyen sz\u00f3 ak\u00e1r komplex ipari g\u00e9pr\u0151l, ak\u00e1r h\u00f3ek\u00e9r\u0151l, ezek a hengerek az adott feladat konkr\u00e9t k\u00f6vetelm\u00e9nyeihez igaz\u00edthat\u00f3k.<\/p>\n<p>2. Kiv\u00e1l\u00f3 teherb\u00edr\u00e1s: Ezek a munkahengerek kiv\u00e9teles teherb\u00edr\u00e1ssal b\u00fcszk\u00e9lkedhetnek, \u00edgy rendk\u00edv\u00fcl hat\u00e9konny\u00e1 teszik \u0151ket nagy ig\u00e9nybev\u00e9tel\u0171 alkalmaz\u00e1sokban. Robusztus konstrukci\u00f3juk \u00e9s kiv\u00e1l\u00f3 min\u0151s\u00e9g\u0171 anyagaik biztos\u00edtj\u00e1k, hogy hatalmas nyom\u00e1st b\u00edrjanak ki, \u00e9s megb\u00edzhat\u00f3 teljes\u00edtm\u00e9nyt ny\u00fajtsanak m\u00e9g extr\u00e9m k\u00f6r\u00fclm\u00e9nyek k\u00f6z\u00f6tt is. A munkahengerek hegeszt\u00e9sei a legmagasabb min\u0151s\u00e9g\u0171ek, biztos\u00edtva a szerkezeti integrit\u00e1st \u00e9s a hossz\u00fa \u00e9lettartamot.<\/p>\n<p>3. Optim\u00e1lis vez\u00e9rl\u00e9s \u00e9s stabilit\u00e1s: Az \u00e1ll\u00edthat\u00f3 kengyeles hengerek prec\u00edz vez\u00e9rl\u00e9st \u00e9s stabilit\u00e1st biztos\u00edtanak. Fejlett hidraulikus rendszereik sima \u00e9s pontos mozg\u00e1st tesznek lehet\u0151v\u00e9, lehet\u0151v\u00e9 t\u00e9ve a prec\u00edz pozicion\u00e1l\u00e1st \u00e9s a hat\u00e9kony m\u0171k\u00f6d\u00e9st. Ez a szint\u0171 vez\u00e9rl\u00e9s k\u00fcl\u00f6n\u00f6sen fontos azokn\u00e1l az alkalmaz\u00e1sokn\u00e1l, ahol a pontoss\u00e1g \u00e9s a stabilit\u00e1s kiemelked\u0151 fontoss\u00e1g\u00fa, p\u00e9ld\u00e1ul \u00e9p\u00edt\u0151ipari berendez\u00e9sekn\u00e9l vagy anyagmozgat\u00f3 g\u00e9pekn\u00e9l.<\/p>\n<p>4. Hossz\u00fa \u00e9lettartam \u00e9s tart\u00f3ss\u00e1g: Kiv\u00e1l\u00f3 min\u0151s\u00e9g\u0171 konstrukci\u00f3juknak \u00e9s apr\u00f3l\u00e9kos tervez\u00e9s\u00fcknek k\u00f6sz\u00f6nhet\u0151en az \u00e1ll\u00edthat\u00f3 kengyeles hengerek kiv\u00e9teles tart\u00f3ss\u00e1got mutatnak. Ezeket a hengereket \u00fagy tervezt\u00e9k, hogy ellen\u00e1lljanak a neh\u00e9z k\u00f6rnyezeti felt\u00e9teleknek, biztos\u00edtva a hossz\u00fa \u00e9lettartamot \u00e9s a minim\u00e1lis karbantart\u00e1si ig\u00e9nyt. A kiv\u00e1l\u00f3 min\u0151s\u00e9g\u0171 anyagok haszn\u00e1lata \u00e9s a szigor\u00fa gy\u00e1rt\u00e1si folyamatok garant\u00e1lj\u00e1k ezen hengerek hossz\u00fa \u00e9lettartam\u00e1t \u00e9s megb\u00edzhat\u00f3s\u00e1g\u00e1t.<\/p>\n<p>5. Sokoldal\u00fa alkalmaz\u00e1sok: Az \u00e1ll\u00edthat\u00f3 kengyeles hengerek sz\u00e9les k\u00f6rben alkalmazhat\u00f3k a k\u00fcl\u00f6nb\u00f6z\u0151 ipar\u00e1gakban. Az \u00e9p\u00edt\u0151ipart\u00f3l \u00e9s a b\u00e1ny\u00e1szatt\u00f3l a mez\u0151gazdas\u00e1gon \u00e9s az erd\u00e9szeten \u00e1t ezek a hengerek bizony\u00edtj\u00e1k sokoldal\u00fas\u00e1gukat \u00e9s alkalmazkod\u00f3k\u00e9pess\u00e9g\u00fcket. Ak\u00e1r neh\u00e9z terhek emel\u00e9s\u00e9r\u0151l, berendez\u00e9sek d\u00f6nt\u00e9s\u00e9r\u0151l vagy \u00f6sszetett g\u00e9pek mozg\u00e1s\u00e1nak vez\u00e9rl\u00e9s\u00e9r\u0151l van sz\u00f3, ezek a hengerek hat\u00e9konyan \u00e9s eredm\u00e9nyesen k\u00e9pesek sz\u00e1mos feladatot ell\u00e1tni.<\/p>\n<p>\u00d6sszefoglalva, az \u00e1ll\u00edthat\u00f3 kengyeles hengerek sz\u00e1mos \u00e9s tagadhatatlan el\u0151nnyel rendelkeznek. Rugalmass\u00e1guk, teherb\u00edr\u00e1suk, szab\u00e1lyozhat\u00f3s\u00e1guk \u00e9s stabilit\u00e1suk, hossz\u00fa \u00e9lettartamuk \u00e9s sokoldal\u00fa alkalmaz\u00e1si lehet\u0151s\u00e9g\u00fck sz\u00e1mos ipar\u00e1gban el\u0151nyben r\u00e9szes\u00edtett v\u00e1laszt\u00e1ss\u00e1 teszi \u0151ket. A kiv\u00e1l\u00f3 min\u0151s\u00e9g\u0171 hegesztett h\u00f3eke hidraulikus henger a kiv\u00e9teles hengerek tervez\u00e9s\u00e9be fektetett tal\u00e1l\u00e9konys\u00e1g \u00e9s precizit\u00e1s bizony\u00edt\u00e9ka. Minden olyan alkalmaz\u00e1shoz, amely megb\u00edzhat\u00f3 \u00e9s nagy teljes\u00edtm\u00e9ny\u0171 hidraulikus hengereket ig\u00e9nyel, az \u00e1ll\u00edthat\u00f3 kengyeles hengerek kiv\u00e1l\u00f3 v\u00e1laszt\u00e1st jelentenek.<\/p>\n<h3>Az FMP-r\u0151l<\/h3>\n<p>Az FMP egy olyan v\u00e1llalat, amely hidraulikus hengerek gy\u00e1rt\u00e1s\u00e1ra \u00e9s \u00e9rt\u00e9kes\u00edt\u00e9s\u00e9re specializ\u00e1l\u00f3dott. Sok \u00e9ves ipar\u00e1gi tapasztalattal \u00e9s professzion\u00e1lis csapattal kiv\u00e1l\u00f3 min\u0151s\u00e9g\u0171 \u00e9s megb\u00edzhat\u00f3 hidraulikus hengereket biztos\u00edtunk \u00e9p\u00edt\u0151ipari g\u00e9pekhez.<\/p>\n<p><img decoding=\"async\" src=\"https:\/\/fmp-components.com\/wp-content\/uploads\/2024\/12\/Adjustable-Clevis-Type-Cylinders-6.webp\" alt=\"\u00c1ll\u00edthat\u00f3 kengyeles henger\" width=\"843\" title=\"\"><\/p>\n<p>\u00cdme \u00f6t ok, ami\u00e9rt \u00e9rdemes hidraulikus munkahengereinket v\u00e1lasztania:<\/p>\n<ol>\n<li><strong>V\u00e1ltozatos term\u00e9kk\u00edn\u00e1lat:<\/strong> Sz\u00e9les v\u00e1laszt\u00e9kban k\u00edn\u00e1lunk hidraulikus hengereket, amelyek az \u00e9p\u00edt\u0151ipari g\u00e9pipar k\u00fcl\u00f6nb\u00f6z\u0151 ig\u00e9nyeit el\u00e9g\u00edtik ki. K\u00edn\u00e1latunkban \u00e1ll\u00edthat\u00f3 kengyeles hengerek, hegesztett hengerek, \u00f6sszek\u00f6t\u0151rudas hengerek \u00e9s egyebek tal\u00e1lhat\u00f3k.<\/li>\n<li><strong>Kiv\u00e1l\u00f3 min\u0151s\u00e9g:<\/strong> Biztos\u00edtjuk, hogy minden hidraulikus henger\u00fcnk megfeleljen a szigor\u00fa min\u0151s\u00e9gi el\u0151\u00edr\u00e1soknak. Minden egyes hengert prec\u00edzen \u00e9s a r\u00e9szletekre val\u00f3 odafigyel\u00e9ssel k\u00e9sz\u00edt\u00fcnk, garant\u00e1lva a kiv\u00e1l\u00f3 teljes\u00edtm\u00e9nyt \u00e9s tart\u00f3ss\u00e1got.<\/li>\n<li><strong>Megb\u00edzhat\u00f3 teljes\u00edtm\u00e9ny:<\/strong> Hidraulikus hengereinket \u00fagy tervezt\u00fck, hogy k\u00f6vetkezetes \u00e9s megb\u00edzhat\u00f3 teljes\u00edtm\u00e9nyt ny\u00fajtsanak, m\u00e9g kih\u00edv\u00e1st jelent\u0151 munkak\u00f6r\u00fclm\u00e9nyek k\u00f6z\u00f6tt is. \u00dagy tervezt\u00e9k \u0151ket, hogy ellen\u00e1lljanak a nagy terhel\u00e9seknek \u00e9s z\u00f6kken\u0151mentes m\u0171k\u00f6d\u00e9st biztos\u00edtsanak.<\/li>\n<li><strong>Szak\u00e9rt\u0151 \u00e9rt\u00e9kes\u00edt\u00e9si csapat:<\/strong> Tapasztalt \u00e9rt\u00e9kes\u00edt\u00e9si csapatunk j\u00e1rtas az \u00e9p\u00edt\u0151ipari g\u00e9piparban, \u00e9s meg\u00e9rti az \u00fcgyfelek ig\u00e9nyeit. Professzion\u00e1lis term\u00e9ktan\u00e1csad\u00e1st ny\u00fajtanak, megv\u00e1laszolj\u00e1k a felmer\u00fcl\u0151 k\u00e9rd\u00e9seit, \u00e9s intelligens v\u00e1s\u00e1rl\u00e1si javaslatokat tesznek.<\/li>\n<li><strong>Hat\u00e9kony logisztika:<\/strong> Hat\u00e9kony logisztikai eloszt\u00e1si rendszerrel rendelkez\u00fcnk annak \u00e9rdek\u00e9ben, hogy a sz\u00fcks\u00e9ges hidraulikus hengereket id\u0151ben \u00e9s pontosan megkapja. Meg\u00e9rtj\u00fck az \u00e1ll\u00e1sid\u0151 minimaliz\u00e1l\u00e1s\u00e1nak fontoss\u00e1g\u00e1t, \u00e9s igyeksz\u00fcnk gyors sz\u00e1ll\u00edt\u00e1st biztos\u00edtani.<\/li>\n<\/ol>\n<p>V\u00e1lassza az FMP-t, ha kiv\u00e1l\u00f3 min\u0151s\u00e9g\u0171 hidraulikus hengerekre van sz\u00fcks\u00e9ge, amelyek megfelelnek \u00e9p\u00edt\u0151ipari g\u00e9pei ig\u00e9nyeinek. L\u00e9pjen kapcsolatba vel\u00fcnk m\u00e9g ma, hogy megbesz\u00e9lj\u00fck ig\u00e9nyeit, \u00e9s csapatunk seg\u00edtsen megtal\u00e1lni a t\u00f6k\u00e9letes hidraulikus henger megold\u00e1st.<\/p>\n<p>Szerz\u0151: CX<\/p>","protected":false},"excerpt":{"rendered":"<p>Excellent Quality Welded Snow Plow Hydraulic Cylinder The Excellent Quality Welded Snow Plow Hydraulic Cylinder is a high-performance hydraulic component designed specifically for snow plow applications. With its durable construction and advanced features, this hydraulic cylinder ensures reliable performance even in the toughest winter conditions. Key Features: 1. Robust Construction: Made with high-quality materials, the [&hellip;]<\/p>","protected":false},"featured_media":1531,"comment_status":"closed","ping_status":"closed","template":"","meta":{"_et_pb_use_builder":"","_et_pb_old_content":"","_et_gb_content_width":""},"product_brand":[],"product_cat":[42],"product_tag":[34,44],"class_list":{"0":"post-1530","1":"product","2":"type-product","3":"status-publish","4":"has-post-thumbnail","6":"product_cat-snow-plow-hydraulic-cylinder","7":"product_tag-hydraulic-cylinder","8":"product_tag-snow-plow-hydraulic-cylinder","10":"first","11":"instock","12":"product-type-simple"},"_links":{"self":[{"href":"https:\/\/fmp-components.com\/hu\/wp-json\/wp\/v2\/product\/1530","targetHints":{"allow":["GET"]}}],"collection":[{"href":"https:\/\/fmp-components.com\/hu\/wp-json\/wp\/v2\/product"}],"about":[{"href":"https:\/\/fmp-components.com\/hu\/wp-json\/wp\/v2\/types\/product"}],"replies":[{"embeddable":true,"href":"https:\/\/fmp-components.com\/hu\/wp-json\/wp\/v2\/comments?post=1530"}],"wp:featuredmedia":[{"embeddable":true,"href":"https:\/\/fmp-components.com\/hu\/wp-json\/wp\/v2\/media\/1531"}],"wp:attachment":[{"href":"https:\/\/fmp-components.com\/hu\/wp-json\/wp\/v2\/media?parent=1530"}],"wp:term":[{"taxonomy":"product_brand","embeddable":true,"href":"https:\/\/fmp-components.com\/hu\/wp-json\/wp\/v2\/product_brand?post=1530"},{"taxonomy":"product_cat","embeddable":true,"href":"https:\/\/fmp-components.com\/hu\/wp-json\/wp\/v2\/product_cat?post=1530"},{"taxonomy":"product_tag","embeddable":true,"href":"https:\/\/fmp-components.com\/hu\/wp-json\/wp\/v2\/product_tag?post=1530"}],"curies":[{"name":"munkaf\u00fczet","href":"https:\/\/api.w.org\/{rel}","templated":true}]}}