{"id":1528,"date":"2024-12-23T05:51:36","date_gmt":"2024-12-23T05:51:36","guid":{"rendered":"https:\/\/fmp-components.com\/product\/hot-sale-stainless-steel-double-acting-hydraulic-cylinder-for-snow-plow\/"},"modified":"2024-12-23T06:00:40","modified_gmt":"2024-12-23T06:00:40","slug":"hot-sale-stainless-steel-double-acting-hydraulic-cylinder-for-snow-plow","status":"publish","type":"product","link":"https:\/\/fmp-components.com\/hu\/product\/hot-sale-stainless-steel-double-acting-hydraulic-cylinder-for-snow-plow\/","title":{"rendered":"Forr\u00f3 elad\u00f3 rozsdamentes ac\u00e9l kett\u0151s m\u0171k\u00f6d\u00e9s\u0171 hidraulikus henger h\u00f3ek\u00e9hez"},"content":{"rendered":"<h2>Forr\u00f3 elad\u00f3 rozsdamentes ac\u00e9l kett\u0151s m\u0171k\u00f6d\u00e9s\u0171 hidraulikus henger h\u00f3ek\u00e9hez<\/h2>\n<p>A h\u00f3ek\u00e9hez val\u00f3, nagykereskedelmi forgalomban kaphat\u00f3 rozsdamentes ac\u00e9l kett\u0151s m\u0171k\u00f6d\u00e9s\u0171 hidraulikus henger egy kiv\u00e1l\u00f3 min\u0151s\u00e9g\u0171 term\u00e9k, amelyet a legzordabb t\u00e9li k\u00f6r\u00fclm\u00e9nyek k\u00f6z\u00f6tt is hat\u00e9kony h\u00f3eltakar\u00edt\u00e1sra terveztek. Tart\u00f3s rozsdamentes ac\u00e9lb\u00f3l k\u00e9sz\u00fclt, ez a hidraulikus henger sz\u00e9ls\u0151s\u00e9ges h\u0151m\u00e9rs\u00e9kleteknek \u00e9s korr\u00f3zi\u00f3\u00e1ll\u00f3s\u00e1gnak van kit\u00e9ve.<\/p>\n<p>A kett\u0151s m\u0171k\u00f6d\u00e9s\u0171 funkci\u00f3 sima \u00e9s hat\u00e9kony mozg\u00e1st tesz lehet\u0151v\u00e9 mindk\u00e9t ir\u00e1nyban, \u00edgy a h\u00f3eke peng\u00e9je k\u00f6nnyen be\u00e1ll\u00edthat\u00f3 a k\u00edv\u00e1nt sz\u00f6gbe. Ezenk\u00edv\u00fcl a hidraulikus henger kompakt kialak\u00edt\u00e1sa lehet\u0151v\u00e9 teszi a k\u00f6nny\u0171 felszerel\u00e9st k\u00fcl\u00f6nf\u00e9le h\u00f3ek\u00e9kre.<\/p>\n<p>Kiv\u00e1l\u00f3 teljes\u00edtm\u00e9ny\u00e9vel \u00e9s tart\u00f3ss\u00e1g\u00e1val a n\u00e9pszer\u0171 rozsdamentes ac\u00e9l kett\u0151s m\u0171k\u00f6d\u00e9s\u0171 hidraulikus henger h\u00f3ek\u00e9hez t\u00f6k\u00e9letes kieg\u00e9sz\u00edt\u0151je b\u00e1rmilyen h\u00f3ek\u00e9z\u0151 rendszernek. Ne hagyja, hogy a t\u00e9li id\u0151j\u00e1r\u00e1s lelass\u00edtsa \u2013 fektessen be ebbe a megb\u00edzhat\u00f3 \u00e9s hat\u00e9kony hidraulikus hengerbe m\u00e9g ma. A nagy ig\u00e9nybev\u00e9tel\u0171 alkalmaz\u00e1sokhoz tervezett rozsdamentes ac\u00e9l kett\u0151s m\u0171k\u00f6d\u00e9s\u0171 hidraulikus henger kiv\u00e1l\u00f3 teljes\u00edtm\u00e9nyt \u00e9s tart\u00f3ss\u00e1got k\u00edn\u00e1l a h\u00f3ek\u00e9z\u00e9shez. \u00daj \u00e1llapot\u00e1ban \u00e9s 1 \u00e9v garanci\u00e1val ez a hidraulikus henger megb\u00edzhat\u00f3s\u00e1got \u00e9s nyugalmat \u00edg\u00e9r a felhaszn\u00e1l\u00f3 sz\u00e1m\u00e1ra.<img decoding=\"async\" title=\"H\u00f3eke hidraulikus henger\" src=\"https:\/\/hzpt.com\/wp-content\/uploads\/2023\/11\/Snow-Plow-Hydraulic-Cylinder-2.webp\" alt=\"H\u00f3eke hidraulikus henger\" \/><\/p>\n<h2>Term\u00e9kjellemz\u0151k<\/h2>\n<h3>Kiv\u00e1l\u00f3 min\u0151s\u00e9g \u00e9s diz\u00e1jn<\/h3>\n<p>A robusztus ac\u00e9l testtel k\u00e9sz\u00fclt hidraulikus henger standard fel\u00e9p\u00edt\u00e9s\u0171, dugatty\u00fas hengerrel. Hidraulikus er\u0151vel m\u0171k\u00f6dik, maxim\u00e1lis tol\u00f3ereje 3000 tonna, maxim\u00e1lis h\u00faz\u00f3ereje pedig 20 tonna. A henger eleg\u00e1ns fekete sz\u00ednben kaphat\u00f3, \u00e9s G\/SAE\/NPT\/M csatlakoz\u00f3kkal rendelkezik.<\/p>\n<h3>M\u00e9retek<\/h3>\n<p>A hidraulikus henger furat\u00e1tm\u00e9r\u0151je 2 \u00e9s 6 h\u00fcvelyk, r\u00fadm\u00e9rete 1,125 \u00e9s 4 h\u00fcvelyk, l\u00f6kethossza 4 \u00e9s 100 h\u00fcvelyk, csapm\u00e9rete pedig 0,5 \u00e9s 2 h\u00fcvelyk k\u00f6z\u00f6tt v\u00e1ltozik. Ez a m\u00e9retv\u00e1laszt\u00e9k biztos\u00edtja, hogy a g\u00e9pek \u00e9s m\u0171veletek sz\u00e9les k\u00f6r\u00e9ben haszn\u00e1lhat\u00f3 legyen.<\/p>\n<h3>Min\u0151s\u00e9gbiztos\u00edt\u00e1s<\/h3>\n<p>Az ISO9001:2000 tan\u00fas\u00edtv\u00e1nnyal rendelkez\u0151 hidraulikus henger kiv\u00e1l\u00f3 min\u0151s\u00e9get \u00e9s teljes\u00edtm\u00e9nyt biztos\u00edt. Minden egys\u00e9g vide\u00f3s kimen\u0151 ellen\u0151rz\u00e9sen esik \u00e1t, \u00e9s g\u00e9pteszt-jelent\u00e9ssel l\u00e1tj\u00e1k el. A f\u0151 alkatr\u00e9szekre, a csap\u00e1gyra \u00e9s a hidraulikus hengerre 1 \u00e9v garancia vonatkozik.<\/p>\n<h3>Alkalmaz\u00e1sok<\/h3>\n<p>A hidraulikus henger ide\u00e1lis k\u00fcl\u00f6nf\u00e9le ipar\u00e1gak sz\u00e1m\u00e1ra, bele\u00e9rtve a g\u00e9pjav\u00edt\u00f3 m\u0171helyeket, a mez\u0151gazdas\u00e1got, az energia- \u00e9s b\u00e1ny\u00e1szatot, a g\u00e9pgy\u00e1rt\u00e1st \u00e9s a g\u00e9pgy\u00e1rakat.<\/p>\n<h2>Az \u00e1ll\u00edthat\u00f3 kengyeles hengerek el\u0151nyei<\/h2>\n<p>Az \u00e1ll\u00edthat\u00f3 kengyeles hengerek olyan hidraulikus hengerek, amelyek k\u00e9pesek line\u00e1ris mozg\u00e1st l\u00e9trehozni hidraulikus nyom\u00e1s seg\u00edts\u00e9g\u00e9vel. Sz\u00e1mos el\u0151nnyel rendelkeznek, amelyek kiv\u00e1l\u00f3 v\u00e1laszt\u00e1ss\u00e1 teszik \u0151ket sz\u00e1mos alkalmaz\u00e1shoz. \u00cdme az \u00e1ll\u00edthat\u00f3 kengyeles hengerek n\u00e9h\u00e1ny el\u0151nye:<\/p>\n<ul>\n<li><strong>\u00c1ll\u00edthat\u00f3s\u00e1g:<\/strong> Az \u00e1ll\u00edthat\u00f3 kengyeles hengerek egyik legfontosabb el\u0151nye az \u00e1ll\u00edthat\u00f3s\u00e1guk. Ez a t\u00edpus\u00fa henger lehet\u0151v\u00e9 teszi a dugatty\u00far\u00fad helyzet\u00e9nek pontos szab\u00e1lyoz\u00e1s\u00e1t, \u00edgy ide\u00e1lis olyan alkalmaz\u00e1sokhoz, amelyek prec\u00edz pozicion\u00e1l\u00e1st ig\u00e9nyelnek. P\u00e9ld\u00e1ul a h\u00f3ek\u00e9hez val\u00f3, n\u00e9pszer\u0171 rozsdamentes ac\u00e9l kett\u0151s m\u0171k\u00f6d\u00e9s\u0171 hidraulikus henger be\u00e1ll\u00edthat\u00f3 annak \u00e9rdek\u00e9ben, hogy az eke peng\u00e9je a hat\u00e9kony h\u00f3eltakar\u00edt\u00e1shoz megfelel\u0151 sz\u00f6gben legyen.<\/li>\n<li><strong>Nagy er\u0151:<\/strong> Az \u00e1ll\u00edthat\u00f3 kengyeles hengerek nagy er\u0151ket tudnak el\u0151\u00e1ll\u00edtani, \u00edgy ide\u00e1lisak olyan alkalmaz\u00e1sokhoz, amelyek nagy teljes\u00edtm\u00e9nyt ig\u00e9nyelnek. Ez annak k\u00f6sz\u00f6nhet\u0151, hogy a hidraulikus rendszerek sokkal nagyobb er\u0151ket tudnak el\u0151\u00e1ll\u00edtani, mint a pneumatikus rendszerek. Ez a tulajdons\u00e1g ide\u00e1liss\u00e1 teszi \u0151ket nagy ig\u00e9nybev\u00e9tel\u0171 alkalmaz\u00e1sokhoz, p\u00e9ld\u00e1ul b\u00e1ny\u00e1szati \u200b\u200bberendez\u00e9sekhez vagy \u00e9p\u00edt\u0151ipari g\u00e9pekhez.<\/li>\n<li><strong>Megb\u00edzhat\u00f3s\u00e1g:<\/strong> Az \u00e1ll\u00edthat\u00f3 kengyeles hengerek egyszer\u0171 kialak\u00edt\u00e1suknak k\u00f6sz\u00f6nhet\u0151en rendk\u00edv\u00fcl megb\u00edzhat\u00f3ak. Kev\u00e9s mozg\u00f3 alkatr\u00e9sz\u00fck van, amelyek elt\u00f6rhetnek vagy meghib\u00e1sodhatnak, \u00edgy kiv\u00e1l\u00f3 v\u00e1laszt\u00e1st jelentenek azokhoz az alkalmaz\u00e1sokhoz, amelyek nagyfok\u00fa megb\u00edzhat\u00f3s\u00e1got ig\u00e9nyelnek.<\/li>\n<li><strong>Hat\u00e9konys\u00e1g:<\/strong> A hidraulikus rendszerek nagy hat\u00e1sfokukr\u00f3l ismertek, ami annak k\u00f6sz\u00f6nhet\u0151, hogy elektromos energia helyett folyad\u00e9kenergi\u00e1t haszn\u00e1lnak. Ez azt jelenti, hogy az \u00e1ll\u00edthat\u00f3 kengyeles hengerek nagyon kev\u00e9s energia felhaszn\u00e1l\u00e1s\u00e1val nagy er\u0151t tudnak el\u0151\u00e1ll\u00edtani, \u00edgy kiv\u00e1l\u00f3 v\u00e1laszt\u00e1st jelentenek olyan alkalmaz\u00e1sokhoz, ahol az energiahat\u00e9konys\u00e1g fontos.<\/li>\n<li><strong>Testreszab\u00e1s:<\/strong> Az \u00e1ll\u00edthat\u00f3 kengyeles hengerek testreszabhat\u00f3k az adott alkalmaz\u00e1si k\u00f6vetelm\u00e9nyeknek megfelel\u0151en. \u00dagy tervezhet\u0151k, hogy meghat\u00e1rozott nyom\u00e1son, h\u0151m\u00e9rs\u00e9kleten \u00e9s sebess\u00e9gen m\u0171k\u00f6djenek, \u00edgy kiv\u00e1l\u00f3 v\u00e1laszt\u00e1st jelentenek az egyedi ig\u00e9nyeket t\u00e1maszt\u00f3 alkalmaz\u00e1sokhoz.<\/li>\n<\/ul>\n<p>A h\u00f3ek\u00e9hez val\u00f3, nagykereskedelmi forgalomban kaphat\u00f3 rozsdamentes ac\u00e9l kett\u0151s m\u0171k\u00f6d\u00e9s\u0171 hidraulikus henger kiv\u00e1l\u00f3 p\u00e9lda az \u00e1ll\u00edthat\u00f3 kengyeles hengerek el\u0151nyeire. Ez a henger be\u00e1ll\u00edthat\u00f3 annak \u00e9rdek\u00e9ben, hogy a h\u00f3eke peng\u00e9je a hat\u00e9kony h\u00f3eltakar\u00edt\u00e1shoz megfelel\u0151 sz\u00f6gben legyen. Ezenk\u00edv\u00fcl nagy er\u0151ket is k\u00e9pes gener\u00e1lni, \u00edgy ide\u00e1lis nagy teherb\u00edr\u00e1s\u00fa h\u00f3eltakar\u00edt\u00e1si alkalmaz\u00e1sokhoz. A hidraulikus rendszerek megb\u00edzhat\u00f3s\u00e1ga \u00e9s hat\u00e9konys\u00e1ga szint\u00e9n kiv\u00e1l\u00f3 v\u00e1laszt\u00e1ss\u00e1 teszi ezt a hengert h\u00f3eltakar\u00edt\u00f3 berendez\u00e9sekhez.<\/p>\n<p>\u00d6sszefoglalva, az \u00e1ll\u00edthat\u00f3 kengyeles hengerek sz\u00e1mos el\u0151nnyel rendelkeznek, amelyek kiv\u00e1l\u00f3 v\u00e1laszt\u00e1ss\u00e1 teszik \u0151ket sz\u00e1mos alkalmaz\u00e1shoz. \u00c1ll\u00edthat\u00f3s\u00e1guk, nagy erej\u00fck, megb\u00edzhat\u00f3s\u00e1guk, hat\u00e9konys\u00e1guk \u00e9s testreszab\u00e1si lehet\u0151s\u00e9geik kiv\u00e1l\u00f3 v\u00e1laszt\u00e1ss\u00e1 teszik \u0151ket sz\u00e1mos alkalmaz\u00e1shoz, bele\u00e9rtve a h\u00f3eltakar\u00edt\u00f3 berendez\u00e9seket, mint p\u00e9ld\u00e1ul a Hot Sale rozsdamentes ac\u00e9l kett\u0151s m\u0171k\u00f6d\u00e9s\u0171 hidraulikus henger h\u00f3ek\u00e9hez.<\/p>\n<h3>Az FMP-r\u0151l<\/h3>\n<p>Az FMP egy hidraulikus hengerek gy\u00e1rt\u00e1s\u00e1ra \u00e9s \u00e9rt\u00e9kes\u00edt\u00e9s\u00e9re szakosodott v\u00e1llalat. Olaszorsz\u00e1gi sz\u00e9khely\u00fcnkkel sz\u00e9lesk\u00f6r\u0171 tapasztalattal rendelkez\u00fcnk az \u00e9p\u00edt\u0151ipari g\u00e9piparban, \u00e9s elk\u00f6telezett szakemberg\u00e1rd\u00e1val rendelkez\u00fcnk. Kiv\u00e1l\u00f3 min\u0151s\u00e9g\u0171 \u00e9s megb\u00edzhat\u00f3 hidraulikus hengereket, valamint sz\u00e1mos egy\u00e9b \u00e9p\u00edt\u0151ipari g\u00e9palkatr\u00e9szt \u00e9s megold\u00e1st k\u00edn\u00e1lunk.<\/p>\n<p><strong>1. Sz\u00e9les term\u00e9kv\u00e1laszt\u00e9k:<\/strong> Term\u00e9kk\u00edn\u00e1latunkban k\u00fcl\u00f6nf\u00e9le t\u00edpus\u00fa hidraulikus munkahengerek tal\u00e1lhat\u00f3k, amelyek az \u00e9p\u00edt\u0151ipari g\u00e9pipar k\u00fcl\u00f6nb\u00f6z\u0151 ig\u00e9nyeit el\u00e9g\u00edtik ki.<\/p>\n<p><strong>2. Kiv\u00e1l\u00f3 min\u0151s\u00e9g:<\/strong> Hossz\u00fa t\u00e1v\u00fa \u00e9s stabil partners\u00e9geket \u00e9p\u00edtett\u00fcnk ki kiv\u00e1l\u00f3 min\u0151s\u00e9g\u0171 besz\u00e1ll\u00edt\u00f3kkal mind a hazai, mind a nemzetk\u00f6zi piacokon. Ez biztos\u00edtja, hogy minden hidraulikus henger\u00fcnk megfeleljen a szigor\u00fa min\u0151s\u00e9gi el\u0151\u00edr\u00e1soknak, megb\u00edzhat\u00f3 \u00e9s tart\u00f3s term\u00e9keket biztos\u00edtva \u00fcgyfeleink sz\u00e1m\u00e1ra.<\/p>\n<p><strong>3. Professzion\u00e1lis \u00e9rt\u00e9kes\u00edt\u00e9si csapat:<\/strong> Tapasztalt \u00e9rt\u00e9kes\u00edt\u00e9si csapatunk j\u00e1rtas az \u00e9p\u00edt\u0151ipari g\u00e9pipar leg\u00fajabb trendjeiben \u00e9s \u00fcgyf\u00e9lig\u00e9nyeiben. Professzion\u00e1lis term\u00e9ktan\u00e1csad\u00e1st \u00e9s intelligens v\u00e1s\u00e1rl\u00e1si javaslatokat tudnak ny\u00fajtani, seg\u00edtve az \u00fcgyfeleket a konkr\u00e9t ig\u00e9nyeiknek legmegfelel\u0151bb hidraulikus henger kiv\u00e1laszt\u00e1s\u00e1ban.<\/p>\n<p><strong>4. Hat\u00e9kony logisztikai disztrib\u00faci\u00f3:<\/strong> Az FMP-n\u00e9l meg\u00e9rtj\u00fck az id\u0151ben t\u00f6rt\u00e9n\u0151 \u00e9s pontos sz\u00e1ll\u00edt\u00e1s fontoss\u00e1g\u00e1t. Hat\u00e9kony logisztikai eloszt\u00e1si rendszer\u00fcnk biztos\u00edtja, hogy \u00fcgyfeleink id\u0151ben megkapj\u00e1k a sz\u00fcks\u00e9ges alkatr\u00e9szeket, minimaliz\u00e1lva az \u00e1ll\u00e1sid\u0151t \u00e9s maximaliz\u00e1lva a termel\u00e9kenys\u00e9get.<\/p>\n<p><strong>5. Elk\u00f6telezetts\u00e9g az \u00fcgyf\u00e9l-el\u00e9gedetts\u00e9g ir\u00e1nt:<\/strong> Els\u0151dleges szempont sz\u00e1munkra az \u00fcgyfelek el\u00e9gedetts\u00e9ge, \u00e9s kiv\u00e9teles szolg\u00e1ltat\u00e1s ny\u00fajt\u00e1s\u00e1ra t\u00f6reksz\u00fcnk. Csapatunk elk\u00f6telezett amellett, hogy minden k\u00e9rd\u00e9st vagy probl\u00e9m\u00e1t gyorsan megv\u00e1laszoljon, biztos\u00edtva \u00e9rt\u00e9kes \u00fcgyfeleink sz\u00e1m\u00e1ra a z\u00f6kken\u0151mentes \u00e9s \u00e9lvezetes \u00e9lm\u00e9nyt.<\/p>\n<p><img decoding=\"async\" src=\"https:\/\/fmp-components.com\/wp-content\/uploads\/2024\/12\/Adjustable-Clevis-Type-Cylinders-6.webp\" alt=\"\u00c1ll\u00edthat\u00f3 kengyeles henger\" width=\"842\" title=\"\"><\/p>\n<h2>GYIK<\/h2>\n<h3>K: Kereskedelmi v\u00e1llalat vagy gy\u00e1rt\u00f3?<\/h3>\n<p>V: Gy\u00e1r vagyunk, amely kiv\u00e1l\u00f3 min\u0151s\u00e9g\u0171 hidraulikus hengereket \u00e9s egy\u00e9b g\u00e9palkatr\u00e9szeket gy\u00e1rt.<\/p>\n<h3>K: Mi a hidraulikus henger sz\u00e1ll\u00edt\u00e1si ideje?<\/h3>\n<p>V: \u00c1ltal\u00e1ban a sz\u00e1ll\u00edt\u00e1si id\u0151 25-35 nap.<\/p>\n<h3>K: Tudsz-e a mint\u00e1k szerint gy\u00e1rtani?<\/h3>\n<p>V: Igen, a mint\u00e1k vagy m\u0171szaki rajzok alapj\u00e1n tudunk legy\u00e1rtani. El tudjuk k\u00e9sz\u00edteni a form\u00e1kat \u00e9s a szerelv\u00e9nyeket.<\/p>\n<p>Szerz\u0151: CX<\/p>","protected":false},"excerpt":{"rendered":"<p>Hot Sale Stainless Steel Double Acting Hydraulic Cylinder for Snow Plow The Hot Sale Stainless Steel Double Acting Hydraulic Cylinder for Snow Plow is a high-quality product engineered to provide efficient plowing in the harshest winter conditions. Made with durable stainless steel, this hydraulic cylinder is designed to withstand extreme temperatures and resist corrosion. The [&hellip;]<\/p>","protected":false},"featured_media":1529,"comment_status":"closed","ping_status":"closed","template":"","meta":{"_et_pb_use_builder":"","_et_pb_old_content":"","_et_gb_content_width":""},"product_brand":[],"product_cat":[42],"product_tag":[34,44],"class_list":{"0":"post-1528","1":"product","2":"type-product","3":"status-publish","4":"has-post-thumbnail","6":"product_cat-snow-plow-hydraulic-cylinder","7":"product_tag-hydraulic-cylinder","8":"product_tag-snow-plow-hydraulic-cylinder","10":"first","11":"instock","12":"product-type-simple"},"_links":{"self":[{"href":"https:\/\/fmp-components.com\/hu\/wp-json\/wp\/v2\/product\/1528","targetHints":{"allow":["GET"]}}],"collection":[{"href":"https:\/\/fmp-components.com\/hu\/wp-json\/wp\/v2\/product"}],"about":[{"href":"https:\/\/fmp-components.com\/hu\/wp-json\/wp\/v2\/types\/product"}],"replies":[{"embeddable":true,"href":"https:\/\/fmp-components.com\/hu\/wp-json\/wp\/v2\/comments?post=1528"}],"wp:featuredmedia":[{"embeddable":true,"href":"https:\/\/fmp-components.com\/hu\/wp-json\/wp\/v2\/media\/1529"}],"wp:attachment":[{"href":"https:\/\/fmp-components.com\/hu\/wp-json\/wp\/v2\/media?parent=1528"}],"wp:term":[{"taxonomy":"product_brand","embeddable":true,"href":"https:\/\/fmp-components.com\/hu\/wp-json\/wp\/v2\/product_brand?post=1528"},{"taxonomy":"product_cat","embeddable":true,"href":"https:\/\/fmp-components.com\/hu\/wp-json\/wp\/v2\/product_cat?post=1528"},{"taxonomy":"product_tag","embeddable":true,"href":"https:\/\/fmp-components.com\/hu\/wp-json\/wp\/v2\/product_tag?post=1528"}],"curies":[{"name":"munkaf\u00fczet","href":"https:\/\/api.w.org\/{rel}","templated":true}]}}