{"id":1526,"date":"2024-12-23T05:51:36","date_gmt":"2024-12-23T05:51:36","guid":{"rendered":"https:\/\/fmp-components.com\/product\/competitive-price-welded-double-effect-hydraulic-piston-cylinder\/"},"modified":"2024-12-23T06:03:51","modified_gmt":"2024-12-23T06:03:51","slug":"competitive-price-welded-double-effect-hydraulic-piston-cylinder","status":"publish","type":"product","link":"https:\/\/fmp-components.com\/hu\/product\/competitive-price-welded-double-effect-hydraulic-piston-cylinder\/","title":{"rendered":"Versenyk\u00e9pes \u00e1r\u00fa hegesztett kett\u0151s hat\u00e1s\u00fa hidraulikus dugatty\u00fas henger"},"content":{"rendered":"<p>Versenyk\u00e9pes \u00e1r\u00fa hegesztett kett\u0151s hat\u00e1s\u00fa hidraulikus dugatty\u00fas hengerA versenyk\u00e9pes \u00e1r\u00fa hegesztett kett\u0151s hat\u00e1s\u00fa hidraulikus dugatty\u00fas henger egy kiv\u00e1l\u00f3 min\u0151s\u00e9g\u0171 hidraulikus henger, amelyet k\u00fcl\u00f6nf\u00e9le ipari alkalmaz\u00e1sokhoz terveztek. Ez a hidraulikus dugatty\u00fas henger hegesztett kialak\u00edt\u00e1s\u00fa \u00e9s kett\u0151s m\u0171k\u00f6d\u00e9s\u0171, \u00edgy optim\u00e1lis teljes\u00edtm\u00e9nyt \u00e9s megb\u00edzhat\u00f3s\u00e1got biztos\u00edt.<\/p>\n<p>A henger pr\u00e9mium min\u0151s\u00e9g\u0171 anyagokb\u00f3l k\u00e9sz\u00fclt, \u00e9s \u00fagy tervezt\u00e9k, hogy ellen\u00e1lljon a nagy nyom\u00e1snak \u00e9s a neh\u00e9z terhel\u00e9seknek, \u00edgy ide\u00e1lis a neh\u00e9z ipari k\u00f6rnyezetben val\u00f3 haszn\u00e1latra. A dugatty\u00fa prec\u00edzi\u00f3s megmunk\u00e1l\u00e1s\u00fa \u00e9s nagy szil\u00e1rds\u00e1g\u00fa konstrukci\u00f3val rendelkezik, amely biztos\u00edtja a sima \u00e9s k\u00f6vetkezetes m\u0171k\u00f6d\u00e9st hossz\u00fa \u00e9lettartamon kereszt\u00fcl.<\/p>\n<p><img decoding=\"async\" title=\"H\u00f3eke hidraulikus henger\" src=\"https:\/\/hzpt.com\/wp-content\/uploads\/2023\/11\/Snow-Plow-Hydraulic-Cylinder-3.webp\" alt=\"H\u00f3eke hidraulikus henger\" \/><\/p>\n<p>Ez a hidraulikus henger k\u00f6nnyen telep\u00edthet\u0151 \u00e9s karbantarthat\u00f3, \u00e9s sz\u00e1mos hidraulikus rendszerrel kompatibilis. Emellett nagym\u00e9rt\u00e9kben testreszabhat\u00f3, k\u00fcl\u00f6nf\u00e9le r\u00f6gz\u00edt\u00e9si lehet\u0151s\u00e9gekkel \u00e9s l\u00f6kethosszakkal, hogy megfeleljen az \u00d6n egyedi ig\u00e9nyeinek.<\/p>\n<p>\u00d6sszess\u00e9g\u00e9ben a versenyk\u00e9pes \u00e1r\u00fa hegesztett kett\u0151s hat\u00e1s\u00fa hidraulikus dugatty\u00fas henger egy kiv\u00e1l\u00f3 min\u0151s\u00e9g\u0171 hidraulikus henger, amely kiv\u00e1l\u00f3 teljes\u00edtm\u00e9nyt, megb\u00edzhat\u00f3s\u00e1got \u00e9s \u00e1r-\u00e9rt\u00e9k ar\u00e1nyt k\u00edn\u00e1l. Ak\u00e1r ipari, mez\u0151gazdas\u00e1gi, ak\u00e1r mobil alkalmaz\u00e1sokhoz van sz\u00fcks\u00e9ge hidraulikus hengerre, ez a term\u00e9k biztosan megfelel az \u00d6n ig\u00e9nyeinek \u00e9s fel\u00fclm\u00falja az elv\u00e1r\u00e1sait.<\/p>\n<div>\n<h2>Term\u00e9kjellemz\u0151k<\/h2>\n<ul>\n<li>Robusztus ac\u00e9lb\u00f3l k\u00e9sz\u00fclt a kiv\u00e1l\u00f3 teljes\u00edtm\u00e9ny \u00e9rdek\u00e9ben<\/li>\n<li>Standard szerkezet<\/li>\n<li>Maxim\u00e1lis tol\u00f3er\u0151 3000<\/li>\n<li>Maxim\u00e1lis h\u00faz\u00f3er\u0151 20 tonna<\/li>\n<li>1 \u00e9v garancia<\/li>\n<\/ul>\n<\/div>\n<div>\n<h3>Specifik\u00e1ci\u00f3k<\/h3>\n<ul>\n<li>Furatm\u00e9ret: 2-6 h\u00fcvelyk<\/li>\n<li>R\u00fadm\u00e9ret: 1,125-4 h\u00fcvelyk<\/li>\n<li>L\u00f6ketm\u00e9ret: 4-100 h\u00fcvelyk<\/li>\n<li>Csapm\u00e9ret: 0,5-2 h\u00fcvelyk<\/li>\n<li>Csatlakoz\u00e1sok: G\/SAE\/NPT\/M<\/li>\n<\/ul>\n<\/div>\n<div style=\"text-align: center;\"><\/div>\n<div style=\"text-align: center;\"><img decoding=\"async\" title=\"H\u00f3eke hidraulikus henger\" src=\"https:\/\/hzpt.com\/wp-content\/uploads\/2023\/11\/Snow-Plow-Hydraulic-Cylinder-2.webp\" alt=\"H\u00f3eke hidraulikus henger\" \/><\/div>\n<div style=\"text-align: center;\"><\/div>\n<div>\n<p>&nbsp;<\/p>\n<\/div>\n<h2>Az \u00e1ll\u00edthat\u00f3 kengyeles hengerek el\u0151nyei<\/h2>\n<ul>\n<li style=\"list-style-type: none;\">\n<ul>\n<li>Fokozott rugalmass\u00e1g \u00e9s pontoss\u00e1g a berendez\u00e9sek kezel\u00e9s\u00e9ben<\/li>\n<\/ul>\n<\/li>\n<\/ul>\n<p>Az \u00e1ll\u00edthat\u00f3 kengyeles hengerek nagyfok\u00fa rugalmass\u00e1got \u00e9s pontoss\u00e1got biztos\u00edtanak a berendez\u00e9sek m\u0171k\u00f6dtet\u00e9s\u00e9ben, lehet\u0151v\u00e9 t\u00e9ve a pontosabb pozicion\u00e1l\u00e1st \u00e9s mozg\u00e1svez\u00e9rl\u00e9st. Ez a henger hossz\u00e1nak be\u00e1ll\u00edt\u00e1s\u00e1nak lehet\u0151s\u00e9g\u00e9nek k\u00f6sz\u00f6nhet\u0151, ami k\u00f6nnyen \u00e9s gyorsan elv\u00e9gezhet\u0151 an\u00e9lk\u00fcl, hogy a teljes hengert el kellene t\u00e1vol\u00edtani a berendez\u00e9sb\u0151l. Ez a fokozott rugalmass\u00e1g \u00e9s pontoss\u00e1g a gy\u00e1rt\u00e1si folyamatok termel\u00e9kenys\u00e9g\u00e9nek \u00e9s hat\u00e9konys\u00e1g\u00e1nak n\u00f6veked\u00e9s\u00e9t eredm\u00e9nyezheti.<\/p>\n<ul>\n<li style=\"list-style-type: none;\">\n<ul>\n<li>Fokozott tart\u00f3ss\u00e1g \u00e9s teljes\u00edtm\u00e9ny<\/li>\n<\/ul>\n<\/li>\n<\/ul>\n<p>Az \u00e1ll\u00edthat\u00f3 kengyeles hengereket \u00fagy tervezt\u00e9k, hogy ellen\u00e1lljanak a nagy terhel\u00e9seknek \u00e9s a zord \u00fczemi k\u00f6rnyezetnek. \u00c1ltal\u00e1ban kiv\u00e1l\u00f3 min\u0151s\u00e9g\u0171 anyagokb\u00f3l, p\u00e9ld\u00e1ul ac\u00e9lb\u00f3l vagy alum\u00edniumb\u00f3l k\u00e9sz\u00fclnek, amelyek kiv\u00e1l\u00f3 kop\u00e1s\u00e1ll\u00f3s\u00e1got, kop\u00e1st \u00e9s korr\u00f3zi\u00f3\u00e1ll\u00f3s\u00e1got biztos\u00edtanak. Ezenk\u00edv\u00fcl ezek a hengerek gyakran kett\u0151s m\u0171k\u00f6d\u00e9s\u0171ek, ami azt jelenti, hogy mindk\u00e9t ir\u00e1nyban k\u00e9pesek er\u0151t kifejteni. Ez a tulajdons\u00e1g lehet\u0151v\u00e9 teszi a berendez\u00e9sek pontosabb \u00e9s hat\u00e9konyabb mozg\u00e1s\u00e1t, ami jobb tart\u00f3ss\u00e1got \u00e9s \u00e1ltal\u00e1nos teljes\u00edtm\u00e9nyt eredm\u00e9nyez.<\/p>\n<ul>\n<li style=\"list-style-type: none;\">\n<ul>\n<li>Fokozott biztons\u00e1g \u00e9s stabilit\u00e1s<\/li>\n<\/ul>\n<\/li>\n<\/ul>\n<p>Az \u00e1ll\u00edthat\u00f3 kengyeles hengereket a biztons\u00e1g \u00e9s a stabilit\u00e1s szem el\u0151tt tart\u00e1s\u00e1val tervezt\u00e9k. \u00c1ltal\u00e1ban biztons\u00e1gi funkci\u00f3kkal, p\u00e9ld\u00e1ul r\u00f6gz\u00edt\u0151any\u00e1kkal vagy reteszel\u0151 mechanizmusokkal vannak felszerelve, hogy megakad\u00e1lyozz\u00e1k a v\u00e9letlen elmozdul\u00e1st vagy lev\u00e1l\u00e1st. Ezenk\u00edv\u00fcl ezeket a hengereket gyakran haszn\u00e1lj\u00e1k olyan alkalmaz\u00e1sokban, ahol a stabilit\u00e1s kritikus fontoss\u00e1g\u00fa, p\u00e9ld\u00e1ul neh\u00e9zg\u00e9pekben vagy ipari berendez\u00e9sekben. Az \u00e1ll\u00edthat\u00f3 funkci\u00f3 lehet\u0151v\u00e9 teszi a pontos pozicion\u00e1l\u00e1st, ami seg\u00edthet megel\u0151zni a baleseteket \u00e9s s\u00e9r\u00fcl\u00e9seket a munkahelyen.<\/p>\n<ul>\n<li style=\"list-style-type: none;\">\n<ul>\n<li>K\u00f6lts\u00e9ghat\u00e9kony \u00e9s versenyk\u00e9pes \u00e1rk\u00e9pz\u00e9s<\/li>\n<\/ul>\n<\/li>\n<\/ul>\n<p>Az \u00e1ll\u00edthat\u00f3 kengyeles hengerek k\u00f6lts\u00e9ghat\u00e9kony megold\u00e1st k\u00edn\u00e1lnak a berendez\u00e9sgy\u00e1rt\u00f3k \u00e9s az \u00fczemeltet\u0151k sz\u00e1m\u00e1ra. \u00c1raik gyakran versenyk\u00e9pesek m\u00e1s t\u00edpus\u00fa hengerekhez k\u00e9pest, p\u00e9ld\u00e1ul a hegesztett kett\u0151s hat\u00e1s\u00fa hidraulikus dugatty\u00fas hengerekhez k\u00e9pest. Ez vonz\u00f3 v\u00e1laszt\u00e1ss\u00e1 teszi \u0151ket azok sz\u00e1m\u00e1ra, akik a teljes\u00edtm\u00e9ny fel\u00e1ldoz\u00e1sa n\u00e9lk\u00fcl szeretn\u00e9k cs\u00f6kkenteni a k\u00f6lts\u00e9geket. Ezenk\u00edv\u00fcl ezeknek a hengereknek az \u00e1ll\u00edthat\u00f3s\u00e1ga seg\u00edthet cs\u00f6kkenteni a berendez\u00e9sek \u00e1ll\u00e1sidej\u00e9t \u00e9s a karbantart\u00e1si k\u00f6lts\u00e9geket, tov\u00e1bb n\u00f6velve k\u00f6lts\u00e9ghat\u00e9konys\u00e1gukat.<\/p>\n<p>\u00d6sszess\u00e9g\u00e9ben az \u00e1ll\u00edthat\u00f3 kengyeles hengerek el\u0151nyei n\u00e9pszer\u0171v\u00e9 teszik \u0151ket a berendez\u00e9sgy\u00e1rt\u00f3k \u00e9s az \u00fczemeltet\u0151k k\u00f6r\u00e9ben. Rugalmass\u00e1guk, tart\u00f3ss\u00e1guk, biztons\u00e1gi jellemz\u0151ik \u00e9s k\u00f6lts\u00e9ghat\u00e9konys\u00e1guk kiv\u00e1l\u00f3 v\u00e1laszt\u00e1ss\u00e1 teszi \u0151ket sz\u00e1mos alkalmaz\u00e1shoz. A henger hossz\u00e1nak be\u00e1ll\u00edt\u00e1si lehet\u0151s\u00e9g\u00e9vel ezek a hengerek fokozott pontoss\u00e1got \u00e9s szab\u00e1lyozhat\u00f3s\u00e1got biztos\u00edtanak a berendez\u00e9sek mozg\u00e1s\u00e1ban, ami jobb termel\u00e9kenys\u00e9get \u00e9s hat\u00e9konys\u00e1got eredm\u00e9nyez. Ezenk\u00edv\u00fcl biztons\u00e1gi jellemz\u0151ik \u00e9s stabilit\u00e1suk megb\u00edzhat\u00f3 v\u00e1laszt\u00e1ss\u00e1 teszi \u0151ket a neh\u00e9zg\u00e9pekkel vagy ipari berendez\u00e9sekkel dolgoz\u00f3k sz\u00e1m\u00e1ra. Versenyk\u00e9pes \u00e1raz\u00e1s\u00e1val az \u00e1ll\u00edthat\u00f3 kengyeles hengerek megfizethet\u0151 megold\u00e1st k\u00edn\u00e1lnak azok sz\u00e1m\u00e1ra, akik a k\u00f6lts\u00e9geket a teljes\u00edtm\u00e9ny fel\u00e1ldoz\u00e1sa n\u00e9lk\u00fcl szeretn\u00e9k cs\u00f6kkenteni.<\/p>\n<h3>Az FMP-r\u0151l<\/h3>\n<p>Az FMP egy hidraulikus hengerek gy\u00e1rt\u00e1s\u00e1ra \u00e9s \u00e9rt\u00e9kes\u00edt\u00e9s\u00e9re szakosodott v\u00e1llalat. Olaszorsz\u00e1gi sz\u00e9khely\u00fcnkkel sok\u00e9ves ipar\u00e1gi tapasztalattal \u00e9s professzion\u00e1lis csapattal rendelkez\u00fcnk, amely elk\u00f6telezett amellett, hogy \u00fcgyfeleinknek kiv\u00e1l\u00f3 min\u0151s\u00e9g\u0171 \u00e9s megb\u00edzhat\u00f3 hidraulikus hengereket biztos\u00edtsunk.<\/p>\n<p><img decoding=\"async\" src=\"https:\/\/fmp-components.com\/wp-content\/uploads\/2024\/12\/Adjustable-Clevis-Type-Cylinders-6.webp\" alt=\"\u00c1ll\u00edthat\u00f3 kengyeles henger\" width=\"841\" title=\"\"><\/p>\n<p>\u00cdme \u00f6t ok, ami\u00e9rt \u00e9rdemes hidraulikus munkahengereinket v\u00e1lasztania:<\/p>\n<ol>\n<li>Sz\u00e9lesk\u00f6r\u0171 opci\u00f3k: Sz\u00e9les v\u00e1laszt\u00e9kban k\u00edn\u00e1lunk hidraulikus hengereket, bele\u00e9rtve az \u00e1ll\u00edthat\u00f3 kengyeles hengereket is, amelyek rugalmass\u00e1got biztos\u00edtanak a k\u00fcl\u00f6nf\u00e9le alkalmaz\u00e1sokban.<\/li>\n<li>Kiv\u00e9teles min\u0151s\u00e9g: Minden hidraulikus henger\u00fcnket szigor\u00fa min\u0151s\u00e9gi szabv\u00e1nyok szerint gy\u00e1rtjuk, biztos\u00edtva tart\u00f3ss\u00e1gukat \u00e9s teljes\u00edtm\u00e9ny\u00fcket.<\/li>\n<li>Szak\u00e9rt\u0151i tan\u00e1csad\u00e1s: Tapasztalt \u00e9rt\u00e9kes\u00edt\u00e9si csapatunk j\u00e1rtas az \u00e9p\u00edt\u0151ipari g\u00e9piparban, \u00e9s professzion\u00e1lis term\u00e9ktan\u00e1csad\u00e1st tud ny\u00fajtani az \u00d6n egyedi ig\u00e9nyeinek kiel\u00e9g\u00edt\u00e9s\u00e9re.<\/li>\n<li>Okos v\u00e1s\u00e1rl\u00e1si javaslatok: Meg\u00e9rtj\u00fck \u00fcgyfeleink ig\u00e9nyeit, \u00e9s intelligens v\u00e1s\u00e1rl\u00e1si javaslatokat k\u00edn\u00e1lunk, hogy seg\u00edts\u00fcnk \u00d6nnek megalapozott d\u00f6nt\u00e9seket hozni.<\/li>\n<li>Hat\u00e9kony logisztika: Hat\u00e9kony logisztikai eloszt\u00f3rendszer\u00fcnkkel biztos\u00edtjuk, hogy a sz\u00fcks\u00e9ges hidraulikus hengereket id\u0151ben \u00e9s pontosan megkapja.<\/li>\n<\/ol>\n<p>Az FMP-n\u00e9l arra t\u00f6reksz\u00fcnk, hogy kiv\u00e1l\u00f3 min\u0151s\u00e9g\u0171 hidraulikus hengereinkkel \u00e9s kiv\u00e9teles szolg\u00e1ltat\u00e1sunkkal fel\u00fclm\u00faljuk \u00fcgyfeleink elv\u00e1r\u00e1sait. Forduljon hozz\u00e1nk m\u00e9g ma, ha hidraulikus hengerekkel kapcsolatos ig\u00e9nyei vannak!<\/p>\n<div style=\"text-align: center;\">\n<h2 style=\"text-align: left;\">GYIK<\/h2>\n<\/div>\n<div>\n<h3>K: Kereskedelmi v\u00e1llalat vagy gy\u00e1rt\u00f3?<\/h3>\n<p>V: Mi egy gy\u00e1r vagyunk.<\/p>\n<\/div>\n<div>\n<h3>K: Mennyi a sz\u00e1ll\u00edt\u00e1si id\u0151?<\/h3>\n<p>V: \u00c1ltal\u00e1ban 25-35 nap.<\/p>\n<\/div>\n<div>\n<h3>K: Biztos\u00edtanak mint\u00e1kat? Ingyenes vagy k\u00fcl\u00f6n fizetend\u0151?<\/h3>\n<p>V: Igen, felaj\u00e1nlhatn\u00e1nk a mint\u00e1t, de ez nem ingyenes.<\/p>\n<\/div>\n<p>Szerz\u0151: CX<\/p>","protected":false},"excerpt":{"rendered":"<p>Competitive Price Welded Double Effect Hydraulic Piston CylinderCompetitive Price Welded Double Effect Hydraulic Piston Cylinder is a high-quality hydraulic cylinder designed for various industrial applications. This hydraulic piston cylinder features a welded design and double-acting operation, providing optimal performance and reliability. The cylinder is made from premium quality materials and is designed to withstand high [&hellip;]<\/p>","protected":false},"featured_media":1527,"comment_status":"closed","ping_status":"closed","template":"","meta":{"_et_pb_use_builder":"","_et_pb_old_content":"","_et_gb_content_width":""},"product_brand":[],"product_cat":[42],"product_tag":[34,44],"class_list":{"0":"post-1526","1":"product","2":"type-product","3":"status-publish","4":"has-post-thumbnail","6":"product_cat-snow-plow-hydraulic-cylinder","7":"product_tag-hydraulic-cylinder","8":"product_tag-snow-plow-hydraulic-cylinder","10":"first","11":"instock","12":"product-type-simple"},"_links":{"self":[{"href":"https:\/\/fmp-components.com\/hu\/wp-json\/wp\/v2\/product\/1526","targetHints":{"allow":["GET"]}}],"collection":[{"href":"https:\/\/fmp-components.com\/hu\/wp-json\/wp\/v2\/product"}],"about":[{"href":"https:\/\/fmp-components.com\/hu\/wp-json\/wp\/v2\/types\/product"}],"replies":[{"embeddable":true,"href":"https:\/\/fmp-components.com\/hu\/wp-json\/wp\/v2\/comments?post=1526"}],"wp:featuredmedia":[{"embeddable":true,"href":"https:\/\/fmp-components.com\/hu\/wp-json\/wp\/v2\/media\/1527"}],"wp:attachment":[{"href":"https:\/\/fmp-components.com\/hu\/wp-json\/wp\/v2\/media?parent=1526"}],"wp:term":[{"taxonomy":"product_brand","embeddable":true,"href":"https:\/\/fmp-components.com\/hu\/wp-json\/wp\/v2\/product_brand?post=1526"},{"taxonomy":"product_cat","embeddable":true,"href":"https:\/\/fmp-components.com\/hu\/wp-json\/wp\/v2\/product_cat?post=1526"},{"taxonomy":"product_tag","embeddable":true,"href":"https:\/\/fmp-components.com\/hu\/wp-json\/wp\/v2\/product_tag?post=1526"}],"curies":[{"name":"munkaf\u00fczet","href":"https:\/\/api.w.org\/{rel}","templated":true}]}}