{"id":1524,"date":"2024-12-23T05:51:36","date_gmt":"2024-12-23T05:51:36","guid":{"rendered":"https:\/\/fmp-components.com\/product\/high-quality-double-effect-snow-plow-hydraulic-cylinder\/"},"modified":"2024-12-23T05:54:59","modified_gmt":"2024-12-23T05:54:59","slug":"high-quality-double-effect-snow-plow-hydraulic-cylinder","status":"publish","type":"product","link":"https:\/\/fmp-components.com\/hu\/product\/high-quality-double-effect-snow-plow-hydraulic-cylinder\/","title":{"rendered":"Kiv\u00e1l\u00f3 min\u0151s\u00e9g\u0171 kett\u0151s hat\u00e1s\u00fa h\u00f3eke hidraulikus henger"},"content":{"rendered":"<p>Kiv\u00e1l\u00f3 min\u0151s\u00e9g\u0171, kett\u0151s hat\u00e1s\u00fa h\u00f3eke hidraulikus hengerA kiv\u00e1l\u00f3 min\u0151s\u00e9g\u0171, kett\u0151s hat\u00e1s\u00fa h\u00f3eke hidraulikus henger minden h\u00f3eke elengedhetetlen alkatr\u00e9sze. Tart\u00f3s konstrukci\u00f3j\u00e1nak \u00e9s megb\u00edzhat\u00f3, kett\u0151s hat\u00e1s\u00fa kialak\u00edt\u00e1s\u00e1nak k\u00f6sz\u00f6nhet\u0151en ez a hidraulikus henger hossz\u00fa \u00e9lettartamra k\u00e9sz\u00fclt.<\/p>\n<p>A henger \u00fagy van kialak\u00edtva, hogy k\u00f6nnyed\u00e9n a havat az eke oldal\u00e1ra mozgassa, \u00edgy a h\u00f3eltakar\u00edt\u00e1s gyerekj\u00e1t\u00e9k. K\u00e9pes az ek\u00e9t felemelni \u00e9s leengedni is, hogy alkalmazkodjon a v\u00e1ltoz\u00f3 h\u00f3vastags\u00e1ghoz.<\/p>\n<p>Kiv\u00e1l\u00f3 min\u0151s\u00e9g\u0171 anyagokb\u00f3l \u00e9s prec\u00edzi\u00f3s m\u00e9rn\u00f6ki munk\u00e1val k\u00e9sz\u00fclt, a kiv\u00e1l\u00f3 min\u0151s\u00e9g\u0171, kett\u0151s hat\u00e1s\u00fa h\u00f3eke hidraulikus henger k\u00f6telez\u0151 darab minden h\u00f3eke-kezel\u0151 sz\u00e1m\u00e1ra. Kiv\u00e1l\u00f3 teljes\u00edtm\u00e9ny\u00e9vel \u00e9s tart\u00f3ss\u00e1g\u00e1val ez a term\u00e9k biztosan fel\u00fclm\u00falja az elv\u00e1r\u00e1sait, \u00e9s minden eddigin\u00e9l k\u00f6nnyebb\u00e9 teszi a h\u00f3eltakar\u00edt\u00e1st.<\/p>\n<p><img decoding=\"async\" title=\"H\u00f3eke hidraulikus henger\" src=\"https:\/\/hzpt.com\/wp-content\/uploads\/2023\/11\/Snow-Plow-Hydraulic-Cylinder-1.webp\" alt=\"H\u00f3eke hidraulikus henger\" \/><\/p>\n<h3>Specifik\u00e1ci\u00f3k<\/h3>\n<ul>\n<li>Furatm\u00e9ret: 2-6 h\u00fcvelyk<\/li>\n<li>R\u00fadm\u00e9ret: 1,125-4 h\u00fcvelyk<\/li>\n<li>L\u00f6ketm\u00e9ret: 4-100 h\u00fcvelyk<\/li>\n<li>Csapm\u00e9ret: 0,5-2 h\u00fcvelyk<\/li>\n<li>Csatlakoz\u00e1sok: G\/SAE\/NPT\/M<\/li>\n<\/ul>\n<h2>Min\u0151s\u00e9gbiztos\u00edt\u00e1s<\/h2>\n<p>Term\u00e9k\u00fcnk ISO9001:2000 tan\u00fas\u00edtv\u00e1nnyal rendelkezik, amely biztos\u00edtja, hogy megfeleljen a nemzetk\u00f6zi min\u0151s\u00e9gi szabv\u00e1nyoknak. 1 \u00e9v garanci\u00e1t v\u00e1llalunk a f\u0151 alkatr\u00e9szekre, bele\u00e9rtve a csap\u00e1gyat \u00e9s mag\u00e1t a hidraulikus hengert is. Az \u00d6n biztons\u00e1ga \u00e9rdek\u00e9ben vide\u00f3s kimen\u0151 ellen\u0151rz\u00e9st \u00e9s g\u00e9pteszt-jelent\u00e9st is biztos\u00edtunk.<\/p>\n<p><img decoding=\"async\" title=\"H\u00f3eke hidraulikus henger\" src=\"https:\/\/hzpt.com\/wp-content\/uploads\/2023\/11\/Snow-Plow-Hydraulic-Cylinder-3.webp\" alt=\"H\u00f3eke hidraulikus henger\" \/><\/p>\n<h2>Az \u00e1ll\u00edthat\u00f3 kengyeles hengerek el\u0151nyei<\/h2>\n<p>Az \u00e1ll\u00edthat\u00f3 kengyeles hengerek fontos r\u00e9sz\u00e9t k\u00e9pezik a k\u00fcl\u00f6nf\u00e9le ipari \u00e9s kereskedelmi alkalmaz\u00e1sokban haszn\u00e1lt hidraulikus rendszereknek. Ezek a hengerek sz\u00e1mos el\u0151nnyel rendelkeznek a fix kengyeles hengerekkel szemben. Ebben a cikkben r\u00e9szletesen t\u00e1rgyaljuk az \u00e1ll\u00edthat\u00f3 kengyeles hengerek el\u0151nyeit.<\/p>\n<p>1. <b>Nagyobb rugalmass\u00e1g a telep\u00edt\u00e9sben \u00e9s az \u00fczemeltet\u00e9sben<\/b> \u2013 Az \u00e1ll\u00edthat\u00f3 kengyeles hengerek nagyobb rugalmass\u00e1got k\u00edn\u00e1lnak a telep\u00edt\u00e9s \u00e9s az \u00fczemeltet\u00e9s ter\u00e9n. A fix kengyeles hengerekkel ellent\u00e9tben az \u00e1ll\u00edthat\u00f3 kengyeles hengerek lehet\u0151v\u00e9 teszik a felhaszn\u00e1l\u00f3 sz\u00e1m\u00e1ra, hogy kis m\u00e9rt\u00e9kben \u00e1ll\u00edtsa be a henger hossz\u00e1t \u00e9s sz\u00f6g\u00e9t, ami seg\u00edthet a k\u00edv\u00e1nt teljes\u00edtm\u00e9nyszint el\u00e9r\u00e9s\u00e9ben. Ez ide\u00e1liss\u00e1 teszi \u0151ket olyan alkalmaz\u00e1sokhoz, ahol a pontoss\u00e1g fontos, p\u00e9ld\u00e1ul a kiv\u00e1l\u00f3 min\u0151s\u00e9g\u0171, kett\u0151s hat\u00e1s\u00fa h\u00f3eke hidraulikus hengerei eset\u00e9ben.<\/p>\n<p>2. <b>Fokozott teljes\u00edtm\u00e9ny \u00e9s hat\u00e9konys\u00e1g<\/b> \u2013 A vill\u00e1s hengerek \u00e1ll\u00edthat\u00f3s\u00e1ga lehet\u0151v\u00e9 teszi a hidraulikus rendszer pontosabb vez\u00e9rl\u00e9s\u00e9t. Ez viszont jobb teljes\u00edtm\u00e9nyhez \u00e9s hat\u00e9konys\u00e1ghoz vezethet. P\u00e9ld\u00e1ul, ha a hengert a megfelel\u0151 hossz\u00fas\u00e1gra \u00e9s sz\u00f6gre \u00e1ll\u00edtj\u00e1k be, akkor sim\u00e1bban mozoghat, \u00e9s kevesebb energi\u00e1t ig\u00e9nyel a m\u0171k\u00f6dtet\u00e9se, ami energiamegtakar\u00edt\u00e1st \u00e9s jobb termel\u00e9kenys\u00e9get eredm\u00e9nyezhet.<\/p>\n<p>3. <b>Cs\u00f6kkentett karbantart\u00e1si \u00e9s \u00e1ll\u00e1sid\u0151<\/b> \u2013 Az \u00e1ll\u00edthat\u00f3 kengyeles hengerek tart\u00f3sabbak \u00e9s kevesebb karbantart\u00e1st ig\u00e9nyelnek a fix kengyeles hengerekhez k\u00e9pest. Ez az\u00e9rt van, mert kiv\u00e1l\u00f3 min\u0151s\u00e9g\u0171 anyagokb\u00f3l, p\u00e9ld\u00e1ul sz\u00e9nac\u00e9lb\u00f3l \u00e9s rozsdamentes ac\u00e9lb\u00f3l k\u00e9sz\u00fclnek, amelyek ellen\u00e1llnak a kop\u00e1snak \u00e9s a korr\u00f3zi\u00f3nak. Ezenk\u00edv\u00fcl ezeknek a hengereknek az \u00e1ll\u00edthat\u00f3s\u00e1ga lehet\u0151v\u00e9 teszi a k\u00f6nnyebb karbantart\u00e1st, cs\u00f6kkentve az \u00e1ll\u00e1sid\u0151t \u00e9s a jav\u00edt\u00e1si k\u00f6lts\u00e9geket.<\/p>\n<p>4. <b>Tov\u00e1bbfejlesztett biztons\u00e1gi funkci\u00f3k<\/b> \u2013 Az \u00e1ll\u00edthat\u00f3 kengyeles hengerek fokozott biztons\u00e1gi funkci\u00f3kkal vannak felszerelve, amelyek biztons\u00e1gosabb\u00e1 teszik a haszn\u00e1latukat ipari \u00e9s kereskedelmi alkalmaz\u00e1sokban. P\u00e9ld\u00e1ul t\u00falterhel\u00e9s elleni v\u00e9delmi eszk\u00f6z\u00f6kkel is felszerelhet\u0151k, amelyek megakad\u00e1lyozz\u00e1k a maxim\u00e1lis teherb\u00edr\u00e1suk t\u00fall\u00e9p\u00e9s\u00e9t, ami seg\u00edthet megel\u0151zni a munkahelyi baleseteket \u00e9s s\u00e9r\u00fcl\u00e9seket.<\/p>\n<p>\u00d6sszefoglalva, az \u00e1ll\u00edthat\u00f3 kengyeles hengerek sz\u00e1mos el\u0151nnyel rendelkeznek a fix kengyeles hengerekkel szemben, bele\u00e9rtve a nagyobb rugalmass\u00e1got a telep\u00edt\u00e9sben \u00e9s \u00fczemeltet\u00e9sben, a jobb teljes\u00edtm\u00e9nyt \u00e9s hat\u00e9konys\u00e1got, a cs\u00f6kkentett karbantart\u00e1si \u00e9s \u00e1ll\u00e1sid\u0151t, valamint a fokozott biztons\u00e1gi funkci\u00f3kat. Ezek az el\u0151ny\u00f6k kiv\u00e1l\u00f3 v\u00e1laszt\u00e1ss\u00e1 teszik \u0151ket sz\u00e1mos alkalmaz\u00e1sban, bele\u00e9rtve a kiv\u00e1l\u00f3 min\u0151s\u00e9g\u0171, kett\u0151s hat\u00e1s\u00fa h\u00f3eke hidraulikus hengereit is, ahol a pontoss\u00e1g, a tart\u00f3ss\u00e1g \u00e9s a biztons\u00e1g a legfontosabb.<\/p>\n<h3>Az FMP-r\u0151l<\/h3>\n<p>Az FMP egy hidraulikus hengerek gy\u00e1rt\u00e1s\u00e1ra \u00e9s \u00e9rt\u00e9kes\u00edt\u00e9s\u00e9re szakosodott v\u00e1llalat. Az ipar\u00e1gban szerzett sz\u00e9lesk\u00f6r\u0171 tapasztalatunkkal \u00e9s professzion\u00e1lis csapatunkkal elk\u00f6telezettek vagyunk amellett, hogy \u00fcgyfeleinknek kiv\u00e1l\u00f3 min\u0151s\u00e9g\u0171 \u00e9s megb\u00edzhat\u00f3 hidraulikus hengereket biztos\u00edtsunk.<\/p>\n<p><img decoding=\"async\" src=\"https:\/\/fmp-components.com\/wp-content\/uploads\/2024\/12\/Adjustable-Clevis-Type-Cylinders-6.webp\" alt=\"\u00c1ll\u00edthat\u00f3 kengyeles henger\" width=\"840\" title=\"\"><\/p>\n<p>1. Kiv\u00e1l\u00f3 min\u0151s\u00e9g\u0171 term\u00e9kek: Az FMP-n\u00e9l b\u00fcszk\u00e9k vagyunk arra, hogy kiv\u00e1l\u00f3 min\u0151s\u00e9g\u0171, tart\u00f3s hidraulikus hengereket k\u00edn\u00e1lunk. Term\u00e9keink szigor\u00fa min\u0151s\u00e9gellen\u0151rz\u00e9si int\u00e9zked\u00e9seken esnek \u00e1t tart\u00f3ss\u00e1guk \u00e9s teljes\u00edtm\u00e9ny\u00fck biztos\u00edt\u00e1sa \u00e9rdek\u00e9ben.<\/p>\n<p>2. Sz\u00e9lesk\u00f6r\u0171 opci\u00f3k: \u00dcgyfeleink egyedi ig\u00e9nyeinek kiel\u00e9g\u00edt\u00e9s\u00e9re hidraulikus hengerek sz\u00e9les v\u00e1laszt\u00e9k\u00e1t k\u00edn\u00e1ljuk. Ak\u00e1r \u00e1ll\u00edthat\u00f3 kengyeles hengerekre, \u00f6sszek\u00f6t\u0151rudas hengerekre vagy hegesztett hengerekre van sz\u00fcks\u00e9ge, n\u00e1lunk megtal\u00e1lja az \u00d6nnek megfelel\u0151t.<\/p>\n<p>3. Szigor\u00fa min\u0151s\u00e9gi szabv\u00e1nyok: Hossz\u00fa t\u00e1v\u00fa \u00e9s stabil partners\u00e9geket \u00e1polunk j\u00f3 h\u00edr\u0171 besz\u00e1ll\u00edt\u00f3kkal annak \u00e9rdek\u00e9ben, hogy minden hidraulikus henger\u00fcnk megfeleljen a szigor\u00fa min\u0151s\u00e9gi el\u0151\u00edr\u00e1soknak. Minden term\u00e9k\u00fcnk alapos ellen\u0151rz\u00e9sen esik \u00e1t, miel\u0151tt kisz\u00e1ll\u00edtan\u00e1nk \u00fcgyfeleinknek.<\/p>\n<p>4. Szak\u00e9rt\u0151 \u00e9rt\u00e9kes\u00edt\u00e9si csapat: Tapasztalt \u00e9s hozz\u00e1\u00e9rt\u0151 \u00e9rt\u00e9kes\u00edt\u00e9si csapatunk j\u00e1rtas az ipar\u00e1g leg\u00fajabb trendjeiben \u00e9s \u00fcgyf\u00e9lig\u00e9nyeiben. Mindig k\u00e9szen \u00e1llnak professzion\u00e1lis term\u00e9ktan\u00e1csad\u00e1sra \u00e9s intelligens v\u00e1s\u00e1rl\u00e1si javaslatokra az \u00fcgyfelek el\u00e9gedetts\u00e9g\u00e9nek biztos\u00edt\u00e1sa \u00e9rdek\u00e9ben.<\/p>\n<p>5. Hat\u00e9kony logisztikai rendszer: Meg\u00e9rtj\u00fck az id\u0151ben t\u00f6rt\u00e9n\u0151 sz\u00e1ll\u00edt\u00e1s fontoss\u00e1g\u00e1t. Hat\u00e9kony logisztikai eloszt\u00f3rendszer\u00fcnkkel biztos\u00edtjuk, hogy \u00fcgyfeleink gyorsan \u00e9s pontosan megkapj\u00e1k a sz\u00fcks\u00e9ges hidraulikus hengereket.<\/p>\n<p>V\u00e1lassza az FMP-t hidraulikus hengerei ig\u00e9nyeihez, \u00e9s tapasztalja meg a min\u0151s\u00e9get \u00e9s megb\u00edzhat\u00f3s\u00e1got, amely megk\u00fcl\u00f6nb\u00f6ztet minket a versenyt\u00e1rsakt\u00f3l. L\u00e9pjen kapcsolatba vel\u00fcnk m\u00e9g ma, hogy gy\u00fcm\u00f6lcs\u00f6z\u0151 partners\u00e9get kezdhessen.<\/p>\n<p>Szerz\u0151: CX<\/p>","protected":false},"excerpt":{"rendered":"<p>High Quality Double Effect Snow Plow Hydraulic CylinderThe High Quality Double Effect Snow Plow Hydraulic Cylinder is an essential component for any snow plow. With its durable construction and reliable double-effect design, this hydraulic cylinder is built to last. The cylinder is designed to effortlessly move snow to the side of the plow, making snow [&hellip;]<\/p>","protected":false},"featured_media":1525,"comment_status":"closed","ping_status":"closed","template":"","meta":{"_et_pb_use_builder":"","_et_pb_old_content":"","_et_gb_content_width":""},"product_brand":[],"product_cat":[42],"product_tag":[34,44],"class_list":{"0":"post-1524","1":"product","2":"type-product","3":"status-publish","4":"has-post-thumbnail","6":"product_cat-snow-plow-hydraulic-cylinder","7":"product_tag-hydraulic-cylinder","8":"product_tag-snow-plow-hydraulic-cylinder","10":"first","11":"instock","12":"product-type-simple"},"_links":{"self":[{"href":"https:\/\/fmp-components.com\/hu\/wp-json\/wp\/v2\/product\/1524","targetHints":{"allow":["GET"]}}],"collection":[{"href":"https:\/\/fmp-components.com\/hu\/wp-json\/wp\/v2\/product"}],"about":[{"href":"https:\/\/fmp-components.com\/hu\/wp-json\/wp\/v2\/types\/product"}],"replies":[{"embeddable":true,"href":"https:\/\/fmp-components.com\/hu\/wp-json\/wp\/v2\/comments?post=1524"}],"wp:featuredmedia":[{"embeddable":true,"href":"https:\/\/fmp-components.com\/hu\/wp-json\/wp\/v2\/media\/1525"}],"wp:attachment":[{"href":"https:\/\/fmp-components.com\/hu\/wp-json\/wp\/v2\/media?parent=1524"}],"wp:term":[{"taxonomy":"product_brand","embeddable":true,"href":"https:\/\/fmp-components.com\/hu\/wp-json\/wp\/v2\/product_brand?post=1524"},{"taxonomy":"product_cat","embeddable":true,"href":"https:\/\/fmp-components.com\/hu\/wp-json\/wp\/v2\/product_cat?post=1524"},{"taxonomy":"product_tag","embeddable":true,"href":"https:\/\/fmp-components.com\/hu\/wp-json\/wp\/v2\/product_tag?post=1524"}],"curies":[{"name":"munkaf\u00fczet","href":"https:\/\/api.w.org\/{rel}","templated":true}]}}