{"id":1522,"date":"2024-12-23T05:50:37","date_gmt":"2024-12-23T05:50:37","guid":{"rendered":"https:\/\/fmp-components.com\/product\/durable-snow-plow-piston-hydraulic-cylinder-double-acting-hydraulic-cylinder-your-ultimate-machinery-solution\/"},"modified":"2024-12-23T06:19:06","modified_gmt":"2024-12-23T06:19:06","slug":"durable-snow-plow-piston-hydraulic-cylinder-double-acting-hydraulic-cylinder-your-ultimate-machinery-solution","status":"publish","type":"product","link":"https:\/\/fmp-components.com\/hu\/product\/durable-snow-plow-piston-hydraulic-cylinder-double-acting-hydraulic-cylinder-your-ultimate-machinery-solution\/","title":{"rendered":"Tart\u00f3s h\u00f3kotr\u00f3 dugatty\u00fas hidraulikus henger Kett\u0151s m\u0171k\u00f6d\u00e9s\u0171 hidraulikus henger: Az \u00d6n t\u00f6k\u00e9letes g\u00e9p\u00e9szeti megold\u00e1sa"},"content":{"rendered":"<p>Tart\u00f3s h\u00f3eke dugatty\u00fas hidraulikus henger, kett\u0151s m\u0171k\u00f6d\u00e9s\u0171 hidraulikus henger: Az \u00d6n t\u00f6k\u00e9letes megold\u00e1sa g\u00e9p\u00e9szeti feladatokraA tart\u00f3s h\u00f3eke dugatty\u00fas hidraulikus henger, kett\u0151s m\u0171k\u00f6d\u00e9s\u0171 hidraulikus henger a t\u00f6k\u00e9letes megold\u00e1s minden g\u00e9p\u00e9szeti ig\u00e9ny\u00e9re. Ak\u00e1r havat takar\u00edt, ak\u00e1r \u00e9p\u00edtkez\u00e9sen dolgozik, ez a hidraulikus henger kiv\u00e9teles teljes\u00edtm\u00e9nyt \u00e9s tart\u00f3ss\u00e1got biztos\u00edt.<\/p>\n<p>A legmagasabb min\u0151s\u00e9g\u0171 anyagokb\u00f3l k\u00e9sz\u00fclt, ez a hidraulikus henger tart\u00f3s haszn\u00e1latra k\u00e9sz\u00fclt. Kett\u0151s m\u0171k\u00f6d\u00e9s\u0171 kialak\u00edt\u00e1sa sima \u00e9s k\u00f6vetkezetes m\u0171k\u00f6d\u00e9st biztos\u00edt, m\u00edg dugatty\u00fas konstrukci\u00f3ja maxim\u00e1lis teljes\u00edtm\u00e9nyt \u00e9s hat\u00e9konys\u00e1got biztos\u00edt. A 3000 psi maxim\u00e1lis \u00fczemi nyom\u00e1snak k\u00f6sz\u00f6nhet\u0151en ez a hidraulikus henger m\u00e9g a legnehezebb munk\u00e1kat is k\u00f6nnyed\u00e9n elv\u00e9gzi.<\/p>\n<p>De ez m\u00e9g nem minden. A tart\u00f3s h\u00f3eke dugatty\u00fas hidraulikus hengeres kett\u0151s m\u0171k\u00f6d\u00e9s\u0171 hidraulikus hengere hihetetlen\u00fcl sokoldal\u00fa is. Kompakt kialak\u00edt\u00e1s\u00e1nak k\u00f6sz\u00f6nhet\u0151en k\u00f6nnyen felszerelhet\u0151 k\u00fcl\u00f6nf\u00e9le berendez\u00e9sekbe, m\u00edg az \u00e1ll\u00edthat\u00f3 r\u00f6gz\u00edt\u00e9si lehet\u0151s\u00e9gek lehet\u0151v\u00e9 teszik a k\u00f6nny\u0171 testreszab\u00e1st az \u00d6n egyedi ig\u00e9nyeinek megfelel\u0151en.<\/p>\n<p>Teh\u00e1t, ha megb\u00edzhat\u00f3, nagy teljes\u00edtm\u00e9ny\u0171 hidraulikus hengert keres, amely b\u00e1rmit megbirk\u00f3zik, amit csak r\u00e1tesz, ne keressen tov\u00e1bb, mint a Tart\u00f3s H\u00f3ek\u00e9s Dugatty\u00fas Hidraulikus Henger Kett\u0151s M\u0171k\u00f6d\u00e9s\u0171 Hidraulikus Henger. Ez a t\u00f6k\u00e9letes g\u00e9p\u00e9szeti megold\u00e1s mindazok sz\u00e1m\u00e1ra, akik minden alkalommal j\u00f3l szeretn\u00e9k elv\u00e9gezni a munk\u00e1jukat. Ha robusztus, megb\u00edzhat\u00f3 \u00e9s hat\u00e9kony eszk\u00f6zre van sz\u00fcks\u00e9ge a h\u00f3eltakar\u00edt\u00e1shoz, ne keressen tov\u00e1bb, mint a mi... <strong>Tart\u00f3s h\u00f3eke dugatty\u00fas hidraulikus henger kett\u0151s m\u0171k\u00f6d\u00e9s\u0171 hidraulikus henger<\/strong>Ez a kiv\u00e1l\u00f3 min\u0151s\u00e9g\u0171 g\u00e9palkatr\u00e9sz a tart\u00f3ss\u00e1got \u00e9s a hat\u00e9konys\u00e1got szem el\u0151tt tartva k\u00e9sz\u00fclt, \u00edgy t\u00f6k\u00e9letes kieg\u00e9sz\u00edt\u0151je lehet nagy teherb\u00edr\u00e1s\u00fa berendez\u00e9seinek.<br \/>\n<img decoding=\"async\" title=\"H\u00f3eke hidraulikus henger\" src=\"https:\/\/hzpt.com\/wp-content\/uploads\/2023\/11\/Snow-Plow-Hydraulic-Cylinder-2.webp\" alt=\"H\u00f3eke hidraulikus henger\" \/><\/p>\n<h2>Term\u00e9kjellemz\u0151k<\/h2>\n<p>Ez a cs\u00facstechnol\u00f3gi\u00e1s hidraulikus henger sz\u00e1mos olyan tulajdons\u00e1ggal rendelkezik, amelyek megk\u00fcl\u00f6nb\u00f6ztetik a versenyt\u00e1rsakt\u00f3l. \u00cdme n\u00e9h\u00e1ny a legfontosabb jellemz\u0151k k\u00f6z\u00fcl:<\/p>\n<ul>\n<li style=\"list-style-type: none;\">\n<ul>\n<li>\u00daj \u00e1llapotban, 1 \u00e9v garanci\u00e1val<\/li>\n<\/ul>\n<\/li>\n<\/ul>\n<ul>\n<li style=\"list-style-type: none;\">\n<ul>\n<li>K\u00fcl\u00f6nb\u00f6z\u0151 ipar\u00e1gakban alkalmazhat\u00f3, bele\u00e9rtve a g\u00e9pjav\u00edt\u00f3 m\u0171helyeket, a mez\u0151gazdas\u00e1got, az energia- \u00e9s b\u00e1ny\u00e1szatot, a g\u00e9pgy\u00e1rt\u00e1st \u00e9s a g\u00e9pgy\u00e1rakat<\/li>\n<\/ul>\n<\/li>\n<\/ul>\n<ul>\n<li style=\"list-style-type: none;\">\n<ul>\n<li>Standard szerkezet dugatty\u00fas hengeres kialak\u00edt\u00e1ssal<\/li>\n<\/ul>\n<\/li>\n<\/ul>\n<ul>\n<li style=\"list-style-type: none;\">\n<ul>\n<li>Er\u0151teljes hidraulikus teljes\u00edtm\u00e9ny<\/li>\n<\/ul>\n<\/li>\n<\/ul>\n<ul>\n<li style=\"list-style-type: none;\">\n<ul>\n<li>Tart\u00f3s ac\u00e9l test anyag<\/li>\n<\/ul>\n<\/li>\n<\/ul>\n<ul>\n<li style=\"list-style-type: none;\">\n<ul>\n<li>Maxim\u00e1lis tol\u00f3er\u0151 3000 \u00e9s maxim\u00e1lis h\u00faz\u00f3er\u0151 20 tonna<\/li>\n<\/ul>\n<\/li>\n<\/ul>\n<ul>\n<li style=\"list-style-type: none;\">\n<ul>\n<li>ISO9001:2000 tan\u00fas\u00edtv\u00e1ny<\/li>\n<\/ul>\n<\/li>\n<\/ul>\n<h2>Az \u00e1ll\u00edthat\u00f3 kengyeles hengerek el\u0151nyei<\/h2>\n<p>Az \u00e1ll\u00edthat\u00f3 kengyeles hengerek elengedhetetlen alkatr\u00e9szek a hidraulikus g\u00e9pek gy\u00e1rt\u00e1s\u00e1ban. \u00c1ltal\u00e1ban k\u00fcl\u00f6nf\u00e9le g\u00e9pekben haszn\u00e1lj\u00e1k \u0151ket, p\u00e9ld\u00e1ul \u00e9p\u00edt\u0151ipari g\u00e9pekben, mez\u0151gazdas\u00e1gi g\u00e9pekben, b\u00e1ny\u00e1szati \u200b\u200bg\u00e9pekben \u00e9s h\u00f3eltakar\u00edt\u00f3 berendez\u00e9sekben. Ezeket a hengereket \u00fagy tervezt\u00e9k, hogy biztos\u00edts\u00e1k a sz\u00fcks\u00e9ges er\u0151t ezen g\u00e9pek mozg\u00e1s\u00e1hoz.<\/p>\n<p>Ebben a cikkben az \u00e1ll\u00edthat\u00f3 kengyeles hengerek el\u0151nyeit t\u00e1rgyaljuk, \u00e9s azt, hogy mi\u00e9rt jelentik ezek a legjobb g\u00e9p\u00e9szeti megold\u00e1st.<\/p>\n<h3>Tart\u00f3s<\/h3>\n<p>Az \u00e1ll\u00edthat\u00f3 kengyeles hengerek egyik f\u0151 el\u0151nye a tart\u00f3ss\u00e1guk. Kiv\u00e1l\u00f3 min\u0151s\u00e9g\u0171 anyagokb\u00f3l k\u00e9sz\u00fclnek, amelyek ellen\u00e1llnak a sz\u00e9ls\u0151s\u00e9ges h\u0151m\u00e9rs\u00e9kleteknek, nyom\u00e1snak \u00e9s id\u0151j\u00e1r\u00e1si viszonyoknak. Ez ide\u00e1liss\u00e1 teszi \u0151ket olyan zord k\u00f6rnyezetben val\u00f3 haszn\u00e1latra, ahol m\u00e1s t\u00edpus\u00fa hengerek meghib\u00e1sodhatnak.<\/p>\n<p>Ezeknek a hengereknek a tart\u00f3ss\u00e1ga a kett\u0151s m\u0171k\u00f6d\u00e9s\u0171 kialak\u00edt\u00e1suknak is k\u00f6sz\u00f6nhet\u0151. Ez azt jelenti, hogy mindk\u00e9t ir\u00e1nyban k\u00e9pesek er\u0151t kifejteni, \u00edgy hat\u00e9konyabbak \u00e9s cs\u00f6kkentik a kop\u00e1st.<\/p>\n<h3>Hat\u00e9kony m\u0171k\u00f6d\u00e9s<\/h3>\n<p>Az \u00e1ll\u00edthat\u00f3 kengyeles hengerek tov\u00e1bbi el\u0151nye a hat\u00e9kony m\u0171k\u00f6d\u00e9s\u00fck. Ezeket a hengereket \u00fagy tervezt\u00e9k, hogy sima \u00e9s \u00e1lland\u00f3 er\u0151t biztos\u00edtsanak, ami elengedhetetlen a g\u00e9pek m\u0171k\u00f6d\u00e9s\u00e9hez. Ez biztos\u00edtja a g\u00e9p z\u00f6kken\u0151mentes m\u0171k\u00f6d\u00e9s\u00e9t, cs\u00f6kkentve a s\u00e9r\u00fcl\u00e9s vagy meghib\u00e1sod\u00e1s kock\u00e1zat\u00e1t.<\/p>\n<p>Tov\u00e1bb\u00e1 az \u00e1ll\u00edthat\u00f3 kengyeles kialak\u00edt\u00e1s lehet\u0151v\u00e9 teszi a henger l\u00f6ket\u00e9nek pontos be\u00e1ll\u00edt\u00e1s\u00e1t, ami megk\u00f6nny\u00edti a g\u00e9p sebess\u00e9g\u00e9nek \u00e9s erej\u00e9nek szab\u00e1lyoz\u00e1s\u00e1t. Ez jav\u00edthatja a hat\u00e9konys\u00e1got \u00e9s a pontoss\u00e1got k\u00fcl\u00f6nf\u00e9le alkalmaz\u00e1sokban.<\/p>\n<h3>Rugalmass\u00e1g<\/h3>\n<p>Az \u00e1ll\u00edthat\u00f3 kengyeles hengerek rendk\u00edv\u00fcl rugalmasak. K\u00fcl\u00f6nb\u00f6z\u0151 alkalmaz\u00e1sokban haszn\u00e1lhat\u00f3k, a kis g\u00e9pekt\u0151l a nagy ipari berendez\u00e9sekig. K\u00fcl\u00f6nb\u00f6z\u0151 folyad\u00e9kokkal is kompatibilisek, ami alkalmass\u00e1 teszi \u0151ket k\u00fcl\u00f6nb\u00f6z\u0151 k\u00f6rnyezetekben val\u00f3 haszn\u00e1latra.<\/p>\n<p>R\u00e1ad\u00e1sul az \u00e1ll\u00edthat\u00f3 kialak\u00edt\u00e1suknak k\u00f6sz\u00f6nhet\u0151en k\u00f6nnyen testreszabhat\u00f3k az adott ig\u00e9nyekhez. Ez azt jelenti, hogy a k\u00fcl\u00f6nb\u00f6z\u0151 g\u00e9pek \u00e9s alkalmaz\u00e1sok ig\u00e9nyeihez igaz\u00edthat\u00f3k.<\/p>\n<h3>K\u00f6lts\u00e9ghat\u00e9kony<\/h3>\n<p>V\u00e9g\u00fcl, az \u00e1ll\u00edthat\u00f3 kengyeles hengerek k\u00f6lts\u00e9ghat\u00e9konyak. Tart\u00f3snak \u00e9s hat\u00e9konynak tervezt\u00e9k \u0151ket, ami cs\u00f6kkenti a gyakori karbantart\u00e1s vagy csere sz\u00fcks\u00e9gess\u00e9g\u00e9t. Ez hossz\u00fa t\u00e1von jelent\u0151s k\u00f6lts\u00e9gmegtakar\u00edt\u00e1shoz vezethet.<\/p>\n<p>Ezenk\u00edv\u00fcl rugalmass\u00e1guk \u00e9s a k\u00fcl\u00f6nb\u00f6z\u0151 g\u00e9pekkel \u00e9s folyad\u00e9kokkal val\u00f3 kompatibilit\u00e1suk cs\u00f6kkentheti a speci\u00e1lis berendez\u00e9sek sz\u00fcks\u00e9gess\u00e9g\u00e9t, ami szint\u00e9n hozz\u00e1j\u00e1rulhat a k\u00f6lts\u00e9gek cs\u00f6kkent\u00e9s\u00e9hez.<\/p>\n<p>\u00d6sszefoglalva, az \u00e1ll\u00edthat\u00f3 kengyeles hengerek a hidraulikus g\u00e9pek elengedhetetlen alkot\u00f3elemei. Tart\u00f3ss\u00e1guk, hat\u00e9kony m\u0171k\u00f6d\u00e9s\u00fck, rugalmass\u00e1guk \u00e9s k\u00f6lts\u00e9ghat\u00e9konys\u00e1guk teszi \u0151ket a legjobb g\u00e9p\u00e9szeti megold\u00e1ss\u00e1. Teh\u00e1t, ha megb\u00edzhat\u00f3 \u00e9s hat\u00e9kony hidraulikus hengert keres g\u00e9p\u00e9hez, vegye fontol\u00f3ra az \u00e1ll\u00edthat\u00f3 kengyeles hengert. \u00c9s ne feledje a kulcsszavakat: Tart\u00f3s h\u00f3eke dugatty\u00fas hidraulikus henger, kett\u0151s m\u0171k\u00f6d\u00e9s\u0171 hidraulikus henger.<\/p>\n<h3>Az FMP-r\u0151l \u2013 Hidraulikus henger<\/h3>\n<p>Az FMP egy vezet\u0151 v\u00e1llalat, amely \u00e9p\u00edt\u0151ipari g\u00e9palkatr\u00e9szek \u00e9s komplett g\u00e9pek gy\u00e1rt\u00e1s\u00e1ra \u00e9s \u00e9rt\u00e9kes\u00edt\u00e9s\u00e9re specializ\u00e1l\u00f3dott. Sok \u00e9ves ipar\u00e1gi tapasztalattal \u00e9s professzion\u00e1lis csapattal kiv\u00e1l\u00f3 min\u0151s\u00e9g\u0171 \u00e9s megb\u00edzhat\u00f3 \u00e9p\u00edt\u0151ipari g\u00e9p\u00e9szeti megold\u00e1sokat k\u00edn\u00e1lunk \u00fcgyfeleinknek. Az FMP-n\u00e9l sz\u00e9les term\u00e9kv\u00e1laszt\u00e9kot k\u00edn\u00e1lunk, bele\u00e9rtve a hidraulikus hengereket, mez\u0151gazdas\u00e1gi g\u00e9pek sebess\u00e9gv\u00e1lt\u00f3it, bolyg\u00f3kerekes sebess\u00e9gv\u00e1lt\u00f3kat, ipari sebess\u00e9gv\u00e1lt\u00f3kat, mez\u0151gazdas\u00e1gi g\u00e9palkatr\u00e9szeket \u00e9s a hozz\u00e1juk ill\u0151, cs\u00facskateg\u00f3ri\u00e1s tartoz\u00e9kok sorozat\u00e1t.<\/p>\n<p>\u00cdme n\u00e9h\u00e1ny ok, ami\u00e9rt \u00e9rdemes az \u00e1ltalunk k\u00edn\u00e1lt hidraulikus hengereket v\u00e1lasztania:<\/p>\n<p>1. Kiv\u00e1l\u00f3 min\u0151s\u00e9g: Helyi \u00e9s nemzetk\u00f6zi szinten egyar\u00e1nt kiv\u00e1l\u00f3 min\u0151s\u00e9g\u0171 besz\u00e1ll\u00edt\u00f3kkal dolgozunk egy\u00fctt, hogy biztos\u00edtsuk, hogy csak olyan alkatr\u00e9szeket sz\u00e1ll\u00edtsunk, amelyek megfelelnek a szigor\u00fa min\u0151s\u00e9gi el\u0151\u00edr\u00e1soknak. Hidraulikus hengereink tart\u00f3sak, megb\u00edzhat\u00f3ak, \u00e9s \u00fagy lettek tervezve, hogy optim\u00e1lis teljes\u00edtm\u00e9nyt ny\u00fajtsanak a legig\u00e9nyesebb k\u00f6r\u00fclm\u00e9nyek k\u00f6z\u00f6tt is.<\/p>\n<p>2. Professzion\u00e1lis \u00e9rt\u00e9kes\u00edt\u00e9si csapat: \u00c9rt\u00e9kes\u00edt\u00e9si csapatunk tapasztalt \u00e9s k\u00e9pzett szakemberekb\u0151l \u00e1ll, akik m\u00e9lyrehat\u00f3 ismeretekkel rendelkeznek az \u00e9p\u00edt\u0151ipari g\u00e9piparban. Mindig k\u00e9szen \u00e1llnak arra, hogy professzion\u00e1lis term\u00e9ktan\u00e1csad\u00e1ssal \u00e9s intelligens v\u00e1s\u00e1rl\u00e1si javaslatokkal l\u00e1ss\u00e1k el \u00fcgyfeleinket.<\/p>\n<p>3. Hat\u00e9kony logisztikai eloszt\u00e1s: Hat\u00e9kony logisztikai eloszt\u00e1si rendszer\u00fcnk biztos\u00edtja, hogy \u00fcgyfeleink id\u0151ben \u00e9s pontosan megkapj\u00e1k a sz\u00fcks\u00e9ges alkatr\u00e9szeket. Amint leadja rendel\u00e9s\u00e9t n\u00e1lunk, gondoskodunk arr\u00f3l, hogy azt a lehet\u0151 leggyorsabban kisz\u00e1ll\u00edtsuk \u00d6nnek.<\/p>\n<p>4. Testreszabhat\u00f3s\u00e1g: Hidraulikus hengereink nagym\u00e9rt\u00e9kben testreszabhat\u00f3k, \u00e9s \u00fcgyfeleink egyedi ig\u00e9nyeinek \u00e9s k\u00f6vetelm\u00e9nyeinek megfelel\u0151en tudjuk \u0151ket testre szabni. K\u00fcl\u00f6nb\u00f6z\u0151 opci\u00f3kat k\u00edn\u00e1lunk, p\u00e9ld\u00e1ul \u00e1ll\u00edthat\u00f3 kengyeles hengereket, \u00f6sszek\u00f6t\u0151rudas hengereket, hegesztett hengereket \u00e9s egyebeket.<\/p>\n<p>5. Versenyk\u00e9pes \u00e1rak: Az FMP-n\u00e9l versenyk\u00e9pes \u00e1ron k\u00edn\u00e1ljuk term\u00e9keinket. Hissz\u00fck, hogy a kiv\u00e1l\u00f3 min\u0151s\u00e9g\u0171 term\u00e9keknek nem szabad t\u00falzottan magas \u00e1ron lenni\u00fck. C\u00e9lunk, hogy \u00fcgyfeleinknek a lehet\u0151 legjobb \u00e1r-\u00e9rt\u00e9k ar\u00e1nyt ny\u00fajtsuk.<\/p>\n<p>\u00d6sszefoglalva, ha megb\u00edzhat\u00f3 \u00e9s kiv\u00e1l\u00f3 min\u0151s\u00e9g\u0171 hidraulikus hengereket keres, az FMP a legjobb v\u00e1laszt\u00e1s. Term\u00e9keink tart\u00f3sak, megb\u00edzhat\u00f3ak \u00e9s optim\u00e1lis teljes\u00edtm\u00e9nyt ny\u00fajtanak a legig\u00e9nyesebb k\u00f6r\u00fclm\u00e9nyek k\u00f6z\u00f6tt is. L\u00e9pjen kapcsolatba vel\u00fcnk m\u00e9g ma, hogy t\u00f6bbet megtudjon term\u00e9keinkr\u0151l \u00e9s szolg\u00e1ltat\u00e1sainkr\u00f3l.<\/p>\n<p><img decoding=\"async\" src=\"https:\/\/fmp-components.com\/wp-content\/uploads\/2024\/12\/Adjustable-Clevis-Type-Cylinders-6.webp\" alt=\"\u00c1ll\u00edthat\u00f3 kengyeles henger\" width=\"839\" title=\"\"><\/p>\n<h2>GYIK<\/h2>\n<p><img decoding=\"async\" title=\"H\u00f3eke hidraulikus henger\" src=\"https:\/\/hzpt.com\/wp-content\/uploads\/2023\/11\/Snow-Plow-Hydraulic-Cylinder-1.webp\" alt=\"H\u00f3eke hidraulikus henger\" \/><\/p>\n<h3>K: Mennyi a hidraulikus hengerek sz\u00e1ll\u00edt\u00e1si ideje?<\/h3>\n<p>V: Az \u00e1ltal\u00e1nos sz\u00e1ll\u00edt\u00e1si id\u0151 25-35 nap.<\/p>\n<h3>K: K\u00e9rhetek egy mint\u00e1t a term\u00e9k\u00fckb\u0151l?<\/h3>\n<p>V: Igen, k\u00edn\u00e1lunk term\u00e9kmint\u00e1kat, de ezek nem ingyenesek.<\/p>\n<h3>K: Tudsz hidraulikus hengereket gy\u00e1rtani konkr\u00e9t mint\u00e1k vagy m\u0171szaki rajzok szerint?<\/h3>\n<p>V: Igen, a mint\u00e1k vagy m\u0171szaki rajzok alapj\u00e1n tudunk term\u00e9keket gy\u00e1rtani. A form\u00e1kat \u00e9s a szerelv\u00e9nyeket is elk\u00e9sz\u00edtj\u00fck.<br \/>\nSzerz\u0151: CX<\/p>","protected":false},"excerpt":{"rendered":"<p>Durable Snow Plow Piston Hydraulic Cylinder Double Acting Hydraulic Cylinder: Your Ultimate Machinery SolutionThe Durable Snow Plow Piston Hydraulic Cylinder Double Acting Hydraulic Cylinder is the ultimate solution for all your machinery needs. Whether you&#8217;re plowing snow or working on a construction site, this hydraulic cylinder is designed to deliver exceptional performance and durability. Crafted [&hellip;]<\/p>","protected":false},"featured_media":1523,"comment_status":"closed","ping_status":"closed","template":"","meta":{"_et_pb_use_builder":"","_et_pb_old_content":"","_et_gb_content_width":""},"product_brand":[],"product_cat":[42],"product_tag":[34,44],"class_list":{"0":"post-1522","1":"product","2":"type-product","3":"status-publish","4":"has-post-thumbnail","6":"product_cat-snow-plow-hydraulic-cylinder","7":"product_tag-hydraulic-cylinder","8":"product_tag-snow-plow-hydraulic-cylinder","10":"first","11":"instock","12":"product-type-simple"},"_links":{"self":[{"href":"https:\/\/fmp-components.com\/hu\/wp-json\/wp\/v2\/product\/1522","targetHints":{"allow":["GET"]}}],"collection":[{"href":"https:\/\/fmp-components.com\/hu\/wp-json\/wp\/v2\/product"}],"about":[{"href":"https:\/\/fmp-components.com\/hu\/wp-json\/wp\/v2\/types\/product"}],"replies":[{"embeddable":true,"href":"https:\/\/fmp-components.com\/hu\/wp-json\/wp\/v2\/comments?post=1522"}],"wp:featuredmedia":[{"embeddable":true,"href":"https:\/\/fmp-components.com\/hu\/wp-json\/wp\/v2\/media\/1523"}],"wp:attachment":[{"href":"https:\/\/fmp-components.com\/hu\/wp-json\/wp\/v2\/media?parent=1522"}],"wp:term":[{"taxonomy":"product_brand","embeddable":true,"href":"https:\/\/fmp-components.com\/hu\/wp-json\/wp\/v2\/product_brand?post=1522"},{"taxonomy":"product_cat","embeddable":true,"href":"https:\/\/fmp-components.com\/hu\/wp-json\/wp\/v2\/product_cat?post=1522"},{"taxonomy":"product_tag","embeddable":true,"href":"https:\/\/fmp-components.com\/hu\/wp-json\/wp\/v2\/product_tag?post=1522"}],"curies":[{"name":"munkaf\u00fczet","href":"https:\/\/api.w.org\/{rel}","templated":true}]}}