{"id":1518,"date":"2024-12-23T05:50:37","date_gmt":"2024-12-23T05:50:37","guid":{"rendered":"https:\/\/fmp-components.com\/product\/small-2-ton-hydraulic-piston-cylinder-hydraulic-cylinder-for-snow-plow\/"},"modified":"2025-05-10T13:02:44","modified_gmt":"2025-05-10T13:02:44","slug":"small-2-ton-hydraulic-piston-cylinder-hydraulic-cylinder-for-snow-plow","status":"publish","type":"product","link":"https:\/\/fmp-components.com\/hu\/product\/small-2-ton-hydraulic-piston-cylinder-hydraulic-cylinder-for-snow-plow\/","title":{"rendered":"Kis 2 tonn\u00e1s hidraulikus dugatty\u00fas hengeres hidraulikus henger h\u00f3ek\u00e9hez"},"content":{"rendered":"<h2>Kis 2 tonn\u00e1s hidraulikus dugatty\u00fas hengeres hidraulikus henger h\u00f3ek\u00e9hez<\/h2>\n<p>Kis, 2 tonn\u00e1s, hidraulikus dugatty\u00fas hengeres h\u00f3ek\u00e9hez val\u00f3 hidraulikus munkahenger\u00fcnk egy innovat\u00edv \u00e9s megb\u00edzhat\u00f3 hidraulikus munkahenger, amelyet szabv\u00e1nyos dugatty\u00fas hengerszerkezettel \u00e9s hidraulikus teljes\u00edtm\u00e9nnyel terveztek. Ide\u00e1lis kieg\u00e9sz\u00edt\u0151 g\u00e9pjav\u00edt\u00f3 m\u0171helyek, mez\u0151gazdas\u00e1gi \u00fczemek, energia- \u00e9s b\u00e1ny\u00e1szati \u200b\u200bipar\u00e1gak, g\u00e9pgy\u00e1rt\u00e1s \u00e9s gy\u00e1rak sz\u00e1m\u00e1ra. Massz\u00edv ac\u00e9l test\u00e9nek k\u00f6sz\u00f6nhet\u0151en ellen\u00e1ll a neh\u00e9z munkak\u00f6r\u00fclm\u00e9nyeknek, \u00e9s maxim\u00e1lis tol\u00f3er\u0151t \u00e9s h\u00faz\u00f3er\u0151t biztos\u00edt a hat\u00e9kony teljes\u00edtm\u00e9ny \u00e9rdek\u00e9ben.<\/p>\n<h3>Term\u00e9kjellemz\u0151k<\/h3>\n<ul>\n<li>K\u00f6nny\u0171: Mind\u00f6ssze 10 kg<\/li>\n<li>1 \u00e9v garancia<\/li>\n<li>ISO9001:2000 min\u0151s\u00edt\u00e9s\u0171 min\u0151s\u00e9gbiztos\u00edt\u00e1s<\/li>\n<li>A f\u0151 alkatr\u00e9szek k\u00f6z\u00e9 tartozik a csap\u00e1gy \u00e9s a hidraulikus henger<\/li>\n<li>Fekete sz\u00ednben kaphat\u00f3<\/li>\n<li>G\/SAE\/NPT\/M portokkal testreszabhat\u00f3<\/li>\n<\/ul>\n<p><img decoding=\"async\" title=\"H\u00f3eke hidraulikus henger\" src=\"https:\/\/hzpt.com\/wp-content\/uploads\/2023\/11\/Snow-Plow-Hydraulic-Cylinder-2.webp\" alt=\"H\u00f3eke hidraulikus henger\" \/><\/p>\n<h3>M\u00e9retek<\/h3>\n<ul>\n<li>Furatm\u00e9ret: 2-6 h\u00fcvelyk<\/li>\n<li>R\u00fadm\u00e9ret: 1,125-4 h\u00fcvelyk<\/li>\n<li>L\u00f6ketm\u00e9ret: 4-100 h\u00fcvelyk<\/li>\n<li>Csapm\u00e9ret: 0,5-2 h\u00fcvelyk<\/li>\n<\/ul>\n<h3>Teljes\u00edtm\u00e9ny \u00e9s er\u0151<\/h3>\n<p>H\u00f3eke hidraulikus munkahenger\u00fcnket \u00fagy tervezt\u00fck, hogy k\u00f6nnyed\u00e9n kezelje a neh\u00e9z feladatokat, maxim\u00e1lis tol\u00f3ereje 3000 tonna, maxim\u00e1lis h\u00faz\u00f3ereje pedig 20 tonna. T\u00f6k\u00e9letes g\u00e9pjav\u00edt\u00f3 m\u0171helyek, mez\u0151gazdas\u00e1gi \u00fczemek, energia- \u00e9s b\u00e1ny\u00e1szati \u200b\u200bipar\u00e1gak, g\u00e9pgy\u00e1rt\u00e1s \u00e9s gy\u00e1rak sz\u00e1m\u00e1ra.<\/p>\n<h2>Az \u00e1ll\u00edthat\u00f3 kengyeles hengerek el\u0151nyei<\/h2>\n<p>Az \u00e1ll\u00edthat\u00f3 kengyeles hengerek, mint p\u00e9ld\u00e1ul a h\u00f3ek\u00e9hez val\u00f3 kis 2 tonn\u00e1s hidraulikus dugatty\u00fas henger, sz\u00e1mos el\u0151nnyel j\u00e1rnak k\u00fcl\u00f6nf\u00e9le alkalmaz\u00e1sokhoz. Ebben a cikkben r\u00e9szletesen megvizsg\u00e1ljuk ezen hengerek el\u0151nyeit.<\/p>\n<h3>1. Fokozott rugalmass\u00e1g<\/h3>\n<p>Az \u00e1ll\u00edthat\u00f3 kengyeles hengerek egyik legfontosabb el\u0151nye a fokozott rugalmass\u00e1g. Ezek a hengerek k\u00f6nny\u0171 be\u00e1ll\u00edt\u00e1st \u00e9s testreszab\u00e1st tesznek lehet\u0151v\u00e9, \u00edgy alkalmazkodnak a k\u00fcl\u00f6nb\u00f6z\u0151 k\u00f6vetelm\u00e9nyekhez \u00e9s specifik\u00e1ci\u00f3khoz. A kengyel \u00e1ll\u00edthat\u00f3s\u00e1ga nagyobb rugalmass\u00e1got biztos\u00edt a henger k\u00fcl\u00f6nb\u00f6z\u0151 kapcsol\u00f3szerkezetekhez val\u00f3 csatlakoztat\u00e1s\u00e1ban, lehet\u0151v\u00e9 t\u00e9ve a prec\u00edz vez\u00e9rl\u00e9st \u00e9s az optim\u00e1lis teljes\u00edtm\u00e9nyt.<\/p>\n<h3>2. Fokozott hat\u00e9konys\u00e1g<\/h3>\n<p>Az \u00e1ll\u00edthat\u00f3 kengyeles hengereket a hidraulikus rendszerek hat\u00e9konys\u00e1g\u00e1nak jav\u00edt\u00e1s\u00e1ra tervezt\u00e9k. A prec\u00edz be\u00e1ll\u00edt\u00e1snak k\u00f6sz\u00f6nhet\u0151en ezek a hengerek biztos\u00edtj\u00e1k, hogy az er\u0151 a leghat\u00e9konyabb m\u00f3don ker\u00fclj\u00f6n alkalmaz\u00e1sra, minimaliz\u00e1lva az energiavesztes\u00e9get \u00e9s maximaliz\u00e1lva a teljes\u00edtm\u00e9nyt. A kengyeles poz\u00edci\u00f3 finomhangol\u00e1s\u00e1nak k\u00e9pess\u00e9ge biztos\u00edtja, hogy a henger optim\u00e1lis hat\u00e9konys\u00e1ggal m\u0171k\u00f6dj\u00f6n, ami jobb \u00f6sszteljes\u00edtm\u00e9nyt eredm\u00e9nyez.<\/p>\n<h3>3. Fokozott tart\u00f3ss\u00e1g<\/h3>\n<p>Az \u00e1ll\u00edthat\u00f3 kengyeles hengerek tov\u00e1bbi el\u0151nye a fokozott tart\u00f3ss\u00e1guk. Ezeket a hengereket \u00fagy tervezt\u00e9k, hogy ellen\u00e1lljanak a neh\u00e9z alkalmaz\u00e1soknak \u00e9s a zord \u00fczemi k\u00f6r\u00fclm\u00e9nyeknek. A kiv\u00e1l\u00f3 min\u0151s\u00e9g\u0171 anyagok \u00e9s a fejlett gy\u00e1rt\u00e1si technik\u00e1k haszn\u00e1lata biztos\u00edtja, hogy ezek a hengerek ellen\u00e1lljanak a magas nyom\u00e1snak, a sz\u00e9ls\u0151s\u00e9ges h\u0151m\u00e9rs\u00e9kleteknek \u00e9s a korroz\u00edv k\u00f6rnyezetnek. Ez a tart\u00f3ss\u00e1g hosszabb \u00e9lettartamot \u00e9s alacsonyabb karbantart\u00e1si k\u00f6lts\u00e9geket eredm\u00e9nyez.<\/p>\n<h3>4. Prec\u00edz vez\u00e9rl\u00e9s<\/h3>\n<p>Az \u00e1ll\u00edthat\u00f3 kengyeles hengerek prec\u00edz vez\u00e9rl\u00e9st biztos\u00edtanak a kapcsolt mechanizmus mozg\u00e1sa \u00e9s pozicion\u00e1l\u00e1sa felett. A kengyel helyzet\u00e9nek be\u00e1ll\u00edt\u00e1si lehet\u0151s\u00e9ge lehet\u0151v\u00e9 teszi a l\u00f6kethossz \u00e9s a henger \u00e1ltal kifejtett er\u0151 finomhangol\u00e1s\u00e1t. Ez a prec\u00edz vez\u00e9rl\u00e9s kulcsfontoss\u00e1g\u00fa azokn\u00e1l az alkalmaz\u00e1sokn\u00e1l, amelyek pontos pozicion\u00e1l\u00e1st ig\u00e9nyelnek, p\u00e9ld\u00e1ul a h\u00f3ek\u00e9kn\u00e9l. A h\u00f3ek\u00e9hez val\u00f3 kis, 2 tonn\u00e1s hidraulikus dugatty\u00fas hengeres hidraulikus henger haszn\u00e1lat\u00e1val a kezel\u0151k pontosan ir\u00e1ny\u00edthatj\u00e1k az eke mozg\u00e1s\u00e1t, biztos\u00edtva a hat\u00e9kony \u00e9s eredm\u00e9nyes h\u00f3eltakar\u00edt\u00e1st.<\/p>\n<h3>5. Sokoldal\u00fas\u00e1g<\/h3>\n<p>Az \u00e1ll\u00edthat\u00f3 kengyeles hengerek sokoldal\u00fa alkalmaz\u00e1si lehet\u0151s\u00e9geket k\u00edn\u00e1lnak. Ezek a hengerek sz\u00e1mos ipar\u00e1gban \u00e9s alkalmaz\u00e1sban haszn\u00e1lhat\u00f3k, bele\u00e9rtve a mez\u0151gazdas\u00e1got, az \u00e9p\u00edt\u0151iparban, az anyagmozgat\u00e1st \u00e9s egyebeket. \u00c1ll\u00edthat\u00f3 kialak\u00edt\u00e1suk lehet\u0151v\u00e9 teszi a k\u00f6nny\u0171 integr\u00e1ci\u00f3t k\u00fcl\u00f6nf\u00e9le rendszerekbe \u00e9s kapcsol\u00f3szerkezetekbe, \u00edgy sokoldal\u00fa v\u00e1laszt\u00e1st jelentenek a k\u00fcl\u00f6nb\u00f6z\u0151 hidraulikus be\u00e1ll\u00edt\u00e1sokhoz.<\/p>\n<p>\u00d6sszefoglalva, az \u00e1ll\u00edthat\u00f3 kengyeles hengerek, mint p\u00e9ld\u00e1ul a h\u00f3ek\u00e9khez val\u00f3 kis 2 tonn\u00e1s hidraulikus dugatty\u00fas hengeres hidraulikus henger, sz\u00e1mos el\u0151nnyel rendelkeznek. Fokozott rugalmass\u00e1guk, jobb hat\u00e9konys\u00e1guk, fokozott tart\u00f3ss\u00e1guk, prec\u00edz vez\u00e9rl\u00e9s\u00fck \u00e9s sokoldal\u00fas\u00e1guk \u00e9rt\u00e9kes alkatr\u00e9sz\u00e9v\u00e9 teszi \u0151ket a hidraulikus rendszerekben. Ak\u00e1r h\u00f3ek\u00e9kr\u0151l, ak\u00e1r m\u00e1s alkalmaz\u00e1sokr\u00f3l van sz\u00f3, ezek a hengerek biztos\u00edtj\u00e1k a sz\u00fcks\u00e9ges teljes\u00edtm\u00e9nyt \u00e9s megb\u00edzhat\u00f3s\u00e1got.<\/p>\n<h3>Az FMP-r\u0151l<\/h3>\n<p>Az FMP egy vezet\u0151 v\u00e1llalat, amely hidraulikus hengerek gy\u00e1rt\u00e1s\u00e1ra \u00e9s \u00e9rt\u00e9kes\u00edt\u00e9s\u00e9re specializ\u00e1l\u00f3dott. Sok\u00e9ves ipar\u00e1gi tapasztalatunkkal \u00e9s professzion\u00e1lis csapatunkkal elk\u00f6telezettek vagyunk amellett, hogy kiv\u00e1l\u00f3 min\u0151s\u00e9g\u0171 \u00e9s megb\u00edzhat\u00f3 hidraulikus hengereket \u00e9s komplett g\u00e9pi megold\u00e1sokat ny\u00fajtsunk \u00fcgyfeleinknek.<\/p>\n<p><img decoding=\"async\" class=\"aligncenter\" src=\"https:\/\/fmp-components.com\/wp-content\/uploads\/2024\/12\/Adjustable-Clevis-Type-Cylinders-6.webp\" alt=\"\u00c1ll\u00edthat\u00f3 kengyeles henger\" width=\"837\" title=\"\"><\/p>\n<p>\u00cdme term\u00e9keink \u00e9s v\u00e1llalatunk \u00f6t f\u0151 el\u0151nye:<\/p>\n<ol>\n<li>Sz\u00e9lesk\u00f6r\u0171 opci\u00f3k: \u00c1tfog\u00f3 hidraulikus hengerv\u00e1laszt\u00e9kot k\u00edn\u00e1lunk, amelyek alkalmasak az \u00e9p\u00edt\u0151ipari g\u00e9pipar k\u00fcl\u00f6nf\u00e9le alkalmaz\u00e1saihoz. Az \u00e1ll\u00edthat\u00f3 kengyeles hengerekt\u0151l az egy\u00e9b speci\u00e1lis t\u00edpusokig, t\u00f6k\u00e9letes megold\u00e1st k\u00edn\u00e1lunk az \u00d6n egyedi ig\u00e9nyeinek kiel\u00e9g\u00edt\u00e9s\u00e9re.<\/li>\n<li>Kiv\u00e1l\u00f3 min\u0151s\u00e9g: Az FMP-n\u00e9l a min\u0151s\u00e9get helyezz\u00fck el\u0151t\u00e9rbe, \u00e9s biztos\u00edtjuk, hogy minden hidraulikus henger\u00fcnk megfeleljen a szigor\u00fa min\u0151s\u00e9gi el\u0151\u00edr\u00e1soknak. Term\u00e9keinket pr\u00e9mium anyagokb\u00f3l gy\u00e1rtjuk, \u00e9s szigor\u00fa tesztel\u00e9sen es\u00fcnk \u00e1t, hogy garant\u00e1ljuk tart\u00f3ss\u00e1gukat \u00e9s teljes\u00edtm\u00e9ny\u00fcket.<\/li>\n<li>Szak\u00e9rt\u0151 \u00e9rt\u00e9kes\u00edt\u00e9si csapat: Tapasztalt \u00e9rt\u00e9kes\u00edt\u00e9si csapatunk m\u00e9lyrehat\u00f3 ismeretekkel rendelkezik az \u00e9p\u00edt\u0151ipari g\u00e9piparr\u00f3l, naprak\u00e9sz a leg\u00fajabb trendekkel \u00e9s meg\u00e9rti az \u00fcgyfelek ig\u00e9nyeit. K\u00e9szen \u00e1llnak professzion\u00e1lis term\u00e9ktan\u00e1csad\u00e1sra \u00e9s intelligens v\u00e1s\u00e1rl\u00e1si javaslatokra, hogy seg\u00edtsenek \u00d6nnek megalapozott d\u00f6nt\u00e9seket hozni.<\/li>\n<li>Hat\u00e9kony logisztika: Meg\u00e9rtj\u00fck az id\u0151ben t\u00f6rt\u00e9n\u0151 sz\u00e1ll\u00edt\u00e1s fontoss\u00e1g\u00e1t, ez\u00e9rt hat\u00e9kony logisztikai eloszt\u00e1si rendszert hoztunk l\u00e9tre. Ez biztos\u00edtja, hogy \u00fcgyfeleink gyorsan \u00e9s pontosan megkapj\u00e1k a sz\u00fcks\u00e9ges hidraulikus hengereket, minimaliz\u00e1lva az esetleges k\u00e9sedelmeket vagy fennakad\u00e1sokat.<\/li>\n<li>Er\u0151s besz\u00e1ll\u00edt\u00f3i kapcsolatok: A kiv\u00e1l\u00f3 min\u0151s\u00e9g\u0171 belf\u00f6ldi \u00e9s nemzetk\u00f6zi besz\u00e1ll\u00edt\u00f3kkal \u00e1polt hossz\u00fa t\u00e1v\u00fa \u00e9s stabil egy\u00fcttm\u0171k\u00f6d\u00e9si kapcsolatok r\u00e9v\u00e9n a legjobb alkatr\u00e9szeket \u00e9s anyagokat tudjuk beszerezni hidraulikus hengereinkhez. Ez lehet\u0151v\u00e9 teszi sz\u00e1munkra, hogy term\u00e9kpalett\u00e1nk teljes eg\u00e9sz\u00e9ben \u00e1lland\u00f3 min\u0151s\u00e9get \u00e9s teljes\u00edtm\u00e9nyt biztos\u00edtsunk.<\/li>\n<\/ol>\n<p>V\u00e1lassza az FMP-t hidraulikus henger ig\u00e9nyeihez, \u00e9s tapasztalja meg az \u00e1ltalunk ny\u00fajtott megb\u00edzhat\u00f3s\u00e1got \u00e9s kiv\u00e1l\u00f3s\u00e1got. L\u00e9pjen kapcsolatba vel\u00fcnk m\u00e9g ma, hogy megbesz\u00e9lhess\u00fck ig\u00e9nyeit \u00e9s elkezdhess\u00fck sikeres partners\u00e9g\u00fcnket.<\/p>\n<h2>GYIK<\/h2>\n<ol>\n<li><strong>Kereskedelmi v\u00e1llalat vagy gy\u00e1rt\u00f3?<\/strong><br \/>\nMi egy gy\u00e1r vagyunk.<\/li>\n<li><strong>Mennyi a sz\u00e1ll\u00edt\u00e1si id\u0151?<\/strong><br \/>\n\u00c1ltal\u00e1ban 25-35 napr\u00f3l van sz\u00f3.<\/li>\n<li><strong>Biztos\u00edtanak mint\u00e1kat? Ingyenes vagy k\u00fcl\u00f6n fizetend\u0151?<\/strong><br \/>\nIgen, felaj\u00e1nlhatn\u00e1nk a mint\u00e1t, de nem ingyenes.<\/li>\n<\/ol>\n<p><img decoding=\"async\" class=\"aligncenter\" title=\"H\u00f3eke hidraulikus henger\" src=\"https:\/\/hzpt.com\/wp-content\/uploads\/2023\/11\/Snow-Plow-Hydraulic-Cylinder-1.webp\" alt=\"H\u00f3eke hidraulikus henger\" \/><\/p>\n<p>Szerz\u0151: CX<\/p>","protected":false},"excerpt":{"rendered":"<p>Small 2 Ton Hydraulic Piston Cylinder Hydraulic Cylinder for Snow Plow Our Small 2 Ton Hydraulic Piston Cylinder Hydraulic Cylinder for Snow Plow is an innovative and reliable hydraulic cylinder designed with a standard piston cylinder structure and hydraulic power. It is an ideal addition for machinery repair shops, farms, energy &amp; mining industries, machinery [&hellip;]<\/p>","protected":false},"featured_media":1519,"comment_status":"closed","ping_status":"closed","template":"","meta":{"_et_pb_use_builder":"","_et_pb_old_content":"","_et_gb_content_width":""},"product_brand":[],"product_cat":[42],"product_tag":[34,44],"class_list":{"0":"post-1518","1":"product","2":"type-product","3":"status-publish","4":"has-post-thumbnail","6":"product_cat-snow-plow-hydraulic-cylinder","7":"product_tag-hydraulic-cylinder","8":"product_tag-snow-plow-hydraulic-cylinder","10":"first","11":"instock","12":"product-type-simple"},"_links":{"self":[{"href":"https:\/\/fmp-components.com\/hu\/wp-json\/wp\/v2\/product\/1518","targetHints":{"allow":["GET"]}}],"collection":[{"href":"https:\/\/fmp-components.com\/hu\/wp-json\/wp\/v2\/product"}],"about":[{"href":"https:\/\/fmp-components.com\/hu\/wp-json\/wp\/v2\/types\/product"}],"replies":[{"embeddable":true,"href":"https:\/\/fmp-components.com\/hu\/wp-json\/wp\/v2\/comments?post=1518"}],"wp:featuredmedia":[{"embeddable":true,"href":"https:\/\/fmp-components.com\/hu\/wp-json\/wp\/v2\/media\/1519"}],"wp:attachment":[{"href":"https:\/\/fmp-components.com\/hu\/wp-json\/wp\/v2\/media?parent=1518"}],"wp:term":[{"taxonomy":"product_brand","embeddable":true,"href":"https:\/\/fmp-components.com\/hu\/wp-json\/wp\/v2\/product_brand?post=1518"},{"taxonomy":"product_cat","embeddable":true,"href":"https:\/\/fmp-components.com\/hu\/wp-json\/wp\/v2\/product_cat?post=1518"},{"taxonomy":"product_tag","embeddable":true,"href":"https:\/\/fmp-components.com\/hu\/wp-json\/wp\/v2\/product_tag?post=1518"}],"curies":[{"name":"munkaf\u00fczet","href":"https:\/\/api.w.org\/{rel}","templated":true}]}}